{"id":16481,"date":"2023-02-09T00:22:31","date_gmt":"2023-02-08T23:22:31","guid":{"rendered":"https:\/\/www.upjs.sk\/lekarska-fakulta\/fakulta\/organy-fakulty\/pracovne-komisie-vr\/"},"modified":"2025-09-18T08:50:58","modified_gmt":"2025-09-18T07:50:58","slug":"pracovne-komisie-vr","status":"publish","type":"page","link":"https:\/\/www.upjs.sk\/lekarska-fakulta\/fakulta\/organy-fakulty\/vedecka-rada\/pracovne-komisie-vr\/","title":{"rendered":"Pracovn\u00e9 komisie"},"content":{"rendered":"\n<p><strong><u>Etick\u00e1 komisia<\/u><\/strong><\/p>\n\n\n\n<ol class=\"wp-block-list\">\n<li>doc. MUDr. Pavol Joppa, PhD. \u2013&nbsp;<strong>predseda<\/strong><\/li>\n\n\n\n<li>MVDr. Miroslava N\u00e9methov\u00e1, PhD. \u2013&nbsp;<strong>predsedn\u00ed\u010dka EK pre anim\u00e1lne \u0161t\u00fadie<\/strong><\/li>\n\n\n\n<li>RNDr. Darina Petr\u00e1\u0161ov\u00e1, PhD. \u2013&nbsp;<strong>tajomn\u00ed\u010dka<\/strong><\/li>\n\n\n\n<li>prof. MUDr. Viliam Doni\u010d, CSc.<\/li>\n\n\n\n<li>prof. MUDr. Zuzana Gdovinov\u00e1, CSc., FESO, FEAN<\/li>\n\n\n\n<li>prof. MVDr. Monika Hal\u00e1nov\u00e1, PhD.<\/li>\n\n\n\n<li>doc. MVDr. Zuzana Kosteck\u00e1, PhD.<\/li>\n\n\n\n<li>doc. MUDr. Miriam Koz\u00e1rov\u00e1, PhD., MPH<\/li>\n\n\n\n<li>doc. MVDr. Kv\u011btu\u0161e Lov\u00e1sov\u00e1, PhD.<\/li>\n\n\n\n<li>MUDr. Lucia Tomkov\u00e1, PhD.<\/li>\n\n\n\n<li>prof. RNDr. Miroslava Rabajdov\u00e1, PhD.<\/li>\n\n\n\n<li>prof. MUDr. Jozef Rado\u0148ak, CSc., MPH<\/li>\n\n\n\n<li>doc. RNDr. J\u00e1n Sabo, CSc., univer. prof.<\/li>\n\n\n\n<li>doc. MVDr. \u0160tefan T\u00f3th, PhD.<\/li>\n<\/ol>\n\n\n\n<ul class=\"wp-block-list\">\n<li><a href=\"https:\/\/www.upjs.sk\/lekarska-fakulta\/fakulta\/organy-fakulty\/vedecka-rada\/pracovne-komisie-vr\/cinnost-etickej-komisie\/\" class=\"ek-link\">\u010cinnos\u0165 Etickej komisie<\/a><\/li>\n\n\n\n<li><a href=\"https:\/\/www.upjs.sk\/lekarska-fakulta\/fakulta\/organy-fakulty\/vedecka-rada\/pracovne-komisie-vr\/statut-etickej-komisie\/\" class=\"ek-link\">\u0160tat\u00fat Etickej komisie<\/a><\/li>\n<\/ul>\n","protected":false},"excerpt":{"rendered":"<p>Etick\u00e1 komisia<\/p>\n","protected":false},"author":1,"featured_media":0,"parent":16477,"menu_order":1,"comment_status":"closed","ping_status":"closed","template":"","meta":{"_acf_changed":false,"_editorskit_title_hidden":false,"_editorskit_reading_time":1,"_editorskit_is_block_options_detached":false,"_editorskit_block_options_position":"{}","footnotes":""},"categories":[],"tags":[],"class_list":["post-16481","page","type-page","status-publish","hentry"],"acf":{"acf_link_na_externy_obsah":""},"yoast_head":"<!-- This site is optimized with the Yoast SEO plugin v27.2 - https:\/\/yoast.com\/product\/yoast-seo-wordpress\/ -->\n<title>Pracovn\u00e9 komisie - Lek\u00e1rska fakulta | UPJ\u0160<\/title>\n<meta name=\"robots\" content=\"index, follow, max-snippet:-1, max-image-preview:large, max-video-preview:-1\" \/>\n<link rel=\"canonical\" href=\"https:\/\/www.upjs.sk\/lekarska-fakulta\/fakulta\/organy-fakulty\/vedecka-rada\/pracovne-komisie-vr\/\" \/>\n<meta property=\"og:locale\" content=\"sk_SK\" \/>\n<meta property=\"og:type\" content=\"article\" \/>\n<meta property=\"og:title\" content=\"Pracovn\u00e9 komisie - Lek\u00e1rska fakulta | UPJ\u0160\" \/>\n<meta property=\"og:description\" content=\"Etick\u00e1 komisia\" \/>\n<meta property=\"og:url\" content=\"https:\/\/www.upjs.sk\/lekarska-fakulta\/fakulta\/organy-fakulty\/vedecka-rada\/pracovne-komisie-vr\/\" \/>\n<meta property=\"og:site_name\" content=\"Lek\u00e1rska fakulta | UPJ\u0160\" \/>\n<meta property=\"article:modified_time\" content=\"2025-09-18T07:50:58+00:00\" \/>\n<meta name=\"twitter:card\" content=\"summary_large_image\" \/>\n<meta name=\"twitter:label1\" content=\"Predpokladan\u00fd \u010das \u010d\u00edtania\" \/>\n\t<meta name=\"twitter:data1\" content=\"1 min\u00fata\" \/>\n<script type=\"application\/ld+json\" class=\"yoast-schema-graph\">{\"@context\":\"https:\/\/schema.org\",\"@graph\":[{\"@type\":\"WebPage\",\"@id\":\"https:\/\/www.upjs.sk\/lekarska-fakulta\/fakulta\/organy-fakulty\/vedecka-rada\/pracovne-komisie-vr\/\",\"url\":\"https:\/\/www.upjs.sk\/lekarska-fakulta\/fakulta\/organy-fakulty\/vedecka-rada\/pracovne-komisie-vr\/\",\"name\":\"Pracovn\u00e9 komisie - Lek\u00e1rska fakulta | UPJ\u0160\",\"isPartOf\":{\"@id\":\"https:\/\/www.upjs.sk\/lekarska-fakulta\/#website\"},\"datePublished\":\"2023-02-08T23:22:31+00:00\",\"dateModified\":\"2025-09-18T07:50:58+00:00\",\"breadcrumb\":{\"@id\":\"https:\/\/www.upjs.sk\/lekarska-fakulta\/fakulta\/organy-fakulty\/vedecka-rada\/pracovne-komisie-vr\/#breadcrumb\"},\"inLanguage\":\"sk-SK\",\"potentialAction\":[{\"@type\":\"ReadAction\",\"target\":[\"https:\/\/www.upjs.sk\/lekarska-fakulta\/fakulta\/organy-fakulty\/vedecka-rada\/pracovne-komisie-vr\/\"]}]},{\"@type\":\"BreadcrumbList\",\"@id\":\"https:\/\/www.upjs.sk\/lekarska-fakulta\/fakulta\/organy-fakulty\/vedecka-rada\/pracovne-komisie-vr\/#breadcrumb\",\"itemListElement\":[{\"@type\":\"ListItem\",\"position\":1,\"name\":\"Home\",\"item\":\"https:\/\/www.upjs.sk\/lekarska-fakulta\/\"},{\"@type\":\"ListItem\",\"position\":2,\"name\":\"O fakulte\",\"item\":\"https:\/\/www.upjs.sk\/lekarska-fakulta\/fakulta\/\"},{\"@type\":\"ListItem\",\"position\":3,\"name\":\"Org\u00e1ny fakulty\",\"item\":\"https:\/\/www.upjs.sk\/lekarska-fakulta\/fakulta\/organy-fakulty\/\"},{\"@type\":\"ListItem\",\"position\":4,\"name\":\"Vedeck\u00e1 rada\",\"item\":\"https:\/\/www.upjs.sk\/lekarska-fakulta\/fakulta\/organy-fakulty\/vedecka-rada\/\"},{\"@type\":\"ListItem\",\"position\":5,\"name\":\"Pracovn\u00e9 komisie\"}]},{\"@type\":\"WebSite\",\"@id\":\"https:\/\/www.upjs.sk\/lekarska-fakulta\/#website\",\"url\":\"https:\/\/www.upjs.sk\/lekarska-fakulta\/\",\"name\":\"Lek\u00e1rska fakulta | UPJ\u0160\",\"description\":\"\",\"publisher\":{\"@id\":\"https:\/\/www.upjs.sk\/lekarska-fakulta\/#organization\"},\"potentialAction\":[{\"@type\":\"SearchAction\",\"target\":{\"@type\":\"EntryPoint\",\"urlTemplate\":\"https:\/\/www.upjs.sk\/lekarska-fakulta\/?s={search_term_string}\"},\"query-input\":{\"@type\":\"PropertyValueSpecification\",\"valueRequired\":true,\"valueName\":\"search_term_string\"}}],\"inLanguage\":\"sk-SK\"},{\"@type\":\"Organization\",\"@id\":\"https:\/\/www.upjs.sk\/lekarska-fakulta\/#organization\",\"name\":\"Lek\u00e1rska fakulta | UPJ\u0160\",\"url\":\"https:\/\/www.upjs.sk\/lekarska-fakulta\/\",\"logo\":{\"@type\":\"ImageObject\",\"inLanguage\":\"sk-SK\",\"@id\":\"https:\/\/www.upjs.sk\/lekarska-fakulta\/#\/schema\/logo\/image\/\",\"url\":\"https:\/\/www.upjs.sk\/app\/uploads\/sites\/9\/2022\/09\/logo-lekarska-fakulta.png\",\"contentUrl\":\"https:\/\/www.upjs.sk\/app\/uploads\/sites\/9\/2022\/09\/logo-lekarska-fakulta.png\",\"width\":415,\"height\":87,\"caption\":\"Lek\u00e1rska fakulta | UPJ\u0160\"},\"image\":{\"@id\":\"https:\/\/www.upjs.sk\/lekarska-fakulta\/#\/schema\/logo\/image\/\"}}]}<\/script>\n<!-- \/ Yoast SEO plugin. -->","yoast_head_json":{"title":"Pracovn\u00e9 komisie - Lek\u00e1rska fakulta | UPJ\u0160","robots":{"index":"index","follow":"follow","max-snippet":"max-snippet:-1","max-image-preview":"max-image-preview:large","max-video-preview":"max-video-preview:-1"},"canonical":"https:\/\/www.upjs.sk\/lekarska-fakulta\/fakulta\/organy-fakulty\/vedecka-rada\/pracovne-komisie-vr\/","og_locale":"sk_SK","og_type":"article","og_title":"Pracovn\u00e9 komisie - Lek\u00e1rska fakulta | UPJ\u0160","og_description":"Etick\u00e1 komisia","og_url":"https:\/\/www.upjs.sk\/lekarska-fakulta\/fakulta\/organy-fakulty\/vedecka-rada\/pracovne-komisie-vr\/","og_site_name":"Lek\u00e1rska fakulta | UPJ\u0160","article_modified_time":"2025-09-18T07:50:58+00:00","twitter_card":"summary_large_image","twitter_misc":{"Predpokladan\u00fd \u010das \u010d\u00edtania":"1 min\u00fata"},"schema":{"@context":"https:\/\/schema.org","@graph":[{"@type":"WebPage","@id":"https:\/\/www.upjs.sk\/lekarska-fakulta\/fakulta\/organy-fakulty\/vedecka-rada\/pracovne-komisie-vr\/","url":"https:\/\/www.upjs.sk\/lekarska-fakulta\/fakulta\/organy-fakulty\/vedecka-rada\/pracovne-komisie-vr\/","name":"Pracovn\u00e9 komisie - Lek\u00e1rska fakulta | UPJ\u0160","isPartOf":{"@id":"https:\/\/www.upjs.sk\/lekarska-fakulta\/#website"},"datePublished":"2023-02-08T23:22:31+00:00","dateModified":"2025-09-18T07:50:58+00:00","breadcrumb":{"@id":"https:\/\/www.upjs.sk\/lekarska-fakulta\/fakulta\/organy-fakulty\/vedecka-rada\/pracovne-komisie-vr\/#breadcrumb"},"inLanguage":"sk-SK","potentialAction":[{"@type":"ReadAction","target":["https:\/\/www.upjs.sk\/lekarska-fakulta\/fakulta\/organy-fakulty\/vedecka-rada\/pracovne-komisie-vr\/"]}]},{"@type":"BreadcrumbList","@id":"https:\/\/www.upjs.sk\/lekarska-fakulta\/fakulta\/organy-fakulty\/vedecka-rada\/pracovne-komisie-vr\/#breadcrumb","itemListElement":[{"@type":"ListItem","position":1,"name":"Home","item":"https:\/\/www.upjs.sk\/lekarska-fakulta\/"},{"@type":"ListItem","position":2,"name":"O fakulte","item":"https:\/\/www.upjs.sk\/lekarska-fakulta\/fakulta\/"},{"@type":"ListItem","position":3,"name":"Org\u00e1ny fakulty","item":"https:\/\/www.upjs.sk\/lekarska-fakulta\/fakulta\/organy-fakulty\/"},{"@type":"ListItem","position":4,"name":"Vedeck\u00e1 rada","item":"https:\/\/www.upjs.sk\/lekarska-fakulta\/fakulta\/organy-fakulty\/vedecka-rada\/"},{"@type":"ListItem","position":5,"name":"Pracovn\u00e9 komisie"}]},{"@type":"WebSite","@id":"https:\/\/www.upjs.sk\/lekarska-fakulta\/#website","url":"https:\/\/www.upjs.sk\/lekarska-fakulta\/","name":"Lek\u00e1rska fakulta | UPJ\u0160","description":"","publisher":{"@id":"https:\/\/www.upjs.sk\/lekarska-fakulta\/#organization"},"potentialAction":[{"@type":"SearchAction","target":{"@type":"EntryPoint","urlTemplate":"https:\/\/www.upjs.sk\/lekarska-fakulta\/?s={search_term_string}"},"query-input":{"@type":"PropertyValueSpecification","valueRequired":true,"valueName":"search_term_string"}}],"inLanguage":"sk-SK"},{"@type":"Organization","@id":"https:\/\/www.upjs.sk\/lekarska-fakulta\/#organization","name":"Lek\u00e1rska fakulta | UPJ\u0160","url":"https:\/\/www.upjs.sk\/lekarska-fakulta\/","logo":{"@type":"ImageObject","inLanguage":"sk-SK","@id":"https:\/\/www.upjs.sk\/lekarska-fakulta\/#\/schema\/logo\/image\/","url":"https:\/\/www.upjs.sk\/app\/uploads\/sites\/9\/2022\/09\/logo-lekarska-fakulta.png","contentUrl":"https:\/\/www.upjs.sk\/app\/uploads\/sites\/9\/2022\/09\/logo-lekarska-fakulta.png","width":415,"height":87,"caption":"Lek\u00e1rska fakulta | UPJ\u0160"},"image":{"@id":"https:\/\/www.upjs.sk\/lekarska-fakulta\/#\/schema\/logo\/image\/"}}]}},"_links":{"self":[{"href":"https:\/\/www.upjs.sk\/lekarska-fakulta\/wp-json\/wp\/v2\/pages\/16481","targetHints":{"allow":["GET"]}}],"collection":[{"href":"https:\/\/www.upjs.sk\/lekarska-fakulta\/wp-json\/wp\/v2\/pages"}],"about":[{"href":"https:\/\/www.upjs.sk\/lekarska-fakulta\/wp-json\/wp\/v2\/types\/page"}],"author":[{"embeddable":true,"href":"https:\/\/www.upjs.sk\/lekarska-fakulta\/wp-json\/wp\/v2\/users\/1"}],"replies":[{"embeddable":true,"href":"https:\/\/www.upjs.sk\/lekarska-fakulta\/wp-json\/wp\/v2\/comments?post=16481"}],"version-history":[{"count":19,"href":"https:\/\/www.upjs.sk\/lekarska-fakulta\/wp-json\/wp\/v2\/pages\/16481\/revisions"}],"predecessor-version":[{"id":144240,"href":"https:\/\/www.upjs.sk\/lekarska-fakulta\/wp-json\/wp\/v2\/pages\/16481\/revisions\/144240"}],"up":[{"embeddable":true,"href":"https:\/\/www.upjs.sk\/lekarska-fakulta\/wp-json\/wp\/v2\/pages\/16477"}],"wp:attachment":[{"href":"https:\/\/www.upjs.sk\/lekarska-fakulta\/wp-json\/wp\/v2\/media?parent=16481"}],"wp:term":[{"taxonomy":"category","embeddable":true,"href":"https:\/\/www.upjs.sk\/lekarska-fakulta\/wp-json\/wp\/v2\/categories?post=16481"},{"taxonomy":"post_tag","embeddable":true,"href":"https:\/\/www.upjs.sk\/lekarska-fakulta\/wp-json\/wp\/v2\/tags?post=16481"}],"curies":[{"name":"wp","href":"https:\/\/api.w.org\/{rel}","templated":true}]}}