{"id":16484,"date":"2023-02-01T02:47:15","date_gmt":"2023-02-01T01:47:15","guid":{"rendered":"https:\/\/www.upjs.sk\/lekarska-fakulta\/fakulta\/organy-fakulty\/statut-etickej-komisie\/"},"modified":"2025-04-14T13:44:33","modified_gmt":"2025-04-14T12:44:33","slug":"statut-etickej-komisie","status":"publish","type":"page","link":"https:\/\/www.upjs.sk\/lekarska-fakulta\/fakulta\/organy-fakulty\/vedecka-rada\/pracovne-komisie-vr\/statut-etickej-komisie\/","title":{"rendered":"\u0160tat\u00fat Etickej komisie"},"content":{"rendered":"\n<p><\/p>\n\n\n\n<ul class=\"wp-block-list\">\n<li><strong><a href=\"https:\/\/intranet.upjs.sk\/op\/op.Public.php?documentid=9037\">Zlo\u017eenie Etickej komisie UPJ\u0160 LF \u2013 Aktualiz\u00e1cia<\/a><\/strong>\u00a0\u00a0 <br>(aktualiz\u00e1cia 13.11.2023)<\/li>\n\n\n\n<li><strong><a href=\"https:\/\/intranet.upjs.sk\/op\/op.Public.php?documentid=8615\" target=\"_blank\" aria-label=\"Zlo\u017eenie Etickej komisie UPJ\u0160 LF \u2013 Aktualiz\u00e1cia&nbsp; (opens in a new tab)\" rel=\"noreferrer noopener\" class=\"ek-link\">Zlo\u017eenie Etickej komisie UPJ\u0160 LF \u2013 Aktualiz\u00e1cia&nbsp;<\/a><\/strong><br>(aktualiz\u00e1cia 08.11.2022)<\/li>\n\n\n\n<li><strong><a aria-label=\"Zlo\u017eenie Etickej komisie UPJ\u0160 LF \u2013 Aktualiz\u00e1cia (aktualiz\u00e1cia 22.01.2019)\n (opens in a new tab)\" href=\"https:\/\/www.upjs.sk\/app\/uploads\/sites\/9\/2022\/09\/Statut_EK_UPJS_LF_2019akt.pdf\" target=\"_blank\" rel=\"noreferrer noopener\" class=\"ek-link\">Zlo\u017eenie Etickej komisie UPJ\u0160 LF \u2013 Aktualiz\u00e1cia <\/a><br><\/strong>(aktualiz\u00e1cia 22.01.2019)<\/li>\n\n\n\n<li><strong><a href=\"https:\/\/www.upjs.sk\/app\/uploads\/sites\/9\/2022\/09\/Statut_EK_UPJS_LF_2018dodatok.pdf\" class=\"ek-link\">Dodatok k \u0161tat\u00fatu Etickej komisie UPJ\u0160 LF v Ko\u0161iciach pre pr\u00e1cu s laborat\u00f3rnymi zvieratami<\/a><br><\/strong>(aktualiz\u00e1cia 12.06.2018)<\/li>\n\n\n\n<li><a aria-label=\"Zlo\u017eenie Etickej komisie UPJ\u0160 LF \u2013 Aktualiz\u00e1cia\n (opens in a new tab)\" href=\"https:\/\/www.upjs.sk\/app\/uploads\/sites\/9\/2022\/09\/Statut_EK_UPJS_LF_2012akt.pdf\" target=\"_blank\" rel=\"noreferrer noopener\" class=\"ek-link\"><strong>Zlo\u017eenie Etickej komisie UPJ\u0160 LF \u2013 Aktualiz\u00e1cia<br><\/strong><\/a>(aktualiz\u00e1cia 28.03.2012 a&nbsp;12.septembra 2013)<\/li>\n\n\n\n<li><strong><a href=\"https:\/\/www.upjs.sk\/app\/uploads\/sites\/9\/2022\/09\/Statut_EK_UPJS_LF_2013dodatok.pdf\" class=\"ek-link\">Dodatok k \u0161tat\u00fatu Etickej komisie UPJ\u0160 LF v Ko\u0161iciach pre pr\u00e1cu s laborat\u00f3rnymi zvieratami<\/a><br><\/strong>(12. septembra 2013)<\/li>\n\n\n\n<li><strong><a href=\"https:\/\/www.upjs.sk\/app\/uploads\/sites\/9\/2022\/09\/Statut_EK_UPJS_LF_2007.pdf\" class=\"ek-link\">\u0160tat\u00fat Etickej komisie UPJ\u0160 LF<\/a><br><\/strong>(20. j\u00fana 2007)<\/li>\n\n\n\n<li><strong><a href=\"https:\/\/www.upjs.sk\/app\/uploads\/sites\/9\/2022\/09\/Statut_EK_UPJS_LF_2004.pdf\" class=\"ek-link\">\u0160tat\u00fat Etickej komisie UPJ\u0160 LF<\/a><br><\/strong>(3. marca 2004)<\/li>\n<\/ul>\n","protected":false},"excerpt":{"rendered":"","protected":false},"author":1,"featured_media":0,"parent":16481,"menu_order":1,"comment_status":"closed","ping_status":"closed","template":"","meta":{"_acf_changed":false,"_editorskit_title_hidden":false,"_editorskit_reading_time":1,"_editorskit_is_block_options_detached":false,"_editorskit_block_options_position":"{}","footnotes":""},"categories":[],"tags":[],"class_list":["post-16484","page","type-page","status-publish","hentry"],"acf":{"acf_link_na_externy_obsah":""},"yoast_head":"<!-- This site is optimized with the Yoast SEO plugin v27.4 - https:\/\/yoast.com\/product\/yoast-seo-wordpress\/ -->\n<title>\u0160tat\u00fat Etickej komisie - Lek\u00e1rska fakulta | UPJ\u0160<\/title>\n<meta name=\"robots\" content=\"index, follow, max-snippet:-1, max-image-preview:large, max-video-preview:-1\" \/>\n<link rel=\"canonical\" href=\"https:\/\/www.upjs.sk\/lekarska-fakulta\/fakulta\/organy-fakulty\/vedecka-rada\/pracovne-komisie-vr\/statut-etickej-komisie\/\" \/>\n<meta property=\"og:locale\" content=\"sk_SK\" \/>\n<meta property=\"og:type\" content=\"article\" \/>\n<meta property=\"og:title\" content=\"\u0160tat\u00fat Etickej komisie - Lek\u00e1rska fakulta | UPJ\u0160\" \/>\n<meta property=\"og:url\" content=\"https:\/\/www.upjs.sk\/lekarska-fakulta\/fakulta\/organy-fakulty\/vedecka-rada\/pracovne-komisie-vr\/statut-etickej-komisie\/\" \/>\n<meta property=\"og:site_name\" content=\"Lek\u00e1rska fakulta | UPJ\u0160\" \/>\n<meta property=\"article:modified_time\" content=\"2025-04-14T12:44:33+00:00\" \/>\n<meta name=\"twitter:card\" content=\"summary_large_image\" \/>\n<meta name=\"twitter:label1\" content=\"Predpokladan\u00fd \u010das \u010d\u00edtania\" \/>\n\t<meta name=\"twitter:data1\" content=\"1 min\u00fata\" \/>\n<script type=\"application\/ld+json\" class=\"yoast-schema-graph\">{\"@context\":\"https:\\\/\\\/schema.org\",\"@graph\":[{\"@type\":\"WebPage\",\"@id\":\"https:\\\/\\\/www.upjs.sk\\\/lekarska-fakulta\\\/fakulta\\\/organy-fakulty\\\/vedecka-rada\\\/pracovne-komisie-vr\\\/statut-etickej-komisie\\\/\",\"url\":\"https:\\\/\\\/www.upjs.sk\\\/lekarska-fakulta\\\/fakulta\\\/organy-fakulty\\\/vedecka-rada\\\/pracovne-komisie-vr\\\/statut-etickej-komisie\\\/\",\"name\":\"\u0160tat\u00fat Etickej komisie - Lek\u00e1rska fakulta | UPJ\u0160\",\"isPartOf\":{\"@id\":\"https:\\\/\\\/www.upjs.sk\\\/lekarska-fakulta\\\/#website\"},\"datePublished\":\"2023-02-01T01:47:15+00:00\",\"dateModified\":\"2025-04-14T12:44:33+00:00\",\"breadcrumb\":{\"@id\":\"https:\\\/\\\/www.upjs.sk\\\/lekarska-fakulta\\\/fakulta\\\/organy-fakulty\\\/vedecka-rada\\\/pracovne-komisie-vr\\\/statut-etickej-komisie\\\/#breadcrumb\"},\"inLanguage\":\"sk-SK\",\"potentialAction\":[{\"@type\":\"ReadAction\",\"target\":[\"https:\\\/\\\/www.upjs.sk\\\/lekarska-fakulta\\\/fakulta\\\/organy-fakulty\\\/vedecka-rada\\\/pracovne-komisie-vr\\\/statut-etickej-komisie\\\/\"]}]},{\"@type\":\"BreadcrumbList\",\"@id\":\"https:\\\/\\\/www.upjs.sk\\\/lekarska-fakulta\\\/fakulta\\\/organy-fakulty\\\/vedecka-rada\\\/pracovne-komisie-vr\\\/statut-etickej-komisie\\\/#breadcrumb\",\"itemListElement\":[{\"@type\":\"ListItem\",\"position\":1,\"name\":\"Home\",\"item\":\"https:\\\/\\\/www.upjs.sk\\\/lekarska-fakulta\\\/\"},{\"@type\":\"ListItem\",\"position\":2,\"name\":\"O fakulte\",\"item\":\"https:\\\/\\\/www.upjs.sk\\\/lekarska-fakulta\\\/fakulta\\\/\"},{\"@type\":\"ListItem\",\"position\":3,\"name\":\"Org\u00e1ny fakulty\",\"item\":\"https:\\\/\\\/www.upjs.sk\\\/lekarska-fakulta\\\/fakulta\\\/organy-fakulty\\\/\"},{\"@type\":\"ListItem\",\"position\":4,\"name\":\"Vedeck\u00e1 rada\",\"item\":\"https:\\\/\\\/www.upjs.sk\\\/lekarska-fakulta\\\/fakulta\\\/organy-fakulty\\\/vedecka-rada\\\/\"},{\"@type\":\"ListItem\",\"position\":5,\"name\":\"Pracovn\u00e9 komisie\",\"item\":\"https:\\\/\\\/www.upjs.sk\\\/lekarska-fakulta\\\/fakulta\\\/organy-fakulty\\\/vedecka-rada\\\/pracovne-komisie-vr\\\/\"},{\"@type\":\"ListItem\",\"position\":6,\"name\":\"\u0160tat\u00fat Etickej komisie\"}]},{\"@type\":\"WebSite\",\"@id\":\"https:\\\/\\\/www.upjs.sk\\\/lekarska-fakulta\\\/#website\",\"url\":\"https:\\\/\\\/www.upjs.sk\\\/lekarska-fakulta\\\/\",\"name\":\"Lek\u00e1rska fakulta | UPJ\u0160\",\"description\":\"\",\"publisher\":{\"@id\":\"https:\\\/\\\/www.upjs.sk\\\/lekarska-fakulta\\\/#organization\"},\"potentialAction\":[{\"@type\":\"SearchAction\",\"target\":{\"@type\":\"EntryPoint\",\"urlTemplate\":\"https:\\\/\\\/www.upjs.sk\\\/lekarska-fakulta\\\/?s={search_term_string}\"},\"query-input\":{\"@type\":\"PropertyValueSpecification\",\"valueRequired\":true,\"valueName\":\"search_term_string\"}}],\"inLanguage\":\"sk-SK\"},{\"@type\":\"Organization\",\"@id\":\"https:\\\/\\\/www.upjs.sk\\\/lekarska-fakulta\\\/#organization\",\"name\":\"Lek\u00e1rska fakulta | UPJ\u0160\",\"url\":\"https:\\\/\\\/www.upjs.sk\\\/lekarska-fakulta\\\/\",\"logo\":{\"@type\":\"ImageObject\",\"inLanguage\":\"sk-SK\",\"@id\":\"https:\\\/\\\/www.upjs.sk\\\/lekarska-fakulta\\\/#\\\/schema\\\/logo\\\/image\\\/\",\"url\":\"https:\\\/\\\/www.upjs.sk\\\/app\\\/uploads\\\/sites\\\/9\\\/2022\\\/09\\\/logo-lekarska-fakulta.png\",\"contentUrl\":\"https:\\\/\\\/www.upjs.sk\\\/app\\\/uploads\\\/sites\\\/9\\\/2022\\\/09\\\/logo-lekarska-fakulta.png\",\"width\":415,\"height\":87,\"caption\":\"Lek\u00e1rska fakulta | UPJ\u0160\"},\"image\":{\"@id\":\"https:\\\/\\\/www.upjs.sk\\\/lekarska-fakulta\\\/#\\\/schema\\\/logo\\\/image\\\/\"}}]}<\/script>\n<!-- \/ Yoast SEO plugin. -->","yoast_head_json":{"title":"\u0160tat\u00fat Etickej komisie - Lek\u00e1rska fakulta | UPJ\u0160","robots":{"index":"index","follow":"follow","max-snippet":"max-snippet:-1","max-image-preview":"max-image-preview:large","max-video-preview":"max-video-preview:-1"},"canonical":"https:\/\/www.upjs.sk\/lekarska-fakulta\/fakulta\/organy-fakulty\/vedecka-rada\/pracovne-komisie-vr\/statut-etickej-komisie\/","og_locale":"sk_SK","og_type":"article","og_title":"\u0160tat\u00fat Etickej komisie - Lek\u00e1rska fakulta | UPJ\u0160","og_url":"https:\/\/www.upjs.sk\/lekarska-fakulta\/fakulta\/organy-fakulty\/vedecka-rada\/pracovne-komisie-vr\/statut-etickej-komisie\/","og_site_name":"Lek\u00e1rska fakulta | UPJ\u0160","article_modified_time":"2025-04-14T12:44:33+00:00","twitter_card":"summary_large_image","twitter_misc":{"Predpokladan\u00fd \u010das \u010d\u00edtania":"1 min\u00fata"},"schema":{"@context":"https:\/\/schema.org","@graph":[{"@type":"WebPage","@id":"https:\/\/www.upjs.sk\/lekarska-fakulta\/fakulta\/organy-fakulty\/vedecka-rada\/pracovne-komisie-vr\/statut-etickej-komisie\/","url":"https:\/\/www.upjs.sk\/lekarska-fakulta\/fakulta\/organy-fakulty\/vedecka-rada\/pracovne-komisie-vr\/statut-etickej-komisie\/","name":"\u0160tat\u00fat Etickej komisie - Lek\u00e1rska fakulta | UPJ\u0160","isPartOf":{"@id":"https:\/\/www.upjs.sk\/lekarska-fakulta\/#website"},"datePublished":"2023-02-01T01:47:15+00:00","dateModified":"2025-04-14T12:44:33+00:00","breadcrumb":{"@id":"https:\/\/www.upjs.sk\/lekarska-fakulta\/fakulta\/organy-fakulty\/vedecka-rada\/pracovne-komisie-vr\/statut-etickej-komisie\/#breadcrumb"},"inLanguage":"sk-SK","potentialAction":[{"@type":"ReadAction","target":["https:\/\/www.upjs.sk\/lekarska-fakulta\/fakulta\/organy-fakulty\/vedecka-rada\/pracovne-komisie-vr\/statut-etickej-komisie\/"]}]},{"@type":"BreadcrumbList","@id":"https:\/\/www.upjs.sk\/lekarska-fakulta\/fakulta\/organy-fakulty\/vedecka-rada\/pracovne-komisie-vr\/statut-etickej-komisie\/#breadcrumb","itemListElement":[{"@type":"ListItem","position":1,"name":"Home","item":"https:\/\/www.upjs.sk\/lekarska-fakulta\/"},{"@type":"ListItem","position":2,"name":"O fakulte","item":"https:\/\/www.upjs.sk\/lekarska-fakulta\/fakulta\/"},{"@type":"ListItem","position":3,"name":"Org\u00e1ny fakulty","item":"https:\/\/www.upjs.sk\/lekarska-fakulta\/fakulta\/organy-fakulty\/"},{"@type":"ListItem","position":4,"name":"Vedeck\u00e1 rada","item":"https:\/\/www.upjs.sk\/lekarska-fakulta\/fakulta\/organy-fakulty\/vedecka-rada\/"},{"@type":"ListItem","position":5,"name":"Pracovn\u00e9 komisie","item":"https:\/\/www.upjs.sk\/lekarska-fakulta\/fakulta\/organy-fakulty\/vedecka-rada\/pracovne-komisie-vr\/"},{"@type":"ListItem","position":6,"name":"\u0160tat\u00fat Etickej komisie"}]},{"@type":"WebSite","@id":"https:\/\/www.upjs.sk\/lekarska-fakulta\/#website","url":"https:\/\/www.upjs.sk\/lekarska-fakulta\/","name":"Lek\u00e1rska fakulta | UPJ\u0160","description":"","publisher":{"@id":"https:\/\/www.upjs.sk\/lekarska-fakulta\/#organization"},"potentialAction":[{"@type":"SearchAction","target":{"@type":"EntryPoint","urlTemplate":"https:\/\/www.upjs.sk\/lekarska-fakulta\/?s={search_term_string}"},"query-input":{"@type":"PropertyValueSpecification","valueRequired":true,"valueName":"search_term_string"}}],"inLanguage":"sk-SK"},{"@type":"Organization","@id":"https:\/\/www.upjs.sk\/lekarska-fakulta\/#organization","name":"Lek\u00e1rska fakulta | UPJ\u0160","url":"https:\/\/www.upjs.sk\/lekarska-fakulta\/","logo":{"@type":"ImageObject","inLanguage":"sk-SK","@id":"https:\/\/www.upjs.sk\/lekarska-fakulta\/#\/schema\/logo\/image\/","url":"https:\/\/www.upjs.sk\/app\/uploads\/sites\/9\/2022\/09\/logo-lekarska-fakulta.png","contentUrl":"https:\/\/www.upjs.sk\/app\/uploads\/sites\/9\/2022\/09\/logo-lekarska-fakulta.png","width":415,"height":87,"caption":"Lek\u00e1rska fakulta | UPJ\u0160"},"image":{"@id":"https:\/\/www.upjs.sk\/lekarska-fakulta\/#\/schema\/logo\/image\/"}}]}},"_links":{"self":[{"href":"https:\/\/www.upjs.sk\/lekarska-fakulta\/wp-json\/wp\/v2\/pages\/16484","targetHints":{"allow":["GET"]}}],"collection":[{"href":"https:\/\/www.upjs.sk\/lekarska-fakulta\/wp-json\/wp\/v2\/pages"}],"about":[{"href":"https:\/\/www.upjs.sk\/lekarska-fakulta\/wp-json\/wp\/v2\/types\/page"}],"author":[{"embeddable":true,"href":"https:\/\/www.upjs.sk\/lekarska-fakulta\/wp-json\/wp\/v2\/users\/1"}],"replies":[{"embeddable":true,"href":"https:\/\/www.upjs.sk\/lekarska-fakulta\/wp-json\/wp\/v2\/comments?post=16484"}],"version-history":[{"count":6,"href":"https:\/\/www.upjs.sk\/lekarska-fakulta\/wp-json\/wp\/v2\/pages\/16484\/revisions"}],"predecessor-version":[{"id":134380,"href":"https:\/\/www.upjs.sk\/lekarska-fakulta\/wp-json\/wp\/v2\/pages\/16484\/revisions\/134380"}],"up":[{"embeddable":true,"href":"https:\/\/www.upjs.sk\/lekarska-fakulta\/wp-json\/wp\/v2\/pages\/16481"}],"wp:attachment":[{"href":"https:\/\/www.upjs.sk\/lekarska-fakulta\/wp-json\/wp\/v2\/media?parent=16484"}],"wp:term":[{"taxonomy":"category","embeddable":true,"href":"https:\/\/www.upjs.sk\/lekarska-fakulta\/wp-json\/wp\/v2\/categories?post=16484"},{"taxonomy":"post_tag","embeddable":true,"href":"https:\/\/www.upjs.sk\/lekarska-fakulta\/wp-json\/wp\/v2\/tags?post=16484"}],"curies":[{"name":"wp","href":"https:\/\/api.w.org\/{rel}","templated":true}]}}