{"id":16495,"date":"2023-02-01T02:44:29","date_gmt":"2023-02-01T01:44:29","guid":{"rendered":"https:\/\/www.upjs.sk\/lekarska-fakulta\/fakulta\/organy-fakulty\/eticka-komisia\/"},"modified":"2024-11-12T14:53:06","modified_gmt":"2024-11-12T13:53:06","slug":"cinnost-etickej-komisie","status":"publish","type":"page","link":"https:\/\/www.upjs.sk\/lekarska-fakulta\/fakulta\/organy-fakulty\/vedecka-rada\/pracovne-komisie-vr\/cinnost-etickej-komisie\/","title":{"rendered":"\u010cinnos\u0165 Etickej komisie"},"content":{"rendered":"\n<p>Nez\u00e1visl\u00e1 Etick\u00e1 komisia UPJ\u0160 LF v&nbsp;Ko\u0161iciach&nbsp; pri svojej pr\u00e1ci vych\u00e1dza a&nbsp;dodr\u017eiava:<\/p>\n\n\n\n<ul class=\"wp-block-list\">\n<li>etick\u00e9 princ\u00edpy biomedic\u00ednskeho v\u00fdskumu s&nbsp;\u00fa\u010das\u0165ou \u013eudsk\u00fdch subjektov,<\/li>\n\n\n\n<li>etick\u00e9 princ\u00edpy fyziologick\u00e9ho v\u00fdskumu vykon\u00e1van\u00e9ho na zvierat\u00e1ch,<\/li>\n\n\n\n<li>etick\u00e9 princ\u00edpy fyziologick\u00fdch \u0161t\u00fadi\u00ed u&nbsp;\u013eud\u00ed.<\/li>\n<\/ul>\n\n\n\n<p>Etick\u00e1 komisia sa pri vykon\u00e1van\u00ed svojej \u010dinnosti&nbsp;riadi <a href=\"..\/statut-etickej-komisie\" class=\"ek-link\">\u0160tat\u00fatom Etickej komisie UPJ\u0160 LF<\/a>.<\/p>\n\n\n\n<p>Na tejto str\u00e1nke n\u00e1jdete inform\u00e1cie potrebn\u00e9 ku pod\u00e1vaniu \u017eiadosti na&nbsp;schv\u00e1lenie projektov a v\u0161etky dokumenty. V&nbsp;pr\u00edpade ak\u00fdchko\u013evek ot\u00e1zok kontaktujte&nbsp;Etick\u00fa komisiu UPJ\u0160 LF e-mailom: <a href=\"mailto:darina.petrasova@upjs.sk\" class=\"ek-link\">darina.petrasova@upjs.sk<\/a>; <a href=\"mailto:alena.muchova@upjs.sk\" class=\"ek-link\">alena.muchova@upjs.sk<\/a>.<\/p>\n\n\n\n<p>P\u00edsomn\u00e9 stanovisko Etickej komisie UPJ\u0160 LF ozn\u00e1mi \u017eiadate\u013eovi s&nbsp;komplexn\u00fdm pos\u00faden\u00edm projektu do 15 dn\u00ed od prijatia \u017eiadosti, ktor\u00e9 je v&nbsp;s\u00falade s&nbsp;po\u017eiadavkami legislat\u00edvy SR.<\/p>\n\n\n\n<ul class=\"wp-block-list\">\n<li><a href=\"https:\/\/www.upjs.sk\/app\/uploads\/sites\/9\/2023\/11\/Ako-podat-ziadost-Eticka-komisia-UPJS-LF_28.11.2023-1.pdf\" target=\"_blank\" aria-label=\"Ako poda\u0165 \u017eiados\u0165 (opens in a new tab)\" rel=\"noreferrer noopener\" class=\"ek-link\">Ako poda\u0165 \u017eiados\u0165<\/a><\/li>\n\n\n\n<li><a href=\"https:\/\/www.upjs.sk\/app\/uploads\/sites\/9\/2024\/11\/Zakladny-formular-1.doc\" target=\"_blank\" rel=\"noreferrer noopener\">Z\u00e1kladn\u00fd formul\u00e1r<\/a><\/li>\n<\/ul>\n","protected":false},"excerpt":{"rendered":"<p>Nez\u00e1visl\u00e1 Etick\u00e1 komisia UPJ\u0160 LF v&nbsp;Ko\u0161iciach&nbsp; pri svojej pr\u00e1ci vych\u00e1dza a&nbsp;dodr\u017eiava: Etick\u00e1 komisia sa pri vykon\u00e1van\u00ed svojej \u010dinnosti&nbsp;riadi \u0160tat\u00fatom Etickej komisie UPJ\u0160 LF. Na tejto str\u00e1nke n\u00e1jdete inform\u00e1cie potrebn\u00e9 ku pod\u00e1vaniu \u017eiadosti na&nbsp;schv\u00e1lenie projektov a v\u0161etky dokumenty. V&nbsp;pr\u00edpade ak\u00fdchko\u013evek ot\u00e1zok kontaktujte&nbsp;Etick\u00fa komisiu UPJ\u0160 LF e-mailom: darina.petrasova@upjs.sk; alena.muchova@upjs.sk. P\u00edsomn\u00e9 stanovisko Etickej komisie UPJ\u0160 LF ozn\u00e1mi \u017eiadate\u013eovi &hellip; <a href=\"https:\/\/www.upjs.sk\/lekarska-fakulta\/fakulta\/organy-fakulty\/vedecka-rada\/pracovne-komisie-vr\/cinnost-etickej-komisie\/\">\u010c\u00edta\u0165 \u010falej<\/a><\/p>\n","protected":false},"author":1,"featured_media":0,"parent":16481,"menu_order":0,"comment_status":"closed","ping_status":"closed","template":"","meta":{"_acf_changed":false,"_editorskit_title_hidden":false,"_editorskit_reading_time":1,"_editorskit_is_block_options_detached":false,"_editorskit_block_options_position":"{}","footnotes":""},"categories":[],"tags":[],"class_list":["post-16495","page","type-page","status-publish","hentry"],"acf":{"acf_link_na_externy_obsah":""},"yoast_head":"<!-- This site is optimized with the Yoast SEO plugin v27.4 - https:\/\/yoast.com\/product\/yoast-seo-wordpress\/ -->\n<title>\u010cinnos\u0165 Etickej komisie - Lek\u00e1rska fakulta | UPJ\u0160<\/title>\n<meta name=\"robots\" content=\"index, follow, max-snippet:-1, max-image-preview:large, max-video-preview:-1\" \/>\n<link rel=\"canonical\" href=\"https:\/\/www.upjs.sk\/lekarska-fakulta\/fakulta\/organy-fakulty\/vedecka-rada\/pracovne-komisie-vr\/cinnost-etickej-komisie\/\" \/>\n<meta property=\"og:locale\" content=\"sk_SK\" \/>\n<meta property=\"og:type\" content=\"article\" \/>\n<meta property=\"og:title\" content=\"\u010cinnos\u0165 Etickej komisie - Lek\u00e1rska fakulta | UPJ\u0160\" \/>\n<meta property=\"og:description\" content=\"Nez\u00e1visl\u00e1 Etick\u00e1 komisia UPJ\u0160 LF v&nbsp;Ko\u0161iciach&nbsp; pri svojej pr\u00e1ci vych\u00e1dza a&nbsp;dodr\u017eiava: Etick\u00e1 komisia sa pri vykon\u00e1van\u00ed svojej \u010dinnosti&nbsp;riadi \u0160tat\u00fatom Etickej komisie UPJ\u0160 LF. Na tejto str\u00e1nke n\u00e1jdete inform\u00e1cie potrebn\u00e9 ku pod\u00e1vaniu \u017eiadosti na&nbsp;schv\u00e1lenie projektov a v\u0161etky dokumenty. V&nbsp;pr\u00edpade ak\u00fdchko\u013evek ot\u00e1zok kontaktujte&nbsp;Etick\u00fa komisiu UPJ\u0160 LF e-mailom: darina.petrasova@upjs.sk; alena.muchova@upjs.sk. P\u00edsomn\u00e9 stanovisko Etickej komisie UPJ\u0160 LF ozn\u00e1mi \u017eiadate\u013eovi &hellip; \u010c\u00edta\u0165 \u010falej\" \/>\n<meta property=\"og:url\" content=\"https:\/\/www.upjs.sk\/lekarska-fakulta\/fakulta\/organy-fakulty\/vedecka-rada\/pracovne-komisie-vr\/cinnost-etickej-komisie\/\" \/>\n<meta property=\"og:site_name\" content=\"Lek\u00e1rska fakulta | UPJ\u0160\" \/>\n<meta property=\"article:modified_time\" content=\"2024-11-12T13:53:06+00:00\" \/>\n<meta name=\"twitter:card\" content=\"summary_large_image\" \/>\n<meta name=\"twitter:label1\" content=\"Predpokladan\u00fd \u010das \u010d\u00edtania\" \/>\n\t<meta name=\"twitter:data1\" content=\"1 min\u00fata\" \/>\n<script type=\"application\/ld+json\" class=\"yoast-schema-graph\">{\"@context\":\"https:\\\/\\\/schema.org\",\"@graph\":[{\"@type\":\"WebPage\",\"@id\":\"https:\\\/\\\/www.upjs.sk\\\/lekarska-fakulta\\\/fakulta\\\/organy-fakulty\\\/vedecka-rada\\\/pracovne-komisie-vr\\\/cinnost-etickej-komisie\\\/\",\"url\":\"https:\\\/\\\/www.upjs.sk\\\/lekarska-fakulta\\\/fakulta\\\/organy-fakulty\\\/vedecka-rada\\\/pracovne-komisie-vr\\\/cinnost-etickej-komisie\\\/\",\"name\":\"\u010cinnos\u0165 Etickej komisie - Lek\u00e1rska fakulta | UPJ\u0160\",\"isPartOf\":{\"@id\":\"https:\\\/\\\/www.upjs.sk\\\/lekarska-fakulta\\\/#website\"},\"datePublished\":\"2023-02-01T01:44:29+00:00\",\"dateModified\":\"2024-11-12T13:53:06+00:00\",\"breadcrumb\":{\"@id\":\"https:\\\/\\\/www.upjs.sk\\\/lekarska-fakulta\\\/fakulta\\\/organy-fakulty\\\/vedecka-rada\\\/pracovne-komisie-vr\\\/cinnost-etickej-komisie\\\/#breadcrumb\"},\"inLanguage\":\"sk-SK\",\"potentialAction\":[{\"@type\":\"ReadAction\",\"target\":[\"https:\\\/\\\/www.upjs.sk\\\/lekarska-fakulta\\\/fakulta\\\/organy-fakulty\\\/vedecka-rada\\\/pracovne-komisie-vr\\\/cinnost-etickej-komisie\\\/\"]}]},{\"@type\":\"BreadcrumbList\",\"@id\":\"https:\\\/\\\/www.upjs.sk\\\/lekarska-fakulta\\\/fakulta\\\/organy-fakulty\\\/vedecka-rada\\\/pracovne-komisie-vr\\\/cinnost-etickej-komisie\\\/#breadcrumb\",\"itemListElement\":[{\"@type\":\"ListItem\",\"position\":1,\"name\":\"Home\",\"item\":\"https:\\\/\\\/www.upjs.sk\\\/lekarska-fakulta\\\/\"},{\"@type\":\"ListItem\",\"position\":2,\"name\":\"O fakulte\",\"item\":\"https:\\\/\\\/www.upjs.sk\\\/lekarska-fakulta\\\/fakulta\\\/\"},{\"@type\":\"ListItem\",\"position\":3,\"name\":\"Org\u00e1ny fakulty\",\"item\":\"https:\\\/\\\/www.upjs.sk\\\/lekarska-fakulta\\\/fakulta\\\/organy-fakulty\\\/\"},{\"@type\":\"ListItem\",\"position\":4,\"name\":\"Vedeck\u00e1 rada\",\"item\":\"https:\\\/\\\/www.upjs.sk\\\/lekarska-fakulta\\\/fakulta\\\/organy-fakulty\\\/vedecka-rada\\\/\"},{\"@type\":\"ListItem\",\"position\":5,\"name\":\"Pracovn\u00e9 komisie\",\"item\":\"https:\\\/\\\/www.upjs.sk\\\/lekarska-fakulta\\\/fakulta\\\/organy-fakulty\\\/vedecka-rada\\\/pracovne-komisie-vr\\\/\"},{\"@type\":\"ListItem\",\"position\":6,\"name\":\"\u010cinnos\u0165 Etickej komisie\"}]},{\"@type\":\"WebSite\",\"@id\":\"https:\\\/\\\/www.upjs.sk\\\/lekarska-fakulta\\\/#website\",\"url\":\"https:\\\/\\\/www.upjs.sk\\\/lekarska-fakulta\\\/\",\"name\":\"Lek\u00e1rska fakulta | UPJ\u0160\",\"description\":\"\",\"publisher\":{\"@id\":\"https:\\\/\\\/www.upjs.sk\\\/lekarska-fakulta\\\/#organization\"},\"potentialAction\":[{\"@type\":\"SearchAction\",\"target\":{\"@type\":\"EntryPoint\",\"urlTemplate\":\"https:\\\/\\\/www.upjs.sk\\\/lekarska-fakulta\\\/?s={search_term_string}\"},\"query-input\":{\"@type\":\"PropertyValueSpecification\",\"valueRequired\":true,\"valueName\":\"search_term_string\"}}],\"inLanguage\":\"sk-SK\"},{\"@type\":\"Organization\",\"@id\":\"https:\\\/\\\/www.upjs.sk\\\/lekarska-fakulta\\\/#organization\",\"name\":\"Lek\u00e1rska fakulta | UPJ\u0160\",\"url\":\"https:\\\/\\\/www.upjs.sk\\\/lekarska-fakulta\\\/\",\"logo\":{\"@type\":\"ImageObject\",\"inLanguage\":\"sk-SK\",\"@id\":\"https:\\\/\\\/www.upjs.sk\\\/lekarska-fakulta\\\/#\\\/schema\\\/logo\\\/image\\\/\",\"url\":\"https:\\\/\\\/www.upjs.sk\\\/app\\\/uploads\\\/sites\\\/9\\\/2022\\\/09\\\/logo-lekarska-fakulta.png\",\"contentUrl\":\"https:\\\/\\\/www.upjs.sk\\\/app\\\/uploads\\\/sites\\\/9\\\/2022\\\/09\\\/logo-lekarska-fakulta.png\",\"width\":415,\"height\":87,\"caption\":\"Lek\u00e1rska fakulta | UPJ\u0160\"},\"image\":{\"@id\":\"https:\\\/\\\/www.upjs.sk\\\/lekarska-fakulta\\\/#\\\/schema\\\/logo\\\/image\\\/\"}}]}<\/script>\n<!-- \/ Yoast SEO plugin. -->","yoast_head_json":{"title":"\u010cinnos\u0165 Etickej komisie - Lek\u00e1rska fakulta | UPJ\u0160","robots":{"index":"index","follow":"follow","max-snippet":"max-snippet:-1","max-image-preview":"max-image-preview:large","max-video-preview":"max-video-preview:-1"},"canonical":"https:\/\/www.upjs.sk\/lekarska-fakulta\/fakulta\/organy-fakulty\/vedecka-rada\/pracovne-komisie-vr\/cinnost-etickej-komisie\/","og_locale":"sk_SK","og_type":"article","og_title":"\u010cinnos\u0165 Etickej komisie - Lek\u00e1rska fakulta | UPJ\u0160","og_description":"Nez\u00e1visl\u00e1 Etick\u00e1 komisia UPJ\u0160 LF v&nbsp;Ko\u0161iciach&nbsp; pri svojej pr\u00e1ci vych\u00e1dza a&nbsp;dodr\u017eiava: Etick\u00e1 komisia sa pri vykon\u00e1van\u00ed svojej \u010dinnosti&nbsp;riadi \u0160tat\u00fatom Etickej komisie UPJ\u0160 LF. Na tejto str\u00e1nke n\u00e1jdete inform\u00e1cie potrebn\u00e9 ku pod\u00e1vaniu \u017eiadosti na&nbsp;schv\u00e1lenie projektov a v\u0161etky dokumenty. V&nbsp;pr\u00edpade ak\u00fdchko\u013evek ot\u00e1zok kontaktujte&nbsp;Etick\u00fa komisiu UPJ\u0160 LF e-mailom: darina.petrasova@upjs.sk; alena.muchova@upjs.sk. P\u00edsomn\u00e9 stanovisko Etickej komisie UPJ\u0160 LF ozn\u00e1mi \u017eiadate\u013eovi &hellip; \u010c\u00edta\u0165 \u010falej","og_url":"https:\/\/www.upjs.sk\/lekarska-fakulta\/fakulta\/organy-fakulty\/vedecka-rada\/pracovne-komisie-vr\/cinnost-etickej-komisie\/","og_site_name":"Lek\u00e1rska fakulta | UPJ\u0160","article_modified_time":"2024-11-12T13:53:06+00:00","twitter_card":"summary_large_image","twitter_misc":{"Predpokladan\u00fd \u010das \u010d\u00edtania":"1 min\u00fata"},"schema":{"@context":"https:\/\/schema.org","@graph":[{"@type":"WebPage","@id":"https:\/\/www.upjs.sk\/lekarska-fakulta\/fakulta\/organy-fakulty\/vedecka-rada\/pracovne-komisie-vr\/cinnost-etickej-komisie\/","url":"https:\/\/www.upjs.sk\/lekarska-fakulta\/fakulta\/organy-fakulty\/vedecka-rada\/pracovne-komisie-vr\/cinnost-etickej-komisie\/","name":"\u010cinnos\u0165 Etickej komisie - Lek\u00e1rska fakulta | UPJ\u0160","isPartOf":{"@id":"https:\/\/www.upjs.sk\/lekarska-fakulta\/#website"},"datePublished":"2023-02-01T01:44:29+00:00","dateModified":"2024-11-12T13:53:06+00:00","breadcrumb":{"@id":"https:\/\/www.upjs.sk\/lekarska-fakulta\/fakulta\/organy-fakulty\/vedecka-rada\/pracovne-komisie-vr\/cinnost-etickej-komisie\/#breadcrumb"},"inLanguage":"sk-SK","potentialAction":[{"@type":"ReadAction","target":["https:\/\/www.upjs.sk\/lekarska-fakulta\/fakulta\/organy-fakulty\/vedecka-rada\/pracovne-komisie-vr\/cinnost-etickej-komisie\/"]}]},{"@type":"BreadcrumbList","@id":"https:\/\/www.upjs.sk\/lekarska-fakulta\/fakulta\/organy-fakulty\/vedecka-rada\/pracovne-komisie-vr\/cinnost-etickej-komisie\/#breadcrumb","itemListElement":[{"@type":"ListItem","position":1,"name":"Home","item":"https:\/\/www.upjs.sk\/lekarska-fakulta\/"},{"@type":"ListItem","position":2,"name":"O fakulte","item":"https:\/\/www.upjs.sk\/lekarska-fakulta\/fakulta\/"},{"@type":"ListItem","position":3,"name":"Org\u00e1ny fakulty","item":"https:\/\/www.upjs.sk\/lekarska-fakulta\/fakulta\/organy-fakulty\/"},{"@type":"ListItem","position":4,"name":"Vedeck\u00e1 rada","item":"https:\/\/www.upjs.sk\/lekarska-fakulta\/fakulta\/organy-fakulty\/vedecka-rada\/"},{"@type":"ListItem","position":5,"name":"Pracovn\u00e9 komisie","item":"https:\/\/www.upjs.sk\/lekarska-fakulta\/fakulta\/organy-fakulty\/vedecka-rada\/pracovne-komisie-vr\/"},{"@type":"ListItem","position":6,"name":"\u010cinnos\u0165 Etickej komisie"}]},{"@type":"WebSite","@id":"https:\/\/www.upjs.sk\/lekarska-fakulta\/#website","url":"https:\/\/www.upjs.sk\/lekarska-fakulta\/","name":"Lek\u00e1rska fakulta | UPJ\u0160","description":"","publisher":{"@id":"https:\/\/www.upjs.sk\/lekarska-fakulta\/#organization"},"potentialAction":[{"@type":"SearchAction","target":{"@type":"EntryPoint","urlTemplate":"https:\/\/www.upjs.sk\/lekarska-fakulta\/?s={search_term_string}"},"query-input":{"@type":"PropertyValueSpecification","valueRequired":true,"valueName":"search_term_string"}}],"inLanguage":"sk-SK"},{"@type":"Organization","@id":"https:\/\/www.upjs.sk\/lekarska-fakulta\/#organization","name":"Lek\u00e1rska fakulta | UPJ\u0160","url":"https:\/\/www.upjs.sk\/lekarska-fakulta\/","logo":{"@type":"ImageObject","inLanguage":"sk-SK","@id":"https:\/\/www.upjs.sk\/lekarska-fakulta\/#\/schema\/logo\/image\/","url":"https:\/\/www.upjs.sk\/app\/uploads\/sites\/9\/2022\/09\/logo-lekarska-fakulta.png","contentUrl":"https:\/\/www.upjs.sk\/app\/uploads\/sites\/9\/2022\/09\/logo-lekarska-fakulta.png","width":415,"height":87,"caption":"Lek\u00e1rska fakulta | UPJ\u0160"},"image":{"@id":"https:\/\/www.upjs.sk\/lekarska-fakulta\/#\/schema\/logo\/image\/"}}]}},"_links":{"self":[{"href":"https:\/\/www.upjs.sk\/lekarska-fakulta\/wp-json\/wp\/v2\/pages\/16495","targetHints":{"allow":["GET"]}}],"collection":[{"href":"https:\/\/www.upjs.sk\/lekarska-fakulta\/wp-json\/wp\/v2\/pages"}],"about":[{"href":"https:\/\/www.upjs.sk\/lekarska-fakulta\/wp-json\/wp\/v2\/types\/page"}],"author":[{"embeddable":true,"href":"https:\/\/www.upjs.sk\/lekarska-fakulta\/wp-json\/wp\/v2\/users\/1"}],"replies":[{"embeddable":true,"href":"https:\/\/www.upjs.sk\/lekarska-fakulta\/wp-json\/wp\/v2\/comments?post=16495"}],"version-history":[{"count":11,"href":"https:\/\/www.upjs.sk\/lekarska-fakulta\/wp-json\/wp\/v2\/pages\/16495\/revisions"}],"predecessor-version":[{"id":123669,"href":"https:\/\/www.upjs.sk\/lekarska-fakulta\/wp-json\/wp\/v2\/pages\/16495\/revisions\/123669"}],"up":[{"embeddable":true,"href":"https:\/\/www.upjs.sk\/lekarska-fakulta\/wp-json\/wp\/v2\/pages\/16481"}],"wp:attachment":[{"href":"https:\/\/www.upjs.sk\/lekarska-fakulta\/wp-json\/wp\/v2\/media?parent=16495"}],"wp:term":[{"taxonomy":"category","embeddable":true,"href":"https:\/\/www.upjs.sk\/lekarska-fakulta\/wp-json\/wp\/v2\/categories?post=16495"},{"taxonomy":"post_tag","embeddable":true,"href":"https:\/\/www.upjs.sk\/lekarska-fakulta\/wp-json\/wp\/v2\/tags?post=16495"}],"curies":[{"name":"wp","href":"https:\/\/api.w.org\/{rel}","templated":true}]}}