{"id":16512,"date":"2012-12-06T10:31:27","date_gmt":"2012-12-06T10:31:27","guid":{"rendered":"https:\/\/www.upjs.sk\/lekarska-fakulta\/fakulta\/zo-zivota-fakulty\/oceneni-2009-2010\/"},"modified":"2023-01-20T15:26:08","modified_gmt":"2023-01-20T14:26:08","slug":"oceneni-2009-2010","status":"publish","type":"page","link":"https:\/\/www.upjs.sk\/lekarska-fakulta\/fakulta\/zo-zivota-fakulty\/oceneni-2009-2010\/","title":{"rendered":"Ocenen\u00ed \u0161tudenti a zamestnanci UPJ\u0160 LF v AR 2009\/2010"},"content":{"rendered":"\n<p><strong>Ocenen\u00fdm zamestnancom a \u0161tudentom Lek\u00e1rskej fakulty Univerzity Pavla Jozefa \u0160af\u00e1rika v Ko\u0161iciach srde\u010dne blaho\u017eel\u00e1me !<\/strong><\/p>\n\n\n\n<div class=\"wp-block-columns is-style-gapless is-layout-flex wp-container-core-columns-is-layout-9d6595d7 wp-block-columns-is-layout-flex\">\n<div class=\"wp-block-column is-content-justification-left is-layout-constrained wp-container-core-column-is-layout-8c890d92 wp-block-column-is-layout-constrained\" style=\"flex-basis:250px\"><style>.kb-image_c16398-ad .kb-image-has-overlay:after{opacity:0.3;}<\/style>\n<div class=\"wp-block-kadence-image kb-image_c16398-ad\"><figure class=\"alignleft size-large\"><img loading=\"lazy\" decoding=\"async\" width=\"741\" height=\"1024\" src=\"https:\/\/www.upjs.sk\/app\/uploads\/sites\/9\/2022\/10\/Pallayova-ERS-Fellows-741x1024.jpg\" alt=\"\" class=\"kb-img wp-image-27186\" srcset=\"https:\/\/www.upjs.sk\/app\/uploads\/sites\/9\/2022\/10\/Pallayova-ERS-Fellows-741x1024.jpg 741w, https:\/\/www.upjs.sk\/app\/uploads\/sites\/9\/2022\/10\/Pallayova-ERS-Fellows-217x300.jpg 217w, https:\/\/www.upjs.sk\/app\/uploads\/sites\/9\/2022\/10\/Pallayova-ERS-Fellows-768x1061.jpg 768w, https:\/\/www.upjs.sk\/app\/uploads\/sites\/9\/2022\/10\/Pallayova-ERS-Fellows.jpg 938w\" sizes=\"auto, (max-width: 741px) 100vw, 741px\" \/><\/figure><\/div>\n<\/div>\n\n\n\n<div class=\"wp-block-column is-vertically-aligned-bottom is-layout-flow wp-block-column-is-layout-flow\" style=\"flex-basis:75%\">\n<p><strong>MUDr. M\u00e1ria Pallayov\u00e1, PhD.<\/strong><\/p>\n\n\n\n<p>\u010cestn\u00e9 \u010dlenstvo v asoci\u00e1cii ERS Fellows (23.08.2010) &#8211; za absolvovanie European Respiratory Society International Long Term Research Fellowship.<\/p>\n<\/div>\n<\/div>\n\n\n\n<div class=\"wp-block-columns is-style-gapless is-layout-flex wp-container-core-columns-is-layout-9d6595d7 wp-block-columns-is-layout-flex\">\n<div class=\"wp-block-column is-content-justification-left is-layout-constrained wp-container-core-column-is-layout-8c890d92 wp-block-column-is-layout-constrained\" style=\"flex-basis:250px\"><style>.kb-image_94799f-c1 .kb-image-has-overlay:after{opacity:0.3;}<\/style>\n<div class=\"wp-block-kadence-image kb-image_94799f-c1\"><figure class=\"alignleft size-large\"><img loading=\"lazy\" decoding=\"async\" width=\"739\" height=\"1024\" src=\"https:\/\/www.upjs.sk\/app\/uploads\/sites\/9\/2022\/10\/Maretta-739x1024.jpg\" alt=\"\" class=\"kb-img wp-image-27166\" srcset=\"https:\/\/www.upjs.sk\/app\/uploads\/sites\/9\/2022\/10\/Maretta-739x1024.jpg 739w, https:\/\/www.upjs.sk\/app\/uploads\/sites\/9\/2022\/10\/Maretta-216x300.jpg 216w, https:\/\/www.upjs.sk\/app\/uploads\/sites\/9\/2022\/10\/Maretta-768x1064.jpg 768w, https:\/\/www.upjs.sk\/app\/uploads\/sites\/9\/2022\/10\/Maretta-1108x1536.jpg 1108w, https:\/\/www.upjs.sk\/app\/uploads\/sites\/9\/2022\/10\/Maretta-1478x2048.jpg 1478w, https:\/\/www.upjs.sk\/app\/uploads\/sites\/9\/2022\/10\/Maretta.jpg 1684w\" sizes=\"auto, (max-width: 739px) 100vw, 739px\" \/><\/figure><\/div>\n<\/div>\n\n\n\n<div class=\"wp-block-column is-vertically-aligned-bottom is-layout-flow wp-block-column-is-layout-flow\" style=\"flex-basis:75%\">\n<p><strong>Milan Maretta, Martin Bujdo\u0161, Juraj Gajdo\u0161, \u0160tefan T\u00f3th<\/strong><\/p>\n\n\n\n<p>\u0161tudenti zapojen\u00ed do \u0160VO\u010c pod veden\u00edm prof. MVDr. Mikul\u00e1\u0161a Pomfyho, CSc.<sup>\u2020<\/sup>, MVDr. \u0160tefana T\u00f3tha, PhD., MUDr. J\u00e1na Vargu a MUDr. Pavla Sta\u0161ka<\/p>\n\n\n\n<p>5<sup>th<\/sup> International Medical Students\u00b4 Congress, Novi Sad, Srbsko, 15. \u2013 18. j\u00fal 2010<br>1. miesto, Basic Science session<\/p>\n<\/div>\n<\/div>\n\n\n\n<div class=\"wp-block-columns is-style-gapless is-layout-flex wp-container-core-columns-is-layout-9d6595d7 wp-block-columns-is-layout-flex\">\n<div class=\"wp-block-column is-content-justification-left is-layout-constrained wp-container-core-column-is-layout-8c890d92 wp-block-column-is-layout-constrained\" style=\"flex-basis:250px\"><style>.kb-image_45036b-0c .kb-image-has-overlay:after{opacity:0.3;}<\/style>\n<div class=\"wp-block-kadence-image kb-image_45036b-0c\"><figure class=\"alignleft size-large\"><img loading=\"lazy\" decoding=\"async\" width=\"1024\" height=\"783\" src=\"https:\/\/www.upjs.sk\/app\/uploads\/sites\/9\/2022\/10\/Pallayova-Johns-Hopkins-University-1024x783.jpg\" alt=\"\" class=\"kb-img wp-image-27185\" srcset=\"https:\/\/www.upjs.sk\/app\/uploads\/sites\/9\/2022\/10\/Pallayova-Johns-Hopkins-University-1024x783.jpg 1024w, https:\/\/www.upjs.sk\/app\/uploads\/sites\/9\/2022\/10\/Pallayova-Johns-Hopkins-University-300x229.jpg 300w, https:\/\/www.upjs.sk\/app\/uploads\/sites\/9\/2022\/10\/Pallayova-Johns-Hopkins-University-768x587.jpg 768w, https:\/\/www.upjs.sk\/app\/uploads\/sites\/9\/2022\/10\/Pallayova-Johns-Hopkins-University.jpg 1242w\" sizes=\"auto, (max-width: 1024px) 100vw, 1024px\" \/><\/figure><\/div>\n<\/div>\n\n\n\n<div class=\"wp-block-column is-vertically-aligned-bottom is-layout-flow wp-block-column-is-layout-flow\" style=\"flex-basis:75%\">\n<p><strong>MUDr. M\u00e1ria Pallayov\u00e1, PhD.<\/strong><\/p>\n\n\n\n<p>Certifik\u00e1t absolvovania st\u00e1\u017ee &#8211; Johns Hopkins University, Baltimore, MD, USA, 10.11.2008 &#8211; 30.06.2010.<\/p>\n<\/div>\n<\/div>\n\n\n\n<div class=\"wp-block-columns is-style-gapless is-layout-flex wp-container-core-columns-is-layout-9d6595d7 wp-block-columns-is-layout-flex\">\n<div class=\"wp-block-column is-content-justification-left is-layout-constrained wp-container-core-column-is-layout-8c890d92 wp-block-column-is-layout-constrained\" style=\"flex-basis:250px\"><style>.kb-image_b93650-10 .kb-image-has-overlay:after{opacity:0.3;}<\/style>\n<div class=\"wp-block-kadence-image kb-image_b93650-10\"><figure class=\"alignleft size-large\"><img loading=\"lazy\" decoding=\"async\" width=\"734\" height=\"1024\" src=\"https:\/\/www.upjs.sk\/app\/uploads\/sites\/9\/2022\/10\/Certifikat-Steffekova-734x1024.jpg\" alt=\"\" class=\"kb-img wp-image-27165\" srcset=\"https:\/\/www.upjs.sk\/app\/uploads\/sites\/9\/2022\/10\/Certifikat-Steffekova-734x1024.jpg 734w, https:\/\/www.upjs.sk\/app\/uploads\/sites\/9\/2022\/10\/Certifikat-Steffekova-215x300.jpg 215w, https:\/\/www.upjs.sk\/app\/uploads\/sites\/9\/2022\/10\/Certifikat-Steffekova-768x1071.jpg 768w, https:\/\/www.upjs.sk\/app\/uploads\/sites\/9\/2022\/10\/Certifikat-Steffekova-1102x1536.jpg 1102w, https:\/\/www.upjs.sk\/app\/uploads\/sites\/9\/2022\/10\/Certifikat-Steffekova-1469x2048.jpg 1469w, https:\/\/www.upjs.sk\/app\/uploads\/sites\/9\/2022\/10\/Certifikat-Steffekova.jpg 1664w\" sizes=\"auto, (max-width: 734px) 100vw, 734px\" \/><\/figure><\/div>\n<\/div>\n\n\n\n<div class=\"wp-block-column is-vertically-aligned-bottom is-layout-flow wp-block-column-is-layout-flow\" style=\"flex-basis:75%\">\n<p><strong>MVDr. Zuzana \u0160teffekov\u00e1<\/strong><\/p>\n\n\n\n<p>denn\u00e1 \u0161tudentka doktorandsk\u00e9ho \u0161t\u00fadia v \u0161tudijnom odbore 7.1.25 Klinick\u00e1 bioch\u00e9mia na \u00dastave lek\u00e1rskej ch\u00e9mie, bioch\u00e9mie, klinickej bioch\u00e9mie UPJ\u0160 LF a Labmed, a. s. v Ko\u0161iciach<\/p>\n\n\n\n<p>2. miesto v S\u00fa\u0165a\u017ei mlad\u00fdch onkol\u00f3gov o najlep\u0161iu pr\u00e1cu v oblasti onkologick\u00e9ho v\u00fdskumu, kateg\u00f3ria Mlad\u00fd v\u00fdskumn\u00edk do 35 rokov, Bratislava, 10. marca 2010<\/p>\n<\/div>\n<\/div>\n\n\n\n<div class=\"wp-block-columns is-style-gapless is-layout-flex wp-container-core-columns-is-layout-9d6595d7 wp-block-columns-is-layout-flex\">\n<div class=\"wp-block-column is-content-justification-left is-layout-constrained wp-container-core-column-is-layout-8c890d92 wp-block-column-is-layout-constrained\" style=\"flex-basis:250px\"><style>.kb-image_be83a2-c5 .kb-image-has-overlay:after{opacity:0.3;}<\/style>\n<div class=\"wp-block-kadence-image kb-image_be83a2-c5\"><figure class=\"alignleft size-large\"><img loading=\"lazy\" decoding=\"async\" width=\"740\" height=\"1024\" src=\"https:\/\/www.upjs.sk\/app\/uploads\/sites\/9\/2022\/10\/Diplom-Stasko-740x1024.jpg\" alt=\"\" class=\"kb-img wp-image-27164\" srcset=\"https:\/\/www.upjs.sk\/app\/uploads\/sites\/9\/2022\/10\/Diplom-Stasko-740x1024.jpg 740w, https:\/\/www.upjs.sk\/app\/uploads\/sites\/9\/2022\/10\/Diplom-Stasko-217x300.jpg 217w, https:\/\/www.upjs.sk\/app\/uploads\/sites\/9\/2022\/10\/Diplom-Stasko-768x1063.jpg 768w, https:\/\/www.upjs.sk\/app\/uploads\/sites\/9\/2022\/10\/Diplom-Stasko-1109x1536.jpg 1109w, https:\/\/www.upjs.sk\/app\/uploads\/sites\/9\/2022\/10\/Diplom-Stasko-1479x2048.jpg 1479w, https:\/\/www.upjs.sk\/app\/uploads\/sites\/9\/2022\/10\/Diplom-Stasko.jpg 1690w\" sizes=\"auto, (max-width: 740px) 100vw, 740px\" \/><\/figure><\/div>\n\n\n<style>.kb-image_c5b4fb-a4 .kb-image-has-overlay:after{opacity:0.3;}<\/style>\n<div class=\"wp-block-kadence-image kb-image_c5b4fb-a4\"><figure class=\"alignleft size-large\"><img loading=\"lazy\" decoding=\"async\" width=\"744\" height=\"1024\" src=\"https:\/\/www.upjs.sk\/app\/uploads\/sites\/9\/2022\/10\/Diplom-Varga-744x1024.jpg\" alt=\"\" class=\"kb-img wp-image-27163\" srcset=\"https:\/\/www.upjs.sk\/app\/uploads\/sites\/9\/2022\/10\/Diplom-Varga-744x1024.jpg 744w, https:\/\/www.upjs.sk\/app\/uploads\/sites\/9\/2022\/10\/Diplom-Varga-218x300.jpg 218w, https:\/\/www.upjs.sk\/app\/uploads\/sites\/9\/2022\/10\/Diplom-Varga-768x1057.jpg 768w, https:\/\/www.upjs.sk\/app\/uploads\/sites\/9\/2022\/10\/Diplom-Varga-1116x1536.jpg 1116w, https:\/\/www.upjs.sk\/app\/uploads\/sites\/9\/2022\/10\/Diplom-Varga-1488x2048.jpg 1488w, https:\/\/www.upjs.sk\/app\/uploads\/sites\/9\/2022\/10\/Diplom-Varga-scaled.jpg 1860w\" sizes=\"auto, (max-width: 744px) 100vw, 744px\" \/><\/figure><\/div>\n<\/div>\n\n\n\n<div class=\"wp-block-column is-vertically-aligned-bottom is-layout-flow wp-block-column-is-layout-flow\" style=\"flex-basis:75%\">\n<p><strong>MUDr. Pavel Sta\u0161ko, MUDr. J\u00e1n Varga<\/strong><\/p>\n\n\n\n<p>absolventi UPJ\u0160 v Ko\u0161iciach, Lek\u00e1rskej fakulty zapojen\u00ed do \u0160VO\u010c pod veden\u00edm prof. MVDr. Mikul\u00e1\u0161a Pomfyho, CSc. a MVDr. \u0160tefana T\u00f3tha, PhD.<\/p>\n\n\n\n<p>\u0160tudentsk\u00e1 osobnos\u0165 Slovenska \u0161k. r. 2008\/2009, 1. miesto v kateg\u00f3rii Lek\u00e1rske vedy, farm\u00e1cia, Bratislava, 24. november 2009<\/p>\n<\/div>\n<\/div>\n","protected":false},"excerpt":{"rendered":"<p>Ocenen\u00fdm zamestnancom a \u0161tudentom Lek\u00e1rskej fakulty Univerzity Pavla Jozefa \u0160af\u00e1rika v Ko\u0161iciach srde\u010dne blaho\u017eel\u00e1me ! MUDr. M\u00e1ria Pallayov\u00e1, PhD. \u010cestn\u00e9 \u010dlenstvo v asoci\u00e1cii ERS Fellows (23.08.2010) &#8211; za absolvovanie European Respiratory Society International Long Term Research Fellowship. Milan Maretta, Martin Bujdo\u0161, Juraj Gajdo\u0161, \u0160tefan T\u00f3th \u0161tudenti zapojen\u00ed do \u0160VO\u010c pod veden\u00edm prof. MVDr. Mikul\u00e1\u0161a Pomfyho, &hellip; <a href=\"https:\/\/www.upjs.sk\/lekarska-fakulta\/fakulta\/zo-zivota-fakulty\/oceneni-2009-2010\/\">\u010c\u00edta\u0165 \u010falej<\/a><\/p>\n","protected":false},"author":1,"featured_media":16513,"parent":13722,"menu_order":33,"comment_status":"closed","ping_status":"closed","template":"","meta":{"_acf_changed":false,"_editorskit_title_hidden":false,"_editorskit_reading_time":0,"_editorskit_is_block_options_detached":false,"_editorskit_block_options_position":"{}","footnotes":""},"categories":[],"tags":[],"class_list":["post-16512","page","type-page","status-publish","has-post-thumbnail","hentry"],"acf":{"acf_link_na_externy_obsah":""},"yoast_head":"<!-- This site is optimized with the Yoast SEO plugin v27.5 - https:\/\/yoast.com\/product\/yoast-seo-wordpress\/ -->\n<title>Ocenen\u00ed \u0161tudenti a zamestnanci UPJ\u0160 LF v AR 2009\/2010 - Lek\u00e1rska fakulta | UPJ\u0160<\/title>\n<meta name=\"robots\" content=\"index, follow, max-snippet:-1, max-image-preview:large, max-video-preview:-1\" \/>\n<link rel=\"canonical\" href=\"https:\/\/www.upjs.sk\/lekarska-fakulta\/fakulta\/zo-zivota-fakulty\/oceneni-2009-2010\/\" \/>\n<meta property=\"og:locale\" content=\"sk_SK\" \/>\n<meta property=\"og:type\" content=\"article\" \/>\n<meta property=\"og:title\" content=\"Ocenen\u00ed \u0161tudenti a zamestnanci UPJ\u0160 LF v AR 2009\/2010 - Lek\u00e1rska fakulta | UPJ\u0160\" \/>\n<meta property=\"og:description\" content=\"Ocenen\u00fdm zamestnancom a \u0161tudentom Lek\u00e1rskej fakulty Univerzity Pavla Jozefa \u0160af\u00e1rika v Ko\u0161iciach srde\u010dne blaho\u017eel\u00e1me ! MUDr. M\u00e1ria Pallayov\u00e1, PhD. \u010cestn\u00e9 \u010dlenstvo v asoci\u00e1cii ERS Fellows (23.08.2010) &#8211; za absolvovanie European Respiratory Society International Long Term Research Fellowship. Milan Maretta, Martin Bujdo\u0161, Juraj Gajdo\u0161, \u0160tefan T\u00f3th \u0161tudenti zapojen\u00ed do \u0160VO\u010c pod veden\u00edm prof. MVDr. Mikul\u00e1\u0161a Pomfyho, &hellip; \u010c\u00edta\u0165 \u010falej\" \/>\n<meta property=\"og:url\" content=\"https:\/\/www.upjs.sk\/lekarska-fakulta\/fakulta\/zo-zivota-fakulty\/oceneni-2009-2010\/\" \/>\n<meta property=\"og:site_name\" content=\"Lek\u00e1rska fakulta | UPJ\u0160\" \/>\n<meta property=\"article:modified_time\" content=\"2023-01-20T14:26:08+00:00\" \/>\n<meta property=\"og:image\" content=\"https:\/\/www.upjs.sk\/app\/uploads\/sites\/9\/2022\/09\/Pallayova-ERS-Fellows-thumb.jpg\" \/>\n\t<meta property=\"og:image:width\" content=\"109\" \/>\n\t<meta property=\"og:image:height\" content=\"150\" \/>\n\t<meta property=\"og:image:type\" content=\"image\/jpeg\" \/>\n<meta name=\"twitter:card\" content=\"summary_large_image\" \/>\n<meta name=\"twitter:label1\" content=\"Predpokladan\u00fd \u010das \u010d\u00edtania\" \/>\n\t<meta name=\"twitter:data1\" content=\"3 min\u00faty\" \/>\n<script type=\"application\/ld+json\" class=\"yoast-schema-graph\">{\"@context\":\"https:\\\/\\\/schema.org\",\"@graph\":[{\"@type\":\"WebPage\",\"@id\":\"https:\\\/\\\/www.upjs.sk\\\/lekarska-fakulta\\\/fakulta\\\/zo-zivota-fakulty\\\/oceneni-2009-2010\\\/\",\"url\":\"https:\\\/\\\/www.upjs.sk\\\/lekarska-fakulta\\\/fakulta\\\/zo-zivota-fakulty\\\/oceneni-2009-2010\\\/\",\"name\":\"Ocenen\u00ed \u0161tudenti a zamestnanci UPJ\u0160 LF v AR 2009\\\/2010 - Lek\u00e1rska fakulta | UPJ\u0160\",\"isPartOf\":{\"@id\":\"https:\\\/\\\/www.upjs.sk\\\/lekarska-fakulta\\\/#website\"},\"primaryImageOfPage\":{\"@id\":\"https:\\\/\\\/www.upjs.sk\\\/lekarska-fakulta\\\/fakulta\\\/zo-zivota-fakulty\\\/oceneni-2009-2010\\\/#primaryimage\"},\"image\":{\"@id\":\"https:\\\/\\\/www.upjs.sk\\\/lekarska-fakulta\\\/fakulta\\\/zo-zivota-fakulty\\\/oceneni-2009-2010\\\/#primaryimage\"},\"thumbnailUrl\":\"https:\\\/\\\/www.upjs.sk\\\/app\\\/uploads\\\/sites\\\/9\\\/2022\\\/09\\\/Pallayova-ERS-Fellows-thumb.jpg\",\"datePublished\":\"2012-12-06T10:31:27+00:00\",\"dateModified\":\"2023-01-20T14:26:08+00:00\",\"breadcrumb\":{\"@id\":\"https:\\\/\\\/www.upjs.sk\\\/lekarska-fakulta\\\/fakulta\\\/zo-zivota-fakulty\\\/oceneni-2009-2010\\\/#breadcrumb\"},\"inLanguage\":\"sk-SK\",\"potentialAction\":[{\"@type\":\"ReadAction\",\"target\":[\"https:\\\/\\\/www.upjs.sk\\\/lekarska-fakulta\\\/fakulta\\\/zo-zivota-fakulty\\\/oceneni-2009-2010\\\/\"]}]},{\"@type\":\"ImageObject\",\"inLanguage\":\"sk-SK\",\"@id\":\"https:\\\/\\\/www.upjs.sk\\\/lekarska-fakulta\\\/fakulta\\\/zo-zivota-fakulty\\\/oceneni-2009-2010\\\/#primaryimage\",\"url\":\"https:\\\/\\\/www.upjs.sk\\\/app\\\/uploads\\\/sites\\\/9\\\/2022\\\/09\\\/Pallayova-ERS-Fellows-thumb.jpg\",\"contentUrl\":\"https:\\\/\\\/www.upjs.sk\\\/app\\\/uploads\\\/sites\\\/9\\\/2022\\\/09\\\/Pallayova-ERS-Fellows-thumb.jpg\",\"width\":109,\"height\":150},{\"@type\":\"BreadcrumbList\",\"@id\":\"https:\\\/\\\/www.upjs.sk\\\/lekarska-fakulta\\\/fakulta\\\/zo-zivota-fakulty\\\/oceneni-2009-2010\\\/#breadcrumb\",\"itemListElement\":[{\"@type\":\"ListItem\",\"position\":1,\"name\":\"Home\",\"item\":\"https:\\\/\\\/www.upjs.sk\\\/lekarska-fakulta\\\/\"},{\"@type\":\"ListItem\",\"position\":2,\"name\":\"O fakulte\",\"item\":\"https:\\\/\\\/www.upjs.sk\\\/lekarska-fakulta\\\/fakulta\\\/\"},{\"@type\":\"ListItem\",\"position\":3,\"name\":\"Zo \u017eivota fakulty\",\"item\":\"https:\\\/\\\/www.upjs.sk\\\/lekarska-fakulta\\\/fakulta\\\/zo-zivota-fakulty\\\/\"},{\"@type\":\"ListItem\",\"position\":4,\"name\":\"Ocenen\u00ed \u0161tudenti a zamestnanci UPJ\u0160 LF v AR 2009\\\/2010\"}]},{\"@type\":\"WebSite\",\"@id\":\"https:\\\/\\\/www.upjs.sk\\\/lekarska-fakulta\\\/#website\",\"url\":\"https:\\\/\\\/www.upjs.sk\\\/lekarska-fakulta\\\/\",\"name\":\"Lek\u00e1rska fakulta | UPJ\u0160\",\"description\":\"\",\"publisher\":{\"@id\":\"https:\\\/\\\/www.upjs.sk\\\/lekarska-fakulta\\\/#organization\"},\"potentialAction\":[{\"@type\":\"SearchAction\",\"target\":{\"@type\":\"EntryPoint\",\"urlTemplate\":\"https:\\\/\\\/www.upjs.sk\\\/lekarska-fakulta\\\/?s={search_term_string}\"},\"query-input\":{\"@type\":\"PropertyValueSpecification\",\"valueRequired\":true,\"valueName\":\"search_term_string\"}}],\"inLanguage\":\"sk-SK\"},{\"@type\":\"Organization\",\"@id\":\"https:\\\/\\\/www.upjs.sk\\\/lekarska-fakulta\\\/#organization\",\"name\":\"Lek\u00e1rska fakulta | UPJ\u0160\",\"url\":\"https:\\\/\\\/www.upjs.sk\\\/lekarska-fakulta\\\/\",\"logo\":{\"@type\":\"ImageObject\",\"inLanguage\":\"sk-SK\",\"@id\":\"https:\\\/\\\/www.upjs.sk\\\/lekarska-fakulta\\\/#\\\/schema\\\/logo\\\/image\\\/\",\"url\":\"https:\\\/\\\/www.upjs.sk\\\/app\\\/uploads\\\/sites\\\/9\\\/2022\\\/09\\\/logo-lekarska-fakulta.png\",\"contentUrl\":\"https:\\\/\\\/www.upjs.sk\\\/app\\\/uploads\\\/sites\\\/9\\\/2022\\\/09\\\/logo-lekarska-fakulta.png\",\"width\":415,\"height\":87,\"caption\":\"Lek\u00e1rska fakulta | UPJ\u0160\"},\"image\":{\"@id\":\"https:\\\/\\\/www.upjs.sk\\\/lekarska-fakulta\\\/#\\\/schema\\\/logo\\\/image\\\/\"}}]}<\/script>\n<!-- \/ Yoast SEO plugin. -->","yoast_head_json":{"title":"Ocenen\u00ed \u0161tudenti a zamestnanci UPJ\u0160 LF v AR 2009\/2010 - Lek\u00e1rska fakulta | UPJ\u0160","robots":{"index":"index","follow":"follow","max-snippet":"max-snippet:-1","max-image-preview":"max-image-preview:large","max-video-preview":"max-video-preview:-1"},"canonical":"https:\/\/www.upjs.sk\/lekarska-fakulta\/fakulta\/zo-zivota-fakulty\/oceneni-2009-2010\/","og_locale":"sk_SK","og_type":"article","og_title":"Ocenen\u00ed \u0161tudenti a zamestnanci UPJ\u0160 LF v AR 2009\/2010 - Lek\u00e1rska fakulta | UPJ\u0160","og_description":"Ocenen\u00fdm zamestnancom a \u0161tudentom Lek\u00e1rskej fakulty Univerzity Pavla Jozefa \u0160af\u00e1rika v Ko\u0161iciach srde\u010dne blaho\u017eel\u00e1me ! MUDr. M\u00e1ria Pallayov\u00e1, PhD. \u010cestn\u00e9 \u010dlenstvo v asoci\u00e1cii ERS Fellows (23.08.2010) &#8211; za absolvovanie European Respiratory Society International Long Term Research Fellowship. Milan Maretta, Martin Bujdo\u0161, Juraj Gajdo\u0161, \u0160tefan T\u00f3th \u0161tudenti zapojen\u00ed do \u0160VO\u010c pod veden\u00edm prof. MVDr. Mikul\u00e1\u0161a Pomfyho, &hellip; \u010c\u00edta\u0165 \u010falej","og_url":"https:\/\/www.upjs.sk\/lekarska-fakulta\/fakulta\/zo-zivota-fakulty\/oceneni-2009-2010\/","og_site_name":"Lek\u00e1rska fakulta | UPJ\u0160","article_modified_time":"2023-01-20T14:26:08+00:00","og_image":[{"width":109,"height":150,"url":"https:\/\/www.upjs.sk\/app\/uploads\/sites\/9\/2022\/09\/Pallayova-ERS-Fellows-thumb.jpg","type":"image\/jpeg"}],"twitter_card":"summary_large_image","twitter_misc":{"Predpokladan\u00fd \u010das \u010d\u00edtania":"3 min\u00faty"},"schema":{"@context":"https:\/\/schema.org","@graph":[{"@type":"WebPage","@id":"https:\/\/www.upjs.sk\/lekarska-fakulta\/fakulta\/zo-zivota-fakulty\/oceneni-2009-2010\/","url":"https:\/\/www.upjs.sk\/lekarska-fakulta\/fakulta\/zo-zivota-fakulty\/oceneni-2009-2010\/","name":"Ocenen\u00ed \u0161tudenti a zamestnanci UPJ\u0160 LF v AR 2009\/2010 - Lek\u00e1rska fakulta | UPJ\u0160","isPartOf":{"@id":"https:\/\/www.upjs.sk\/lekarska-fakulta\/#website"},"primaryImageOfPage":{"@id":"https:\/\/www.upjs.sk\/lekarska-fakulta\/fakulta\/zo-zivota-fakulty\/oceneni-2009-2010\/#primaryimage"},"image":{"@id":"https:\/\/www.upjs.sk\/lekarska-fakulta\/fakulta\/zo-zivota-fakulty\/oceneni-2009-2010\/#primaryimage"},"thumbnailUrl":"https:\/\/www.upjs.sk\/app\/uploads\/sites\/9\/2022\/09\/Pallayova-ERS-Fellows-thumb.jpg","datePublished":"2012-12-06T10:31:27+00:00","dateModified":"2023-01-20T14:26:08+00:00","breadcrumb":{"@id":"https:\/\/www.upjs.sk\/lekarska-fakulta\/fakulta\/zo-zivota-fakulty\/oceneni-2009-2010\/#breadcrumb"},"inLanguage":"sk-SK","potentialAction":[{"@type":"ReadAction","target":["https:\/\/www.upjs.sk\/lekarska-fakulta\/fakulta\/zo-zivota-fakulty\/oceneni-2009-2010\/"]}]},{"@type":"ImageObject","inLanguage":"sk-SK","@id":"https:\/\/www.upjs.sk\/lekarska-fakulta\/fakulta\/zo-zivota-fakulty\/oceneni-2009-2010\/#primaryimage","url":"https:\/\/www.upjs.sk\/app\/uploads\/sites\/9\/2022\/09\/Pallayova-ERS-Fellows-thumb.jpg","contentUrl":"https:\/\/www.upjs.sk\/app\/uploads\/sites\/9\/2022\/09\/Pallayova-ERS-Fellows-thumb.jpg","width":109,"height":150},{"@type":"BreadcrumbList","@id":"https:\/\/www.upjs.sk\/lekarska-fakulta\/fakulta\/zo-zivota-fakulty\/oceneni-2009-2010\/#breadcrumb","itemListElement":[{"@type":"ListItem","position":1,"name":"Home","item":"https:\/\/www.upjs.sk\/lekarska-fakulta\/"},{"@type":"ListItem","position":2,"name":"O fakulte","item":"https:\/\/www.upjs.sk\/lekarska-fakulta\/fakulta\/"},{"@type":"ListItem","position":3,"name":"Zo \u017eivota fakulty","item":"https:\/\/www.upjs.sk\/lekarska-fakulta\/fakulta\/zo-zivota-fakulty\/"},{"@type":"ListItem","position":4,"name":"Ocenen\u00ed \u0161tudenti a zamestnanci UPJ\u0160 LF v AR 2009\/2010"}]},{"@type":"WebSite","@id":"https:\/\/www.upjs.sk\/lekarska-fakulta\/#website","url":"https:\/\/www.upjs.sk\/lekarska-fakulta\/","name":"Lek\u00e1rska fakulta | UPJ\u0160","description":"","publisher":{"@id":"https:\/\/www.upjs.sk\/lekarska-fakulta\/#organization"},"potentialAction":[{"@type":"SearchAction","target":{"@type":"EntryPoint","urlTemplate":"https:\/\/www.upjs.sk\/lekarska-fakulta\/?s={search_term_string}"},"query-input":{"@type":"PropertyValueSpecification","valueRequired":true,"valueName":"search_term_string"}}],"inLanguage":"sk-SK"},{"@type":"Organization","@id":"https:\/\/www.upjs.sk\/lekarska-fakulta\/#organization","name":"Lek\u00e1rska fakulta | UPJ\u0160","url":"https:\/\/www.upjs.sk\/lekarska-fakulta\/","logo":{"@type":"ImageObject","inLanguage":"sk-SK","@id":"https:\/\/www.upjs.sk\/lekarska-fakulta\/#\/schema\/logo\/image\/","url":"https:\/\/www.upjs.sk\/app\/uploads\/sites\/9\/2022\/09\/logo-lekarska-fakulta.png","contentUrl":"https:\/\/www.upjs.sk\/app\/uploads\/sites\/9\/2022\/09\/logo-lekarska-fakulta.png","width":415,"height":87,"caption":"Lek\u00e1rska fakulta | UPJ\u0160"},"image":{"@id":"https:\/\/www.upjs.sk\/lekarska-fakulta\/#\/schema\/logo\/image\/"}}]}},"_links":{"self":[{"href":"https:\/\/www.upjs.sk\/lekarska-fakulta\/wp-json\/wp\/v2\/pages\/16512","targetHints":{"allow":["GET"]}}],"collection":[{"href":"https:\/\/www.upjs.sk\/lekarska-fakulta\/wp-json\/wp\/v2\/pages"}],"about":[{"href":"https:\/\/www.upjs.sk\/lekarska-fakulta\/wp-json\/wp\/v2\/types\/page"}],"author":[{"embeddable":true,"href":"https:\/\/www.upjs.sk\/lekarska-fakulta\/wp-json\/wp\/v2\/users\/1"}],"replies":[{"embeddable":true,"href":"https:\/\/www.upjs.sk\/lekarska-fakulta\/wp-json\/wp\/v2\/comments?post=16512"}],"version-history":[{"count":3,"href":"https:\/\/www.upjs.sk\/lekarska-fakulta\/wp-json\/wp\/v2\/pages\/16512\/revisions"}],"predecessor-version":[{"id":73874,"href":"https:\/\/www.upjs.sk\/lekarska-fakulta\/wp-json\/wp\/v2\/pages\/16512\/revisions\/73874"}],"up":[{"embeddable":true,"href":"https:\/\/www.upjs.sk\/lekarska-fakulta\/wp-json\/wp\/v2\/pages\/13722"}],"wp:featuredmedia":[{"embeddable":true,"href":"https:\/\/www.upjs.sk\/lekarska-fakulta\/wp-json\/wp\/v2\/media\/16513"}],"wp:attachment":[{"href":"https:\/\/www.upjs.sk\/lekarska-fakulta\/wp-json\/wp\/v2\/media?parent=16512"}],"wp:term":[{"taxonomy":"category","embeddable":true,"href":"https:\/\/www.upjs.sk\/lekarska-fakulta\/wp-json\/wp\/v2\/categories?post=16512"},{"taxonomy":"post_tag","embeddable":true,"href":"https:\/\/www.upjs.sk\/lekarska-fakulta\/wp-json\/wp\/v2\/tags?post=16512"}],"curies":[{"name":"wp","href":"https:\/\/api.w.org\/{rel}","templated":true}]}}