{"id":16550,"date":"2015-05-14T13:52:24","date_gmt":"2015-05-14T13:52:24","guid":{"rendered":"https:\/\/www.upjs.sk\/lekarska-fakulta\/fakulta\/zo-zivota-fakulty\/oceneni-2013-2014\/"},"modified":"2023-01-20T14:23:30","modified_gmt":"2023-01-20T13:23:30","slug":"oceneni-2013-2014","status":"publish","type":"page","link":"https:\/\/www.upjs.sk\/lekarska-fakulta\/fakulta\/zo-zivota-fakulty\/oceneni-2013-2014\/","title":{"rendered":"Ocenen\u00ed \u0161tudenti a zamestnanci UPJ\u0160 LF v AR 2013\/2014"},"content":{"rendered":"\n<p><strong>Ocenen\u00fdm zamestnancom a \u0161tudentom Lek\u00e1rskej fakulty Univerzity Pavla Jozefa \u0160af\u00e1rika v&nbsp;Ko\u0161iciach srde\u010dne blaho\u017eel\u00e1me !<\/strong><\/p>\n\n\n\n<div class=\"wp-block-columns is-style-gapless is-layout-flex wp-container-core-columns-is-layout-9d6595d7 wp-block-columns-is-layout-flex\">\n<div class=\"wp-block-column is-content-justification-left is-layout-constrained wp-container-core-column-is-layout-8c890d92 wp-block-column-is-layout-constrained\" style=\"flex-basis:250px\"><style>.kb-image_c16398-ad .kb-image-has-overlay:after{opacity:0.3;}<\/style>\n<div class=\"wp-block-kadence-image kb-image_c16398-ad\"><figure class=\"alignleft size-large\"><img loading=\"lazy\" decoding=\"async\" width=\"1024\" height=\"724\" src=\"https:\/\/www.upjs.sk\/app\/uploads\/sites\/9\/2023\/01\/certifikat_Hryvenko-2014-1024x724.jpg\" alt=\"\" class=\"kb-img wp-image-73798\" srcset=\"https:\/\/www.upjs.sk\/app\/uploads\/sites\/9\/2023\/01\/certifikat_Hryvenko-2014-1024x724.jpg 1024w, https:\/\/www.upjs.sk\/app\/uploads\/sites\/9\/2023\/01\/certifikat_Hryvenko-2014-300x212.jpg 300w, https:\/\/www.upjs.sk\/app\/uploads\/sites\/9\/2023\/01\/certifikat_Hryvenko-2014-768x543.jpg 768w, https:\/\/www.upjs.sk\/app\/uploads\/sites\/9\/2023\/01\/certifikat_Hryvenko-2014-1536x1086.jpg 1536w, https:\/\/www.upjs.sk\/app\/uploads\/sites\/9\/2023\/01\/certifikat_Hryvenko-2014-2048x1448.jpg 2048w\" sizes=\"auto, (max-width: 1024px) 100vw, 1024px\" \/><\/figure><\/div>\n<\/div>\n\n\n\n<div class=\"wp-block-column is-vertically-aligned-bottom is-layout-flow wp-block-column-is-layout-flow\" style=\"flex-basis:75%\">\n<p><strong>Iryna Serhiyivna Hryvenko<\/strong><br>\u0161tudentka 5. ro\u010dn\u00edka \u2013 Dental Medicine<\/p>\n\n\n\n<p>21st International Student Congress of (bio)Medical Sciences<br>4. \u2013 5. j\u00fana 2014, Groningen, The Netherlands<br>v\u00ed\u0165azka sekcie Oral Session \u2013 Immunology I &nbsp;<\/p>\n<\/div>\n<\/div>\n\n\n\n<div class=\"wp-block-columns is-style-gapless is-layout-flex wp-container-core-columns-is-layout-9d6595d7 wp-block-columns-is-layout-flex\">\n<div class=\"wp-block-column is-content-justification-left is-layout-constrained wp-container-core-column-is-layout-8c890d92 wp-block-column-is-layout-constrained\" style=\"flex-basis:250px\"><style>.kb-image_370cae-eb .kb-image-has-overlay:after{opacity:0.3;}<\/style>\n<div class=\"wp-block-kadence-image kb-image_370cae-eb\"><figure class=\"alignleft size-large\"><img loading=\"lazy\" decoding=\"async\" width=\"1024\" height=\"744\" src=\"https:\/\/www.upjs.sk\/app\/uploads\/sites\/9\/2022\/10\/Tisko-Barcelona-2013-1024x744.jpg\" alt=\"\" class=\"kb-img wp-image-27189\" srcset=\"https:\/\/www.upjs.sk\/app\/uploads\/sites\/9\/2022\/10\/Tisko-Barcelona-2013-1024x744.jpg 1024w, https:\/\/www.upjs.sk\/app\/uploads\/sites\/9\/2022\/10\/Tisko-Barcelona-2013-300x218.jpg 300w, https:\/\/www.upjs.sk\/app\/uploads\/sites\/9\/2022\/10\/Tisko-Barcelona-2013-768x558.jpg 768w, https:\/\/www.upjs.sk\/app\/uploads\/sites\/9\/2022\/10\/Tisko-Barcelona-2013-1536x1116.jpg 1536w, https:\/\/www.upjs.sk\/app\/uploads\/sites\/9\/2022\/10\/Tisko-Barcelona-2013-2048x1487.jpg 2048w\" sizes=\"auto, (max-width: 1024px) 100vw, 1024px\" \/><\/figure><\/div>\n<\/div>\n\n\n\n<div class=\"wp-block-column is-vertically-aligned-bottom is-layout-flow wp-block-column-is-layout-flow\" style=\"flex-basis:75%\">\n<p><strong>MUDr. Radovan Ti\u0161ko<\/strong><br>denn\u00fd \u0161tudent doktorandsk\u00e9ho \u0161t\u00fadia v \u0161tudijnom odbore 7.1.4 Vn\u00fatorn\u00e9 choroby na Klinike pneumol\u00f3gie a ftizeol\u00f3gie UPJ\u0160 LF a UN LP<\/p>\n\n\n\n<p>European Respiratory Society Annual Congress 2013<br>7. &#8211; 11. septembra 2013, Barcelona, \u0160panielsko<br>Sekcia The travel grant for sleep medicine 2013<\/p>\n<\/div>\n<\/div>\n\n\n\n<div class=\"wp-block-columns is-style-gapless is-layout-flex wp-container-core-columns-is-layout-9d6595d7 wp-block-columns-is-layout-flex\">\n<div class=\"wp-block-column is-content-justification-left is-layout-constrained wp-container-core-column-is-layout-8c890d92 wp-block-column-is-layout-constrained\" style=\"flex-basis:250px\"><style>.kb-image_8e7563-49 .kb-image-has-overlay:after{opacity:0.3;}<\/style>\n<div class=\"wp-block-kadence-image kb-image_8e7563-49\"><figure class=\"alignleft size-large\"><img loading=\"lazy\" decoding=\"async\" width=\"1024\" height=\"724\" src=\"https:\/\/www.upjs.sk\/app\/uploads\/sites\/9\/2022\/10\/Godkin-Berlin-2013-1024x724.jpg\" alt=\"\" class=\"kb-img wp-image-27188\" srcset=\"https:\/\/www.upjs.sk\/app\/uploads\/sites\/9\/2022\/10\/Godkin-Berlin-2013-1024x724.jpg 1024w, https:\/\/www.upjs.sk\/app\/uploads\/sites\/9\/2022\/10\/Godkin-Berlin-2013-300x212.jpg 300w, https:\/\/www.upjs.sk\/app\/uploads\/sites\/9\/2022\/10\/Godkin-Berlin-2013-768x543.jpg 768w, https:\/\/www.upjs.sk\/app\/uploads\/sites\/9\/2022\/10\/Godkin-Berlin-2013-1536x1086.jpg 1536w, https:\/\/www.upjs.sk\/app\/uploads\/sites\/9\/2022\/10\/Godkin-Berlin-2013-2048x1448.jpg 2048w\" sizes=\"auto, (max-width: 1024px) 100vw, 1024px\" \/><\/figure><\/div>\n<\/div>\n\n\n\n<div class=\"wp-block-column is-vertically-aligned-bottom is-layout-flow wp-block-column-is-layout-flow\" style=\"flex-basis:75%\">\n<p><strong>Owen Patrick Godkin<\/strong><br>\u0161tudent zapojen\u00fd do \u0160VO\u010c pod veden\u00edm MUDr. Pavla Sta\u0161ka, MVDr. \u0160tefana T\u00f3tha, PhD., RNDr. Miroslavy Bilecovej-Rabajdovej, PhD., prof. MUDr. M\u00e1rie Frankovi\u010dovej, PhD. a&nbsp;doc. MVDr. Jarmily Veselej, CSc.<\/p>\n\n\n\n<p>24th European Students\u00b4 Conference<br>4. &#8211; 7. septembra 2013, Berl\u00edn, Nemecko<br>1. miesto, Sekcia Cardial, Thoracal and Vascular Surgery &nbsp;<\/p>\n<\/div>\n<\/div>\n\n\n\n<p><\/p>\n","protected":false},"excerpt":{"rendered":"<p>Ocenen\u00fdm zamestnancom a \u0161tudentom Lek\u00e1rskej fakulty Univerzity Pavla Jozefa \u0160af\u00e1rika v&nbsp;Ko\u0161iciach srde\u010dne blaho\u017eel\u00e1me ! Iryna Serhiyivna Hryvenko\u0161tudentka 5. ro\u010dn\u00edka \u2013 Dental Medicine 21st International Student Congress of (bio)Medical Sciences4. \u2013 5. j\u00fana 2014, Groningen, The Netherlandsv\u00ed\u0165azka sekcie Oral Session \u2013 Immunology I &nbsp; MUDr. Radovan Ti\u0161kodenn\u00fd \u0161tudent doktorandsk\u00e9ho \u0161t\u00fadia v \u0161tudijnom odbore 7.1.4 Vn\u00fatorn\u00e9 choroby &hellip; <a href=\"https:\/\/www.upjs.sk\/lekarska-fakulta\/fakulta\/zo-zivota-fakulty\/oceneni-2013-2014\/\">\u010c\u00edta\u0165 \u010falej<\/a><\/p>\n","protected":false},"author":1,"featured_media":16551,"parent":13722,"menu_order":29,"comment_status":"closed","ping_status":"closed","template":"","meta":{"_acf_changed":false,"_editorskit_title_hidden":false,"_editorskit_reading_time":0,"_editorskit_is_block_options_detached":false,"_editorskit_block_options_position":"{}","footnotes":""},"categories":[],"tags":[],"class_list":["post-16550","page","type-page","status-publish","has-post-thumbnail","hentry"],"acf":{"acf_link_na_externy_obsah":""},"yoast_head":"<!-- This site is optimized with the Yoast SEO plugin v27.4 - https:\/\/yoast.com\/product\/yoast-seo-wordpress\/ -->\n<title>Ocenen\u00ed \u0161tudenti a zamestnanci UPJ\u0160 LF v AR 2013\/2014 - Lek\u00e1rska fakulta | UPJ\u0160<\/title>\n<meta name=\"robots\" content=\"index, follow, max-snippet:-1, max-image-preview:large, max-video-preview:-1\" \/>\n<link rel=\"canonical\" href=\"https:\/\/www.upjs.sk\/lekarska-fakulta\/fakulta\/zo-zivota-fakulty\/oceneni-2013-2014\/\" \/>\n<meta property=\"og:locale\" content=\"sk_SK\" \/>\n<meta property=\"og:type\" content=\"article\" \/>\n<meta property=\"og:title\" content=\"Ocenen\u00ed \u0161tudenti a zamestnanci UPJ\u0160 LF v AR 2013\/2014 - Lek\u00e1rska fakulta | UPJ\u0160\" \/>\n<meta property=\"og:description\" content=\"Ocenen\u00fdm zamestnancom a \u0161tudentom Lek\u00e1rskej fakulty Univerzity Pavla Jozefa \u0160af\u00e1rika v&nbsp;Ko\u0161iciach srde\u010dne blaho\u017eel\u00e1me ! Iryna Serhiyivna Hryvenko\u0161tudentka 5. ro\u010dn\u00edka \u2013 Dental Medicine 21st International Student Congress of (bio)Medical Sciences4. \u2013 5. j\u00fana 2014, Groningen, The Netherlandsv\u00ed\u0165azka sekcie Oral Session \u2013 Immunology I &nbsp; MUDr. Radovan Ti\u0161kodenn\u00fd \u0161tudent doktorandsk\u00e9ho \u0161t\u00fadia v \u0161tudijnom odbore 7.1.4 Vn\u00fatorn\u00e9 choroby &hellip; \u010c\u00edta\u0165 \u010falej\" \/>\n<meta property=\"og:url\" content=\"https:\/\/www.upjs.sk\/lekarska-fakulta\/fakulta\/zo-zivota-fakulty\/oceneni-2013-2014\/\" \/>\n<meta property=\"og:site_name\" content=\"Lek\u00e1rska fakulta | UPJ\u0160\" \/>\n<meta property=\"article:modified_time\" content=\"2023-01-20T13:23:30+00:00\" \/>\n<meta property=\"og:image\" content=\"https:\/\/www.upjs.sk\/app\/uploads\/sites\/9\/2022\/09\/certifikat_Hryvenko.jpg\" \/>\n\t<meta property=\"og:image:width\" content=\"150\" \/>\n\t<meta property=\"og:image:height\" content=\"106\" \/>\n\t<meta property=\"og:image:type\" content=\"image\/jpeg\" \/>\n<meta name=\"twitter:card\" content=\"summary_large_image\" \/>\n<meta name=\"twitter:label1\" content=\"Predpokladan\u00fd \u010das \u010d\u00edtania\" \/>\n\t<meta name=\"twitter:data1\" content=\"2 min\u00faty\" \/>\n<script type=\"application\/ld+json\" class=\"yoast-schema-graph\">{\"@context\":\"https:\\\/\\\/schema.org\",\"@graph\":[{\"@type\":\"WebPage\",\"@id\":\"https:\\\/\\\/www.upjs.sk\\\/lekarska-fakulta\\\/fakulta\\\/zo-zivota-fakulty\\\/oceneni-2013-2014\\\/\",\"url\":\"https:\\\/\\\/www.upjs.sk\\\/lekarska-fakulta\\\/fakulta\\\/zo-zivota-fakulty\\\/oceneni-2013-2014\\\/\",\"name\":\"Ocenen\u00ed \u0161tudenti a zamestnanci UPJ\u0160 LF v AR 2013\\\/2014 - Lek\u00e1rska fakulta | UPJ\u0160\",\"isPartOf\":{\"@id\":\"https:\\\/\\\/www.upjs.sk\\\/lekarska-fakulta\\\/#website\"},\"primaryImageOfPage\":{\"@id\":\"https:\\\/\\\/www.upjs.sk\\\/lekarska-fakulta\\\/fakulta\\\/zo-zivota-fakulty\\\/oceneni-2013-2014\\\/#primaryimage\"},\"image\":{\"@id\":\"https:\\\/\\\/www.upjs.sk\\\/lekarska-fakulta\\\/fakulta\\\/zo-zivota-fakulty\\\/oceneni-2013-2014\\\/#primaryimage\"},\"thumbnailUrl\":\"https:\\\/\\\/www.upjs.sk\\\/app\\\/uploads\\\/sites\\\/9\\\/2022\\\/09\\\/certifikat_Hryvenko.jpg\",\"datePublished\":\"2015-05-14T13:52:24+00:00\",\"dateModified\":\"2023-01-20T13:23:30+00:00\",\"breadcrumb\":{\"@id\":\"https:\\\/\\\/www.upjs.sk\\\/lekarska-fakulta\\\/fakulta\\\/zo-zivota-fakulty\\\/oceneni-2013-2014\\\/#breadcrumb\"},\"inLanguage\":\"sk-SK\",\"potentialAction\":[{\"@type\":\"ReadAction\",\"target\":[\"https:\\\/\\\/www.upjs.sk\\\/lekarska-fakulta\\\/fakulta\\\/zo-zivota-fakulty\\\/oceneni-2013-2014\\\/\"]}]},{\"@type\":\"ImageObject\",\"inLanguage\":\"sk-SK\",\"@id\":\"https:\\\/\\\/www.upjs.sk\\\/lekarska-fakulta\\\/fakulta\\\/zo-zivota-fakulty\\\/oceneni-2013-2014\\\/#primaryimage\",\"url\":\"https:\\\/\\\/www.upjs.sk\\\/app\\\/uploads\\\/sites\\\/9\\\/2022\\\/09\\\/certifikat_Hryvenko.jpg\",\"contentUrl\":\"https:\\\/\\\/www.upjs.sk\\\/app\\\/uploads\\\/sites\\\/9\\\/2022\\\/09\\\/certifikat_Hryvenko.jpg\",\"width\":150,\"height\":106},{\"@type\":\"BreadcrumbList\",\"@id\":\"https:\\\/\\\/www.upjs.sk\\\/lekarska-fakulta\\\/fakulta\\\/zo-zivota-fakulty\\\/oceneni-2013-2014\\\/#breadcrumb\",\"itemListElement\":[{\"@type\":\"ListItem\",\"position\":1,\"name\":\"Home\",\"item\":\"https:\\\/\\\/www.upjs.sk\\\/lekarska-fakulta\\\/\"},{\"@type\":\"ListItem\",\"position\":2,\"name\":\"O fakulte\",\"item\":\"https:\\\/\\\/www.upjs.sk\\\/lekarska-fakulta\\\/fakulta\\\/\"},{\"@type\":\"ListItem\",\"position\":3,\"name\":\"Zo \u017eivota fakulty\",\"item\":\"https:\\\/\\\/www.upjs.sk\\\/lekarska-fakulta\\\/fakulta\\\/zo-zivota-fakulty\\\/\"},{\"@type\":\"ListItem\",\"position\":4,\"name\":\"Ocenen\u00ed \u0161tudenti a zamestnanci UPJ\u0160 LF v AR 2013\\\/2014\"}]},{\"@type\":\"WebSite\",\"@id\":\"https:\\\/\\\/www.upjs.sk\\\/lekarska-fakulta\\\/#website\",\"url\":\"https:\\\/\\\/www.upjs.sk\\\/lekarska-fakulta\\\/\",\"name\":\"Lek\u00e1rska fakulta | UPJ\u0160\",\"description\":\"\",\"publisher\":{\"@id\":\"https:\\\/\\\/www.upjs.sk\\\/lekarska-fakulta\\\/#organization\"},\"potentialAction\":[{\"@type\":\"SearchAction\",\"target\":{\"@type\":\"EntryPoint\",\"urlTemplate\":\"https:\\\/\\\/www.upjs.sk\\\/lekarska-fakulta\\\/?s={search_term_string}\"},\"query-input\":{\"@type\":\"PropertyValueSpecification\",\"valueRequired\":true,\"valueName\":\"search_term_string\"}}],\"inLanguage\":\"sk-SK\"},{\"@type\":\"Organization\",\"@id\":\"https:\\\/\\\/www.upjs.sk\\\/lekarska-fakulta\\\/#organization\",\"name\":\"Lek\u00e1rska fakulta | UPJ\u0160\",\"url\":\"https:\\\/\\\/www.upjs.sk\\\/lekarska-fakulta\\\/\",\"logo\":{\"@type\":\"ImageObject\",\"inLanguage\":\"sk-SK\",\"@id\":\"https:\\\/\\\/www.upjs.sk\\\/lekarska-fakulta\\\/#\\\/schema\\\/logo\\\/image\\\/\",\"url\":\"https:\\\/\\\/www.upjs.sk\\\/app\\\/uploads\\\/sites\\\/9\\\/2022\\\/09\\\/logo-lekarska-fakulta.png\",\"contentUrl\":\"https:\\\/\\\/www.upjs.sk\\\/app\\\/uploads\\\/sites\\\/9\\\/2022\\\/09\\\/logo-lekarska-fakulta.png\",\"width\":415,\"height\":87,\"caption\":\"Lek\u00e1rska fakulta | UPJ\u0160\"},\"image\":{\"@id\":\"https:\\\/\\\/www.upjs.sk\\\/lekarska-fakulta\\\/#\\\/schema\\\/logo\\\/image\\\/\"}}]}<\/script>\n<!-- \/ Yoast SEO plugin. -->","yoast_head_json":{"title":"Ocenen\u00ed \u0161tudenti a zamestnanci UPJ\u0160 LF v AR 2013\/2014 - Lek\u00e1rska fakulta | UPJ\u0160","robots":{"index":"index","follow":"follow","max-snippet":"max-snippet:-1","max-image-preview":"max-image-preview:large","max-video-preview":"max-video-preview:-1"},"canonical":"https:\/\/www.upjs.sk\/lekarska-fakulta\/fakulta\/zo-zivota-fakulty\/oceneni-2013-2014\/","og_locale":"sk_SK","og_type":"article","og_title":"Ocenen\u00ed \u0161tudenti a zamestnanci UPJ\u0160 LF v AR 2013\/2014 - Lek\u00e1rska fakulta | UPJ\u0160","og_description":"Ocenen\u00fdm zamestnancom a \u0161tudentom Lek\u00e1rskej fakulty Univerzity Pavla Jozefa \u0160af\u00e1rika v&nbsp;Ko\u0161iciach srde\u010dne blaho\u017eel\u00e1me ! Iryna Serhiyivna Hryvenko\u0161tudentka 5. ro\u010dn\u00edka \u2013 Dental Medicine 21st International Student Congress of (bio)Medical Sciences4. \u2013 5. j\u00fana 2014, Groningen, The Netherlandsv\u00ed\u0165azka sekcie Oral Session \u2013 Immunology I &nbsp; MUDr. Radovan Ti\u0161kodenn\u00fd \u0161tudent doktorandsk\u00e9ho \u0161t\u00fadia v \u0161tudijnom odbore 7.1.4 Vn\u00fatorn\u00e9 choroby &hellip; \u010c\u00edta\u0165 \u010falej","og_url":"https:\/\/www.upjs.sk\/lekarska-fakulta\/fakulta\/zo-zivota-fakulty\/oceneni-2013-2014\/","og_site_name":"Lek\u00e1rska fakulta | UPJ\u0160","article_modified_time":"2023-01-20T13:23:30+00:00","og_image":[{"width":150,"height":106,"url":"https:\/\/www.upjs.sk\/app\/uploads\/sites\/9\/2022\/09\/certifikat_Hryvenko.jpg","type":"image\/jpeg"}],"twitter_card":"summary_large_image","twitter_misc":{"Predpokladan\u00fd \u010das \u010d\u00edtania":"2 min\u00faty"},"schema":{"@context":"https:\/\/schema.org","@graph":[{"@type":"WebPage","@id":"https:\/\/www.upjs.sk\/lekarska-fakulta\/fakulta\/zo-zivota-fakulty\/oceneni-2013-2014\/","url":"https:\/\/www.upjs.sk\/lekarska-fakulta\/fakulta\/zo-zivota-fakulty\/oceneni-2013-2014\/","name":"Ocenen\u00ed \u0161tudenti a zamestnanci UPJ\u0160 LF v AR 2013\/2014 - Lek\u00e1rska fakulta | UPJ\u0160","isPartOf":{"@id":"https:\/\/www.upjs.sk\/lekarska-fakulta\/#website"},"primaryImageOfPage":{"@id":"https:\/\/www.upjs.sk\/lekarska-fakulta\/fakulta\/zo-zivota-fakulty\/oceneni-2013-2014\/#primaryimage"},"image":{"@id":"https:\/\/www.upjs.sk\/lekarska-fakulta\/fakulta\/zo-zivota-fakulty\/oceneni-2013-2014\/#primaryimage"},"thumbnailUrl":"https:\/\/www.upjs.sk\/app\/uploads\/sites\/9\/2022\/09\/certifikat_Hryvenko.jpg","datePublished":"2015-05-14T13:52:24+00:00","dateModified":"2023-01-20T13:23:30+00:00","breadcrumb":{"@id":"https:\/\/www.upjs.sk\/lekarska-fakulta\/fakulta\/zo-zivota-fakulty\/oceneni-2013-2014\/#breadcrumb"},"inLanguage":"sk-SK","potentialAction":[{"@type":"ReadAction","target":["https:\/\/www.upjs.sk\/lekarska-fakulta\/fakulta\/zo-zivota-fakulty\/oceneni-2013-2014\/"]}]},{"@type":"ImageObject","inLanguage":"sk-SK","@id":"https:\/\/www.upjs.sk\/lekarska-fakulta\/fakulta\/zo-zivota-fakulty\/oceneni-2013-2014\/#primaryimage","url":"https:\/\/www.upjs.sk\/app\/uploads\/sites\/9\/2022\/09\/certifikat_Hryvenko.jpg","contentUrl":"https:\/\/www.upjs.sk\/app\/uploads\/sites\/9\/2022\/09\/certifikat_Hryvenko.jpg","width":150,"height":106},{"@type":"BreadcrumbList","@id":"https:\/\/www.upjs.sk\/lekarska-fakulta\/fakulta\/zo-zivota-fakulty\/oceneni-2013-2014\/#breadcrumb","itemListElement":[{"@type":"ListItem","position":1,"name":"Home","item":"https:\/\/www.upjs.sk\/lekarska-fakulta\/"},{"@type":"ListItem","position":2,"name":"O fakulte","item":"https:\/\/www.upjs.sk\/lekarska-fakulta\/fakulta\/"},{"@type":"ListItem","position":3,"name":"Zo \u017eivota fakulty","item":"https:\/\/www.upjs.sk\/lekarska-fakulta\/fakulta\/zo-zivota-fakulty\/"},{"@type":"ListItem","position":4,"name":"Ocenen\u00ed \u0161tudenti a zamestnanci UPJ\u0160 LF v AR 2013\/2014"}]},{"@type":"WebSite","@id":"https:\/\/www.upjs.sk\/lekarska-fakulta\/#website","url":"https:\/\/www.upjs.sk\/lekarska-fakulta\/","name":"Lek\u00e1rska fakulta | UPJ\u0160","description":"","publisher":{"@id":"https:\/\/www.upjs.sk\/lekarska-fakulta\/#organization"},"potentialAction":[{"@type":"SearchAction","target":{"@type":"EntryPoint","urlTemplate":"https:\/\/www.upjs.sk\/lekarska-fakulta\/?s={search_term_string}"},"query-input":{"@type":"PropertyValueSpecification","valueRequired":true,"valueName":"search_term_string"}}],"inLanguage":"sk-SK"},{"@type":"Organization","@id":"https:\/\/www.upjs.sk\/lekarska-fakulta\/#organization","name":"Lek\u00e1rska fakulta | UPJ\u0160","url":"https:\/\/www.upjs.sk\/lekarska-fakulta\/","logo":{"@type":"ImageObject","inLanguage":"sk-SK","@id":"https:\/\/www.upjs.sk\/lekarska-fakulta\/#\/schema\/logo\/image\/","url":"https:\/\/www.upjs.sk\/app\/uploads\/sites\/9\/2022\/09\/logo-lekarska-fakulta.png","contentUrl":"https:\/\/www.upjs.sk\/app\/uploads\/sites\/9\/2022\/09\/logo-lekarska-fakulta.png","width":415,"height":87,"caption":"Lek\u00e1rska fakulta | UPJ\u0160"},"image":{"@id":"https:\/\/www.upjs.sk\/lekarska-fakulta\/#\/schema\/logo\/image\/"}}]}},"_links":{"self":[{"href":"https:\/\/www.upjs.sk\/lekarska-fakulta\/wp-json\/wp\/v2\/pages\/16550","targetHints":{"allow":["GET"]}}],"collection":[{"href":"https:\/\/www.upjs.sk\/lekarska-fakulta\/wp-json\/wp\/v2\/pages"}],"about":[{"href":"https:\/\/www.upjs.sk\/lekarska-fakulta\/wp-json\/wp\/v2\/types\/page"}],"author":[{"embeddable":true,"href":"https:\/\/www.upjs.sk\/lekarska-fakulta\/wp-json\/wp\/v2\/users\/1"}],"replies":[{"embeddable":true,"href":"https:\/\/www.upjs.sk\/lekarska-fakulta\/wp-json\/wp\/v2\/comments?post=16550"}],"version-history":[{"count":4,"href":"https:\/\/www.upjs.sk\/lekarska-fakulta\/wp-json\/wp\/v2\/pages\/16550\/revisions"}],"predecessor-version":[{"id":73802,"href":"https:\/\/www.upjs.sk\/lekarska-fakulta\/wp-json\/wp\/v2\/pages\/16550\/revisions\/73802"}],"up":[{"embeddable":true,"href":"https:\/\/www.upjs.sk\/lekarska-fakulta\/wp-json\/wp\/v2\/pages\/13722"}],"wp:featuredmedia":[{"embeddable":true,"href":"https:\/\/www.upjs.sk\/lekarska-fakulta\/wp-json\/wp\/v2\/media\/16551"}],"wp:attachment":[{"href":"https:\/\/www.upjs.sk\/lekarska-fakulta\/wp-json\/wp\/v2\/media?parent=16550"}],"wp:term":[{"taxonomy":"category","embeddable":true,"href":"https:\/\/www.upjs.sk\/lekarska-fakulta\/wp-json\/wp\/v2\/categories?post=16550"},{"taxonomy":"post_tag","embeddable":true,"href":"https:\/\/www.upjs.sk\/lekarska-fakulta\/wp-json\/wp\/v2\/tags?post=16550"}],"curies":[{"name":"wp","href":"https:\/\/api.w.org\/{rel}","templated":true}]}}