{"id":16642,"date":"2021-07-15T08:28:33","date_gmt":"2021-07-15T08:28:36","guid":{"rendered":"https:\/\/www.upjs.sk\/lekarska-fakulta\/konferencie\/2020-2\/"},"modified":"2023-01-25T23:04:33","modified_gmt":"2023-01-25T22:04:33","slug":"podujatia-2020","status":"publish","type":"page","link":"https:\/\/www.upjs.sk\/lekarska-fakulta\/fakulta\/konferencie-a-podujatia\/podujatia-2020\/","title":{"rendered":"Podujatia v roku 2020"},"content":{"rendered":"<style type=\"text\/css\"><!-- td.mesiac{color:#b82020;font-weight:bold;padding-top:1em} td.nadpis{font-weight:bold;padding-top:1em;padding-bottom:.5em} tr{vertical-align:top;} tr.tmave{background-color:#FFE4E7;} --> <\/style>\n<table border=\"0\" cellpadding=\"0\" cellspacing=\"0\" style=\"margin-top:-1em; width:100%\">\n<tbody>\n<tr>\n<td width=\"130\">\u00a0<\/td>\n<td width=\"430\">\u00a0<\/td>\n<\/tr>\n<p> \t\t<!--\t\t\n\n<tr> \t\t\t\n\n<td class=\"mesiac\" colspan=\"2\">M\u00c1J 2020<\/td>\n\n \t\t<\/tr>\n\n \t\t\n\n<tr> \t\t\t\n\n<td align=\"left\" class=\"nadpis\" colspan=\"2\"><strong>VII. slovensko-\u010desk\u00fd zjazd s\u00fadneho lek\u00e1rstva s medzin\u00e1rodnou \u00fa\u010das\u0165ou<\/strong><\/td>\n\n \t\t<\/tr>\n\n \t\t\n\n<tr class=\"tmave\"> \t\t\t\n\n<td>Term\u00edn konania:<\/td>\n\n \t\t\t\n\n<td>13. \u2013 15. m\u00e1ja 2020<\/td>\n\n \t\t<\/tr>\n\n \t\t\n\n<tr> \t\t\t\n\n<td>Miesto konania:<\/td>\n\n \t\t\t\n\n<td>Congress Hotel Centrum Ko\u0161ice<\/td>\n\n \t\t<\/tr>\n\n \t\t\n\n<tr class=\"tmave\"> \t\t\t\n\n<td>Organizuj\u00face subjekty:<\/td>\n\n \t\t\t\n\n<td>\u00dastav s\u00fadneho lek\u00e1rstva UPJ\u0160 Lek\u00e1rska fakulta<br \/> \t\t\tS\u00fadnolek\u00e1rske a patologickoanatomick\u00e9 pracovisko \u00daDZS Ko\u0161ice<br \/> \t\t\tSlovensk\u00e1 s\u00fadnolek\u00e1rska spolo\u010dnos\u0165 SLS<br \/> \t\t\t\u010cesk\u00e1 spole\u010dnost soudn\u00edho l\u00e9ka\u0159stv\u00ed a toxikologie \u010cLS JEP<br \/> \t\t\tOZ \u010clovek medzi \u013eu\u010fmi<\/td>\n\n \t\t<\/tr>\n\n \t\t\n\n<tr> \t\t\t\n\n<td>Koordin\u00e1tori:<\/td>\n\n \t\t\t\n\n<td>MUDr. Silvia Farka\u0161ov\u00e1 Iannaccone, PhD.<br \/> \t\t\tMUDr. Vlasta Vyhn\u00e1lkov\u00e1<br \/> \t\t\tMUDr. Dorota Sopkov\u00e1<\/td>\n\n \t\t<\/tr>\n\n \t\t\n\n<tr class=\"tmave\"> \t\t\t\n\n<td>Pozn\u00e1mka:<\/td>\n\n \t\t\t\n\n<td><a href=\"http:\/\/sudnelekarstvo.sk\/vii-slovensko-cesky-zjazd-sudneho-lekarstva-s-medzinarodnou-ucastou\/\">Web a registr\u00e1cia<\/a><\/td>\n\n \t\t<\/tr>\n\n \t\t\n\n<tr> \t\t\t\n\n<td colspan=\"2\">\u00a0<\/td>\n\n \t\t<\/tr>\n\n--> \t\t<\/p>\n<tr>\n<td class=\"mesiac\" colspan=\"2\">J\u00daN 2020<\/td>\n<\/tr>\n<tr>\n<td align=\"left\" class=\"nadpis\" colspan=\"2\"><strong>9<sup>th<\/sup> NEONATOLOGY CONFERENCE IN KO\u0160ICE<\/strong><\/td>\n<\/tr>\n<tr class=\"tmave\">\n<td>Date:<\/td>\n<td>8<sup>th<\/sup> \u2013 12<sup>th<\/sup> June 2020<\/td>\n<\/tr>\n<tr>\n<td>Congress Venue:<\/td>\n<td>Live stream<\/td>\n<\/tr>\n<tr class=\"tmave\">\n<td>Organizing subjects:<\/td>\n<td>Non-profit organisation NOVORODENEC.SK<br \/> \t\t\tFaculty of Medicine, Pavol Jozef \u0160af\u00e1rik University in Ko\u0161ice<br \/> \t\t\tOpen Medical Institute &#8211; American Austrian Foundation<br \/> \t\t\tSlovak Medical Chamber<\/td>\n<\/tr>\n<tr>\n<td>Coordinator:<\/td>\n<td>Peter Krcho MD., PhD.<\/td>\n<\/tr>\n<tr class=\"tmave\">\n<td>Congress Language:<\/td>\n<td>English<\/td>\n<\/tr>\n<tr>\n<td>Note:<\/td>\n<td><a href=\"\/public\/media\/0455\/PROGRAM_IX_NEOKE_ 2020 (003).pdf\">Programme<\/a><\/td>\n<\/tr>\n<tr>\n<td colspan=\"2\">\u00a0<\/td>\n<\/tr>\n<tr>\n<td class=\"mesiac\" colspan=\"2\">OKT\u00d3BER 2020<\/td>\n<\/tr>\n<tr>\n<td align=\"left\" class=\"nadpis\" colspan=\"2\"><strong>36. konferencia Kliniky det\u00ed a dorastu LF UPJ\u0160 a DFN<br \/> \t\t\tXII. D\u00e9mantov de\u0148<\/strong><\/td>\n<\/tr>\n<tr class=\"tmave\">\n<td>Term\u00edn konania:<\/td>\n<td>22. okt\u00f3bra 2020<\/td>\n<\/tr>\n<tr>\n<td>Miesto konania:<\/td>\n<td>Ko\u0161ice formou webin\u00e1ra<\/td>\n<\/tr>\n<tr class=\"tmave\">\n<td>Organizuj\u00face subjekty:<\/td>\n<td>Slovensk\u00e1 pediatrick\u00e1 spolo\u010dnos\u0165<br \/> \t\t\tDetsk\u00e1 fakultn\u00e1 nemocnica Ko\u0161ice<br \/> \t\t\tLek\u00e1rska fakulta UPJ\u0160 v Ko\u0161iciach<br \/> \t\t\tKlinika det\u00ed a dorastu LF UPJ\u0160 a DFN Ko\u0161ice<\/td>\n<\/tr>\n<tr>\n<td>Koordin\u00e1tori:<\/td>\n<td>doc. MUDr. Veronika Vargov\u00e1, PhD.<\/td>\n<\/tr>\n<tr class=\"tmave\">\n<td>Pozn\u00e1mka:<\/td>\n<td><a href=\"https:\/\/www.upjs.sk\/public\/media\/23770\/Pediatria%20Kosice%202020%20-%20Program.pdf\">Program<\/a><\/td>\n<\/tr>\n<tr>\n<td colspan=\"2\">\u00a0<\/td>\n<\/tr>\n<tr>\n<td class=\"mesiac\" colspan=\"2\">NOVEMBER 2020<\/td>\n<\/tr>\n<tr>\n<td align=\"left\" class=\"nadpis\" colspan=\"2\"><strong>14<sup>th<\/sup> INTERNATIONAL SCIENTIFIC CONFERENCE ON PROBIOTICS, PREBIOTICS, GUT MICROBIOTA AND HEALTH \u2013 IPC 2020<\/strong><\/td>\n<\/tr>\n<tr class=\"tmave\">\n<td>Date:<\/td>\n<td>11<sup>th<\/sup> November 2020 (virtual)<\/td>\n<\/tr>\n<tr>\n<td>Organizing subjects:<\/td>\n<td>CLS Consulting Ltd.<br \/> \t\t\tPavol Jozef \u0160af\u00e1rik University in Ko\u0161ice,<br \/> \t\t\tFaculty of Medicine,<br \/> \t\t\tInstitute of Experimental Medicine<\/td>\n<\/tr>\n<tr class=\"tmave\">\n<td>Coordinator:<\/td>\n<td>Alojz Bomba, MVD. DrSc.<\/td>\n<\/tr>\n<tr>\n<td>Congress Language:<\/td>\n<td>English<\/td>\n<\/tr>\n<tr class=\"tmave\">\n<td>Web:<\/td>\n<td><a href=\"http:\/\/www.probiotic-conference.net\">http:\/\/www.probiotic-conference.net<\/a><\/td>\n<\/tr>\n<tr>\n<td colspan=\"2\">\u00a0<\/td>\n<\/tr>\n<tr>\n<td align=\"left\" class=\"nadpis\" colspan=\"2\"><strong>6. kurz CEEA<\/strong><\/td>\n<\/tr>\n<tr class=\"tmave\">\n<td>Term\u00edn konania:<\/td>\n<td>23. \u2013 25. novembra 2020<\/td>\n<\/tr>\n<tr>\n<td>Miesto konania:<\/td>\n<td>Online pomocou MS Teams<\/td>\n<\/tr>\n<tr class=\"tmave\">\n<td>Organizuj\u00face subjekty:<\/td>\n<td><a href=\"http:\/\/www.lf.upjs.sk\/ceea\">Slovensk\u00e9 centrum CEEA<\/a><br \/> \t\t\tEur\u00f3pska spolo\u010dnos\u0165 anest\u00e9ziol\u00f3gie<br \/> \t\t\tSlovensk\u00e1 spolo\u010dnos\u0165 anest\u00e9ziol\u00f3gie a intenz\u00edvnej medic\u00edny<br \/> \t\t\tI. klinika anest\u00e9ziol\u00f3gie a intenz\u00edvnej medic\u00edny UPJ\u0160 LF a UNLP Ko\u0161ice<br \/> \t\t\tSpolo\u010dnos\u0165 pre kriticky chor\u00fdch pri I. KAIM<\/td>\n<\/tr>\n<tr>\n<td>Koordin\u00e1tor:<\/td>\n<td>MUDr. \u0160tefan Trenkler, PhD., Slovensk\u00e9 centrum CEEA<\/td>\n<\/tr>\n<tr class=\"tmave\">\n<td>Pozn\u00e1mka:<\/td>\n<td><a href=\"http:\/\/www.lf.upjs.sk\/ceea\/CEEA%202020%20program%2023_11_2020.pdf\">Program<\/a><\/td>\n<\/tr>\n<tr>\n<td colspan=\"2\">\u00a0<\/td>\n<\/tr>\n<tr>\n<td class=\"mesiac\" colspan=\"2\">DECEMBER 2020<\/td>\n<\/tr>\n<tr>\n<td align=\"left\" class=\"nadpis\" colspan=\"2\"><strong>XXIX. Schwarzov de\u0148<\/strong><\/td>\n<\/tr>\n<tr class=\"tmave\">\n<td>Term\u00edn konania:<\/td>\n<td>17. december 2020<\/td>\n<\/tr>\n<tr>\n<td>Forma konania:<\/td>\n<td>Telekonferencia prostredn\u00edctvom programu ZOOM<\/td>\n<\/tr>\n<tr class=\"tmave\">\n<td>Organizuj\u00face subjekty:<\/td>\n<td>Slovensk\u00e1 gynekologicko-p\u00f4rodn\u00edcka spolo\u010dnos\u0165 SLS<br \/> \t\t\tUPJ\u0160 v Ko\u0161iciach, Lek\u00e1rska fakulta<\/td>\n<\/tr>\n<tr>\n<td>Koordin\u00e1tor:<\/td>\n<td>prof. MUDr. Alexander Ostr\u00f3, CSc., MBA<\/td>\n<\/tr>\n<tr class=\"tmave\">\n<td>Web a registr\u00e1cia:<\/td>\n<td><a href=\"https:\/\/sgps-kongres.sk\/schwarzovden\/\" target=\"_blank\" rel=\"noopener\">https:\/\/sgps-kongres.sk\/schwarzovden\/<\/a><\/td>\n<\/tr>\n<tr>\n<td>Pozn\u00e1mka:<\/td>\n<td><a href=\"\/public\/media\/0455\/pozvanka - XXIX. Schwarzov den, 17.12. 2020.pdf\"><!--Inform\u00e1cia o vedeckej konferencii s medzin\u00e1rodnou \u00fa\u010das\u0165ou-->Program<\/a><\/td>\n<\/tr>\n<tr>\n<td colspan=\"2\">\u00a0<\/td>\n<\/tr>\n<\/tbody>\n<\/table>\n","protected":false},"excerpt":{"rendered":"<p>\u00a0 \u00a0 J\u00daN 2020 9th NEONATOLOGY CONFERENCE IN KO\u0160ICE Date: 8th \u2013 12th June 2020 Congress Venue: Live stream Organizing subjects: Non-profit organisation NOVORODENEC.SK Faculty of Medicine, Pavol Jozef \u0160af\u00e1rik University in Ko\u0161ice Open Medical Institute &#8211; American Austrian Foundation Slovak Medical Chamber Coordinator: Peter Krcho MD., PhD. Congress Language: English Note: Programme \u00a0 OKT\u00d3BER &hellip; <a href=\"https:\/\/www.upjs.sk\/lekarska-fakulta\/fakulta\/konferencie-a-podujatia\/podujatia-2020\/\">\u010c\u00edta\u0165 \u010falej<\/a><\/p>\n","protected":false},"author":1,"featured_media":0,"parent":14171,"menu_order":6,"comment_status":"closed","ping_status":"closed","template":"","meta":{"_acf_changed":false,"_editorskit_title_hidden":false,"_editorskit_reading_time":0,"_editorskit_is_block_options_detached":false,"_editorskit_block_options_position":"{}","footnotes":""},"categories":[],"tags":[],"class_list":["post-16642","page","type-page","status-publish","hentry"],"acf":{"acf_link_na_externy_obsah":""},"yoast_head":"<!-- This site is optimized with the Yoast SEO plugin v27.4 - https:\/\/yoast.com\/product\/yoast-seo-wordpress\/ -->\n<title>Podujatia v roku 2020 - Lek\u00e1rska fakulta | UPJ\u0160<\/title>\n<meta name=\"robots\" content=\"index, follow, max-snippet:-1, max-image-preview:large, max-video-preview:-1\" \/>\n<link rel=\"canonical\" href=\"https:\/\/www.upjs.sk\/lekarska-fakulta\/fakulta\/konferencie-a-podujatia\/podujatia-2020\/\" \/>\n<meta property=\"og:locale\" content=\"sk_SK\" \/>\n<meta property=\"og:type\" content=\"article\" \/>\n<meta property=\"og:title\" content=\"Podujatia v roku 2020 - Lek\u00e1rska fakulta | UPJ\u0160\" \/>\n<meta property=\"og:description\" content=\"\u00a0 \u00a0 J\u00daN 2020 9th NEONATOLOGY CONFERENCE IN KO\u0160ICE Date: 8th \u2013 12th June 2020 Congress Venue: Live stream Organizing subjects: Non-profit organisation NOVORODENEC.SK Faculty of Medicine, Pavol Jozef \u0160af\u00e1rik University in Ko\u0161ice Open Medical Institute &#8211; American Austrian Foundation Slovak Medical Chamber Coordinator: Peter Krcho MD., PhD. Congress Language: English Note: Programme \u00a0 OKT\u00d3BER &hellip; \u010c\u00edta\u0165 \u010falej\" \/>\n<meta property=\"og:url\" content=\"https:\/\/www.upjs.sk\/lekarska-fakulta\/fakulta\/konferencie-a-podujatia\/podujatia-2020\/\" \/>\n<meta property=\"og:site_name\" content=\"Lek\u00e1rska fakulta | UPJ\u0160\" \/>\n<meta property=\"article:modified_time\" content=\"2023-01-25T22:04:33+00:00\" \/>\n<meta name=\"twitter:card\" content=\"summary_large_image\" \/>\n<meta name=\"twitter:label1\" content=\"Predpokladan\u00fd \u010das \u010d\u00edtania\" \/>\n\t<meta name=\"twitter:data1\" content=\"1 min\u00fata\" \/>\n<script type=\"application\/ld+json\" class=\"yoast-schema-graph\">{\"@context\":\"https:\\\/\\\/schema.org\",\"@graph\":[{\"@type\":\"WebPage\",\"@id\":\"https:\\\/\\\/www.upjs.sk\\\/lekarska-fakulta\\\/fakulta\\\/konferencie-a-podujatia\\\/podujatia-2020\\\/\",\"url\":\"https:\\\/\\\/www.upjs.sk\\\/lekarska-fakulta\\\/fakulta\\\/konferencie-a-podujatia\\\/podujatia-2020\\\/\",\"name\":\"Podujatia v roku 2020 - Lek\u00e1rska fakulta | UPJ\u0160\",\"isPartOf\":{\"@id\":\"https:\\\/\\\/www.upjs.sk\\\/lekarska-fakulta\\\/#website\"},\"datePublished\":\"2021-07-15T08:28:36+00:00\",\"dateModified\":\"2023-01-25T22:04:33+00:00\",\"breadcrumb\":{\"@id\":\"https:\\\/\\\/www.upjs.sk\\\/lekarska-fakulta\\\/fakulta\\\/konferencie-a-podujatia\\\/podujatia-2020\\\/#breadcrumb\"},\"inLanguage\":\"sk-SK\",\"potentialAction\":[{\"@type\":\"ReadAction\",\"target\":[\"https:\\\/\\\/www.upjs.sk\\\/lekarska-fakulta\\\/fakulta\\\/konferencie-a-podujatia\\\/podujatia-2020\\\/\"]}]},{\"@type\":\"BreadcrumbList\",\"@id\":\"https:\\\/\\\/www.upjs.sk\\\/lekarska-fakulta\\\/fakulta\\\/konferencie-a-podujatia\\\/podujatia-2020\\\/#breadcrumb\",\"itemListElement\":[{\"@type\":\"ListItem\",\"position\":1,\"name\":\"Home\",\"item\":\"https:\\\/\\\/www.upjs.sk\\\/lekarska-fakulta\\\/\"},{\"@type\":\"ListItem\",\"position\":2,\"name\":\"O fakulte\",\"item\":\"https:\\\/\\\/www.upjs.sk\\\/lekarska-fakulta\\\/fakulta\\\/\"},{\"@type\":\"ListItem\",\"position\":3,\"name\":\"Konferencie a podujatia\",\"item\":\"https:\\\/\\\/www.upjs.sk\\\/lekarska-fakulta\\\/fakulta\\\/konferencie-a-podujatia\\\/\"},{\"@type\":\"ListItem\",\"position\":4,\"name\":\"Podujatia v roku 2020\"}]},{\"@type\":\"WebSite\",\"@id\":\"https:\\\/\\\/www.upjs.sk\\\/lekarska-fakulta\\\/#website\",\"url\":\"https:\\\/\\\/www.upjs.sk\\\/lekarska-fakulta\\\/\",\"name\":\"Lek\u00e1rska fakulta | UPJ\u0160\",\"description\":\"\",\"publisher\":{\"@id\":\"https:\\\/\\\/www.upjs.sk\\\/lekarska-fakulta\\\/#organization\"},\"potentialAction\":[{\"@type\":\"SearchAction\",\"target\":{\"@type\":\"EntryPoint\",\"urlTemplate\":\"https:\\\/\\\/www.upjs.sk\\\/lekarska-fakulta\\\/?s={search_term_string}\"},\"query-input\":{\"@type\":\"PropertyValueSpecification\",\"valueRequired\":true,\"valueName\":\"search_term_string\"}}],\"inLanguage\":\"sk-SK\"},{\"@type\":\"Organization\",\"@id\":\"https:\\\/\\\/www.upjs.sk\\\/lekarska-fakulta\\\/#organization\",\"name\":\"Lek\u00e1rska fakulta | UPJ\u0160\",\"url\":\"https:\\\/\\\/www.upjs.sk\\\/lekarska-fakulta\\\/\",\"logo\":{\"@type\":\"ImageObject\",\"inLanguage\":\"sk-SK\",\"@id\":\"https:\\\/\\\/www.upjs.sk\\\/lekarska-fakulta\\\/#\\\/schema\\\/logo\\\/image\\\/\",\"url\":\"https:\\\/\\\/www.upjs.sk\\\/app\\\/uploads\\\/sites\\\/9\\\/2022\\\/09\\\/logo-lekarska-fakulta.png\",\"contentUrl\":\"https:\\\/\\\/www.upjs.sk\\\/app\\\/uploads\\\/sites\\\/9\\\/2022\\\/09\\\/logo-lekarska-fakulta.png\",\"width\":415,\"height\":87,\"caption\":\"Lek\u00e1rska fakulta | UPJ\u0160\"},\"image\":{\"@id\":\"https:\\\/\\\/www.upjs.sk\\\/lekarska-fakulta\\\/#\\\/schema\\\/logo\\\/image\\\/\"}}]}<\/script>\n<!-- \/ Yoast SEO plugin. -->","yoast_head_json":{"title":"Podujatia v roku 2020 - Lek\u00e1rska fakulta | UPJ\u0160","robots":{"index":"index","follow":"follow","max-snippet":"max-snippet:-1","max-image-preview":"max-image-preview:large","max-video-preview":"max-video-preview:-1"},"canonical":"https:\/\/www.upjs.sk\/lekarska-fakulta\/fakulta\/konferencie-a-podujatia\/podujatia-2020\/","og_locale":"sk_SK","og_type":"article","og_title":"Podujatia v roku 2020 - Lek\u00e1rska fakulta | UPJ\u0160","og_description":"\u00a0 \u00a0 J\u00daN 2020 9th NEONATOLOGY CONFERENCE IN KO\u0160ICE Date: 8th \u2013 12th June 2020 Congress Venue: Live stream Organizing subjects: Non-profit organisation NOVORODENEC.SK Faculty of Medicine, Pavol Jozef \u0160af\u00e1rik University in Ko\u0161ice Open Medical Institute &#8211; American Austrian Foundation Slovak Medical Chamber Coordinator: Peter Krcho MD., PhD. Congress Language: English Note: Programme \u00a0 OKT\u00d3BER &hellip; \u010c\u00edta\u0165 \u010falej","og_url":"https:\/\/www.upjs.sk\/lekarska-fakulta\/fakulta\/konferencie-a-podujatia\/podujatia-2020\/","og_site_name":"Lek\u00e1rska fakulta | UPJ\u0160","article_modified_time":"2023-01-25T22:04:33+00:00","twitter_card":"summary_large_image","twitter_misc":{"Predpokladan\u00fd \u010das \u010d\u00edtania":"1 min\u00fata"},"schema":{"@context":"https:\/\/schema.org","@graph":[{"@type":"WebPage","@id":"https:\/\/www.upjs.sk\/lekarska-fakulta\/fakulta\/konferencie-a-podujatia\/podujatia-2020\/","url":"https:\/\/www.upjs.sk\/lekarska-fakulta\/fakulta\/konferencie-a-podujatia\/podujatia-2020\/","name":"Podujatia v roku 2020 - Lek\u00e1rska fakulta | UPJ\u0160","isPartOf":{"@id":"https:\/\/www.upjs.sk\/lekarska-fakulta\/#website"},"datePublished":"2021-07-15T08:28:36+00:00","dateModified":"2023-01-25T22:04:33+00:00","breadcrumb":{"@id":"https:\/\/www.upjs.sk\/lekarska-fakulta\/fakulta\/konferencie-a-podujatia\/podujatia-2020\/#breadcrumb"},"inLanguage":"sk-SK","potentialAction":[{"@type":"ReadAction","target":["https:\/\/www.upjs.sk\/lekarska-fakulta\/fakulta\/konferencie-a-podujatia\/podujatia-2020\/"]}]},{"@type":"BreadcrumbList","@id":"https:\/\/www.upjs.sk\/lekarska-fakulta\/fakulta\/konferencie-a-podujatia\/podujatia-2020\/#breadcrumb","itemListElement":[{"@type":"ListItem","position":1,"name":"Home","item":"https:\/\/www.upjs.sk\/lekarska-fakulta\/"},{"@type":"ListItem","position":2,"name":"O fakulte","item":"https:\/\/www.upjs.sk\/lekarska-fakulta\/fakulta\/"},{"@type":"ListItem","position":3,"name":"Konferencie a podujatia","item":"https:\/\/www.upjs.sk\/lekarska-fakulta\/fakulta\/konferencie-a-podujatia\/"},{"@type":"ListItem","position":4,"name":"Podujatia v roku 2020"}]},{"@type":"WebSite","@id":"https:\/\/www.upjs.sk\/lekarska-fakulta\/#website","url":"https:\/\/www.upjs.sk\/lekarska-fakulta\/","name":"Lek\u00e1rska fakulta | UPJ\u0160","description":"","publisher":{"@id":"https:\/\/www.upjs.sk\/lekarska-fakulta\/#organization"},"potentialAction":[{"@type":"SearchAction","target":{"@type":"EntryPoint","urlTemplate":"https:\/\/www.upjs.sk\/lekarska-fakulta\/?s={search_term_string}"},"query-input":{"@type":"PropertyValueSpecification","valueRequired":true,"valueName":"search_term_string"}}],"inLanguage":"sk-SK"},{"@type":"Organization","@id":"https:\/\/www.upjs.sk\/lekarska-fakulta\/#organization","name":"Lek\u00e1rska fakulta | UPJ\u0160","url":"https:\/\/www.upjs.sk\/lekarska-fakulta\/","logo":{"@type":"ImageObject","inLanguage":"sk-SK","@id":"https:\/\/www.upjs.sk\/lekarska-fakulta\/#\/schema\/logo\/image\/","url":"https:\/\/www.upjs.sk\/app\/uploads\/sites\/9\/2022\/09\/logo-lekarska-fakulta.png","contentUrl":"https:\/\/www.upjs.sk\/app\/uploads\/sites\/9\/2022\/09\/logo-lekarska-fakulta.png","width":415,"height":87,"caption":"Lek\u00e1rska fakulta | UPJ\u0160"},"image":{"@id":"https:\/\/www.upjs.sk\/lekarska-fakulta\/#\/schema\/logo\/image\/"}}]}},"_links":{"self":[{"href":"https:\/\/www.upjs.sk\/lekarska-fakulta\/wp-json\/wp\/v2\/pages\/16642","targetHints":{"allow":["GET"]}}],"collection":[{"href":"https:\/\/www.upjs.sk\/lekarska-fakulta\/wp-json\/wp\/v2\/pages"}],"about":[{"href":"https:\/\/www.upjs.sk\/lekarska-fakulta\/wp-json\/wp\/v2\/types\/page"}],"author":[{"embeddable":true,"href":"https:\/\/www.upjs.sk\/lekarska-fakulta\/wp-json\/wp\/v2\/users\/1"}],"replies":[{"embeddable":true,"href":"https:\/\/www.upjs.sk\/lekarska-fakulta\/wp-json\/wp\/v2\/comments?post=16642"}],"version-history":[{"count":2,"href":"https:\/\/www.upjs.sk\/lekarska-fakulta\/wp-json\/wp\/v2\/pages\/16642\/revisions"}],"predecessor-version":[{"id":74170,"href":"https:\/\/www.upjs.sk\/lekarska-fakulta\/wp-json\/wp\/v2\/pages\/16642\/revisions\/74170"}],"up":[{"embeddable":true,"href":"https:\/\/www.upjs.sk\/lekarska-fakulta\/wp-json\/wp\/v2\/pages\/14171"}],"wp:attachment":[{"href":"https:\/\/www.upjs.sk\/lekarska-fakulta\/wp-json\/wp\/v2\/media?parent=16642"}],"wp:term":[{"taxonomy":"category","embeddable":true,"href":"https:\/\/www.upjs.sk\/lekarska-fakulta\/wp-json\/wp\/v2\/categories?post=16642"},{"taxonomy":"post_tag","embeddable":true,"href":"https:\/\/www.upjs.sk\/lekarska-fakulta\/wp-json\/wp\/v2\/tags?post=16642"}],"curies":[{"name":"wp","href":"https:\/\/api.w.org\/{rel}","templated":true}]}}