{"id":16644,"date":"2022-09-02T11:04:33","date_gmt":"2022-09-02T11:04:46","guid":{"rendered":"https:\/\/www.upjs.sk\/lekarska-fakulta\/konferencie\/2022-2\/"},"modified":"2025-02-20T11:17:08","modified_gmt":"2025-02-20T10:17:08","slug":"podujatia-2022","status":"publish","type":"page","link":"https:\/\/www.upjs.sk\/lekarska-fakulta\/fakulta\/konferencie-a-podujatia\/podujatia-2022\/","title":{"rendered":"Podujatia v roku 2022"},"content":{"rendered":"\n<figure class=\"wp-block-table is-style-stripes\"><table><tbody><tr><td>&nbsp;<\/td><td>&nbsp;<\/td><\/tr><tr><td colspan=\"2\"><strong><mark style=\"background-color:rgba(0, 0, 0, 0)\" class=\"has-inline-color has-lekarska-f-color\">M\u00c1J 2022<\/mark><\/strong><\/td><\/tr><tr><td colspan=\"2\"><strong>ICTD 2022: Recruitment in Clinical Trials<\/strong><\/td><\/tr><tr><td>Term\u00edn konania:<\/td><td>17. m\u00e1ja 2022<\/td><\/tr><tr><td>Miesto konania:<\/td><td>Berl\u00edn\/online<\/td><\/tr><tr><td>Organizuj\u00face subjekty:<\/td><td>ECRIN (European Clinical Research Infrastructure Network)<\/td><\/tr><tr><td>Pozn\u00e1mka:<\/td><td><a href=\"https:\/\/ecrin.org\/events\/ictd2022\">https:\/\/ecrin.org\/events\/ictd2022<\/a><\/td><\/tr><tr><td>&nbsp;<\/td><td>&nbsp;<\/td><\/tr><tr><td colspan=\"2\"><strong>Dies Jessenii XXIV.<\/strong><\/td><\/tr><tr><td>Term\u00edn konania:<\/td><td>26. \u2013 27. m\u00e1ja 2022<\/td><\/tr><tr><td>Miesto konania:<\/td><td>Hotel Roca, Ko\u0161ice<\/td><\/tr><tr><td>Organizuj\u00face subjekty:<\/td><td>Slovensk\u00e1 lek\u00e1rska spolo\u010dnos\u0165<br>Slovensk\u00e1 chirurgick\u00e1 spolo\u010dnos\u0165<br>Lek\u00e1rska fakulta Univerzity Pavla Jozefa \u0160af\u00e1rika v Ko\u0161iciach<br>Univerzitn\u00e1 nemocnica Louisa Pasteura, Ko\u0161ice<br>II. chirurgick\u00e1 klinika UPJ\u0160 LF a UNLP Ko\u0161ice<\/td><\/tr><tr><td>Koordin\u00e1tor:<\/td><td>doc. MUDr. Jozef Bel\u00e1k, PhD., prednosta II. chirurgickej kliniky UPJ\u0160 LF a UNLP<\/td><\/tr><tr><td>Pozn\u00e1mka:<\/td><td><a href=\"https:\/\/diesjessenii.sk\/uvod\">www str\u00e1nka konferencie<\/a>,<a href=\"https:\/\/www.upjs.sk\/public\/media\/0455\/Dies%20Jessenii%202022%20program.pdf\"> Program<\/a><\/td><\/tr><tr><td>&nbsp;<\/td><td>&nbsp;<\/td><\/tr><tr><td colspan=\"2\"><strong><mark style=\"background-color:rgba(0, 0, 0, 0)\" class=\"has-inline-color has-lekarska-f-color\">J\u00daN 2022<\/mark><\/strong><\/td><\/tr><tr><td colspan=\"2\"><strong>38. konferencia Kliniky det\u00ed a dorastu UPJ\u0160 LF a DFN s medzin\u00e1rodnou \u00fa\u010das\u0165ou<br>XIV. D\u00e9mantov de\u0148<\/strong><\/td><\/tr><tr><td>Term\u00edn konania:<\/td><td>2. j\u00fana 2022<\/td><\/tr><tr><td>Miesto konania:<\/td><td>Hotel Yasmin Ko\u0161ice<\/td><\/tr><tr><td>Organizuj\u00face subjekty:<\/td><td>Slovensk\u00e1 pediatrick\u00e1 spolo\u010dnos\u0165<br>Detsk\u00e1 fakultn\u00e1 nemocnica Ko\u0161ice<br>Lek\u00e1rska fakulta UPJ\u0160 v Ko\u0161iciach<br>Klinika det\u00ed a dorastu LF UPJ\u0160 a DFN Ko\u0161ice<\/td><\/tr><tr><td>Koordin\u00e1tor:<\/td><td>doc. MUDr. Veronika Vargov\u00e1, PhD.<\/td><\/tr><tr><td>Pozn\u00e1mka:<\/td><td><a href=\"https:\/\/pediatria-kosice.sk\/uvod\">Inform\u00e1cia o podujat\u00ed<\/a>, <a href=\"https:\/\/www.upjs.sk\/public\/media\/0455\/Pediatria Kosice 2022 - Program A5.pdf\">Program<\/a><\/td><\/tr><tr><td colspan=\"2\">&nbsp;<\/td><\/tr><tr><td colspan=\"2\"><strong>X. ko\u0161ick\u00e1 neonatologick\u00e1 konferencia<\/strong><\/td><\/tr><tr><td>Term\u00edn konania:<\/td><td>6. \u2013 7. j\u00fana 2022<\/td><\/tr><tr><td>Miesto konania:<\/td><td>Kulturpark, Kuku\u010d\u00ednova 2, Ko\u0161ice<\/td><\/tr><tr><td>Organizuj\u00face subjekty:<\/td><td>Univerzitn\u00e1 namocnica L. Pasteura Ko\u0161ice<br>Neziskov\u00e1 organiz\u00e1cia Novorodenec.sk<br>UPJ\u0160 v Ko\u0161iciach, Lek\u00e1rska fakulta<br>Slovensk\u00e1 lek\u00e1rska komora<\/td><\/tr><tr><td>Koordin\u00e1tor:<\/td><td>MUDr. Peter Krcho, PhD.<\/td><\/tr><tr><td>Pozn\u00e1mka:<\/td><td><a href=\"https:\/\/www.upjs.sk\/app\/uploads\/sites\/9\/2022\/09\/NEOKE_2022_ENG-SVK_PROGRAM4.pdf\" target=\"_blank\" rel=\"noreferrer noopener\">Program<\/a><\/td><\/tr><tr><td colspan=\"2\">&nbsp;<\/td><\/tr><tr><td colspan=\"2\"><strong><mark style=\"background-color:rgba(0, 0, 0, 0)\" class=\"has-inline-color has-lekarska-f-color\">SEPTEMBER 2022<\/mark><\/strong><\/td><\/tr><tr><td colspan=\"2\"><strong>INTERNATIONAL NEPHROLOGICAL SYMPOSIUM DEVOTED TO THE MEMORY OF PROFESSOR MIROSLAV MYDL\u00cdK (1932 \u2013 2018)<\/strong><\/td><\/tr><tr><td>Date:<\/td><td>September 21st, 2022<\/td><\/tr><tr><td>Venue:<\/td><td>Historical Hall, \u0160af\u00e1rik University, Ko\u0161ice, \u0160rob\u00e1rova 2<\/td><\/tr><tr><td>Organizing subjects:<\/td><td>Slovak Medical Association<br>Ko\u0161ice Medical Society<br>Slovak Nephrological Society<br>Pavol Jozef \u0160af\u00e1rik University, Ko\u0161ice<br>Medical Faculty, \u0160af\u00e1rik University, Ko\u0161ice<br>Louis Pasteur University Hospital, Ko\u0161ice<br>Regional Medical Chamber, Ko\u0161ice<\/td><\/tr><tr><td>Coordinators:<\/td><td>Katka Derzsiov\u00e1, Oliver R\u00e1cz, Adriana Sabolov\u00e1<\/td><\/tr><tr><td>Note:<\/td><td><a href=\"https:\/\/www.upjs.sk\/app\/uploads\/sites\/9\/2022\/09\/prof.-mydlik.pdf\">Programme<\/a><\/td><\/tr><tr><td>&nbsp;<\/td><td>&nbsp;<\/td><\/tr><tr><td colspan=\"2\"><strong><mark style=\"background-color:rgba(0, 0, 0, 0)\" class=\"has-inline-color has-lekarska-f-color\">DECEMBER 2022<\/mark><\/strong><\/td><\/tr><tr><td colspan=\"2\"><strong>XXXI. Schwarzov de\u0148<\/strong><\/td><\/tr><tr><td>Term\u00edn konania:<\/td><td>9. decembra 2022, 13.00 &#8211; 19.00<\/td><\/tr><tr><td>Miesto konania:<\/td><td>Hotel Ambassador, Ko\u0161ice<\/td><\/tr><tr><td>Organizuj\u00face subjekty:<\/td><td>Slovensk\u00e1 gynekologicko-p\u00f4rodn\u00edcka spolo\u010dnos\u0165 SLS<br>Univerzita P. J. \u0160af\u00e1rika, Lek\u00e1rska fakulta Ko\u0161ice<br>Nemocnica AGEL, Ko\u0161ice-\u0160aca, a. s.<\/td><\/tr><tr><td>Koordin\u00e1tor:<\/td><td>prof. MUDr. Alexander Ostr\u00f3, CSc., MBA<\/td><\/tr><tr><td>Pozn\u00e1mka:<\/td><td><a href=\"https:\/\/www.upjs.sk\/app\/uploads\/sites\/9\/2022\/09\/PROGRAM-Schwarzov-den.pdf\">Inform\u00e1cia o vedeckej konferencii<\/a><\/td><\/tr><tr><td colspan=\"2\">&nbsp;<\/td><\/tr><tr><td colspan=\"2\"><strong>Konferencia o roboticky asistovanej rehabilit\u00e1cii <\/strong><\/td><\/tr><tr><td>Term\u00edn konania:<\/td><td>14. decembra 2022, 11.00 &#8211; 17.00<\/td><\/tr><tr><td>Miesto konania:<\/td><td>LF UPJ\u0160 v Ko\u0161iciach, P4 &#8211; Predn\u00e1\u0161kov\u00e1 miestnos\u0165 4 \u2013 Tr. SNP 1 \u2013 1. poschodie<\/td><\/tr><tr><td>Organizuj\u00faci subjekt:<\/td><td>Klinika fyziatrie, balneol\u00f3gie a lie\u010debnej rehabilit\u00e1cie Lek\u00e1rskej fakulty UPJ\u0160 a&nbsp;UNLP<\/td><\/tr><tr><td>Koordin\u00e1tor:<\/td><td>doc. MUDr. Peter&nbsp;Tak\u00e1\u010d, PhD., univer. prof.<\/td><\/tr><tr><td>Pozn\u00e1mka:<\/td><td><a href=\"\/public\/media\/0455\/POZVANKA_konferencia SK (1).pdf\">Program<\/a>, <a href=\"\/public\/media\/0455\/POZVANKA_konferencia 1_AJ.pdf\">Invitation<\/a><\/td><\/tr><\/tbody><\/table><\/figure>\n","protected":false},"excerpt":{"rendered":"<p>&nbsp; &nbsp; M\u00c1J 2022 ICTD 2022: Recruitment in Clinical Trials Term\u00edn konania: 17. m\u00e1ja 2022 Miesto konania: Berl\u00edn\/online Organizuj\u00face subjekty: ECRIN (European Clinical Research Infrastructure Network) Pozn\u00e1mka: https:\/\/ecrin.org\/events\/ictd2022 &nbsp; &nbsp; Dies Jessenii XXIV. Term\u00edn konania: 26. \u2013 27. m\u00e1ja 2022 Miesto konania: Hotel Roca, Ko\u0161ice Organizuj\u00face subjekty: Slovensk\u00e1 lek\u00e1rska spolo\u010dnos\u0165Slovensk\u00e1 chirurgick\u00e1 spolo\u010dnos\u0165Lek\u00e1rska fakulta Univerzity Pavla &hellip; <a href=\"https:\/\/www.upjs.sk\/lekarska-fakulta\/fakulta\/konferencie-a-podujatia\/podujatia-2022\/\">\u010c\u00edta\u0165 \u010falej<\/a><\/p>\n","protected":false},"author":1,"featured_media":0,"parent":14171,"menu_order":4,"comment_status":"closed","ping_status":"closed","template":"","meta":{"_acf_changed":false,"_editorskit_title_hidden":false,"_editorskit_reading_time":1,"_editorskit_is_block_options_detached":false,"_editorskit_block_options_position":"{}","footnotes":""},"categories":[],"tags":[],"class_list":["post-16644","page","type-page","status-publish","hentry"],"acf":{"acf_link_na_externy_obsah":""},"yoast_head":"<!-- This site is optimized with the Yoast SEO plugin v27.4 - https:\/\/yoast.com\/product\/yoast-seo-wordpress\/ -->\n<title>Podujatia v roku 2022 - Lek\u00e1rska fakulta | UPJ\u0160<\/title>\n<meta name=\"robots\" content=\"index, follow, max-snippet:-1, max-image-preview:large, max-video-preview:-1\" \/>\n<link rel=\"canonical\" href=\"https:\/\/www.upjs.sk\/lekarska-fakulta\/fakulta\/konferencie-a-podujatia\/podujatia-2022\/\" \/>\n<meta property=\"og:locale\" content=\"sk_SK\" \/>\n<meta property=\"og:type\" content=\"article\" \/>\n<meta property=\"og:title\" content=\"Podujatia v roku 2022 - Lek\u00e1rska fakulta | UPJ\u0160\" \/>\n<meta property=\"og:description\" content=\"&nbsp; &nbsp; M\u00c1J 2022 ICTD 2022: Recruitment in Clinical Trials Term\u00edn konania: 17. m\u00e1ja 2022 Miesto konania: Berl\u00edn\/online Organizuj\u00face subjekty: ECRIN (European Clinical Research Infrastructure Network) Pozn\u00e1mka: https:\/\/ecrin.org\/events\/ictd2022 &nbsp; &nbsp; Dies Jessenii XXIV. Term\u00edn konania: 26. \u2013 27. m\u00e1ja 2022 Miesto konania: Hotel Roca, Ko\u0161ice Organizuj\u00face subjekty: Slovensk\u00e1 lek\u00e1rska spolo\u010dnos\u0165Slovensk\u00e1 chirurgick\u00e1 spolo\u010dnos\u0165Lek\u00e1rska fakulta Univerzity Pavla &hellip; \u010c\u00edta\u0165 \u010falej\" \/>\n<meta property=\"og:url\" content=\"https:\/\/www.upjs.sk\/lekarska-fakulta\/fakulta\/konferencie-a-podujatia\/podujatia-2022\/\" \/>\n<meta property=\"og:site_name\" content=\"Lek\u00e1rska fakulta | UPJ\u0160\" \/>\n<meta property=\"article:modified_time\" content=\"2025-02-20T10:17:08+00:00\" \/>\n<meta name=\"twitter:card\" content=\"summary_large_image\" \/>\n<meta name=\"twitter:label1\" content=\"Predpokladan\u00fd \u010das \u010d\u00edtania\" \/>\n\t<meta name=\"twitter:data1\" content=\"2 min\u00faty\" \/>\n<script type=\"application\/ld+json\" class=\"yoast-schema-graph\">{\"@context\":\"https:\\\/\\\/schema.org\",\"@graph\":[{\"@type\":\"WebPage\",\"@id\":\"https:\\\/\\\/www.upjs.sk\\\/lekarska-fakulta\\\/fakulta\\\/konferencie-a-podujatia\\\/podujatia-2022\\\/\",\"url\":\"https:\\\/\\\/www.upjs.sk\\\/lekarska-fakulta\\\/fakulta\\\/konferencie-a-podujatia\\\/podujatia-2022\\\/\",\"name\":\"Podujatia v roku 2022 - Lek\u00e1rska fakulta | UPJ\u0160\",\"isPartOf\":{\"@id\":\"https:\\\/\\\/www.upjs.sk\\\/lekarska-fakulta\\\/#website\"},\"datePublished\":\"2022-09-02T11:04:46+00:00\",\"dateModified\":\"2025-02-20T10:17:08+00:00\",\"breadcrumb\":{\"@id\":\"https:\\\/\\\/www.upjs.sk\\\/lekarska-fakulta\\\/fakulta\\\/konferencie-a-podujatia\\\/podujatia-2022\\\/#breadcrumb\"},\"inLanguage\":\"sk-SK\",\"potentialAction\":[{\"@type\":\"ReadAction\",\"target\":[\"https:\\\/\\\/www.upjs.sk\\\/lekarska-fakulta\\\/fakulta\\\/konferencie-a-podujatia\\\/podujatia-2022\\\/\"]}]},{\"@type\":\"BreadcrumbList\",\"@id\":\"https:\\\/\\\/www.upjs.sk\\\/lekarska-fakulta\\\/fakulta\\\/konferencie-a-podujatia\\\/podujatia-2022\\\/#breadcrumb\",\"itemListElement\":[{\"@type\":\"ListItem\",\"position\":1,\"name\":\"Home\",\"item\":\"https:\\\/\\\/www.upjs.sk\\\/lekarska-fakulta\\\/\"},{\"@type\":\"ListItem\",\"position\":2,\"name\":\"O fakulte\",\"item\":\"https:\\\/\\\/www.upjs.sk\\\/lekarska-fakulta\\\/fakulta\\\/\"},{\"@type\":\"ListItem\",\"position\":3,\"name\":\"Konferencie a podujatia\",\"item\":\"https:\\\/\\\/www.upjs.sk\\\/lekarska-fakulta\\\/fakulta\\\/konferencie-a-podujatia\\\/\"},{\"@type\":\"ListItem\",\"position\":4,\"name\":\"Podujatia v roku 2022\"}]},{\"@type\":\"WebSite\",\"@id\":\"https:\\\/\\\/www.upjs.sk\\\/lekarska-fakulta\\\/#website\",\"url\":\"https:\\\/\\\/www.upjs.sk\\\/lekarska-fakulta\\\/\",\"name\":\"Lek\u00e1rska fakulta | UPJ\u0160\",\"description\":\"\",\"publisher\":{\"@id\":\"https:\\\/\\\/www.upjs.sk\\\/lekarska-fakulta\\\/#organization\"},\"potentialAction\":[{\"@type\":\"SearchAction\",\"target\":{\"@type\":\"EntryPoint\",\"urlTemplate\":\"https:\\\/\\\/www.upjs.sk\\\/lekarska-fakulta\\\/?s={search_term_string}\"},\"query-input\":{\"@type\":\"PropertyValueSpecification\",\"valueRequired\":true,\"valueName\":\"search_term_string\"}}],\"inLanguage\":\"sk-SK\"},{\"@type\":\"Organization\",\"@id\":\"https:\\\/\\\/www.upjs.sk\\\/lekarska-fakulta\\\/#organization\",\"name\":\"Lek\u00e1rska fakulta | UPJ\u0160\",\"url\":\"https:\\\/\\\/www.upjs.sk\\\/lekarska-fakulta\\\/\",\"logo\":{\"@type\":\"ImageObject\",\"inLanguage\":\"sk-SK\",\"@id\":\"https:\\\/\\\/www.upjs.sk\\\/lekarska-fakulta\\\/#\\\/schema\\\/logo\\\/image\\\/\",\"url\":\"https:\\\/\\\/www.upjs.sk\\\/app\\\/uploads\\\/sites\\\/9\\\/2022\\\/09\\\/logo-lekarska-fakulta.png\",\"contentUrl\":\"https:\\\/\\\/www.upjs.sk\\\/app\\\/uploads\\\/sites\\\/9\\\/2022\\\/09\\\/logo-lekarska-fakulta.png\",\"width\":415,\"height\":87,\"caption\":\"Lek\u00e1rska fakulta | UPJ\u0160\"},\"image\":{\"@id\":\"https:\\\/\\\/www.upjs.sk\\\/lekarska-fakulta\\\/#\\\/schema\\\/logo\\\/image\\\/\"}}]}<\/script>\n<!-- \/ Yoast SEO plugin. -->","yoast_head_json":{"title":"Podujatia v roku 2022 - Lek\u00e1rska fakulta | UPJ\u0160","robots":{"index":"index","follow":"follow","max-snippet":"max-snippet:-1","max-image-preview":"max-image-preview:large","max-video-preview":"max-video-preview:-1"},"canonical":"https:\/\/www.upjs.sk\/lekarska-fakulta\/fakulta\/konferencie-a-podujatia\/podujatia-2022\/","og_locale":"sk_SK","og_type":"article","og_title":"Podujatia v roku 2022 - Lek\u00e1rska fakulta | UPJ\u0160","og_description":"&nbsp; &nbsp; M\u00c1J 2022 ICTD 2022: Recruitment in Clinical Trials Term\u00edn konania: 17. m\u00e1ja 2022 Miesto konania: Berl\u00edn\/online Organizuj\u00face subjekty: ECRIN (European Clinical Research Infrastructure Network) Pozn\u00e1mka: https:\/\/ecrin.org\/events\/ictd2022 &nbsp; &nbsp; Dies Jessenii XXIV. Term\u00edn konania: 26. \u2013 27. m\u00e1ja 2022 Miesto konania: Hotel Roca, Ko\u0161ice Organizuj\u00face subjekty: Slovensk\u00e1 lek\u00e1rska spolo\u010dnos\u0165Slovensk\u00e1 chirurgick\u00e1 spolo\u010dnos\u0165Lek\u00e1rska fakulta Univerzity Pavla &hellip; \u010c\u00edta\u0165 \u010falej","og_url":"https:\/\/www.upjs.sk\/lekarska-fakulta\/fakulta\/konferencie-a-podujatia\/podujatia-2022\/","og_site_name":"Lek\u00e1rska fakulta | UPJ\u0160","article_modified_time":"2025-02-20T10:17:08+00:00","twitter_card":"summary_large_image","twitter_misc":{"Predpokladan\u00fd \u010das \u010d\u00edtania":"2 min\u00faty"},"schema":{"@context":"https:\/\/schema.org","@graph":[{"@type":"WebPage","@id":"https:\/\/www.upjs.sk\/lekarska-fakulta\/fakulta\/konferencie-a-podujatia\/podujatia-2022\/","url":"https:\/\/www.upjs.sk\/lekarska-fakulta\/fakulta\/konferencie-a-podujatia\/podujatia-2022\/","name":"Podujatia v roku 2022 - Lek\u00e1rska fakulta | UPJ\u0160","isPartOf":{"@id":"https:\/\/www.upjs.sk\/lekarska-fakulta\/#website"},"datePublished":"2022-09-02T11:04:46+00:00","dateModified":"2025-02-20T10:17:08+00:00","breadcrumb":{"@id":"https:\/\/www.upjs.sk\/lekarska-fakulta\/fakulta\/konferencie-a-podujatia\/podujatia-2022\/#breadcrumb"},"inLanguage":"sk-SK","potentialAction":[{"@type":"ReadAction","target":["https:\/\/www.upjs.sk\/lekarska-fakulta\/fakulta\/konferencie-a-podujatia\/podujatia-2022\/"]}]},{"@type":"BreadcrumbList","@id":"https:\/\/www.upjs.sk\/lekarska-fakulta\/fakulta\/konferencie-a-podujatia\/podujatia-2022\/#breadcrumb","itemListElement":[{"@type":"ListItem","position":1,"name":"Home","item":"https:\/\/www.upjs.sk\/lekarska-fakulta\/"},{"@type":"ListItem","position":2,"name":"O fakulte","item":"https:\/\/www.upjs.sk\/lekarska-fakulta\/fakulta\/"},{"@type":"ListItem","position":3,"name":"Konferencie a podujatia","item":"https:\/\/www.upjs.sk\/lekarska-fakulta\/fakulta\/konferencie-a-podujatia\/"},{"@type":"ListItem","position":4,"name":"Podujatia v roku 2022"}]},{"@type":"WebSite","@id":"https:\/\/www.upjs.sk\/lekarska-fakulta\/#website","url":"https:\/\/www.upjs.sk\/lekarska-fakulta\/","name":"Lek\u00e1rska fakulta | UPJ\u0160","description":"","publisher":{"@id":"https:\/\/www.upjs.sk\/lekarska-fakulta\/#organization"},"potentialAction":[{"@type":"SearchAction","target":{"@type":"EntryPoint","urlTemplate":"https:\/\/www.upjs.sk\/lekarska-fakulta\/?s={search_term_string}"},"query-input":{"@type":"PropertyValueSpecification","valueRequired":true,"valueName":"search_term_string"}}],"inLanguage":"sk-SK"},{"@type":"Organization","@id":"https:\/\/www.upjs.sk\/lekarska-fakulta\/#organization","name":"Lek\u00e1rska fakulta | UPJ\u0160","url":"https:\/\/www.upjs.sk\/lekarska-fakulta\/","logo":{"@type":"ImageObject","inLanguage":"sk-SK","@id":"https:\/\/www.upjs.sk\/lekarska-fakulta\/#\/schema\/logo\/image\/","url":"https:\/\/www.upjs.sk\/app\/uploads\/sites\/9\/2022\/09\/logo-lekarska-fakulta.png","contentUrl":"https:\/\/www.upjs.sk\/app\/uploads\/sites\/9\/2022\/09\/logo-lekarska-fakulta.png","width":415,"height":87,"caption":"Lek\u00e1rska fakulta | UPJ\u0160"},"image":{"@id":"https:\/\/www.upjs.sk\/lekarska-fakulta\/#\/schema\/logo\/image\/"}}]}},"_links":{"self":[{"href":"https:\/\/www.upjs.sk\/lekarska-fakulta\/wp-json\/wp\/v2\/pages\/16644","targetHints":{"allow":["GET"]}}],"collection":[{"href":"https:\/\/www.upjs.sk\/lekarska-fakulta\/wp-json\/wp\/v2\/pages"}],"about":[{"href":"https:\/\/www.upjs.sk\/lekarska-fakulta\/wp-json\/wp\/v2\/types\/page"}],"author":[{"embeddable":true,"href":"https:\/\/www.upjs.sk\/lekarska-fakulta\/wp-json\/wp\/v2\/users\/1"}],"replies":[{"embeddable":true,"href":"https:\/\/www.upjs.sk\/lekarska-fakulta\/wp-json\/wp\/v2\/comments?post=16644"}],"version-history":[{"count":8,"href":"https:\/\/www.upjs.sk\/lekarska-fakulta\/wp-json\/wp\/v2\/pages\/16644\/revisions"}],"predecessor-version":[{"id":130389,"href":"https:\/\/www.upjs.sk\/lekarska-fakulta\/wp-json\/wp\/v2\/pages\/16644\/revisions\/130389"}],"up":[{"embeddable":true,"href":"https:\/\/www.upjs.sk\/lekarska-fakulta\/wp-json\/wp\/v2\/pages\/14171"}],"wp:attachment":[{"href":"https:\/\/www.upjs.sk\/lekarska-fakulta\/wp-json\/wp\/v2\/media?parent=16644"}],"wp:term":[{"taxonomy":"category","embeddable":true,"href":"https:\/\/www.upjs.sk\/lekarska-fakulta\/wp-json\/wp\/v2\/categories?post=16644"},{"taxonomy":"post_tag","embeddable":true,"href":"https:\/\/www.upjs.sk\/lekarska-fakulta\/wp-json\/wp\/v2\/tags?post=16644"}],"curies":[{"name":"wp","href":"https:\/\/api.w.org\/{rel}","templated":true}]}}