{"id":16700,"date":"2023-05-11T09:52:03","date_gmt":"2023-05-11T08:52:03","guid":{"rendered":"https:\/\/www.upjs.sk\/lekarska-fakulta\/volne-pracovne-miesta\/ostatne\/"},"modified":"2026-04-13T09:44:57","modified_gmt":"2026-04-13T08:44:57","slug":"vk-ostatne","status":"publish","type":"page","link":"https:\/\/www.upjs.sk\/lekarska-fakulta\/fakulta\/volne-pracovne-miesta\/vk-ostatne\/","title":{"rendered":"Ostatn\u00e9 v\u00fdberov\u00e9 konania"},"content":{"rendered":"\n<p><a href=\"https:\/\/www.upjs.sk\/app\/uploads\/sites\/9\/2026\/04\/OVK2025-259_13.4.2026.pdf\">V\u00fdberov\u00e9 konanie<\/a> na obsadenie 6 pracovn\u00fdch miest v\u00fdskumn\u00fdch pracovn\u00edkov pre v\u00fdkon funkci\u00ed vedeck\u00fdch pracovn\u00edkov v Centre klinick\u00e9ho a predklinick\u00e9ho v\u00fdskumu MediPark UPJ\u0160 LF \u2026 (13.4.2026)<br><a href=\"https:\/\/www.upjs.sk\/app\/uploads\/sites\/9\/2026\/03\/OVK2025-258_26.3.2026.pdf\">V\u00fdberov\u00e9 konanie<\/a> na obsadenie prednostu Kliniky srdcovej chirurgie UPJ\u0160 LF a V\u00daSCH, a.s. \u2026 (26.3.2026)<br><a href=\"https:\/\/www.upjs.sk\/app\/uploads\/sites\/9\/2026\/03\/OVK2025-257_26.3.2026.pdf\">V\u00fdberov\u00e9 konanie<\/a> na obsadenie prednostu Gynekologicko-p\u00f4rodn\u00edckej kliniky UPJ\u0160 LF a Fakultnej nemocnice AGEL Ko\u0161ice-\u0160aca a. s. \u2026 (26.3.2026)<br><a href=\"https:\/\/www.upjs.sk\/app\/uploads\/sites\/9\/2026\/03\/OVK2025-256_13.3.2026.pdf\">V\u00fdberov\u00e9 konanie<\/a> na obsadenie prednostu \u00dastavu klinick\u00fdch neurovied UPJ\u0160 LF\u2026 (11.3.2026)<br><a href=\"https:\/\/www.upjs.sk\/app\/uploads\/sites\/9\/2026\/03\/OVK2025-255_13.3.2026.pdf\">V\u00fdberov\u00e9 konanie<\/a> na obsadenie prednostu Zdru\u017eenej tkanivovej banky UPJ\u0160 LF\u2026 (11.3.2026)<br><a href=\"https:\/\/www.upjs.sk\/app\/uploads\/sites\/9\/2026\/02\/OVK2025-254_24.2.2026.pdf\">V\u00fdberov\u00e9 konanie<\/a> na obsadenie 1 pracovn\u00e9ho miesta v\u00fdskumn\u00e9ho pracovn\u00edka pre v\u00fdkon funkcie vedeck\u00e9ho pracovn\u00edka na Klinike pneumol\u00f3gie a ftizeol\u00f3gie UPJ\u0160 LF a UNLP \u2026 (24.2.2026)<br><a href=\"https:\/\/www.upjs.sk\/app\/uploads\/sites\/9\/2026\/02\/OVK2025-253_12.2.2026.pdf\">V\u00fdberov\u00e9 konanie<\/a> na obsadenie prednostu Kliniky r\u00e1dioterapie a onkol\u00f3gie UPJ\u0160 LF a VO\u00da, a. s.\u2026 (12.2.2026)<br><a href=\"https:\/\/www.upjs.sk\/app\/uploads\/sites\/9\/2026\/02\/OVK2025-252_4.2.2026.pdf\">V\u00fdberov\u00e9 konanie<\/a> na obsadenie 1 pracovn\u00e9ho miesta v\u00fdskumn\u00e9ho pracovn\u00edka pre v\u00fdkon funkcie v\u00fdskumn\u00e9ho pracovn\u00edka na \u00dastave lek\u00e1rskej informatiky a simul\u00e1torovej medic\u00edny UPJ\u0160 LF\u2026 (4.2.2026)<br><a href=\"https:\/\/www.upjs.sk\/app\/uploads\/sites\/9\/2025\/12\/OVK2025-250_4.2.2025.pdf\">V\u00fdberov\u00e9 konanie<\/a> na obsadenie 2 pracovn\u00fdch miest v\u00fdskumn\u00fdch pracovn\u00edkov pre v\u00fdkon funkci\u00ed samostatn\u00fdch vedeck\u00fdch pracovn\u00edkov v Zdru\u017eenej tkanivovej banke UPJ\u0160 LF\u2026 (4.12.2025)<br><a href=\"https:\/\/www.upjs.sk\/app\/uploads\/sites\/9\/2025\/12\/OVK2025-249_4.2.2025.pdf\">V\u00fdberov\u00e9 konanie<\/a> na obsadenie 1 pracovn\u00e9ho miesta v\u00fdskumn\u00e9ho pracovn\u00edka pre v\u00fdkon funkcie vedeck\u00e9ho pracovn\u00edka v Zdru\u017eenej tkanivovej banke UPJ\u0160 LF \u2026 (4.12.2025)<br><a href=\"https:\/\/www.upjs.sk\/app\/uploads\/sites\/9\/2025\/11\/SKM_C251i_325112513490.pdf\">Zru\u0161enie v\u00fdberov\u00e9ho konania<\/a> na obsadenie funkcie prednostu Kliniky srdcovej chirurgie UPJ\u0160 LF a V\u00daSCH, a.s. \u2026 (20.11.2025)<br><a href=\"https:\/\/www.upjs.sk\/app\/uploads\/sites\/9\/2025\/11\/OVK2025-248_20.11.2025.docx\">V\u00fdberov\u00e9 konanie<\/a> na obsadenie 1 pracovn\u00e9ho miesta v\u00fdskumn\u00e9ho pracovn\u00edka pre v\u00fdkon funkcie vedeck\u00e9ho pracovn\u00edka na \u00dastav lek\u00e1rskej a\u00a0klinickej mikrobiol\u00f3gie UPJ\u0160 LF a UNLP \u2026 (20.11.2025)<br><a href=\"https:\/\/www.upjs.sk\/app\/uploads\/sites\/9\/2025\/11\/OVK2025-247_20.11.2025.pdf.docx\">V\u00fdberov\u00e9 konanie<\/a> na obsadenie 1 pracovn\u00e9ho miesta v\u00fdskumn\u00e9ho pracovn\u00edka pre v\u00fdkon funkcie samostatn\u00e9ho vedeck\u00e9ho pracovn\u00edka na \u00dastav epidemiol\u00f3gie UPJ\u0160 LF \u2026 (20.11.2025)<br><a href=\"https:\/\/www.upjs.sk\/app\/uploads\/sites\/9\/2025\/11\/OVK2025-246_19.11.2025.pdf\">V\u00fdberov\u00e9 konanie<\/a> na obsadenie prednostu Kliniky angiol\u00f3gie UPJ\u0160 LF a\u00a0V\u00daSCH, a.s. \u2026 (19.11.2025)<br><a href=\"https:\/\/www.upjs.sk\/app\/uploads\/sites\/9\/2025\/11\/OVK2025-245_6.11.2025.pdf\">V\u00fdberov\u00e9 konanie<\/a> na obsadenie 1 pracovn\u00e9ho miesta v\u00fdskumn\u00e9ho pracovn\u00edka pre v\u00fdkon funkcie vedeck\u00e9ho pracovn\u00edka na \u00dastave lek\u00e1rskej biol\u00f3gie UPJ\u0160 LF \u2026 (06.11.2025)<br><a href=\"https:\/\/www.upjs.sk\/app\/uploads\/sites\/9\/2025\/10\/VK2025-244_17.10.2025.pdf\">V\u00fdberov\u00e9 konanie<\/a> na obsadenie prednostu Kliniky zobrazovac\u00edch met\u00f3d UPJ\u0160 LF a V\u00daSCH, a.s. \u2026 (17.10.2025)<br><a href=\"https:\/\/www.upjs.sk\/app\/uploads\/sites\/9\/2025\/10\/VK2025-243_17.10.2025.pdf\">V\u00fdberov\u00e9 konanie<\/a> na obsadenie prednostu Kliniky srdcovej chirurgie UPJ\u0160 LF a V\u00daSCH, a.s. \u2026 (17.10.2025)<br><a href=\"https:\/\/www.upjs.sk\/app\/uploads\/sites\/9\/2025\/10\/VK2025-242_17.10.2025.pdf\">V\u00fdberov\u00e9 konanie<\/a> na obsadenie prednostu Kliniky v\u0161eobecn\u00e9ho lek\u00e1rstva UPJ\u0160 LF a Nemocnice AGEL Ko\u0161ice-\u0160aca a. s. \u2026 (17.10.2025)<br><a href=\"https:\/\/www.upjs.sk\/app\/uploads\/sites\/9\/2025\/10\/VK2025-241_17.10.2025.pdf\">V\u00fdberov\u00e9 konanie <\/a>na obsadenie prednostu Kliniky anest\u00e9ziol\u00f3gie a intenz\u00edvnej medic\u00edny UPJ\u0160 LF a V\u00daSCH, a.s. \u2026 (17.10.2025)<br><a href=\"https:\/\/www.upjs.sk\/app\/uploads\/sites\/9\/2025\/10\/VK2025-240_1.10.2025.pdf\">V\u00fdberov\u00e9 konanie<\/a> na obsadenie 1 pracovn\u00e9ho miesta v\u00fdskumn\u00e9ho pracovn\u00edka pre v\u00fdkon funkcie samostatn\u00e9ho vedeck\u00e9ho pracovn\u00edka na \u00dastave farmakol\u00f3gie UPJ\u0160 LF. \u2026 (1.10.2025)<br><a href=\"https:\/\/www.upjs.sk\/app\/uploads\/sites\/9\/2025\/09\/VK2025-232_25.9.2025.pdf\">V\u00fdberov\u00e9 konanie<\/a> na obsadenie 1 pracovn\u00e9ho miesta v\u00fdskumn\u00e9ho pracovn\u00edka pre v\u00fdkon funkcie vedeck\u00e9ho pracovn\u00edka v Centre klinick\u00e9ho a predklinick\u00e9ho v\u00fdskumu MediPark UPJ\u0160 LF \u2026 (25.09.2025)<br><a href=\"https:\/\/www.upjs.sk\/app\/uploads\/sites\/9\/2025\/09\/VK2025-231_25.9.2025.pdf\">V\u00fdberov\u00e9 konanie<\/a> na obsadenie 1 pracovn\u00e9ho miesta v\u00fdskumn\u00e9ho pracovn\u00edka pre v\u00fdkon funkcie vedeck\u00e9ho pracovn\u00edka v Centre klinick\u00e9ho a predklinick\u00e9ho v\u00fdskumu MediPark UPJ\u0160 LF \u2026 (25.09.2025)<br><a href=\"https:\/\/www.upjs.sk\/app\/uploads\/sites\/9\/2025\/09\/VK2025-230_25.9.2025-1.pdf\">V\u00fdberov\u00e9 konanie<\/a> na obsadenie 1 pracovn\u00e9ho miesta v\u00fdskumn\u00e9ho pracovn\u00edka pre v\u00fdkon funkcie vedeck\u00e9ho pracovn\u00edka na \u00dastave anat\u00f3mie UPJ\u0160 LF \u2026 (25.09.2025)<br><a href=\"https:\/\/www.upjs.sk\/app\/uploads\/sites\/9\/2025\/09\/VK2025-220_22.09.2025.pdf\">V\u00fdberov\u00e9 konanie <\/a>na obsadenie prednostu \u00dastavu soci\u00e1lnej a behavior\u00e1lnej medic\u00edny UPJ\u0160 LF \u2026 (22.09.2025)<br><a href=\"https:\/\/www.upjs.sk\/app\/uploads\/sites\/9\/2025\/09\/VK2025-219OPRAV_18.09.2025.pdf\" target=\"_blank\" rel=\"noreferrer noopener\">V\u00fdberov\u00e9 konanie<\/a> na obsadenie 2 pracovn\u00e9 miesta v\u00fdskumn\u00fdch pracovn\u00edkov pre v\u00fdkon funkcie samostatn\u00e9ho vedeck\u00e9ho pracovn\u00edka na \u00dastave soci\u00e1lnej a\u00a0behavior\u00e1lnej medic\u00edny UPJ\u0160 LF \u2026 (18.09.2025)<br><a href=\"https:\/\/www.upjs.sk\/app\/uploads\/sites\/9\/2025\/08\/VK2025-210_21.8.2025.pdf\" target=\"_blank\" rel=\"noreferrer noopener\">V\u00fdberov\u00e9 konanie <\/a>na obsadenie prednostu Kliniky kardiol\u00f3gie a angiol\u00f3gie UPJ\u0160 LF a Kardiocentrum AGEL a.s. \u2026 (21.08.2025)<br><a href=\"https:\/\/www.upjs.sk\/app\/uploads\/sites\/9\/2025\/06\/VK2025-209_4.6.2025.docx\">V\u00fdberov\u00e9 konanie<\/a> na obsadenie 1 pracovn\u00e9ho miesta v\u00fdskumn\u00e9ho pracovn\u00edka pre v\u00fdkon funkcie vedeck\u00e9ho pracovn\u00edka na \u00dastave klinick\u00fdch neurovied v\u00a0Centre klinick\u00e9ho a\u00a0predklinick\u00e9ho v\u00fdskumu MediPark UPJ\u0160 LF \u2026 (04.06.2025)<br><a href=\"https:\/\/www.upjs.sk\/app\/uploads\/sites\/9\/2025\/06\/VK2025-202_4.6.2025.docx\" target=\"_blank\" rel=\"noreferrer noopener\">V\u00fdberov\u00e9 konanie<\/a> na obsadenie 1 pracovn\u00e9ho miesta v\u00fdskumn\u00e9ho pracovn\u00edka pre v\u00fdkon funkcie vedeck\u00e9ho pracovn\u00edka na Klinike pneumol\u00f3gie a ftizeol\u00f3gie UPJ\u0160 LF a UNLP \u2026 (04.06.2025)<br><a href=\"https:\/\/www.upjs.sk\/app\/uploads\/sites\/9\/2025\/05\/VK2025-194_29.05.2025.pdf\">V\u00fdberov\u00e9 konanie<\/a> na obsadenie funkci\u00ed prednostov klinick\u00fdch pracov\u00edsk a spolo\u010dn\u00fdch pracov\u00edsk Lek\u00e1rskej fakulty UPJ\u0160 v Ko\u0161iciach a \u0160pecializovanej nemocnice pre choroby hlavy a krku Akad\u00e9mia Ko\u0161ice, n. o., \u2026 (16.05.2025)<br><a href=\"https:\/\/www.upjs.sk\/app\/uploads\/sites\/9\/2025\/05\/VK2025-193_29.05.2025.pdf\" target=\"_blank\" rel=\"noreferrer noopener\">V\u00fdberov\u00e9 konanie<\/a> na obsadenie funkci\u00ed prednostov klinick\u00fdch pracov\u00edsk a spolo\u010dn\u00fdch pracov\u00edsk Lek\u00e1rskej fakulty UPJ\u0160 v Ko\u0161iciach a Vysoko\u0161pecializovan\u00fd odborn\u00fd \u00fastav geriatrick\u00fd sv. Luk\u00e1\u0161a v Ko\u0161iciach n. o., \u2026 (16.05.2025)<br><a href=\"https:\/\/www.upjs.sk\/app\/uploads\/sites\/9\/2025\/05\/VK2025-192_29.05.2025.pdf\">V\u00fdberov\u00e9 konanie<\/a> na obsadenie funkci\u00ed prednostov klinick\u00fdch pracov\u00edsk a spolo\u010dn\u00fdch pracov\u00edsk Lek\u00e1rskej fakulty UPJ\u0160 v Ko\u0161iciach a spol. V\u00fdchodoslovensk\u00fd \u00fastav srdcov\u00fdch a cievnych chor\u00f4b, a. s. v Ko\u0161iciach\u2026 (29.05.2025)<br><a href=\"https:\/\/www.upjs.sk\/app\/uploads\/sites\/9\/2025\/05\/VK2025-188_21.05.2025.pdf\" target=\"_blank\" rel=\"noreferrer noopener\">V\u00fdberov\u00e9 konanie<\/a> na obsadenie 1 pracovn\u00e9ho miesta v\u00fdskumn\u00e9ho pracovn\u00edka pre v\u00fdkon funkcie samostatn\u00e9ho vedeck\u00e9ho pracovn\u00edka na \u00dastave lek\u00e1rskej a klinickej biofyziky UPJ\u0160 LF\u2026 (21.05.2025)<br><a href=\"https:\/\/www.upjs.sk\/app\/uploads\/sites\/9\/2025\/05\/VK2025-187_19.05.2025.pdf\">V\u00fdberov\u00e9 konanie<\/a> na obsadenie prednostu \u00dastavu o\u0161etrovate\u013estva UPJ\u0160 LF\u2026 (16.05.2025)<br><a href=\"https:\/\/www.upjs.sk\/app\/uploads\/sites\/9\/2025\/05\/VK2025-184_14.05.2025.docx\">V\u00fdberov\u00e9 konanie<\/a> na obsadenie 2 pracovn\u00fdch miest v\u00fdskumn\u00fdch pracovn\u00edkov pre v\u00fdkon funkcie vedeck\u00e9ho pracovn\u00edka na \u00dastave lek\u00e1rskej a\u00a0klinickej biofyziky UPJ\u0160 LF\u2026 (14.05.2025)<br><a href=\"https:\/\/www.upjs.sk\/app\/uploads\/sites\/9\/2025\/05\/VK2025-183_14.05.2025.docx\">V\u00fdberov\u00e9 konanie<\/a> na obsadenie 1 pracovn\u00e9ho miesta v\u00fdskumn\u00e9ho pracovn\u00edka pre v\u00fdkon funkcie vedeck\u00e9ho pracovn\u00edka na Klinike stomatol\u00f3gie a\u00a0maxilofaci\u00e1lnej chirurgie UPJ\u0160 LF a UNLP\u2026 (14.05.2025)<br><a href=\"https:\/\/www.upjs.sk\/app\/uploads\/sites\/9\/2025\/05\/VK2025-182_14.05.2025.docx\">V\u00fdberov\u00e9 konanie<\/a> na obsadenie 1 pracovn\u00e9ho miesta v\u00fdskumn\u00e9ho pracovn\u00edka pre v\u00fdkon funkcie v\u00fdskumn\u00e9ho pracovn\u00edka na \u00dastave lek\u00e1rskej a klinickej bioch\u00e9mie UPJ\u0160 LF\u2026 (14.05.2025)<br><a href=\"https:\/\/www.upjs.sk\/app\/uploads\/sites\/9\/2025\/05\/VK2025-174_13.05.2025.pdf\" target=\"_blank\" rel=\"noreferrer noopener\">V\u00fdberov\u00e9 konanie<\/a> na obsadenie 1 pracovn\u00e9ho miesta v\u00fdskumn\u00e9ho pracovn\u00edka pre v\u00fdkon funkcie samostatn\u00e9ho vedeck\u00e9ho pracovn\u00edka v Centre klinick\u00e9ho a predklinick\u00e9ho v\u00fdskumu MediPark UPJ\u0160 LF\u2026 (13.05.2025)<br><a href=\"https:\/\/www.upjs.sk\/app\/uploads\/sites\/9\/2025\/04\/VK2024-165_23.4.2025.pdf\" target=\"_blank\" rel=\"noreferrer noopener\">V\u00fdberov\u00e9 konanie<\/a> na obsadenie 1 pracovn\u00e9ho miesta v\u00fdskumn\u00e9ho pracovn\u00edka pre v\u00fdkon funkcie samostatn\u00e9ho vedeck\u00e9ho pracovn\u00edka na \u00dastave lek\u00e1rskej biol\u00f3gie UPJ\u0160 LF\u2026 (23.04.2025)<br><a href=\"https:\/\/www.upjs.sk\/app\/uploads\/sites\/9\/2025\/03\/VK-text-PREDNOSTA-Chirurgicka-klinika-AGEL-002.pdf\" target=\"_blank\" rel=\"noreferrer noopener\">V\u00fdberov\u00e9 konanie<\/a> na obsadenie prednostu Chirurgickej kliniky \u00a0UPJ\u0160 LF a Nemocnice AGEL Ko\u0161ice-\u0160aca a.s.\u2026 (19.03.2025)<br><a href=\"https:\/\/www.upjs.sk\/app\/uploads\/sites\/9\/2025\/02\/VK2024-164_26.2.2025.pdf\" target=\"_blank\" rel=\"noreferrer noopener\">V\u00fdberov\u00e9 konanie<\/a> na obsadenie 1 pracovn\u00e9 miesto v\u00fdskumn\u00e9ho pracovn\u00edka pre v\u00fdkon funkcie vedeck\u00e9ho pracovn\u00edka na \u00dastave soci\u00e1lnej a behavior\u00e1lnej medic\u00edny UPJ\u0160 LF\u2026 (26.02.2025)<br><a href=\"https:\/\/www.upjs.sk\/app\/uploads\/sites\/9\/2025\/01\/VK2024-163_31.1.2025.pdf\">V\u00fdberov\u00e9 konanie<\/a> na obsadenie 1 pracovn\u00e9ho miesta v\u00fdskumn\u00e9ho pracovn\u00edka pre v\u00fdkon funkcie samostatn\u00e9ho vedeck\u00e9ho pracovn\u00edka na \u00dastave patol\u00f3gie UPJ\u0160 LF a UNLP\u2026 (31.01.2025)<br><a href=\"https:\/\/www.upjs.sk\/app\/uploads\/sites\/9\/2025\/01\/VK2024-162_23.1.2025.pdf\" target=\"_blank\" rel=\"noreferrer noopener\">V\u00fdberov\u00e9 konanie<\/a> na obsadenie prednostu Kliniky v\u0161eobecn\u00e9ho lek\u00e1rstva UPJ\u0160 LF a Nemocnica AGEL Ko\u0161ice-\u0160aca a. s.\u2026 (23.1.2025)<br><a href=\"https:\/\/www.upjs.sk\/app\/uploads\/sites\/9\/2025\/01\/VK2024-159_20.1.2025.pdf\">V\u00fdberov\u00e9 konanie<\/a> na obsadenie prednostu \u00dastavu patologickej fyziol\u00f3gie UPJ\u0160 LF\u2026 (16.1.2025)<br><a href=\"https:\/\/www.upjs.sk\/app\/uploads\/sites\/9\/2025\/01\/VK2024-158_20.1.2025-1.pdf\">V\u00fdberov\u00e9 konanie<\/a> na obsadenie 1 pracovn\u00e9ho miesta v\u00fdskumn\u00e9ho pracovn\u00edka pre v\u00fdkon funkcie samostatn\u00e9ho vedeck\u00e9ho pracovn\u00edka na \u00dastave farmakol\u00f3gie UPJ\u0160 LF\u2026 (16.1.2025)<br><a href=\"https:\/\/www.upjs.sk\/app\/uploads\/sites\/9\/2024\/12\/VK2024-149_18.12.2024.pdf\">V\u00fdberov\u00e9 konanie<\/a> na obsadenie 1 pracovn\u00e9ho miesta v\u00fdskumn\u00e9ho pracovn\u00edka pre v\u00fdkon funkcie vedeck\u00e9ho pracovn\u00edka na \u00dastave farmakol\u00f3gie UPJ\u0160 LF\u2026 (18.12.2024)<br><a href=\"https:\/\/www.upjs.sk\/app\/uploads\/sites\/9\/2024\/10\/VK2024-142_17.10.2024.pdf\" target=\"_blank\" rel=\"noreferrer noopener\">V\u00fdberov\u00e9 konanie<\/a> na obsadenie prednostu Internej kliniky UPJ\u0160 LF a Nemocnica AGEL Ko\u0161ice-\u0160aca, a. s.\u2026 (17.10.2024)<br><\/p>\n","protected":false},"excerpt":{"rendered":"<p>V\u00fdberov\u00e9 konanie na obsadenie 6 pracovn\u00fdch miest v\u00fdskumn\u00fdch pracovn\u00edkov pre v\u00fdkon funkci\u00ed vedeck\u00fdch pracovn\u00edkov v Centre klinick\u00e9ho a predklinick\u00e9ho v\u00fdskumu MediPark UPJ\u0160 LF \u2026 (13.4.2026)V\u00fdberov\u00e9 konanie na obsadenie prednostu Kliniky srdcovej chirurgie UPJ\u0160 LF a V\u00daSCH, a.s. \u2026 (26.3.2026)V\u00fdberov\u00e9 konanie na obsadenie prednostu Gynekologicko-p\u00f4rodn\u00edckej kliniky UPJ\u0160 LF a Fakultnej nemocnice AGEL Ko\u0161ice-\u0160aca a. s. \u2026 &hellip; <a href=\"https:\/\/www.upjs.sk\/lekarska-fakulta\/fakulta\/volne-pracovne-miesta\/vk-ostatne\/\">\u010c\u00edta\u0165 \u010falej<\/a><\/p>\n","protected":false},"author":1,"featured_media":0,"parent":14488,"menu_order":2,"comment_status":"closed","ping_status":"closed","template":"","meta":{"_acf_changed":false,"_editorskit_title_hidden":false,"_editorskit_reading_time":1,"_editorskit_is_block_options_detached":false,"_editorskit_block_options_position":"{}","footnotes":""},"categories":[],"tags":[],"class_list":["post-16700","page","type-page","status-publish","hentry"],"acf":{"acf_link_na_externy_obsah":""},"yoast_head":"<!-- This site is optimized with the Yoast SEO plugin v27.4 - https:\/\/yoast.com\/product\/yoast-seo-wordpress\/ -->\n<title>Ostatn\u00e9 v\u00fdberov\u00e9 konania - Lek\u00e1rska fakulta | UPJ\u0160<\/title>\n<meta name=\"robots\" content=\"index, follow, max-snippet:-1, max-image-preview:large, max-video-preview:-1\" \/>\n<link rel=\"canonical\" href=\"https:\/\/www.upjs.sk\/lekarska-fakulta\/fakulta\/volne-pracovne-miesta\/vk-ostatne\/\" \/>\n<meta property=\"og:locale\" content=\"sk_SK\" \/>\n<meta property=\"og:type\" content=\"article\" \/>\n<meta property=\"og:title\" content=\"Ostatn\u00e9 v\u00fdberov\u00e9 konania - Lek\u00e1rska fakulta | UPJ\u0160\" \/>\n<meta property=\"og:description\" content=\"V\u00fdberov\u00e9 konanie na obsadenie 6 pracovn\u00fdch miest v\u00fdskumn\u00fdch pracovn\u00edkov pre v\u00fdkon funkci\u00ed vedeck\u00fdch pracovn\u00edkov v Centre klinick\u00e9ho a predklinick\u00e9ho v\u00fdskumu MediPark UPJ\u0160 LF \u2026 (13.4.2026)V\u00fdberov\u00e9 konanie na obsadenie prednostu Kliniky srdcovej chirurgie UPJ\u0160 LF a V\u00daSCH, a.s. \u2026 (26.3.2026)V\u00fdberov\u00e9 konanie na obsadenie prednostu Gynekologicko-p\u00f4rodn\u00edckej kliniky UPJ\u0160 LF a Fakultnej nemocnice AGEL Ko\u0161ice-\u0160aca a. s. \u2026 &hellip; \u010c\u00edta\u0165 \u010falej\" \/>\n<meta property=\"og:url\" content=\"https:\/\/www.upjs.sk\/lekarska-fakulta\/fakulta\/volne-pracovne-miesta\/vk-ostatne\/\" \/>\n<meta property=\"og:site_name\" content=\"Lek\u00e1rska fakulta | UPJ\u0160\" \/>\n<meta property=\"article:modified_time\" content=\"2026-04-13T08:44:57+00:00\" \/>\n<meta name=\"twitter:card\" content=\"summary_large_image\" \/>\n<meta name=\"twitter:label1\" content=\"Predpokladan\u00fd \u010das \u010d\u00edtania\" \/>\n\t<meta name=\"twitter:data1\" content=\"6 min\u00fat\" \/>\n<script type=\"application\/ld+json\" class=\"yoast-schema-graph\">{\"@context\":\"https:\\\/\\\/schema.org\",\"@graph\":[{\"@type\":\"WebPage\",\"@id\":\"https:\\\/\\\/www.upjs.sk\\\/lekarska-fakulta\\\/fakulta\\\/volne-pracovne-miesta\\\/vk-ostatne\\\/\",\"url\":\"https:\\\/\\\/www.upjs.sk\\\/lekarska-fakulta\\\/fakulta\\\/volne-pracovne-miesta\\\/vk-ostatne\\\/\",\"name\":\"Ostatn\u00e9 v\u00fdberov\u00e9 konania - Lek\u00e1rska fakulta | UPJ\u0160\",\"isPartOf\":{\"@id\":\"https:\\\/\\\/www.upjs.sk\\\/lekarska-fakulta\\\/#website\"},\"datePublished\":\"2023-05-11T08:52:03+00:00\",\"dateModified\":\"2026-04-13T08:44:57+00:00\",\"breadcrumb\":{\"@id\":\"https:\\\/\\\/www.upjs.sk\\\/lekarska-fakulta\\\/fakulta\\\/volne-pracovne-miesta\\\/vk-ostatne\\\/#breadcrumb\"},\"inLanguage\":\"sk-SK\",\"potentialAction\":[{\"@type\":\"ReadAction\",\"target\":[\"https:\\\/\\\/www.upjs.sk\\\/lekarska-fakulta\\\/fakulta\\\/volne-pracovne-miesta\\\/vk-ostatne\\\/\"]}]},{\"@type\":\"BreadcrumbList\",\"@id\":\"https:\\\/\\\/www.upjs.sk\\\/lekarska-fakulta\\\/fakulta\\\/volne-pracovne-miesta\\\/vk-ostatne\\\/#breadcrumb\",\"itemListElement\":[{\"@type\":\"ListItem\",\"position\":1,\"name\":\"Home\",\"item\":\"https:\\\/\\\/www.upjs.sk\\\/lekarska-fakulta\\\/\"},{\"@type\":\"ListItem\",\"position\":2,\"name\":\"O fakulte\",\"item\":\"https:\\\/\\\/www.upjs.sk\\\/lekarska-fakulta\\\/fakulta\\\/\"},{\"@type\":\"ListItem\",\"position\":3,\"name\":\"V\u00fdberov\u00e9 konania\",\"item\":\"https:\\\/\\\/www.upjs.sk\\\/lekarska-fakulta\\\/fakulta\\\/volne-pracovne-miesta\\\/\"},{\"@type\":\"ListItem\",\"position\":4,\"name\":\"Ostatn\u00e9 v\u00fdberov\u00e9 konania\"}]},{\"@type\":\"WebSite\",\"@id\":\"https:\\\/\\\/www.upjs.sk\\\/lekarska-fakulta\\\/#website\",\"url\":\"https:\\\/\\\/www.upjs.sk\\\/lekarska-fakulta\\\/\",\"name\":\"Lek\u00e1rska fakulta | UPJ\u0160\",\"description\":\"\",\"publisher\":{\"@id\":\"https:\\\/\\\/www.upjs.sk\\\/lekarska-fakulta\\\/#organization\"},\"potentialAction\":[{\"@type\":\"SearchAction\",\"target\":{\"@type\":\"EntryPoint\",\"urlTemplate\":\"https:\\\/\\\/www.upjs.sk\\\/lekarska-fakulta\\\/?s={search_term_string}\"},\"query-input\":{\"@type\":\"PropertyValueSpecification\",\"valueRequired\":true,\"valueName\":\"search_term_string\"}}],\"inLanguage\":\"sk-SK\"},{\"@type\":\"Organization\",\"@id\":\"https:\\\/\\\/www.upjs.sk\\\/lekarska-fakulta\\\/#organization\",\"name\":\"Lek\u00e1rska fakulta | UPJ\u0160\",\"url\":\"https:\\\/\\\/www.upjs.sk\\\/lekarska-fakulta\\\/\",\"logo\":{\"@type\":\"ImageObject\",\"inLanguage\":\"sk-SK\",\"@id\":\"https:\\\/\\\/www.upjs.sk\\\/lekarska-fakulta\\\/#\\\/schema\\\/logo\\\/image\\\/\",\"url\":\"https:\\\/\\\/www.upjs.sk\\\/app\\\/uploads\\\/sites\\\/9\\\/2022\\\/09\\\/logo-lekarska-fakulta.png\",\"contentUrl\":\"https:\\\/\\\/www.upjs.sk\\\/app\\\/uploads\\\/sites\\\/9\\\/2022\\\/09\\\/logo-lekarska-fakulta.png\",\"width\":415,\"height\":87,\"caption\":\"Lek\u00e1rska fakulta | UPJ\u0160\"},\"image\":{\"@id\":\"https:\\\/\\\/www.upjs.sk\\\/lekarska-fakulta\\\/#\\\/schema\\\/logo\\\/image\\\/\"}}]}<\/script>\n<!-- \/ Yoast SEO plugin. -->","yoast_head_json":{"title":"Ostatn\u00e9 v\u00fdberov\u00e9 konania - Lek\u00e1rska fakulta | UPJ\u0160","robots":{"index":"index","follow":"follow","max-snippet":"max-snippet:-1","max-image-preview":"max-image-preview:large","max-video-preview":"max-video-preview:-1"},"canonical":"https:\/\/www.upjs.sk\/lekarska-fakulta\/fakulta\/volne-pracovne-miesta\/vk-ostatne\/","og_locale":"sk_SK","og_type":"article","og_title":"Ostatn\u00e9 v\u00fdberov\u00e9 konania - Lek\u00e1rska fakulta | UPJ\u0160","og_description":"V\u00fdberov\u00e9 konanie na obsadenie 6 pracovn\u00fdch miest v\u00fdskumn\u00fdch pracovn\u00edkov pre v\u00fdkon funkci\u00ed vedeck\u00fdch pracovn\u00edkov v Centre klinick\u00e9ho a predklinick\u00e9ho v\u00fdskumu MediPark UPJ\u0160 LF \u2026 (13.4.2026)V\u00fdberov\u00e9 konanie na obsadenie prednostu Kliniky srdcovej chirurgie UPJ\u0160 LF a V\u00daSCH, a.s. \u2026 (26.3.2026)V\u00fdberov\u00e9 konanie na obsadenie prednostu Gynekologicko-p\u00f4rodn\u00edckej kliniky UPJ\u0160 LF a Fakultnej nemocnice AGEL Ko\u0161ice-\u0160aca a. s. \u2026 &hellip; \u010c\u00edta\u0165 \u010falej","og_url":"https:\/\/www.upjs.sk\/lekarska-fakulta\/fakulta\/volne-pracovne-miesta\/vk-ostatne\/","og_site_name":"Lek\u00e1rska fakulta | UPJ\u0160","article_modified_time":"2026-04-13T08:44:57+00:00","twitter_card":"summary_large_image","twitter_misc":{"Predpokladan\u00fd \u010das \u010d\u00edtania":"6 min\u00fat"},"schema":{"@context":"https:\/\/schema.org","@graph":[{"@type":"WebPage","@id":"https:\/\/www.upjs.sk\/lekarska-fakulta\/fakulta\/volne-pracovne-miesta\/vk-ostatne\/","url":"https:\/\/www.upjs.sk\/lekarska-fakulta\/fakulta\/volne-pracovne-miesta\/vk-ostatne\/","name":"Ostatn\u00e9 v\u00fdberov\u00e9 konania - Lek\u00e1rska fakulta | UPJ\u0160","isPartOf":{"@id":"https:\/\/www.upjs.sk\/lekarska-fakulta\/#website"},"datePublished":"2023-05-11T08:52:03+00:00","dateModified":"2026-04-13T08:44:57+00:00","breadcrumb":{"@id":"https:\/\/www.upjs.sk\/lekarska-fakulta\/fakulta\/volne-pracovne-miesta\/vk-ostatne\/#breadcrumb"},"inLanguage":"sk-SK","potentialAction":[{"@type":"ReadAction","target":["https:\/\/www.upjs.sk\/lekarska-fakulta\/fakulta\/volne-pracovne-miesta\/vk-ostatne\/"]}]},{"@type":"BreadcrumbList","@id":"https:\/\/www.upjs.sk\/lekarska-fakulta\/fakulta\/volne-pracovne-miesta\/vk-ostatne\/#breadcrumb","itemListElement":[{"@type":"ListItem","position":1,"name":"Home","item":"https:\/\/www.upjs.sk\/lekarska-fakulta\/"},{"@type":"ListItem","position":2,"name":"O fakulte","item":"https:\/\/www.upjs.sk\/lekarska-fakulta\/fakulta\/"},{"@type":"ListItem","position":3,"name":"V\u00fdberov\u00e9 konania","item":"https:\/\/www.upjs.sk\/lekarska-fakulta\/fakulta\/volne-pracovne-miesta\/"},{"@type":"ListItem","position":4,"name":"Ostatn\u00e9 v\u00fdberov\u00e9 konania"}]},{"@type":"WebSite","@id":"https:\/\/www.upjs.sk\/lekarska-fakulta\/#website","url":"https:\/\/www.upjs.sk\/lekarska-fakulta\/","name":"Lek\u00e1rska fakulta | UPJ\u0160","description":"","publisher":{"@id":"https:\/\/www.upjs.sk\/lekarska-fakulta\/#organization"},"potentialAction":[{"@type":"SearchAction","target":{"@type":"EntryPoint","urlTemplate":"https:\/\/www.upjs.sk\/lekarska-fakulta\/?s={search_term_string}"},"query-input":{"@type":"PropertyValueSpecification","valueRequired":true,"valueName":"search_term_string"}}],"inLanguage":"sk-SK"},{"@type":"Organization","@id":"https:\/\/www.upjs.sk\/lekarska-fakulta\/#organization","name":"Lek\u00e1rska fakulta | UPJ\u0160","url":"https:\/\/www.upjs.sk\/lekarska-fakulta\/","logo":{"@type":"ImageObject","inLanguage":"sk-SK","@id":"https:\/\/www.upjs.sk\/lekarska-fakulta\/#\/schema\/logo\/image\/","url":"https:\/\/www.upjs.sk\/app\/uploads\/sites\/9\/2022\/09\/logo-lekarska-fakulta.png","contentUrl":"https:\/\/www.upjs.sk\/app\/uploads\/sites\/9\/2022\/09\/logo-lekarska-fakulta.png","width":415,"height":87,"caption":"Lek\u00e1rska fakulta | UPJ\u0160"},"image":{"@id":"https:\/\/www.upjs.sk\/lekarska-fakulta\/#\/schema\/logo\/image\/"}}]}},"_links":{"self":[{"href":"https:\/\/www.upjs.sk\/lekarska-fakulta\/wp-json\/wp\/v2\/pages\/16700","targetHints":{"allow":["GET"]}}],"collection":[{"href":"https:\/\/www.upjs.sk\/lekarska-fakulta\/wp-json\/wp\/v2\/pages"}],"about":[{"href":"https:\/\/www.upjs.sk\/lekarska-fakulta\/wp-json\/wp\/v2\/types\/page"}],"author":[{"embeddable":true,"href":"https:\/\/www.upjs.sk\/lekarska-fakulta\/wp-json\/wp\/v2\/users\/1"}],"replies":[{"embeddable":true,"href":"https:\/\/www.upjs.sk\/lekarska-fakulta\/wp-json\/wp\/v2\/comments?post=16700"}],"version-history":[{"count":19,"href":"https:\/\/www.upjs.sk\/lekarska-fakulta\/wp-json\/wp\/v2\/pages\/16700\/revisions"}],"predecessor-version":[{"id":157231,"href":"https:\/\/www.upjs.sk\/lekarska-fakulta\/wp-json\/wp\/v2\/pages\/16700\/revisions\/157231"}],"up":[{"embeddable":true,"href":"https:\/\/www.upjs.sk\/lekarska-fakulta\/wp-json\/wp\/v2\/pages\/14488"}],"wp:attachment":[{"href":"https:\/\/www.upjs.sk\/lekarska-fakulta\/wp-json\/wp\/v2\/media?parent=16700"}],"wp:term":[{"taxonomy":"category","embeddable":true,"href":"https:\/\/www.upjs.sk\/lekarska-fakulta\/wp-json\/wp\/v2\/categories?post=16700"},{"taxonomy":"post_tag","embeddable":true,"href":"https:\/\/www.upjs.sk\/lekarska-fakulta\/wp-json\/wp\/v2\/tags?post=16700"}],"curies":[{"name":"wp","href":"https:\/\/api.w.org\/{rel}","templated":true}]}}