{"id":16706,"date":"2021-10-18T10:42:33","date_gmt":"2021-10-18T10:42:55","guid":{"rendered":"https:\/\/www.upjs.sk\/lekarska-fakulta\/volne-pracovne-miesta\/dalsie-informacie\/"},"modified":"2025-10-06T14:04:04","modified_gmt":"2025-10-06T13:04:04","slug":"vk-dalsie-informacie","status":"publish","type":"page","link":"https:\/\/www.upjs.sk\/lekarska-fakulta\/fakulta\/volne-pracovne-miesta\/vk-dalsie-informacie\/","title":{"rendered":"Predpisy"},"content":{"rendered":"\n<ul class=\"wp-block-list\">\n<li><a href=\"https:\/\/intranet.upjs.sk\/op\/op.ViewOnline.php?documentid=10138&amp;version=1\" target=\"_blank\" rel=\"noreferrer noopener\">Z\u00e1sady v\u00fdberov\u00e9ho konania na obsadzovanie pracovn\u00fdch miest<\/a><\/li>\n\n\n\n<li><a href=\"https:\/\/intranet.upjs.sk\/op\/op.Public.php?documentid=10335\" target=\"_blank\" rel=\"noreferrer noopener\">Rozhodnutie rektora \u010d. 21\/2025, ktor\u00fdm sa ur\u010duj\u00fa krit\u00e9ri\u00e1 na z\u00edskanie vedecko-pedagogick\u00fdch titulov a umelecko-pedagogick\u00fdch titulov docent a profesor na Univerzite Pavla Jozefa \u0160af\u00e1rika v&nbsp;Ko\u0161iciach \u2013 od 20.6.2025<\/a><\/li>\n\n\n\n<li><a href=\"https:\/\/intranet.upjs.sk\/op\/op.Public.php?documentid=10332\" target=\"_blank\" rel=\"noreferrer noopener\">V\u0161eobecn\u00e9 krit\u00e9ri\u00e1 na obsadzovanie funk\u010dn\u00fdch miest profesorov a docentov na Univerzite Pavla Jozefa \u0160af\u00e1rika v Ko\u0161iciach&nbsp; a jej s\u00fa\u010dastiach \u2013 od 20.6.2025<\/a><\/li>\n\n\n\n<li><a href=\"https:\/\/intranet.upjs.sk\/op\/op.Public.php?documentid=10333\" target=\"_blank\" rel=\"noreferrer noopener\">Konkr\u00e9tne podmienky na obsadzovanie funk\u010dn\u00fdch miest profesorov na Univerzite Pavla Jozefa \u0160af\u00e1rika v Ko\u0161iciach a jej s\u00fa\u010dastiach \u2013 od 20.6.2025<\/a><\/li>\n\n\n\n<li><a href=\"https:\/\/intranet.upjs.sk\/op\/op.Public.php?documentid=10411\" target=\"_blank\" rel=\"noreferrer noopener\">Konkr\u00e9tne podmienky na obsadzovanie funk\u010dn\u00fdch miest docentov v \u0161tudijn\u00fdch odboroch v\u0161eobecn\u00e9 lek\u00e1rstvo a farmakol\u00f3gia na Univerzite Pavla Jozefa \u0160af\u00e1rika v Ko\u0161iciach, Lek\u00e1rskej fakulte \u2013 od 27.5.2025<\/a><\/li>\n\n\n\n<li><a href=\"https:\/\/intranet.upjs.sk\/op\/op.Public.php?documentid=9740\" target=\"_blank\" rel=\"noreferrer noopener\">Obsadzovanie funk\u010dn\u00fdch miest docentov a&nbsp;profesorov v&nbsp;odboroch, v&nbsp;ktor\u00fdch UPJ\u0160 nem\u00e1 priznan\u00e9 pr\u00e1va na uskuto\u010d\u0148ovanie habilita\u010dn\u00e9ho a&nbsp;inaugura\u010dn\u00e9ho konania<\/a><\/li>\n<\/ul>\n\n\n\n<p><\/p>\n\n\n\n<h3 class=\"wp-block-heading\">Arch\u00edv<\/h3>\n\n\n\n<ul class=\"wp-block-list\">\n<li><a href=\"https:\/\/www.upjs.sk\/app\/uploads\/sites\/9\/2022\/09\/RR-c.-2_2021-ktorym-sa-urcuju-kriteria-na-ziskanie-vedecko-pedagogickych.._.pdf\" target=\"_blank\" rel=\"noreferrer noopener\">Rozhodnutie rektora \u010d. 2\/2021, ktor\u00fdm sa ur\u010duj\u00fa krit\u00e9ri\u00e1 na z\u00edskanie vedecko-pedagogick\u00fdch titulov docent a profesor na UPJ\u0160 \u2013 platn\u00e9 do 19.06.2025<\/a><\/li>\n\n\n\n<li><a href=\"https:\/\/intranet.upjs.sk\/op\/op.Public.php?documentid=8679\" target=\"_blank\" rel=\"noreferrer noopener\">V\u0161eobecn\u00e9 krit\u00e9ri\u00e1 na obsadenie funkcie profesora alebo funkcie docenta na UPJ\u0160 LF \u2013 platn\u00e9 do 19.06.2025<\/a><\/li>\n\n\n\n<li><a href=\"https:\/\/intranet.upjs.sk\/op\/op.Public.php?documentid=8560\" target=\"_blank\" rel=\"noreferrer noopener\">Konkr\u00e9tne podmienky na obsadzovanie funk\u010dn\u00fdch miest docentov na UPJ\u0160 LF \u2013 platn\u00e9 do 26.05.2025<\/a><\/li>\n\n\n\n<li><a href=\"https:\/\/www.upjs.sk\/app\/uploads\/sites\/9\/2023\/06\/LF_Konkretne-podmienky-na-obsadzovanie-funkcnych-miest-profesorov-od-01.06.2023.pdf\" target=\"_blank\" rel=\"noreferrer noopener\">Konkr\u00e9tne podmienky na obsadzovanie funkci\u00ed profesorov na UPJ\u0160 LF \u2013 platn\u00e9 do 19.06.2025<\/a><\/li>\n<\/ul>\n\n\n\n<p><\/p>\n","protected":false},"excerpt":{"rendered":"<p>Arch\u00edv<\/p>\n","protected":false},"author":1,"featured_media":0,"parent":14488,"menu_order":3,"comment_status":"closed","ping_status":"closed","template":"","meta":{"_acf_changed":false,"_editorskit_title_hidden":false,"_editorskit_reading_time":1,"_editorskit_is_block_options_detached":false,"_editorskit_block_options_position":"{}","footnotes":""},"categories":[],"tags":[],"class_list":["post-16706","page","type-page","status-publish","hentry"],"acf":{"acf_link_na_externy_obsah":""},"yoast_head":"<!-- This site is optimized with the Yoast SEO plugin v27.4 - https:\/\/yoast.com\/product\/yoast-seo-wordpress\/ -->\n<title>Predpisy - Lek\u00e1rska fakulta | UPJ\u0160<\/title>\n<meta name=\"robots\" content=\"index, follow, max-snippet:-1, max-image-preview:large, max-video-preview:-1\" \/>\n<link rel=\"canonical\" href=\"https:\/\/www.upjs.sk\/lekarska-fakulta\/fakulta\/volne-pracovne-miesta\/vk-dalsie-informacie\/\" \/>\n<meta property=\"og:locale\" content=\"sk_SK\" \/>\n<meta property=\"og:type\" content=\"article\" \/>\n<meta property=\"og:title\" content=\"Predpisy - Lek\u00e1rska fakulta | UPJ\u0160\" \/>\n<meta property=\"og:description\" content=\"Arch\u00edv\" \/>\n<meta property=\"og:url\" content=\"https:\/\/www.upjs.sk\/lekarska-fakulta\/fakulta\/volne-pracovne-miesta\/vk-dalsie-informacie\/\" \/>\n<meta property=\"og:site_name\" content=\"Lek\u00e1rska fakulta | UPJ\u0160\" \/>\n<meta property=\"article:modified_time\" content=\"2025-10-06T13:04:04+00:00\" \/>\n<meta name=\"twitter:card\" content=\"summary_large_image\" \/>\n<meta name=\"twitter:label1\" content=\"Predpokladan\u00fd \u010das \u010d\u00edtania\" \/>\n\t<meta name=\"twitter:data1\" content=\"1 min\u00fata\" \/>\n<script type=\"application\/ld+json\" class=\"yoast-schema-graph\">{\"@context\":\"https:\\\/\\\/schema.org\",\"@graph\":[{\"@type\":\"WebPage\",\"@id\":\"https:\\\/\\\/www.upjs.sk\\\/lekarska-fakulta\\\/fakulta\\\/volne-pracovne-miesta\\\/vk-dalsie-informacie\\\/\",\"url\":\"https:\\\/\\\/www.upjs.sk\\\/lekarska-fakulta\\\/fakulta\\\/volne-pracovne-miesta\\\/vk-dalsie-informacie\\\/\",\"name\":\"Predpisy - Lek\u00e1rska fakulta | UPJ\u0160\",\"isPartOf\":{\"@id\":\"https:\\\/\\\/www.upjs.sk\\\/lekarska-fakulta\\\/#website\"},\"datePublished\":\"2021-10-18T10:42:55+00:00\",\"dateModified\":\"2025-10-06T13:04:04+00:00\",\"breadcrumb\":{\"@id\":\"https:\\\/\\\/www.upjs.sk\\\/lekarska-fakulta\\\/fakulta\\\/volne-pracovne-miesta\\\/vk-dalsie-informacie\\\/#breadcrumb\"},\"inLanguage\":\"sk-SK\",\"potentialAction\":[{\"@type\":\"ReadAction\",\"target\":[\"https:\\\/\\\/www.upjs.sk\\\/lekarska-fakulta\\\/fakulta\\\/volne-pracovne-miesta\\\/vk-dalsie-informacie\\\/\"]}]},{\"@type\":\"BreadcrumbList\",\"@id\":\"https:\\\/\\\/www.upjs.sk\\\/lekarska-fakulta\\\/fakulta\\\/volne-pracovne-miesta\\\/vk-dalsie-informacie\\\/#breadcrumb\",\"itemListElement\":[{\"@type\":\"ListItem\",\"position\":1,\"name\":\"Home\",\"item\":\"https:\\\/\\\/www.upjs.sk\\\/lekarska-fakulta\\\/\"},{\"@type\":\"ListItem\",\"position\":2,\"name\":\"O fakulte\",\"item\":\"https:\\\/\\\/www.upjs.sk\\\/lekarska-fakulta\\\/fakulta\\\/\"},{\"@type\":\"ListItem\",\"position\":3,\"name\":\"V\u00fdberov\u00e9 konania\",\"item\":\"https:\\\/\\\/www.upjs.sk\\\/lekarska-fakulta\\\/fakulta\\\/volne-pracovne-miesta\\\/\"},{\"@type\":\"ListItem\",\"position\":4,\"name\":\"Predpisy\"}]},{\"@type\":\"WebSite\",\"@id\":\"https:\\\/\\\/www.upjs.sk\\\/lekarska-fakulta\\\/#website\",\"url\":\"https:\\\/\\\/www.upjs.sk\\\/lekarska-fakulta\\\/\",\"name\":\"Lek\u00e1rska fakulta | UPJ\u0160\",\"description\":\"\",\"publisher\":{\"@id\":\"https:\\\/\\\/www.upjs.sk\\\/lekarska-fakulta\\\/#organization\"},\"potentialAction\":[{\"@type\":\"SearchAction\",\"target\":{\"@type\":\"EntryPoint\",\"urlTemplate\":\"https:\\\/\\\/www.upjs.sk\\\/lekarska-fakulta\\\/?s={search_term_string}\"},\"query-input\":{\"@type\":\"PropertyValueSpecification\",\"valueRequired\":true,\"valueName\":\"search_term_string\"}}],\"inLanguage\":\"sk-SK\"},{\"@type\":\"Organization\",\"@id\":\"https:\\\/\\\/www.upjs.sk\\\/lekarska-fakulta\\\/#organization\",\"name\":\"Lek\u00e1rska fakulta | UPJ\u0160\",\"url\":\"https:\\\/\\\/www.upjs.sk\\\/lekarska-fakulta\\\/\",\"logo\":{\"@type\":\"ImageObject\",\"inLanguage\":\"sk-SK\",\"@id\":\"https:\\\/\\\/www.upjs.sk\\\/lekarska-fakulta\\\/#\\\/schema\\\/logo\\\/image\\\/\",\"url\":\"https:\\\/\\\/www.upjs.sk\\\/app\\\/uploads\\\/sites\\\/9\\\/2022\\\/09\\\/logo-lekarska-fakulta.png\",\"contentUrl\":\"https:\\\/\\\/www.upjs.sk\\\/app\\\/uploads\\\/sites\\\/9\\\/2022\\\/09\\\/logo-lekarska-fakulta.png\",\"width\":415,\"height\":87,\"caption\":\"Lek\u00e1rska fakulta | UPJ\u0160\"},\"image\":{\"@id\":\"https:\\\/\\\/www.upjs.sk\\\/lekarska-fakulta\\\/#\\\/schema\\\/logo\\\/image\\\/\"}}]}<\/script>\n<!-- \/ Yoast SEO plugin. -->","yoast_head_json":{"title":"Predpisy - Lek\u00e1rska fakulta | UPJ\u0160","robots":{"index":"index","follow":"follow","max-snippet":"max-snippet:-1","max-image-preview":"max-image-preview:large","max-video-preview":"max-video-preview:-1"},"canonical":"https:\/\/www.upjs.sk\/lekarska-fakulta\/fakulta\/volne-pracovne-miesta\/vk-dalsie-informacie\/","og_locale":"sk_SK","og_type":"article","og_title":"Predpisy - Lek\u00e1rska fakulta | UPJ\u0160","og_description":"Arch\u00edv","og_url":"https:\/\/www.upjs.sk\/lekarska-fakulta\/fakulta\/volne-pracovne-miesta\/vk-dalsie-informacie\/","og_site_name":"Lek\u00e1rska fakulta | UPJ\u0160","article_modified_time":"2025-10-06T13:04:04+00:00","twitter_card":"summary_large_image","twitter_misc":{"Predpokladan\u00fd \u010das \u010d\u00edtania":"1 min\u00fata"},"schema":{"@context":"https:\/\/schema.org","@graph":[{"@type":"WebPage","@id":"https:\/\/www.upjs.sk\/lekarska-fakulta\/fakulta\/volne-pracovne-miesta\/vk-dalsie-informacie\/","url":"https:\/\/www.upjs.sk\/lekarska-fakulta\/fakulta\/volne-pracovne-miesta\/vk-dalsie-informacie\/","name":"Predpisy - Lek\u00e1rska fakulta | UPJ\u0160","isPartOf":{"@id":"https:\/\/www.upjs.sk\/lekarska-fakulta\/#website"},"datePublished":"2021-10-18T10:42:55+00:00","dateModified":"2025-10-06T13:04:04+00:00","breadcrumb":{"@id":"https:\/\/www.upjs.sk\/lekarska-fakulta\/fakulta\/volne-pracovne-miesta\/vk-dalsie-informacie\/#breadcrumb"},"inLanguage":"sk-SK","potentialAction":[{"@type":"ReadAction","target":["https:\/\/www.upjs.sk\/lekarska-fakulta\/fakulta\/volne-pracovne-miesta\/vk-dalsie-informacie\/"]}]},{"@type":"BreadcrumbList","@id":"https:\/\/www.upjs.sk\/lekarska-fakulta\/fakulta\/volne-pracovne-miesta\/vk-dalsie-informacie\/#breadcrumb","itemListElement":[{"@type":"ListItem","position":1,"name":"Home","item":"https:\/\/www.upjs.sk\/lekarska-fakulta\/"},{"@type":"ListItem","position":2,"name":"O fakulte","item":"https:\/\/www.upjs.sk\/lekarska-fakulta\/fakulta\/"},{"@type":"ListItem","position":3,"name":"V\u00fdberov\u00e9 konania","item":"https:\/\/www.upjs.sk\/lekarska-fakulta\/fakulta\/volne-pracovne-miesta\/"},{"@type":"ListItem","position":4,"name":"Predpisy"}]},{"@type":"WebSite","@id":"https:\/\/www.upjs.sk\/lekarska-fakulta\/#website","url":"https:\/\/www.upjs.sk\/lekarska-fakulta\/","name":"Lek\u00e1rska fakulta | UPJ\u0160","description":"","publisher":{"@id":"https:\/\/www.upjs.sk\/lekarska-fakulta\/#organization"},"potentialAction":[{"@type":"SearchAction","target":{"@type":"EntryPoint","urlTemplate":"https:\/\/www.upjs.sk\/lekarska-fakulta\/?s={search_term_string}"},"query-input":{"@type":"PropertyValueSpecification","valueRequired":true,"valueName":"search_term_string"}}],"inLanguage":"sk-SK"},{"@type":"Organization","@id":"https:\/\/www.upjs.sk\/lekarska-fakulta\/#organization","name":"Lek\u00e1rska fakulta | UPJ\u0160","url":"https:\/\/www.upjs.sk\/lekarska-fakulta\/","logo":{"@type":"ImageObject","inLanguage":"sk-SK","@id":"https:\/\/www.upjs.sk\/lekarska-fakulta\/#\/schema\/logo\/image\/","url":"https:\/\/www.upjs.sk\/app\/uploads\/sites\/9\/2022\/09\/logo-lekarska-fakulta.png","contentUrl":"https:\/\/www.upjs.sk\/app\/uploads\/sites\/9\/2022\/09\/logo-lekarska-fakulta.png","width":415,"height":87,"caption":"Lek\u00e1rska fakulta | UPJ\u0160"},"image":{"@id":"https:\/\/www.upjs.sk\/lekarska-fakulta\/#\/schema\/logo\/image\/"}}]}},"_links":{"self":[{"href":"https:\/\/www.upjs.sk\/lekarska-fakulta\/wp-json\/wp\/v2\/pages\/16706","targetHints":{"allow":["GET"]}}],"collection":[{"href":"https:\/\/www.upjs.sk\/lekarska-fakulta\/wp-json\/wp\/v2\/pages"}],"about":[{"href":"https:\/\/www.upjs.sk\/lekarska-fakulta\/wp-json\/wp\/v2\/types\/page"}],"author":[{"embeddable":true,"href":"https:\/\/www.upjs.sk\/lekarska-fakulta\/wp-json\/wp\/v2\/users\/1"}],"replies":[{"embeddable":true,"href":"https:\/\/www.upjs.sk\/lekarska-fakulta\/wp-json\/wp\/v2\/comments?post=16706"}],"version-history":[{"count":18,"href":"https:\/\/www.upjs.sk\/lekarska-fakulta\/wp-json\/wp\/v2\/pages\/16706\/revisions"}],"predecessor-version":[{"id":145681,"href":"https:\/\/www.upjs.sk\/lekarska-fakulta\/wp-json\/wp\/v2\/pages\/16706\/revisions\/145681"}],"up":[{"embeddable":true,"href":"https:\/\/www.upjs.sk\/lekarska-fakulta\/wp-json\/wp\/v2\/pages\/14488"}],"wp:attachment":[{"href":"https:\/\/www.upjs.sk\/lekarska-fakulta\/wp-json\/wp\/v2\/media?parent=16706"}],"wp:term":[{"taxonomy":"category","embeddable":true,"href":"https:\/\/www.upjs.sk\/lekarska-fakulta\/wp-json\/wp\/v2\/categories?post=16706"},{"taxonomy":"post_tag","embeddable":true,"href":"https:\/\/www.upjs.sk\/lekarska-fakulta\/wp-json\/wp\/v2\/tags?post=16706"}],"curies":[{"name":"wp","href":"https:\/\/api.w.org\/{rel}","templated":true}]}}