{"id":18456,"date":"2012-09-11T08:40:02","date_gmt":"2012-09-11T08:40:02","guid":{"rendered":"https:\/\/www.upjs.sk\/lekarska-fakulta\/informacie-pre-studentov\/akademicky-rok-2012-2013\/"},"modified":"2025-02-20T15:22:08","modified_gmt":"2025-02-20T14:22:08","slug":"akademicky-rok-2012-2013","status":"publish","type":"page","link":"https:\/\/www.upjs.sk\/lekarska-fakulta\/informacie-pre-studentov\/akademicky-rok-2012-2013\/","title":{"rendered":"Akademick\u00fd rok 2012\/2013"},"content":{"rendered":"<div style=\"margin-left: 5em;\">&#8211; <a href=\"https:\/\/www.upjs.sk\/app\/uploads\/sites\/9\/2022\/10\/Potvrdenie_o_navsteve_univerzity.doc\">Potvrdenie o n\u00e1v\u0161teve univerzity<\/a><br \/>&#8211; Mo\u017enosti ubytovania pre 1. rok \u0161t\u00fadia (inform\u00e1cia)<\/div>\n<ul>\n<li><a href=\"https:\/\/www.upjs.sk\/app\/uploads\/sites\/9\/2022\/10\/harmonogram_AR_2012_2013.pdf\">Harmonogram akademick\u00e9ho roka<\/a><\/li>\n<li><a href=\"\/public\/media\/3241\/rozhodnutie-rektora-1-2012-poriadok-poplatkov-200112.pdf\">Poriadok poplatkov<\/a><\/li>\n<li><a href=\"https:\/\/www.upjs.sk\/app\/uploads\/sites\/9\/2022\/10\/Studijne_Plany_12-13.doc\">\u0160tudijn\u00e9 pl\u00e1ny \u0161tudijn\u00fdch programov<\/a><\/li>\n<li>Z\u00e1pis<\/li>\n<li style=\"margin-left: 1em;\"><a href=\"https:\/\/www.upjs.sk\/app\/uploads\/sites\/9\/2022\/10\/informacie_pre_studentov_1_rok_studia.doc\">Z\u00e1kladn\u00e9 inform\u00e1cie &#8211; pre 1. rok \u0161t\u00fadia<\/a><\/li>\n<li style=\"margin-left: 1em;\"><a href=\"https:\/\/www.upjs.sk\/app\/uploads\/sites\/9\/2022\/10\/elektronicky_zapis_postup_2012_2013.pdf\">Elektronick\u00fd z\u00e1pis do \u010fal\u0161ieho roka \u0161t\u00fadia<\/a><\/li>\n<li style=\"margin-left: 1em;\"><a href=\"https:\/\/www.upjs.sk\/app\/uploads\/sites\/9\/2022\/10\/prolongacia_ISIC.doc\">Prolong\u00e1cia ISIC<\/a><\/li>\n<li style=\"margin-left: 1em;\"><a href=\"https:\/\/www.upjs.sk\/app\/uploads\/sites\/9\/2022\/10\/ockovania.doc\">O\u010dkovanie a lek\u00e1rska prehliadka<\/a><\/li>\n<li style=\"margin-left: 1em;\">Formul\u00e1re: <a href=\"https:\/\/www.upjs.sk\/app\/uploads\/sites\/9\/2022\/10\/zapisny_list_1_rok_studia.doc\">Z\u00e1pisn\u00fd list pre 1. rok \u0161t\u00fadia<\/a>\n<div style=\"margin-left: 5em;\"><a href=\"https:\/\/www.upjs.sk\/app\/uploads\/sites\/9\/2022\/10\/cestne_vyhlasenie_formular.doc\">\u010cestn\u00e9 vyhl\u00e1senie<\/a><br \/><a href=\"https:\/\/www.upjs.sk\/app\/uploads\/sites\/9\/2022\/10\/ziadost_o_znizenie_odpustenie_odklad_skolneho.doc\">\u017diados\u0165 o zn\u00ed\u017eenie, odpustenie alebo odlo\u017eenie splatnosti \u0161koln\u00e9ho<\/a><\/div>\n<\/li>\n<\/ul>\n\n\n<p><\/p>\n","protected":false},"excerpt":{"rendered":"<p>&#8211; Potvrdenie o n\u00e1v\u0161teve univerzity&#8211; Mo\u017enosti ubytovania pre 1. rok \u0161t\u00fadia (inform\u00e1cia) Harmonogram akademick\u00e9ho roka Poriadok poplatkov \u0160tudijn\u00e9 pl\u00e1ny \u0161tudijn\u00fdch programov Z\u00e1pis Z\u00e1kladn\u00e9 inform\u00e1cie &#8211; pre 1. rok \u0161t\u00fadia Elektronick\u00fd z\u00e1pis do \u010fal\u0161ieho roka \u0161t\u00fadia Prolong\u00e1cia ISIC O\u010dkovanie a lek\u00e1rska prehliadka Formul\u00e1re: Z\u00e1pisn\u00fd list pre 1. rok \u0161t\u00fadia \u010cestn\u00e9 vyhl\u00e1senie\u017diados\u0165 o zn\u00ed\u017eenie, odpustenie alebo odlo\u017eenie &hellip; <a href=\"https:\/\/www.upjs.sk\/lekarska-fakulta\/informacie-pre-studentov\/akademicky-rok-2012-2013\/\">\u010c\u00edta\u0165 \u010falej<\/a><\/p>\n","protected":false},"author":1,"featured_media":0,"parent":18336,"menu_order":8,"comment_status":"closed","ping_status":"closed","template":"","meta":{"_acf_changed":false,"_editorskit_title_hidden":false,"_editorskit_reading_time":0,"_editorskit_is_block_options_detached":false,"_editorskit_block_options_position":"{}","footnotes":""},"categories":[],"tags":[],"class_list":["post-18456","page","type-page","status-publish","hentry"],"acf":{"acf_link_na_externy_obsah":""},"yoast_head":"<!-- This site is optimized with the Yoast SEO plugin v27.4 - https:\/\/yoast.com\/product\/yoast-seo-wordpress\/ -->\n<title>Akademick\u00fd rok 2012\/2013 - Lek\u00e1rska fakulta | UPJ\u0160<\/title>\n<meta name=\"robots\" content=\"index, follow, max-snippet:-1, max-image-preview:large, max-video-preview:-1\" \/>\n<link rel=\"canonical\" href=\"https:\/\/www.upjs.sk\/lekarska-fakulta\/informacie-pre-studentov\/akademicky-rok-2012-2013\/\" \/>\n<meta property=\"og:locale\" content=\"sk_SK\" \/>\n<meta property=\"og:type\" content=\"article\" \/>\n<meta property=\"og:title\" content=\"Akademick\u00fd rok 2012\/2013 - Lek\u00e1rska fakulta | UPJ\u0160\" \/>\n<meta property=\"og:description\" content=\"&#8211; Potvrdenie o n\u00e1v\u0161teve univerzity&#8211; Mo\u017enosti ubytovania pre 1. rok \u0161t\u00fadia (inform\u00e1cia) Harmonogram akademick\u00e9ho roka Poriadok poplatkov \u0160tudijn\u00e9 pl\u00e1ny \u0161tudijn\u00fdch programov Z\u00e1pis Z\u00e1kladn\u00e9 inform\u00e1cie &#8211; pre 1. rok \u0161t\u00fadia Elektronick\u00fd z\u00e1pis do \u010fal\u0161ieho roka \u0161t\u00fadia Prolong\u00e1cia ISIC O\u010dkovanie a lek\u00e1rska prehliadka Formul\u00e1re: Z\u00e1pisn\u00fd list pre 1. rok \u0161t\u00fadia \u010cestn\u00e9 vyhl\u00e1senie\u017diados\u0165 o zn\u00ed\u017eenie, odpustenie alebo odlo\u017eenie &hellip; \u010c\u00edta\u0165 \u010falej\" \/>\n<meta property=\"og:url\" content=\"https:\/\/www.upjs.sk\/lekarska-fakulta\/informacie-pre-studentov\/akademicky-rok-2012-2013\/\" \/>\n<meta property=\"og:site_name\" content=\"Lek\u00e1rska fakulta | UPJ\u0160\" \/>\n<meta property=\"article:modified_time\" content=\"2025-02-20T14:22:08+00:00\" \/>\n<meta name=\"twitter:card\" content=\"summary_large_image\" \/>\n<meta name=\"twitter:label1\" content=\"Predpokladan\u00fd \u010das \u010d\u00edtania\" \/>\n\t<meta name=\"twitter:data1\" content=\"1 min\u00fata\" \/>\n<script type=\"application\/ld+json\" class=\"yoast-schema-graph\">{\"@context\":\"https:\\\/\\\/schema.org\",\"@graph\":[{\"@type\":\"WebPage\",\"@id\":\"https:\\\/\\\/www.upjs.sk\\\/lekarska-fakulta\\\/informacie-pre-studentov\\\/akademicky-rok-2012-2013\\\/\",\"url\":\"https:\\\/\\\/www.upjs.sk\\\/lekarska-fakulta\\\/informacie-pre-studentov\\\/akademicky-rok-2012-2013\\\/\",\"name\":\"Akademick\u00fd rok 2012\\\/2013 - Lek\u00e1rska fakulta | UPJ\u0160\",\"isPartOf\":{\"@id\":\"https:\\\/\\\/www.upjs.sk\\\/lekarska-fakulta\\\/#website\"},\"datePublished\":\"2012-09-11T08:40:02+00:00\",\"dateModified\":\"2025-02-20T14:22:08+00:00\",\"breadcrumb\":{\"@id\":\"https:\\\/\\\/www.upjs.sk\\\/lekarska-fakulta\\\/informacie-pre-studentov\\\/akademicky-rok-2012-2013\\\/#breadcrumb\"},\"inLanguage\":\"sk-SK\",\"potentialAction\":[{\"@type\":\"ReadAction\",\"target\":[\"https:\\\/\\\/www.upjs.sk\\\/lekarska-fakulta\\\/informacie-pre-studentov\\\/akademicky-rok-2012-2013\\\/\"]}]},{\"@type\":\"BreadcrumbList\",\"@id\":\"https:\\\/\\\/www.upjs.sk\\\/lekarska-fakulta\\\/informacie-pre-studentov\\\/akademicky-rok-2012-2013\\\/#breadcrumb\",\"itemListElement\":[{\"@type\":\"ListItem\",\"position\":1,\"name\":\"Home\",\"item\":\"https:\\\/\\\/www.upjs.sk\\\/lekarska-fakulta\\\/\"},{\"@type\":\"ListItem\",\"position\":2,\"name\":\"Inform\u00e1cie pre \u0161tudentov\",\"item\":\"https:\\\/\\\/www.upjs.sk\\\/lekarska-fakulta\\\/informacie-pre-studentov\\\/\"},{\"@type\":\"ListItem\",\"position\":3,\"name\":\"Akademick\u00fd rok 2012\\\/2013\"}]},{\"@type\":\"WebSite\",\"@id\":\"https:\\\/\\\/www.upjs.sk\\\/lekarska-fakulta\\\/#website\",\"url\":\"https:\\\/\\\/www.upjs.sk\\\/lekarska-fakulta\\\/\",\"name\":\"Lek\u00e1rska fakulta | UPJ\u0160\",\"description\":\"\",\"publisher\":{\"@id\":\"https:\\\/\\\/www.upjs.sk\\\/lekarska-fakulta\\\/#organization\"},\"potentialAction\":[{\"@type\":\"SearchAction\",\"target\":{\"@type\":\"EntryPoint\",\"urlTemplate\":\"https:\\\/\\\/www.upjs.sk\\\/lekarska-fakulta\\\/?s={search_term_string}\"},\"query-input\":{\"@type\":\"PropertyValueSpecification\",\"valueRequired\":true,\"valueName\":\"search_term_string\"}}],\"inLanguage\":\"sk-SK\"},{\"@type\":\"Organization\",\"@id\":\"https:\\\/\\\/www.upjs.sk\\\/lekarska-fakulta\\\/#organization\",\"name\":\"Lek\u00e1rska fakulta | UPJ\u0160\",\"url\":\"https:\\\/\\\/www.upjs.sk\\\/lekarska-fakulta\\\/\",\"logo\":{\"@type\":\"ImageObject\",\"inLanguage\":\"sk-SK\",\"@id\":\"https:\\\/\\\/www.upjs.sk\\\/lekarska-fakulta\\\/#\\\/schema\\\/logo\\\/image\\\/\",\"url\":\"https:\\\/\\\/www.upjs.sk\\\/app\\\/uploads\\\/sites\\\/9\\\/2022\\\/09\\\/logo-lekarska-fakulta.png\",\"contentUrl\":\"https:\\\/\\\/www.upjs.sk\\\/app\\\/uploads\\\/sites\\\/9\\\/2022\\\/09\\\/logo-lekarska-fakulta.png\",\"width\":415,\"height\":87,\"caption\":\"Lek\u00e1rska fakulta | UPJ\u0160\"},\"image\":{\"@id\":\"https:\\\/\\\/www.upjs.sk\\\/lekarska-fakulta\\\/#\\\/schema\\\/logo\\\/image\\\/\"}}]}<\/script>\n<!-- \/ Yoast SEO plugin. -->","yoast_head_json":{"title":"Akademick\u00fd rok 2012\/2013 - Lek\u00e1rska fakulta | UPJ\u0160","robots":{"index":"index","follow":"follow","max-snippet":"max-snippet:-1","max-image-preview":"max-image-preview:large","max-video-preview":"max-video-preview:-1"},"canonical":"https:\/\/www.upjs.sk\/lekarska-fakulta\/informacie-pre-studentov\/akademicky-rok-2012-2013\/","og_locale":"sk_SK","og_type":"article","og_title":"Akademick\u00fd rok 2012\/2013 - Lek\u00e1rska fakulta | UPJ\u0160","og_description":"&#8211; Potvrdenie o n\u00e1v\u0161teve univerzity&#8211; Mo\u017enosti ubytovania pre 1. rok \u0161t\u00fadia (inform\u00e1cia) Harmonogram akademick\u00e9ho roka Poriadok poplatkov \u0160tudijn\u00e9 pl\u00e1ny \u0161tudijn\u00fdch programov Z\u00e1pis Z\u00e1kladn\u00e9 inform\u00e1cie &#8211; pre 1. rok \u0161t\u00fadia Elektronick\u00fd z\u00e1pis do \u010fal\u0161ieho roka \u0161t\u00fadia Prolong\u00e1cia ISIC O\u010dkovanie a lek\u00e1rska prehliadka Formul\u00e1re: Z\u00e1pisn\u00fd list pre 1. rok \u0161t\u00fadia \u010cestn\u00e9 vyhl\u00e1senie\u017diados\u0165 o zn\u00ed\u017eenie, odpustenie alebo odlo\u017eenie &hellip; \u010c\u00edta\u0165 \u010falej","og_url":"https:\/\/www.upjs.sk\/lekarska-fakulta\/informacie-pre-studentov\/akademicky-rok-2012-2013\/","og_site_name":"Lek\u00e1rska fakulta | UPJ\u0160","article_modified_time":"2025-02-20T14:22:08+00:00","twitter_card":"summary_large_image","twitter_misc":{"Predpokladan\u00fd \u010das \u010d\u00edtania":"1 min\u00fata"},"schema":{"@context":"https:\/\/schema.org","@graph":[{"@type":"WebPage","@id":"https:\/\/www.upjs.sk\/lekarska-fakulta\/informacie-pre-studentov\/akademicky-rok-2012-2013\/","url":"https:\/\/www.upjs.sk\/lekarska-fakulta\/informacie-pre-studentov\/akademicky-rok-2012-2013\/","name":"Akademick\u00fd rok 2012\/2013 - Lek\u00e1rska fakulta | UPJ\u0160","isPartOf":{"@id":"https:\/\/www.upjs.sk\/lekarska-fakulta\/#website"},"datePublished":"2012-09-11T08:40:02+00:00","dateModified":"2025-02-20T14:22:08+00:00","breadcrumb":{"@id":"https:\/\/www.upjs.sk\/lekarska-fakulta\/informacie-pre-studentov\/akademicky-rok-2012-2013\/#breadcrumb"},"inLanguage":"sk-SK","potentialAction":[{"@type":"ReadAction","target":["https:\/\/www.upjs.sk\/lekarska-fakulta\/informacie-pre-studentov\/akademicky-rok-2012-2013\/"]}]},{"@type":"BreadcrumbList","@id":"https:\/\/www.upjs.sk\/lekarska-fakulta\/informacie-pre-studentov\/akademicky-rok-2012-2013\/#breadcrumb","itemListElement":[{"@type":"ListItem","position":1,"name":"Home","item":"https:\/\/www.upjs.sk\/lekarska-fakulta\/"},{"@type":"ListItem","position":2,"name":"Inform\u00e1cie pre \u0161tudentov","item":"https:\/\/www.upjs.sk\/lekarska-fakulta\/informacie-pre-studentov\/"},{"@type":"ListItem","position":3,"name":"Akademick\u00fd rok 2012\/2013"}]},{"@type":"WebSite","@id":"https:\/\/www.upjs.sk\/lekarska-fakulta\/#website","url":"https:\/\/www.upjs.sk\/lekarska-fakulta\/","name":"Lek\u00e1rska fakulta | UPJ\u0160","description":"","publisher":{"@id":"https:\/\/www.upjs.sk\/lekarska-fakulta\/#organization"},"potentialAction":[{"@type":"SearchAction","target":{"@type":"EntryPoint","urlTemplate":"https:\/\/www.upjs.sk\/lekarska-fakulta\/?s={search_term_string}"},"query-input":{"@type":"PropertyValueSpecification","valueRequired":true,"valueName":"search_term_string"}}],"inLanguage":"sk-SK"},{"@type":"Organization","@id":"https:\/\/www.upjs.sk\/lekarska-fakulta\/#organization","name":"Lek\u00e1rska fakulta | UPJ\u0160","url":"https:\/\/www.upjs.sk\/lekarska-fakulta\/","logo":{"@type":"ImageObject","inLanguage":"sk-SK","@id":"https:\/\/www.upjs.sk\/lekarska-fakulta\/#\/schema\/logo\/image\/","url":"https:\/\/www.upjs.sk\/app\/uploads\/sites\/9\/2022\/09\/logo-lekarska-fakulta.png","contentUrl":"https:\/\/www.upjs.sk\/app\/uploads\/sites\/9\/2022\/09\/logo-lekarska-fakulta.png","width":415,"height":87,"caption":"Lek\u00e1rska fakulta | UPJ\u0160"},"image":{"@id":"https:\/\/www.upjs.sk\/lekarska-fakulta\/#\/schema\/logo\/image\/"}}]}},"_links":{"self":[{"href":"https:\/\/www.upjs.sk\/lekarska-fakulta\/wp-json\/wp\/v2\/pages\/18456","targetHints":{"allow":["GET"]}}],"collection":[{"href":"https:\/\/www.upjs.sk\/lekarska-fakulta\/wp-json\/wp\/v2\/pages"}],"about":[{"href":"https:\/\/www.upjs.sk\/lekarska-fakulta\/wp-json\/wp\/v2\/types\/page"}],"author":[{"embeddable":true,"href":"https:\/\/www.upjs.sk\/lekarska-fakulta\/wp-json\/wp\/v2\/users\/1"}],"replies":[{"embeddable":true,"href":"https:\/\/www.upjs.sk\/lekarska-fakulta\/wp-json\/wp\/v2\/comments?post=18456"}],"version-history":[{"count":3,"href":"https:\/\/www.upjs.sk\/lekarska-fakulta\/wp-json\/wp\/v2\/pages\/18456\/revisions"}],"predecessor-version":[{"id":130441,"href":"https:\/\/www.upjs.sk\/lekarska-fakulta\/wp-json\/wp\/v2\/pages\/18456\/revisions\/130441"}],"up":[{"embeddable":true,"href":"https:\/\/www.upjs.sk\/lekarska-fakulta\/wp-json\/wp\/v2\/pages\/18336"}],"wp:attachment":[{"href":"https:\/\/www.upjs.sk\/lekarska-fakulta\/wp-json\/wp\/v2\/media?parent=18456"}],"wp:term":[{"taxonomy":"category","embeddable":true,"href":"https:\/\/www.upjs.sk\/lekarska-fakulta\/wp-json\/wp\/v2\/categories?post=18456"},{"taxonomy":"post_tag","embeddable":true,"href":"https:\/\/www.upjs.sk\/lekarska-fakulta\/wp-json\/wp\/v2\/tags?post=18456"}],"curies":[{"name":"wp","href":"https:\/\/api.w.org\/{rel}","templated":true}]}}