{"id":18464,"date":"2020-09-03T14:24:36","date_gmt":"2020-09-03T14:24:36","guid":{"rendered":"https:\/\/www.upjs.sk\/lekarska-fakulta\/informacie-pre-studentov\/uradne-hodiny\/"},"modified":"2022-11-10T15:21:15","modified_gmt":"2022-11-10T15:21:15","slug":"uradne-hodiny","status":"publish","type":"page","link":"https:\/\/www.upjs.sk\/lekarska-fakulta\/informacie-pre-studentov\/uradne-hodiny\/","title":{"rendered":"\u00daradn\u00e9 hodiny \u0161tudijn\u00e9ho oddelenia"},"content":{"rendered":"<style type=\"text\/css\"><!--\n#hodiny{border-bottom: medium none; text-align: center; border-left: medium none; border-collapse: collapse; border-top: medium none; border-right: medium none;margin-left:5em}\ntd.hodiny {BORDER-RIGHT: windowtext 1px solid; BORDER-TOP: windowtext 1px solid; BORDER-LEFT: windowtext 1px solid; BORDER-BOTTOM: windowtext 1px solid;background: #fff0e1;padding: 2px 5px 2px 5px;text-align: center;}\ntd.vlavo {BORDER-RIGHT: windowtext 1px solid; BORDER-TOP: windowtext 1px solid; BORDER-LEFT: windowtext 1px solid; BORDER-BOTTOM: windowtext 1px solid;background: #fff0e1;text-align: left;padding-left: 5px;padding-right: 5px;}\n-->\n<\/style>\n<p>\u00a0<\/p>\n<p>v term\u00edne: <strong>21.9.2020 \u2013 21.5.202<\/strong><\/p>\n<table border=\"0\" cellpadding=\"0\" cellspacing=\"0\" id=\"hodiny\">\n<tbody>\n<tr>\n<td class=\"vlavo\">Pondelok:<\/td>\n<td class=\"hodiny\" style=\"text-align: center;width:7em\">\u2013<\/td>\n<td class=\"hodiny\" style=\"text-align: center;width:7em\">12.30 \u2013 14.30<\/td>\n<\/tr>\n<tr>\n<td class=\"vlavo\">Utorok:<\/td>\n<td class=\"hodiny\" style=\"text-align: center;\">09.00 \u2013 12.00<\/td>\n<td class=\"hodiny\" style=\"text-align: center;\">\u2013<\/td>\n<\/tr>\n<tr>\n<td class=\"vlavo\">Streda:<\/td>\n<td class=\"hodiny\" style=\"text-align: center;\">\u2013<\/td>\n<td class=\"hodiny\" style=\"text-align: center;\">12.30 \u2013 14.30<\/td>\n<\/tr>\n<tr>\n<td class=\"vlavo\">\u0160tvrtok:<\/td>\n<td class=\"hodiny\" style=\"text-align: center;\">09.00 \u2013 12:00<\/td>\n<td class=\"hodiny\" style=\"text-align: center;\">\u2013<\/td>\n<\/tr>\n<tr>\n<td class=\"vlavo\">Piatok:<\/td>\n<td class=\"hodiny\" colspan=\"2\" style=\"text-align: center;\">nestr\u00e1nkov\u00fd de\u0148<\/td>\n<\/tr>\n<\/tbody>\n<\/table>\n<p>\u00a0<\/p>\n<p>v term\u00edne: <strong> 2.9.2020 \u2013 18.9.2020<\/strong><\/p>\n<p style=\"margin-left: 75px;\"><strong>24.5.2021 \u2013 31.8.2021<\/strong><\/p>\n<table border=\"0\" cellpadding=\"0\" cellspacing=\"0\" id=\"hodiny\">\n<tbody>\n<tr>\n<td class=\"vlavo\">Pondelok:<\/td>\n<td class=\"hodiny\" style=\"text-align: center;width:7em\">09.00 \u2013 12.00<\/td>\n<td class=\"hodiny\" style=\"text-align: center;width:7em\">\u2013<\/td>\n<\/tr>\n<tr>\n<td class=\"vlavo\">Utorok:<\/td>\n<td class=\"hodiny\" colspan=\"2\" style=\"text-align: center;\">nestr\u00e1nkov\u00fd de\u0148<\/td>\n<\/tr>\n<tr>\n<td class=\"vlavo\">Streda:<\/td>\n<td class=\"hodiny\" colspan=\"2\" style=\"text-align: center;\">nestr\u00e1nkov\u00fd de\u0148<\/td>\n<\/tr>\n<tr>\n<td class=\"vlavo\">\u0160tvrtok:<\/td>\n<td class=\"hodiny\" style=\"text-align: center;\">09.00 \u2013 12.00<\/td>\n<td class=\"hodiny\" style=\"text-align: center;\">\u2013<\/td>\n<\/tr>\n<tr>\n<td class=\"vlavo\">Piatok:<\/td>\n<td class=\"hodiny\" colspan=\"2\" style=\"text-align: center;\">nestr\u00e1nkov\u00fd de\u0148<\/td>\n<\/tr>\n<\/tbody>\n<\/table>\n<p>\u00a0<\/p>\n","protected":false},"excerpt":{"rendered":"<p>\u00a0 v term\u00edne: 21.9.2020 \u2013 21.5.202 Pondelok: \u2013 12.30 \u2013 14.30 Utorok: 09.00 \u2013 12.00 \u2013 Streda: \u2013 12.30 \u2013 14.30 \u0160tvrtok: 09.00 \u2013 12:00 \u2013 Piatok: nestr\u00e1nkov\u00fd de\u0148 \u00a0 v term\u00edne: 2.9.2020 \u2013 18.9.2020 24.5.2021 \u2013 31.8.2021 Pondelok: 09.00 \u2013 12.00 \u2013 Utorok: nestr\u00e1nkov\u00fd de\u0148 Streda: nestr\u00e1nkov\u00fd de\u0148 \u0160tvrtok: 09.00 \u2013 12.00 \u2013 Piatok: &hellip; <a href=\"https:\/\/www.upjs.sk\/lekarska-fakulta\/informacie-pre-studentov\/uradne-hodiny\/\">\u010c\u00edta\u0165 \u010falej<\/a><\/p>\n","protected":false},"author":1,"featured_media":0,"parent":18336,"menu_order":7,"comment_status":"closed","ping_status":"closed","template":"","meta":{"_acf_changed":false,"_editorskit_title_hidden":false,"_editorskit_reading_time":0,"_editorskit_is_block_options_detached":false,"_editorskit_block_options_position":"{}","footnotes":""},"categories":[],"tags":[],"class_list":["post-18464","page","type-page","status-publish","hentry"],"acf":{"acf_link_na_externy_obsah":""},"yoast_head":"<!-- This site is optimized with the Yoast SEO plugin v27.2 - https:\/\/yoast.com\/product\/yoast-seo-wordpress\/ -->\n<title>\u00daradn\u00e9 hodiny \u0161tudijn\u00e9ho oddelenia - Lek\u00e1rska fakulta | UPJ\u0160<\/title>\n<meta name=\"robots\" content=\"index, follow, max-snippet:-1, max-image-preview:large, max-video-preview:-1\" \/>\n<link rel=\"canonical\" href=\"https:\/\/www.upjs.sk\/lekarska-fakulta\/informacie-pre-studentov\/uradne-hodiny\/\" \/>\n<meta property=\"og:locale\" content=\"sk_SK\" \/>\n<meta property=\"og:type\" content=\"article\" \/>\n<meta property=\"og:title\" content=\"\u00daradn\u00e9 hodiny \u0161tudijn\u00e9ho oddelenia - Lek\u00e1rska fakulta | UPJ\u0160\" \/>\n<meta property=\"og:description\" content=\"\u00a0 v term\u00edne: 21.9.2020 \u2013 21.5.202 Pondelok: \u2013 12.30 \u2013 14.30 Utorok: 09.00 \u2013 12.00 \u2013 Streda: \u2013 12.30 \u2013 14.30 \u0160tvrtok: 09.00 \u2013 12:00 \u2013 Piatok: nestr\u00e1nkov\u00fd de\u0148 \u00a0 v term\u00edne: 2.9.2020 \u2013 18.9.2020 24.5.2021 \u2013 31.8.2021 Pondelok: 09.00 \u2013 12.00 \u2013 Utorok: nestr\u00e1nkov\u00fd de\u0148 Streda: nestr\u00e1nkov\u00fd de\u0148 \u0160tvrtok: 09.00 \u2013 12.00 \u2013 Piatok: &hellip; \u010c\u00edta\u0165 \u010falej\" \/>\n<meta property=\"og:url\" content=\"https:\/\/www.upjs.sk\/lekarska-fakulta\/informacie-pre-studentov\/uradne-hodiny\/\" \/>\n<meta property=\"og:site_name\" content=\"Lek\u00e1rska fakulta | UPJ\u0160\" \/>\n<meta property=\"article:modified_time\" content=\"2022-11-10T15:21:15+00:00\" \/>\n<meta name=\"twitter:card\" content=\"summary_large_image\" \/>\n<script type=\"application\/ld+json\" class=\"yoast-schema-graph\">{\"@context\":\"https:\/\/schema.org\",\"@graph\":[{\"@type\":\"WebPage\",\"@id\":\"https:\/\/www.upjs.sk\/lekarska-fakulta\/informacie-pre-studentov\/uradne-hodiny\/\",\"url\":\"https:\/\/www.upjs.sk\/lekarska-fakulta\/informacie-pre-studentov\/uradne-hodiny\/\",\"name\":\"\u00daradn\u00e9 hodiny \u0161tudijn\u00e9ho oddelenia - Lek\u00e1rska fakulta | UPJ\u0160\",\"isPartOf\":{\"@id\":\"https:\/\/www.upjs.sk\/lekarska-fakulta\/#website\"},\"datePublished\":\"2020-09-03T14:24:36+00:00\",\"dateModified\":\"2022-11-10T15:21:15+00:00\",\"breadcrumb\":{\"@id\":\"https:\/\/www.upjs.sk\/lekarska-fakulta\/informacie-pre-studentov\/uradne-hodiny\/#breadcrumb\"},\"inLanguage\":\"sk-SK\",\"potentialAction\":[{\"@type\":\"ReadAction\",\"target\":[\"https:\/\/www.upjs.sk\/lekarska-fakulta\/informacie-pre-studentov\/uradne-hodiny\/\"]}]},{\"@type\":\"BreadcrumbList\",\"@id\":\"https:\/\/www.upjs.sk\/lekarska-fakulta\/informacie-pre-studentov\/uradne-hodiny\/#breadcrumb\",\"itemListElement\":[{\"@type\":\"ListItem\",\"position\":1,\"name\":\"Home\",\"item\":\"https:\/\/www.upjs.sk\/lekarska-fakulta\/\"},{\"@type\":\"ListItem\",\"position\":2,\"name\":\"Inform\u00e1cie pre \u0161tudentov\",\"item\":\"https:\/\/www.upjs.sk\/lekarska-fakulta\/informacie-pre-studentov\/\"},{\"@type\":\"ListItem\",\"position\":3,\"name\":\"\u00daradn\u00e9 hodiny \u0161tudijn\u00e9ho oddelenia\"}]},{\"@type\":\"WebSite\",\"@id\":\"https:\/\/www.upjs.sk\/lekarska-fakulta\/#website\",\"url\":\"https:\/\/www.upjs.sk\/lekarska-fakulta\/\",\"name\":\"Lek\u00e1rska fakulta | UPJ\u0160\",\"description\":\"\",\"publisher\":{\"@id\":\"https:\/\/www.upjs.sk\/lekarska-fakulta\/#organization\"},\"potentialAction\":[{\"@type\":\"SearchAction\",\"target\":{\"@type\":\"EntryPoint\",\"urlTemplate\":\"https:\/\/www.upjs.sk\/lekarska-fakulta\/?s={search_term_string}\"},\"query-input\":{\"@type\":\"PropertyValueSpecification\",\"valueRequired\":true,\"valueName\":\"search_term_string\"}}],\"inLanguage\":\"sk-SK\"},{\"@type\":\"Organization\",\"@id\":\"https:\/\/www.upjs.sk\/lekarska-fakulta\/#organization\",\"name\":\"Lek\u00e1rska fakulta | UPJ\u0160\",\"url\":\"https:\/\/www.upjs.sk\/lekarska-fakulta\/\",\"logo\":{\"@type\":\"ImageObject\",\"inLanguage\":\"sk-SK\",\"@id\":\"https:\/\/www.upjs.sk\/lekarska-fakulta\/#\/schema\/logo\/image\/\",\"url\":\"https:\/\/www.upjs.sk\/app\/uploads\/sites\/9\/2022\/09\/logo-lekarska-fakulta.png\",\"contentUrl\":\"https:\/\/www.upjs.sk\/app\/uploads\/sites\/9\/2022\/09\/logo-lekarska-fakulta.png\",\"width\":415,\"height\":87,\"caption\":\"Lek\u00e1rska fakulta | UPJ\u0160\"},\"image\":{\"@id\":\"https:\/\/www.upjs.sk\/lekarska-fakulta\/#\/schema\/logo\/image\/\"}}]}<\/script>\n<!-- \/ Yoast SEO plugin. -->","yoast_head_json":{"title":"\u00daradn\u00e9 hodiny \u0161tudijn\u00e9ho oddelenia - Lek\u00e1rska fakulta | UPJ\u0160","robots":{"index":"index","follow":"follow","max-snippet":"max-snippet:-1","max-image-preview":"max-image-preview:large","max-video-preview":"max-video-preview:-1"},"canonical":"https:\/\/www.upjs.sk\/lekarska-fakulta\/informacie-pre-studentov\/uradne-hodiny\/","og_locale":"sk_SK","og_type":"article","og_title":"\u00daradn\u00e9 hodiny \u0161tudijn\u00e9ho oddelenia - Lek\u00e1rska fakulta | UPJ\u0160","og_description":"\u00a0 v term\u00edne: 21.9.2020 \u2013 21.5.202 Pondelok: \u2013 12.30 \u2013 14.30 Utorok: 09.00 \u2013 12.00 \u2013 Streda: \u2013 12.30 \u2013 14.30 \u0160tvrtok: 09.00 \u2013 12:00 \u2013 Piatok: nestr\u00e1nkov\u00fd de\u0148 \u00a0 v term\u00edne: 2.9.2020 \u2013 18.9.2020 24.5.2021 \u2013 31.8.2021 Pondelok: 09.00 \u2013 12.00 \u2013 Utorok: nestr\u00e1nkov\u00fd de\u0148 Streda: nestr\u00e1nkov\u00fd de\u0148 \u0160tvrtok: 09.00 \u2013 12.00 \u2013 Piatok: &hellip; \u010c\u00edta\u0165 \u010falej","og_url":"https:\/\/www.upjs.sk\/lekarska-fakulta\/informacie-pre-studentov\/uradne-hodiny\/","og_site_name":"Lek\u00e1rska fakulta | UPJ\u0160","article_modified_time":"2022-11-10T15:21:15+00:00","twitter_card":"summary_large_image","schema":{"@context":"https:\/\/schema.org","@graph":[{"@type":"WebPage","@id":"https:\/\/www.upjs.sk\/lekarska-fakulta\/informacie-pre-studentov\/uradne-hodiny\/","url":"https:\/\/www.upjs.sk\/lekarska-fakulta\/informacie-pre-studentov\/uradne-hodiny\/","name":"\u00daradn\u00e9 hodiny \u0161tudijn\u00e9ho oddelenia - Lek\u00e1rska fakulta | UPJ\u0160","isPartOf":{"@id":"https:\/\/www.upjs.sk\/lekarska-fakulta\/#website"},"datePublished":"2020-09-03T14:24:36+00:00","dateModified":"2022-11-10T15:21:15+00:00","breadcrumb":{"@id":"https:\/\/www.upjs.sk\/lekarska-fakulta\/informacie-pre-studentov\/uradne-hodiny\/#breadcrumb"},"inLanguage":"sk-SK","potentialAction":[{"@type":"ReadAction","target":["https:\/\/www.upjs.sk\/lekarska-fakulta\/informacie-pre-studentov\/uradne-hodiny\/"]}]},{"@type":"BreadcrumbList","@id":"https:\/\/www.upjs.sk\/lekarska-fakulta\/informacie-pre-studentov\/uradne-hodiny\/#breadcrumb","itemListElement":[{"@type":"ListItem","position":1,"name":"Home","item":"https:\/\/www.upjs.sk\/lekarska-fakulta\/"},{"@type":"ListItem","position":2,"name":"Inform\u00e1cie pre \u0161tudentov","item":"https:\/\/www.upjs.sk\/lekarska-fakulta\/informacie-pre-studentov\/"},{"@type":"ListItem","position":3,"name":"\u00daradn\u00e9 hodiny \u0161tudijn\u00e9ho oddelenia"}]},{"@type":"WebSite","@id":"https:\/\/www.upjs.sk\/lekarska-fakulta\/#website","url":"https:\/\/www.upjs.sk\/lekarska-fakulta\/","name":"Lek\u00e1rska fakulta | UPJ\u0160","description":"","publisher":{"@id":"https:\/\/www.upjs.sk\/lekarska-fakulta\/#organization"},"potentialAction":[{"@type":"SearchAction","target":{"@type":"EntryPoint","urlTemplate":"https:\/\/www.upjs.sk\/lekarska-fakulta\/?s={search_term_string}"},"query-input":{"@type":"PropertyValueSpecification","valueRequired":true,"valueName":"search_term_string"}}],"inLanguage":"sk-SK"},{"@type":"Organization","@id":"https:\/\/www.upjs.sk\/lekarska-fakulta\/#organization","name":"Lek\u00e1rska fakulta | UPJ\u0160","url":"https:\/\/www.upjs.sk\/lekarska-fakulta\/","logo":{"@type":"ImageObject","inLanguage":"sk-SK","@id":"https:\/\/www.upjs.sk\/lekarska-fakulta\/#\/schema\/logo\/image\/","url":"https:\/\/www.upjs.sk\/app\/uploads\/sites\/9\/2022\/09\/logo-lekarska-fakulta.png","contentUrl":"https:\/\/www.upjs.sk\/app\/uploads\/sites\/9\/2022\/09\/logo-lekarska-fakulta.png","width":415,"height":87,"caption":"Lek\u00e1rska fakulta | UPJ\u0160"},"image":{"@id":"https:\/\/www.upjs.sk\/lekarska-fakulta\/#\/schema\/logo\/image\/"}}]}},"_links":{"self":[{"href":"https:\/\/www.upjs.sk\/lekarska-fakulta\/wp-json\/wp\/v2\/pages\/18464","targetHints":{"allow":["GET"]}}],"collection":[{"href":"https:\/\/www.upjs.sk\/lekarska-fakulta\/wp-json\/wp\/v2\/pages"}],"about":[{"href":"https:\/\/www.upjs.sk\/lekarska-fakulta\/wp-json\/wp\/v2\/types\/page"}],"author":[{"embeddable":true,"href":"https:\/\/www.upjs.sk\/lekarska-fakulta\/wp-json\/wp\/v2\/users\/1"}],"replies":[{"embeddable":true,"href":"https:\/\/www.upjs.sk\/lekarska-fakulta\/wp-json\/wp\/v2\/comments?post=18464"}],"version-history":[{"count":2,"href":"https:\/\/www.upjs.sk\/lekarska-fakulta\/wp-json\/wp\/v2\/pages\/18464\/revisions"}],"predecessor-version":[{"id":45379,"href":"https:\/\/www.upjs.sk\/lekarska-fakulta\/wp-json\/wp\/v2\/pages\/18464\/revisions\/45379"}],"up":[{"embeddable":true,"href":"https:\/\/www.upjs.sk\/lekarska-fakulta\/wp-json\/wp\/v2\/pages\/18336"}],"wp:attachment":[{"href":"https:\/\/www.upjs.sk\/lekarska-fakulta\/wp-json\/wp\/v2\/media?parent=18464"}],"wp:term":[{"taxonomy":"category","embeddable":true,"href":"https:\/\/www.upjs.sk\/lekarska-fakulta\/wp-json\/wp\/v2\/categories?post=18464"},{"taxonomy":"post_tag","embeddable":true,"href":"https:\/\/www.upjs.sk\/lekarska-fakulta\/wp-json\/wp\/v2\/tags?post=18464"}],"curies":[{"name":"wp","href":"https:\/\/api.w.org\/{rel}","templated":true}]}}