{"id":18470,"date":"2023-02-25T02:52:04","date_gmt":"2023-02-25T01:52:04","guid":{"rendered":"https:\/\/www.upjs.sk\/lekarska-fakulta\/informacie-pre-studentov\/ais\/"},"modified":"2025-08-08T09:53:08","modified_gmt":"2025-08-08T08:53:08","slug":"ais","status":"publish","type":"page","link":"https:\/\/www.upjs.sk\/lekarska-fakulta\/studenti-lf\/ais\/","title":{"rendered":"Manu\u00e1ly Akademick\u00e9ho informa\u010dn\u00e9ho syst\u00e9mu pre \u0161tudentov"},"content":{"rendered":"\n<p>Z\u00e1kladn\u00e9 inform\u00e1cie a konkr\u00e9tne postupy naj\u010dastej\u0161ie realizovan\u00fdch \u010dinnost\u00ed v <a href=\"https:\/\/ais2.upjs.sk\/\" target=\"_blank\" aria-label=\"Akademickom informa\u010dnom syst\u00e9me (opens in a new tab)\" rel=\"noreferrer noopener\" class=\"ek-link\">Akademickom informa\u010dnom syst\u00e9me<\/a> pre \u0161tudentov.<\/p>\n\n\n\n<ul class=\"wp-block-list\">\n<li><a href=\"http:\/\/www.aio.upjs.sk\" target=\"_blank\" rel=\"noopener\" class=\"ek-link\">Spr\u00e1va Automatickej identifik\u00e1cie os\u00f4b (AIO) &#8211; ISIC karty<\/a><\/li>\n\n\n\n<li><a href=\"https:\/\/www.upjs.sk\/app\/uploads\/sites\/9\/2025\/08\/AIS2struktura_SK.pdf\">Organiza\u010dn\u00e1 \u0161trukt\u00fara AIS na UPJ\u0160 LF<\/a><\/li>\n\n\n\n<li><a href=\"https:\/\/www.upjs.sk\/app\/uploads\/sites\/9\/2024\/03\/AIS2-ZakladneInfoSK-2.pdf\" class=\"ek-link\">Z\u00e1kladn\u00e9 inform\u00e1cie<\/a><\/li>\n\n\n\n<li><a href=\"https:\/\/www.upjs.sk\/app\/uploads\/sites\/9\/2022\/10\/AIS2-Manual.pdf\" class=\"ek-link\">Ako pracova\u0165 s AIS<\/a><\/li>\n\n\n\n<li>Ako si zmeni\u0165\/pred\u013a\u017ei\u0165 (prolongova\u0165) heslo: <a href=\"https:\/\/www.upjs.sk\/app\/uploads\/sites\/9\/2023\/12\/zabudnuteHeslo_AiS2.pdf\" class=\"ek-link\">Bez prihl\u00e1senia<\/a>, <a href=\"https:\/\/www.upjs.sk\/app\/uploads\/sites\/9\/2023\/06\/AIS2-ZmenaHesla.pdf\" class=\"ek-link\">Po prihl\u00e1sen\u00ed<\/a><\/li>\n<\/ul>\n\n\n\n<ul class=\"wp-block-list\">\n<li><a href=\"https:\/\/www.upjs.sk\/app\/uploads\/sites\/9\/2022\/10\/AIS2-StudentZapisnyList.pdf\" class=\"ek-link\">Ako si vytvori\u0165 Z\u00e1pisn\u00fd list a prida\u0165 predmety do Zapisn\u00e9ho listu<\/a><\/li>\n\n\n\n<li><a href=\"https:\/\/www.upjs.sk\/app\/uploads\/sites\/9\/2022\/10\/AIS2-StudentElektronickyZapisBezZL.pdf\" class=\"ek-link\">Elektronick\u00fd z\u00e1pis bez vytvorenia z\u00e1pisn\u00e9ho listu<\/a><\/li>\n\n\n\n<li><a href=\"https:\/\/www.upjs.sk\/app\/uploads\/sites\/9\/2022\/10\/AIS2-StudentElektronickyZapis.pdf\" class=\"ek-link\">Elektronick\u00fd z\u00e1pis<\/a><\/li>\n\n\n\n<li><a href=\"https:\/\/www.upjs.sk\/app\/uploads\/sites\/9\/2022\/10\/AIS2-StudentPrihlasenieRozvrh.pdf\" class=\"ek-link\">Ako sa prihl\u00e1si\u0165 na rozvrh<\/a><\/li>\n\n\n\n<li><a href=\"https:\/\/www.upjs.sk\/app\/uploads\/sites\/9\/2022\/10\/AIS2-KodKruzok.pdf\" class=\"ek-link\">Ako si zisti\u0165 kr\u00fa\u017eok\/skupinu <\/a><\/li>\n\n\n\n<li><a href=\"https:\/\/www.upjs.sk\/app\/uploads\/sites\/9\/2022\/10\/AIS2-StudentTerminy.pdf\" class=\"ek-link\">Ako sa prihl\u00e1si\u0165 na sk\u00fa\u0161ku<\/a><\/li>\n\n\n\n<li><a href=\"https:\/\/www.upjs.sk\/app\/uploads\/sites\/9\/2022\/10\/AIS2-StudentPriebezneHodnotenieKontrola.pdf\" class=\"ek-link\">Ako si skontrolova\u0165 priebe\u017en\u00e9 hodnotenie<\/a><\/li>\n\n\n\n<li>Ako sa prihl\u00e1si\u0165 na z\u00e1vere\u010dn\u00fa pr\u00e1cu: <a href=\"https:\/\/www.upjs.sk\/app\/uploads\/sites\/9\/2022\/10\/AIS2-StudentZaverecnePracePrihlasenie_old.pdf\" class=\"ek-link\">\u0160tandard<\/a>, <a href=\"https:\/\/www.upjs.sk\/app\/uploads\/sites\/9\/2022\/10\/AIS2-StudentZaverecnePracePrihlasenie.pdf\" class=\"ek-link\">Nov\u00fd dizajn<\/a><\/li>\n\n\n\n<li>Tla\u010d zadania z\u00e1vere\u010dnej pr\u00e1ce: <a href=\"https:\/\/www.upjs.sk\/app\/uploads\/sites\/9\/2022\/10\/AIS2-StudentZaverecnePraceTlacZadania.pdf\" class=\"ek-link\">\u0160tandard<\/a>, <a href=\"https:\/\/www.upjs.sk\/app\/uploads\/sites\/9\/2022\/10\/AIS2-StudentZaverecnePraceTlacZadania_new.pdf\" class=\"ek-link\">Nov\u00fd dizajn<\/a><\/li>\n\n\n\n<li><a href=\"https:\/\/www.upjs.sk\/app\/uploads\/sites\/9\/2022\/10\/AIS2-StudentZaverecnePraceAdministracia.pdf\" class=\"ek-link\">Administr\u00e1cia z\u00e1vere\u010dn\u00fdch pr\u00e1c<\/a><\/li>\n\n\n\n<li><a href=\"https:\/\/www.upjs.sk\/app\/uploads\/sites\/9\/2022\/10\/AIS2-CiernaSkrinka.pdf\" class=\"ek-link\">Diskusia k t\u00e9me &#8211; \u010dierna skrinka<\/a><\/li>\n\n\n\n<li><a href=\"https:\/\/www.upjs.sk\/app\/uploads\/sites\/9\/2023\/02\/AIS2-StudentDotaznik.pdf\" class=\"ek-link\">Ako vyplni\u0165 dotazn\u00edk<\/a><\/li>\n\n\n\n<li><a href=\"https:\/\/ais2.upjs.sk\/manualy_UPJS\/AiS2_el_zapis.pdf\" class=\"ek-link\">Elektronick\u00fd z\u00e1pis \u0161tudenta<\/a><\/li>\n<\/ul>\n\n\n\n<ul class=\"wp-block-list\">\n<li><a href=\"https:\/\/www.upjs.sk\/app\/uploads\/sites\/9\/2024\/04\/e_mail\u2013heslo.pdf\" class=\"ek-link\">Obnova hesla pre Microsoft 365<\/a><\/li>\n<\/ul>\n\n\n\n<div style=\"height:20px\" aria-hidden=\"true\" class=\"wp-block-spacer\"><\/div>\n\n\n\n<p>Pr\u00edpadn\u00e9 pripomienky k manu\u00e1lom zasielajte na adresu: <a href=\"mailto:LF-ais@upjs.sk?subject=ais\">LF-ais@upjs.sk<\/a><\/p>\n","protected":false},"excerpt":{"rendered":"<p>Z\u00e1kladn\u00e9 inform\u00e1cie a konkr\u00e9tne postupy naj\u010dastej\u0161ie realizovan\u00fdch \u010dinnost\u00ed v Akademickom informa\u010dnom syst\u00e9me pre \u0161tudentov. Pr\u00edpadn\u00e9 pripomienky k manu\u00e1lom zasielajte na adresu: LF-ais@upjs.sk<\/p>\n","protected":false},"author":1,"featured_media":18471,"parent":12752,"menu_order":2,"comment_status":"closed","ping_status":"closed","template":"","meta":{"_acf_changed":false,"_editorskit_title_hidden":false,"_editorskit_reading_time":1,"_editorskit_is_block_options_detached":false,"_editorskit_block_options_position":"{}","footnotes":""},"categories":[],"tags":[],"class_list":["post-18470","page","type-page","status-publish","has-post-thumbnail","hentry"],"acf":{"acf_link_na_externy_obsah":""},"yoast_head":"<!-- This site is optimized with the Yoast SEO plugin v27.4 - https:\/\/yoast.com\/product\/yoast-seo-wordpress\/ -->\n<title>Manu\u00e1ly Akademick\u00e9ho informa\u010dn\u00e9ho syst\u00e9mu pre \u0161tudentov - Lek\u00e1rska fakulta | UPJ\u0160<\/title>\n<meta name=\"robots\" content=\"index, follow, max-snippet:-1, max-image-preview:large, max-video-preview:-1\" \/>\n<link rel=\"canonical\" href=\"https:\/\/www.upjs.sk\/lekarska-fakulta\/studenti-lf\/ais\/\" \/>\n<meta property=\"og:locale\" content=\"sk_SK\" \/>\n<meta property=\"og:type\" content=\"article\" \/>\n<meta property=\"og:title\" content=\"Manu\u00e1ly Akademick\u00e9ho informa\u010dn\u00e9ho syst\u00e9mu pre \u0161tudentov - Lek\u00e1rska fakulta | UPJ\u0160\" \/>\n<meta property=\"og:description\" content=\"Z\u00e1kladn\u00e9 inform\u00e1cie a konkr\u00e9tne postupy naj\u010dastej\u0161ie realizovan\u00fdch \u010dinnost\u00ed v Akademickom informa\u010dnom syst\u00e9me pre \u0161tudentov. Pr\u00edpadn\u00e9 pripomienky k manu\u00e1lom zasielajte na adresu: LF-ais@upjs.sk\" \/>\n<meta property=\"og:url\" content=\"https:\/\/www.upjs.sk\/lekarska-fakulta\/studenti-lf\/ais\/\" \/>\n<meta property=\"og:site_name\" content=\"Lek\u00e1rska fakulta | UPJ\u0160\" \/>\n<meta property=\"article:modified_time\" content=\"2025-08-08T08:53:08+00:00\" \/>\n<meta property=\"og:image\" content=\"https:\/\/www.upjs.sk\/app\/uploads\/sites\/9\/2022\/10\/AIS2.jpg\" \/>\n\t<meta property=\"og:image:width\" content=\"61\" \/>\n\t<meta property=\"og:image:height\" content=\"32\" \/>\n\t<meta property=\"og:image:type\" content=\"image\/jpeg\" \/>\n<meta name=\"twitter:card\" content=\"summary_large_image\" \/>\n<meta name=\"twitter:label1\" content=\"Predpokladan\u00fd \u010das \u010d\u00edtania\" \/>\n\t<meta name=\"twitter:data1\" content=\"1 min\u00fata\" \/>\n<script type=\"application\/ld+json\" class=\"yoast-schema-graph\">{\"@context\":\"https:\\\/\\\/schema.org\",\"@graph\":[{\"@type\":\"WebPage\",\"@id\":\"https:\\\/\\\/www.upjs.sk\\\/lekarska-fakulta\\\/studenti-lf\\\/ais\\\/\",\"url\":\"https:\\\/\\\/www.upjs.sk\\\/lekarska-fakulta\\\/studenti-lf\\\/ais\\\/\",\"name\":\"Manu\u00e1ly Akademick\u00e9ho informa\u010dn\u00e9ho syst\u00e9mu pre \u0161tudentov - Lek\u00e1rska fakulta | UPJ\u0160\",\"isPartOf\":{\"@id\":\"https:\\\/\\\/www.upjs.sk\\\/lekarska-fakulta\\\/#website\"},\"primaryImageOfPage\":{\"@id\":\"https:\\\/\\\/www.upjs.sk\\\/lekarska-fakulta\\\/studenti-lf\\\/ais\\\/#primaryimage\"},\"image\":{\"@id\":\"https:\\\/\\\/www.upjs.sk\\\/lekarska-fakulta\\\/studenti-lf\\\/ais\\\/#primaryimage\"},\"thumbnailUrl\":\"https:\\\/\\\/www.upjs.sk\\\/app\\\/uploads\\\/sites\\\/9\\\/2022\\\/10\\\/AIS2.jpg\",\"datePublished\":\"2023-02-25T01:52:04+00:00\",\"dateModified\":\"2025-08-08T08:53:08+00:00\",\"breadcrumb\":{\"@id\":\"https:\\\/\\\/www.upjs.sk\\\/lekarska-fakulta\\\/studenti-lf\\\/ais\\\/#breadcrumb\"},\"inLanguage\":\"sk-SK\",\"potentialAction\":[{\"@type\":\"ReadAction\",\"target\":[\"https:\\\/\\\/www.upjs.sk\\\/lekarska-fakulta\\\/studenti-lf\\\/ais\\\/\"]}]},{\"@type\":\"ImageObject\",\"inLanguage\":\"sk-SK\",\"@id\":\"https:\\\/\\\/www.upjs.sk\\\/lekarska-fakulta\\\/studenti-lf\\\/ais\\\/#primaryimage\",\"url\":\"https:\\\/\\\/www.upjs.sk\\\/app\\\/uploads\\\/sites\\\/9\\\/2022\\\/10\\\/AIS2.jpg\",\"contentUrl\":\"https:\\\/\\\/www.upjs.sk\\\/app\\\/uploads\\\/sites\\\/9\\\/2022\\\/10\\\/AIS2.jpg\",\"width\":61,\"height\":32,\"caption\":\"14176\"},{\"@type\":\"BreadcrumbList\",\"@id\":\"https:\\\/\\\/www.upjs.sk\\\/lekarska-fakulta\\\/studenti-lf\\\/ais\\\/#breadcrumb\",\"itemListElement\":[{\"@type\":\"ListItem\",\"position\":1,\"name\":\"Home\",\"item\":\"https:\\\/\\\/www.upjs.sk\\\/lekarska-fakulta\\\/\"},{\"@type\":\"ListItem\",\"position\":2,\"name\":\"\u0160tudenti\",\"item\":\"https:\\\/\\\/www.upjs.sk\\\/lekarska-fakulta\\\/studenti-lf\\\/\"},{\"@type\":\"ListItem\",\"position\":3,\"name\":\"Manu\u00e1ly Akademick\u00e9ho informa\u010dn\u00e9ho syst\u00e9mu pre \u0161tudentov\"}]},{\"@type\":\"WebSite\",\"@id\":\"https:\\\/\\\/www.upjs.sk\\\/lekarska-fakulta\\\/#website\",\"url\":\"https:\\\/\\\/www.upjs.sk\\\/lekarska-fakulta\\\/\",\"name\":\"Lek\u00e1rska fakulta | UPJ\u0160\",\"description\":\"\",\"publisher\":{\"@id\":\"https:\\\/\\\/www.upjs.sk\\\/lekarska-fakulta\\\/#organization\"},\"potentialAction\":[{\"@type\":\"SearchAction\",\"target\":{\"@type\":\"EntryPoint\",\"urlTemplate\":\"https:\\\/\\\/www.upjs.sk\\\/lekarska-fakulta\\\/?s={search_term_string}\"},\"query-input\":{\"@type\":\"PropertyValueSpecification\",\"valueRequired\":true,\"valueName\":\"search_term_string\"}}],\"inLanguage\":\"sk-SK\"},{\"@type\":\"Organization\",\"@id\":\"https:\\\/\\\/www.upjs.sk\\\/lekarska-fakulta\\\/#organization\",\"name\":\"Lek\u00e1rska fakulta | UPJ\u0160\",\"url\":\"https:\\\/\\\/www.upjs.sk\\\/lekarska-fakulta\\\/\",\"logo\":{\"@type\":\"ImageObject\",\"inLanguage\":\"sk-SK\",\"@id\":\"https:\\\/\\\/www.upjs.sk\\\/lekarska-fakulta\\\/#\\\/schema\\\/logo\\\/image\\\/\",\"url\":\"https:\\\/\\\/www.upjs.sk\\\/app\\\/uploads\\\/sites\\\/9\\\/2022\\\/09\\\/logo-lekarska-fakulta.png\",\"contentUrl\":\"https:\\\/\\\/www.upjs.sk\\\/app\\\/uploads\\\/sites\\\/9\\\/2022\\\/09\\\/logo-lekarska-fakulta.png\",\"width\":415,\"height\":87,\"caption\":\"Lek\u00e1rska fakulta | UPJ\u0160\"},\"image\":{\"@id\":\"https:\\\/\\\/www.upjs.sk\\\/lekarska-fakulta\\\/#\\\/schema\\\/logo\\\/image\\\/\"}}]}<\/script>\n<!-- \/ Yoast SEO plugin. -->","yoast_head_json":{"title":"Manu\u00e1ly Akademick\u00e9ho informa\u010dn\u00e9ho syst\u00e9mu pre \u0161tudentov - Lek\u00e1rska fakulta | UPJ\u0160","robots":{"index":"index","follow":"follow","max-snippet":"max-snippet:-1","max-image-preview":"max-image-preview:large","max-video-preview":"max-video-preview:-1"},"canonical":"https:\/\/www.upjs.sk\/lekarska-fakulta\/studenti-lf\/ais\/","og_locale":"sk_SK","og_type":"article","og_title":"Manu\u00e1ly Akademick\u00e9ho informa\u010dn\u00e9ho syst\u00e9mu pre \u0161tudentov - Lek\u00e1rska fakulta | UPJ\u0160","og_description":"Z\u00e1kladn\u00e9 inform\u00e1cie a konkr\u00e9tne postupy naj\u010dastej\u0161ie realizovan\u00fdch \u010dinnost\u00ed v Akademickom informa\u010dnom syst\u00e9me pre \u0161tudentov. Pr\u00edpadn\u00e9 pripomienky k manu\u00e1lom zasielajte na adresu: LF-ais@upjs.sk","og_url":"https:\/\/www.upjs.sk\/lekarska-fakulta\/studenti-lf\/ais\/","og_site_name":"Lek\u00e1rska fakulta | UPJ\u0160","article_modified_time":"2025-08-08T08:53:08+00:00","og_image":[{"width":61,"height":32,"url":"https:\/\/www.upjs.sk\/app\/uploads\/sites\/9\/2022\/10\/AIS2.jpg","type":"image\/jpeg"}],"twitter_card":"summary_large_image","twitter_misc":{"Predpokladan\u00fd \u010das \u010d\u00edtania":"1 min\u00fata"},"schema":{"@context":"https:\/\/schema.org","@graph":[{"@type":"WebPage","@id":"https:\/\/www.upjs.sk\/lekarska-fakulta\/studenti-lf\/ais\/","url":"https:\/\/www.upjs.sk\/lekarska-fakulta\/studenti-lf\/ais\/","name":"Manu\u00e1ly Akademick\u00e9ho informa\u010dn\u00e9ho syst\u00e9mu pre \u0161tudentov - Lek\u00e1rska fakulta | UPJ\u0160","isPartOf":{"@id":"https:\/\/www.upjs.sk\/lekarska-fakulta\/#website"},"primaryImageOfPage":{"@id":"https:\/\/www.upjs.sk\/lekarska-fakulta\/studenti-lf\/ais\/#primaryimage"},"image":{"@id":"https:\/\/www.upjs.sk\/lekarska-fakulta\/studenti-lf\/ais\/#primaryimage"},"thumbnailUrl":"https:\/\/www.upjs.sk\/app\/uploads\/sites\/9\/2022\/10\/AIS2.jpg","datePublished":"2023-02-25T01:52:04+00:00","dateModified":"2025-08-08T08:53:08+00:00","breadcrumb":{"@id":"https:\/\/www.upjs.sk\/lekarska-fakulta\/studenti-lf\/ais\/#breadcrumb"},"inLanguage":"sk-SK","potentialAction":[{"@type":"ReadAction","target":["https:\/\/www.upjs.sk\/lekarska-fakulta\/studenti-lf\/ais\/"]}]},{"@type":"ImageObject","inLanguage":"sk-SK","@id":"https:\/\/www.upjs.sk\/lekarska-fakulta\/studenti-lf\/ais\/#primaryimage","url":"https:\/\/www.upjs.sk\/app\/uploads\/sites\/9\/2022\/10\/AIS2.jpg","contentUrl":"https:\/\/www.upjs.sk\/app\/uploads\/sites\/9\/2022\/10\/AIS2.jpg","width":61,"height":32,"caption":"14176"},{"@type":"BreadcrumbList","@id":"https:\/\/www.upjs.sk\/lekarska-fakulta\/studenti-lf\/ais\/#breadcrumb","itemListElement":[{"@type":"ListItem","position":1,"name":"Home","item":"https:\/\/www.upjs.sk\/lekarska-fakulta\/"},{"@type":"ListItem","position":2,"name":"\u0160tudenti","item":"https:\/\/www.upjs.sk\/lekarska-fakulta\/studenti-lf\/"},{"@type":"ListItem","position":3,"name":"Manu\u00e1ly Akademick\u00e9ho informa\u010dn\u00e9ho syst\u00e9mu pre \u0161tudentov"}]},{"@type":"WebSite","@id":"https:\/\/www.upjs.sk\/lekarska-fakulta\/#website","url":"https:\/\/www.upjs.sk\/lekarska-fakulta\/","name":"Lek\u00e1rska fakulta | UPJ\u0160","description":"","publisher":{"@id":"https:\/\/www.upjs.sk\/lekarska-fakulta\/#organization"},"potentialAction":[{"@type":"SearchAction","target":{"@type":"EntryPoint","urlTemplate":"https:\/\/www.upjs.sk\/lekarska-fakulta\/?s={search_term_string}"},"query-input":{"@type":"PropertyValueSpecification","valueRequired":true,"valueName":"search_term_string"}}],"inLanguage":"sk-SK"},{"@type":"Organization","@id":"https:\/\/www.upjs.sk\/lekarska-fakulta\/#organization","name":"Lek\u00e1rska fakulta | UPJ\u0160","url":"https:\/\/www.upjs.sk\/lekarska-fakulta\/","logo":{"@type":"ImageObject","inLanguage":"sk-SK","@id":"https:\/\/www.upjs.sk\/lekarska-fakulta\/#\/schema\/logo\/image\/","url":"https:\/\/www.upjs.sk\/app\/uploads\/sites\/9\/2022\/09\/logo-lekarska-fakulta.png","contentUrl":"https:\/\/www.upjs.sk\/app\/uploads\/sites\/9\/2022\/09\/logo-lekarska-fakulta.png","width":415,"height":87,"caption":"Lek\u00e1rska fakulta | UPJ\u0160"},"image":{"@id":"https:\/\/www.upjs.sk\/lekarska-fakulta\/#\/schema\/logo\/image\/"}}]}},"_links":{"self":[{"href":"https:\/\/www.upjs.sk\/lekarska-fakulta\/wp-json\/wp\/v2\/pages\/18470","targetHints":{"allow":["GET"]}}],"collection":[{"href":"https:\/\/www.upjs.sk\/lekarska-fakulta\/wp-json\/wp\/v2\/pages"}],"about":[{"href":"https:\/\/www.upjs.sk\/lekarska-fakulta\/wp-json\/wp\/v2\/types\/page"}],"author":[{"embeddable":true,"href":"https:\/\/www.upjs.sk\/lekarska-fakulta\/wp-json\/wp\/v2\/users\/1"}],"replies":[{"embeddable":true,"href":"https:\/\/www.upjs.sk\/lekarska-fakulta\/wp-json\/wp\/v2\/comments?post=18470"}],"version-history":[{"count":20,"href":"https:\/\/www.upjs.sk\/lekarska-fakulta\/wp-json\/wp\/v2\/pages\/18470\/revisions"}],"predecessor-version":[{"id":140974,"href":"https:\/\/www.upjs.sk\/lekarska-fakulta\/wp-json\/wp\/v2\/pages\/18470\/revisions\/140974"}],"up":[{"embeddable":true,"href":"https:\/\/www.upjs.sk\/lekarska-fakulta\/wp-json\/wp\/v2\/pages\/12752"}],"wp:featuredmedia":[{"embeddable":true,"href":"https:\/\/www.upjs.sk\/lekarska-fakulta\/wp-json\/wp\/v2\/media\/18471"}],"wp:attachment":[{"href":"https:\/\/www.upjs.sk\/lekarska-fakulta\/wp-json\/wp\/v2\/media?parent=18470"}],"wp:term":[{"taxonomy":"category","embeddable":true,"href":"https:\/\/www.upjs.sk\/lekarska-fakulta\/wp-json\/wp\/v2\/categories?post=18470"},{"taxonomy":"post_tag","embeddable":true,"href":"https:\/\/www.upjs.sk\/lekarska-fakulta\/wp-json\/wp\/v2\/tags?post=18470"}],"curies":[{"name":"wp","href":"https:\/\/api.w.org\/{rel}","templated":true}]}}