{"id":18492,"date":"2011-10-20T15:11:31","date_gmt":"2011-10-20T15:11:31","guid":{"rendered":"https:\/\/www.upjs.sk\/lekarska-fakulta\/informacie-pre-studentov\/akademicky-rok-2010-2011\/"},"modified":"2025-02-21T10:20:20","modified_gmt":"2025-02-21T09:20:20","slug":"akademicky-rok-2010-2011","status":"publish","type":"page","link":"https:\/\/www.upjs.sk\/lekarska-fakulta\/informacie-pre-studentov\/akademicky-rok-2010-2011\/","title":{"rendered":"Akademick\u00fd rok 2010\/2011"},"content":{"rendered":"<ul>\n<li><a href=\"http:\/\/www.lf.upjs.sk\/studium\/prax10-11\/\">Letn\u00e1 odborn\u00e1 prax<\/a><\/li>\n<li><a href=\"5127\/\">Z\u00e1kladn\u00e9 inform\u00e1cie pre \u0161tudentov 1. roka \u0161t\u00fadia <\/a><\/li>\n<li><a href=\"https:\/\/www.upjs.sk\/app\/uploads\/sites\/9\/2022\/10\/Harmonogram_2010-2011.pdf\">\u010casov\u00e9 \u010dlenenie akademick\u00e9ho roka<\/a><\/li>\n<li><a href=\"https:\/\/www.upjs.sk\/app\/uploads\/sites\/9\/2022\/10\/Rozhodnutie_1-2010_-_Poriadok_poplatkov.pdf\">Poriadok poplatkov<\/a><\/li>\n<li><a href=\"https:\/\/www.upjs.sk\/app\/uploads\/sites\/9\/2022\/10\/Pokyn_rektora_2_2007.pdf\">\u0160koln\u00e9<\/a><\/li>\n<li><a href=\"https:\/\/www.upjs.sk\/app\/uploads\/sites\/9\/2022\/10\/StudijnyProgram.pdf\">\u0160tudijn\u00e9 pl\u00e1ny \u0161tudijn\u00fdch programov <\/a><\/li>\n<li><a href=\"http:\/\/www.lf.upjs.sk\/studium\/rozvrhLS10-11\/index.html\">Rozvrh hod\u00edn v letnom semestri<\/a>\u00a0\u00a0 <span style=\"background-color: #c1edb4;\">* Aktualizovan\u00e9 13.3.2011 *<\/span><\/li>\n<li><a href=\"http:\/\/www.lf.upjs.sk\/studium\/rozvrhZS10-11\/index.html\">Rozvrh hod\u00edn v zimnom semestri<\/a><\/li>\n<li><a href=\"ubytovanie-studentov\">Inform\u00e1cia k prideleniu ubytovania pre \u0161tudentov 1. roka \u0161t\u00fadia na UPJ\u0160 v Ko\u0161iciach<\/a><\/li>\n<li><a href=\"obhajoby-diplomovych-prac\">Obhajoby diplomov\u00fdch pr\u00e1c<\/a><\/li>\n<li><a href=\"komisie-pre-statne-skusky\">Komisie pre \u0161t\u00e1tne sk\u00fa\u0161ky<\/a><\/li>\n<li>&lt;ahref=&#8220;statne-skusky&#8220;&gt;\u0160t\u00e1tne sk\u00fa\u0161ky &#8211; rozpis \u0161tudentov<\/li>\n<li>Z\u00e1pis\n<ul style=\"margin-left: 1.5em;\">\n<li><a href=\"https:\/\/www.upjs.sk\/app\/uploads\/sites\/9\/2022\/10\/Organizacia_zapisov_1_VL_a_ZL_20-9-2010.pdf\">Oznam o z\u00e1pise do 1. roka \u0161t\u00fadia d\u0148a 20.9.2010<\/a><\/li>\n<li><a href=\"https:\/\/www.upjs.sk\/app\/uploads\/sites\/9\/2022\/10\/plan_zapisu.rtf\">Pl\u00e1n z\u00e1pisu <\/a><\/li>\n<li>Z\u00e1kladn\u00e9 inform\u00e1cie &#8211; <a href=\"https:\/\/www.upjs.sk\/app\/uploads\/sites\/9\/2022\/10\/zapis_1.doc\">pre 1. rok \u0161t\u00fadia <\/a><br \/>\n<span style=\"padding-left: 9em;\">&#8211; <a href=\"https:\/\/www.upjs.sk\/app\/uploads\/sites\/9\/2022\/10\/zapis_2az6.doc\">pre 2. a\u017e 6. rok \u0161t\u00fadia<\/a><\/span><\/li>\n<li><a href=\"https:\/\/www.upjs.sk\/app\/uploads\/sites\/9\/2022\/10\/ockovania.doc\">O\u010dkovanie a lek\u00e1rska prehliadka <\/a><\/li>\n<li><em><a href=\"\/public\/media\/4876\/Pokyny%20pre%20studentov%201%20roka%20studia.doc\">Mo\u017enosti ubytovania pre 1. rok \u0161t\u00fadia<\/a> (inform\u00e1cia)<\/em><\/li>\n<li>Formul\u00e1re: <a href=\"https:\/\/www.upjs.sk\/app\/uploads\/sites\/9\/2022\/10\/zapisny_list_1_rocnik.doc\">Z\u00e1pisn\u00fd list pre 1. rok \u0161t\u00fadia <\/a><br \/>\n<span style=\"padding-left: 5em;\"><a href=\"https:\/\/www.upjs.sk\/app\/uploads\/sites\/9\/2022\/10\/zapisny_list_2_6_rocnik.doc\">Z\u00e1pisn\u00fd list pre 2. a\u017e 6. rok \u0161t\u00fadia <\/a><br \/>\n<span style=\"padding-left: 5em;\"><a href=\"https:\/\/www.upjs.sk\/app\/uploads\/sites\/9\/2022\/10\/cestne_vyhlasenie.doc\">\u010cestn\u00e9 vyhl\u00e1senie <\/a><br \/>\n<span style=\"padding-left: 5em;\"><a href=\"https:\/\/www.upjs.sk\/app\/uploads\/sites\/9\/2022\/10\/Potvrdenie_o_navsteve_univerzity.doc\">Potvrdenie o n\u00e1v\u0161teve univerzity <\/a><br \/>\n<em><span style=\"padding-left: 5em;\"><a href=\"\/public\/media\/4876\/ziadost_o_znizenie_odpustenie_odlozenie%20skolneho.doc\" data-wplink-edit=\"true\">\u017diados\u0165 o zn\u00ed\u017eenie, odpustenie alebo odlo\u017eenie splatnosti \u0161koln\u00e9ho <\/a><\/span><\/em><\/span><\/span><\/span><\/li>\n<\/ul>\n<\/li>\n<\/ul>\n","protected":false},"excerpt":{"rendered":"<p>Letn\u00e1 odborn\u00e1 prax Z\u00e1kladn\u00e9 inform\u00e1cie pre \u0161tudentov 1. roka \u0161t\u00fadia \u010casov\u00e9 \u010dlenenie akademick\u00e9ho roka Poriadok poplatkov \u0160koln\u00e9 \u0160tudijn\u00e9 pl\u00e1ny \u0161tudijn\u00fdch programov Rozvrh hod\u00edn v letnom semestri\u00a0\u00a0 * Aktualizovan\u00e9 13.3.2011 * Rozvrh hod\u00edn v zimnom semestri Inform\u00e1cia k prideleniu ubytovania pre \u0161tudentov 1. roka \u0161t\u00fadia na UPJ\u0160 v Ko\u0161iciach Obhajoby diplomov\u00fdch pr\u00e1c Komisie pre \u0161t\u00e1tne sk\u00fa\u0161ky &hellip; <a href=\"https:\/\/www.upjs.sk\/lekarska-fakulta\/informacie-pre-studentov\/akademicky-rok-2010-2011\/\">\u010c\u00edta\u0165 \u010falej<\/a><\/p>\n","protected":false},"author":1,"featured_media":0,"parent":18336,"menu_order":10,"comment_status":"closed","ping_status":"closed","template":"","meta":{"_acf_changed":false,"_editorskit_title_hidden":false,"_editorskit_reading_time":0,"_editorskit_is_block_options_detached":false,"_editorskit_block_options_position":"{}","footnotes":""},"categories":[],"tags":[],"class_list":["post-18492","page","type-page","status-publish","hentry"],"acf":{"acf_link_na_externy_obsah":""},"yoast_head":"<!-- This site is optimized with the Yoast SEO plugin v27.4 - https:\/\/yoast.com\/product\/yoast-seo-wordpress\/ -->\n<title>Akademick\u00fd rok 2010\/2011 - Lek\u00e1rska fakulta | UPJ\u0160<\/title>\n<meta name=\"robots\" content=\"index, follow, max-snippet:-1, max-image-preview:large, max-video-preview:-1\" \/>\n<link rel=\"canonical\" href=\"https:\/\/www.upjs.sk\/lekarska-fakulta\/informacie-pre-studentov\/akademicky-rok-2010-2011\/\" \/>\n<meta property=\"og:locale\" content=\"sk_SK\" \/>\n<meta property=\"og:type\" content=\"article\" \/>\n<meta property=\"og:title\" content=\"Akademick\u00fd rok 2010\/2011 - Lek\u00e1rska fakulta | UPJ\u0160\" \/>\n<meta property=\"og:description\" content=\"Letn\u00e1 odborn\u00e1 prax Z\u00e1kladn\u00e9 inform\u00e1cie pre \u0161tudentov 1. roka \u0161t\u00fadia \u010casov\u00e9 \u010dlenenie akademick\u00e9ho roka Poriadok poplatkov \u0160koln\u00e9 \u0160tudijn\u00e9 pl\u00e1ny \u0161tudijn\u00fdch programov Rozvrh hod\u00edn v letnom semestri\u00a0\u00a0 * Aktualizovan\u00e9 13.3.2011 * Rozvrh hod\u00edn v zimnom semestri Inform\u00e1cia k prideleniu ubytovania pre \u0161tudentov 1. roka \u0161t\u00fadia na UPJ\u0160 v Ko\u0161iciach Obhajoby diplomov\u00fdch pr\u00e1c Komisie pre \u0161t\u00e1tne sk\u00fa\u0161ky &hellip; \u010c\u00edta\u0165 \u010falej\" \/>\n<meta property=\"og:url\" content=\"https:\/\/www.upjs.sk\/lekarska-fakulta\/informacie-pre-studentov\/akademicky-rok-2010-2011\/\" \/>\n<meta property=\"og:site_name\" content=\"Lek\u00e1rska fakulta | UPJ\u0160\" \/>\n<meta property=\"article:modified_time\" content=\"2025-02-21T09:20:20+00:00\" \/>\n<meta name=\"twitter:card\" content=\"summary_large_image\" \/>\n<meta name=\"twitter:label1\" content=\"Predpokladan\u00fd \u010das \u010d\u00edtania\" \/>\n\t<meta name=\"twitter:data1\" content=\"1 min\u00fata\" \/>\n<script type=\"application\/ld+json\" class=\"yoast-schema-graph\">{\"@context\":\"https:\\\/\\\/schema.org\",\"@graph\":[{\"@type\":\"WebPage\",\"@id\":\"https:\\\/\\\/www.upjs.sk\\\/lekarska-fakulta\\\/informacie-pre-studentov\\\/akademicky-rok-2010-2011\\\/\",\"url\":\"https:\\\/\\\/www.upjs.sk\\\/lekarska-fakulta\\\/informacie-pre-studentov\\\/akademicky-rok-2010-2011\\\/\",\"name\":\"Akademick\u00fd rok 2010\\\/2011 - Lek\u00e1rska fakulta | UPJ\u0160\",\"isPartOf\":{\"@id\":\"https:\\\/\\\/www.upjs.sk\\\/lekarska-fakulta\\\/#website\"},\"datePublished\":\"2011-10-20T15:11:31+00:00\",\"dateModified\":\"2025-02-21T09:20:20+00:00\",\"breadcrumb\":{\"@id\":\"https:\\\/\\\/www.upjs.sk\\\/lekarska-fakulta\\\/informacie-pre-studentov\\\/akademicky-rok-2010-2011\\\/#breadcrumb\"},\"inLanguage\":\"sk-SK\",\"potentialAction\":[{\"@type\":\"ReadAction\",\"target\":[\"https:\\\/\\\/www.upjs.sk\\\/lekarska-fakulta\\\/informacie-pre-studentov\\\/akademicky-rok-2010-2011\\\/\"]}]},{\"@type\":\"BreadcrumbList\",\"@id\":\"https:\\\/\\\/www.upjs.sk\\\/lekarska-fakulta\\\/informacie-pre-studentov\\\/akademicky-rok-2010-2011\\\/#breadcrumb\",\"itemListElement\":[{\"@type\":\"ListItem\",\"position\":1,\"name\":\"Home\",\"item\":\"https:\\\/\\\/www.upjs.sk\\\/lekarska-fakulta\\\/\"},{\"@type\":\"ListItem\",\"position\":2,\"name\":\"Inform\u00e1cie pre \u0161tudentov\",\"item\":\"https:\\\/\\\/www.upjs.sk\\\/lekarska-fakulta\\\/informacie-pre-studentov\\\/\"},{\"@type\":\"ListItem\",\"position\":3,\"name\":\"Akademick\u00fd rok 2010\\\/2011\"}]},{\"@type\":\"WebSite\",\"@id\":\"https:\\\/\\\/www.upjs.sk\\\/lekarska-fakulta\\\/#website\",\"url\":\"https:\\\/\\\/www.upjs.sk\\\/lekarska-fakulta\\\/\",\"name\":\"Lek\u00e1rska fakulta | UPJ\u0160\",\"description\":\"\",\"publisher\":{\"@id\":\"https:\\\/\\\/www.upjs.sk\\\/lekarska-fakulta\\\/#organization\"},\"potentialAction\":[{\"@type\":\"SearchAction\",\"target\":{\"@type\":\"EntryPoint\",\"urlTemplate\":\"https:\\\/\\\/www.upjs.sk\\\/lekarska-fakulta\\\/?s={search_term_string}\"},\"query-input\":{\"@type\":\"PropertyValueSpecification\",\"valueRequired\":true,\"valueName\":\"search_term_string\"}}],\"inLanguage\":\"sk-SK\"},{\"@type\":\"Organization\",\"@id\":\"https:\\\/\\\/www.upjs.sk\\\/lekarska-fakulta\\\/#organization\",\"name\":\"Lek\u00e1rska fakulta | UPJ\u0160\",\"url\":\"https:\\\/\\\/www.upjs.sk\\\/lekarska-fakulta\\\/\",\"logo\":{\"@type\":\"ImageObject\",\"inLanguage\":\"sk-SK\",\"@id\":\"https:\\\/\\\/www.upjs.sk\\\/lekarska-fakulta\\\/#\\\/schema\\\/logo\\\/image\\\/\",\"url\":\"https:\\\/\\\/www.upjs.sk\\\/app\\\/uploads\\\/sites\\\/9\\\/2022\\\/09\\\/logo-lekarska-fakulta.png\",\"contentUrl\":\"https:\\\/\\\/www.upjs.sk\\\/app\\\/uploads\\\/sites\\\/9\\\/2022\\\/09\\\/logo-lekarska-fakulta.png\",\"width\":415,\"height\":87,\"caption\":\"Lek\u00e1rska fakulta | UPJ\u0160\"},\"image\":{\"@id\":\"https:\\\/\\\/www.upjs.sk\\\/lekarska-fakulta\\\/#\\\/schema\\\/logo\\\/image\\\/\"}}]}<\/script>\n<!-- \/ Yoast SEO plugin. -->","yoast_head_json":{"title":"Akademick\u00fd rok 2010\/2011 - Lek\u00e1rska fakulta | UPJ\u0160","robots":{"index":"index","follow":"follow","max-snippet":"max-snippet:-1","max-image-preview":"max-image-preview:large","max-video-preview":"max-video-preview:-1"},"canonical":"https:\/\/www.upjs.sk\/lekarska-fakulta\/informacie-pre-studentov\/akademicky-rok-2010-2011\/","og_locale":"sk_SK","og_type":"article","og_title":"Akademick\u00fd rok 2010\/2011 - Lek\u00e1rska fakulta | UPJ\u0160","og_description":"Letn\u00e1 odborn\u00e1 prax Z\u00e1kladn\u00e9 inform\u00e1cie pre \u0161tudentov 1. roka \u0161t\u00fadia \u010casov\u00e9 \u010dlenenie akademick\u00e9ho roka Poriadok poplatkov \u0160koln\u00e9 \u0160tudijn\u00e9 pl\u00e1ny \u0161tudijn\u00fdch programov Rozvrh hod\u00edn v letnom semestri\u00a0\u00a0 * Aktualizovan\u00e9 13.3.2011 * Rozvrh hod\u00edn v zimnom semestri Inform\u00e1cia k prideleniu ubytovania pre \u0161tudentov 1. roka \u0161t\u00fadia na UPJ\u0160 v Ko\u0161iciach Obhajoby diplomov\u00fdch pr\u00e1c Komisie pre \u0161t\u00e1tne sk\u00fa\u0161ky &hellip; \u010c\u00edta\u0165 \u010falej","og_url":"https:\/\/www.upjs.sk\/lekarska-fakulta\/informacie-pre-studentov\/akademicky-rok-2010-2011\/","og_site_name":"Lek\u00e1rska fakulta | UPJ\u0160","article_modified_time":"2025-02-21T09:20:20+00:00","twitter_card":"summary_large_image","twitter_misc":{"Predpokladan\u00fd \u010das \u010d\u00edtania":"1 min\u00fata"},"schema":{"@context":"https:\/\/schema.org","@graph":[{"@type":"WebPage","@id":"https:\/\/www.upjs.sk\/lekarska-fakulta\/informacie-pre-studentov\/akademicky-rok-2010-2011\/","url":"https:\/\/www.upjs.sk\/lekarska-fakulta\/informacie-pre-studentov\/akademicky-rok-2010-2011\/","name":"Akademick\u00fd rok 2010\/2011 - Lek\u00e1rska fakulta | UPJ\u0160","isPartOf":{"@id":"https:\/\/www.upjs.sk\/lekarska-fakulta\/#website"},"datePublished":"2011-10-20T15:11:31+00:00","dateModified":"2025-02-21T09:20:20+00:00","breadcrumb":{"@id":"https:\/\/www.upjs.sk\/lekarska-fakulta\/informacie-pre-studentov\/akademicky-rok-2010-2011\/#breadcrumb"},"inLanguage":"sk-SK","potentialAction":[{"@type":"ReadAction","target":["https:\/\/www.upjs.sk\/lekarska-fakulta\/informacie-pre-studentov\/akademicky-rok-2010-2011\/"]}]},{"@type":"BreadcrumbList","@id":"https:\/\/www.upjs.sk\/lekarska-fakulta\/informacie-pre-studentov\/akademicky-rok-2010-2011\/#breadcrumb","itemListElement":[{"@type":"ListItem","position":1,"name":"Home","item":"https:\/\/www.upjs.sk\/lekarska-fakulta\/"},{"@type":"ListItem","position":2,"name":"Inform\u00e1cie pre \u0161tudentov","item":"https:\/\/www.upjs.sk\/lekarska-fakulta\/informacie-pre-studentov\/"},{"@type":"ListItem","position":3,"name":"Akademick\u00fd rok 2010\/2011"}]},{"@type":"WebSite","@id":"https:\/\/www.upjs.sk\/lekarska-fakulta\/#website","url":"https:\/\/www.upjs.sk\/lekarska-fakulta\/","name":"Lek\u00e1rska fakulta | UPJ\u0160","description":"","publisher":{"@id":"https:\/\/www.upjs.sk\/lekarska-fakulta\/#organization"},"potentialAction":[{"@type":"SearchAction","target":{"@type":"EntryPoint","urlTemplate":"https:\/\/www.upjs.sk\/lekarska-fakulta\/?s={search_term_string}"},"query-input":{"@type":"PropertyValueSpecification","valueRequired":true,"valueName":"search_term_string"}}],"inLanguage":"sk-SK"},{"@type":"Organization","@id":"https:\/\/www.upjs.sk\/lekarska-fakulta\/#organization","name":"Lek\u00e1rska fakulta | UPJ\u0160","url":"https:\/\/www.upjs.sk\/lekarska-fakulta\/","logo":{"@type":"ImageObject","inLanguage":"sk-SK","@id":"https:\/\/www.upjs.sk\/lekarska-fakulta\/#\/schema\/logo\/image\/","url":"https:\/\/www.upjs.sk\/app\/uploads\/sites\/9\/2022\/09\/logo-lekarska-fakulta.png","contentUrl":"https:\/\/www.upjs.sk\/app\/uploads\/sites\/9\/2022\/09\/logo-lekarska-fakulta.png","width":415,"height":87,"caption":"Lek\u00e1rska fakulta | UPJ\u0160"},"image":{"@id":"https:\/\/www.upjs.sk\/lekarska-fakulta\/#\/schema\/logo\/image\/"}}]}},"_links":{"self":[{"href":"https:\/\/www.upjs.sk\/lekarska-fakulta\/wp-json\/wp\/v2\/pages\/18492","targetHints":{"allow":["GET"]}}],"collection":[{"href":"https:\/\/www.upjs.sk\/lekarska-fakulta\/wp-json\/wp\/v2\/pages"}],"about":[{"href":"https:\/\/www.upjs.sk\/lekarska-fakulta\/wp-json\/wp\/v2\/types\/page"}],"author":[{"embeddable":true,"href":"https:\/\/www.upjs.sk\/lekarska-fakulta\/wp-json\/wp\/v2\/users\/1"}],"replies":[{"embeddable":true,"href":"https:\/\/www.upjs.sk\/lekarska-fakulta\/wp-json\/wp\/v2\/comments?post=18492"}],"version-history":[{"count":4,"href":"https:\/\/www.upjs.sk\/lekarska-fakulta\/wp-json\/wp\/v2\/pages\/18492\/revisions"}],"predecessor-version":[{"id":130463,"href":"https:\/\/www.upjs.sk\/lekarska-fakulta\/wp-json\/wp\/v2\/pages\/18492\/revisions\/130463"}],"up":[{"embeddable":true,"href":"https:\/\/www.upjs.sk\/lekarska-fakulta\/wp-json\/wp\/v2\/pages\/18336"}],"wp:attachment":[{"href":"https:\/\/www.upjs.sk\/lekarska-fakulta\/wp-json\/wp\/v2\/media?parent=18492"}],"wp:term":[{"taxonomy":"category","embeddable":true,"href":"https:\/\/www.upjs.sk\/lekarska-fakulta\/wp-json\/wp\/v2\/categories?post=18492"},{"taxonomy":"post_tag","embeddable":true,"href":"https:\/\/www.upjs.sk\/lekarska-fakulta\/wp-json\/wp\/v2\/tags?post=18492"}],"curies":[{"name":"wp","href":"https:\/\/api.w.org\/{rel}","templated":true}]}}