{"id":19344,"date":"2025-01-01T12:30:00","date_gmt":"2025-01-01T11:30:00","guid":{"rendered":"https:\/\/www.upjs.sk\/lekarska-fakulta\/?page_id=19344"},"modified":"2025-08-05T07:53:32","modified_gmt":"2025-08-05T06:53:32","slug":"csvm-upjs-lf","status":"publish","type":"page","link":"https:\/\/www.upjs.sk\/lekarska-fakulta\/csvm-upjs-lf\/","title":{"rendered":"CSVM UPJ\u0160 LF"},"content":{"rendered":"\n<h4 class=\"wp-block-heading\">CSVM UPJ\u0160 LF &#8211; Budovanie a rozvoj odborn\u00fdch zru\u010dnost\u00ed a kompetenci\u00ed \u0161tudentov lek\u00e1rskych a zdravotn\u00edckych vied pomocou medic\u00ednskych simula\u010dn\u00fdch n\u00e1strojov v Centre simul\u00e1torovej a virtu\u00e1lnej medic\u00edny UPJ\u0160 LF<\/h4>\n\n\n<style>.kt-tabs-id19344_307c5a-f6 > .kt-tabs-content-wrap > .wp-block-kadence-tab{border-top:1px solid #dee2e6;border-right:1px solid #dee2e6;border-bottom:1px solid #dee2e6;border-left:1px solid #dee2e6;border-top-left-radius:0px;border-top-right-radius:0px;border-bottom-right-radius:0px;border-bottom-left-radius:0px;padding-top:var(--global-kb-spacing-sm, 1.5rem);padding-right:var(--global-kb-spacing-sm, 1.5rem);padding-bottom:var(--global-kb-spacing-sm, 1.5rem);padding-left:var(--global-kb-spacing-sm, 1.5rem);}.wp-block-kadence-tabs .kt-tabs-id19344_307c5a-f6 > .kt-tabs-title-list li:last-child{margin-right:0px;}.wp-block-kadence-tabs .kt-tabs-id19344_307c5a-f6 > .kt-tabs-title-list li .kt-tab-title, .wp-block-kadence-tabs .kt-tabs-id19344_307c5a-f6 > .kt-tabs-content-wrap > .kt-tabs-accordion-title .kt-tab-title{font-weight:regular;font-style:normal;border-color:#D6D6D6;color:#D6D6D6;background:#ffffff;}.wp-block-kadence-tabs .kt-tabs-id19344_307c5a-f6 > .kt-tabs-title-list li .kt-tab-title:hover, .wp-block-kadence-tabs .kt-tabs-id19344_307c5a-f6 > .kt-tabs-content-wrap > .kt-tabs-accordion-title .kt-tab-title:hover{border-color:#D6D6D6;color:#C92432;background:#ffffff;}.wp-block-kadence-tabs .kt-tabs-id19344_307c5a-f6 > .kt-tabs-title-list li.kt-tab-title-active .kt-tab-title, .wp-block-kadence-tabs .kt-tabs-id19344_307c5a-f6 > .kt-tabs-content-wrap > .kt-tabs-accordion-title.kt-tab-title-active .kt-tab-title{color:#ffffff;background:#C92432;}.wp-block-kadence-tabs .kt-tabs-id19344_307c5a-f6 > .kt-tabs-title-list li svg{font-size:14px;}@media all and (max-width: 1024px){.kt-tabs-id19344_307c5a-f6 > .kt-tabs-content-wrap > .wp-block-kadence-tab{border-top:1px solid #dee2e6;border-right:1px solid #dee2e6;border-bottom:1px solid #dee2e6;border-left:1px solid #dee2e6;}}@media all and (max-width: 767px){.kt-tabs-id19344_307c5a-f6 > .kt-tabs-content-wrap > .wp-block-kadence-tab{border-top:1px solid #dee2e6;border-right:1px solid #dee2e6;border-bottom:1px solid #dee2e6;border-left:1px solid #dee2e6;}}<\/style>\n<div class=\"wp-block-kadence-tabs alignnone\"><div class=\"kt-tabs-wrap kt-tabs-id19344_307c5a-f6 kt-tabs-has-3-tabs kt-active-tab-1 kt-tabs-layout-tabs kt-tabs-tablet-layout-inherit kt-tabs-mobile-layout-inherit kt-tab-alignment-left \"><ul class=\"kt-tabs-title-list\"><li id=\"projekt\" class=\"kt-title-item kt-title-item-1 kt-tabs-svg-show-always kt-tabs-icon-side-left kt-tab-title-active\"><a href=\"#projekt\" data-tab=\"1\" class=\"kt-tab-title kt-tab-title-1 \"><span class=\"kb-svg-icon-wrap kb-svg-icon-fe_home\"><svg viewBox=\"0 0 24 24\"  fill=\"none\" stroke=\"currentColor\" stroke-width=\"2\" stroke-linecap=\"round\" stroke-linejoin=\"round\" xmlns=\"http:\/\/www.w3.org\/2000\/svg\"  aria-hidden=\"true\"><path d=\"M3 9l9-7 9 7v11a2 2 0 0 1-2 2H5a2 2 0 0 1-2-2z\"\/><polyline points=\"9 22 9 12 15 12 15 22\"\/><\/svg><\/span><span class=\"kt-title-text\">Projekt<\/span><\/a><\/li><li id=\"popis\" class=\"kt-title-item kt-title-item-2 kt-tabs-svg-show-always kt-tabs-icon-side-left kt-tab-title-inactive\"><a href=\"#popis\" data-tab=\"2\" class=\"kt-tab-title kt-tab-title-2 \"><span class=\"kb-svg-icon-wrap kb-svg-icon-fe_fileText\"><svg viewBox=\"0 0 24 24\"  fill=\"none\" stroke=\"currentColor\" stroke-width=\"2\" stroke-linecap=\"round\" stroke-linejoin=\"round\" xmlns=\"http:\/\/www.w3.org\/2000\/svg\"  aria-hidden=\"true\"><path d=\"M14 2H6a2 2 0 0 0-2 2v16a2 2 0 0 0 2 2h12a2 2 0 0 0 2-2V8z\"\/><polyline points=\"14 2 14 8 20 8\"\/><line x1=\"16\" y1=\"13\" x2=\"8\" y2=\"13\"\/><line x1=\"16\" y1=\"17\" x2=\"8\" y2=\"17\"\/><polyline points=\"10 9 9 9 8 9\"\/><\/svg><\/span><span class=\"kt-title-text\">Popis<\/span><\/a><\/li><li id=\"ukazovatele\" class=\"kt-title-item kt-title-item-3 kt-tabs-svg-show-always kt-tabs-icon-side-left kt-tab-title-inactive\"><a href=\"#ukazovatele\" data-tab=\"3\" class=\"kt-tab-title kt-tab-title-3 \"><span class=\"kb-svg-icon-wrap kb-svg-icon-fe_target\"><svg viewBox=\"0 0 24 24\"  fill=\"none\" stroke=\"currentColor\" stroke-width=\"2\" stroke-linecap=\"round\" stroke-linejoin=\"round\" xmlns=\"http:\/\/www.w3.org\/2000\/svg\"  aria-hidden=\"true\"><circle cx=\"12\" cy=\"12\" r=\"10\"\/><circle cx=\"12\" cy=\"12\" r=\"6\"\/><circle cx=\"12\" cy=\"12\" r=\"2\"\/><\/svg><\/span><span class=\"kt-title-text\">Ukazovatele<\/span><\/a><\/li><\/ul><div class=\"kt-tabs-content-wrap\">\n<div class=\"wp-block-kadence-tab kt-tab-inner-content kt-inner-tab-1 kt-inner-tab19344_6803c6-ce\"><div class=\"kt-tab-inner-content-inner\">\n<p><strong>Inform\u00e1cie o projekte<\/strong><\/p>\n\n\n\n<figure class=\"wp-block-table is-style-stripes\"><table><tbody><tr><td>N\u00e1zov projektu:<\/td><td>CSVM UPJ\u0160 LF &#8211; Budovanie a rozvoj odborn\u00fdch zru\u010dnost\u00ed a kompetenci\u00ed \u0161tudentov lek\u00e1rskych a zdravotn\u00edckych vied pomocou medic\u00ednskych simula\u010dn\u00fdch n\u00e1strojov v Centre simul\u00e1torovej a virtu\u00e1lnej medic\u00edny UPJ\u0160 LF<\/td><\/tr><tr><td>Akronym:<\/td><td>CSVM UPJ\u0160 LF<\/td><\/tr><tr><td>K\u00f3d projektu:<\/td><td>401101C029<\/td><\/tr><tr><td>V\u00fdzva &#8211; k\u00f3d v\u00fdzvy:<\/td><td>Simula\u010dn\u00e9 centr\u00e1 na vysok\u00fdch \u0161kol\u00e1ch &#8211; PSK-MSVVM-018-2024-DV-EFRR<\/td><\/tr><tr><td>Riadiaci org\u00e1n:<\/td><td>Ministerstvo invest\u00edci\u00ed, region\u00e1lneho rozvoja a informatiz\u00e1cie Slovenskej republiky<\/td><\/tr><tr><td>Sprostredkovate\u013esk\u00fd org\u00e1n:<\/td><td>Ministerstvo \u0161kolstva, v\u00fdskumu, v\u00fdvoja a ml\u00e1de\u017ee Slovenskej republiky<\/td><\/tr><tr><td>Program:<\/td><td>Program Slovensko<\/td><\/tr><tr><td>Spolufinancovan\u00fd fondom:<\/td><td>Eur\u00f3psky fond region\u00e1lneho rozvoja<\/td><\/tr><tr><td>Obdobie realiz\u00e1cie:<\/td><td>01\/2025 &#8211; 12\/2029<\/td><\/tr><tr><td>Celkov\u00fd rozpo\u010det:<\/td><td>9 996 822,89 \u20ac<\/td><\/tr><tr><td>Spolufinancovanie zo zdrojov E\u00da a \u0160R:<\/td><td>9 197 077,06 \u20ac<\/td><\/tr><\/tbody><\/table><\/figure>\n\n\n\n<p>Hlavn\u00fdm cie\u013eom projektu je zv\u00fd\u0161enie kvality vzdel\u00e1vania bud\u00facich zdravotn\u00edckych pracovn\u00edkov prostredn\u00edctvom rozvoja praktick\u00fdch zru\u010dnost\u00ed, ktor\u00e9 s\u00fa nevyhnutn\u00e9 pre ich odborn\u00fa prax. Tento cie\u013e bude dosiahnut\u00fd inov\u00e1ciou \u0161tudijn\u00fdch programov, ktor\u00e1 zah\u0155\u0148a zavedenie met\u00f3d medic\u00ednskeho vzdel\u00e1vania zalo\u017een\u00e9ho na simul\u00e1ci\u00e1ch (SBME \u2013 Simulation-Based Medical Education).<\/p>\n\n\n\n<p><a href=\"https:\/\/www.upjs.sk\/pracoviska\/ccvapp\/podpora-projektov\/zakladne-informacie-o-projektoch\/projekt\/?id=3603\/\">Z\u00e1kladn\u00e9 inform\u00e1cie o projekte na str\u00e1nke CCVaPP<\/a><\/p>\n<\/div><\/div>\n\n\n\n<div class=\"wp-block-kadence-tab kt-tab-inner-content kt-inner-tab-2 kt-inner-tab19344_2c181b-33\"><div class=\"kt-tab-inner-content-inner\">\n<p><strong>Stru\u010dn\u00fd popis projektu<\/strong><\/p>\n\n\n\n<p>Cie\u013eom projektu je zv\u00fd\u0161i\u0165 kvalitu vzdel\u00e1vania v lek\u00e1rskych a zdravotn\u00edckych \u0161tudijn\u00fdch programoch prostredn\u00edctvom podpory rozvoja praktick\u00fdch zru\u010dnost\u00ed, k\u013e\u00fa\u010dov\u00fdch pre poskytovanie kvalitnej odbornej zdravotnej starostlivosti. Projekt reaguje na aktu\u00e1lne potreby zdravotn\u00edctva a spolo\u010dnosti t\u00fdm, \u017ee zav\u00e1dza modern\u00e9 vzdel\u00e1vacie postupy a technol\u00f3gie s d\u00f4razom na praktick\u00fa v\u00fdu\u010dbu a rozvoj kompetenci\u00ed bud\u00facich zdravotn\u00edckych profesion\u00e1lov. Miestom realiz\u00e1cie je Lek\u00e1rska fakulta UPJ\u0160 v Ko\u0161iciach, Trieda SNP 1, 040 11 Ko\u0161ice.<\/p>\n\n\n\n<p>Hlavnou aktivitou projektu je Rozvoj zru\u010dnost\u00ed bud\u00facich zdravotn\u00edckych pracovn\u00edkov, Aktivita 1 &#8211; Inov\u00e1cia \u0161tudijn\u00fdch programov, ktor\u00e1 obohat\u00ed doteraj\u0161ie met\u00f3dy teoretickej v\u00fdu\u010dby a praktick\u00e9ho v\u00fdcviku pri l\u00f4\u017eku pacienta o nov\u00fd prvok &#8211; vzdel\u00e1vanie prostredn\u00edctvom medic\u00ednskych simul\u00e1ci\u00ed prebiehaj\u00facich v bezpe\u010dnom, kontrolovanom prostred\u00ed, bez rizika pre pacienta. Aby bola inov\u00e1cia efekt\u00edvna, roz\u0161\u00edrime priestorov\u00e9 a technologick\u00e9 kapacity simul\u00e1torov\u00e9ho centra o:<br> \u2022 Upraven\u00e9 existuj\u00face priestory tak, aby vyhovovali potreb\u00e1m simula\u010dn\u00e9ho vzdel\u00e1vania<br> \u2022 Obstaran\u00e9 modern\u00e9 medic\u00ednske simula\u010dn\u00e9 zariadenia, umo\u017e\u0148uj\u00face r\u00f4zne \u00farovne simul\u00e1ci\u00ed<br> \u2022 Udr\u017eate\u013en\u00e9 budovanie zru\u010dnost\u00ed pedagog. pracovn\u00edkov v simul\u00e1torovom vzdel\u00e1van\u00ed<\/p>\n\n\n\n<p>Inov\u00e1cia \u0161tudijn\u00fdch programov posunie vzdel\u00e1vanie smerom k \u0161tudentom, pri\u010dom sa zameria na ich schopnos\u0165 rie\u0161i\u0165 parci\u00e1lne aj komplexn\u00e9 situ\u00e1cie spojen\u00e9 s mana\u017ementom pacienta. Praktick\u00e1 v\u00fdu\u010dba bude tie\u017e posil\u0148ova\u0165:<br> \u2022 Schopnos\u0165 rozhodova\u0165 sa a nies\u0165 zodpovednos\u0165 za svoje rozhodnutia<br> \u2022 Kritick\u00e9 myslenie pri rie\u0161en\u00ed probl\u00e9mov<br> \u2022 Zru\u010dnosti t\u00edmovej spolupr\u00e1ce, najm\u00e4 pri simul\u00e1ci\u00e1ch zameran\u00fdch na t\u00edmov\u00fa komunik\u00e1ciu a koordin\u00e1ciu<\/p>\n\n\n\n<p>Simula\u010dn\u00e9 vzdel\u00e1vanie integrujeme do \u0161tudijn\u00fdch pl\u00e1nov vertik\u00e1lne, aby si v\u0161etci \u0161tudenti osvojili praktick\u00e9 zru\u010dnosti a teoretick\u00e9 poznatky prepojen\u00e9 s praxou. Absolventi bud\u00fa lep\u0161ie pripraven\u00ed na v\u00fdzvy v oblasti zdravotnej starostlivosti, \u010do bude ma\u0165 pozit\u00edvny vplyv na zdravie spolo\u010dnosti. Projekt m\u00e1 v\u00fdznamn\u00fd celospolo\u010densk\u00fd dopad a podpor\u00ed trvalo udr\u017eate\u013en\u00fd rozvoj medic\u00ednskeho vzdel\u00e1vania.<\/p>\n<\/div><\/div>\n\n\n\n<div class=\"wp-block-kadence-tab kt-tab-inner-content kt-inner-tab-3 kt-inner-tab19344_e9c418-3e\"><div class=\"kt-tab-inner-content-inner\">\n<p><strong>Merate\u013en\u00e9 ukazovatele projektu<\/strong><\/p>\n\n\n\n<figure class=\"wp-block-table is-style-stripes\"><table><tbody><tr><td class=\"has-text-align-left\" data-align=\"left\"><strong>Merate\u013en\u00e9 ukazovatele v\u00fdstupu<\/strong><\/td><td class=\"has-text-align-right\" data-align=\"right\"><\/td><\/tr><tr><td class=\"has-text-align-left\" data-align=\"left\">Po\u010det novo zaobstaran\u00e9ho vybavenia<\/td><td class=\"has-text-align-right\" data-align=\"right\">128<\/td><\/tr><tr><td class=\"has-text-align-left\" data-align=\"left\"><strong>Merate\u013en\u00e9 ukazovatele v\u00fdsledku<\/strong><\/td><td class=\"has-text-align-right\" data-align=\"right\"><\/td><\/tr><tr><td class=\"has-text-align-left\" data-align=\"left\">Pou\u017e\u00edvatelia nov\u00fdch alebo modernizovan\u00fdch vzdel\u00e1vac\u00edch zariaden\u00ed za rok<\/td><td class=\"has-text-align-right\" data-align=\"right\">600<\/td><\/tr><tr><td class=\"has-text-align-left\" data-align=\"left\">Po\u010det zaveden\u00fdch programov relevantn\u00fdch pre inteligentn\u00fa \u0161pecializ\u00e1ciu a priemyseln\u00fa transform\u00e1ciu vytvoren\u00fdch a\/alebo inovovan\u00fdch v spolupr\u00e1ci so zamestn\u00e1vate\u013emi<\/td><td class=\"has-text-align-right\" data-align=\"right\">5<\/td><\/tr><\/tbody><\/table><\/figure>\n<\/div><\/div>\n<\/div><\/div><\/div>\n\n\n\n<div style=\"height:20px\" aria-hidden=\"true\" class=\"wp-block-spacer\"><\/div>\n\n\n\n<div class=\"wp-block-group is-content-justification-center is-layout-flex wp-container-core-group-is-layout-64b26803 wp-block-group-is-layout-flex\"><style>.kb-image19344_e1edd2-22 .kb-image-has-overlay:after{opacity:0.3;}.kb-image19344_e1edd2-22 img.kb-img, .kb-image19344_e1edd2-22 .kb-img img{object-position:100% 100%;}<\/style>\n<figure class=\"wp-block-kadence-image kb-image19344_e1edd2-22 size-medium\"><a href=\"https:\/\/ec.europa.eu\/\" class=\"kb-advanced-image-link\" target=\"_blank\" aria-label=\"https:\/\/ec.europa.eu\/\" rel=\"noopener noreferrer\"><img loading=\"lazy\" decoding=\"async\" width=\"300\" height=\"71\" src=\"https:\/\/www.upjs.sk\/app\/uploads\/sites\/9\/2025\/07\/SK_Co-fundedbytheEU_RGB_POS-300x71.png\" alt=\"\" class=\"kb-img wp-image-140793\" srcset=\"https:\/\/www.upjs.sk\/app\/uploads\/sites\/9\/2025\/07\/SK_Co-fundedbytheEU_RGB_POS-300x71.png 300w, https:\/\/www.upjs.sk\/app\/uploads\/sites\/9\/2025\/07\/SK_Co-fundedbytheEU_RGB_POS-1024x241.png 1024w, https:\/\/www.upjs.sk\/app\/uploads\/sites\/9\/2025\/07\/SK_Co-fundedbytheEU_RGB_POS-768x181.png 768w, https:\/\/www.upjs.sk\/app\/uploads\/sites\/9\/2025\/07\/SK_Co-fundedbytheEU_RGB_POS-1536x362.png 1536w, https:\/\/www.upjs.sk\/app\/uploads\/sites\/9\/2025\/07\/SK_Co-fundedbytheEU_RGB_POS-2048x482.png 2048w\" sizes=\"auto, (max-width: 300px) 100vw, 300px\" \/><\/a><\/figure>\n\n\n\n<div style=\"height:100px;width:0px\" aria-hidden=\"true\" class=\"wp-block-spacer wp-container-content-16d1eb73\"><\/div>\n\n\n<style>.kb-image19344_e4f55c-c1 .kb-image-has-overlay:after{opacity:0.3;}<\/style>\n<figure class=\"wp-block-kadence-image kb-image19344_e4f55c-c1 size-medium\"><a href=\"https:\/\/eurofondy.gov.sk\/program-slovensko\/\" class=\"kb-advanced-image-link\" target=\"_blank\" aria-label=\"https:\/\/eurofondy.gov.sk\/program-slovensko\/\" rel=\"noopener noreferrer\"><img loading=\"lazy\" decoding=\"async\" width=\"300\" height=\"70\" src=\"https:\/\/www.upjs.sk\/app\/uploads\/sites\/9\/2025\/07\/program-slovensko-768x180-1-300x70.png\" alt=\"\" class=\"kb-img wp-image-140799\" srcset=\"https:\/\/www.upjs.sk\/app\/uploads\/sites\/9\/2025\/07\/program-slovensko-768x180-1-300x70.png 300w, https:\/\/www.upjs.sk\/app\/uploads\/sites\/9\/2025\/07\/program-slovensko-768x180-1.png 768w\" sizes=\"auto, (max-width: 300px) 100vw, 300px\" \/><\/a><\/figure>\n\n\n\n<div style=\"height:100px;width:0px\" aria-hidden=\"true\" class=\"wp-block-spacer wp-container-content-16d1eb73\"><\/div>\n\n\n<style>.kb-image19344_6bc97d-77 .kb-image-has-overlay:after{opacity:0.3;}<\/style>\n<figure class=\"wp-block-kadence-image kb-image19344_6bc97d-77 size-medium\"><a href=\"https:\/\/www.minedu.sk\/\" class=\"kb-advanced-image-link\" target=\"_blank\" aria-label=\"https:\/\/www.minedu.sk\/\" rel=\"noopener noreferrer\"><img loading=\"lazy\" decoding=\"async\" width=\"300\" height=\"142\" src=\"https:\/\/www.upjs.sk\/app\/uploads\/sites\/9\/2025\/07\/Logo_SK-300x142.png\" alt=\"\" class=\"kb-img wp-image-140789\" srcset=\"https:\/\/www.upjs.sk\/app\/uploads\/sites\/9\/2025\/07\/Logo_SK-300x142.png 300w, https:\/\/www.upjs.sk\/app\/uploads\/sites\/9\/2025\/07\/Logo_SK-1024x485.png 1024w, https:\/\/www.upjs.sk\/app\/uploads\/sites\/9\/2025\/07\/Logo_SK-768x364.png 768w, https:\/\/www.upjs.sk\/app\/uploads\/sites\/9\/2025\/07\/Logo_SK.png 1123w\" sizes=\"auto, (max-width: 300px) 100vw, 300px\" \/><\/a><\/figure>\n<\/div>\n\n\n\n<p><\/p>\n","protected":false},"excerpt":{"rendered":"<p>CSVM UPJ\u0160 LF &#8211; Budovanie a rozvoj odborn\u00fdch zru\u010dnost\u00ed a kompetenci\u00ed \u0161tudentov lek\u00e1rskych a zdravotn\u00edckych vied pomocou medic\u00ednskych simula\u010dn\u00fdch n\u00e1strojov v Centre simul\u00e1torovej a virtu\u00e1lnej medic\u00edny UPJ\u0160 LF<\/p>\n","protected":false},"author":1,"featured_media":0,"parent":0,"menu_order":19,"comment_status":"closed","ping_status":"closed","template":"","meta":{"_acf_changed":false,"_editorskit_title_hidden":false,"_editorskit_reading_time":0,"_editorskit_is_block_options_detached":false,"_editorskit_block_options_position":"{}","footnotes":""},"categories":[],"tags":[],"class_list":["post-19344","page","type-page","status-publish","hentry"],"acf":{"acf_link_na_externy_obsah":""},"yoast_head":"<!-- This site is optimized with the Yoast SEO plugin v27.4 - https:\/\/yoast.com\/product\/yoast-seo-wordpress\/ -->\n<title>CSVM UPJ\u0160 LF - Lek\u00e1rska fakulta | UPJ\u0160<\/title>\n<meta name=\"robots\" content=\"index, follow, max-snippet:-1, max-image-preview:large, max-video-preview:-1\" \/>\n<link rel=\"canonical\" href=\"https:\/\/www.upjs.sk\/lekarska-fakulta\/csvm-upjs-lf\/\" \/>\n<meta property=\"og:locale\" content=\"sk_SK\" \/>\n<meta property=\"og:type\" content=\"article\" \/>\n<meta property=\"og:title\" content=\"CSVM UPJ\u0160 LF - Lek\u00e1rska fakulta | UPJ\u0160\" \/>\n<meta property=\"og:description\" content=\"CSVM UPJ\u0160 LF &#8211; Budovanie a rozvoj odborn\u00fdch zru\u010dnost\u00ed a kompetenci\u00ed \u0161tudentov lek\u00e1rskych a zdravotn\u00edckych vied pomocou medic\u00ednskych simula\u010dn\u00fdch n\u00e1strojov v Centre simul\u00e1torovej a virtu\u00e1lnej medic\u00edny UPJ\u0160 LF\" \/>\n<meta property=\"og:url\" content=\"https:\/\/www.upjs.sk\/lekarska-fakulta\/csvm-upjs-lf\/\" \/>\n<meta property=\"og:site_name\" content=\"Lek\u00e1rska fakulta | UPJ\u0160\" \/>\n<meta property=\"article:modified_time\" content=\"2025-08-05T06:53:32+00:00\" \/>\n<meta property=\"og:image\" content=\"https:\/\/www.upjs.sk\/app\/uploads\/sites\/9\/2025\/07\/SK_Co-fundedbytheEU_RGB_POS.png\" \/>\n\t<meta property=\"og:image:width\" content=\"3901\" \/>\n\t<meta property=\"og:image:height\" content=\"919\" \/>\n\t<meta property=\"og:image:type\" content=\"image\/png\" \/>\n<meta name=\"twitter:card\" content=\"summary_large_image\" \/>\n<meta name=\"twitter:label1\" content=\"Predpokladan\u00fd \u010das \u010d\u00edtania\" \/>\n\t<meta name=\"twitter:data1\" content=\"4 min\u00faty\" \/>\n<script type=\"application\/ld+json\" class=\"yoast-schema-graph\">{\"@context\":\"https:\\\/\\\/schema.org\",\"@graph\":[{\"@type\":\"WebPage\",\"@id\":\"https:\\\/\\\/www.upjs.sk\\\/lekarska-fakulta\\\/csvm-upjs-lf\\\/\",\"url\":\"https:\\\/\\\/www.upjs.sk\\\/lekarska-fakulta\\\/csvm-upjs-lf\\\/\",\"name\":\"CSVM UPJ\u0160 LF - Lek\u00e1rska fakulta | UPJ\u0160\",\"isPartOf\":{\"@id\":\"https:\\\/\\\/www.upjs.sk\\\/lekarska-fakulta\\\/#website\"},\"primaryImageOfPage\":{\"@id\":\"https:\\\/\\\/www.upjs.sk\\\/lekarska-fakulta\\\/csvm-upjs-lf\\\/#primaryimage\"},\"image\":{\"@id\":\"https:\\\/\\\/www.upjs.sk\\\/lekarska-fakulta\\\/csvm-upjs-lf\\\/#primaryimage\"},\"thumbnailUrl\":\"https:\\\/\\\/www.upjs.sk\\\/app\\\/uploads\\\/sites\\\/9\\\/2025\\\/07\\\/SK_Co-fundedbytheEU_RGB_POS-300x71.png\",\"datePublished\":\"2025-01-01T11:30:00+00:00\",\"dateModified\":\"2025-08-05T06:53:32+00:00\",\"breadcrumb\":{\"@id\":\"https:\\\/\\\/www.upjs.sk\\\/lekarska-fakulta\\\/csvm-upjs-lf\\\/#breadcrumb\"},\"inLanguage\":\"sk-SK\",\"potentialAction\":[{\"@type\":\"ReadAction\",\"target\":[\"https:\\\/\\\/www.upjs.sk\\\/lekarska-fakulta\\\/csvm-upjs-lf\\\/\"]}]},{\"@type\":\"ImageObject\",\"inLanguage\":\"sk-SK\",\"@id\":\"https:\\\/\\\/www.upjs.sk\\\/lekarska-fakulta\\\/csvm-upjs-lf\\\/#primaryimage\",\"url\":\"https:\\\/\\\/www.upjs.sk\\\/app\\\/uploads\\\/sites\\\/9\\\/2025\\\/07\\\/SK_Co-fundedbytheEU_RGB_POS-300x71.png\",\"contentUrl\":\"https:\\\/\\\/www.upjs.sk\\\/app\\\/uploads\\\/sites\\\/9\\\/2025\\\/07\\\/SK_Co-fundedbytheEU_RGB_POS-300x71.png\"},{\"@type\":\"BreadcrumbList\",\"@id\":\"https:\\\/\\\/www.upjs.sk\\\/lekarska-fakulta\\\/csvm-upjs-lf\\\/#breadcrumb\",\"itemListElement\":[{\"@type\":\"ListItem\",\"position\":1,\"name\":\"Home\",\"item\":\"https:\\\/\\\/www.upjs.sk\\\/lekarska-fakulta\\\/\"},{\"@type\":\"ListItem\",\"position\":2,\"name\":\"CSVM UPJ\u0160 LF\"}]},{\"@type\":\"WebSite\",\"@id\":\"https:\\\/\\\/www.upjs.sk\\\/lekarska-fakulta\\\/#website\",\"url\":\"https:\\\/\\\/www.upjs.sk\\\/lekarska-fakulta\\\/\",\"name\":\"Lek\u00e1rska fakulta | UPJ\u0160\",\"description\":\"\",\"publisher\":{\"@id\":\"https:\\\/\\\/www.upjs.sk\\\/lekarska-fakulta\\\/#organization\"},\"potentialAction\":[{\"@type\":\"SearchAction\",\"target\":{\"@type\":\"EntryPoint\",\"urlTemplate\":\"https:\\\/\\\/www.upjs.sk\\\/lekarska-fakulta\\\/?s={search_term_string}\"},\"query-input\":{\"@type\":\"PropertyValueSpecification\",\"valueRequired\":true,\"valueName\":\"search_term_string\"}}],\"inLanguage\":\"sk-SK\"},{\"@type\":\"Organization\",\"@id\":\"https:\\\/\\\/www.upjs.sk\\\/lekarska-fakulta\\\/#organization\",\"name\":\"Lek\u00e1rska fakulta | UPJ\u0160\",\"url\":\"https:\\\/\\\/www.upjs.sk\\\/lekarska-fakulta\\\/\",\"logo\":{\"@type\":\"ImageObject\",\"inLanguage\":\"sk-SK\",\"@id\":\"https:\\\/\\\/www.upjs.sk\\\/lekarska-fakulta\\\/#\\\/schema\\\/logo\\\/image\\\/\",\"url\":\"https:\\\/\\\/www.upjs.sk\\\/app\\\/uploads\\\/sites\\\/9\\\/2022\\\/09\\\/logo-lekarska-fakulta.png\",\"contentUrl\":\"https:\\\/\\\/www.upjs.sk\\\/app\\\/uploads\\\/sites\\\/9\\\/2022\\\/09\\\/logo-lekarska-fakulta.png\",\"width\":415,\"height\":87,\"caption\":\"Lek\u00e1rska fakulta | UPJ\u0160\"},\"image\":{\"@id\":\"https:\\\/\\\/www.upjs.sk\\\/lekarska-fakulta\\\/#\\\/schema\\\/logo\\\/image\\\/\"}}]}<\/script>\n<!-- \/ Yoast SEO plugin. -->","yoast_head_json":{"title":"CSVM UPJ\u0160 LF - Lek\u00e1rska fakulta | UPJ\u0160","robots":{"index":"index","follow":"follow","max-snippet":"max-snippet:-1","max-image-preview":"max-image-preview:large","max-video-preview":"max-video-preview:-1"},"canonical":"https:\/\/www.upjs.sk\/lekarska-fakulta\/csvm-upjs-lf\/","og_locale":"sk_SK","og_type":"article","og_title":"CSVM UPJ\u0160 LF - Lek\u00e1rska fakulta | UPJ\u0160","og_description":"CSVM UPJ\u0160 LF &#8211; Budovanie a rozvoj odborn\u00fdch zru\u010dnost\u00ed a kompetenci\u00ed \u0161tudentov lek\u00e1rskych a zdravotn\u00edckych vied pomocou medic\u00ednskych simula\u010dn\u00fdch n\u00e1strojov v Centre simul\u00e1torovej a virtu\u00e1lnej medic\u00edny UPJ\u0160 LF","og_url":"https:\/\/www.upjs.sk\/lekarska-fakulta\/csvm-upjs-lf\/","og_site_name":"Lek\u00e1rska fakulta | UPJ\u0160","article_modified_time":"2025-08-05T06:53:32+00:00","og_image":[{"width":3901,"height":919,"url":"https:\/\/www.upjs.sk\/app\/uploads\/sites\/9\/2025\/07\/SK_Co-fundedbytheEU_RGB_POS.png","type":"image\/png"}],"twitter_card":"summary_large_image","twitter_misc":{"Predpokladan\u00fd \u010das \u010d\u00edtania":"4 min\u00faty"},"schema":{"@context":"https:\/\/schema.org","@graph":[{"@type":"WebPage","@id":"https:\/\/www.upjs.sk\/lekarska-fakulta\/csvm-upjs-lf\/","url":"https:\/\/www.upjs.sk\/lekarska-fakulta\/csvm-upjs-lf\/","name":"CSVM UPJ\u0160 LF - Lek\u00e1rska fakulta | UPJ\u0160","isPartOf":{"@id":"https:\/\/www.upjs.sk\/lekarska-fakulta\/#website"},"primaryImageOfPage":{"@id":"https:\/\/www.upjs.sk\/lekarska-fakulta\/csvm-upjs-lf\/#primaryimage"},"image":{"@id":"https:\/\/www.upjs.sk\/lekarska-fakulta\/csvm-upjs-lf\/#primaryimage"},"thumbnailUrl":"https:\/\/www.upjs.sk\/app\/uploads\/sites\/9\/2025\/07\/SK_Co-fundedbytheEU_RGB_POS-300x71.png","datePublished":"2025-01-01T11:30:00+00:00","dateModified":"2025-08-05T06:53:32+00:00","breadcrumb":{"@id":"https:\/\/www.upjs.sk\/lekarska-fakulta\/csvm-upjs-lf\/#breadcrumb"},"inLanguage":"sk-SK","potentialAction":[{"@type":"ReadAction","target":["https:\/\/www.upjs.sk\/lekarska-fakulta\/csvm-upjs-lf\/"]}]},{"@type":"ImageObject","inLanguage":"sk-SK","@id":"https:\/\/www.upjs.sk\/lekarska-fakulta\/csvm-upjs-lf\/#primaryimage","url":"https:\/\/www.upjs.sk\/app\/uploads\/sites\/9\/2025\/07\/SK_Co-fundedbytheEU_RGB_POS-300x71.png","contentUrl":"https:\/\/www.upjs.sk\/app\/uploads\/sites\/9\/2025\/07\/SK_Co-fundedbytheEU_RGB_POS-300x71.png"},{"@type":"BreadcrumbList","@id":"https:\/\/www.upjs.sk\/lekarska-fakulta\/csvm-upjs-lf\/#breadcrumb","itemListElement":[{"@type":"ListItem","position":1,"name":"Home","item":"https:\/\/www.upjs.sk\/lekarska-fakulta\/"},{"@type":"ListItem","position":2,"name":"CSVM UPJ\u0160 LF"}]},{"@type":"WebSite","@id":"https:\/\/www.upjs.sk\/lekarska-fakulta\/#website","url":"https:\/\/www.upjs.sk\/lekarska-fakulta\/","name":"Lek\u00e1rska fakulta | UPJ\u0160","description":"","publisher":{"@id":"https:\/\/www.upjs.sk\/lekarska-fakulta\/#organization"},"potentialAction":[{"@type":"SearchAction","target":{"@type":"EntryPoint","urlTemplate":"https:\/\/www.upjs.sk\/lekarska-fakulta\/?s={search_term_string}"},"query-input":{"@type":"PropertyValueSpecification","valueRequired":true,"valueName":"search_term_string"}}],"inLanguage":"sk-SK"},{"@type":"Organization","@id":"https:\/\/www.upjs.sk\/lekarska-fakulta\/#organization","name":"Lek\u00e1rska fakulta | UPJ\u0160","url":"https:\/\/www.upjs.sk\/lekarska-fakulta\/","logo":{"@type":"ImageObject","inLanguage":"sk-SK","@id":"https:\/\/www.upjs.sk\/lekarska-fakulta\/#\/schema\/logo\/image\/","url":"https:\/\/www.upjs.sk\/app\/uploads\/sites\/9\/2022\/09\/logo-lekarska-fakulta.png","contentUrl":"https:\/\/www.upjs.sk\/app\/uploads\/sites\/9\/2022\/09\/logo-lekarska-fakulta.png","width":415,"height":87,"caption":"Lek\u00e1rska fakulta | UPJ\u0160"},"image":{"@id":"https:\/\/www.upjs.sk\/lekarska-fakulta\/#\/schema\/logo\/image\/"}}]}},"_links":{"self":[{"href":"https:\/\/www.upjs.sk\/lekarska-fakulta\/wp-json\/wp\/v2\/pages\/19344","targetHints":{"allow":["GET"]}}],"collection":[{"href":"https:\/\/www.upjs.sk\/lekarska-fakulta\/wp-json\/wp\/v2\/pages"}],"about":[{"href":"https:\/\/www.upjs.sk\/lekarska-fakulta\/wp-json\/wp\/v2\/types\/page"}],"author":[{"embeddable":true,"href":"https:\/\/www.upjs.sk\/lekarska-fakulta\/wp-json\/wp\/v2\/users\/1"}],"replies":[{"embeddable":true,"href":"https:\/\/www.upjs.sk\/lekarska-fakulta\/wp-json\/wp\/v2\/comments?post=19344"}],"version-history":[{"count":20,"href":"https:\/\/www.upjs.sk\/lekarska-fakulta\/wp-json\/wp\/v2\/pages\/19344\/revisions"}],"predecessor-version":[{"id":140941,"href":"https:\/\/www.upjs.sk\/lekarska-fakulta\/wp-json\/wp\/v2\/pages\/19344\/revisions\/140941"}],"wp:attachment":[{"href":"https:\/\/www.upjs.sk\/lekarska-fakulta\/wp-json\/wp\/v2\/media?parent=19344"}],"wp:term":[{"taxonomy":"category","embeddable":true,"href":"https:\/\/www.upjs.sk\/lekarska-fakulta\/wp-json\/wp\/v2\/categories?post=19344"},{"taxonomy":"post_tag","embeddable":true,"href":"https:\/\/www.upjs.sk\/lekarska-fakulta\/wp-json\/wp\/v2\/tags?post=19344"}],"curies":[{"name":"wp","href":"https:\/\/api.w.org\/{rel}","templated":true}]}}