{"id":22770,"date":"2016-08-09T09:14:01","date_gmt":"2016-08-09T09:14:01","guid":{"rendered":"https:\/\/www.upjs.sk\/lekarska-fakulta\/informacie-pre-studentov\/ziadost-o-uznanie-dovezenych-predmetov\/"},"modified":"2025-02-20T12:18:58","modified_gmt":"2025-02-20T11:18:58","slug":"ziadost-o-uznanie-dovezenych-predmetov","status":"publish","type":"page","link":"https:\/\/www.upjs.sk\/lekarska-fakulta\/informacie-pre-studentov\/ziadost-o-uznanie-dovezenych-predmetov\/","title":{"rendered":"\u017diados\u0165 o uznanie dovezen\u00fdch predmetov"},"content":{"rendered":"<ul>\n<li><a href=\"https:\/\/www.upjs.sk\/app\/uploads\/sites\/9\/2022\/10\/ziadost_o-uznanie_dovezenych_predmetov.doc\">\u017diados\u0165 o uznanie dovezen\u00fdch predmetov<\/a><\/li>\n<li><a href=\"https:\/\/www.upjs.sk\/app\/uploads\/sites\/9\/2022\/10\/Zoznam_dovezenych_uznanie.doc\">Pr\u00edloha k \u017diadosti o uznanie dovezen\u00fdch predmetov<\/a><\/li>\n<\/ul>\n","protected":false},"excerpt":{"rendered":"<p>\u017diados\u0165 o uznanie dovezen\u00fdch predmetov Pr\u00edloha k \u017diadosti o uznanie dovezen\u00fdch predmetov<\/p>\n","protected":false},"author":1,"featured_media":0,"parent":18336,"menu_order":6,"comment_status":"closed","ping_status":"closed","template":"","meta":{"_acf_changed":false,"_editorskit_title_hidden":false,"_editorskit_reading_time":0,"_editorskit_is_block_options_detached":false,"_editorskit_block_options_position":"{}","footnotes":""},"categories":[],"tags":[],"class_list":["post-22770","page","type-page","status-publish","hentry"],"acf":{"acf_link_na_externy_obsah":""},"yoast_head":"<!-- This site is optimized with the Yoast SEO plugin v27.4 - https:\/\/yoast.com\/product\/yoast-seo-wordpress\/ -->\n<title>\u017diados\u0165 o uznanie dovezen\u00fdch predmetov - Lek\u00e1rska fakulta | UPJ\u0160<\/title>\n<meta name=\"robots\" content=\"index, follow, max-snippet:-1, max-image-preview:large, max-video-preview:-1\" \/>\n<link rel=\"canonical\" href=\"https:\/\/www.upjs.sk\/lekarska-fakulta\/informacie-pre-studentov\/ziadost-o-uznanie-dovezenych-predmetov\/\" \/>\n<meta property=\"og:locale\" content=\"sk_SK\" \/>\n<meta property=\"og:type\" content=\"article\" \/>\n<meta property=\"og:title\" content=\"\u017diados\u0165 o uznanie dovezen\u00fdch predmetov - Lek\u00e1rska fakulta | UPJ\u0160\" \/>\n<meta property=\"og:description\" content=\"\u017diados\u0165 o uznanie dovezen\u00fdch predmetov Pr\u00edloha k \u017diadosti o uznanie dovezen\u00fdch predmetov\" \/>\n<meta property=\"og:url\" content=\"https:\/\/www.upjs.sk\/lekarska-fakulta\/informacie-pre-studentov\/ziadost-o-uznanie-dovezenych-predmetov\/\" \/>\n<meta property=\"og:site_name\" content=\"Lek\u00e1rska fakulta | UPJ\u0160\" \/>\n<meta property=\"article:modified_time\" content=\"2025-02-20T11:18:58+00:00\" \/>\n<meta name=\"twitter:card\" content=\"summary_large_image\" \/>\n<meta name=\"twitter:label1\" content=\"Predpokladan\u00fd \u010das \u010d\u00edtania\" \/>\n\t<meta name=\"twitter:data1\" content=\"1 min\u00fata\" \/>\n<script type=\"application\/ld+json\" class=\"yoast-schema-graph\">{\"@context\":\"https:\\\/\\\/schema.org\",\"@graph\":[{\"@type\":\"WebPage\",\"@id\":\"https:\\\/\\\/www.upjs.sk\\\/lekarska-fakulta\\\/informacie-pre-studentov\\\/ziadost-o-uznanie-dovezenych-predmetov\\\/\",\"url\":\"https:\\\/\\\/www.upjs.sk\\\/lekarska-fakulta\\\/informacie-pre-studentov\\\/ziadost-o-uznanie-dovezenych-predmetov\\\/\",\"name\":\"\u017diados\u0165 o uznanie dovezen\u00fdch predmetov - Lek\u00e1rska fakulta | UPJ\u0160\",\"isPartOf\":{\"@id\":\"https:\\\/\\\/www.upjs.sk\\\/lekarska-fakulta\\\/#website\"},\"datePublished\":\"2016-08-09T09:14:01+00:00\",\"dateModified\":\"2025-02-20T11:18:58+00:00\",\"breadcrumb\":{\"@id\":\"https:\\\/\\\/www.upjs.sk\\\/lekarska-fakulta\\\/informacie-pre-studentov\\\/ziadost-o-uznanie-dovezenych-predmetov\\\/#breadcrumb\"},\"inLanguage\":\"sk-SK\",\"potentialAction\":[{\"@type\":\"ReadAction\",\"target\":[\"https:\\\/\\\/www.upjs.sk\\\/lekarska-fakulta\\\/informacie-pre-studentov\\\/ziadost-o-uznanie-dovezenych-predmetov\\\/\"]}]},{\"@type\":\"BreadcrumbList\",\"@id\":\"https:\\\/\\\/www.upjs.sk\\\/lekarska-fakulta\\\/informacie-pre-studentov\\\/ziadost-o-uznanie-dovezenych-predmetov\\\/#breadcrumb\",\"itemListElement\":[{\"@type\":\"ListItem\",\"position\":1,\"name\":\"Home\",\"item\":\"https:\\\/\\\/www.upjs.sk\\\/lekarska-fakulta\\\/\"},{\"@type\":\"ListItem\",\"position\":2,\"name\":\"Inform\u00e1cie pre \u0161tudentov\",\"item\":\"https:\\\/\\\/www.upjs.sk\\\/lekarska-fakulta\\\/informacie-pre-studentov\\\/\"},{\"@type\":\"ListItem\",\"position\":3,\"name\":\"\u017diados\u0165 o uznanie dovezen\u00fdch predmetov\"}]},{\"@type\":\"WebSite\",\"@id\":\"https:\\\/\\\/www.upjs.sk\\\/lekarska-fakulta\\\/#website\",\"url\":\"https:\\\/\\\/www.upjs.sk\\\/lekarska-fakulta\\\/\",\"name\":\"Lek\u00e1rska fakulta | UPJ\u0160\",\"description\":\"\",\"publisher\":{\"@id\":\"https:\\\/\\\/www.upjs.sk\\\/lekarska-fakulta\\\/#organization\"},\"potentialAction\":[{\"@type\":\"SearchAction\",\"target\":{\"@type\":\"EntryPoint\",\"urlTemplate\":\"https:\\\/\\\/www.upjs.sk\\\/lekarska-fakulta\\\/?s={search_term_string}\"},\"query-input\":{\"@type\":\"PropertyValueSpecification\",\"valueRequired\":true,\"valueName\":\"search_term_string\"}}],\"inLanguage\":\"sk-SK\"},{\"@type\":\"Organization\",\"@id\":\"https:\\\/\\\/www.upjs.sk\\\/lekarska-fakulta\\\/#organization\",\"name\":\"Lek\u00e1rska fakulta | UPJ\u0160\",\"url\":\"https:\\\/\\\/www.upjs.sk\\\/lekarska-fakulta\\\/\",\"logo\":{\"@type\":\"ImageObject\",\"inLanguage\":\"sk-SK\",\"@id\":\"https:\\\/\\\/www.upjs.sk\\\/lekarska-fakulta\\\/#\\\/schema\\\/logo\\\/image\\\/\",\"url\":\"https:\\\/\\\/www.upjs.sk\\\/app\\\/uploads\\\/sites\\\/9\\\/2022\\\/09\\\/logo-lekarska-fakulta.png\",\"contentUrl\":\"https:\\\/\\\/www.upjs.sk\\\/app\\\/uploads\\\/sites\\\/9\\\/2022\\\/09\\\/logo-lekarska-fakulta.png\",\"width\":415,\"height\":87,\"caption\":\"Lek\u00e1rska fakulta | UPJ\u0160\"},\"image\":{\"@id\":\"https:\\\/\\\/www.upjs.sk\\\/lekarska-fakulta\\\/#\\\/schema\\\/logo\\\/image\\\/\"}}]}<\/script>\n<!-- \/ Yoast SEO plugin. -->","yoast_head_json":{"title":"\u017diados\u0165 o uznanie dovezen\u00fdch predmetov - Lek\u00e1rska fakulta | UPJ\u0160","robots":{"index":"index","follow":"follow","max-snippet":"max-snippet:-1","max-image-preview":"max-image-preview:large","max-video-preview":"max-video-preview:-1"},"canonical":"https:\/\/www.upjs.sk\/lekarska-fakulta\/informacie-pre-studentov\/ziadost-o-uznanie-dovezenych-predmetov\/","og_locale":"sk_SK","og_type":"article","og_title":"\u017diados\u0165 o uznanie dovezen\u00fdch predmetov - Lek\u00e1rska fakulta | UPJ\u0160","og_description":"\u017diados\u0165 o uznanie dovezen\u00fdch predmetov Pr\u00edloha k \u017diadosti o uznanie dovezen\u00fdch predmetov","og_url":"https:\/\/www.upjs.sk\/lekarska-fakulta\/informacie-pre-studentov\/ziadost-o-uznanie-dovezenych-predmetov\/","og_site_name":"Lek\u00e1rska fakulta | UPJ\u0160","article_modified_time":"2025-02-20T11:18:58+00:00","twitter_card":"summary_large_image","twitter_misc":{"Predpokladan\u00fd \u010das \u010d\u00edtania":"1 min\u00fata"},"schema":{"@context":"https:\/\/schema.org","@graph":[{"@type":"WebPage","@id":"https:\/\/www.upjs.sk\/lekarska-fakulta\/informacie-pre-studentov\/ziadost-o-uznanie-dovezenych-predmetov\/","url":"https:\/\/www.upjs.sk\/lekarska-fakulta\/informacie-pre-studentov\/ziadost-o-uznanie-dovezenych-predmetov\/","name":"\u017diados\u0165 o uznanie dovezen\u00fdch predmetov - Lek\u00e1rska fakulta | UPJ\u0160","isPartOf":{"@id":"https:\/\/www.upjs.sk\/lekarska-fakulta\/#website"},"datePublished":"2016-08-09T09:14:01+00:00","dateModified":"2025-02-20T11:18:58+00:00","breadcrumb":{"@id":"https:\/\/www.upjs.sk\/lekarska-fakulta\/informacie-pre-studentov\/ziadost-o-uznanie-dovezenych-predmetov\/#breadcrumb"},"inLanguage":"sk-SK","potentialAction":[{"@type":"ReadAction","target":["https:\/\/www.upjs.sk\/lekarska-fakulta\/informacie-pre-studentov\/ziadost-o-uznanie-dovezenych-predmetov\/"]}]},{"@type":"BreadcrumbList","@id":"https:\/\/www.upjs.sk\/lekarska-fakulta\/informacie-pre-studentov\/ziadost-o-uznanie-dovezenych-predmetov\/#breadcrumb","itemListElement":[{"@type":"ListItem","position":1,"name":"Home","item":"https:\/\/www.upjs.sk\/lekarska-fakulta\/"},{"@type":"ListItem","position":2,"name":"Inform\u00e1cie pre \u0161tudentov","item":"https:\/\/www.upjs.sk\/lekarska-fakulta\/informacie-pre-studentov\/"},{"@type":"ListItem","position":3,"name":"\u017diados\u0165 o uznanie dovezen\u00fdch predmetov"}]},{"@type":"WebSite","@id":"https:\/\/www.upjs.sk\/lekarska-fakulta\/#website","url":"https:\/\/www.upjs.sk\/lekarska-fakulta\/","name":"Lek\u00e1rska fakulta | UPJ\u0160","description":"","publisher":{"@id":"https:\/\/www.upjs.sk\/lekarska-fakulta\/#organization"},"potentialAction":[{"@type":"SearchAction","target":{"@type":"EntryPoint","urlTemplate":"https:\/\/www.upjs.sk\/lekarska-fakulta\/?s={search_term_string}"},"query-input":{"@type":"PropertyValueSpecification","valueRequired":true,"valueName":"search_term_string"}}],"inLanguage":"sk-SK"},{"@type":"Organization","@id":"https:\/\/www.upjs.sk\/lekarska-fakulta\/#organization","name":"Lek\u00e1rska fakulta | UPJ\u0160","url":"https:\/\/www.upjs.sk\/lekarska-fakulta\/","logo":{"@type":"ImageObject","inLanguage":"sk-SK","@id":"https:\/\/www.upjs.sk\/lekarska-fakulta\/#\/schema\/logo\/image\/","url":"https:\/\/www.upjs.sk\/app\/uploads\/sites\/9\/2022\/09\/logo-lekarska-fakulta.png","contentUrl":"https:\/\/www.upjs.sk\/app\/uploads\/sites\/9\/2022\/09\/logo-lekarska-fakulta.png","width":415,"height":87,"caption":"Lek\u00e1rska fakulta | UPJ\u0160"},"image":{"@id":"https:\/\/www.upjs.sk\/lekarska-fakulta\/#\/schema\/logo\/image\/"}}]}},"_links":{"self":[{"href":"https:\/\/www.upjs.sk\/lekarska-fakulta\/wp-json\/wp\/v2\/pages\/22770","targetHints":{"allow":["GET"]}}],"collection":[{"href":"https:\/\/www.upjs.sk\/lekarska-fakulta\/wp-json\/wp\/v2\/pages"}],"about":[{"href":"https:\/\/www.upjs.sk\/lekarska-fakulta\/wp-json\/wp\/v2\/types\/page"}],"author":[{"embeddable":true,"href":"https:\/\/www.upjs.sk\/lekarska-fakulta\/wp-json\/wp\/v2\/users\/1"}],"replies":[{"embeddable":true,"href":"https:\/\/www.upjs.sk\/lekarska-fakulta\/wp-json\/wp\/v2\/comments?post=22770"}],"version-history":[{"count":3,"href":"https:\/\/www.upjs.sk\/lekarska-fakulta\/wp-json\/wp\/v2\/pages\/22770\/revisions"}],"predecessor-version":[{"id":130433,"href":"https:\/\/www.upjs.sk\/lekarska-fakulta\/wp-json\/wp\/v2\/pages\/22770\/revisions\/130433"}],"up":[{"embeddable":true,"href":"https:\/\/www.upjs.sk\/lekarska-fakulta\/wp-json\/wp\/v2\/pages\/18336"}],"wp:attachment":[{"href":"https:\/\/www.upjs.sk\/lekarska-fakulta\/wp-json\/wp\/v2\/media?parent=22770"}],"wp:term":[{"taxonomy":"category","embeddable":true,"href":"https:\/\/www.upjs.sk\/lekarska-fakulta\/wp-json\/wp\/v2\/categories?post=22770"},{"taxonomy":"post_tag","embeddable":true,"href":"https:\/\/www.upjs.sk\/lekarska-fakulta\/wp-json\/wp\/v2\/tags?post=22770"}],"curies":[{"name":"wp","href":"https:\/\/api.w.org\/{rel}","templated":true}]}}