{"id":22774,"date":"2012-01-31T08:25:28","date_gmt":"2012-01-31T08:25:28","guid":{"rendered":"https:\/\/www.upjs.sk\/lekarska-fakulta\/informacie-pre-studentov\/oznamy\/diplomove-prace\/"},"modified":"2022-11-13T21:22:49","modified_gmt":"2022-11-13T20:22:49","slug":"diplomove-prace","status":"publish","type":"page","link":"https:\/\/www.upjs.sk\/lekarska-fakulta\/informacie-pre-studentov\/oznamy\/diplomove-prace\/","title":{"rendered":"Diplomov\u00e9 pr\u00e1ce"},"content":{"rendered":"<p><center> \t<font size=\"+1\"><b>V\u0161eobecn\u00e9 lek\u00e1rstvo \/ Zubn\u00e9 lek\u00e1rstvo<\/b><\/font><\/p>\n<p> \t<b>Z\u00e1kladn\u00e9 inform\u00e1cie<\/b><\/center> <\/p>\n<p> \t\u00a0<\/p>\n<ol>\n<li> \t\tDiplomov\u00e1 pr\u00e1ca je s\u00fa\u010das\u0165ou \u0161tudijn\u00e9ho programu a je povinn\u00e1.<br \/> \t\t\u00a0<\/li>\n<li> \t\tNa jej vypracovanie plat\u00ed\u201c Smernica \u010d. 1\/2007 o bibliografickej registr\u00e1cii, uchov\u00e1van\u00ed a z\u00e1kladn\u00fdch n\u00e1le\u017eitostiach z\u00e1vere\u010dn\u00fdch pr\u00e1c platn\u00e1 pre UPJ\u0160 v\u00a0Ko\u0161iciach a jej s\u00fa\u010dasti\u201c : <a href=\"http:\/\/library.upjs.sk\/index.php?main=etd\">http:\/\/library.upjs.sk\/index.php?main=etd<\/a><br \/> \t\t\u00a0<\/li>\n<li> \t\tT\u00e9mu pr\u00e1ce si \u0161tudent vyberie v \u010dasti Oznamy pre \u0161tudentov, Diplomov\u00e9 pr\u00e1ce na www str\u00e1nke fakulty.<br \/> \t\t\u00a0<\/li>\n<li> \t\tNa jednu vyp\u00edsan\u00fa t\u00e9mu sa m\u00f4\u017ee prihl\u00e1si\u0165 len jeden \u0161tudent.<br \/> \t\t\u00a0<\/li>\n<li> \t\tT\u00e9ma pr\u00e1ce \u0161tudentov zapojen\u00fdch do \u0160VO\u010c bude akceptovan\u00e1 ako t\u00e9ma diplomovej pr\u00e1ce.<br \/> \t\t\u00a0<\/li>\n<li> \t\tAk zo zverejnen\u00fdch t\u00e9m ste si nevybrali, vypl\u0148te formul\u00e1r \u201eN\u00e1vrh t\u00e9my diplomovej pr\u00e1ce\u201c.<br \/> \t\t\u00a0<\/li>\n<li> \t\tVyplnen\u00fd formul\u00e1r : \u201eT\u00e9ma diplomovej pr\u00e1ce\u201c alebo \u201eN\u00e1vrh t\u00e9my diplomovej pr\u00e1ce\u201c podp\u00edsan\u00fd (aj konzultantom) \u0161tudent odovzd\u00e1 pri z\u00e1pise do 4. ro\u010dn\u00edka &#8211; je to podmienka z\u00e1pisu.<br \/> \t\t\u00a0<\/li>\n<li> \t\tV \u00favode zimn\u00e9ho semestra akademick\u00e9ho roka 2008\/09 sa uskuto\u010dn\u00ed povinn\u00fd semin\u00e1r pre v\u0161etk\u00fdch \u0161tudentov (v r\u00e1mci Diplomov\u00e9ho semin\u00e1ra), o pr\u00edprave diplomov\u00fdch pr\u00e1c a z\u00e1sad\u00e1ch bibliografickej pr\u00e1ce. Term\u00edn semin\u00e1ra bude \u0161tudentom ozn\u00e1men\u00fd pri z\u00e1pise.<br \/> \t\t\u00a0<\/li>\n<li> \t\tNa pr\u00edpravu a vypracovanie diplomovej pr\u00e1ce bud\u00fa ma\u0165 \u0161tudenti obdobie v\u00a0\u0161tvrtom a\u00a0piatom roku \u0161t\u00fadia.<br \/> \t\t\u00a0<\/li>\n<li> \t\tObhajoba pr\u00e1ce sa uskuto\u010dn\u00ed v \u0161iestom ro\u010dn\u00edku \u0161t\u00fadia a bude zaraden\u00e1 do harmonogramu \u0161t\u00fadia. Obhajoba diplomovej pr\u00e1ce je s\u00fa\u010das\u0165ou \u0161t\u00e1tnej sk\u00fa\u0161ky.<br \/> \t\t\u00a0<\/li>\n<li> \t\t\u0160tudent, ktor\u00fd vypracoval diplomov\u00fa pr\u00e1cu m\u00e1 pr\u00e1vo obozn\u00e1mi\u0165 sa s posudkami od ved\u00faceho pr\u00e1ce a oponenta, najnesk\u00f4r tri dni pred obhajobou.<br \/> \t\t\u00a0<\/li>\n<li> \t\tObhajoba diplomovej pr\u00e1ce sa hodnot\u00ed klasifika\u010dn\u00fdmi stup\u0148ami A a\u017e FX<br \/> \t\t\u00a0<\/li>\n<li> \t\tObhajoby diplomovej pr\u00e1ce sa spravidla z\u00fa\u010dast\u0148uje okrem \u010dlenov komisie aj ved\u00faci diplomovej pr\u00e1ce a jej oponent.<\/li>\n<\/ol>\n<table>\n<tbody>\n<tr>\n<td style=\"border-right: red 0.5pt solid; padding-right: 0.5em; border-top: red 0.5pt solid; padding-left: 0.5em; padding-bottom: 0.5em; border-left: red 0.5pt solid; padding-top: 0.5em; border-bottom: red 0.5pt solid\"> \t\t\t\t<font color=\"#ff0000\"><b>Term\u00edn doru\u010denia t\u00e9my diplomovej pr\u00e1ce na \u0161tudijn\u00e9 oddelenie je 9.\u00a0september 2008 &#8211; z\u00e1pis do 4. ro\u010dn\u00edka v\u0161eobecn\u00e9 a zubn\u00e9 lek\u00e1rstvo.<\/b><\/font><\/p>\n<p> \t\t\t\tFormul\u00e1r T\u00e9ma diplomovej pr\u00e1ce alebo N\u00e1vrh t\u00e9my diplomovej pr\u00e1ce je z\u00e1v\u00e4zn\u00fd pre v\u0161etk\u00fdch \u0161tudentov 4. ro\u010dn\u00edka v\u0161eobecn\u00e9 lek\u00e1rstvo a zubn\u00e9 lek\u00e1rstvo.<\/td>\n<\/tr>\n<\/tbody>\n<\/table>\n<p> \t<b>Formul\u00e1re:<\/b><\/p>\n<p> \t<a href=\"\/files\/04e6a7a4dc8cafba64ff8b197022459c.doc\">T\u00e9ma diplomovej pr\u00e1ce<\/a><br \/> \t<a href=\"\/files\/5227421191dc6ab90801e5fa6dcbfae0.doc\">N\u00e1vrh t\u00e9my diplomovej pr\u00e1ce<\/a><\/p>\n<p> \t\u00a0<\/p>\n<p> <center> \t<b>T\u00e9my diplomov\u00fdch pr\u00e1c<\/b><\/center> <\/p>\n<p> \t<a href=\"\/files\/6a895a1fd23dca5466ba49e29ff51e2b.pdf\">V\u0161eobecn\u00e9 lek\u00e1rstvo<\/a>\u00a0 <font style=\"background-color: #c1edb4\">\u2022\u2022\u2022 Aktualizovan\u00e9 \u2022\u2022\u2022<\/font><br \/> \t<a href=\"\/files\/c9a0f8b9b4f717b686560bd4a0e3ffb7.pdf\">Zubn\u00e9 lek\u00e1rstvo<\/a>\u00a0 <font style=\"background-color: #c1edb4\">\u2022\u2022\u2022 Aktualizovan\u00e9 \u2022\u2022\u2022<\/font><br \/> \t\u00a0<\/p>\n","protected":false},"excerpt":{"rendered":"<p>V\u0161eobecn\u00e9 lek\u00e1rstvo \/ Zubn\u00e9 lek\u00e1rstvo Z\u00e1kladn\u00e9 inform\u00e1cie \u00a0 Diplomov\u00e1 pr\u00e1ca je s\u00fa\u010das\u0165ou \u0161tudijn\u00e9ho programu a je povinn\u00e1. \u00a0 Na jej vypracovanie plat\u00ed\u201c Smernica \u010d. 1\/2007 o bibliografickej registr\u00e1cii, uchov\u00e1van\u00ed a z\u00e1kladn\u00fdch n\u00e1le\u017eitostiach z\u00e1vere\u010dn\u00fdch pr\u00e1c platn\u00e1 pre UPJ\u0160 v\u00a0Ko\u0161iciach a jej s\u00fa\u010dasti\u201c : http:\/\/library.upjs.sk\/index.php?main=etd \u00a0 T\u00e9mu pr\u00e1ce si \u0161tudent vyberie v \u010dasti Oznamy pre \u0161tudentov, Diplomov\u00e9 &hellip; <a href=\"https:\/\/www.upjs.sk\/lekarska-fakulta\/informacie-pre-studentov\/oznamy\/diplomove-prace\/\">\u010c\u00edta\u0165 \u010falej<\/a><\/p>\n","protected":false},"author":1,"featured_media":0,"parent":18420,"menu_order":1,"comment_status":"closed","ping_status":"closed","template":"","meta":{"_acf_changed":false,"_editorskit_title_hidden":false,"_editorskit_reading_time":0,"_editorskit_is_block_options_detached":false,"_editorskit_block_options_position":"{}","footnotes":""},"categories":[],"tags":[],"class_list":["post-22774","page","type-page","status-publish","hentry"],"acf":{"acf_link_na_externy_obsah":""},"yoast_head":"<!-- This site is optimized with the Yoast SEO plugin v27.4 - https:\/\/yoast.com\/product\/yoast-seo-wordpress\/ -->\n<title>Diplomov\u00e9 pr\u00e1ce - Lek\u00e1rska fakulta | UPJ\u0160<\/title>\n<meta name=\"robots\" content=\"index, follow, max-snippet:-1, max-image-preview:large, max-video-preview:-1\" \/>\n<link rel=\"canonical\" href=\"https:\/\/www.upjs.sk\/lekarska-fakulta\/informacie-pre-studentov\/oznamy\/diplomove-prace\/\" \/>\n<meta property=\"og:locale\" content=\"sk_SK\" \/>\n<meta property=\"og:type\" content=\"article\" \/>\n<meta property=\"og:title\" content=\"Diplomov\u00e9 pr\u00e1ce - Lek\u00e1rska fakulta | UPJ\u0160\" \/>\n<meta property=\"og:description\" content=\"V\u0161eobecn\u00e9 lek\u00e1rstvo \/ Zubn\u00e9 lek\u00e1rstvo Z\u00e1kladn\u00e9 inform\u00e1cie \u00a0 Diplomov\u00e1 pr\u00e1ca je s\u00fa\u010das\u0165ou \u0161tudijn\u00e9ho programu a je povinn\u00e1. \u00a0 Na jej vypracovanie plat\u00ed\u201c Smernica \u010d. 1\/2007 o bibliografickej registr\u00e1cii, uchov\u00e1van\u00ed a z\u00e1kladn\u00fdch n\u00e1le\u017eitostiach z\u00e1vere\u010dn\u00fdch pr\u00e1c platn\u00e1 pre UPJ\u0160 v\u00a0Ko\u0161iciach a jej s\u00fa\u010dasti\u201c : http:\/\/library.upjs.sk\/index.php?main=etd \u00a0 T\u00e9mu pr\u00e1ce si \u0161tudent vyberie v \u010dasti Oznamy pre \u0161tudentov, Diplomov\u00e9 &hellip; \u010c\u00edta\u0165 \u010falej\" \/>\n<meta property=\"og:url\" content=\"https:\/\/www.upjs.sk\/lekarska-fakulta\/informacie-pre-studentov\/oznamy\/diplomove-prace\/\" \/>\n<meta property=\"og:site_name\" content=\"Lek\u00e1rska fakulta | UPJ\u0160\" \/>\n<meta property=\"article:modified_time\" content=\"2022-11-13T20:22:49+00:00\" \/>\n<meta name=\"twitter:card\" content=\"summary_large_image\" \/>\n<meta name=\"twitter:label1\" content=\"Predpokladan\u00fd \u010das \u010d\u00edtania\" \/>\n\t<meta name=\"twitter:data1\" content=\"2 min\u00faty\" \/>\n<script type=\"application\/ld+json\" class=\"yoast-schema-graph\">{\"@context\":\"https:\\\/\\\/schema.org\",\"@graph\":[{\"@type\":\"WebPage\",\"@id\":\"https:\\\/\\\/www.upjs.sk\\\/lekarska-fakulta\\\/informacie-pre-studentov\\\/oznamy\\\/diplomove-prace\\\/\",\"url\":\"https:\\\/\\\/www.upjs.sk\\\/lekarska-fakulta\\\/informacie-pre-studentov\\\/oznamy\\\/diplomove-prace\\\/\",\"name\":\"Diplomov\u00e9 pr\u00e1ce - Lek\u00e1rska fakulta | UPJ\u0160\",\"isPartOf\":{\"@id\":\"https:\\\/\\\/www.upjs.sk\\\/lekarska-fakulta\\\/#website\"},\"datePublished\":\"2012-01-31T08:25:28+00:00\",\"dateModified\":\"2022-11-13T20:22:49+00:00\",\"breadcrumb\":{\"@id\":\"https:\\\/\\\/www.upjs.sk\\\/lekarska-fakulta\\\/informacie-pre-studentov\\\/oznamy\\\/diplomove-prace\\\/#breadcrumb\"},\"inLanguage\":\"sk-SK\",\"potentialAction\":[{\"@type\":\"ReadAction\",\"target\":[\"https:\\\/\\\/www.upjs.sk\\\/lekarska-fakulta\\\/informacie-pre-studentov\\\/oznamy\\\/diplomove-prace\\\/\"]}]},{\"@type\":\"BreadcrumbList\",\"@id\":\"https:\\\/\\\/www.upjs.sk\\\/lekarska-fakulta\\\/informacie-pre-studentov\\\/oznamy\\\/diplomove-prace\\\/#breadcrumb\",\"itemListElement\":[{\"@type\":\"ListItem\",\"position\":1,\"name\":\"Home\",\"item\":\"https:\\\/\\\/www.upjs.sk\\\/lekarska-fakulta\\\/\"},{\"@type\":\"ListItem\",\"position\":2,\"name\":\"Inform\u00e1cie pre \u0161tudentov\",\"item\":\"https:\\\/\\\/www.upjs.sk\\\/lekarska-fakulta\\\/informacie-pre-studentov\\\/\"},{\"@type\":\"ListItem\",\"position\":3,\"name\":\"Oznamy\",\"item\":\"https:\\\/\\\/www.upjs.sk\\\/lekarska-fakulta\\\/informacie-pre-studentov\\\/oznamy\\\/\"},{\"@type\":\"ListItem\",\"position\":4,\"name\":\"Diplomov\u00e9 pr\u00e1ce\"}]},{\"@type\":\"WebSite\",\"@id\":\"https:\\\/\\\/www.upjs.sk\\\/lekarska-fakulta\\\/#website\",\"url\":\"https:\\\/\\\/www.upjs.sk\\\/lekarska-fakulta\\\/\",\"name\":\"Lek\u00e1rska fakulta | UPJ\u0160\",\"description\":\"\",\"publisher\":{\"@id\":\"https:\\\/\\\/www.upjs.sk\\\/lekarska-fakulta\\\/#organization\"},\"potentialAction\":[{\"@type\":\"SearchAction\",\"target\":{\"@type\":\"EntryPoint\",\"urlTemplate\":\"https:\\\/\\\/www.upjs.sk\\\/lekarska-fakulta\\\/?s={search_term_string}\"},\"query-input\":{\"@type\":\"PropertyValueSpecification\",\"valueRequired\":true,\"valueName\":\"search_term_string\"}}],\"inLanguage\":\"sk-SK\"},{\"@type\":\"Organization\",\"@id\":\"https:\\\/\\\/www.upjs.sk\\\/lekarska-fakulta\\\/#organization\",\"name\":\"Lek\u00e1rska fakulta | UPJ\u0160\",\"url\":\"https:\\\/\\\/www.upjs.sk\\\/lekarska-fakulta\\\/\",\"logo\":{\"@type\":\"ImageObject\",\"inLanguage\":\"sk-SK\",\"@id\":\"https:\\\/\\\/www.upjs.sk\\\/lekarska-fakulta\\\/#\\\/schema\\\/logo\\\/image\\\/\",\"url\":\"https:\\\/\\\/www.upjs.sk\\\/app\\\/uploads\\\/sites\\\/9\\\/2022\\\/09\\\/logo-lekarska-fakulta.png\",\"contentUrl\":\"https:\\\/\\\/www.upjs.sk\\\/app\\\/uploads\\\/sites\\\/9\\\/2022\\\/09\\\/logo-lekarska-fakulta.png\",\"width\":415,\"height\":87,\"caption\":\"Lek\u00e1rska fakulta | UPJ\u0160\"},\"image\":{\"@id\":\"https:\\\/\\\/www.upjs.sk\\\/lekarska-fakulta\\\/#\\\/schema\\\/logo\\\/image\\\/\"}}]}<\/script>\n<!-- \/ Yoast SEO plugin. -->","yoast_head_json":{"title":"Diplomov\u00e9 pr\u00e1ce - Lek\u00e1rska fakulta | UPJ\u0160","robots":{"index":"index","follow":"follow","max-snippet":"max-snippet:-1","max-image-preview":"max-image-preview:large","max-video-preview":"max-video-preview:-1"},"canonical":"https:\/\/www.upjs.sk\/lekarska-fakulta\/informacie-pre-studentov\/oznamy\/diplomove-prace\/","og_locale":"sk_SK","og_type":"article","og_title":"Diplomov\u00e9 pr\u00e1ce - Lek\u00e1rska fakulta | UPJ\u0160","og_description":"V\u0161eobecn\u00e9 lek\u00e1rstvo \/ Zubn\u00e9 lek\u00e1rstvo Z\u00e1kladn\u00e9 inform\u00e1cie \u00a0 Diplomov\u00e1 pr\u00e1ca je s\u00fa\u010das\u0165ou \u0161tudijn\u00e9ho programu a je povinn\u00e1. \u00a0 Na jej vypracovanie plat\u00ed\u201c Smernica \u010d. 1\/2007 o bibliografickej registr\u00e1cii, uchov\u00e1van\u00ed a z\u00e1kladn\u00fdch n\u00e1le\u017eitostiach z\u00e1vere\u010dn\u00fdch pr\u00e1c platn\u00e1 pre UPJ\u0160 v\u00a0Ko\u0161iciach a jej s\u00fa\u010dasti\u201c : http:\/\/library.upjs.sk\/index.php?main=etd \u00a0 T\u00e9mu pr\u00e1ce si \u0161tudent vyberie v \u010dasti Oznamy pre \u0161tudentov, Diplomov\u00e9 &hellip; \u010c\u00edta\u0165 \u010falej","og_url":"https:\/\/www.upjs.sk\/lekarska-fakulta\/informacie-pre-studentov\/oznamy\/diplomove-prace\/","og_site_name":"Lek\u00e1rska fakulta | UPJ\u0160","article_modified_time":"2022-11-13T20:22:49+00:00","twitter_card":"summary_large_image","twitter_misc":{"Predpokladan\u00fd \u010das \u010d\u00edtania":"2 min\u00faty"},"schema":{"@context":"https:\/\/schema.org","@graph":[{"@type":"WebPage","@id":"https:\/\/www.upjs.sk\/lekarska-fakulta\/informacie-pre-studentov\/oznamy\/diplomove-prace\/","url":"https:\/\/www.upjs.sk\/lekarska-fakulta\/informacie-pre-studentov\/oznamy\/diplomove-prace\/","name":"Diplomov\u00e9 pr\u00e1ce - Lek\u00e1rska fakulta | UPJ\u0160","isPartOf":{"@id":"https:\/\/www.upjs.sk\/lekarska-fakulta\/#website"},"datePublished":"2012-01-31T08:25:28+00:00","dateModified":"2022-11-13T20:22:49+00:00","breadcrumb":{"@id":"https:\/\/www.upjs.sk\/lekarska-fakulta\/informacie-pre-studentov\/oznamy\/diplomove-prace\/#breadcrumb"},"inLanguage":"sk-SK","potentialAction":[{"@type":"ReadAction","target":["https:\/\/www.upjs.sk\/lekarska-fakulta\/informacie-pre-studentov\/oznamy\/diplomove-prace\/"]}]},{"@type":"BreadcrumbList","@id":"https:\/\/www.upjs.sk\/lekarska-fakulta\/informacie-pre-studentov\/oznamy\/diplomove-prace\/#breadcrumb","itemListElement":[{"@type":"ListItem","position":1,"name":"Home","item":"https:\/\/www.upjs.sk\/lekarska-fakulta\/"},{"@type":"ListItem","position":2,"name":"Inform\u00e1cie pre \u0161tudentov","item":"https:\/\/www.upjs.sk\/lekarska-fakulta\/informacie-pre-studentov\/"},{"@type":"ListItem","position":3,"name":"Oznamy","item":"https:\/\/www.upjs.sk\/lekarska-fakulta\/informacie-pre-studentov\/oznamy\/"},{"@type":"ListItem","position":4,"name":"Diplomov\u00e9 pr\u00e1ce"}]},{"@type":"WebSite","@id":"https:\/\/www.upjs.sk\/lekarska-fakulta\/#website","url":"https:\/\/www.upjs.sk\/lekarska-fakulta\/","name":"Lek\u00e1rska fakulta | UPJ\u0160","description":"","publisher":{"@id":"https:\/\/www.upjs.sk\/lekarska-fakulta\/#organization"},"potentialAction":[{"@type":"SearchAction","target":{"@type":"EntryPoint","urlTemplate":"https:\/\/www.upjs.sk\/lekarska-fakulta\/?s={search_term_string}"},"query-input":{"@type":"PropertyValueSpecification","valueRequired":true,"valueName":"search_term_string"}}],"inLanguage":"sk-SK"},{"@type":"Organization","@id":"https:\/\/www.upjs.sk\/lekarska-fakulta\/#organization","name":"Lek\u00e1rska fakulta | UPJ\u0160","url":"https:\/\/www.upjs.sk\/lekarska-fakulta\/","logo":{"@type":"ImageObject","inLanguage":"sk-SK","@id":"https:\/\/www.upjs.sk\/lekarska-fakulta\/#\/schema\/logo\/image\/","url":"https:\/\/www.upjs.sk\/app\/uploads\/sites\/9\/2022\/09\/logo-lekarska-fakulta.png","contentUrl":"https:\/\/www.upjs.sk\/app\/uploads\/sites\/9\/2022\/09\/logo-lekarska-fakulta.png","width":415,"height":87,"caption":"Lek\u00e1rska fakulta | UPJ\u0160"},"image":{"@id":"https:\/\/www.upjs.sk\/lekarska-fakulta\/#\/schema\/logo\/image\/"}}]}},"_links":{"self":[{"href":"https:\/\/www.upjs.sk\/lekarska-fakulta\/wp-json\/wp\/v2\/pages\/22774","targetHints":{"allow":["GET"]}}],"collection":[{"href":"https:\/\/www.upjs.sk\/lekarska-fakulta\/wp-json\/wp\/v2\/pages"}],"about":[{"href":"https:\/\/www.upjs.sk\/lekarska-fakulta\/wp-json\/wp\/v2\/types\/page"}],"author":[{"embeddable":true,"href":"https:\/\/www.upjs.sk\/lekarska-fakulta\/wp-json\/wp\/v2\/users\/1"}],"replies":[{"embeddable":true,"href":"https:\/\/www.upjs.sk\/lekarska-fakulta\/wp-json\/wp\/v2\/comments?post=22774"}],"version-history":[{"count":1,"href":"https:\/\/www.upjs.sk\/lekarska-fakulta\/wp-json\/wp\/v2\/pages\/22774\/revisions"}],"predecessor-version":[{"id":28713,"href":"https:\/\/www.upjs.sk\/lekarska-fakulta\/wp-json\/wp\/v2\/pages\/22774\/revisions\/28713"}],"up":[{"embeddable":true,"href":"https:\/\/www.upjs.sk\/lekarska-fakulta\/wp-json\/wp\/v2\/pages\/18420"}],"wp:attachment":[{"href":"https:\/\/www.upjs.sk\/lekarska-fakulta\/wp-json\/wp\/v2\/media?parent=22774"}],"wp:term":[{"taxonomy":"category","embeddable":true,"href":"https:\/\/www.upjs.sk\/lekarska-fakulta\/wp-json\/wp\/v2\/categories?post=22774"},{"taxonomy":"post_tag","embeddable":true,"href":"https:\/\/www.upjs.sk\/lekarska-fakulta\/wp-json\/wp\/v2\/tags?post=22774"}],"curies":[{"name":"wp","href":"https:\/\/api.w.org\/{rel}","templated":true}]}}