{"id":22777,"date":"2011-05-12T08:04:05","date_gmt":"2011-05-12T08:04:05","guid":{"rendered":"https:\/\/www.upjs.sk\/lekarska-fakulta\/informacie-pre-studentov\/oznamy\/zaverecne-prace\/"},"modified":"2025-02-20T11:37:54","modified_gmt":"2025-02-20T10:37:54","slug":"zaverecne-prace","status":"publish","type":"page","link":"https:\/\/www.upjs.sk\/lekarska-fakulta\/informacie-pre-studentov\/oznamy\/zaverecne-prace\/","title":{"rendered":"Z\u00e1vere\u010dn\u00e9 pr\u00e1ce"},"content":{"rendered":"<p><b>Z\u00e1kladn\u00e9 inform\u00e1cie<\/b><\/p>\n<ol>\n<li>T\u00e9mu z\u00e1vere\u010dnej pr\u00e1ce, t. j. bakal\u00e1rskej a diplomovej si volia \u0161tudenti<br \/>\n\u2022 3. roka \u0161t\u00fadia v\u0161eobecn\u00e9ho a zubn\u00e9ho lek\u00e1rstva,<br \/>\n\u2022 1. roka magistersk\u00e9ho \u0161t\u00fadia a<br \/>\n\u2022 2. roka bakal\u00e1rskeho \u0161t\u00fadia.<\/li>\n<li>Diplomov\u00e1 pr\u00e1ca je s\u00fa\u010das\u0165ou \u0161tudijn\u00e9ho programu a je povinn\u00e1.<\/li>\n<li>Na jej vypracovanie plat\u00ed\u201c Smernica \u010d. 1\/2007 o bibliografickej registr\u00e1cii, uchov\u00e1van\u00ed a z\u00e1kladn\u00fdch n\u00e1le\u017eitostiach z\u00e1vere\u010dn\u00fdch pr\u00e1c platn\u00e1 pre UPJ\u0160 v Ko\u0161iciach a jej s\u00fa\u010dasti\u201c: <a href=\"\/pracoviska\/univerzitna-kniznica\/zaverecne-prace\/\">\/pracoviska\/univerzitna-kniznica\/zaverecne-prace\/<\/a><\/li>\n<li>Na jednu vyp\u00edsan\u00fa t\u00e9mu sa m\u00f4\u017ee prihl\u00e1si\u0165 len jeden \u0161tudent.<\/li>\n<li>T\u00e9ma pr\u00e1ce \u0161tudentov zapojen\u00fdch do \u0160VO\u010c bude akceptovan\u00e1 ako t\u00e9ma z\u00e1vere\u010dnej pr\u00e1ce.<\/li>\n<li>Obhajoba z\u00e1vere\u010dnej pr\u00e1ce je s\u00fa\u010das\u0165ou \u0161t\u00e1tnej sk\u00fa\u0161ky.<\/li>\n<li>\u0160tudent, ktor\u00fd vypracoval z\u00e1vere\u010dn\u00fa pr\u00e1cu m\u00e1 pr\u00e1vo obozn\u00e1mi\u0165 sa s posudkami od ved\u00faceho pr\u00e1ce a oponenta, najnesk\u00f4r tri dni pred obhajobou.<\/li>\n<li>Obhajoba z\u00e1vere\u010dnej pr\u00e1ce sa hodnot\u00ed klasifika\u010dn\u00fdmi stup\u0148ami A a\u017e FX.<\/li>\n<li>Obhajoby z\u00e1vere\u010dnej pr\u00e1ce sa spravidla z\u00fa\u010dast\u0148uje okrem \u010dlenov komisie aj ved\u00faci z\u00e1vere\u010dnej pr\u00e1ce a jej oponent.<\/li>\n<li>Ak ste si vybrali t\u00e9mu pr\u00e1ce zo zverejnen\u00fdch, vypl\u0148te formul\u00e1r &#8211; <a href=\"http:\/\/www.medic.upjs.sk\/files\/ee6d1b88ebed52b3a38ed055445e1d77.doc\">T\u00e9ma z\u00e1vere\u010dnej pr\u00e1ce<\/a> a podp\u00edsan\u00fd ved\u00facim z\u00e1vere\u010dnej pr\u00e1ce doru\u010dte na pracovisko, ktor\u00e9 t\u00e9mu pr\u00e1ce vyp\u00edsalo. Fotok\u00f3piu doru\u010dte aj na \u0161tudijn\u00e9 oddelenie v \u00faradn\u00fdch hodin\u00e1ch.<\/li>\n<li>Ak zo zverejnen\u00fdch t\u00e9m ste si nevybrali, vypl\u0148te formul\u00e1r \u2013 <a href=\"http:\/\/www.medic.upjs.sk\/files\/95d7ba0013fff185f676dfe76dd28bc3.doc\">N\u00e1vrh t\u00e9my z\u00e1vere\u010dnej pr\u00e1ce<\/a>, ktor\u00fd podp\u00edsan\u00fd ved\u00facim z\u00e1vere\u010dnej pr\u00e1ce doru\u010dte na \u0161tudijn\u00e9 oddelenie v \u00faradn\u00fdch hodin\u00e1ch.<\/li>\n<li>Pri administrat\u00edvnom z\u00e1pise do \u010fal\u0161ieho roka \u0161t\u00fadia, V\u00e1m bude odovzdan\u00e9 rozhodnutie o schv\u00e1lenej t\u00e9me z\u00e1vere\u010dnej pr\u00e1ce.<br \/>\n<table width=\"100%\">\n<tbody>\n<tr>\n<td style=\"border: red 0.5pt solid; padding: 0.5em;\"><span style=\"color: #ff0000;\">Term\u00edn doru\u010denia t\u00e9my z\u00e1vere\u010dnej pr\u00e1ce na \u0161tudijn\u00e9 oddelenie je 30. j\u00fan 2009.<\/span><br \/>\nFormul\u00e1r T\u00e9ma diplomovej pr\u00e1ce alebo N\u00e1vrh t\u00e9my diplomovej pr\u00e1ce je z\u00e1v\u00e4zn\u00fd pre v\u0161etk\u00fdch \u0161tudentov.<\/td>\n<\/tr>\n<\/tbody>\n<\/table>\n<\/li>\n<\/ol>\n<p><a href=\"https:\/\/www.upjs.sk\/app\/uploads\/sites\/9\/2022\/10\/Dodatocne_temy_09-10_-_VUSCH.doc\">Dodato\u010dn\u00e9 t\u00e9my z\u00e1vere\u010dn\u00fdch pr\u00e1c<\/a> &#8211; VUSCH\u00a0<span style=\"color: #006600;\"> <strong>Nov\u00e9 <\/strong><\/span><br \/>\n<a href=\"https:\/\/www.upjs.sk\/app\/uploads\/sites\/9\/2022\/10\/Dodatocne_temy_09-10_-_Ustav_pat_fyz.doc\">Dodato\u010dn\u00e9 t\u00e9my z\u00e1vere\u010dn\u00fdch pr\u00e1c<\/a> &#8211; \u00dastav patologickej fyziol\u00f3gie\u00a0<span style=\"color: #006600;\"> <strong>Nov\u00e9 <\/strong><\/span><br \/>\n<a href=\"https:\/\/www.upjs.sk\/app\/uploads\/sites\/9\/2022\/10\/Dodatocne_temy_09-10_-_1_stom_kl.doc\">Dodato\u010dn\u00e9 t\u00e9my z\u00e1vere\u010dn\u00fdch pr\u00e1c<\/a> &#8211; I. stom kl. <span style=\"color: #006600;\"><strong>Nov\u00e9<br \/>\n<\/strong><\/span><a href=\"https:\/\/www.upjs.sk\/app\/uploads\/sites\/9\/2022\/10\/Dodatocne_temy_09-10_-_Ustav_patologie.doc\">Dodato\u010dn\u00e9 t\u00e9my z\u00e1vere\u010dn\u00fdch pr\u00e1c<\/a> &#8211; \u00dastav patol\u00f3gie\u00a0<span style=\"color: #006600;\"> <strong>Nov\u00e9<br \/>\n<\/strong><\/span><a href=\"https:\/\/www.upjs.sk\/app\/uploads\/sites\/9\/2022\/10\/Zaverecne_prace_2009_10.doc\">T\u00e9my z\u00e1vere\u010dn\u00fdch pr\u00e1c<\/a><br \/>\n<a href=\"\/pracoviska\/univerzitna-kniznica\/zaverecne-prace\/\">Pokyny pre p\u00edsanie z\u00e1vere\u010dn\u00fdch pr\u00e1c<\/a><\/p>\n<table border=\"0\" cellspacing=\"0\" cellpadding=\"0\">\n<tbody>\n<tr valign=\"top\">\n<td><strong>Formul\u00e1re:<\/strong><\/td>\n<td><a href=\"http:\/\/www.medic.upjs.sk\/files\/ee6d1b88ebed52b3a38ed055445e1d77.doc\">T\u00e9ma z\u00e1vere\u010dnej pr\u00e1ce<\/a><br \/>\n<a href=\"http:\/\/www.medic.upjs.sk\/files\/95d7ba0013fff185f676dfe76dd28bc3.doc\">N\u00e1vrh t\u00e9my z\u00e1vere\u010dnej pr\u00e1ce<\/a><\/td>\n<\/tr>\n<\/tbody>\n<\/table>\n","protected":false},"excerpt":{"rendered":"<p>Z\u00e1kladn\u00e9 inform\u00e1cie T\u00e9mu z\u00e1vere\u010dnej pr\u00e1ce, t. j. bakal\u00e1rskej a diplomovej si volia \u0161tudenti \u2022 3. roka \u0161t\u00fadia v\u0161eobecn\u00e9ho a zubn\u00e9ho lek\u00e1rstva, \u2022 1. roka magistersk\u00e9ho \u0161t\u00fadia a \u2022 2. roka bakal\u00e1rskeho \u0161t\u00fadia. Diplomov\u00e1 pr\u00e1ca je s\u00fa\u010das\u0165ou \u0161tudijn\u00e9ho programu a je povinn\u00e1. Na jej vypracovanie plat\u00ed\u201c Smernica \u010d. 1\/2007 o bibliografickej registr\u00e1cii, uchov\u00e1van\u00ed a z\u00e1kladn\u00fdch n\u00e1le\u017eitostiach &hellip; <a href=\"https:\/\/www.upjs.sk\/lekarska-fakulta\/informacie-pre-studentov\/oznamy\/zaverecne-prace\/\">\u010c\u00edta\u0165 \u010falej<\/a><\/p>\n","protected":false},"author":1,"featured_media":0,"parent":18420,"menu_order":3,"comment_status":"closed","ping_status":"closed","template":"","meta":{"_acf_changed":false,"_editorskit_title_hidden":false,"_editorskit_reading_time":0,"_editorskit_is_block_options_detached":false,"_editorskit_block_options_position":"{}","footnotes":""},"categories":[],"tags":[],"class_list":["post-22777","page","type-page","status-publish","hentry"],"acf":{"acf_link_na_externy_obsah":""},"yoast_head":"<!-- This site is optimized with the Yoast SEO plugin v27.4 - https:\/\/yoast.com\/product\/yoast-seo-wordpress\/ -->\n<title>Z\u00e1vere\u010dn\u00e9 pr\u00e1ce - Lek\u00e1rska fakulta | UPJ\u0160<\/title>\n<meta name=\"robots\" content=\"index, follow, max-snippet:-1, max-image-preview:large, max-video-preview:-1\" \/>\n<link rel=\"canonical\" href=\"https:\/\/www.upjs.sk\/lekarska-fakulta\/informacie-pre-studentov\/oznamy\/zaverecne-prace\/\" \/>\n<meta property=\"og:locale\" content=\"sk_SK\" \/>\n<meta property=\"og:type\" content=\"article\" \/>\n<meta property=\"og:title\" content=\"Z\u00e1vere\u010dn\u00e9 pr\u00e1ce - Lek\u00e1rska fakulta | UPJ\u0160\" \/>\n<meta property=\"og:description\" content=\"Z\u00e1kladn\u00e9 inform\u00e1cie T\u00e9mu z\u00e1vere\u010dnej pr\u00e1ce, t. j. bakal\u00e1rskej a diplomovej si volia \u0161tudenti \u2022 3. roka \u0161t\u00fadia v\u0161eobecn\u00e9ho a zubn\u00e9ho lek\u00e1rstva, \u2022 1. roka magistersk\u00e9ho \u0161t\u00fadia a \u2022 2. roka bakal\u00e1rskeho \u0161t\u00fadia. Diplomov\u00e1 pr\u00e1ca je s\u00fa\u010das\u0165ou \u0161tudijn\u00e9ho programu a je povinn\u00e1. Na jej vypracovanie plat\u00ed\u201c Smernica \u010d. 1\/2007 o bibliografickej registr\u00e1cii, uchov\u00e1van\u00ed a z\u00e1kladn\u00fdch n\u00e1le\u017eitostiach &hellip; \u010c\u00edta\u0165 \u010falej\" \/>\n<meta property=\"og:url\" content=\"https:\/\/www.upjs.sk\/lekarska-fakulta\/informacie-pre-studentov\/oznamy\/zaverecne-prace\/\" \/>\n<meta property=\"og:site_name\" content=\"Lek\u00e1rska fakulta | UPJ\u0160\" \/>\n<meta property=\"article:modified_time\" content=\"2025-02-20T10:37:54+00:00\" \/>\n<meta name=\"twitter:card\" content=\"summary_large_image\" \/>\n<meta name=\"twitter:label1\" content=\"Predpokladan\u00fd \u010das \u010d\u00edtania\" \/>\n\t<meta name=\"twitter:data1\" content=\"2 min\u00faty\" \/>\n<script type=\"application\/ld+json\" class=\"yoast-schema-graph\">{\"@context\":\"https:\\\/\\\/schema.org\",\"@graph\":[{\"@type\":\"WebPage\",\"@id\":\"https:\\\/\\\/www.upjs.sk\\\/lekarska-fakulta\\\/informacie-pre-studentov\\\/oznamy\\\/zaverecne-prace\\\/\",\"url\":\"https:\\\/\\\/www.upjs.sk\\\/lekarska-fakulta\\\/informacie-pre-studentov\\\/oznamy\\\/zaverecne-prace\\\/\",\"name\":\"Z\u00e1vere\u010dn\u00e9 pr\u00e1ce - Lek\u00e1rska fakulta | UPJ\u0160\",\"isPartOf\":{\"@id\":\"https:\\\/\\\/www.upjs.sk\\\/lekarska-fakulta\\\/#website\"},\"datePublished\":\"2011-05-12T08:04:05+00:00\",\"dateModified\":\"2025-02-20T10:37:54+00:00\",\"breadcrumb\":{\"@id\":\"https:\\\/\\\/www.upjs.sk\\\/lekarska-fakulta\\\/informacie-pre-studentov\\\/oznamy\\\/zaverecne-prace\\\/#breadcrumb\"},\"inLanguage\":\"sk-SK\",\"potentialAction\":[{\"@type\":\"ReadAction\",\"target\":[\"https:\\\/\\\/www.upjs.sk\\\/lekarska-fakulta\\\/informacie-pre-studentov\\\/oznamy\\\/zaverecne-prace\\\/\"]}]},{\"@type\":\"BreadcrumbList\",\"@id\":\"https:\\\/\\\/www.upjs.sk\\\/lekarska-fakulta\\\/informacie-pre-studentov\\\/oznamy\\\/zaverecne-prace\\\/#breadcrumb\",\"itemListElement\":[{\"@type\":\"ListItem\",\"position\":1,\"name\":\"Home\",\"item\":\"https:\\\/\\\/www.upjs.sk\\\/lekarska-fakulta\\\/\"},{\"@type\":\"ListItem\",\"position\":2,\"name\":\"Inform\u00e1cie pre \u0161tudentov\",\"item\":\"https:\\\/\\\/www.upjs.sk\\\/lekarska-fakulta\\\/informacie-pre-studentov\\\/\"},{\"@type\":\"ListItem\",\"position\":3,\"name\":\"Oznamy\",\"item\":\"https:\\\/\\\/www.upjs.sk\\\/lekarska-fakulta\\\/informacie-pre-studentov\\\/oznamy\\\/\"},{\"@type\":\"ListItem\",\"position\":4,\"name\":\"Z\u00e1vere\u010dn\u00e9 pr\u00e1ce\"}]},{\"@type\":\"WebSite\",\"@id\":\"https:\\\/\\\/www.upjs.sk\\\/lekarska-fakulta\\\/#website\",\"url\":\"https:\\\/\\\/www.upjs.sk\\\/lekarska-fakulta\\\/\",\"name\":\"Lek\u00e1rska fakulta | UPJ\u0160\",\"description\":\"\",\"publisher\":{\"@id\":\"https:\\\/\\\/www.upjs.sk\\\/lekarska-fakulta\\\/#organization\"},\"potentialAction\":[{\"@type\":\"SearchAction\",\"target\":{\"@type\":\"EntryPoint\",\"urlTemplate\":\"https:\\\/\\\/www.upjs.sk\\\/lekarska-fakulta\\\/?s={search_term_string}\"},\"query-input\":{\"@type\":\"PropertyValueSpecification\",\"valueRequired\":true,\"valueName\":\"search_term_string\"}}],\"inLanguage\":\"sk-SK\"},{\"@type\":\"Organization\",\"@id\":\"https:\\\/\\\/www.upjs.sk\\\/lekarska-fakulta\\\/#organization\",\"name\":\"Lek\u00e1rska fakulta | UPJ\u0160\",\"url\":\"https:\\\/\\\/www.upjs.sk\\\/lekarska-fakulta\\\/\",\"logo\":{\"@type\":\"ImageObject\",\"inLanguage\":\"sk-SK\",\"@id\":\"https:\\\/\\\/www.upjs.sk\\\/lekarska-fakulta\\\/#\\\/schema\\\/logo\\\/image\\\/\",\"url\":\"https:\\\/\\\/www.upjs.sk\\\/app\\\/uploads\\\/sites\\\/9\\\/2022\\\/09\\\/logo-lekarska-fakulta.png\",\"contentUrl\":\"https:\\\/\\\/www.upjs.sk\\\/app\\\/uploads\\\/sites\\\/9\\\/2022\\\/09\\\/logo-lekarska-fakulta.png\",\"width\":415,\"height\":87,\"caption\":\"Lek\u00e1rska fakulta | UPJ\u0160\"},\"image\":{\"@id\":\"https:\\\/\\\/www.upjs.sk\\\/lekarska-fakulta\\\/#\\\/schema\\\/logo\\\/image\\\/\"}}]}<\/script>\n<!-- \/ Yoast SEO plugin. -->","yoast_head_json":{"title":"Z\u00e1vere\u010dn\u00e9 pr\u00e1ce - Lek\u00e1rska fakulta | UPJ\u0160","robots":{"index":"index","follow":"follow","max-snippet":"max-snippet:-1","max-image-preview":"max-image-preview:large","max-video-preview":"max-video-preview:-1"},"canonical":"https:\/\/www.upjs.sk\/lekarska-fakulta\/informacie-pre-studentov\/oznamy\/zaverecne-prace\/","og_locale":"sk_SK","og_type":"article","og_title":"Z\u00e1vere\u010dn\u00e9 pr\u00e1ce - Lek\u00e1rska fakulta | UPJ\u0160","og_description":"Z\u00e1kladn\u00e9 inform\u00e1cie T\u00e9mu z\u00e1vere\u010dnej pr\u00e1ce, t. j. bakal\u00e1rskej a diplomovej si volia \u0161tudenti \u2022 3. roka \u0161t\u00fadia v\u0161eobecn\u00e9ho a zubn\u00e9ho lek\u00e1rstva, \u2022 1. roka magistersk\u00e9ho \u0161t\u00fadia a \u2022 2. roka bakal\u00e1rskeho \u0161t\u00fadia. Diplomov\u00e1 pr\u00e1ca je s\u00fa\u010das\u0165ou \u0161tudijn\u00e9ho programu a je povinn\u00e1. Na jej vypracovanie plat\u00ed\u201c Smernica \u010d. 1\/2007 o bibliografickej registr\u00e1cii, uchov\u00e1van\u00ed a z\u00e1kladn\u00fdch n\u00e1le\u017eitostiach &hellip; \u010c\u00edta\u0165 \u010falej","og_url":"https:\/\/www.upjs.sk\/lekarska-fakulta\/informacie-pre-studentov\/oznamy\/zaverecne-prace\/","og_site_name":"Lek\u00e1rska fakulta | UPJ\u0160","article_modified_time":"2025-02-20T10:37:54+00:00","twitter_card":"summary_large_image","twitter_misc":{"Predpokladan\u00fd \u010das \u010d\u00edtania":"2 min\u00faty"},"schema":{"@context":"https:\/\/schema.org","@graph":[{"@type":"WebPage","@id":"https:\/\/www.upjs.sk\/lekarska-fakulta\/informacie-pre-studentov\/oznamy\/zaverecne-prace\/","url":"https:\/\/www.upjs.sk\/lekarska-fakulta\/informacie-pre-studentov\/oznamy\/zaverecne-prace\/","name":"Z\u00e1vere\u010dn\u00e9 pr\u00e1ce - Lek\u00e1rska fakulta | UPJ\u0160","isPartOf":{"@id":"https:\/\/www.upjs.sk\/lekarska-fakulta\/#website"},"datePublished":"2011-05-12T08:04:05+00:00","dateModified":"2025-02-20T10:37:54+00:00","breadcrumb":{"@id":"https:\/\/www.upjs.sk\/lekarska-fakulta\/informacie-pre-studentov\/oznamy\/zaverecne-prace\/#breadcrumb"},"inLanguage":"sk-SK","potentialAction":[{"@type":"ReadAction","target":["https:\/\/www.upjs.sk\/lekarska-fakulta\/informacie-pre-studentov\/oznamy\/zaverecne-prace\/"]}]},{"@type":"BreadcrumbList","@id":"https:\/\/www.upjs.sk\/lekarska-fakulta\/informacie-pre-studentov\/oznamy\/zaverecne-prace\/#breadcrumb","itemListElement":[{"@type":"ListItem","position":1,"name":"Home","item":"https:\/\/www.upjs.sk\/lekarska-fakulta\/"},{"@type":"ListItem","position":2,"name":"Inform\u00e1cie pre \u0161tudentov","item":"https:\/\/www.upjs.sk\/lekarska-fakulta\/informacie-pre-studentov\/"},{"@type":"ListItem","position":3,"name":"Oznamy","item":"https:\/\/www.upjs.sk\/lekarska-fakulta\/informacie-pre-studentov\/oznamy\/"},{"@type":"ListItem","position":4,"name":"Z\u00e1vere\u010dn\u00e9 pr\u00e1ce"}]},{"@type":"WebSite","@id":"https:\/\/www.upjs.sk\/lekarska-fakulta\/#website","url":"https:\/\/www.upjs.sk\/lekarska-fakulta\/","name":"Lek\u00e1rska fakulta | UPJ\u0160","description":"","publisher":{"@id":"https:\/\/www.upjs.sk\/lekarska-fakulta\/#organization"},"potentialAction":[{"@type":"SearchAction","target":{"@type":"EntryPoint","urlTemplate":"https:\/\/www.upjs.sk\/lekarska-fakulta\/?s={search_term_string}"},"query-input":{"@type":"PropertyValueSpecification","valueRequired":true,"valueName":"search_term_string"}}],"inLanguage":"sk-SK"},{"@type":"Organization","@id":"https:\/\/www.upjs.sk\/lekarska-fakulta\/#organization","name":"Lek\u00e1rska fakulta | UPJ\u0160","url":"https:\/\/www.upjs.sk\/lekarska-fakulta\/","logo":{"@type":"ImageObject","inLanguage":"sk-SK","@id":"https:\/\/www.upjs.sk\/lekarska-fakulta\/#\/schema\/logo\/image\/","url":"https:\/\/www.upjs.sk\/app\/uploads\/sites\/9\/2022\/09\/logo-lekarska-fakulta.png","contentUrl":"https:\/\/www.upjs.sk\/app\/uploads\/sites\/9\/2022\/09\/logo-lekarska-fakulta.png","width":415,"height":87,"caption":"Lek\u00e1rska fakulta | UPJ\u0160"},"image":{"@id":"https:\/\/www.upjs.sk\/lekarska-fakulta\/#\/schema\/logo\/image\/"}}]}},"_links":{"self":[{"href":"https:\/\/www.upjs.sk\/lekarska-fakulta\/wp-json\/wp\/v2\/pages\/22777","targetHints":{"allow":["GET"]}}],"collection":[{"href":"https:\/\/www.upjs.sk\/lekarska-fakulta\/wp-json\/wp\/v2\/pages"}],"about":[{"href":"https:\/\/www.upjs.sk\/lekarska-fakulta\/wp-json\/wp\/v2\/types\/page"}],"author":[{"embeddable":true,"href":"https:\/\/www.upjs.sk\/lekarska-fakulta\/wp-json\/wp\/v2\/users\/1"}],"replies":[{"embeddable":true,"href":"https:\/\/www.upjs.sk\/lekarska-fakulta\/wp-json\/wp\/v2\/comments?post=22777"}],"version-history":[{"count":2,"href":"https:\/\/www.upjs.sk\/lekarska-fakulta\/wp-json\/wp\/v2\/pages\/22777\/revisions"}],"predecessor-version":[{"id":130393,"href":"https:\/\/www.upjs.sk\/lekarska-fakulta\/wp-json\/wp\/v2\/pages\/22777\/revisions\/130393"}],"up":[{"embeddable":true,"href":"https:\/\/www.upjs.sk\/lekarska-fakulta\/wp-json\/wp\/v2\/pages\/18420"}],"wp:attachment":[{"href":"https:\/\/www.upjs.sk\/lekarska-fakulta\/wp-json\/wp\/v2\/media?parent=22777"}],"wp:term":[{"taxonomy":"category","embeddable":true,"href":"https:\/\/www.upjs.sk\/lekarska-fakulta\/wp-json\/wp\/v2\/categories?post=22777"},{"taxonomy":"post_tag","embeddable":true,"href":"https:\/\/www.upjs.sk\/lekarska-fakulta\/wp-json\/wp\/v2\/tags?post=22777"}],"curies":[{"name":"wp","href":"https:\/\/api.w.org\/{rel}","templated":true}]}}