{"id":22783,"date":"2011-05-12T08:04:05","date_gmt":"2011-05-12T08:04:05","guid":{"rendered":"https:\/\/www.upjs.sk\/lekarska-fakulta\/informacie-pre-studentov\/oznamy\/predbezny-zapis\/"},"modified":"2022-11-13T21:22:59","modified_gmt":"2022-11-13T20:22:59","slug":"predbezny-zapis","status":"publish","type":"page","link":"https:\/\/www.upjs.sk\/lekarska-fakulta\/informacie-pre-studentov\/oznamy\/predbezny-zapis\/","title":{"rendered":"Predbe\u017en\u00fd z\u00e1pis"},"content":{"rendered":"<p> Na z\u00e1klade \u0160tudijn\u00e9ho poriadku UPJ\u0160 v Ko\u0161iciach, predbe\u017en\u00fd z\u00e1pis <b>povinne volite\u013en\u00fdch a v\u00fdberov\u00fdch predmetov<\/b> na akademick\u00fd rok 2009\/2010 do:<\/p>\n<p>\u00a0<\/p>\n<ul style=\"margin-top: 0.5em; margin-bottom: 0.5em\">\n<li>2. a\u017e 5. roka doktorsk\u00e9ho \u0161t\u00fadia,<\/li>\n<li>2. roka magistersk\u00e9ho \u0161t\u00fadia,<\/li>\n<li>2. a 3. roka bakal\u00e1rskeho denn\u00e9ho \u0161t\u00fadia,<\/li>\n<\/ul>\n<p>bude na Lek\u00e1rskej fakulte prebieha\u0165 od <b>6. m\u00e1ja 2009 do 22. m\u00e1ja 2009<\/b>.<\/p>\n<p> Vych\u00e1dzaj\u00fac z uveden\u00e9ho dovo\u013eujem si V\u00e1m ozn\u00e1mi\u0165, \u017ee predbe\u017en\u00fd z\u00e1pis <strong>je z\u00e1v\u00e4zn\u00fd<\/strong>.<\/p>\n<p> Predmety, pri ktor\u00fdch je obmedzen\u00fd po\u010det zap\u00edsan\u00fdch \u0161tudentov, bud\u00fa vyhodnoten\u00e9 po predbe\u017enom z\u00e1pise a \u0161tudentom, ktor\u00ed nebud\u00fa zap\u00edsan\u00ed, bude ozn\u00e1men\u00e9, \u017ee si musia vybra\u0165 in\u00fd predmet.<\/p>\n<p> \u010eal\u0161ie podrobnosti o administrat\u00edvnom z\u00e1pise bud\u00fa uveden\u00e9 v <b>Pokyne dekana<\/b>, ktor\u00fd bude uverejnen\u00fd na webovej str\u00e1nke.<br \/> \u00a0<\/p>\n<table width=\"100%\">\n<tbody>\n<tr>\n<td width=\"50%\">\u00a0<\/td>\n<td><center>prof. MUDr. Leonard Siegfried, CSc.<br \/>             dekan<\/center><\/td>\n<\/tr>\n<\/tbody>\n<\/table>\n<p><a href=\"\/public\/media\/0435\/Studijne_plany_-_PVP_a_VP.rtf\">Povinne volite\u013en\u00e9 a v\u00fdberov\u00e9 predmety<\/a><br \/> <a href=\"\/public\/media\/0435\/StudentPredzapis.pdf\">Manu\u00e1l<\/a><\/p>\n","protected":false},"excerpt":{"rendered":"<p>Na z\u00e1klade \u0160tudijn\u00e9ho poriadku UPJ\u0160 v Ko\u0161iciach, predbe\u017en\u00fd z\u00e1pis povinne volite\u013en\u00fdch a v\u00fdberov\u00fdch predmetov na akademick\u00fd rok 2009\/2010 do: \u00a0 2. a\u017e 5. roka doktorsk\u00e9ho \u0161t\u00fadia, 2. roka magistersk\u00e9ho \u0161t\u00fadia, 2. a 3. roka bakal\u00e1rskeho denn\u00e9ho \u0161t\u00fadia, bude na Lek\u00e1rskej fakulte prebieha\u0165 od 6. m\u00e1ja 2009 do 22. m\u00e1ja 2009. Vych\u00e1dzaj\u00fac z uveden\u00e9ho dovo\u013eujem si &hellip; <a href=\"https:\/\/www.upjs.sk\/lekarska-fakulta\/informacie-pre-studentov\/oznamy\/predbezny-zapis\/\">\u010c\u00edta\u0165 \u010falej<\/a><\/p>\n","protected":false},"author":1,"featured_media":0,"parent":18420,"menu_order":4,"comment_status":"closed","ping_status":"closed","template":"","meta":{"_acf_changed":false,"_editorskit_title_hidden":false,"_editorskit_reading_time":0,"_editorskit_is_block_options_detached":false,"_editorskit_block_options_position":"{}","footnotes":""},"categories":[],"tags":[],"class_list":["post-22783","page","type-page","status-publish","hentry"],"acf":{"acf_link_na_externy_obsah":""},"yoast_head":"<!-- This site is optimized with the Yoast SEO plugin v27.4 - https:\/\/yoast.com\/product\/yoast-seo-wordpress\/ -->\n<title>Predbe\u017en\u00fd z\u00e1pis - Lek\u00e1rska fakulta | UPJ\u0160<\/title>\n<meta name=\"robots\" content=\"index, follow, max-snippet:-1, max-image-preview:large, max-video-preview:-1\" \/>\n<link rel=\"canonical\" href=\"https:\/\/www.upjs.sk\/lekarska-fakulta\/informacie-pre-studentov\/oznamy\/predbezny-zapis\/\" \/>\n<meta property=\"og:locale\" content=\"sk_SK\" \/>\n<meta property=\"og:type\" content=\"article\" \/>\n<meta property=\"og:title\" content=\"Predbe\u017en\u00fd z\u00e1pis - Lek\u00e1rska fakulta | UPJ\u0160\" \/>\n<meta property=\"og:description\" content=\"Na z\u00e1klade \u0160tudijn\u00e9ho poriadku UPJ\u0160 v Ko\u0161iciach, predbe\u017en\u00fd z\u00e1pis povinne volite\u013en\u00fdch a v\u00fdberov\u00fdch predmetov na akademick\u00fd rok 2009\/2010 do: \u00a0 2. a\u017e 5. roka doktorsk\u00e9ho \u0161t\u00fadia, 2. roka magistersk\u00e9ho \u0161t\u00fadia, 2. a 3. roka bakal\u00e1rskeho denn\u00e9ho \u0161t\u00fadia, bude na Lek\u00e1rskej fakulte prebieha\u0165 od 6. m\u00e1ja 2009 do 22. m\u00e1ja 2009. Vych\u00e1dzaj\u00fac z uveden\u00e9ho dovo\u013eujem si &hellip; \u010c\u00edta\u0165 \u010falej\" \/>\n<meta property=\"og:url\" content=\"https:\/\/www.upjs.sk\/lekarska-fakulta\/informacie-pre-studentov\/oznamy\/predbezny-zapis\/\" \/>\n<meta property=\"og:site_name\" content=\"Lek\u00e1rska fakulta | UPJ\u0160\" \/>\n<meta property=\"article:modified_time\" content=\"2022-11-13T20:22:59+00:00\" \/>\n<meta name=\"twitter:card\" content=\"summary_large_image\" \/>\n<meta name=\"twitter:label1\" content=\"Predpokladan\u00fd \u010das \u010d\u00edtania\" \/>\n\t<meta name=\"twitter:data1\" content=\"1 min\u00fata\" \/>\n<script type=\"application\/ld+json\" class=\"yoast-schema-graph\">{\"@context\":\"https:\\\/\\\/schema.org\",\"@graph\":[{\"@type\":\"WebPage\",\"@id\":\"https:\\\/\\\/www.upjs.sk\\\/lekarska-fakulta\\\/informacie-pre-studentov\\\/oznamy\\\/predbezny-zapis\\\/\",\"url\":\"https:\\\/\\\/www.upjs.sk\\\/lekarska-fakulta\\\/informacie-pre-studentov\\\/oznamy\\\/predbezny-zapis\\\/\",\"name\":\"Predbe\u017en\u00fd z\u00e1pis - Lek\u00e1rska fakulta | UPJ\u0160\",\"isPartOf\":{\"@id\":\"https:\\\/\\\/www.upjs.sk\\\/lekarska-fakulta\\\/#website\"},\"datePublished\":\"2011-05-12T08:04:05+00:00\",\"dateModified\":\"2022-11-13T20:22:59+00:00\",\"breadcrumb\":{\"@id\":\"https:\\\/\\\/www.upjs.sk\\\/lekarska-fakulta\\\/informacie-pre-studentov\\\/oznamy\\\/predbezny-zapis\\\/#breadcrumb\"},\"inLanguage\":\"sk-SK\",\"potentialAction\":[{\"@type\":\"ReadAction\",\"target\":[\"https:\\\/\\\/www.upjs.sk\\\/lekarska-fakulta\\\/informacie-pre-studentov\\\/oznamy\\\/predbezny-zapis\\\/\"]}]},{\"@type\":\"BreadcrumbList\",\"@id\":\"https:\\\/\\\/www.upjs.sk\\\/lekarska-fakulta\\\/informacie-pre-studentov\\\/oznamy\\\/predbezny-zapis\\\/#breadcrumb\",\"itemListElement\":[{\"@type\":\"ListItem\",\"position\":1,\"name\":\"Home\",\"item\":\"https:\\\/\\\/www.upjs.sk\\\/lekarska-fakulta\\\/\"},{\"@type\":\"ListItem\",\"position\":2,\"name\":\"Inform\u00e1cie pre \u0161tudentov\",\"item\":\"https:\\\/\\\/www.upjs.sk\\\/lekarska-fakulta\\\/informacie-pre-studentov\\\/\"},{\"@type\":\"ListItem\",\"position\":3,\"name\":\"Oznamy\",\"item\":\"https:\\\/\\\/www.upjs.sk\\\/lekarska-fakulta\\\/informacie-pre-studentov\\\/oznamy\\\/\"},{\"@type\":\"ListItem\",\"position\":4,\"name\":\"Predbe\u017en\u00fd z\u00e1pis\"}]},{\"@type\":\"WebSite\",\"@id\":\"https:\\\/\\\/www.upjs.sk\\\/lekarska-fakulta\\\/#website\",\"url\":\"https:\\\/\\\/www.upjs.sk\\\/lekarska-fakulta\\\/\",\"name\":\"Lek\u00e1rska fakulta | UPJ\u0160\",\"description\":\"\",\"publisher\":{\"@id\":\"https:\\\/\\\/www.upjs.sk\\\/lekarska-fakulta\\\/#organization\"},\"potentialAction\":[{\"@type\":\"SearchAction\",\"target\":{\"@type\":\"EntryPoint\",\"urlTemplate\":\"https:\\\/\\\/www.upjs.sk\\\/lekarska-fakulta\\\/?s={search_term_string}\"},\"query-input\":{\"@type\":\"PropertyValueSpecification\",\"valueRequired\":true,\"valueName\":\"search_term_string\"}}],\"inLanguage\":\"sk-SK\"},{\"@type\":\"Organization\",\"@id\":\"https:\\\/\\\/www.upjs.sk\\\/lekarska-fakulta\\\/#organization\",\"name\":\"Lek\u00e1rska fakulta | UPJ\u0160\",\"url\":\"https:\\\/\\\/www.upjs.sk\\\/lekarska-fakulta\\\/\",\"logo\":{\"@type\":\"ImageObject\",\"inLanguage\":\"sk-SK\",\"@id\":\"https:\\\/\\\/www.upjs.sk\\\/lekarska-fakulta\\\/#\\\/schema\\\/logo\\\/image\\\/\",\"url\":\"https:\\\/\\\/www.upjs.sk\\\/app\\\/uploads\\\/sites\\\/9\\\/2022\\\/09\\\/logo-lekarska-fakulta.png\",\"contentUrl\":\"https:\\\/\\\/www.upjs.sk\\\/app\\\/uploads\\\/sites\\\/9\\\/2022\\\/09\\\/logo-lekarska-fakulta.png\",\"width\":415,\"height\":87,\"caption\":\"Lek\u00e1rska fakulta | UPJ\u0160\"},\"image\":{\"@id\":\"https:\\\/\\\/www.upjs.sk\\\/lekarska-fakulta\\\/#\\\/schema\\\/logo\\\/image\\\/\"}}]}<\/script>\n<!-- \/ Yoast SEO plugin. -->","yoast_head_json":{"title":"Predbe\u017en\u00fd z\u00e1pis - Lek\u00e1rska fakulta | UPJ\u0160","robots":{"index":"index","follow":"follow","max-snippet":"max-snippet:-1","max-image-preview":"max-image-preview:large","max-video-preview":"max-video-preview:-1"},"canonical":"https:\/\/www.upjs.sk\/lekarska-fakulta\/informacie-pre-studentov\/oznamy\/predbezny-zapis\/","og_locale":"sk_SK","og_type":"article","og_title":"Predbe\u017en\u00fd z\u00e1pis - Lek\u00e1rska fakulta | UPJ\u0160","og_description":"Na z\u00e1klade \u0160tudijn\u00e9ho poriadku UPJ\u0160 v Ko\u0161iciach, predbe\u017en\u00fd z\u00e1pis povinne volite\u013en\u00fdch a v\u00fdberov\u00fdch predmetov na akademick\u00fd rok 2009\/2010 do: \u00a0 2. a\u017e 5. roka doktorsk\u00e9ho \u0161t\u00fadia, 2. roka magistersk\u00e9ho \u0161t\u00fadia, 2. a 3. roka bakal\u00e1rskeho denn\u00e9ho \u0161t\u00fadia, bude na Lek\u00e1rskej fakulte prebieha\u0165 od 6. m\u00e1ja 2009 do 22. m\u00e1ja 2009. Vych\u00e1dzaj\u00fac z uveden\u00e9ho dovo\u013eujem si &hellip; \u010c\u00edta\u0165 \u010falej","og_url":"https:\/\/www.upjs.sk\/lekarska-fakulta\/informacie-pre-studentov\/oznamy\/predbezny-zapis\/","og_site_name":"Lek\u00e1rska fakulta | UPJ\u0160","article_modified_time":"2022-11-13T20:22:59+00:00","twitter_card":"summary_large_image","twitter_misc":{"Predpokladan\u00fd \u010das \u010d\u00edtania":"1 min\u00fata"},"schema":{"@context":"https:\/\/schema.org","@graph":[{"@type":"WebPage","@id":"https:\/\/www.upjs.sk\/lekarska-fakulta\/informacie-pre-studentov\/oznamy\/predbezny-zapis\/","url":"https:\/\/www.upjs.sk\/lekarska-fakulta\/informacie-pre-studentov\/oznamy\/predbezny-zapis\/","name":"Predbe\u017en\u00fd z\u00e1pis - Lek\u00e1rska fakulta | UPJ\u0160","isPartOf":{"@id":"https:\/\/www.upjs.sk\/lekarska-fakulta\/#website"},"datePublished":"2011-05-12T08:04:05+00:00","dateModified":"2022-11-13T20:22:59+00:00","breadcrumb":{"@id":"https:\/\/www.upjs.sk\/lekarska-fakulta\/informacie-pre-studentov\/oznamy\/predbezny-zapis\/#breadcrumb"},"inLanguage":"sk-SK","potentialAction":[{"@type":"ReadAction","target":["https:\/\/www.upjs.sk\/lekarska-fakulta\/informacie-pre-studentov\/oznamy\/predbezny-zapis\/"]}]},{"@type":"BreadcrumbList","@id":"https:\/\/www.upjs.sk\/lekarska-fakulta\/informacie-pre-studentov\/oznamy\/predbezny-zapis\/#breadcrumb","itemListElement":[{"@type":"ListItem","position":1,"name":"Home","item":"https:\/\/www.upjs.sk\/lekarska-fakulta\/"},{"@type":"ListItem","position":2,"name":"Inform\u00e1cie pre \u0161tudentov","item":"https:\/\/www.upjs.sk\/lekarska-fakulta\/informacie-pre-studentov\/"},{"@type":"ListItem","position":3,"name":"Oznamy","item":"https:\/\/www.upjs.sk\/lekarska-fakulta\/informacie-pre-studentov\/oznamy\/"},{"@type":"ListItem","position":4,"name":"Predbe\u017en\u00fd z\u00e1pis"}]},{"@type":"WebSite","@id":"https:\/\/www.upjs.sk\/lekarska-fakulta\/#website","url":"https:\/\/www.upjs.sk\/lekarska-fakulta\/","name":"Lek\u00e1rska fakulta | UPJ\u0160","description":"","publisher":{"@id":"https:\/\/www.upjs.sk\/lekarska-fakulta\/#organization"},"potentialAction":[{"@type":"SearchAction","target":{"@type":"EntryPoint","urlTemplate":"https:\/\/www.upjs.sk\/lekarska-fakulta\/?s={search_term_string}"},"query-input":{"@type":"PropertyValueSpecification","valueRequired":true,"valueName":"search_term_string"}}],"inLanguage":"sk-SK"},{"@type":"Organization","@id":"https:\/\/www.upjs.sk\/lekarska-fakulta\/#organization","name":"Lek\u00e1rska fakulta | UPJ\u0160","url":"https:\/\/www.upjs.sk\/lekarska-fakulta\/","logo":{"@type":"ImageObject","inLanguage":"sk-SK","@id":"https:\/\/www.upjs.sk\/lekarska-fakulta\/#\/schema\/logo\/image\/","url":"https:\/\/www.upjs.sk\/app\/uploads\/sites\/9\/2022\/09\/logo-lekarska-fakulta.png","contentUrl":"https:\/\/www.upjs.sk\/app\/uploads\/sites\/9\/2022\/09\/logo-lekarska-fakulta.png","width":415,"height":87,"caption":"Lek\u00e1rska fakulta | UPJ\u0160"},"image":{"@id":"https:\/\/www.upjs.sk\/lekarska-fakulta\/#\/schema\/logo\/image\/"}}]}},"_links":{"self":[{"href":"https:\/\/www.upjs.sk\/lekarska-fakulta\/wp-json\/wp\/v2\/pages\/22783","targetHints":{"allow":["GET"]}}],"collection":[{"href":"https:\/\/www.upjs.sk\/lekarska-fakulta\/wp-json\/wp\/v2\/pages"}],"about":[{"href":"https:\/\/www.upjs.sk\/lekarska-fakulta\/wp-json\/wp\/v2\/types\/page"}],"author":[{"embeddable":true,"href":"https:\/\/www.upjs.sk\/lekarska-fakulta\/wp-json\/wp\/v2\/users\/1"}],"replies":[{"embeddable":true,"href":"https:\/\/www.upjs.sk\/lekarska-fakulta\/wp-json\/wp\/v2\/comments?post=22783"}],"version-history":[{"count":2,"href":"https:\/\/www.upjs.sk\/lekarska-fakulta\/wp-json\/wp\/v2\/pages\/22783\/revisions"}],"predecessor-version":[{"id":130397,"href":"https:\/\/www.upjs.sk\/lekarska-fakulta\/wp-json\/wp\/v2\/pages\/22783\/revisions\/130397"}],"up":[{"embeddable":true,"href":"https:\/\/www.upjs.sk\/lekarska-fakulta\/wp-json\/wp\/v2\/pages\/18420"}],"wp:attachment":[{"href":"https:\/\/www.upjs.sk\/lekarska-fakulta\/wp-json\/wp\/v2\/media?parent=22783"}],"wp:term":[{"taxonomy":"category","embeddable":true,"href":"https:\/\/www.upjs.sk\/lekarska-fakulta\/wp-json\/wp\/v2\/categories?post=22783"},{"taxonomy":"post_tag","embeddable":true,"href":"https:\/\/www.upjs.sk\/lekarska-fakulta\/wp-json\/wp\/v2\/tags?post=22783"}],"curies":[{"name":"wp","href":"https:\/\/api.w.org\/{rel}","templated":true}]}}