{"id":22793,"date":"2011-05-12T08:04:05","date_gmt":"2011-05-12T08:04:05","guid":{"rendered":"https:\/\/www.upjs.sk\/lekarska-fakulta\/informacie-pre-studentov\/akademicky-rok-2010-2011\/5127-2\/"},"modified":"2025-02-20T10:49:17","modified_gmt":"2025-02-20T09:49:17","slug":"5127-2","status":"publish","type":"page","link":"https:\/\/www.upjs.sk\/lekarska-fakulta\/informacie-pre-studentov\/akademicky-rok-2010-2011\/5127-2\/","title":{"rendered":"Z\u00e1kladn\u00e9 inform\u00e1cie pre \u0161tudentov 1. roka \u0161t\u00fadia"},"content":{"rendered":"<p style=\"text-align: justify;\">Po zadelen\u00ed do skup\u00edn a mo\u017enost\u00ed rozvrhu, si \u0161tudenti 1. roka \u0161t\u00fadia VL, ktor\u00ed maj\u00fa ISIC kartu, predmet Telesn\u00e1 v\u00fdchova 1 vyber\u00fa z ponuky Katedry TV prostredn\u00edctvom AiS2.<\/p>\n<p>\u0160tudentov, ktor\u00ed e\u0161te nemaj\u00fa ISIC kartu, \u017eiadame, aby do <b>5. septembra 2010<\/b> na <a href=\"mailto:studijne@lf.upjs.sk\">studijne@lf.upjs.sk<\/a> nahl\u00e1sili druh \u0161portu, ktor\u00fd bud\u00fa absolvova\u0165. Do mejlu uve\u010fte meno a priezvisko, d\u00e1tum narodenia a druh \u0161portu. <b>Uveden\u00fd term\u00edn \u017eiadame dodr\u017ea\u0165.<\/b><\/p>\n<p>Inform\u00e1cie Katedry TV<\/p>\n<ul>\n<li style=\"margin-left: 1.5em;\"><a href=\"https:\/\/www.upjs.sk\/app\/uploads\/sites\/9\/2022\/10\/prezent-novaLF.ppt\">Preh\u013ead \u0161portov <\/a><\/li>\n<li style=\"margin-left: 1.5em;\"><a href=\"https:\/\/www.upjs.sk\/app\/uploads\/sites\/9\/2022\/10\/rozvrh-hodin-utvs-zs-2010-11.doc\">Rozvrh TV <\/a><\/li>\n<\/ul>\n<p><a href=\"https:\/\/www.upjs.sk\/app\/uploads\/sites\/9\/2022\/10\/AIS2-StudentPrihlasenieRozvrh.pdf\">Postup pre z\u00e1pis druhu \u0161portu<\/a><\/p>\n<p><a href=\"https:\/\/www.upjs.sk\/app\/uploads\/sites\/9\/2022\/10\/Prejav_info_prvaci_2010_100830_lf.doc\">Inform\u00e1cie pre dr\u017eite\u013eov kariet ISIC<\/a><\/p>\n<p style=\"text-align: justify;\"><u>Inform\u00e1cia k \u00davodn\u00e9mu stretnutiu<br \/>\n<\/u><\/p>\n<p align=\"justify\">Oznamujeme \u0161tudentov 1. roka \u0161t\u00fadia \u0161tudijn\u00fdch programov v\u0161eobecn\u00e9 lek\u00e1rstvo, zubn\u00e9 lek\u00e1rstvo a bakal\u00e1rskych \u0161tudijn\u00fdch programov, \u017ee d\u0148a <b>21. septembra 2010<\/b> sa uskuto\u010dn\u00ed \u201c\u00davodn\u00e9 stretnutie\u201d, na ktorom sa obozn\u00e1mia so \u0160tudijn\u00fdm poriadkom UPJ\u0160 LF, Akademick\u00fdm informa\u010dn\u00fdm syst\u00e9mom, organiza\u010dn\u00fdm \u010dlenen\u00edm univerzity \/ fakulty a pracoviskami.<\/p>\n<p>V uveden\u00fd de\u0148 v\u00fdu\u010dba nebude prebieha\u0165!<\/p>\n<p>\u00da\u010das\u0165 je povinn\u00e1!<\/p>\n","protected":false},"excerpt":{"rendered":"<p>Po zadelen\u00ed do skup\u00edn a mo\u017enost\u00ed rozvrhu, si \u0161tudenti 1. roka \u0161t\u00fadia VL, ktor\u00ed maj\u00fa ISIC kartu, predmet Telesn\u00e1 v\u00fdchova 1 vyber\u00fa z ponuky Katedry TV prostredn\u00edctvom AiS2. \u0160tudentov, ktor\u00ed e\u0161te nemaj\u00fa ISIC kartu, \u017eiadame, aby do 5. septembra 2010 na studijne@lf.upjs.sk nahl\u00e1sili druh \u0161portu, ktor\u00fd bud\u00fa absolvova\u0165. Do mejlu uve\u010fte meno a priezvisko, d\u00e1tum &hellip; <a href=\"https:\/\/www.upjs.sk\/lekarska-fakulta\/informacie-pre-studentov\/akademicky-rok-2010-2011\/5127-2\/\">\u010c\u00edta\u0165 \u010falej<\/a><\/p>\n","protected":false},"author":1,"featured_media":0,"parent":18492,"menu_order":2,"comment_status":"closed","ping_status":"closed","template":"","meta":{"_acf_changed":false,"_editorskit_title_hidden":false,"_editorskit_reading_time":0,"_editorskit_is_block_options_detached":false,"_editorskit_block_options_position":"{}","footnotes":""},"categories":[],"tags":[],"class_list":["post-22793","page","type-page","status-publish","hentry"],"acf":{"acf_link_na_externy_obsah":""},"yoast_head":"<!-- This site is optimized with the Yoast SEO plugin v27.4 - https:\/\/yoast.com\/product\/yoast-seo-wordpress\/ -->\n<title>Z\u00e1kladn\u00e9 inform\u00e1cie pre \u0161tudentov 1. roka \u0161t\u00fadia - Lek\u00e1rska fakulta | UPJ\u0160<\/title>\n<meta name=\"robots\" content=\"index, follow, max-snippet:-1, max-image-preview:large, max-video-preview:-1\" \/>\n<link rel=\"canonical\" href=\"https:\/\/www.upjs.sk\/lekarska-fakulta\/informacie-pre-studentov\/akademicky-rok-2010-2011\/5127-2\/\" \/>\n<meta property=\"og:locale\" content=\"sk_SK\" \/>\n<meta property=\"og:type\" content=\"article\" \/>\n<meta property=\"og:title\" content=\"Z\u00e1kladn\u00e9 inform\u00e1cie pre \u0161tudentov 1. roka \u0161t\u00fadia - Lek\u00e1rska fakulta | UPJ\u0160\" \/>\n<meta property=\"og:description\" content=\"Po zadelen\u00ed do skup\u00edn a mo\u017enost\u00ed rozvrhu, si \u0161tudenti 1. roka \u0161t\u00fadia VL, ktor\u00ed maj\u00fa ISIC kartu, predmet Telesn\u00e1 v\u00fdchova 1 vyber\u00fa z ponuky Katedry TV prostredn\u00edctvom AiS2. \u0160tudentov, ktor\u00ed e\u0161te nemaj\u00fa ISIC kartu, \u017eiadame, aby do 5. septembra 2010 na studijne@lf.upjs.sk nahl\u00e1sili druh \u0161portu, ktor\u00fd bud\u00fa absolvova\u0165. Do mejlu uve\u010fte meno a priezvisko, d\u00e1tum &hellip; \u010c\u00edta\u0165 \u010falej\" \/>\n<meta property=\"og:url\" content=\"https:\/\/www.upjs.sk\/lekarska-fakulta\/informacie-pre-studentov\/akademicky-rok-2010-2011\/5127-2\/\" \/>\n<meta property=\"og:site_name\" content=\"Lek\u00e1rska fakulta | UPJ\u0160\" \/>\n<meta property=\"article:modified_time\" content=\"2025-02-20T09:49:17+00:00\" \/>\n<meta name=\"twitter:card\" content=\"summary_large_image\" \/>\n<meta name=\"twitter:label1\" content=\"Predpokladan\u00fd \u010das \u010d\u00edtania\" \/>\n\t<meta name=\"twitter:data1\" content=\"1 min\u00fata\" \/>\n<script type=\"application\/ld+json\" class=\"yoast-schema-graph\">{\"@context\":\"https:\\\/\\\/schema.org\",\"@graph\":[{\"@type\":\"WebPage\",\"@id\":\"https:\\\/\\\/www.upjs.sk\\\/lekarska-fakulta\\\/informacie-pre-studentov\\\/akademicky-rok-2010-2011\\\/5127-2\\\/\",\"url\":\"https:\\\/\\\/www.upjs.sk\\\/lekarska-fakulta\\\/informacie-pre-studentov\\\/akademicky-rok-2010-2011\\\/5127-2\\\/\",\"name\":\"Z\u00e1kladn\u00e9 inform\u00e1cie pre \u0161tudentov 1. roka \u0161t\u00fadia - Lek\u00e1rska fakulta | UPJ\u0160\",\"isPartOf\":{\"@id\":\"https:\\\/\\\/www.upjs.sk\\\/lekarska-fakulta\\\/#website\"},\"datePublished\":\"2011-05-12T08:04:05+00:00\",\"dateModified\":\"2025-02-20T09:49:17+00:00\",\"breadcrumb\":{\"@id\":\"https:\\\/\\\/www.upjs.sk\\\/lekarska-fakulta\\\/informacie-pre-studentov\\\/akademicky-rok-2010-2011\\\/5127-2\\\/#breadcrumb\"},\"inLanguage\":\"sk-SK\",\"potentialAction\":[{\"@type\":\"ReadAction\",\"target\":[\"https:\\\/\\\/www.upjs.sk\\\/lekarska-fakulta\\\/informacie-pre-studentov\\\/akademicky-rok-2010-2011\\\/5127-2\\\/\"]}]},{\"@type\":\"BreadcrumbList\",\"@id\":\"https:\\\/\\\/www.upjs.sk\\\/lekarska-fakulta\\\/informacie-pre-studentov\\\/akademicky-rok-2010-2011\\\/5127-2\\\/#breadcrumb\",\"itemListElement\":[{\"@type\":\"ListItem\",\"position\":1,\"name\":\"Home\",\"item\":\"https:\\\/\\\/www.upjs.sk\\\/lekarska-fakulta\\\/\"},{\"@type\":\"ListItem\",\"position\":2,\"name\":\"Inform\u00e1cie pre \u0161tudentov\",\"item\":\"https:\\\/\\\/www.upjs.sk\\\/lekarska-fakulta\\\/informacie-pre-studentov\\\/\"},{\"@type\":\"ListItem\",\"position\":3,\"name\":\"Akademick\u00fd rok 2010\\\/2011\",\"item\":\"https:\\\/\\\/www.upjs.sk\\\/lekarska-fakulta\\\/informacie-pre-studentov\\\/akademicky-rok-2010-2011\\\/\"},{\"@type\":\"ListItem\",\"position\":4,\"name\":\"Z\u00e1kladn\u00e9 inform\u00e1cie pre \u0161tudentov 1. roka \u0161t\u00fadia\"}]},{\"@type\":\"WebSite\",\"@id\":\"https:\\\/\\\/www.upjs.sk\\\/lekarska-fakulta\\\/#website\",\"url\":\"https:\\\/\\\/www.upjs.sk\\\/lekarska-fakulta\\\/\",\"name\":\"Lek\u00e1rska fakulta | UPJ\u0160\",\"description\":\"\",\"publisher\":{\"@id\":\"https:\\\/\\\/www.upjs.sk\\\/lekarska-fakulta\\\/#organization\"},\"potentialAction\":[{\"@type\":\"SearchAction\",\"target\":{\"@type\":\"EntryPoint\",\"urlTemplate\":\"https:\\\/\\\/www.upjs.sk\\\/lekarska-fakulta\\\/?s={search_term_string}\"},\"query-input\":{\"@type\":\"PropertyValueSpecification\",\"valueRequired\":true,\"valueName\":\"search_term_string\"}}],\"inLanguage\":\"sk-SK\"},{\"@type\":\"Organization\",\"@id\":\"https:\\\/\\\/www.upjs.sk\\\/lekarska-fakulta\\\/#organization\",\"name\":\"Lek\u00e1rska fakulta | UPJ\u0160\",\"url\":\"https:\\\/\\\/www.upjs.sk\\\/lekarska-fakulta\\\/\",\"logo\":{\"@type\":\"ImageObject\",\"inLanguage\":\"sk-SK\",\"@id\":\"https:\\\/\\\/www.upjs.sk\\\/lekarska-fakulta\\\/#\\\/schema\\\/logo\\\/image\\\/\",\"url\":\"https:\\\/\\\/www.upjs.sk\\\/app\\\/uploads\\\/sites\\\/9\\\/2022\\\/09\\\/logo-lekarska-fakulta.png\",\"contentUrl\":\"https:\\\/\\\/www.upjs.sk\\\/app\\\/uploads\\\/sites\\\/9\\\/2022\\\/09\\\/logo-lekarska-fakulta.png\",\"width\":415,\"height\":87,\"caption\":\"Lek\u00e1rska fakulta | UPJ\u0160\"},\"image\":{\"@id\":\"https:\\\/\\\/www.upjs.sk\\\/lekarska-fakulta\\\/#\\\/schema\\\/logo\\\/image\\\/\"}}]}<\/script>\n<!-- \/ Yoast SEO plugin. -->","yoast_head_json":{"title":"Z\u00e1kladn\u00e9 inform\u00e1cie pre \u0161tudentov 1. roka \u0161t\u00fadia - Lek\u00e1rska fakulta | UPJ\u0160","robots":{"index":"index","follow":"follow","max-snippet":"max-snippet:-1","max-image-preview":"max-image-preview:large","max-video-preview":"max-video-preview:-1"},"canonical":"https:\/\/www.upjs.sk\/lekarska-fakulta\/informacie-pre-studentov\/akademicky-rok-2010-2011\/5127-2\/","og_locale":"sk_SK","og_type":"article","og_title":"Z\u00e1kladn\u00e9 inform\u00e1cie pre \u0161tudentov 1. roka \u0161t\u00fadia - Lek\u00e1rska fakulta | UPJ\u0160","og_description":"Po zadelen\u00ed do skup\u00edn a mo\u017enost\u00ed rozvrhu, si \u0161tudenti 1. roka \u0161t\u00fadia VL, ktor\u00ed maj\u00fa ISIC kartu, predmet Telesn\u00e1 v\u00fdchova 1 vyber\u00fa z ponuky Katedry TV prostredn\u00edctvom AiS2. \u0160tudentov, ktor\u00ed e\u0161te nemaj\u00fa ISIC kartu, \u017eiadame, aby do 5. septembra 2010 na studijne@lf.upjs.sk nahl\u00e1sili druh \u0161portu, ktor\u00fd bud\u00fa absolvova\u0165. Do mejlu uve\u010fte meno a priezvisko, d\u00e1tum &hellip; \u010c\u00edta\u0165 \u010falej","og_url":"https:\/\/www.upjs.sk\/lekarska-fakulta\/informacie-pre-studentov\/akademicky-rok-2010-2011\/5127-2\/","og_site_name":"Lek\u00e1rska fakulta | UPJ\u0160","article_modified_time":"2025-02-20T09:49:17+00:00","twitter_card":"summary_large_image","twitter_misc":{"Predpokladan\u00fd \u010das \u010d\u00edtania":"1 min\u00fata"},"schema":{"@context":"https:\/\/schema.org","@graph":[{"@type":"WebPage","@id":"https:\/\/www.upjs.sk\/lekarska-fakulta\/informacie-pre-studentov\/akademicky-rok-2010-2011\/5127-2\/","url":"https:\/\/www.upjs.sk\/lekarska-fakulta\/informacie-pre-studentov\/akademicky-rok-2010-2011\/5127-2\/","name":"Z\u00e1kladn\u00e9 inform\u00e1cie pre \u0161tudentov 1. roka \u0161t\u00fadia - Lek\u00e1rska fakulta | UPJ\u0160","isPartOf":{"@id":"https:\/\/www.upjs.sk\/lekarska-fakulta\/#website"},"datePublished":"2011-05-12T08:04:05+00:00","dateModified":"2025-02-20T09:49:17+00:00","breadcrumb":{"@id":"https:\/\/www.upjs.sk\/lekarska-fakulta\/informacie-pre-studentov\/akademicky-rok-2010-2011\/5127-2\/#breadcrumb"},"inLanguage":"sk-SK","potentialAction":[{"@type":"ReadAction","target":["https:\/\/www.upjs.sk\/lekarska-fakulta\/informacie-pre-studentov\/akademicky-rok-2010-2011\/5127-2\/"]}]},{"@type":"BreadcrumbList","@id":"https:\/\/www.upjs.sk\/lekarska-fakulta\/informacie-pre-studentov\/akademicky-rok-2010-2011\/5127-2\/#breadcrumb","itemListElement":[{"@type":"ListItem","position":1,"name":"Home","item":"https:\/\/www.upjs.sk\/lekarska-fakulta\/"},{"@type":"ListItem","position":2,"name":"Inform\u00e1cie pre \u0161tudentov","item":"https:\/\/www.upjs.sk\/lekarska-fakulta\/informacie-pre-studentov\/"},{"@type":"ListItem","position":3,"name":"Akademick\u00fd rok 2010\/2011","item":"https:\/\/www.upjs.sk\/lekarska-fakulta\/informacie-pre-studentov\/akademicky-rok-2010-2011\/"},{"@type":"ListItem","position":4,"name":"Z\u00e1kladn\u00e9 inform\u00e1cie pre \u0161tudentov 1. roka \u0161t\u00fadia"}]},{"@type":"WebSite","@id":"https:\/\/www.upjs.sk\/lekarska-fakulta\/#website","url":"https:\/\/www.upjs.sk\/lekarska-fakulta\/","name":"Lek\u00e1rska fakulta | UPJ\u0160","description":"","publisher":{"@id":"https:\/\/www.upjs.sk\/lekarska-fakulta\/#organization"},"potentialAction":[{"@type":"SearchAction","target":{"@type":"EntryPoint","urlTemplate":"https:\/\/www.upjs.sk\/lekarska-fakulta\/?s={search_term_string}"},"query-input":{"@type":"PropertyValueSpecification","valueRequired":true,"valueName":"search_term_string"}}],"inLanguage":"sk-SK"},{"@type":"Organization","@id":"https:\/\/www.upjs.sk\/lekarska-fakulta\/#organization","name":"Lek\u00e1rska fakulta | UPJ\u0160","url":"https:\/\/www.upjs.sk\/lekarska-fakulta\/","logo":{"@type":"ImageObject","inLanguage":"sk-SK","@id":"https:\/\/www.upjs.sk\/lekarska-fakulta\/#\/schema\/logo\/image\/","url":"https:\/\/www.upjs.sk\/app\/uploads\/sites\/9\/2022\/09\/logo-lekarska-fakulta.png","contentUrl":"https:\/\/www.upjs.sk\/app\/uploads\/sites\/9\/2022\/09\/logo-lekarska-fakulta.png","width":415,"height":87,"caption":"Lek\u00e1rska fakulta | UPJ\u0160"},"image":{"@id":"https:\/\/www.upjs.sk\/lekarska-fakulta\/#\/schema\/logo\/image\/"}}]}},"_links":{"self":[{"href":"https:\/\/www.upjs.sk\/lekarska-fakulta\/wp-json\/wp\/v2\/pages\/22793","targetHints":{"allow":["GET"]}}],"collection":[{"href":"https:\/\/www.upjs.sk\/lekarska-fakulta\/wp-json\/wp\/v2\/pages"}],"about":[{"href":"https:\/\/www.upjs.sk\/lekarska-fakulta\/wp-json\/wp\/v2\/types\/page"}],"author":[{"embeddable":true,"href":"https:\/\/www.upjs.sk\/lekarska-fakulta\/wp-json\/wp\/v2\/users\/1"}],"replies":[{"embeddable":true,"href":"https:\/\/www.upjs.sk\/lekarska-fakulta\/wp-json\/wp\/v2\/comments?post=22793"}],"version-history":[{"count":2,"href":"https:\/\/www.upjs.sk\/lekarska-fakulta\/wp-json\/wp\/v2\/pages\/22793\/revisions"}],"predecessor-version":[{"id":130383,"href":"https:\/\/www.upjs.sk\/lekarska-fakulta\/wp-json\/wp\/v2\/pages\/22793\/revisions\/130383"}],"up":[{"embeddable":true,"href":"https:\/\/www.upjs.sk\/lekarska-fakulta\/wp-json\/wp\/v2\/pages\/18492"}],"wp:attachment":[{"href":"https:\/\/www.upjs.sk\/lekarska-fakulta\/wp-json\/wp\/v2\/media?parent=22793"}],"wp:term":[{"taxonomy":"category","embeddable":true,"href":"https:\/\/www.upjs.sk\/lekarska-fakulta\/wp-json\/wp\/v2\/categories?post=22793"},{"taxonomy":"post_tag","embeddable":true,"href":"https:\/\/www.upjs.sk\/lekarska-fakulta\/wp-json\/wp\/v2\/tags?post=22793"}],"curies":[{"name":"wp","href":"https:\/\/api.w.org\/{rel}","templated":true}]}}