{"id":22837,"date":"2009-10-21T10:38:01","date_gmt":"2009-10-21T10:38:01","guid":{"rendered":"https:\/\/www.upjs.sk\/lekarska-fakulta\/informacie-pre-studentov\/doktorandske-studium\/vnutorne-choroby\/"},"modified":"2023-02-26T16:43:13","modified_gmt":"2023-02-26T15:43:13","slug":"vnutorne-choroby","status":"publish","type":"page","link":"https:\/\/www.upjs.sk\/lekarska-fakulta\/studenti-lf\/doktorandske\/akreditacie\/akreditovane-odbory-2004\/vnutorne-choroby\/","title":{"rendered":"Vn\u00fatorn\u00e9 choroby"},"content":{"rendered":"<p><!-- Text --><\/p>\n<div id=\"article-detail\" style=\"margin-left: 2px; margin-right: 3px;\">\n<style type=\"text\/css\"> <!-- td {padding-left:.25em;padding-right:.25em;BORDER-RIGHT: windowtext 0.5pt solid; BORDER-TOP: 0; BORDER-LEFT: windowtext 0.5pt solid; BORDER-BOTTOM: 0;vertical-align:top} --><\/style>\n<p>Zlo\u017eenie odborovej komisie doktorandsk\u00e9ho \u0161t\u00fadia v \u0161tudijnom odbore 7.1.4 Vn\u00fatorn\u00e9 choroby na LF UPJ\u0160 v Ko\u0161iciach<\/p>\n<table style=\"text-align: left; border-collapse: collapse;\" border=\"0\" cellspacing=\"0\" cellpadding=\"0\" bgcolor=\"#fff0e1\">\n<tbody>\n<tr>\n<td style=\"border-bottom: windowtext 0.5pt solid; border-top: windowtext 0.5pt solid;\">Meno a priezvisko<\/td>\n<td style=\"border-bottom: windowtext 0.5pt solid; border-top: windowtext 0.5pt solid;\">Pracovisko<\/td>\n<\/tr>\n<tr>\n<td>prof. MUDr. Ivan Tk\u00e1\u010d, PhD.<\/td>\n<td>IV. intern\u00e1 klinika LF UPJ\u0160 a FN LP Ko\u0161ice<\/td>\n<\/tr>\n<tr>\n<td>prof. MUDr. Ivan Schr\u00e9ter, CSc.<\/td>\n<td>Klinika pre infek\u010dn\u00e9 choroby LF UPJ\u0160 a FN LP Ko\u0161ice<\/td>\n<\/tr>\n<tr>\n<td>prof. MUDr. Ivica Laz\u00farov\u00e1, CSc.<\/td>\n<td>I. intern\u00e1 klinika LF UPJ\u0160 a FN LP Ko\u0161ice<\/td>\n<\/tr>\n<tr>\n<td>prof. MUDr. M\u00e1ria Tajt\u00e1kov\u00e1, PhD.<\/td>\n<td>I. intern\u00e1 klinika LF UPJ\u0160 a FN LP Ko\u0161ice<\/td>\n<\/tr>\n<tr>\n<td>prof. MUDr. Du\u0161an Trejbal, CSc.<\/td>\n<td>IV. intern\u00e1 klinika LF UPJ\u0160 a FN LP Ko\u0161ice<\/td>\n<\/tr>\n<tr>\n<td>prof. MUDr. Elena T\u00f3thov\u00e1, CSc.<\/td>\n<td>Klinika hematol\u00f3gie LF UPJ\u0160 a FN LP Ko\u0161ice<\/td>\n<\/tr>\n<tr>\n<td>doc. MUDr. Jozef Gonsor\u010d\u00edk, CSc.<\/td>\n<td>IV. intern\u00e1 klinika LF UPJ\u0160 a FN LP Ko\u0161ice<\/td>\n<\/tr>\n<tr>\n<td>prof. MUDr. Ru\u017eena Tk\u00e1\u010dov\u00e1, PhD.<\/td>\n<td>Kl. pneumol\u00f3gie a ftizeol\u00f3gie LF UPJ\u0160 a FN LP Ko\u0161ice<\/td>\n<\/tr>\n<tr>\n<td>doc. MUDr. Peter Mitro, PhD.<\/td>\n<td>III. intern\u00e1 klinika LF UPJ\u0160 a FN LP Ko\u0161ice<\/td>\n<\/tr>\n<tr>\n<td>prof. MUDr. Daniel Pella, PhD.<\/td>\n<td>I. intern\u00e1 klinika LF UPJ\u0160 a FN LP Ko\u0161ice<\/td>\n<\/tr>\n<tr>\n<td>prof. MUDr. Peter Pon\u0165uch, CSc.<\/td>\n<td>IV. intern\u00e1 klinika LF UK a FN Bratislava<\/td>\n<\/tr>\n<tr>\n<td style=\"border-bottom: windowtext 0.5pt solid;\">doc. MUDr. Peter Galajda, CSc., mim. prof.<\/td>\n<td style=\"border-bottom: windowtext 0.5pt solid;\">I. intern\u00e1 klinika JLF UK a MFN Martin<\/td>\n<\/tr>\n<\/tbody>\n<\/table>\n<h3><\/h3>\n<p><!-- Text --><\/p>\n<div id=\"article-detail\" style=\"margin-left: 2px; margin-right: 3px;\">\n<style type=\"text\/css\"> <!-- td {padding-left:.25em;padding-right:.25em;BORDER-RIGHT: windowtext 0.5pt solid; BORDER-TOP: 0; BORDER-LEFT: windowtext 0.5pt solid; BORDER-BOTTOM: 0;vertical-align:top} --><\/style>\n<p>\u0160kolitelia doktorandsk\u00e9ho \u0161t\u00fadia v \u0161tudijnom odbore<br \/>\n7.1.4 Vn\u00fatorn\u00e9 choroby<\/p>\n<table style=\"text-align: left; border-collapse: collapse;\" border=\"0\" cellspacing=\"0\" cellpadding=\"0\" bgcolor=\"#fff0e1\">\n<tbody>\n<tr>\n<td style=\"border-bottom: windowtext 0.5pt solid; border-top: windowtext 0.5pt solid;\">Por. \u010d.<\/td>\n<td style=\"border-bottom: windowtext 0.5pt solid; border-top: windowtext 0.5pt solid;\">Meno a priezvisko<\/td>\n<\/tr>\n<tr>\n<td style=\"text-align: right; padding-right: 1em;\">1.<\/td>\n<td>prof. MUDr. Branislav Bohu\u0161, CSc.<\/td>\n<\/tr>\n<tr>\n<td style=\"text-align: right; padding-right: 1em;\">2.<\/td>\n<td>doc. MUDr. Jozef Gonsor\u010d\u00edk, CSc.<\/td>\n<\/tr>\n<tr>\n<td style=\"text-align: right; padding-right: 1em;\">3.<\/td>\n<td>doc. MUDr. Pavol Jar\u010du\u0161ka, PhD.<\/td>\n<\/tr>\n<tr>\n<td style=\"text-align: right; padding-right: 1em;\">4.<\/td>\n<td>doc. MUDr. Peter Jar\u010du\u0161ka, PhD.<\/td>\n<\/tr>\n<tr>\n<td style=\"text-align: right; padding-right: 1em;\">5.<\/td>\n<td>prof. MUDr. Ivica Laz\u00farov\u00e1, CSc.<\/td>\n<\/tr>\n<tr>\n<td style=\"text-align: right; padding-right: 1em;\">6.<\/td>\n<td>doc. MUDr. \u013dubom\u00edr Leg\u00e1th, CSc.<\/td>\n<\/tr>\n<tr>\n<td style=\"text-align: right; padding-right: 1em;\">7.<\/td>\n<td>doc. MUDr. Viola Mech\u00edrov\u00e1, CSc.<\/td>\n<\/tr>\n<tr>\n<td style=\"text-align: right; padding-right: 1em;\">8.<\/td>\n<td>doc. MUDr. Peter Mitro, PhD.<\/td>\n<\/tr>\n<tr>\n<td style=\"text-align: right; padding-right: 1em;\">9.<\/td>\n<td>prof. MUDr. Miroslav Mydl\u00edk, DrSc.<\/td>\n<\/tr>\n<tr>\n<td style=\"text-align: right; padding-right: 1em;\">10.<\/td>\n<td>prof. MUDr. Jozef Pella, PhD.<\/td>\n<\/tr>\n<tr>\n<td style=\"text-align: right; padding-right: 1em;\">11.<\/td>\n<td>prof. MUDr. Daniel Pella, PhD.<\/td>\n<\/tr>\n<tr>\n<td style=\"text-align: right; padding-right: 1em;\">12.<\/td>\n<td>prof. MUDr. Ivan Schr\u00e9ter, CSc.<\/td>\n<\/tr>\n<tr>\n<td style=\"text-align: right; padding-right: 1em;\">13.<\/td>\n<td>doc. MUDr. Marian Snin\u010d\u00e1k, CSc., mim. prof.<\/td>\n<\/tr>\n<tr>\n<td style=\"text-align: right; padding-right: 1em;\">14.<\/td>\n<td>doc. MUDr. J\u00e1n \u0160tub\u0148a, CSc.<\/td>\n<\/tr>\n<tr>\n<td style=\"text-align: right; padding-right: 1em;\">15.<\/td>\n<td>prof. MUDr. M\u00e1ria Tajt\u00e1kov\u00e1, PhD.<\/td>\n<\/tr>\n<tr>\n<td style=\"text-align: right; padding-right: 1em;\">16.<\/td>\n<td>prof. MUDr. Ivan Tk\u00e1\u010d, PhD.<\/td>\n<\/tr>\n<tr>\n<td style=\"text-align: right; padding-right: 1em;\">17.<\/td>\n<td>prof. MUDr. Ru\u017eena Tk\u00e1\u010dov\u00e1, CSc.<\/td>\n<\/tr>\n<tr>\n<td style=\"text-align: right; padding-right: 1em;\">18.<\/td>\n<td>prof. MUDr. Elena T\u00f3thov\u00e1, CSc.<\/td>\n<\/tr>\n<tr>\n<td style=\"text-align: right; padding-right: 1em;\">19.<\/td>\n<td>prof. MUDr. Du\u0161an Trejbal, CSc.<\/td>\n<\/tr>\n<tr>\n<td style=\"border-bottom: windowtext 0.5pt solid; text-align: right; padding-right: 1em;\">20.<\/td>\n<td style=\"border-bottom: windowtext 0.5pt solid;\">doc. MUDr. Gabriel Valo\u010dik, PhD.<\/td>\n<\/tr>\n<\/tbody>\n<\/table>\n<\/div>\n<p><a href=\"http:\/\/www.medic.upjs.sk\/files\/c97f5dbbfae3ac550110d6bef282a8df.doc\">podmienky pre pripustenie k obhajobe<\/a><\/p>\n<\/div>\n","protected":false},"excerpt":{"rendered":"<p>Zlo\u017eenie odborovej komisie doktorandsk\u00e9ho \u0161t\u00fadia v \u0161tudijnom odbore 7.1.4 Vn\u00fatorn\u00e9 choroby na LF UPJ\u0160 v Ko\u0161iciach Meno a priezvisko Pracovisko prof. MUDr. Ivan Tk\u00e1\u010d, PhD. IV. intern\u00e1 klinika LF UPJ\u0160 a FN LP Ko\u0161ice prof. MUDr. Ivan Schr\u00e9ter, CSc. Klinika pre infek\u010dn\u00e9 choroby LF UPJ\u0160 a FN LP Ko\u0161ice prof. MUDr. Ivica Laz\u00farov\u00e1, CSc. I. &hellip; <a href=\"https:\/\/www.upjs.sk\/lekarska-fakulta\/studenti-lf\/doktorandske\/akreditacie\/akreditovane-odbory-2004\/vnutorne-choroby\/\">\u010c\u00edta\u0165 \u010falej<\/a><\/p>\n","protected":false},"author":1,"featured_media":0,"parent":22836,"menu_order":1,"comment_status":"closed","ping_status":"closed","template":"","meta":{"_acf_changed":false,"_editorskit_title_hidden":false,"_editorskit_reading_time":0,"_editorskit_is_block_options_detached":false,"_editorskit_block_options_position":"{}","footnotes":""},"categories":[],"tags":[],"class_list":["post-22837","page","type-page","status-publish","hentry"],"acf":{"acf_link_na_externy_obsah":""},"yoast_head":"<!-- This site is optimized with the Yoast SEO plugin v27.4 - https:\/\/yoast.com\/product\/yoast-seo-wordpress\/ -->\n<title>Vn\u00fatorn\u00e9 choroby - Lek\u00e1rska fakulta | UPJ\u0160<\/title>\n<meta name=\"robots\" content=\"index, follow, max-snippet:-1, max-image-preview:large, max-video-preview:-1\" \/>\n<link rel=\"canonical\" href=\"https:\/\/www.upjs.sk\/lekarska-fakulta\/studenti-lf\/doktorandske\/akreditacie\/akreditovane-odbory-2004\/vnutorne-choroby\/\" \/>\n<meta property=\"og:locale\" content=\"sk_SK\" \/>\n<meta property=\"og:type\" content=\"article\" \/>\n<meta property=\"og:title\" content=\"Vn\u00fatorn\u00e9 choroby - Lek\u00e1rska fakulta | UPJ\u0160\" \/>\n<meta property=\"og:description\" content=\"Zlo\u017eenie odborovej komisie doktorandsk\u00e9ho \u0161t\u00fadia v \u0161tudijnom odbore 7.1.4 Vn\u00fatorn\u00e9 choroby na LF UPJ\u0160 v Ko\u0161iciach Meno a priezvisko Pracovisko prof. MUDr. Ivan Tk\u00e1\u010d, PhD. IV. intern\u00e1 klinika LF UPJ\u0160 a FN LP Ko\u0161ice prof. MUDr. Ivan Schr\u00e9ter, CSc. Klinika pre infek\u010dn\u00e9 choroby LF UPJ\u0160 a FN LP Ko\u0161ice prof. MUDr. Ivica Laz\u00farov\u00e1, CSc. I. &hellip; \u010c\u00edta\u0165 \u010falej\" \/>\n<meta property=\"og:url\" content=\"https:\/\/www.upjs.sk\/lekarska-fakulta\/studenti-lf\/doktorandske\/akreditacie\/akreditovane-odbory-2004\/vnutorne-choroby\/\" \/>\n<meta property=\"og:site_name\" content=\"Lek\u00e1rska fakulta | UPJ\u0160\" \/>\n<meta property=\"article:modified_time\" content=\"2023-02-26T15:43:13+00:00\" \/>\n<meta name=\"twitter:card\" content=\"summary_large_image\" \/>\n<meta name=\"twitter:label1\" content=\"Predpokladan\u00fd \u010das \u010d\u00edtania\" \/>\n\t<meta name=\"twitter:data1\" content=\"2 min\u00faty\" \/>\n<script type=\"application\/ld+json\" class=\"yoast-schema-graph\">{\"@context\":\"https:\\\/\\\/schema.org\",\"@graph\":[{\"@type\":\"WebPage\",\"@id\":\"https:\\\/\\\/www.upjs.sk\\\/lekarska-fakulta\\\/studenti-lf\\\/doktorandske\\\/akreditacie\\\/akreditovane-odbory-2004\\\/vnutorne-choroby\\\/\",\"url\":\"https:\\\/\\\/www.upjs.sk\\\/lekarska-fakulta\\\/studenti-lf\\\/doktorandske\\\/akreditacie\\\/akreditovane-odbory-2004\\\/vnutorne-choroby\\\/\",\"name\":\"Vn\u00fatorn\u00e9 choroby - Lek\u00e1rska fakulta | UPJ\u0160\",\"isPartOf\":{\"@id\":\"https:\\\/\\\/www.upjs.sk\\\/lekarska-fakulta\\\/#website\"},\"datePublished\":\"2009-10-21T10:38:01+00:00\",\"dateModified\":\"2023-02-26T15:43:13+00:00\",\"breadcrumb\":{\"@id\":\"https:\\\/\\\/www.upjs.sk\\\/lekarska-fakulta\\\/studenti-lf\\\/doktorandske\\\/akreditacie\\\/akreditovane-odbory-2004\\\/vnutorne-choroby\\\/#breadcrumb\"},\"inLanguage\":\"sk-SK\",\"potentialAction\":[{\"@type\":\"ReadAction\",\"target\":[\"https:\\\/\\\/www.upjs.sk\\\/lekarska-fakulta\\\/studenti-lf\\\/doktorandske\\\/akreditacie\\\/akreditovane-odbory-2004\\\/vnutorne-choroby\\\/\"]}]},{\"@type\":\"BreadcrumbList\",\"@id\":\"https:\\\/\\\/www.upjs.sk\\\/lekarska-fakulta\\\/studenti-lf\\\/doktorandske\\\/akreditacie\\\/akreditovane-odbory-2004\\\/vnutorne-choroby\\\/#breadcrumb\",\"itemListElement\":[{\"@type\":\"ListItem\",\"position\":1,\"name\":\"Home\",\"item\":\"https:\\\/\\\/www.upjs.sk\\\/lekarska-fakulta\\\/\"},{\"@type\":\"ListItem\",\"position\":2,\"name\":\"\u0160tudenti\",\"item\":\"https:\\\/\\\/www.upjs.sk\\\/lekarska-fakulta\\\/studenti-lf\\\/\"},{\"@type\":\"ListItem\",\"position\":3,\"name\":\"Doktorandsk\u00e9 \u0161t\u00fadium\",\"item\":\"https:\\\/\\\/www.upjs.sk\\\/lekarska-fakulta\\\/studenti-lf\\\/doktorandske\\\/\"},{\"@type\":\"ListItem\",\"position\":4,\"name\":\"Akreditovan\u00e9 \u0161tudijn\u00e9 odbory a programy\",\"item\":\"https:\\\/\\\/www.upjs.sk\\\/lekarska-fakulta\\\/studenti-lf\\\/doktorandske\\\/akreditacie\\\/\"},{\"@type\":\"ListItem\",\"position\":5,\"name\":\"Akreditovan\u00e9 odbory doktorandsk\u00e9ho \u0161t\u00fadia &#8211; 2004\",\"item\":\"https:\\\/\\\/www.upjs.sk\\\/lekarska-fakulta\\\/studenti-lf\\\/doktorandske\\\/akreditacie\\\/akreditovane-odbory-2004\\\/\"},{\"@type\":\"ListItem\",\"position\":6,\"name\":\"Vn\u00fatorn\u00e9 choroby\"}]},{\"@type\":\"WebSite\",\"@id\":\"https:\\\/\\\/www.upjs.sk\\\/lekarska-fakulta\\\/#website\",\"url\":\"https:\\\/\\\/www.upjs.sk\\\/lekarska-fakulta\\\/\",\"name\":\"Lek\u00e1rska fakulta | UPJ\u0160\",\"description\":\"\",\"publisher\":{\"@id\":\"https:\\\/\\\/www.upjs.sk\\\/lekarska-fakulta\\\/#organization\"},\"potentialAction\":[{\"@type\":\"SearchAction\",\"target\":{\"@type\":\"EntryPoint\",\"urlTemplate\":\"https:\\\/\\\/www.upjs.sk\\\/lekarska-fakulta\\\/?s={search_term_string}\"},\"query-input\":{\"@type\":\"PropertyValueSpecification\",\"valueRequired\":true,\"valueName\":\"search_term_string\"}}],\"inLanguage\":\"sk-SK\"},{\"@type\":\"Organization\",\"@id\":\"https:\\\/\\\/www.upjs.sk\\\/lekarska-fakulta\\\/#organization\",\"name\":\"Lek\u00e1rska fakulta | UPJ\u0160\",\"url\":\"https:\\\/\\\/www.upjs.sk\\\/lekarska-fakulta\\\/\",\"logo\":{\"@type\":\"ImageObject\",\"inLanguage\":\"sk-SK\",\"@id\":\"https:\\\/\\\/www.upjs.sk\\\/lekarska-fakulta\\\/#\\\/schema\\\/logo\\\/image\\\/\",\"url\":\"https:\\\/\\\/www.upjs.sk\\\/app\\\/uploads\\\/sites\\\/9\\\/2022\\\/09\\\/logo-lekarska-fakulta.png\",\"contentUrl\":\"https:\\\/\\\/www.upjs.sk\\\/app\\\/uploads\\\/sites\\\/9\\\/2022\\\/09\\\/logo-lekarska-fakulta.png\",\"width\":415,\"height\":87,\"caption\":\"Lek\u00e1rska fakulta | UPJ\u0160\"},\"image\":{\"@id\":\"https:\\\/\\\/www.upjs.sk\\\/lekarska-fakulta\\\/#\\\/schema\\\/logo\\\/image\\\/\"}}]}<\/script>\n<!-- \/ Yoast SEO plugin. -->","yoast_head_json":{"title":"Vn\u00fatorn\u00e9 choroby - Lek\u00e1rska fakulta | UPJ\u0160","robots":{"index":"index","follow":"follow","max-snippet":"max-snippet:-1","max-image-preview":"max-image-preview:large","max-video-preview":"max-video-preview:-1"},"canonical":"https:\/\/www.upjs.sk\/lekarska-fakulta\/studenti-lf\/doktorandske\/akreditacie\/akreditovane-odbory-2004\/vnutorne-choroby\/","og_locale":"sk_SK","og_type":"article","og_title":"Vn\u00fatorn\u00e9 choroby - Lek\u00e1rska fakulta | UPJ\u0160","og_description":"Zlo\u017eenie odborovej komisie doktorandsk\u00e9ho \u0161t\u00fadia v \u0161tudijnom odbore 7.1.4 Vn\u00fatorn\u00e9 choroby na LF UPJ\u0160 v Ko\u0161iciach Meno a priezvisko Pracovisko prof. MUDr. Ivan Tk\u00e1\u010d, PhD. IV. intern\u00e1 klinika LF UPJ\u0160 a FN LP Ko\u0161ice prof. MUDr. Ivan Schr\u00e9ter, CSc. Klinika pre infek\u010dn\u00e9 choroby LF UPJ\u0160 a FN LP Ko\u0161ice prof. MUDr. Ivica Laz\u00farov\u00e1, CSc. I. &hellip; \u010c\u00edta\u0165 \u010falej","og_url":"https:\/\/www.upjs.sk\/lekarska-fakulta\/studenti-lf\/doktorandske\/akreditacie\/akreditovane-odbory-2004\/vnutorne-choroby\/","og_site_name":"Lek\u00e1rska fakulta | UPJ\u0160","article_modified_time":"2023-02-26T15:43:13+00:00","twitter_card":"summary_large_image","twitter_misc":{"Predpokladan\u00fd \u010das \u010d\u00edtania":"2 min\u00faty"},"schema":{"@context":"https:\/\/schema.org","@graph":[{"@type":"WebPage","@id":"https:\/\/www.upjs.sk\/lekarska-fakulta\/studenti-lf\/doktorandske\/akreditacie\/akreditovane-odbory-2004\/vnutorne-choroby\/","url":"https:\/\/www.upjs.sk\/lekarska-fakulta\/studenti-lf\/doktorandske\/akreditacie\/akreditovane-odbory-2004\/vnutorne-choroby\/","name":"Vn\u00fatorn\u00e9 choroby - Lek\u00e1rska fakulta | UPJ\u0160","isPartOf":{"@id":"https:\/\/www.upjs.sk\/lekarska-fakulta\/#website"},"datePublished":"2009-10-21T10:38:01+00:00","dateModified":"2023-02-26T15:43:13+00:00","breadcrumb":{"@id":"https:\/\/www.upjs.sk\/lekarska-fakulta\/studenti-lf\/doktorandske\/akreditacie\/akreditovane-odbory-2004\/vnutorne-choroby\/#breadcrumb"},"inLanguage":"sk-SK","potentialAction":[{"@type":"ReadAction","target":["https:\/\/www.upjs.sk\/lekarska-fakulta\/studenti-lf\/doktorandske\/akreditacie\/akreditovane-odbory-2004\/vnutorne-choroby\/"]}]},{"@type":"BreadcrumbList","@id":"https:\/\/www.upjs.sk\/lekarska-fakulta\/studenti-lf\/doktorandske\/akreditacie\/akreditovane-odbory-2004\/vnutorne-choroby\/#breadcrumb","itemListElement":[{"@type":"ListItem","position":1,"name":"Home","item":"https:\/\/www.upjs.sk\/lekarska-fakulta\/"},{"@type":"ListItem","position":2,"name":"\u0160tudenti","item":"https:\/\/www.upjs.sk\/lekarska-fakulta\/studenti-lf\/"},{"@type":"ListItem","position":3,"name":"Doktorandsk\u00e9 \u0161t\u00fadium","item":"https:\/\/www.upjs.sk\/lekarska-fakulta\/studenti-lf\/doktorandske\/"},{"@type":"ListItem","position":4,"name":"Akreditovan\u00e9 \u0161tudijn\u00e9 odbory a programy","item":"https:\/\/www.upjs.sk\/lekarska-fakulta\/studenti-lf\/doktorandske\/akreditacie\/"},{"@type":"ListItem","position":5,"name":"Akreditovan\u00e9 odbory doktorandsk\u00e9ho \u0161t\u00fadia &#8211; 2004","item":"https:\/\/www.upjs.sk\/lekarska-fakulta\/studenti-lf\/doktorandske\/akreditacie\/akreditovane-odbory-2004\/"},{"@type":"ListItem","position":6,"name":"Vn\u00fatorn\u00e9 choroby"}]},{"@type":"WebSite","@id":"https:\/\/www.upjs.sk\/lekarska-fakulta\/#website","url":"https:\/\/www.upjs.sk\/lekarska-fakulta\/","name":"Lek\u00e1rska fakulta | UPJ\u0160","description":"","publisher":{"@id":"https:\/\/www.upjs.sk\/lekarska-fakulta\/#organization"},"potentialAction":[{"@type":"SearchAction","target":{"@type":"EntryPoint","urlTemplate":"https:\/\/www.upjs.sk\/lekarska-fakulta\/?s={search_term_string}"},"query-input":{"@type":"PropertyValueSpecification","valueRequired":true,"valueName":"search_term_string"}}],"inLanguage":"sk-SK"},{"@type":"Organization","@id":"https:\/\/www.upjs.sk\/lekarska-fakulta\/#organization","name":"Lek\u00e1rska fakulta | UPJ\u0160","url":"https:\/\/www.upjs.sk\/lekarska-fakulta\/","logo":{"@type":"ImageObject","inLanguage":"sk-SK","@id":"https:\/\/www.upjs.sk\/lekarska-fakulta\/#\/schema\/logo\/image\/","url":"https:\/\/www.upjs.sk\/app\/uploads\/sites\/9\/2022\/09\/logo-lekarska-fakulta.png","contentUrl":"https:\/\/www.upjs.sk\/app\/uploads\/sites\/9\/2022\/09\/logo-lekarska-fakulta.png","width":415,"height":87,"caption":"Lek\u00e1rska fakulta | UPJ\u0160"},"image":{"@id":"https:\/\/www.upjs.sk\/lekarska-fakulta\/#\/schema\/logo\/image\/"}}]}},"_links":{"self":[{"href":"https:\/\/www.upjs.sk\/lekarska-fakulta\/wp-json\/wp\/v2\/pages\/22837","targetHints":{"allow":["GET"]}}],"collection":[{"href":"https:\/\/www.upjs.sk\/lekarska-fakulta\/wp-json\/wp\/v2\/pages"}],"about":[{"href":"https:\/\/www.upjs.sk\/lekarska-fakulta\/wp-json\/wp\/v2\/types\/page"}],"author":[{"embeddable":true,"href":"https:\/\/www.upjs.sk\/lekarska-fakulta\/wp-json\/wp\/v2\/users\/1"}],"replies":[{"embeddable":true,"href":"https:\/\/www.upjs.sk\/lekarska-fakulta\/wp-json\/wp\/v2\/comments?post=22837"}],"version-history":[{"count":3,"href":"https:\/\/www.upjs.sk\/lekarska-fakulta\/wp-json\/wp\/v2\/pages\/22837\/revisions"}],"predecessor-version":[{"id":80702,"href":"https:\/\/www.upjs.sk\/lekarska-fakulta\/wp-json\/wp\/v2\/pages\/22837\/revisions\/80702"}],"up":[{"embeddable":true,"href":"https:\/\/www.upjs.sk\/lekarska-fakulta\/wp-json\/wp\/v2\/pages\/22836"}],"wp:attachment":[{"href":"https:\/\/www.upjs.sk\/lekarska-fakulta\/wp-json\/wp\/v2\/media?parent=22837"}],"wp:term":[{"taxonomy":"category","embeddable":true,"href":"https:\/\/www.upjs.sk\/lekarska-fakulta\/wp-json\/wp\/v2\/categories?post=22837"},{"taxonomy":"post_tag","embeddable":true,"href":"https:\/\/www.upjs.sk\/lekarska-fakulta\/wp-json\/wp\/v2\/tags?post=22837"}],"curies":[{"name":"wp","href":"https:\/\/api.w.org\/{rel}","templated":true}]}}