{"id":22849,"date":"2023-02-26T18:33:15","date_gmt":"2023-02-26T17:33:15","guid":{"rendered":"https:\/\/www.upjs.sk\/lekarska-fakulta\/informacie-pre-studentov\/doktorandske-studium\/neurovedy\/"},"modified":"2023-02-26T18:33:32","modified_gmt":"2023-02-26T17:33:32","slug":"neurovedy","status":"publish","type":"page","link":"https:\/\/www.upjs.sk\/lekarska-fakulta\/studenti-lf\/doktorandske\/akreditacie\/akreditovane-odbory-2004\/neurovedy\/","title":{"rendered":"Neurovedy"},"content":{"rendered":"<p><!-- Text --><\/p>\n<div id=\"article-detail\" style=\"margin-left: 2px; margin-right: 3px;\">\n<style type=\"text\/css\"> <!-- td {padding-left:.5em;padding-right:.5em;BORDER-RIGHT: windowtext 0.5pt solid; BORDER-TOP: 0; BORDER-LEFT: windowtext 0.5pt solid; BORDER-BOTTOM: 0;vertical-align:top} --><\/style>\n<p>Zlo\u017eenie odborovej komisie doktorandsk\u00e9ho \u0161t\u00fadia v \u0161tudijnom odbore 4.2.16 Neurovedy na LF UPJ\u0160 v Ko\u0161iciach<\/p>\n<table style=\"text-align: left; border-collapse: collapse;\" border=\"0\" cellspacing=\"0\" cellpadding=\"0\" bgcolor=\"#fff0e1\">\n<tbody>\n<tr>\n<td style=\"border-bottom: windowtext 0.5pt solid; border-top: windowtext 0.5pt solid;\">Meno a priezvisko<\/td>\n<td style=\"border-bottom: windowtext 0.5pt solid; border-top: windowtext 0.5pt solid;\">Pracovisko<\/td>\n<\/tr>\n<tr>\n<td>prof. MUDr. Igor \u0160ulla, DrSc.<\/td>\n<td>\u00dastav farmakol\u00f3gie LF UPJ\u0160 Ko\u0161ice<\/td>\n<\/tr>\n<tr>\n<td>prof. MUDr. Ladislav Mirossay, DrSc.<\/td>\n<td>I. intern\u00e1 klinika LF UPJ\u0160 Ko\u0161ice<\/td>\n<\/tr>\n<tr>\n<td>prof. MUDr. Jozef Mar\u0161ala, DrSc.<\/td>\n<td>\u00dastav farmakol\u00f3gie LF UPJ\u0160 Ko\u0161ice<\/td>\n<\/tr>\n<tr>\n<td>doc. MUDr. Zuzana Gdovinov\u00e1, CSc., mim. prof.<\/td>\n<td>IV. intern\u00e1 klinika LF UPJ\u0160 Ko\u0161ice<\/td>\n<\/tr>\n<tr>\n<td>doc. MUDr. Ivan D\u00f3ci, PhD.<\/td>\n<td>I. intern\u00e1 klinika LF UPJ\u0160 Ko\u0161ice<\/td>\n<\/tr>\n<tr>\n<td>doc. MUDr. Jozef V\u00fdrostko, CSc.<\/td>\n<td>Katedra klinickej farmakol\u00f3gie SZU Bratislava<\/td>\n<\/tr>\n<tr>\n<td>MVDr. Ivo Vanick\u00fd, PhD.<\/td>\n<td>\u00dastav farmakol\u00f3gie LF UK Bratislava<\/td>\n<\/tr>\n<tr>\n<td>RNDr. Nade\u017eda Luk\u00e1\u010dov\u00e1, DrSc.<\/td>\n<td>Neurologick\u00e1 klinika LF UK Bratislava<\/td>\n<\/tr>\n<tr>\n<td style=\"border-bottom: windowtext 0.5pt solid;\">MUDr. Judita Orend\u00e1\u010dov\u00e1, CSc.<\/td>\n<td style=\"border-bottom: windowtext 0.5pt solid;\">Klinika det\u00ed a dorastu JLF UK Martin<\/td>\n<\/tr>\n<\/tbody>\n<\/table>\n<p><!-- Text --><\/p>\n<div id=\"article-detail\" style=\"margin-left: 2px; margin-right: 3px;\">\n<style type=\"text\/css\"> <!-- td {padding-left:.25em;padding-right:.25em;BORDER-RIGHT: windowtext 0.5pt solid; BORDER-TOP: 0; BORDER-LEFT: windowtext 0.5pt solid; BORDER-BOTTOM: 0;vertical-align:top} --><\/style>\n<p>\u0160kolitelia doktorandsk\u00e9ho \u0161t\u00fadia v \u0161tudijnom odbore<br \/>\n4.2.16 Neurovedy<\/p>\n<table style=\"text-align: left; border-collapse: collapse;\" border=\"0\" cellspacing=\"0\" cellpadding=\"0\" bgcolor=\"#fff0e1\">\n<tbody>\n<tr>\n<td style=\"border-bottom: windowtext 0.5pt solid; border-top: windowtext 0.5pt solid;\">Por. \u010d.<\/td>\n<td style=\"border-bottom: windowtext 0.5pt solid; border-top: windowtext 0.5pt solid;\">Meno a priezvisko<\/td>\n<\/tr>\n<tr>\n<td style=\"text-align: right; padding-right: 1em;\">1.<\/td>\n<td>MVDr. Da\u0161a \u010c\u00ed\u017ekov\u00e1, CSc.<\/td>\n<\/tr>\n<tr>\n<td style=\"text-align: right; padding-right: 1em;\">2.<\/td>\n<td>RNDr. Peter Filip\u010d\u00edk, CSc.<\/td>\n<\/tr>\n<tr>\n<td style=\"text-align: right; padding-right: 1em;\">3.<\/td>\n<td>doc. MUDr. Miroslavy Gajdo\u0161, CSc., mim. prof.<\/td>\n<\/tr>\n<tr>\n<td style=\"text-align: right; padding-right: 1em;\">4.<\/td>\n<td>doc. MUDr. Zuzana Gdovinov\u00e1, CSc., mim. prof.<\/td>\n<\/tr>\n<tr>\n<td style=\"text-align: right; padding-right: 1em;\">5.<\/td>\n<td>Ing. Jozef Hanes, PhD.<\/td>\n<\/tr>\n<tr>\n<td style=\"text-align: right; padding-right: 1em;\">6.<\/td>\n<td>prof. MUDr. Darina Kluchov\u00e1, CSc.<\/td>\n<\/tr>\n<tr>\n<td style=\"text-align: right; padding-right: 1em;\">7.<\/td>\n<td>prof. RNDr. Eva Kontsekov\u00e1, DrSc.<\/td>\n<\/tr>\n<tr>\n<td style=\"text-align: right; padding-right: 1em;\">8.<\/td>\n<td>RNDr. Nade\u017eda Luk\u00e1\u010dov\u00e1, CSc.<\/td>\n<\/tr>\n<tr>\n<td style=\"text-align: right; padding-right: 1em;\">9.<\/td>\n<td>doc. MUDr. Eva Mech\u00edrov\u00e1, CSc., mim. prof.<\/td>\n<\/tr>\n<tr>\n<td style=\"text-align: right; padding-right: 1em;\">10.<\/td>\n<td>prof. MUDr. Ladislav Mirossay, DrSc.<\/td>\n<\/tr>\n<tr>\n<td style=\"text-align: right; padding-right: 1em;\">11.<\/td>\n<td>prof. MVDr. J\u00e1n Moj\u017ei\u0161, CSc.<\/td>\n<\/tr>\n<tr>\n<td style=\"text-align: right; padding-right: 1em;\">12.<\/td>\n<td>prof. MVDr. Michal Nov\u00e1k, DrSc.<\/td>\n<\/tr>\n<tr>\n<td style=\"text-align: right; padding-right: 1em;\">13.<\/td>\n<td>prof. MVDr. Mikul\u00e1\u0161 Pomfy, CSc.<\/td>\n<\/tr>\n<tr>\n<td style=\"text-align: right; padding-right: 1em;\">14.<\/td>\n<td>RNDr. Rostislav \u0160krabana, PhD.<\/td>\n<\/tr>\n<tr>\n<td style=\"text-align: right; padding-right: 1em;\">15.<\/td>\n<td>prof. MUDr. Igor \u0160ulla, DrSc.<\/td>\n<\/tr>\n<tr>\n<td style=\"text-align: right; padding-right: 1em;\">16.<\/td>\n<td>MVDr. Ivo Vanick\u00fd, PhD.<\/td>\n<\/tr>\n<tr>\n<td style=\"text-align: right; padding-right: 1em;\">17.<\/td>\n<td>doc. MUDr. Jozef V\u00fdrostko, CSc.<\/td>\n<\/tr>\n<tr>\n<td style=\"border-bottom: windowtext 0.5pt solid; text-align: right; padding-right: 1em;\">18.<\/td>\n<td style=\"border-bottom: windowtext 0.5pt solid;\">MVDr. Norbert \u017dilka, PhD.<\/td>\n<\/tr>\n<\/tbody>\n<\/table>\n<\/div>\n<p>podmienky pre pripustenie k obhajobe<\/p>\n<\/div>\n","protected":false},"excerpt":{"rendered":"<p>Zlo\u017eenie odborovej komisie doktorandsk\u00e9ho \u0161t\u00fadia v \u0161tudijnom odbore 4.2.16 Neurovedy na LF UPJ\u0160 v Ko\u0161iciach Meno a priezvisko Pracovisko prof. MUDr. Igor \u0160ulla, DrSc. \u00dastav farmakol\u00f3gie LF UPJ\u0160 Ko\u0161ice prof. MUDr. Ladislav Mirossay, DrSc. I. intern\u00e1 klinika LF UPJ\u0160 Ko\u0161ice prof. MUDr. Jozef Mar\u0161ala, DrSc. \u00dastav farmakol\u00f3gie LF UPJ\u0160 Ko\u0161ice doc. MUDr. Zuzana Gdovinov\u00e1, CSc., &hellip; <a href=\"https:\/\/www.upjs.sk\/lekarska-fakulta\/studenti-lf\/doktorandske\/akreditacie\/akreditovane-odbory-2004\/neurovedy\/\">\u010c\u00edta\u0165 \u010falej<\/a><\/p>\n","protected":false},"author":1,"featured_media":0,"parent":22836,"menu_order":13,"comment_status":"closed","ping_status":"closed","template":"","meta":{"_acf_changed":false,"_editorskit_title_hidden":false,"_editorskit_reading_time":1,"_editorskit_is_block_options_detached":false,"_editorskit_block_options_position":"{}","footnotes":""},"categories":[],"tags":[],"class_list":["post-22849","page","type-page","status-publish","hentry"],"acf":{"acf_link_na_externy_obsah":""},"yoast_head":"<!-- This site is optimized with the Yoast SEO plugin v27.4 - https:\/\/yoast.com\/product\/yoast-seo-wordpress\/ -->\n<title>Neurovedy - Lek\u00e1rska fakulta | UPJ\u0160<\/title>\n<meta name=\"robots\" content=\"index, follow, max-snippet:-1, max-image-preview:large, max-video-preview:-1\" \/>\n<link rel=\"canonical\" href=\"https:\/\/www.upjs.sk\/lekarska-fakulta\/studenti-lf\/doktorandske\/akreditacie\/akreditovane-odbory-2004\/neurovedy\/\" \/>\n<meta property=\"og:locale\" content=\"sk_SK\" \/>\n<meta property=\"og:type\" content=\"article\" \/>\n<meta property=\"og:title\" content=\"Neurovedy - Lek\u00e1rska fakulta | UPJ\u0160\" \/>\n<meta property=\"og:description\" content=\"Zlo\u017eenie odborovej komisie doktorandsk\u00e9ho \u0161t\u00fadia v \u0161tudijnom odbore 4.2.16 Neurovedy na LF UPJ\u0160 v Ko\u0161iciach Meno a priezvisko Pracovisko prof. MUDr. Igor \u0160ulla, DrSc. \u00dastav farmakol\u00f3gie LF UPJ\u0160 Ko\u0161ice prof. MUDr. Ladislav Mirossay, DrSc. I. intern\u00e1 klinika LF UPJ\u0160 Ko\u0161ice prof. MUDr. Jozef Mar\u0161ala, DrSc. \u00dastav farmakol\u00f3gie LF UPJ\u0160 Ko\u0161ice doc. MUDr. Zuzana Gdovinov\u00e1, CSc., &hellip; \u010c\u00edta\u0165 \u010falej\" \/>\n<meta property=\"og:url\" content=\"https:\/\/www.upjs.sk\/lekarska-fakulta\/studenti-lf\/doktorandske\/akreditacie\/akreditovane-odbory-2004\/neurovedy\/\" \/>\n<meta property=\"og:site_name\" content=\"Lek\u00e1rska fakulta | UPJ\u0160\" \/>\n<meta property=\"article:modified_time\" content=\"2023-02-26T17:33:32+00:00\" \/>\n<meta name=\"twitter:card\" content=\"summary_large_image\" \/>\n<meta name=\"twitter:label1\" content=\"Predpokladan\u00fd \u010das \u010d\u00edtania\" \/>\n\t<meta name=\"twitter:data1\" content=\"2 min\u00faty\" \/>\n<script type=\"application\/ld+json\" class=\"yoast-schema-graph\">{\"@context\":\"https:\\\/\\\/schema.org\",\"@graph\":[{\"@type\":\"WebPage\",\"@id\":\"https:\\\/\\\/www.upjs.sk\\\/lekarska-fakulta\\\/studenti-lf\\\/doktorandske\\\/akreditacie\\\/akreditovane-odbory-2004\\\/neurovedy\\\/\",\"url\":\"https:\\\/\\\/www.upjs.sk\\\/lekarska-fakulta\\\/studenti-lf\\\/doktorandske\\\/akreditacie\\\/akreditovane-odbory-2004\\\/neurovedy\\\/\",\"name\":\"Neurovedy - Lek\u00e1rska fakulta | UPJ\u0160\",\"isPartOf\":{\"@id\":\"https:\\\/\\\/www.upjs.sk\\\/lekarska-fakulta\\\/#website\"},\"datePublished\":\"2023-02-26T17:33:15+00:00\",\"dateModified\":\"2023-02-26T17:33:32+00:00\",\"breadcrumb\":{\"@id\":\"https:\\\/\\\/www.upjs.sk\\\/lekarska-fakulta\\\/studenti-lf\\\/doktorandske\\\/akreditacie\\\/akreditovane-odbory-2004\\\/neurovedy\\\/#breadcrumb\"},\"inLanguage\":\"sk-SK\",\"potentialAction\":[{\"@type\":\"ReadAction\",\"target\":[\"https:\\\/\\\/www.upjs.sk\\\/lekarska-fakulta\\\/studenti-lf\\\/doktorandske\\\/akreditacie\\\/akreditovane-odbory-2004\\\/neurovedy\\\/\"]}]},{\"@type\":\"BreadcrumbList\",\"@id\":\"https:\\\/\\\/www.upjs.sk\\\/lekarska-fakulta\\\/studenti-lf\\\/doktorandske\\\/akreditacie\\\/akreditovane-odbory-2004\\\/neurovedy\\\/#breadcrumb\",\"itemListElement\":[{\"@type\":\"ListItem\",\"position\":1,\"name\":\"Home\",\"item\":\"https:\\\/\\\/www.upjs.sk\\\/lekarska-fakulta\\\/\"},{\"@type\":\"ListItem\",\"position\":2,\"name\":\"\u0160tudenti\",\"item\":\"https:\\\/\\\/www.upjs.sk\\\/lekarska-fakulta\\\/studenti-lf\\\/\"},{\"@type\":\"ListItem\",\"position\":3,\"name\":\"Doktorandsk\u00e9 \u0161t\u00fadium\",\"item\":\"https:\\\/\\\/www.upjs.sk\\\/lekarska-fakulta\\\/studenti-lf\\\/doktorandske\\\/\"},{\"@type\":\"ListItem\",\"position\":4,\"name\":\"Akreditovan\u00e9 \u0161tudijn\u00e9 odbory a programy\",\"item\":\"https:\\\/\\\/www.upjs.sk\\\/lekarska-fakulta\\\/studenti-lf\\\/doktorandske\\\/akreditacie\\\/\"},{\"@type\":\"ListItem\",\"position\":5,\"name\":\"Akreditovan\u00e9 odbory doktorandsk\u00e9ho \u0161t\u00fadia &#8211; 2004\",\"item\":\"https:\\\/\\\/www.upjs.sk\\\/lekarska-fakulta\\\/studenti-lf\\\/doktorandske\\\/akreditacie\\\/akreditovane-odbory-2004\\\/\"},{\"@type\":\"ListItem\",\"position\":6,\"name\":\"Neurovedy\"}]},{\"@type\":\"WebSite\",\"@id\":\"https:\\\/\\\/www.upjs.sk\\\/lekarska-fakulta\\\/#website\",\"url\":\"https:\\\/\\\/www.upjs.sk\\\/lekarska-fakulta\\\/\",\"name\":\"Lek\u00e1rska fakulta | UPJ\u0160\",\"description\":\"\",\"publisher\":{\"@id\":\"https:\\\/\\\/www.upjs.sk\\\/lekarska-fakulta\\\/#organization\"},\"potentialAction\":[{\"@type\":\"SearchAction\",\"target\":{\"@type\":\"EntryPoint\",\"urlTemplate\":\"https:\\\/\\\/www.upjs.sk\\\/lekarska-fakulta\\\/?s={search_term_string}\"},\"query-input\":{\"@type\":\"PropertyValueSpecification\",\"valueRequired\":true,\"valueName\":\"search_term_string\"}}],\"inLanguage\":\"sk-SK\"},{\"@type\":\"Organization\",\"@id\":\"https:\\\/\\\/www.upjs.sk\\\/lekarska-fakulta\\\/#organization\",\"name\":\"Lek\u00e1rska fakulta | UPJ\u0160\",\"url\":\"https:\\\/\\\/www.upjs.sk\\\/lekarska-fakulta\\\/\",\"logo\":{\"@type\":\"ImageObject\",\"inLanguage\":\"sk-SK\",\"@id\":\"https:\\\/\\\/www.upjs.sk\\\/lekarska-fakulta\\\/#\\\/schema\\\/logo\\\/image\\\/\",\"url\":\"https:\\\/\\\/www.upjs.sk\\\/app\\\/uploads\\\/sites\\\/9\\\/2022\\\/09\\\/logo-lekarska-fakulta.png\",\"contentUrl\":\"https:\\\/\\\/www.upjs.sk\\\/app\\\/uploads\\\/sites\\\/9\\\/2022\\\/09\\\/logo-lekarska-fakulta.png\",\"width\":415,\"height\":87,\"caption\":\"Lek\u00e1rska fakulta | UPJ\u0160\"},\"image\":{\"@id\":\"https:\\\/\\\/www.upjs.sk\\\/lekarska-fakulta\\\/#\\\/schema\\\/logo\\\/image\\\/\"}}]}<\/script>\n<!-- \/ Yoast SEO plugin. -->","yoast_head_json":{"title":"Neurovedy - Lek\u00e1rska fakulta | UPJ\u0160","robots":{"index":"index","follow":"follow","max-snippet":"max-snippet:-1","max-image-preview":"max-image-preview:large","max-video-preview":"max-video-preview:-1"},"canonical":"https:\/\/www.upjs.sk\/lekarska-fakulta\/studenti-lf\/doktorandske\/akreditacie\/akreditovane-odbory-2004\/neurovedy\/","og_locale":"sk_SK","og_type":"article","og_title":"Neurovedy - Lek\u00e1rska fakulta | UPJ\u0160","og_description":"Zlo\u017eenie odborovej komisie doktorandsk\u00e9ho \u0161t\u00fadia v \u0161tudijnom odbore 4.2.16 Neurovedy na LF UPJ\u0160 v Ko\u0161iciach Meno a priezvisko Pracovisko prof. MUDr. Igor \u0160ulla, DrSc. \u00dastav farmakol\u00f3gie LF UPJ\u0160 Ko\u0161ice prof. MUDr. Ladislav Mirossay, DrSc. I. intern\u00e1 klinika LF UPJ\u0160 Ko\u0161ice prof. MUDr. Jozef Mar\u0161ala, DrSc. \u00dastav farmakol\u00f3gie LF UPJ\u0160 Ko\u0161ice doc. MUDr. Zuzana Gdovinov\u00e1, CSc., &hellip; \u010c\u00edta\u0165 \u010falej","og_url":"https:\/\/www.upjs.sk\/lekarska-fakulta\/studenti-lf\/doktorandske\/akreditacie\/akreditovane-odbory-2004\/neurovedy\/","og_site_name":"Lek\u00e1rska fakulta | UPJ\u0160","article_modified_time":"2023-02-26T17:33:32+00:00","twitter_card":"summary_large_image","twitter_misc":{"Predpokladan\u00fd \u010das \u010d\u00edtania":"2 min\u00faty"},"schema":{"@context":"https:\/\/schema.org","@graph":[{"@type":"WebPage","@id":"https:\/\/www.upjs.sk\/lekarska-fakulta\/studenti-lf\/doktorandske\/akreditacie\/akreditovane-odbory-2004\/neurovedy\/","url":"https:\/\/www.upjs.sk\/lekarska-fakulta\/studenti-lf\/doktorandske\/akreditacie\/akreditovane-odbory-2004\/neurovedy\/","name":"Neurovedy - Lek\u00e1rska fakulta | UPJ\u0160","isPartOf":{"@id":"https:\/\/www.upjs.sk\/lekarska-fakulta\/#website"},"datePublished":"2023-02-26T17:33:15+00:00","dateModified":"2023-02-26T17:33:32+00:00","breadcrumb":{"@id":"https:\/\/www.upjs.sk\/lekarska-fakulta\/studenti-lf\/doktorandske\/akreditacie\/akreditovane-odbory-2004\/neurovedy\/#breadcrumb"},"inLanguage":"sk-SK","potentialAction":[{"@type":"ReadAction","target":["https:\/\/www.upjs.sk\/lekarska-fakulta\/studenti-lf\/doktorandske\/akreditacie\/akreditovane-odbory-2004\/neurovedy\/"]}]},{"@type":"BreadcrumbList","@id":"https:\/\/www.upjs.sk\/lekarska-fakulta\/studenti-lf\/doktorandske\/akreditacie\/akreditovane-odbory-2004\/neurovedy\/#breadcrumb","itemListElement":[{"@type":"ListItem","position":1,"name":"Home","item":"https:\/\/www.upjs.sk\/lekarska-fakulta\/"},{"@type":"ListItem","position":2,"name":"\u0160tudenti","item":"https:\/\/www.upjs.sk\/lekarska-fakulta\/studenti-lf\/"},{"@type":"ListItem","position":3,"name":"Doktorandsk\u00e9 \u0161t\u00fadium","item":"https:\/\/www.upjs.sk\/lekarska-fakulta\/studenti-lf\/doktorandske\/"},{"@type":"ListItem","position":4,"name":"Akreditovan\u00e9 \u0161tudijn\u00e9 odbory a programy","item":"https:\/\/www.upjs.sk\/lekarska-fakulta\/studenti-lf\/doktorandske\/akreditacie\/"},{"@type":"ListItem","position":5,"name":"Akreditovan\u00e9 odbory doktorandsk\u00e9ho \u0161t\u00fadia &#8211; 2004","item":"https:\/\/www.upjs.sk\/lekarska-fakulta\/studenti-lf\/doktorandske\/akreditacie\/akreditovane-odbory-2004\/"},{"@type":"ListItem","position":6,"name":"Neurovedy"}]},{"@type":"WebSite","@id":"https:\/\/www.upjs.sk\/lekarska-fakulta\/#website","url":"https:\/\/www.upjs.sk\/lekarska-fakulta\/","name":"Lek\u00e1rska fakulta | UPJ\u0160","description":"","publisher":{"@id":"https:\/\/www.upjs.sk\/lekarska-fakulta\/#organization"},"potentialAction":[{"@type":"SearchAction","target":{"@type":"EntryPoint","urlTemplate":"https:\/\/www.upjs.sk\/lekarska-fakulta\/?s={search_term_string}"},"query-input":{"@type":"PropertyValueSpecification","valueRequired":true,"valueName":"search_term_string"}}],"inLanguage":"sk-SK"},{"@type":"Organization","@id":"https:\/\/www.upjs.sk\/lekarska-fakulta\/#organization","name":"Lek\u00e1rska fakulta | UPJ\u0160","url":"https:\/\/www.upjs.sk\/lekarska-fakulta\/","logo":{"@type":"ImageObject","inLanguage":"sk-SK","@id":"https:\/\/www.upjs.sk\/lekarska-fakulta\/#\/schema\/logo\/image\/","url":"https:\/\/www.upjs.sk\/app\/uploads\/sites\/9\/2022\/09\/logo-lekarska-fakulta.png","contentUrl":"https:\/\/www.upjs.sk\/app\/uploads\/sites\/9\/2022\/09\/logo-lekarska-fakulta.png","width":415,"height":87,"caption":"Lek\u00e1rska fakulta | UPJ\u0160"},"image":{"@id":"https:\/\/www.upjs.sk\/lekarska-fakulta\/#\/schema\/logo\/image\/"}}]}},"_links":{"self":[{"href":"https:\/\/www.upjs.sk\/lekarska-fakulta\/wp-json\/wp\/v2\/pages\/22849","targetHints":{"allow":["GET"]}}],"collection":[{"href":"https:\/\/www.upjs.sk\/lekarska-fakulta\/wp-json\/wp\/v2\/pages"}],"about":[{"href":"https:\/\/www.upjs.sk\/lekarska-fakulta\/wp-json\/wp\/v2\/types\/page"}],"author":[{"embeddable":true,"href":"https:\/\/www.upjs.sk\/lekarska-fakulta\/wp-json\/wp\/v2\/users\/1"}],"replies":[{"embeddable":true,"href":"https:\/\/www.upjs.sk\/lekarska-fakulta\/wp-json\/wp\/v2\/comments?post=22849"}],"version-history":[{"count":2,"href":"https:\/\/www.upjs.sk\/lekarska-fakulta\/wp-json\/wp\/v2\/pages\/22849\/revisions"}],"predecessor-version":[{"id":80744,"href":"https:\/\/www.upjs.sk\/lekarska-fakulta\/wp-json\/wp\/v2\/pages\/22849\/revisions\/80744"}],"up":[{"embeddable":true,"href":"https:\/\/www.upjs.sk\/lekarska-fakulta\/wp-json\/wp\/v2\/pages\/22836"}],"wp:attachment":[{"href":"https:\/\/www.upjs.sk\/lekarska-fakulta\/wp-json\/wp\/v2\/media?parent=22849"}],"wp:term":[{"taxonomy":"category","embeddable":true,"href":"https:\/\/www.upjs.sk\/lekarska-fakulta\/wp-json\/wp\/v2\/categories?post=22849"},{"taxonomy":"post_tag","embeddable":true,"href":"https:\/\/www.upjs.sk\/lekarska-fakulta\/wp-json\/wp\/v2\/tags?post=22849"}],"curies":[{"name":"wp","href":"https:\/\/api.w.org\/{rel}","templated":true}]}}