{"id":22850,"date":"2023-02-26T18:34:26","date_gmt":"2023-02-26T17:34:26","guid":{"rendered":"https:\/\/www.upjs.sk\/lekarska-fakulta\/informacie-pre-studentov\/doktorandske-studium\/patologicka-anatomia-a-sudne-lekarstvo\/"},"modified":"2023-02-26T18:34:48","modified_gmt":"2023-02-26T17:34:48","slug":"patologicka-anatomia-a-sudne-lekarstvo","status":"publish","type":"page","link":"https:\/\/www.upjs.sk\/lekarska-fakulta\/studenti-lf\/doktorandske\/akreditacie\/akreditovane-odbory-2004\/patologicka-anatomia-a-sudne-lekarstvo\/","title":{"rendered":"Patologick\u00e1 anat\u00f3mia a s\u00fadne lek\u00e1rstvo"},"content":{"rendered":"<p><!-- Text --><\/p>\n<div id=\"article-detail\" style=\"margin-left: 2px; margin-right: 3px;\">\n<style type=\"text\/css\"> <!-- td {padding-left:.5em;padding-right:.5em;BORDER-RIGHT: windowtext 0.5pt solid; BORDER-TOP: 0; BORDER-LEFT: windowtext 0.5pt solid; BORDER-BOTTOM: 0;vertical-align:top} --><\/style>\n<p>Zlo\u017eenie odborovej komisie doktorandsk\u00e9ho \u0161t\u00fadia v \u0161tudijnom odbore 7.1.21 Patologick\u00e1 anat\u00f3mia a s\u00fadne lek\u00e1rstvo na LF UPJ\u0160 v Ko\u0161iciach<\/p>\n<table style=\"text-align: left; border-collapse: collapse;\" border=\"0\" cellspacing=\"0\" cellpadding=\"0\" bgcolor=\"#fff0e1\">\n<tbody>\n<tr>\n<td style=\"border-bottom: windowtext 0.5pt solid; border-top: windowtext 0.5pt solid;\">Meno a priezvisko<\/td>\n<td style=\"border-bottom: windowtext 0.5pt solid; border-top: windowtext 0.5pt solid;\">Pracovisko<\/td>\n<\/tr>\n<tr>\n<td>prof. MUDr. Andrej B\u00f6\u0151r, CSc.<\/td>\n<td>\u00dastav patol\u00f3gie LF UPJ\u0160 Ko\u0161ice<\/td>\n<\/tr>\n<tr>\n<td>prof. MUDr. Darina Kluchov\u00e1, CSc.<\/td>\n<td>\u00dastav anat\u00f3mie LF UPJ\u0160 Ko\u0161ice<\/td>\n<\/tr>\n<tr>\n<td>doc. MUDr. Eva Mech\u00edrov\u00e1, CSc., mim. prof.<\/td>\n<td>\u00dastav histol\u00f3gie a embryol\u00f3gie LF UPJ\u0160 Ko\u0161ice<\/td>\n<\/tr>\n<tr>\n<td>prof. MUDr. Ivan Jurkovi\u010d, CSc.<\/td>\n<td>\u00dastav s\u00fadneho lek\u00e1rstva LF UPJ\u0160 Ko\u0161ice<\/td>\n<\/tr>\n<tr>\n<td>doc. MUDr. Franti\u0161ek Longauer, CSc.<\/td>\n<td>\u00dastav s\u00fadneho lek\u00e1rstva LF UPJ\u0160 Ko\u0161ice<\/td>\n<\/tr>\n<tr>\n<td>doc. MUDr. Oliver R\u00e1cz, CSc., mim. prof.<\/td>\n<td>\u00dastav patologickej fyziol\u00f3gie LF UPJ\u0160 Ko\u0161ice<\/td>\n<\/tr>\n<tr>\n<td>prof. MUDr. Pavel B\u00e1bal, PhD.<\/td>\n<td>\u00dastav patologickej anat\u00f3mie LF UK Bratislava<\/td>\n<\/tr>\n<tr>\n<td>doc. MUDr. Du\u0161an Dani\u0161, CSc.<\/td>\n<td>\u00dastav patol\u00f3gie FN ak. L. D\u00e9rera Bratislava<\/td>\n<\/tr>\n<tr>\n<td>doc. MUDr. M\u00e1ria Wagnerov\u00e1, CSc.<\/td>\n<td>Klinika r\u00e1dioterapie a onkol\u00f3gie VO\u00da Ko\u0161ice<\/td>\n<\/tr>\n<tr>\n<td>doc. MUDr. Ji\u0159ina Bauerov\u00e1, CSc.<\/td>\n<td>Subkatedra s\u00fadneho lek\u00e1rstva FZ\u0160\u0160 SZU Bratislava<\/td>\n<\/tr>\n<tr>\n<td style=\"border-bottom: windowtext 0.5pt solid;\">prof. MUDr. Franti\u0161ek Novomesk\u00fd, PhD.<\/td>\n<td style=\"border-bottom: windowtext 0.5pt solid;\">\u00dastav s\u00fadneho lek\u00e1rstva JLF UK Martin<\/td>\n<\/tr>\n<\/tbody>\n<\/table>\n<\/div>\n<p><!-- Text --><\/p>\n<div id=\"article-detail\" style=\"margin-left: 2px; margin-right: 3px;\">\n<style type=\"text\/css\"> <!-- td {padding-left:.25em;padding-right:.25em;BORDER-RIGHT: windowtext 0.5pt solid; BORDER-TOP: 0; BORDER-LEFT: windowtext 0.5pt solid; BORDER-BOTTOM: 0;vertical-align:top} --><\/style>\n<p>\u0160kolitelia doktorandsk\u00e9ho \u0161t\u00fadia v \u0161tudijnom odbore<br \/>\n7.1.21 Patologick\u00e1 anat\u00f3mia a s\u00fadne lek\u00e1rstvo<\/p>\n<table style=\"text-align: left; border-collapse: collapse;\" border=\"0\" cellspacing=\"0\" cellpadding=\"0\" bgcolor=\"#fff0e1\">\n<tbody>\n<tr>\n<td style=\"border-bottom: windowtext 0.5pt solid; border-top: windowtext 0.5pt solid;\">Por. \u010d.<\/td>\n<td style=\"border-bottom: windowtext 0.5pt solid; border-top: windowtext 0.5pt solid;\">Meno a priezvisko<\/td>\n<\/tr>\n<tr>\n<td style=\"text-align: right; padding-right: 1em;\">1.<\/td>\n<td>prof. MUDr. Andrej B\u00f6\u0151r, CSc.<\/td>\n<\/tr>\n<tr>\n<td style=\"text-align: right; padding-right: 1em;\">2.<\/td>\n<td>prof. MUDr. Ivan Jurkovi\u010d, DrSc.<\/td>\n<\/tr>\n<tr>\n<td style=\"text-align: right; padding-right: 1em;\">3.<\/td>\n<td>prof. MUDr. Darina Kluchov\u00e1, CSc.<\/td>\n<\/tr>\n<tr>\n<td style=\"text-align: right; padding-right: 1em;\">4.<\/td>\n<td>doc. MUDr. Franti\u0161ek Longauer, CSc.<\/td>\n<\/tr>\n<tr>\n<td style=\"border-bottom: windowtext 0.5pt solid; text-align: right; padding-right: 1em;\">5.<\/td>\n<td style=\"border-bottom: windowtext 0.5pt solid;\">doc. MUDr. Eva Mech\u00edrov\u00e1, CSc., mim. prof.<\/td>\n<\/tr>\n<\/tbody>\n<\/table>\n<\/div>\n<p>podmienky pre pripustenie k obhajobe<\/p>\n","protected":false},"excerpt":{"rendered":"<p>Zlo\u017eenie odborovej komisie doktorandsk\u00e9ho \u0161t\u00fadia v \u0161tudijnom odbore 7.1.21 Patologick\u00e1 anat\u00f3mia a s\u00fadne lek\u00e1rstvo na LF UPJ\u0160 v Ko\u0161iciach Meno a priezvisko Pracovisko prof. MUDr. Andrej B\u00f6\u0151r, CSc. \u00dastav patol\u00f3gie LF UPJ\u0160 Ko\u0161ice prof. MUDr. Darina Kluchov\u00e1, CSc. \u00dastav anat\u00f3mie LF UPJ\u0160 Ko\u0161ice doc. MUDr. Eva Mech\u00edrov\u00e1, CSc., mim. prof. \u00dastav histol\u00f3gie a embryol\u00f3gie LF &hellip; <a href=\"https:\/\/www.upjs.sk\/lekarska-fakulta\/studenti-lf\/doktorandske\/akreditacie\/akreditovane-odbory-2004\/patologicka-anatomia-a-sudne-lekarstvo\/\">\u010c\u00edta\u0165 \u010falej<\/a><\/p>\n","protected":false},"author":1,"featured_media":0,"parent":22836,"menu_order":14,"comment_status":"closed","ping_status":"closed","template":"","meta":{"_acf_changed":false,"_editorskit_title_hidden":false,"_editorskit_reading_time":1,"_editorskit_is_block_options_detached":false,"_editorskit_block_options_position":"{}","footnotes":""},"categories":[],"tags":[],"class_list":["post-22850","page","type-page","status-publish","hentry"],"acf":{"acf_link_na_externy_obsah":""},"yoast_head":"<!-- This site is optimized with the Yoast SEO plugin v27.4 - https:\/\/yoast.com\/product\/yoast-seo-wordpress\/ -->\n<title>Patologick\u00e1 anat\u00f3mia a s\u00fadne lek\u00e1rstvo - Lek\u00e1rska fakulta | UPJ\u0160<\/title>\n<meta name=\"robots\" content=\"index, follow, max-snippet:-1, max-image-preview:large, max-video-preview:-1\" \/>\n<link rel=\"canonical\" href=\"https:\/\/www.upjs.sk\/lekarska-fakulta\/studenti-lf\/doktorandske\/akreditacie\/akreditovane-odbory-2004\/patologicka-anatomia-a-sudne-lekarstvo\/\" \/>\n<meta property=\"og:locale\" content=\"sk_SK\" \/>\n<meta property=\"og:type\" content=\"article\" \/>\n<meta property=\"og:title\" content=\"Patologick\u00e1 anat\u00f3mia a s\u00fadne lek\u00e1rstvo - Lek\u00e1rska fakulta | UPJ\u0160\" \/>\n<meta property=\"og:description\" content=\"Zlo\u017eenie odborovej komisie doktorandsk\u00e9ho \u0161t\u00fadia v \u0161tudijnom odbore 7.1.21 Patologick\u00e1 anat\u00f3mia a s\u00fadne lek\u00e1rstvo na LF UPJ\u0160 v Ko\u0161iciach Meno a priezvisko Pracovisko prof. MUDr. Andrej B\u00f6\u0151r, CSc. \u00dastav patol\u00f3gie LF UPJ\u0160 Ko\u0161ice prof. MUDr. Darina Kluchov\u00e1, CSc. \u00dastav anat\u00f3mie LF UPJ\u0160 Ko\u0161ice doc. MUDr. Eva Mech\u00edrov\u00e1, CSc., mim. prof. \u00dastav histol\u00f3gie a embryol\u00f3gie LF &hellip; \u010c\u00edta\u0165 \u010falej\" \/>\n<meta property=\"og:url\" content=\"https:\/\/www.upjs.sk\/lekarska-fakulta\/studenti-lf\/doktorandske\/akreditacie\/akreditovane-odbory-2004\/patologicka-anatomia-a-sudne-lekarstvo\/\" \/>\n<meta property=\"og:site_name\" content=\"Lek\u00e1rska fakulta | UPJ\u0160\" \/>\n<meta property=\"article:modified_time\" content=\"2023-02-26T17:34:48+00:00\" \/>\n<meta name=\"twitter:card\" content=\"summary_large_image\" \/>\n<meta name=\"twitter:label1\" content=\"Predpokladan\u00fd \u010das \u010d\u00edtania\" \/>\n\t<meta name=\"twitter:data1\" content=\"2 min\u00faty\" \/>\n<script type=\"application\/ld+json\" class=\"yoast-schema-graph\">{\"@context\":\"https:\\\/\\\/schema.org\",\"@graph\":[{\"@type\":\"WebPage\",\"@id\":\"https:\\\/\\\/www.upjs.sk\\\/lekarska-fakulta\\\/studenti-lf\\\/doktorandske\\\/akreditacie\\\/akreditovane-odbory-2004\\\/patologicka-anatomia-a-sudne-lekarstvo\\\/\",\"url\":\"https:\\\/\\\/www.upjs.sk\\\/lekarska-fakulta\\\/studenti-lf\\\/doktorandske\\\/akreditacie\\\/akreditovane-odbory-2004\\\/patologicka-anatomia-a-sudne-lekarstvo\\\/\",\"name\":\"Patologick\u00e1 anat\u00f3mia a s\u00fadne lek\u00e1rstvo - Lek\u00e1rska fakulta | UPJ\u0160\",\"isPartOf\":{\"@id\":\"https:\\\/\\\/www.upjs.sk\\\/lekarska-fakulta\\\/#website\"},\"datePublished\":\"2023-02-26T17:34:26+00:00\",\"dateModified\":\"2023-02-26T17:34:48+00:00\",\"breadcrumb\":{\"@id\":\"https:\\\/\\\/www.upjs.sk\\\/lekarska-fakulta\\\/studenti-lf\\\/doktorandske\\\/akreditacie\\\/akreditovane-odbory-2004\\\/patologicka-anatomia-a-sudne-lekarstvo\\\/#breadcrumb\"},\"inLanguage\":\"sk-SK\",\"potentialAction\":[{\"@type\":\"ReadAction\",\"target\":[\"https:\\\/\\\/www.upjs.sk\\\/lekarska-fakulta\\\/studenti-lf\\\/doktorandske\\\/akreditacie\\\/akreditovane-odbory-2004\\\/patologicka-anatomia-a-sudne-lekarstvo\\\/\"]}]},{\"@type\":\"BreadcrumbList\",\"@id\":\"https:\\\/\\\/www.upjs.sk\\\/lekarska-fakulta\\\/studenti-lf\\\/doktorandske\\\/akreditacie\\\/akreditovane-odbory-2004\\\/patologicka-anatomia-a-sudne-lekarstvo\\\/#breadcrumb\",\"itemListElement\":[{\"@type\":\"ListItem\",\"position\":1,\"name\":\"Home\",\"item\":\"https:\\\/\\\/www.upjs.sk\\\/lekarska-fakulta\\\/\"},{\"@type\":\"ListItem\",\"position\":2,\"name\":\"\u0160tudenti\",\"item\":\"https:\\\/\\\/www.upjs.sk\\\/lekarska-fakulta\\\/studenti-lf\\\/\"},{\"@type\":\"ListItem\",\"position\":3,\"name\":\"Doktorandsk\u00e9 \u0161t\u00fadium\",\"item\":\"https:\\\/\\\/www.upjs.sk\\\/lekarska-fakulta\\\/studenti-lf\\\/doktorandske\\\/\"},{\"@type\":\"ListItem\",\"position\":4,\"name\":\"Akreditovan\u00e9 \u0161tudijn\u00e9 odbory a programy\",\"item\":\"https:\\\/\\\/www.upjs.sk\\\/lekarska-fakulta\\\/studenti-lf\\\/doktorandske\\\/akreditacie\\\/\"},{\"@type\":\"ListItem\",\"position\":5,\"name\":\"Akreditovan\u00e9 odbory doktorandsk\u00e9ho \u0161t\u00fadia &#8211; 2004\",\"item\":\"https:\\\/\\\/www.upjs.sk\\\/lekarska-fakulta\\\/studenti-lf\\\/doktorandske\\\/akreditacie\\\/akreditovane-odbory-2004\\\/\"},{\"@type\":\"ListItem\",\"position\":6,\"name\":\"Patologick\u00e1 anat\u00f3mia a s\u00fadne lek\u00e1rstvo\"}]},{\"@type\":\"WebSite\",\"@id\":\"https:\\\/\\\/www.upjs.sk\\\/lekarska-fakulta\\\/#website\",\"url\":\"https:\\\/\\\/www.upjs.sk\\\/lekarska-fakulta\\\/\",\"name\":\"Lek\u00e1rska fakulta | UPJ\u0160\",\"description\":\"\",\"publisher\":{\"@id\":\"https:\\\/\\\/www.upjs.sk\\\/lekarska-fakulta\\\/#organization\"},\"potentialAction\":[{\"@type\":\"SearchAction\",\"target\":{\"@type\":\"EntryPoint\",\"urlTemplate\":\"https:\\\/\\\/www.upjs.sk\\\/lekarska-fakulta\\\/?s={search_term_string}\"},\"query-input\":{\"@type\":\"PropertyValueSpecification\",\"valueRequired\":true,\"valueName\":\"search_term_string\"}}],\"inLanguage\":\"sk-SK\"},{\"@type\":\"Organization\",\"@id\":\"https:\\\/\\\/www.upjs.sk\\\/lekarska-fakulta\\\/#organization\",\"name\":\"Lek\u00e1rska fakulta | UPJ\u0160\",\"url\":\"https:\\\/\\\/www.upjs.sk\\\/lekarska-fakulta\\\/\",\"logo\":{\"@type\":\"ImageObject\",\"inLanguage\":\"sk-SK\",\"@id\":\"https:\\\/\\\/www.upjs.sk\\\/lekarska-fakulta\\\/#\\\/schema\\\/logo\\\/image\\\/\",\"url\":\"https:\\\/\\\/www.upjs.sk\\\/app\\\/uploads\\\/sites\\\/9\\\/2022\\\/09\\\/logo-lekarska-fakulta.png\",\"contentUrl\":\"https:\\\/\\\/www.upjs.sk\\\/app\\\/uploads\\\/sites\\\/9\\\/2022\\\/09\\\/logo-lekarska-fakulta.png\",\"width\":415,\"height\":87,\"caption\":\"Lek\u00e1rska fakulta | UPJ\u0160\"},\"image\":{\"@id\":\"https:\\\/\\\/www.upjs.sk\\\/lekarska-fakulta\\\/#\\\/schema\\\/logo\\\/image\\\/\"}}]}<\/script>\n<!-- \/ Yoast SEO plugin. -->","yoast_head_json":{"title":"Patologick\u00e1 anat\u00f3mia a s\u00fadne lek\u00e1rstvo - Lek\u00e1rska fakulta | UPJ\u0160","robots":{"index":"index","follow":"follow","max-snippet":"max-snippet:-1","max-image-preview":"max-image-preview:large","max-video-preview":"max-video-preview:-1"},"canonical":"https:\/\/www.upjs.sk\/lekarska-fakulta\/studenti-lf\/doktorandske\/akreditacie\/akreditovane-odbory-2004\/patologicka-anatomia-a-sudne-lekarstvo\/","og_locale":"sk_SK","og_type":"article","og_title":"Patologick\u00e1 anat\u00f3mia a s\u00fadne lek\u00e1rstvo - Lek\u00e1rska fakulta | UPJ\u0160","og_description":"Zlo\u017eenie odborovej komisie doktorandsk\u00e9ho \u0161t\u00fadia v \u0161tudijnom odbore 7.1.21 Patologick\u00e1 anat\u00f3mia a s\u00fadne lek\u00e1rstvo na LF UPJ\u0160 v Ko\u0161iciach Meno a priezvisko Pracovisko prof. MUDr. Andrej B\u00f6\u0151r, CSc. \u00dastav patol\u00f3gie LF UPJ\u0160 Ko\u0161ice prof. MUDr. Darina Kluchov\u00e1, CSc. \u00dastav anat\u00f3mie LF UPJ\u0160 Ko\u0161ice doc. MUDr. Eva Mech\u00edrov\u00e1, CSc., mim. prof. \u00dastav histol\u00f3gie a embryol\u00f3gie LF &hellip; \u010c\u00edta\u0165 \u010falej","og_url":"https:\/\/www.upjs.sk\/lekarska-fakulta\/studenti-lf\/doktorandske\/akreditacie\/akreditovane-odbory-2004\/patologicka-anatomia-a-sudne-lekarstvo\/","og_site_name":"Lek\u00e1rska fakulta | UPJ\u0160","article_modified_time":"2023-02-26T17:34:48+00:00","twitter_card":"summary_large_image","twitter_misc":{"Predpokladan\u00fd \u010das \u010d\u00edtania":"2 min\u00faty"},"schema":{"@context":"https:\/\/schema.org","@graph":[{"@type":"WebPage","@id":"https:\/\/www.upjs.sk\/lekarska-fakulta\/studenti-lf\/doktorandske\/akreditacie\/akreditovane-odbory-2004\/patologicka-anatomia-a-sudne-lekarstvo\/","url":"https:\/\/www.upjs.sk\/lekarska-fakulta\/studenti-lf\/doktorandske\/akreditacie\/akreditovane-odbory-2004\/patologicka-anatomia-a-sudne-lekarstvo\/","name":"Patologick\u00e1 anat\u00f3mia a s\u00fadne lek\u00e1rstvo - Lek\u00e1rska fakulta | UPJ\u0160","isPartOf":{"@id":"https:\/\/www.upjs.sk\/lekarska-fakulta\/#website"},"datePublished":"2023-02-26T17:34:26+00:00","dateModified":"2023-02-26T17:34:48+00:00","breadcrumb":{"@id":"https:\/\/www.upjs.sk\/lekarska-fakulta\/studenti-lf\/doktorandske\/akreditacie\/akreditovane-odbory-2004\/patologicka-anatomia-a-sudne-lekarstvo\/#breadcrumb"},"inLanguage":"sk-SK","potentialAction":[{"@type":"ReadAction","target":["https:\/\/www.upjs.sk\/lekarska-fakulta\/studenti-lf\/doktorandske\/akreditacie\/akreditovane-odbory-2004\/patologicka-anatomia-a-sudne-lekarstvo\/"]}]},{"@type":"BreadcrumbList","@id":"https:\/\/www.upjs.sk\/lekarska-fakulta\/studenti-lf\/doktorandske\/akreditacie\/akreditovane-odbory-2004\/patologicka-anatomia-a-sudne-lekarstvo\/#breadcrumb","itemListElement":[{"@type":"ListItem","position":1,"name":"Home","item":"https:\/\/www.upjs.sk\/lekarska-fakulta\/"},{"@type":"ListItem","position":2,"name":"\u0160tudenti","item":"https:\/\/www.upjs.sk\/lekarska-fakulta\/studenti-lf\/"},{"@type":"ListItem","position":3,"name":"Doktorandsk\u00e9 \u0161t\u00fadium","item":"https:\/\/www.upjs.sk\/lekarska-fakulta\/studenti-lf\/doktorandske\/"},{"@type":"ListItem","position":4,"name":"Akreditovan\u00e9 \u0161tudijn\u00e9 odbory a programy","item":"https:\/\/www.upjs.sk\/lekarska-fakulta\/studenti-lf\/doktorandske\/akreditacie\/"},{"@type":"ListItem","position":5,"name":"Akreditovan\u00e9 odbory doktorandsk\u00e9ho \u0161t\u00fadia &#8211; 2004","item":"https:\/\/www.upjs.sk\/lekarska-fakulta\/studenti-lf\/doktorandske\/akreditacie\/akreditovane-odbory-2004\/"},{"@type":"ListItem","position":6,"name":"Patologick\u00e1 anat\u00f3mia a s\u00fadne lek\u00e1rstvo"}]},{"@type":"WebSite","@id":"https:\/\/www.upjs.sk\/lekarska-fakulta\/#website","url":"https:\/\/www.upjs.sk\/lekarska-fakulta\/","name":"Lek\u00e1rska fakulta | UPJ\u0160","description":"","publisher":{"@id":"https:\/\/www.upjs.sk\/lekarska-fakulta\/#organization"},"potentialAction":[{"@type":"SearchAction","target":{"@type":"EntryPoint","urlTemplate":"https:\/\/www.upjs.sk\/lekarska-fakulta\/?s={search_term_string}"},"query-input":{"@type":"PropertyValueSpecification","valueRequired":true,"valueName":"search_term_string"}}],"inLanguage":"sk-SK"},{"@type":"Organization","@id":"https:\/\/www.upjs.sk\/lekarska-fakulta\/#organization","name":"Lek\u00e1rska fakulta | UPJ\u0160","url":"https:\/\/www.upjs.sk\/lekarska-fakulta\/","logo":{"@type":"ImageObject","inLanguage":"sk-SK","@id":"https:\/\/www.upjs.sk\/lekarska-fakulta\/#\/schema\/logo\/image\/","url":"https:\/\/www.upjs.sk\/app\/uploads\/sites\/9\/2022\/09\/logo-lekarska-fakulta.png","contentUrl":"https:\/\/www.upjs.sk\/app\/uploads\/sites\/9\/2022\/09\/logo-lekarska-fakulta.png","width":415,"height":87,"caption":"Lek\u00e1rska fakulta | UPJ\u0160"},"image":{"@id":"https:\/\/www.upjs.sk\/lekarska-fakulta\/#\/schema\/logo\/image\/"}}]}},"_links":{"self":[{"href":"https:\/\/www.upjs.sk\/lekarska-fakulta\/wp-json\/wp\/v2\/pages\/22850","targetHints":{"allow":["GET"]}}],"collection":[{"href":"https:\/\/www.upjs.sk\/lekarska-fakulta\/wp-json\/wp\/v2\/pages"}],"about":[{"href":"https:\/\/www.upjs.sk\/lekarska-fakulta\/wp-json\/wp\/v2\/types\/page"}],"author":[{"embeddable":true,"href":"https:\/\/www.upjs.sk\/lekarska-fakulta\/wp-json\/wp\/v2\/users\/1"}],"replies":[{"embeddable":true,"href":"https:\/\/www.upjs.sk\/lekarska-fakulta\/wp-json\/wp\/v2\/comments?post=22850"}],"version-history":[{"count":2,"href":"https:\/\/www.upjs.sk\/lekarska-fakulta\/wp-json\/wp\/v2\/pages\/22850\/revisions"}],"predecessor-version":[{"id":80747,"href":"https:\/\/www.upjs.sk\/lekarska-fakulta\/wp-json\/wp\/v2\/pages\/22850\/revisions\/80747"}],"up":[{"embeddable":true,"href":"https:\/\/www.upjs.sk\/lekarska-fakulta\/wp-json\/wp\/v2\/pages\/22836"}],"wp:attachment":[{"href":"https:\/\/www.upjs.sk\/lekarska-fakulta\/wp-json\/wp\/v2\/media?parent=22850"}],"wp:term":[{"taxonomy":"category","embeddable":true,"href":"https:\/\/www.upjs.sk\/lekarska-fakulta\/wp-json\/wp\/v2\/categories?post=22850"},{"taxonomy":"post_tag","embeddable":true,"href":"https:\/\/www.upjs.sk\/lekarska-fakulta\/wp-json\/wp\/v2\/tags?post=22850"}],"curies":[{"name":"wp","href":"https:\/\/api.w.org\/{rel}","templated":true}]}}