{"id":22855,"date":"2023-02-26T18:41:37","date_gmt":"2023-02-26T17:41:37","guid":{"rendered":"https:\/\/www.upjs.sk\/lekarska-fakulta\/informacie-pre-studentov\/doktorandske-studium\/mikrobiologia\/"},"modified":"2023-02-26T18:42:37","modified_gmt":"2023-02-26T17:42:37","slug":"mikrobiologia","status":"publish","type":"page","link":"https:\/\/www.upjs.sk\/lekarska-fakulta\/studenti-lf\/doktorandske\/akreditacie\/akreditovane-odbory-2004\/mikrobiologia\/","title":{"rendered":"Mikrobiol\u00f3gia"},"content":{"rendered":"<h5>odborov\u00e1 komisia<\/h5>\n<p><img decoding=\"async\" style=\"margin-bottom: 0px;\" src=\"http:\/\/www.medic.upjs.sk\/pic\/medic\/h1.gif\" alt=\"\" \/><\/p>\n<p><!-- Text --><\/p>\n<div id=\"article-detail\" style=\"margin-left: 2px; margin-right: 3px;\">\n<style type=\"text\/css\"> <!-- td {padding-left:.25em;padding-right:.25em;BORDER-RIGHT: windowtext 0.5pt solid; BORDER-TOP: 0; BORDER-LEFT: windowtext 0.5pt solid; BORDER-BOTTOM: 0;vertical-align:top} --> <\/style>\n<p>\u0160kolitelia doktorandsk\u00e9ho \u0161t\u00fadia v \u0161tudijnom odbore<br \/>\n4.2.7 Mikrobiol\u00f3gia<\/p>\n<table style=\"border-collapse: collapse; text-align: left;\" border=\"0\" cellspacing=\"0\" cellpadding=\"0\" bgcolor=\"#fff0e1\">\n<tbody>\n<tr>\n<td style=\"border-top: 0.5pt solid windowtext; border-bottom: 0.5pt solid windowtext;\">Por. \u010d.<\/td>\n<td style=\"border-top: 0.5pt solid windowtext; border-bottom: 0.5pt solid windowtext;\">Meno a priezvisko<\/td>\n<\/tr>\n<tr>\n<td style=\"padding-right: 1em; text-align: right;\">1.<\/td>\n<td>doc. RNDr. Marta Kme\u0165ov\u00e1, CSc., mim. prof.<\/td>\n<\/tr>\n<tr>\n<td style=\"border-bottom: 0.5pt solid windowtext; padding-right: 1em; text-align: right;\">2.<\/td>\n<td style=\"border-bottom: 0.5pt solid windowtext;\">prof. MUDr. Leonard Siegfried, CSc.<\/td>\n<\/tr>\n<\/tbody>\n<\/table>\n<p>podmienky pre pripustenie k obhajobe<\/p>\n<\/div>\n","protected":false},"excerpt":{"rendered":"<p>odborov\u00e1 komisia \u0160kolitelia doktorandsk\u00e9ho \u0161t\u00fadia v \u0161tudijnom odbore 4.2.7 Mikrobiol\u00f3gia Por. \u010d. Meno a priezvisko 1. doc. RNDr. Marta Kme\u0165ov\u00e1, CSc., mim. prof. 2. prof. MUDr. Leonard Siegfried, CSc. podmienky pre pripustenie k obhajobe<\/p>\n","protected":false},"author":1,"featured_media":0,"parent":22836,"menu_order":17,"comment_status":"closed","ping_status":"closed","template":"","meta":{"_acf_changed":false,"_editorskit_title_hidden":false,"_editorskit_reading_time":1,"_editorskit_is_block_options_detached":false,"_editorskit_block_options_position":"{}","footnotes":""},"categories":[],"tags":[],"class_list":["post-22855","page","type-page","status-publish","hentry"],"acf":{"acf_link_na_externy_obsah":""},"yoast_head":"<!-- This site is optimized with the Yoast SEO plugin v27.4 - https:\/\/yoast.com\/product\/yoast-seo-wordpress\/ -->\n<title>Mikrobiol\u00f3gia - Lek\u00e1rska fakulta | UPJ\u0160<\/title>\n<meta name=\"robots\" content=\"index, follow, max-snippet:-1, max-image-preview:large, max-video-preview:-1\" \/>\n<link rel=\"canonical\" href=\"https:\/\/www.upjs.sk\/lekarska-fakulta\/studenti-lf\/doktorandske\/akreditacie\/akreditovane-odbory-2004\/mikrobiologia\/\" \/>\n<meta property=\"og:locale\" content=\"sk_SK\" \/>\n<meta property=\"og:type\" content=\"article\" \/>\n<meta property=\"og:title\" content=\"Mikrobiol\u00f3gia - Lek\u00e1rska fakulta | UPJ\u0160\" \/>\n<meta property=\"og:description\" content=\"odborov\u00e1 komisia \u0160kolitelia doktorandsk\u00e9ho \u0161t\u00fadia v \u0161tudijnom odbore 4.2.7 Mikrobiol\u00f3gia Por. \u010d. Meno a priezvisko 1. doc. RNDr. Marta Kme\u0165ov\u00e1, CSc., mim. prof. 2. prof. MUDr. Leonard Siegfried, CSc. podmienky pre pripustenie k obhajobe\" \/>\n<meta property=\"og:url\" content=\"https:\/\/www.upjs.sk\/lekarska-fakulta\/studenti-lf\/doktorandske\/akreditacie\/akreditovane-odbory-2004\/mikrobiologia\/\" \/>\n<meta property=\"og:site_name\" content=\"Lek\u00e1rska fakulta | UPJ\u0160\" \/>\n<meta property=\"article:modified_time\" content=\"2023-02-26T17:42:37+00:00\" \/>\n<meta property=\"og:image\" content=\"http:\/\/www.medic.upjs.sk\/pic\/medic\/h1.gif\" \/>\n<meta name=\"twitter:card\" content=\"summary_large_image\" \/>\n<meta name=\"twitter:label1\" content=\"Predpokladan\u00fd \u010das \u010d\u00edtania\" \/>\n\t<meta name=\"twitter:data1\" content=\"1 min\u00fata\" \/>\n<script type=\"application\/ld+json\" class=\"yoast-schema-graph\">{\"@context\":\"https:\\\/\\\/schema.org\",\"@graph\":[{\"@type\":\"WebPage\",\"@id\":\"https:\\\/\\\/www.upjs.sk\\\/lekarska-fakulta\\\/studenti-lf\\\/doktorandske\\\/akreditacie\\\/akreditovane-odbory-2004\\\/mikrobiologia\\\/\",\"url\":\"https:\\\/\\\/www.upjs.sk\\\/lekarska-fakulta\\\/studenti-lf\\\/doktorandske\\\/akreditacie\\\/akreditovane-odbory-2004\\\/mikrobiologia\\\/\",\"name\":\"Mikrobiol\u00f3gia - Lek\u00e1rska fakulta | UPJ\u0160\",\"isPartOf\":{\"@id\":\"https:\\\/\\\/www.upjs.sk\\\/lekarska-fakulta\\\/#website\"},\"primaryImageOfPage\":{\"@id\":\"https:\\\/\\\/www.upjs.sk\\\/lekarska-fakulta\\\/studenti-lf\\\/doktorandske\\\/akreditacie\\\/akreditovane-odbory-2004\\\/mikrobiologia\\\/#primaryimage\"},\"image\":{\"@id\":\"https:\\\/\\\/www.upjs.sk\\\/lekarska-fakulta\\\/studenti-lf\\\/doktorandske\\\/akreditacie\\\/akreditovane-odbory-2004\\\/mikrobiologia\\\/#primaryimage\"},\"thumbnailUrl\":\"http:\\\/\\\/www.medic.upjs.sk\\\/pic\\\/medic\\\/h1.gif\",\"datePublished\":\"2023-02-26T17:41:37+00:00\",\"dateModified\":\"2023-02-26T17:42:37+00:00\",\"breadcrumb\":{\"@id\":\"https:\\\/\\\/www.upjs.sk\\\/lekarska-fakulta\\\/studenti-lf\\\/doktorandske\\\/akreditacie\\\/akreditovane-odbory-2004\\\/mikrobiologia\\\/#breadcrumb\"},\"inLanguage\":\"sk-SK\",\"potentialAction\":[{\"@type\":\"ReadAction\",\"target\":[\"https:\\\/\\\/www.upjs.sk\\\/lekarska-fakulta\\\/studenti-lf\\\/doktorandske\\\/akreditacie\\\/akreditovane-odbory-2004\\\/mikrobiologia\\\/\"]}]},{\"@type\":\"ImageObject\",\"inLanguage\":\"sk-SK\",\"@id\":\"https:\\\/\\\/www.upjs.sk\\\/lekarska-fakulta\\\/studenti-lf\\\/doktorandske\\\/akreditacie\\\/akreditovane-odbory-2004\\\/mikrobiologia\\\/#primaryimage\",\"url\":\"http:\\\/\\\/www.medic.upjs.sk\\\/pic\\\/medic\\\/h1.gif\",\"contentUrl\":\"http:\\\/\\\/www.medic.upjs.sk\\\/pic\\\/medic\\\/h1.gif\"},{\"@type\":\"BreadcrumbList\",\"@id\":\"https:\\\/\\\/www.upjs.sk\\\/lekarska-fakulta\\\/studenti-lf\\\/doktorandske\\\/akreditacie\\\/akreditovane-odbory-2004\\\/mikrobiologia\\\/#breadcrumb\",\"itemListElement\":[{\"@type\":\"ListItem\",\"position\":1,\"name\":\"Home\",\"item\":\"https:\\\/\\\/www.upjs.sk\\\/lekarska-fakulta\\\/\"},{\"@type\":\"ListItem\",\"position\":2,\"name\":\"\u0160tudenti\",\"item\":\"https:\\\/\\\/www.upjs.sk\\\/lekarska-fakulta\\\/studenti-lf\\\/\"},{\"@type\":\"ListItem\",\"position\":3,\"name\":\"Doktorandsk\u00e9 \u0161t\u00fadium\",\"item\":\"https:\\\/\\\/www.upjs.sk\\\/lekarska-fakulta\\\/studenti-lf\\\/doktorandske\\\/\"},{\"@type\":\"ListItem\",\"position\":4,\"name\":\"Akreditovan\u00e9 \u0161tudijn\u00e9 odbory a programy\",\"item\":\"https:\\\/\\\/www.upjs.sk\\\/lekarska-fakulta\\\/studenti-lf\\\/doktorandske\\\/akreditacie\\\/\"},{\"@type\":\"ListItem\",\"position\":5,\"name\":\"Akreditovan\u00e9 odbory doktorandsk\u00e9ho \u0161t\u00fadia &#8211; 2004\",\"item\":\"https:\\\/\\\/www.upjs.sk\\\/lekarska-fakulta\\\/studenti-lf\\\/doktorandske\\\/akreditacie\\\/akreditovane-odbory-2004\\\/\"},{\"@type\":\"ListItem\",\"position\":6,\"name\":\"Mikrobiol\u00f3gia\"}]},{\"@type\":\"WebSite\",\"@id\":\"https:\\\/\\\/www.upjs.sk\\\/lekarska-fakulta\\\/#website\",\"url\":\"https:\\\/\\\/www.upjs.sk\\\/lekarska-fakulta\\\/\",\"name\":\"Lek\u00e1rska fakulta | UPJ\u0160\",\"description\":\"\",\"publisher\":{\"@id\":\"https:\\\/\\\/www.upjs.sk\\\/lekarska-fakulta\\\/#organization\"},\"potentialAction\":[{\"@type\":\"SearchAction\",\"target\":{\"@type\":\"EntryPoint\",\"urlTemplate\":\"https:\\\/\\\/www.upjs.sk\\\/lekarska-fakulta\\\/?s={search_term_string}\"},\"query-input\":{\"@type\":\"PropertyValueSpecification\",\"valueRequired\":true,\"valueName\":\"search_term_string\"}}],\"inLanguage\":\"sk-SK\"},{\"@type\":\"Organization\",\"@id\":\"https:\\\/\\\/www.upjs.sk\\\/lekarska-fakulta\\\/#organization\",\"name\":\"Lek\u00e1rska fakulta | UPJ\u0160\",\"url\":\"https:\\\/\\\/www.upjs.sk\\\/lekarska-fakulta\\\/\",\"logo\":{\"@type\":\"ImageObject\",\"inLanguage\":\"sk-SK\",\"@id\":\"https:\\\/\\\/www.upjs.sk\\\/lekarska-fakulta\\\/#\\\/schema\\\/logo\\\/image\\\/\",\"url\":\"https:\\\/\\\/www.upjs.sk\\\/app\\\/uploads\\\/sites\\\/9\\\/2022\\\/09\\\/logo-lekarska-fakulta.png\",\"contentUrl\":\"https:\\\/\\\/www.upjs.sk\\\/app\\\/uploads\\\/sites\\\/9\\\/2022\\\/09\\\/logo-lekarska-fakulta.png\",\"width\":415,\"height\":87,\"caption\":\"Lek\u00e1rska fakulta | UPJ\u0160\"},\"image\":{\"@id\":\"https:\\\/\\\/www.upjs.sk\\\/lekarska-fakulta\\\/#\\\/schema\\\/logo\\\/image\\\/\"}}]}<\/script>\n<!-- \/ Yoast SEO plugin. -->","yoast_head_json":{"title":"Mikrobiol\u00f3gia - Lek\u00e1rska fakulta | UPJ\u0160","robots":{"index":"index","follow":"follow","max-snippet":"max-snippet:-1","max-image-preview":"max-image-preview:large","max-video-preview":"max-video-preview:-1"},"canonical":"https:\/\/www.upjs.sk\/lekarska-fakulta\/studenti-lf\/doktorandske\/akreditacie\/akreditovane-odbory-2004\/mikrobiologia\/","og_locale":"sk_SK","og_type":"article","og_title":"Mikrobiol\u00f3gia - Lek\u00e1rska fakulta | UPJ\u0160","og_description":"odborov\u00e1 komisia \u0160kolitelia doktorandsk\u00e9ho \u0161t\u00fadia v \u0161tudijnom odbore 4.2.7 Mikrobiol\u00f3gia Por. \u010d. Meno a priezvisko 1. doc. RNDr. Marta Kme\u0165ov\u00e1, CSc., mim. prof. 2. prof. MUDr. Leonard Siegfried, CSc. podmienky pre pripustenie k obhajobe","og_url":"https:\/\/www.upjs.sk\/lekarska-fakulta\/studenti-lf\/doktorandske\/akreditacie\/akreditovane-odbory-2004\/mikrobiologia\/","og_site_name":"Lek\u00e1rska fakulta | UPJ\u0160","article_modified_time":"2023-02-26T17:42:37+00:00","og_image":[{"url":"http:\/\/www.medic.upjs.sk\/pic\/medic\/h1.gif","type":"","width":"","height":""}],"twitter_card":"summary_large_image","twitter_misc":{"Predpokladan\u00fd \u010das \u010d\u00edtania":"1 min\u00fata"},"schema":{"@context":"https:\/\/schema.org","@graph":[{"@type":"WebPage","@id":"https:\/\/www.upjs.sk\/lekarska-fakulta\/studenti-lf\/doktorandske\/akreditacie\/akreditovane-odbory-2004\/mikrobiologia\/","url":"https:\/\/www.upjs.sk\/lekarska-fakulta\/studenti-lf\/doktorandske\/akreditacie\/akreditovane-odbory-2004\/mikrobiologia\/","name":"Mikrobiol\u00f3gia - Lek\u00e1rska fakulta | UPJ\u0160","isPartOf":{"@id":"https:\/\/www.upjs.sk\/lekarska-fakulta\/#website"},"primaryImageOfPage":{"@id":"https:\/\/www.upjs.sk\/lekarska-fakulta\/studenti-lf\/doktorandske\/akreditacie\/akreditovane-odbory-2004\/mikrobiologia\/#primaryimage"},"image":{"@id":"https:\/\/www.upjs.sk\/lekarska-fakulta\/studenti-lf\/doktorandske\/akreditacie\/akreditovane-odbory-2004\/mikrobiologia\/#primaryimage"},"thumbnailUrl":"http:\/\/www.medic.upjs.sk\/pic\/medic\/h1.gif","datePublished":"2023-02-26T17:41:37+00:00","dateModified":"2023-02-26T17:42:37+00:00","breadcrumb":{"@id":"https:\/\/www.upjs.sk\/lekarska-fakulta\/studenti-lf\/doktorandske\/akreditacie\/akreditovane-odbory-2004\/mikrobiologia\/#breadcrumb"},"inLanguage":"sk-SK","potentialAction":[{"@type":"ReadAction","target":["https:\/\/www.upjs.sk\/lekarska-fakulta\/studenti-lf\/doktorandske\/akreditacie\/akreditovane-odbory-2004\/mikrobiologia\/"]}]},{"@type":"ImageObject","inLanguage":"sk-SK","@id":"https:\/\/www.upjs.sk\/lekarska-fakulta\/studenti-lf\/doktorandske\/akreditacie\/akreditovane-odbory-2004\/mikrobiologia\/#primaryimage","url":"http:\/\/www.medic.upjs.sk\/pic\/medic\/h1.gif","contentUrl":"http:\/\/www.medic.upjs.sk\/pic\/medic\/h1.gif"},{"@type":"BreadcrumbList","@id":"https:\/\/www.upjs.sk\/lekarska-fakulta\/studenti-lf\/doktorandske\/akreditacie\/akreditovane-odbory-2004\/mikrobiologia\/#breadcrumb","itemListElement":[{"@type":"ListItem","position":1,"name":"Home","item":"https:\/\/www.upjs.sk\/lekarska-fakulta\/"},{"@type":"ListItem","position":2,"name":"\u0160tudenti","item":"https:\/\/www.upjs.sk\/lekarska-fakulta\/studenti-lf\/"},{"@type":"ListItem","position":3,"name":"Doktorandsk\u00e9 \u0161t\u00fadium","item":"https:\/\/www.upjs.sk\/lekarska-fakulta\/studenti-lf\/doktorandske\/"},{"@type":"ListItem","position":4,"name":"Akreditovan\u00e9 \u0161tudijn\u00e9 odbory a programy","item":"https:\/\/www.upjs.sk\/lekarska-fakulta\/studenti-lf\/doktorandske\/akreditacie\/"},{"@type":"ListItem","position":5,"name":"Akreditovan\u00e9 odbory doktorandsk\u00e9ho \u0161t\u00fadia &#8211; 2004","item":"https:\/\/www.upjs.sk\/lekarska-fakulta\/studenti-lf\/doktorandske\/akreditacie\/akreditovane-odbory-2004\/"},{"@type":"ListItem","position":6,"name":"Mikrobiol\u00f3gia"}]},{"@type":"WebSite","@id":"https:\/\/www.upjs.sk\/lekarska-fakulta\/#website","url":"https:\/\/www.upjs.sk\/lekarska-fakulta\/","name":"Lek\u00e1rska fakulta | UPJ\u0160","description":"","publisher":{"@id":"https:\/\/www.upjs.sk\/lekarska-fakulta\/#organization"},"potentialAction":[{"@type":"SearchAction","target":{"@type":"EntryPoint","urlTemplate":"https:\/\/www.upjs.sk\/lekarska-fakulta\/?s={search_term_string}"},"query-input":{"@type":"PropertyValueSpecification","valueRequired":true,"valueName":"search_term_string"}}],"inLanguage":"sk-SK"},{"@type":"Organization","@id":"https:\/\/www.upjs.sk\/lekarska-fakulta\/#organization","name":"Lek\u00e1rska fakulta | UPJ\u0160","url":"https:\/\/www.upjs.sk\/lekarska-fakulta\/","logo":{"@type":"ImageObject","inLanguage":"sk-SK","@id":"https:\/\/www.upjs.sk\/lekarska-fakulta\/#\/schema\/logo\/image\/","url":"https:\/\/www.upjs.sk\/app\/uploads\/sites\/9\/2022\/09\/logo-lekarska-fakulta.png","contentUrl":"https:\/\/www.upjs.sk\/app\/uploads\/sites\/9\/2022\/09\/logo-lekarska-fakulta.png","width":415,"height":87,"caption":"Lek\u00e1rska fakulta | UPJ\u0160"},"image":{"@id":"https:\/\/www.upjs.sk\/lekarska-fakulta\/#\/schema\/logo\/image\/"}}]}},"_links":{"self":[{"href":"https:\/\/www.upjs.sk\/lekarska-fakulta\/wp-json\/wp\/v2\/pages\/22855","targetHints":{"allow":["GET"]}}],"collection":[{"href":"https:\/\/www.upjs.sk\/lekarska-fakulta\/wp-json\/wp\/v2\/pages"}],"about":[{"href":"https:\/\/www.upjs.sk\/lekarska-fakulta\/wp-json\/wp\/v2\/types\/page"}],"author":[{"embeddable":true,"href":"https:\/\/www.upjs.sk\/lekarska-fakulta\/wp-json\/wp\/v2\/users\/1"}],"replies":[{"embeddable":true,"href":"https:\/\/www.upjs.sk\/lekarska-fakulta\/wp-json\/wp\/v2\/comments?post=22855"}],"version-history":[{"count":3,"href":"https:\/\/www.upjs.sk\/lekarska-fakulta\/wp-json\/wp\/v2\/pages\/22855\/revisions"}],"predecessor-version":[{"id":80763,"href":"https:\/\/www.upjs.sk\/lekarska-fakulta\/wp-json\/wp\/v2\/pages\/22855\/revisions\/80763"}],"up":[{"embeddable":true,"href":"https:\/\/www.upjs.sk\/lekarska-fakulta\/wp-json\/wp\/v2\/pages\/22836"}],"wp:attachment":[{"href":"https:\/\/www.upjs.sk\/lekarska-fakulta\/wp-json\/wp\/v2\/media?parent=22855"}],"wp:term":[{"taxonomy":"category","embeddable":true,"href":"https:\/\/www.upjs.sk\/lekarska-fakulta\/wp-json\/wp\/v2\/categories?post=22855"},{"taxonomy":"post_tag","embeddable":true,"href":"https:\/\/www.upjs.sk\/lekarska-fakulta\/wp-json\/wp\/v2\/tags?post=22855"}],"curies":[{"name":"wp","href":"https:\/\/api.w.org\/{rel}","templated":true}]}}