{"id":22858,"date":"2023-02-26T15:38:04","date_gmt":"2023-02-26T14:38:04","guid":{"rendered":"https:\/\/www.upjs.sk\/lekarska-fakulta\/informacie-pre-studentov\/doktorandske-studium\/vedne-odbory\/"},"modified":"2023-02-26T15:48:42","modified_gmt":"2023-02-26T14:48:42","slug":"vedne-odbory","status":"publish","type":"page","link":"https:\/\/www.upjs.sk\/lekarska-fakulta\/studenti-lf\/doktorandske\/akreditacie\/vedne-odbory\/","title":{"rendered":"Doktorandsk\u00e9 \u0161t\u00fadium na LF UPJ\u0160"},"content":{"rendered":"\n<p>Lek\u00e1rskej fakulte Univerzity Pavla Jozefa \u0160af\u00e1rika v Ko\u0161iciach bolo d\u0148a 27. 10. 1997 priznan\u00e9 pr\u00e1vo na konanie doktorandsk\u00e9ho \u0161t\u00fadia, dizerta\u010dn\u00fdch sk\u00fa\u0161ok a na ude\u013eovanie vedecko-akademick\u00fdch hodnost\u00ed PhD. Pod\u013ea \u00a7 109 ods. 1 z\u00e1kona \u010d. 131\/2002 Z.z. o vysok\u00fdch \u0161kol\u00e1ch a o zmene a doplnen\u00ed niektor\u00fdch z\u00e1konov v znen\u00ed neskor\u0161\u00edch predpisov (z\u00e1kon \u010d. 528\/2003 Z.z.). Tieto pr\u00e1va zanikaj\u00fa najnesk\u00f4r 31.12.2010 (\u00a7 109 ods. 6 z\u00e1kona 131\/2002 Z.z.). Vysok\u00e9 \u0161koly teda m\u00f4\u017eu prij\u00edma\u0165 \u0161tudentov na doktorandsk\u00e9 \u0161t\u00fadium vo vedn\u00fdch odboroch v akademickom roku 2004\/2005 a 2005\/2006.<\/p>\n\n\n\n<p>Pre Lek\u00e1rsku fakultu s\u00fa to nasleduj\u00face vedn\u00e9 odbory doktorandsk\u00e9ho \u0161t\u00fadia (\u00a7 102 ods. 2 p\u00edsm. h, z\u00e1kona \u010d. 131\/2002 Z.z., zverejnen\u00fd na Odbore vysoko\u0161kolsk\u00e9ho vzdel\u00e1vania): <br>15-01-9 V\u0161eobecn\u00e1 biol\u00f3gia <br>51-02-9 Norm\u00e1lna a patologick\u00e1 fyziol\u00f3gia <br>51-04-9 Farmakol\u00f3gia (aj pre farm. vedy) <br>51-05-9 Vn\u00fatorn\u00e9 choroby <br>51-08-9 Chirurgia <br>51-10-9 Gynekol\u00f3gia a p\u00f4rodn\u00edctvo <br>51-11-9 Pediatria <br>51-17-9 Stomatol\u00f3gia <br>51-55-9 Patologick\u00e1 anat\u00f3mia, s\u00fadne lek\u00e1rstvo<\/p>\n\n\n\n<p class=\"has-text-align-center\"><strong>Hlavn\u00ed garanti a spolugaranti doktorandsk\u00e9ho \u0161t\u00fadia<br>v akreditovan\u00fdch odboroch na LF UPJ\u0160<\/strong><\/p>\n\n\n\n<p><strong>15-01-9 V\u0161eobecn\u00e1 biol\u00f3gia<\/strong><br>prof. RNDr. Ivan Kalina, DrSc.<br>doc. RNDr. Peter Brez\u00e1ni, CSc.<br>doc. MUDr. Leonard Siegfried, CSc.<\/p>\n\n\n\n<p><strong>51-02-9 Norm\u00e1lna a patologick\u00e1 fyziol\u00f3gia<\/strong><br>prof. MUDr. Zolt\u00e1n Tomori, DrSc.<br>doc. MUDr. Oliver R\u00e1cz, CSc.<br>doc. MUDr. \u0160tefan Kujan\u00edk, CSc.<br>doc. MUDr. Imola Bra\u010dokov\u00e1, CSc.<\/p>\n\n\n\n<p><strong>51-04-9 Farmakol\u00f3gia<\/strong><br>Prof. MUDr. Ladislav Mirossay, DrSc.<br>Prof. MVDr. J\u00e1n Moj\u017ei\u0161, CSc.<br>Prof. MUDr. Anton Koh\u00fat, DrSc.<\/p>\n\n\n\n<p><strong>51-05-9 Vn\u00fatorn\u00e9 choroby<\/strong><br>Prof. MUDr. Ivan Tk\u00e1\u010d, PhD.<br>Prof. MUDr. Ivica Laz\u00farov\u00e1, CSc.<br>Prof. MUDr. Du\u0161an Trejbal, CSc.<br>Prof. MUDr. M\u00e1ria Tajt\u00e1kov\u00e1, CSc.<\/p>\n\n\n\n<p><strong>51-08-9 Chirurgia<\/strong><br>Prof. MUDr. Juraj Bober, CSc.<br>Prof. MUDr. Igor \u0160ulla, DrSc.<br>Prof. MUDr. M\u00e1ria Frankovi\u010dov\u00e1, CSc.<br>Doc. MUDr. Gabriel Va\u0161ko, CSc.<\/p>\n\n\n\n<p><strong>51-10-9 Gynekol\u00f3gia a p\u00f4rodn\u00edctvo<\/strong><br>Prof. MUDr. \u0160tefan Luka\u010d\u00edn, CSc.<br>Prof. MUDr. J\u00e1n Danko, CSc.<br>Doc. MUDr. Alexander Ostr\u00f3, CSc.<\/p>\n\n\n\n<p><strong>51-11-9 Pediatria<\/strong><br>Prof. MUDr. \u013dudmila Podrack\u00e1, CSc.<br>Doc. MUDr. Milan Kuchta, CSc.<br>Doc. MUDr. Branislav Spi\u0161\u00e1k, CSc.<\/p>\n\n\n\n<p><strong>51-17-9 Stomatol\u00f3gia<\/strong><br>Doc. MUDr. Andrej Jen\u010da, CSc.<br>Doc. MUDr. Neda Markovsk\u00e1, CSc.<br>Doc. MUDr. Du\u0161an Belu\u0161, CSc.<\/p>\n\n\n\n<p><strong>51-55-9 Patologick\u00e1 anat\u00f3mia, s\u00fadne lek\u00e1rstvo<\/strong><br>prof. MUDr. Ivan Jurkovi\u010d, CSc.<br>doc. MUDr. Franti\u0161ek Longauer, CSc.<br>prof. MUDr. Andrej B\u00f6\u0151r, CSc.<\/p>\n\n\n\n<p class=\"has-text-align-center\"><strong>Zoznam \u0161kolite\u013eov doktorandsk\u00e9ho \u0161t\u00fadia na LF UPJ\u0160<\/strong><\/p>\n\n\n\n<p><strong>15-01-9 V\u0161eobecn\u00e1 biol\u00f3gia<\/strong><br>Prof. RNDr. Ivan Kalina, DrSc.<br>Prof. RNDr. Eva \u010cell\u00e1rov\u00e1, CSc.<br>Doc. MUDr. Marta Kme\u0165ov\u00e1, CSc.<br>Doc. RNDr. Peter Brez\u00e1ni, CSc.<br>Doc. MUDr. Leonard Siegfried, CSc.<br>Doc. RNDr. J\u00e1n \u0160alagovi\u010d, PhD.<br>Doc. RNDr. J\u00e1n Sabo, CSc.<br>Doc. MUDr. Eva Mech\u00edrov\u00e1, CSc.<\/p>\n\n\n\n<p><strong>51-02-9 Norm\u00e1lna a patologick\u00e1 fyziol\u00f3gia<\/strong><br>Prof. MUDr. Zolt\u00e1n Tomori, DrSc.<br>Doc. MUDr. Imola Bra\u010dokov\u00e1, CSc.<br>Doc. MUDr. Oliver R\u00e1cz, CSc.<br>Doc. MUDr. \u0160tefan Kujan\u00edk, CSc.<br>Doc. MUDr. Viliam Doni\u010d, CSc.<br>Doc. MUDr. Roman Be\u0148a\u010dka, PhD.<\/p>\n\n\n\n<p><strong>51-04-9 Farmakol\u00f3gia<\/strong><br>Prof. MUDr. Anton Koh\u00fat, DrSc.<br>Prof. MUDr. Ladislav Mirossay, DrSc.<br>Prof. MVDr. J\u00e1n Moj\u017ei\u0161, CSc.<\/p>\n\n\n\n<p><strong>51-05-9 Vn\u00fatorn\u00e9 choroby<\/strong><br>Prof. MUDr. Miroslav Mydl\u00edk, DrSc.<br>Prof. MUDr. M\u00e1ria Tajt\u00e1kov\u00e1, PhD.<br>Prof. MUDr. Branislav Bohu\u0161, CSc.<br>Prof. MUDr. Ivan Schr\u00e9ter, CSc.<br>Prof. MUDr. Du\u0161an Trejbal, CSc.<br>Prof. MUDr. Jozef Pella, PhD.<br>Prof. MUDr. Ivan Tk\u00e1\u010d, PhD.<br>Prof. MUDr. Ivica Laz\u00farov\u00e1, CSc.<br>Prof. MUDr. Elena T\u00f3thov\u00e1, CSc.<br>Doc. MUDr. Tom\u00e1\u0161 Hildebrand, CSc.<br>Doc. MUDr. J\u00e1n \u0160tub\u0148a, PhD.<br>Doc. MUDr. Jozef Gonsor\u010d\u00edk, CSc.<br>Doc. MUDr. Ru\u017eena Tk\u00e1\u010dov\u00e1, CSc.<br>Doc. MUDr. \u013dubom\u00edr Leg\u00e1th, CSc.<br>Doc. MUDr. Daniel Pella, PhD.<br>Doc. MUDr. Peter Mitro, PhD.<br>Doc. MUDr. Pavol Jar\u010du\u0161ka, PhD.<\/p>\n\n\n\n<p><strong>51-08-9 Chirurgia<\/strong><br>Prof. MUDr. J\u00falius Vaj\u00f3, DrSc.<br>Prof. MUDr. Igor \u0160ulla, DrSc.<br>Prof. MUDr. Juraj Bober, CSc.<br>Prof. MUDr. M\u00e1ria Frankovi\u010dov\u00e1, CSc.<br>Doc. MUDr. Igor Kundr\u00e1t, CSc.<br>Doc. MUDr. Otto Brandebur, CSc.<br>Doc. MUDr. Gabriel Va\u0161ko, CSc.<br>Doc. MUDr. \u0160tefan Guzanin, CSc.<br>Doc. MUDr. Jozef V\u00fdrostko, CSc.<br>Doc. MUDr. Miroslav Gajdo\u0161, CSc.<br>Doc. MUDr. Miroslav Jan\u00edk, CSc.<br>Doc. MUDr. Ladislav Valansk\u00fd, PhD.<br>Prof. MUDr. Miroslav Kitka, CSc.<br>Doc. MUDr. Michal Va\u013eko, CSc.<br>Doc. MUDr. Jozef Rado\u0148\u00e1k, CSc.<br>Doc. MUDr. Vincent Nagy, CSc.<\/p>\n\n\n\n<p><strong>51-10-9 Gynekol\u00f3gia a p\u00f4rodn\u00edctvo<\/strong><br>Prof. MUDr. J\u00e1n Danko, CSc.<br>Prof. MUDr. \u0160tefan Luka\u010d\u00edn, CSc.<br>Doc. MUDr. Alexander Ostr\u00f3, CSc.<\/p>\n\n\n\n<p><strong>51-11-9 Pediatria<\/strong><br>Prof. MUDr. \u013dudmila Podrack\u00e1, CSc.<br>Prof. MUDr. Miroslav \u0160a\u0161inka, DrSc.<br>Doc. MUDr. Milan Kuchta, CSc.<br>Doc. MUDr. Branislav Spi\u0161\u00e1k, CSc.<br>Prof. MUDr. J\u00e1n Buchanec, DrSc.<\/p>\n\n\n\n<p><strong>51-17-9 Stomatol\u00f3gia<\/strong><br>Doc. MUDr. Eugen \u010eurovi\u010d, DrSc.<br>Doc. MUDr. Du\u0161an Belu\u0161, CSc.<br>Doc. MUDr. Andrej Jen\u010da, CSc.<br>Doc. MUDr. Neda Markovsk\u00e1, CSc.<br>Doc. MUDr. J\u00e1n Sl\u00e1vik, CSc.<br>Doc. MUDr. Milan Kontr\u00e1\u0148, CSc.<\/p>\n\n\n\n<p><strong>51-55-9 Patologick\u00e1 anat\u00f3mia, s\u00fadne lek\u00e1rstvo<\/strong><br>Prof. MUDr. Andrej B\u00f6\u0151r, CSc.<br>Prof. MUDr. Ivan Jurkovi\u010d, CSc.<br>Doc. MUDr. Franti\u0161ek Longauer, CSc.<\/p>\n\n\n\n<p><strong>PODMIENKY PRIJATIA NA DOKTORANDSK\u00c9 \u0160T\u00daDIUM<\/strong><\/p>\n\n\n\n<p>&#8211; ukon\u010den\u00e9 vysoko\u0161kolsk\u00e9 vzdelanie<br>&#8211; \u00faspe\u0161n\u00e9 absolvovanie prij\u00edmacieho pohovoru pred komisiou z vybran\u00e9ho odboru a anglick\u00e9ho jazyka (v mesiaci september)<\/p>\n\n\n\n<p><strong>PRIHLASOVANIE SA NA DOKTORANDSK\u00c9 \u0160T\u00daDIUM<\/strong><\/p>\n\n\n\n<p>&#8211; t\u00e9my na denn\u00fa a extern\u00fa formu na nasleduj\u00faci akademick\u00fd rok s\u00fa vyp\u00edsan\u00e9 a zverejnen\u00e9 najnesk\u00f4r v m\u00e1ji<br>&#8211; do 30. 6. poda\u0165 ofici\u00e1lnu \u017eiados\u0165 na konkr\u00e9tnu t\u00e9mu na Refer\u00e1t pre vedu a v\u00fdskum LF UPJ\u0160, Trieda SNP \u010d. 1, 040 66 Ko\u0161ice<br>&#8211; uch\u00e1dza\u010di o extern\u00fa formu \u0161t\u00fadia prilo\u017eia k \u017eiadosti s\u00fahlas zamestn\u00e1vate\u013ea<br>&#8211; po prihl\u00e1sen\u00ed ka\u017ed\u00fd uch\u00e1dza\u010d obdr\u017e\u00ed tla\u010divo &#8222;Prihl\u00e1\u0161ka na doktorandsk\u00e9 \u0161t\u00fadium&#8220; a zoznam potrebn\u00fdch pr\u00edloh<\/p>\n\n\n\n<p>Priebeh doktorandsk\u00e9ho \u0161t\u00fadia upravuje Z\u00e1kon o vysok\u00fdch \u0161kol\u00e1ch \u010d. 131\/2002 Z.z a Vyhl\u00e1\u0161ka M\u0160 SR o doktorandskom \u0161t\u00fadiu \u010d. 131\/1997 Z.z.<\/p>\n\n\n\n<p>Aktualizovan\u00e9 d\u0148a: 26.5.2004<\/p>\n","protected":false},"excerpt":{"rendered":"<p>Lek\u00e1rskej fakulte Univerzity Pavla Jozefa \u0160af\u00e1rika v Ko\u0161iciach bolo d\u0148a 27. 10. 1997 priznan\u00e9 pr\u00e1vo na konanie doktorandsk\u00e9ho \u0161t\u00fadia, dizerta\u010dn\u00fdch sk\u00fa\u0161ok a na ude\u013eovanie vedecko-akademick\u00fdch hodnost\u00ed PhD. Pod\u013ea \u00a7 109 ods. 1 z\u00e1kona \u010d. 131\/2002 Z.z. o vysok\u00fdch \u0161kol\u00e1ch a o zmene a doplnen\u00ed niektor\u00fdch z\u00e1konov v znen\u00ed neskor\u0161\u00edch predpisov (z\u00e1kon \u010d. 528\/2003 Z.z.). Tieto &hellip; <a href=\"https:\/\/www.upjs.sk\/lekarska-fakulta\/studenti-lf\/doktorandske\/akreditacie\/vedne-odbory\/\">\u010c\u00edta\u0165 \u010falej<\/a><\/p>\n","protected":false},"author":1,"featured_media":0,"parent":12862,"menu_order":2,"comment_status":"closed","ping_status":"closed","template":"","meta":{"_acf_changed":false,"_editorskit_title_hidden":false,"_editorskit_reading_time":3,"_editorskit_is_block_options_detached":false,"_editorskit_block_options_position":"{}","footnotes":""},"categories":[],"tags":[],"class_list":["post-22858","page","type-page","status-publish","hentry"],"acf":{"acf_link_na_externy_obsah":""},"yoast_head":"<!-- This site is optimized with the Yoast SEO plugin v27.4 - https:\/\/yoast.com\/product\/yoast-seo-wordpress\/ -->\n<title>Doktorandsk\u00e9 \u0161t\u00fadium na LF UPJ\u0160 - Lek\u00e1rska fakulta | UPJ\u0160<\/title>\n<meta name=\"robots\" content=\"index, follow, max-snippet:-1, max-image-preview:large, max-video-preview:-1\" \/>\n<link rel=\"canonical\" href=\"https:\/\/www.upjs.sk\/lekarska-fakulta\/studenti-lf\/doktorandske\/akreditacie\/vedne-odbory\/\" \/>\n<meta property=\"og:locale\" content=\"sk_SK\" \/>\n<meta property=\"og:type\" content=\"article\" \/>\n<meta property=\"og:title\" content=\"Doktorandsk\u00e9 \u0161t\u00fadium na LF UPJ\u0160 - Lek\u00e1rska fakulta | UPJ\u0160\" \/>\n<meta property=\"og:description\" content=\"Lek\u00e1rskej fakulte Univerzity Pavla Jozefa \u0160af\u00e1rika v Ko\u0161iciach bolo d\u0148a 27. 10. 1997 priznan\u00e9 pr\u00e1vo na konanie doktorandsk\u00e9ho \u0161t\u00fadia, dizerta\u010dn\u00fdch sk\u00fa\u0161ok a na ude\u013eovanie vedecko-akademick\u00fdch hodnost\u00ed PhD. Pod\u013ea \u00a7 109 ods. 1 z\u00e1kona \u010d. 131\/2002 Z.z. o vysok\u00fdch \u0161kol\u00e1ch a o zmene a doplnen\u00ed niektor\u00fdch z\u00e1konov v znen\u00ed neskor\u0161\u00edch predpisov (z\u00e1kon \u010d. 528\/2003 Z.z.). Tieto &hellip; \u010c\u00edta\u0165 \u010falej\" \/>\n<meta property=\"og:url\" content=\"https:\/\/www.upjs.sk\/lekarska-fakulta\/studenti-lf\/doktorandske\/akreditacie\/vedne-odbory\/\" \/>\n<meta property=\"og:site_name\" content=\"Lek\u00e1rska fakulta | UPJ\u0160\" \/>\n<meta property=\"article:modified_time\" content=\"2023-02-26T14:48:42+00:00\" \/>\n<meta name=\"twitter:card\" content=\"summary_large_image\" \/>\n<meta name=\"twitter:label1\" content=\"Predpokladan\u00fd \u010das \u010d\u00edtania\" \/>\n\t<meta name=\"twitter:data1\" content=\"5 min\u00fat\" \/>\n<script type=\"application\/ld+json\" class=\"yoast-schema-graph\">{\"@context\":\"https:\\\/\\\/schema.org\",\"@graph\":[{\"@type\":\"WebPage\",\"@id\":\"https:\\\/\\\/www.upjs.sk\\\/lekarska-fakulta\\\/studenti-lf\\\/doktorandske\\\/akreditacie\\\/vedne-odbory\\\/\",\"url\":\"https:\\\/\\\/www.upjs.sk\\\/lekarska-fakulta\\\/studenti-lf\\\/doktorandske\\\/akreditacie\\\/vedne-odbory\\\/\",\"name\":\"Doktorandsk\u00e9 \u0161t\u00fadium na LF UPJ\u0160 - Lek\u00e1rska fakulta | UPJ\u0160\",\"isPartOf\":{\"@id\":\"https:\\\/\\\/www.upjs.sk\\\/lekarska-fakulta\\\/#website\"},\"datePublished\":\"2023-02-26T14:38:04+00:00\",\"dateModified\":\"2023-02-26T14:48:42+00:00\",\"breadcrumb\":{\"@id\":\"https:\\\/\\\/www.upjs.sk\\\/lekarska-fakulta\\\/studenti-lf\\\/doktorandske\\\/akreditacie\\\/vedne-odbory\\\/#breadcrumb\"},\"inLanguage\":\"sk-SK\",\"potentialAction\":[{\"@type\":\"ReadAction\",\"target\":[\"https:\\\/\\\/www.upjs.sk\\\/lekarska-fakulta\\\/studenti-lf\\\/doktorandske\\\/akreditacie\\\/vedne-odbory\\\/\"]}]},{\"@type\":\"BreadcrumbList\",\"@id\":\"https:\\\/\\\/www.upjs.sk\\\/lekarska-fakulta\\\/studenti-lf\\\/doktorandske\\\/akreditacie\\\/vedne-odbory\\\/#breadcrumb\",\"itemListElement\":[{\"@type\":\"ListItem\",\"position\":1,\"name\":\"Home\",\"item\":\"https:\\\/\\\/www.upjs.sk\\\/lekarska-fakulta\\\/\"},{\"@type\":\"ListItem\",\"position\":2,\"name\":\"\u0160tudenti\",\"item\":\"https:\\\/\\\/www.upjs.sk\\\/lekarska-fakulta\\\/studenti-lf\\\/\"},{\"@type\":\"ListItem\",\"position\":3,\"name\":\"Doktorandsk\u00e9 \u0161t\u00fadium\",\"item\":\"https:\\\/\\\/www.upjs.sk\\\/lekarska-fakulta\\\/studenti-lf\\\/doktorandske\\\/\"},{\"@type\":\"ListItem\",\"position\":4,\"name\":\"Akreditovan\u00e9 \u0161tudijn\u00e9 odbory a programy\",\"item\":\"https:\\\/\\\/www.upjs.sk\\\/lekarska-fakulta\\\/studenti-lf\\\/doktorandske\\\/akreditacie\\\/\"},{\"@type\":\"ListItem\",\"position\":5,\"name\":\"Doktorandsk\u00e9 \u0161t\u00fadium na LF UPJ\u0160\"}]},{\"@type\":\"WebSite\",\"@id\":\"https:\\\/\\\/www.upjs.sk\\\/lekarska-fakulta\\\/#website\",\"url\":\"https:\\\/\\\/www.upjs.sk\\\/lekarska-fakulta\\\/\",\"name\":\"Lek\u00e1rska fakulta | UPJ\u0160\",\"description\":\"\",\"publisher\":{\"@id\":\"https:\\\/\\\/www.upjs.sk\\\/lekarska-fakulta\\\/#organization\"},\"potentialAction\":[{\"@type\":\"SearchAction\",\"target\":{\"@type\":\"EntryPoint\",\"urlTemplate\":\"https:\\\/\\\/www.upjs.sk\\\/lekarska-fakulta\\\/?s={search_term_string}\"},\"query-input\":{\"@type\":\"PropertyValueSpecification\",\"valueRequired\":true,\"valueName\":\"search_term_string\"}}],\"inLanguage\":\"sk-SK\"},{\"@type\":\"Organization\",\"@id\":\"https:\\\/\\\/www.upjs.sk\\\/lekarska-fakulta\\\/#organization\",\"name\":\"Lek\u00e1rska fakulta | UPJ\u0160\",\"url\":\"https:\\\/\\\/www.upjs.sk\\\/lekarska-fakulta\\\/\",\"logo\":{\"@type\":\"ImageObject\",\"inLanguage\":\"sk-SK\",\"@id\":\"https:\\\/\\\/www.upjs.sk\\\/lekarska-fakulta\\\/#\\\/schema\\\/logo\\\/image\\\/\",\"url\":\"https:\\\/\\\/www.upjs.sk\\\/app\\\/uploads\\\/sites\\\/9\\\/2022\\\/09\\\/logo-lekarska-fakulta.png\",\"contentUrl\":\"https:\\\/\\\/www.upjs.sk\\\/app\\\/uploads\\\/sites\\\/9\\\/2022\\\/09\\\/logo-lekarska-fakulta.png\",\"width\":415,\"height\":87,\"caption\":\"Lek\u00e1rska fakulta | UPJ\u0160\"},\"image\":{\"@id\":\"https:\\\/\\\/www.upjs.sk\\\/lekarska-fakulta\\\/#\\\/schema\\\/logo\\\/image\\\/\"}}]}<\/script>\n<!-- \/ Yoast SEO plugin. -->","yoast_head_json":{"title":"Doktorandsk\u00e9 \u0161t\u00fadium na LF UPJ\u0160 - Lek\u00e1rska fakulta | UPJ\u0160","robots":{"index":"index","follow":"follow","max-snippet":"max-snippet:-1","max-image-preview":"max-image-preview:large","max-video-preview":"max-video-preview:-1"},"canonical":"https:\/\/www.upjs.sk\/lekarska-fakulta\/studenti-lf\/doktorandske\/akreditacie\/vedne-odbory\/","og_locale":"sk_SK","og_type":"article","og_title":"Doktorandsk\u00e9 \u0161t\u00fadium na LF UPJ\u0160 - Lek\u00e1rska fakulta | UPJ\u0160","og_description":"Lek\u00e1rskej fakulte Univerzity Pavla Jozefa \u0160af\u00e1rika v Ko\u0161iciach bolo d\u0148a 27. 10. 1997 priznan\u00e9 pr\u00e1vo na konanie doktorandsk\u00e9ho \u0161t\u00fadia, dizerta\u010dn\u00fdch sk\u00fa\u0161ok a na ude\u013eovanie vedecko-akademick\u00fdch hodnost\u00ed PhD. Pod\u013ea \u00a7 109 ods. 1 z\u00e1kona \u010d. 131\/2002 Z.z. o vysok\u00fdch \u0161kol\u00e1ch a o zmene a doplnen\u00ed niektor\u00fdch z\u00e1konov v znen\u00ed neskor\u0161\u00edch predpisov (z\u00e1kon \u010d. 528\/2003 Z.z.). Tieto &hellip; \u010c\u00edta\u0165 \u010falej","og_url":"https:\/\/www.upjs.sk\/lekarska-fakulta\/studenti-lf\/doktorandske\/akreditacie\/vedne-odbory\/","og_site_name":"Lek\u00e1rska fakulta | UPJ\u0160","article_modified_time":"2023-02-26T14:48:42+00:00","twitter_card":"summary_large_image","twitter_misc":{"Predpokladan\u00fd \u010das \u010d\u00edtania":"5 min\u00fat"},"schema":{"@context":"https:\/\/schema.org","@graph":[{"@type":"WebPage","@id":"https:\/\/www.upjs.sk\/lekarska-fakulta\/studenti-lf\/doktorandske\/akreditacie\/vedne-odbory\/","url":"https:\/\/www.upjs.sk\/lekarska-fakulta\/studenti-lf\/doktorandske\/akreditacie\/vedne-odbory\/","name":"Doktorandsk\u00e9 \u0161t\u00fadium na LF UPJ\u0160 - Lek\u00e1rska fakulta | UPJ\u0160","isPartOf":{"@id":"https:\/\/www.upjs.sk\/lekarska-fakulta\/#website"},"datePublished":"2023-02-26T14:38:04+00:00","dateModified":"2023-02-26T14:48:42+00:00","breadcrumb":{"@id":"https:\/\/www.upjs.sk\/lekarska-fakulta\/studenti-lf\/doktorandske\/akreditacie\/vedne-odbory\/#breadcrumb"},"inLanguage":"sk-SK","potentialAction":[{"@type":"ReadAction","target":["https:\/\/www.upjs.sk\/lekarska-fakulta\/studenti-lf\/doktorandske\/akreditacie\/vedne-odbory\/"]}]},{"@type":"BreadcrumbList","@id":"https:\/\/www.upjs.sk\/lekarska-fakulta\/studenti-lf\/doktorandske\/akreditacie\/vedne-odbory\/#breadcrumb","itemListElement":[{"@type":"ListItem","position":1,"name":"Home","item":"https:\/\/www.upjs.sk\/lekarska-fakulta\/"},{"@type":"ListItem","position":2,"name":"\u0160tudenti","item":"https:\/\/www.upjs.sk\/lekarska-fakulta\/studenti-lf\/"},{"@type":"ListItem","position":3,"name":"Doktorandsk\u00e9 \u0161t\u00fadium","item":"https:\/\/www.upjs.sk\/lekarska-fakulta\/studenti-lf\/doktorandske\/"},{"@type":"ListItem","position":4,"name":"Akreditovan\u00e9 \u0161tudijn\u00e9 odbory a programy","item":"https:\/\/www.upjs.sk\/lekarska-fakulta\/studenti-lf\/doktorandske\/akreditacie\/"},{"@type":"ListItem","position":5,"name":"Doktorandsk\u00e9 \u0161t\u00fadium na LF UPJ\u0160"}]},{"@type":"WebSite","@id":"https:\/\/www.upjs.sk\/lekarska-fakulta\/#website","url":"https:\/\/www.upjs.sk\/lekarska-fakulta\/","name":"Lek\u00e1rska fakulta | UPJ\u0160","description":"","publisher":{"@id":"https:\/\/www.upjs.sk\/lekarska-fakulta\/#organization"},"potentialAction":[{"@type":"SearchAction","target":{"@type":"EntryPoint","urlTemplate":"https:\/\/www.upjs.sk\/lekarska-fakulta\/?s={search_term_string}"},"query-input":{"@type":"PropertyValueSpecification","valueRequired":true,"valueName":"search_term_string"}}],"inLanguage":"sk-SK"},{"@type":"Organization","@id":"https:\/\/www.upjs.sk\/lekarska-fakulta\/#organization","name":"Lek\u00e1rska fakulta | UPJ\u0160","url":"https:\/\/www.upjs.sk\/lekarska-fakulta\/","logo":{"@type":"ImageObject","inLanguage":"sk-SK","@id":"https:\/\/www.upjs.sk\/lekarska-fakulta\/#\/schema\/logo\/image\/","url":"https:\/\/www.upjs.sk\/app\/uploads\/sites\/9\/2022\/09\/logo-lekarska-fakulta.png","contentUrl":"https:\/\/www.upjs.sk\/app\/uploads\/sites\/9\/2022\/09\/logo-lekarska-fakulta.png","width":415,"height":87,"caption":"Lek\u00e1rska fakulta | UPJ\u0160"},"image":{"@id":"https:\/\/www.upjs.sk\/lekarska-fakulta\/#\/schema\/logo\/image\/"}}]}},"_links":{"self":[{"href":"https:\/\/www.upjs.sk\/lekarska-fakulta\/wp-json\/wp\/v2\/pages\/22858","targetHints":{"allow":["GET"]}}],"collection":[{"href":"https:\/\/www.upjs.sk\/lekarska-fakulta\/wp-json\/wp\/v2\/pages"}],"about":[{"href":"https:\/\/www.upjs.sk\/lekarska-fakulta\/wp-json\/wp\/v2\/types\/page"}],"author":[{"embeddable":true,"href":"https:\/\/www.upjs.sk\/lekarska-fakulta\/wp-json\/wp\/v2\/users\/1"}],"replies":[{"embeddable":true,"href":"https:\/\/www.upjs.sk\/lekarska-fakulta\/wp-json\/wp\/v2\/comments?post=22858"}],"version-history":[{"count":3,"href":"https:\/\/www.upjs.sk\/lekarska-fakulta\/wp-json\/wp\/v2\/pages\/22858\/revisions"}],"predecessor-version":[{"id":80649,"href":"https:\/\/www.upjs.sk\/lekarska-fakulta\/wp-json\/wp\/v2\/pages\/22858\/revisions\/80649"}],"up":[{"embeddable":true,"href":"https:\/\/www.upjs.sk\/lekarska-fakulta\/wp-json\/wp\/v2\/pages\/12862"}],"wp:attachment":[{"href":"https:\/\/www.upjs.sk\/lekarska-fakulta\/wp-json\/wp\/v2\/media?parent=22858"}],"wp:term":[{"taxonomy":"category","embeddable":true,"href":"https:\/\/www.upjs.sk\/lekarska-fakulta\/wp-json\/wp\/v2\/categories?post=22858"},{"taxonomy":"post_tag","embeddable":true,"href":"https:\/\/www.upjs.sk\/lekarska-fakulta\/wp-json\/wp\/v2\/tags?post=22858"}],"curies":[{"name":"wp","href":"https:\/\/api.w.org\/{rel}","templated":true}]}}