{"id":73130,"date":"2023-02-01T04:41:56","date_gmt":"2023-02-01T03:41:56","guid":{"rendered":"https:\/\/www.upjs.sk\/lekarska-fakulta\/fakulta\/organy-fakulty\/disciplinarna-komisia\/"},"modified":"2025-04-23T12:34:03","modified_gmt":"2025-04-23T11:34:03","slug":"disciplinarna-komisia","status":"publish","type":"page","link":"https:\/\/www.upjs.sk\/lekarska-fakulta\/fakulta\/organy-fakulty\/disciplinarna-komisia\/","title":{"rendered":"Disciplin\u00e1rna komisia"},"content":{"rendered":"\n<p><strong>Predseda komisie:<\/strong><br>prof. MUDr. Peter Urdz\u00edk, PhD., MPH<\/p>\n\n\n\n<p><strong>\u010clenovia:<\/strong><br>doc. MUDr. Ivan D\u00f3ci, PhD.\u00a0<br>JUDr. Monika Kajla, PhD. (MD)<br>prof. MUDr. Pavol Kristian, PhD.\u00a0<br>doc. MUDr. Silvia Timkov\u00e1, PhD.\u00a0<br>doc. MVDr. \u0160tefan T\u00f3th, PhD.\u00a0<br>Sofia Ber\u00e1nekov\u00e1, \u0161tudentka VL\u00a0<br>Sofia Alexandra Hleba\u0161ov\u00e1,\u00a0\u0161tudentka VL<br>Kl\u00e1ra Koc\u00farov\u00e1, \u0161tudentka ZL\u00a0<br>Lucia Linkeschov\u00e1, \u0161tudentka VL\u00a0<br>Eva Ma\u0165kov\u00e1, \u0161tudentka ZL\u00a0<br>Samuel Pa\u013eo, \u0161tudent VL<\/p>\n","protected":false},"excerpt":{"rendered":"<p>Predseda komisie:prof. MUDr. Peter Urdz\u00edk, PhD., MPH \u010clenovia:doc. MUDr. Ivan D\u00f3ci, PhD.\u00a0JUDr. Monika Kajla, PhD. (MD)prof. MUDr. Pavol Kristian, PhD.\u00a0doc. MUDr. Silvia Timkov\u00e1, PhD.\u00a0doc. MVDr. \u0160tefan T\u00f3th, PhD.\u00a0Sofia Ber\u00e1nekov\u00e1, \u0161tudentka VL\u00a0Sofia Alexandra Hleba\u0161ov\u00e1,\u00a0\u0161tudentka VLKl\u00e1ra Koc\u00farov\u00e1, \u0161tudentka ZL\u00a0Lucia Linkeschov\u00e1, \u0161tudentka VL\u00a0Eva Ma\u0165kov\u00e1, \u0161tudentka ZL\u00a0Samuel Pa\u013eo, \u0161tudent VL<\/p>\n","protected":false},"author":31,"featured_media":0,"parent":13639,"menu_order":3,"comment_status":"closed","ping_status":"closed","template":"","meta":{"_acf_changed":false,"_editorskit_title_hidden":false,"_editorskit_reading_time":1,"_editorskit_is_block_options_detached":false,"_editorskit_block_options_position":"{}","footnotes":""},"categories":[],"tags":[],"class_list":["post-73130","page","type-page","status-publish","hentry"],"acf":{"acf_link_na_externy_obsah":""},"yoast_head":"<!-- This site is optimized with the Yoast SEO plugin v27.4 - https:\/\/yoast.com\/product\/yoast-seo-wordpress\/ -->\n<title>Disciplin\u00e1rna komisia - Lek\u00e1rska fakulta | UPJ\u0160<\/title>\n<meta name=\"robots\" content=\"index, follow, max-snippet:-1, max-image-preview:large, max-video-preview:-1\" \/>\n<link rel=\"canonical\" href=\"https:\/\/www.upjs.sk\/lekarska-fakulta\/fakulta\/organy-fakulty\/disciplinarna-komisia\/\" \/>\n<meta property=\"og:locale\" content=\"sk_SK\" \/>\n<meta property=\"og:type\" content=\"article\" \/>\n<meta property=\"og:title\" content=\"Disciplin\u00e1rna komisia - Lek\u00e1rska fakulta | UPJ\u0160\" \/>\n<meta property=\"og:description\" content=\"Predseda komisie:prof. MUDr. Peter Urdz\u00edk, PhD., MPH \u010clenovia:doc. MUDr. Ivan D\u00f3ci, PhD.\u00a0JUDr. Monika Kajla, PhD. (MD)prof. MUDr. Pavol Kristian, PhD.\u00a0doc. MUDr. Silvia Timkov\u00e1, PhD.\u00a0doc. MVDr. \u0160tefan T\u00f3th, PhD.\u00a0Sofia Ber\u00e1nekov\u00e1, \u0161tudentka VL\u00a0Sofia Alexandra Hleba\u0161ov\u00e1,\u00a0\u0161tudentka VLKl\u00e1ra Koc\u00farov\u00e1, \u0161tudentka ZL\u00a0Lucia Linkeschov\u00e1, \u0161tudentka VL\u00a0Eva Ma\u0165kov\u00e1, \u0161tudentka ZL\u00a0Samuel Pa\u013eo, \u0161tudent VL\" \/>\n<meta property=\"og:url\" content=\"https:\/\/www.upjs.sk\/lekarska-fakulta\/fakulta\/organy-fakulty\/disciplinarna-komisia\/\" \/>\n<meta property=\"og:site_name\" content=\"Lek\u00e1rska fakulta | UPJ\u0160\" \/>\n<meta property=\"article:modified_time\" content=\"2025-04-23T11:34:03+00:00\" \/>\n<meta name=\"twitter:card\" content=\"summary_large_image\" \/>\n<meta name=\"twitter:label1\" content=\"Predpokladan\u00fd \u010das \u010d\u00edtania\" \/>\n\t<meta name=\"twitter:data1\" content=\"1 min\u00fata\" \/>\n<script type=\"application\/ld+json\" class=\"yoast-schema-graph\">{\"@context\":\"https:\\\/\\\/schema.org\",\"@graph\":[{\"@type\":\"WebPage\",\"@id\":\"https:\\\/\\\/www.upjs.sk\\\/lekarska-fakulta\\\/fakulta\\\/organy-fakulty\\\/disciplinarna-komisia\\\/\",\"url\":\"https:\\\/\\\/www.upjs.sk\\\/lekarska-fakulta\\\/fakulta\\\/organy-fakulty\\\/disciplinarna-komisia\\\/\",\"name\":\"Disciplin\u00e1rna komisia - Lek\u00e1rska fakulta | UPJ\u0160\",\"isPartOf\":{\"@id\":\"https:\\\/\\\/www.upjs.sk\\\/lekarska-fakulta\\\/#website\"},\"datePublished\":\"2023-02-01T03:41:56+00:00\",\"dateModified\":\"2025-04-23T11:34:03+00:00\",\"breadcrumb\":{\"@id\":\"https:\\\/\\\/www.upjs.sk\\\/lekarska-fakulta\\\/fakulta\\\/organy-fakulty\\\/disciplinarna-komisia\\\/#breadcrumb\"},\"inLanguage\":\"sk-SK\",\"potentialAction\":[{\"@type\":\"ReadAction\",\"target\":[\"https:\\\/\\\/www.upjs.sk\\\/lekarska-fakulta\\\/fakulta\\\/organy-fakulty\\\/disciplinarna-komisia\\\/\"]}]},{\"@type\":\"BreadcrumbList\",\"@id\":\"https:\\\/\\\/www.upjs.sk\\\/lekarska-fakulta\\\/fakulta\\\/organy-fakulty\\\/disciplinarna-komisia\\\/#breadcrumb\",\"itemListElement\":[{\"@type\":\"ListItem\",\"position\":1,\"name\":\"Home\",\"item\":\"https:\\\/\\\/www.upjs.sk\\\/lekarska-fakulta\\\/\"},{\"@type\":\"ListItem\",\"position\":2,\"name\":\"O fakulte\",\"item\":\"https:\\\/\\\/www.upjs.sk\\\/lekarska-fakulta\\\/fakulta\\\/\"},{\"@type\":\"ListItem\",\"position\":3,\"name\":\"Org\u00e1ny fakulty\",\"item\":\"https:\\\/\\\/www.upjs.sk\\\/lekarska-fakulta\\\/fakulta\\\/organy-fakulty\\\/\"},{\"@type\":\"ListItem\",\"position\":4,\"name\":\"Disciplin\u00e1rna komisia\"}]},{\"@type\":\"WebSite\",\"@id\":\"https:\\\/\\\/www.upjs.sk\\\/lekarska-fakulta\\\/#website\",\"url\":\"https:\\\/\\\/www.upjs.sk\\\/lekarska-fakulta\\\/\",\"name\":\"Lek\u00e1rska fakulta | UPJ\u0160\",\"description\":\"\",\"publisher\":{\"@id\":\"https:\\\/\\\/www.upjs.sk\\\/lekarska-fakulta\\\/#organization\"},\"potentialAction\":[{\"@type\":\"SearchAction\",\"target\":{\"@type\":\"EntryPoint\",\"urlTemplate\":\"https:\\\/\\\/www.upjs.sk\\\/lekarska-fakulta\\\/?s={search_term_string}\"},\"query-input\":{\"@type\":\"PropertyValueSpecification\",\"valueRequired\":true,\"valueName\":\"search_term_string\"}}],\"inLanguage\":\"sk-SK\"},{\"@type\":\"Organization\",\"@id\":\"https:\\\/\\\/www.upjs.sk\\\/lekarska-fakulta\\\/#organization\",\"name\":\"Lek\u00e1rska fakulta | UPJ\u0160\",\"url\":\"https:\\\/\\\/www.upjs.sk\\\/lekarska-fakulta\\\/\",\"logo\":{\"@type\":\"ImageObject\",\"inLanguage\":\"sk-SK\",\"@id\":\"https:\\\/\\\/www.upjs.sk\\\/lekarska-fakulta\\\/#\\\/schema\\\/logo\\\/image\\\/\",\"url\":\"https:\\\/\\\/www.upjs.sk\\\/app\\\/uploads\\\/sites\\\/9\\\/2022\\\/09\\\/logo-lekarska-fakulta.png\",\"contentUrl\":\"https:\\\/\\\/www.upjs.sk\\\/app\\\/uploads\\\/sites\\\/9\\\/2022\\\/09\\\/logo-lekarska-fakulta.png\",\"width\":415,\"height\":87,\"caption\":\"Lek\u00e1rska fakulta | UPJ\u0160\"},\"image\":{\"@id\":\"https:\\\/\\\/www.upjs.sk\\\/lekarska-fakulta\\\/#\\\/schema\\\/logo\\\/image\\\/\"}}]}<\/script>\n<!-- \/ Yoast SEO plugin. -->","yoast_head_json":{"title":"Disciplin\u00e1rna komisia - Lek\u00e1rska fakulta | UPJ\u0160","robots":{"index":"index","follow":"follow","max-snippet":"max-snippet:-1","max-image-preview":"max-image-preview:large","max-video-preview":"max-video-preview:-1"},"canonical":"https:\/\/www.upjs.sk\/lekarska-fakulta\/fakulta\/organy-fakulty\/disciplinarna-komisia\/","og_locale":"sk_SK","og_type":"article","og_title":"Disciplin\u00e1rna komisia - Lek\u00e1rska fakulta | UPJ\u0160","og_description":"Predseda komisie:prof. MUDr. Peter Urdz\u00edk, PhD., MPH \u010clenovia:doc. MUDr. Ivan D\u00f3ci, PhD.\u00a0JUDr. Monika Kajla, PhD. (MD)prof. MUDr. Pavol Kristian, PhD.\u00a0doc. MUDr. Silvia Timkov\u00e1, PhD.\u00a0doc. MVDr. \u0160tefan T\u00f3th, PhD.\u00a0Sofia Ber\u00e1nekov\u00e1, \u0161tudentka VL\u00a0Sofia Alexandra Hleba\u0161ov\u00e1,\u00a0\u0161tudentka VLKl\u00e1ra Koc\u00farov\u00e1, \u0161tudentka ZL\u00a0Lucia Linkeschov\u00e1, \u0161tudentka VL\u00a0Eva Ma\u0165kov\u00e1, \u0161tudentka ZL\u00a0Samuel Pa\u013eo, \u0161tudent VL","og_url":"https:\/\/www.upjs.sk\/lekarska-fakulta\/fakulta\/organy-fakulty\/disciplinarna-komisia\/","og_site_name":"Lek\u00e1rska fakulta | UPJ\u0160","article_modified_time":"2025-04-23T11:34:03+00:00","twitter_card":"summary_large_image","twitter_misc":{"Predpokladan\u00fd \u010das \u010d\u00edtania":"1 min\u00fata"},"schema":{"@context":"https:\/\/schema.org","@graph":[{"@type":"WebPage","@id":"https:\/\/www.upjs.sk\/lekarska-fakulta\/fakulta\/organy-fakulty\/disciplinarna-komisia\/","url":"https:\/\/www.upjs.sk\/lekarska-fakulta\/fakulta\/organy-fakulty\/disciplinarna-komisia\/","name":"Disciplin\u00e1rna komisia - Lek\u00e1rska fakulta | UPJ\u0160","isPartOf":{"@id":"https:\/\/www.upjs.sk\/lekarska-fakulta\/#website"},"datePublished":"2023-02-01T03:41:56+00:00","dateModified":"2025-04-23T11:34:03+00:00","breadcrumb":{"@id":"https:\/\/www.upjs.sk\/lekarska-fakulta\/fakulta\/organy-fakulty\/disciplinarna-komisia\/#breadcrumb"},"inLanguage":"sk-SK","potentialAction":[{"@type":"ReadAction","target":["https:\/\/www.upjs.sk\/lekarska-fakulta\/fakulta\/organy-fakulty\/disciplinarna-komisia\/"]}]},{"@type":"BreadcrumbList","@id":"https:\/\/www.upjs.sk\/lekarska-fakulta\/fakulta\/organy-fakulty\/disciplinarna-komisia\/#breadcrumb","itemListElement":[{"@type":"ListItem","position":1,"name":"Home","item":"https:\/\/www.upjs.sk\/lekarska-fakulta\/"},{"@type":"ListItem","position":2,"name":"O fakulte","item":"https:\/\/www.upjs.sk\/lekarska-fakulta\/fakulta\/"},{"@type":"ListItem","position":3,"name":"Org\u00e1ny fakulty","item":"https:\/\/www.upjs.sk\/lekarska-fakulta\/fakulta\/organy-fakulty\/"},{"@type":"ListItem","position":4,"name":"Disciplin\u00e1rna komisia"}]},{"@type":"WebSite","@id":"https:\/\/www.upjs.sk\/lekarska-fakulta\/#website","url":"https:\/\/www.upjs.sk\/lekarska-fakulta\/","name":"Lek\u00e1rska fakulta | UPJ\u0160","description":"","publisher":{"@id":"https:\/\/www.upjs.sk\/lekarska-fakulta\/#organization"},"potentialAction":[{"@type":"SearchAction","target":{"@type":"EntryPoint","urlTemplate":"https:\/\/www.upjs.sk\/lekarska-fakulta\/?s={search_term_string}"},"query-input":{"@type":"PropertyValueSpecification","valueRequired":true,"valueName":"search_term_string"}}],"inLanguage":"sk-SK"},{"@type":"Organization","@id":"https:\/\/www.upjs.sk\/lekarska-fakulta\/#organization","name":"Lek\u00e1rska fakulta | UPJ\u0160","url":"https:\/\/www.upjs.sk\/lekarska-fakulta\/","logo":{"@type":"ImageObject","inLanguage":"sk-SK","@id":"https:\/\/www.upjs.sk\/lekarska-fakulta\/#\/schema\/logo\/image\/","url":"https:\/\/www.upjs.sk\/app\/uploads\/sites\/9\/2022\/09\/logo-lekarska-fakulta.png","contentUrl":"https:\/\/www.upjs.sk\/app\/uploads\/sites\/9\/2022\/09\/logo-lekarska-fakulta.png","width":415,"height":87,"caption":"Lek\u00e1rska fakulta | UPJ\u0160"},"image":{"@id":"https:\/\/www.upjs.sk\/lekarska-fakulta\/#\/schema\/logo\/image\/"}}]}},"_links":{"self":[{"href":"https:\/\/www.upjs.sk\/lekarska-fakulta\/wp-json\/wp\/v2\/pages\/73130","targetHints":{"allow":["GET"]}}],"collection":[{"href":"https:\/\/www.upjs.sk\/lekarska-fakulta\/wp-json\/wp\/v2\/pages"}],"about":[{"href":"https:\/\/www.upjs.sk\/lekarska-fakulta\/wp-json\/wp\/v2\/types\/page"}],"author":[{"embeddable":true,"href":"https:\/\/www.upjs.sk\/lekarska-fakulta\/wp-json\/wp\/v2\/users\/31"}],"replies":[{"embeddable":true,"href":"https:\/\/www.upjs.sk\/lekarska-fakulta\/wp-json\/wp\/v2\/comments?post=73130"}],"version-history":[{"count":5,"href":"https:\/\/www.upjs.sk\/lekarska-fakulta\/wp-json\/wp\/v2\/pages\/73130\/revisions"}],"predecessor-version":[{"id":134809,"href":"https:\/\/www.upjs.sk\/lekarska-fakulta\/wp-json\/wp\/v2\/pages\/73130\/revisions\/134809"}],"up":[{"embeddable":true,"href":"https:\/\/www.upjs.sk\/lekarska-fakulta\/wp-json\/wp\/v2\/pages\/13639"}],"wp:attachment":[{"href":"https:\/\/www.upjs.sk\/lekarska-fakulta\/wp-json\/wp\/v2\/media?parent=73130"}],"wp:term":[{"taxonomy":"category","embeddable":true,"href":"https:\/\/www.upjs.sk\/lekarska-fakulta\/wp-json\/wp\/v2\/categories?post=73130"},{"taxonomy":"post_tag","embeddable":true,"href":"https:\/\/www.upjs.sk\/lekarska-fakulta\/wp-json\/wp\/v2\/tags?post=73130"}],"curies":[{"name":"wp","href":"https:\/\/api.w.org\/{rel}","templated":true}]}}