{"id":75725,"date":"2023-02-03T12:04:48","date_gmt":"2023-02-03T11:04:48","guid":{"rendered":"https:\/\/www.upjs.sk\/lekarska-fakulta\/fakulta\/zakladne-dokumenty\/informacne-brozury-fakulty\/"},"modified":"2025-09-04T10:18:02","modified_gmt":"2025-09-04T09:18:02","slug":"informacne-brozury-fakulty","status":"publish","type":"page","link":"https:\/\/www.upjs.sk\/lekarska-fakulta\/fakulta\/zakladne-dokumenty\/informacne-brozury-fakulty\/","title":{"rendered":"Informa\u010dn\u00e9 bro\u017e\u00fary Lek\u00e1rskej fakulty UPJ\u0160 v Ko\u0161iciach"},"content":{"rendered":"\n<ul class=\"wp-block-list\">\n<li><a href=\"https:\/\/intranet.upjs.sk\/op\/op.Public.php?documentid=10461\">Informa\u010dn\u00e1 bro\u017e\u00fara UPJ\u0160 LF 2025\/2026<br><\/a><em>vydan\u00e1 k 31. augustu 202<\/em>5<\/li>\n\n\n\n<li><a href=\"https:\/\/intranet.upjs.sk\/op\/op.Public.php?documentid=9735\" target=\"_blank\" rel=\"noreferrer noopener\">Informa\u010dn\u00e1 bro\u017e\u00fara UPJ\u0160 LF 2024\/2025<\/a><br><em>vydan\u00e1 k 31. augustu 2024<\/em><\/li>\n\n\n\n<li><a aria-label=\" (opens in a new tab)\" class=\"ek-link\" href=\"https:\/\/intranet.upjs.sk\/op\/op.Public.php?documentid=8743\" target=\"_blank\" rel=\"noreferrer noopener\">Informa\u010dn\u00e1 bro\u017e\u00fara UPJ\u0160 LF 2023\/2024<br><\/a><em>vydan\u00e1 k 31. augustu 202<\/em>3<\/li>\n\n\n\n<li><a href=\"https:\/\/intranet.upjs.sk\/op\/op.Public.php?documentid=8059\" class=\"ek-link\">Informa\u010dn\u00e1 bro\u017e\u00fara UPJ\u0160 LF 2022\/2023<\/a>&nbsp;<br><em>vydan\u00e1 k 31. augustu 2022<\/em><\/li>\n\n\n\n<li><a href=\"https:\/\/www.upjs.sk\/app\/uploads\/sites\/9\/2022\/09\/BrozuraLF_21-22.pdf\" class=\"ek-link\">Informa\u010dn\u00e1 bro\u017e\u00fara UPJ\u0160 LF 2021\/2022<\/a>&nbsp;<br><em>vydan\u00e1 k 31. augustu 2021<\/em><\/li>\n\n\n\n<li><a href=\"https:\/\/intranet.upjs.sk\/op\/op.Public.php?documentid=8065\" class=\"ek-link\">Informa\u010dn\u00e1 bro\u017e\u00fara UPJ\u0160 LF 2020\/2021<\/a>&nbsp;<br><em>vydan\u00e1 k 31. augustu 2020<\/em><\/li>\n\n\n\n<li><a href=\"https:\/\/www.upjs.sk\/app\/uploads\/sites\/9\/2022\/09\/BrozuraLF-19-20e.pdf\" class=\"ek-link\">Informa\u010dn\u00e1 bro\u017e\u00fara UPJ\u0160 LF 2019\/2020<\/a>&nbsp;<br><em>vydan\u00e1 k 31. augustu 2019<\/em><\/li>\n\n\n\n<li><a href=\"https:\/\/www.upjs.sk\/app\/uploads\/sites\/9\/2022\/09\/BrozuraLF-18-19.pdf\" class=\"ek-link\">Informa\u010dn\u00e1 bro\u017e\u00fara UPJ\u0160 LF 2018\/2019<\/a>&nbsp;<br><em>vydan\u00e1 k 31. augustu 2018<\/em><\/li>\n\n\n\n<li><a href=\"https:\/\/www.upjs.sk\/app\/uploads\/sites\/9\/2022\/09\/BrozuraLF-17-18.pdf\" class=\"ek-link\">Informa\u010dn\u00e1 bro\u017e\u00fara UPJ\u0160 LF 2017\/2018<\/a>&nbsp;<br><em>vydan\u00e1 k 31. augustu 2017<\/em><\/li>\n\n\n\n<li><a href=\"https:\/\/intranet.upjs.sk\/op\/op.Public.php?documentid=8066\" class=\"ek-link\">Informa\u010dn\u00e1 bro\u017e\u00fara UPJ\u0160 LF 2016\/2017<\/a>&nbsp;<br><em>vydan\u00e1 k 31. augustu 2016<\/em><\/li>\n\n\n\n<li><a href=\"https:\/\/www.upjs.sk\/app\/uploads\/sites\/9\/2022\/09\/Informacna-brozura-15-16.pdf\" class=\"ek-link\">Informa\u010dn\u00e1 bro\u017e\u00fara UPJ\u0160 LF 2015\/2016<\/a>&nbsp;<br><em>vydan\u00e1 k 31. augustu 2015<\/em><\/li>\n<\/ul>\n","protected":false},"excerpt":{"rendered":"","protected":false},"author":31,"featured_media":0,"parent":13112,"menu_order":0,"comment_status":"closed","ping_status":"closed","template":"","meta":{"_acf_changed":false,"_editorskit_title_hidden":false,"_editorskit_reading_time":1,"_editorskit_is_block_options_detached":false,"_editorskit_block_options_position":"{}","footnotes":""},"categories":[],"tags":[],"class_list":["post-75725","page","type-page","status-publish","hentry"],"acf":{"acf_link_na_externy_obsah":""},"yoast_head":"<!-- This site is optimized with the Yoast SEO plugin v27.4 - https:\/\/yoast.com\/product\/yoast-seo-wordpress\/ -->\n<title>Informa\u010dn\u00e9 bro\u017e\u00fary Lek\u00e1rskej fakulty UPJ\u0160 v Ko\u0161iciach - Lek\u00e1rska fakulta | UPJ\u0160<\/title>\n<meta name=\"robots\" content=\"index, follow, max-snippet:-1, max-image-preview:large, max-video-preview:-1\" \/>\n<link rel=\"canonical\" href=\"https:\/\/www.upjs.sk\/lekarska-fakulta\/fakulta\/zakladne-dokumenty\/informacne-brozury-fakulty\/\" \/>\n<meta property=\"og:locale\" content=\"sk_SK\" \/>\n<meta property=\"og:type\" content=\"article\" \/>\n<meta property=\"og:title\" content=\"Informa\u010dn\u00e9 bro\u017e\u00fary Lek\u00e1rskej fakulty UPJ\u0160 v Ko\u0161iciach - Lek\u00e1rska fakulta | UPJ\u0160\" \/>\n<meta property=\"og:url\" content=\"https:\/\/www.upjs.sk\/lekarska-fakulta\/fakulta\/zakladne-dokumenty\/informacne-brozury-fakulty\/\" \/>\n<meta property=\"og:site_name\" content=\"Lek\u00e1rska fakulta | UPJ\u0160\" \/>\n<meta property=\"article:modified_time\" content=\"2025-09-04T09:18:02+00:00\" \/>\n<meta name=\"twitter:card\" content=\"summary_large_image\" \/>\n<meta name=\"twitter:label1\" content=\"Predpokladan\u00fd \u010das \u010d\u00edtania\" \/>\n\t<meta name=\"twitter:data1\" content=\"1 min\u00fata\" \/>\n<script type=\"application\/ld+json\" class=\"yoast-schema-graph\">{\"@context\":\"https:\\\/\\\/schema.org\",\"@graph\":[{\"@type\":\"WebPage\",\"@id\":\"https:\\\/\\\/www.upjs.sk\\\/lekarska-fakulta\\\/fakulta\\\/zakladne-dokumenty\\\/informacne-brozury-fakulty\\\/\",\"url\":\"https:\\\/\\\/www.upjs.sk\\\/lekarska-fakulta\\\/fakulta\\\/zakladne-dokumenty\\\/informacne-brozury-fakulty\\\/\",\"name\":\"Informa\u010dn\u00e9 bro\u017e\u00fary Lek\u00e1rskej fakulty UPJ\u0160 v Ko\u0161iciach - Lek\u00e1rska fakulta | UPJ\u0160\",\"isPartOf\":{\"@id\":\"https:\\\/\\\/www.upjs.sk\\\/lekarska-fakulta\\\/#website\"},\"datePublished\":\"2023-02-03T11:04:48+00:00\",\"dateModified\":\"2025-09-04T09:18:02+00:00\",\"breadcrumb\":{\"@id\":\"https:\\\/\\\/www.upjs.sk\\\/lekarska-fakulta\\\/fakulta\\\/zakladne-dokumenty\\\/informacne-brozury-fakulty\\\/#breadcrumb\"},\"inLanguage\":\"sk-SK\",\"potentialAction\":[{\"@type\":\"ReadAction\",\"target\":[\"https:\\\/\\\/www.upjs.sk\\\/lekarska-fakulta\\\/fakulta\\\/zakladne-dokumenty\\\/informacne-brozury-fakulty\\\/\"]}]},{\"@type\":\"BreadcrumbList\",\"@id\":\"https:\\\/\\\/www.upjs.sk\\\/lekarska-fakulta\\\/fakulta\\\/zakladne-dokumenty\\\/informacne-brozury-fakulty\\\/#breadcrumb\",\"itemListElement\":[{\"@type\":\"ListItem\",\"position\":1,\"name\":\"Home\",\"item\":\"https:\\\/\\\/www.upjs.sk\\\/lekarska-fakulta\\\/\"},{\"@type\":\"ListItem\",\"position\":2,\"name\":\"O fakulte\",\"item\":\"https:\\\/\\\/www.upjs.sk\\\/lekarska-fakulta\\\/fakulta\\\/\"},{\"@type\":\"ListItem\",\"position\":3,\"name\":\"Z\u00e1kladn\u00e9 dokumenty fakulty\",\"item\":\"https:\\\/\\\/www.upjs.sk\\\/lekarska-fakulta\\\/fakulta\\\/zakladne-dokumenty\\\/\"},{\"@type\":\"ListItem\",\"position\":4,\"name\":\"Informa\u010dn\u00e9 bro\u017e\u00fary Lek\u00e1rskej fakulty UPJ\u0160 v Ko\u0161iciach\"}]},{\"@type\":\"WebSite\",\"@id\":\"https:\\\/\\\/www.upjs.sk\\\/lekarska-fakulta\\\/#website\",\"url\":\"https:\\\/\\\/www.upjs.sk\\\/lekarska-fakulta\\\/\",\"name\":\"Lek\u00e1rska fakulta | UPJ\u0160\",\"description\":\"\",\"publisher\":{\"@id\":\"https:\\\/\\\/www.upjs.sk\\\/lekarska-fakulta\\\/#organization\"},\"potentialAction\":[{\"@type\":\"SearchAction\",\"target\":{\"@type\":\"EntryPoint\",\"urlTemplate\":\"https:\\\/\\\/www.upjs.sk\\\/lekarska-fakulta\\\/?s={search_term_string}\"},\"query-input\":{\"@type\":\"PropertyValueSpecification\",\"valueRequired\":true,\"valueName\":\"search_term_string\"}}],\"inLanguage\":\"sk-SK\"},{\"@type\":\"Organization\",\"@id\":\"https:\\\/\\\/www.upjs.sk\\\/lekarska-fakulta\\\/#organization\",\"name\":\"Lek\u00e1rska fakulta | UPJ\u0160\",\"url\":\"https:\\\/\\\/www.upjs.sk\\\/lekarska-fakulta\\\/\",\"logo\":{\"@type\":\"ImageObject\",\"inLanguage\":\"sk-SK\",\"@id\":\"https:\\\/\\\/www.upjs.sk\\\/lekarska-fakulta\\\/#\\\/schema\\\/logo\\\/image\\\/\",\"url\":\"https:\\\/\\\/www.upjs.sk\\\/app\\\/uploads\\\/sites\\\/9\\\/2022\\\/09\\\/logo-lekarska-fakulta.png\",\"contentUrl\":\"https:\\\/\\\/www.upjs.sk\\\/app\\\/uploads\\\/sites\\\/9\\\/2022\\\/09\\\/logo-lekarska-fakulta.png\",\"width\":415,\"height\":87,\"caption\":\"Lek\u00e1rska fakulta | UPJ\u0160\"},\"image\":{\"@id\":\"https:\\\/\\\/www.upjs.sk\\\/lekarska-fakulta\\\/#\\\/schema\\\/logo\\\/image\\\/\"}}]}<\/script>\n<!-- \/ Yoast SEO plugin. -->","yoast_head_json":{"title":"Informa\u010dn\u00e9 bro\u017e\u00fary Lek\u00e1rskej fakulty UPJ\u0160 v Ko\u0161iciach - Lek\u00e1rska fakulta | UPJ\u0160","robots":{"index":"index","follow":"follow","max-snippet":"max-snippet:-1","max-image-preview":"max-image-preview:large","max-video-preview":"max-video-preview:-1"},"canonical":"https:\/\/www.upjs.sk\/lekarska-fakulta\/fakulta\/zakladne-dokumenty\/informacne-brozury-fakulty\/","og_locale":"sk_SK","og_type":"article","og_title":"Informa\u010dn\u00e9 bro\u017e\u00fary Lek\u00e1rskej fakulty UPJ\u0160 v Ko\u0161iciach - Lek\u00e1rska fakulta | UPJ\u0160","og_url":"https:\/\/www.upjs.sk\/lekarska-fakulta\/fakulta\/zakladne-dokumenty\/informacne-brozury-fakulty\/","og_site_name":"Lek\u00e1rska fakulta | UPJ\u0160","article_modified_time":"2025-09-04T09:18:02+00:00","twitter_card":"summary_large_image","twitter_misc":{"Predpokladan\u00fd \u010das \u010d\u00edtania":"1 min\u00fata"},"schema":{"@context":"https:\/\/schema.org","@graph":[{"@type":"WebPage","@id":"https:\/\/www.upjs.sk\/lekarska-fakulta\/fakulta\/zakladne-dokumenty\/informacne-brozury-fakulty\/","url":"https:\/\/www.upjs.sk\/lekarska-fakulta\/fakulta\/zakladne-dokumenty\/informacne-brozury-fakulty\/","name":"Informa\u010dn\u00e9 bro\u017e\u00fary Lek\u00e1rskej fakulty UPJ\u0160 v Ko\u0161iciach - Lek\u00e1rska fakulta | UPJ\u0160","isPartOf":{"@id":"https:\/\/www.upjs.sk\/lekarska-fakulta\/#website"},"datePublished":"2023-02-03T11:04:48+00:00","dateModified":"2025-09-04T09:18:02+00:00","breadcrumb":{"@id":"https:\/\/www.upjs.sk\/lekarska-fakulta\/fakulta\/zakladne-dokumenty\/informacne-brozury-fakulty\/#breadcrumb"},"inLanguage":"sk-SK","potentialAction":[{"@type":"ReadAction","target":["https:\/\/www.upjs.sk\/lekarska-fakulta\/fakulta\/zakladne-dokumenty\/informacne-brozury-fakulty\/"]}]},{"@type":"BreadcrumbList","@id":"https:\/\/www.upjs.sk\/lekarska-fakulta\/fakulta\/zakladne-dokumenty\/informacne-brozury-fakulty\/#breadcrumb","itemListElement":[{"@type":"ListItem","position":1,"name":"Home","item":"https:\/\/www.upjs.sk\/lekarska-fakulta\/"},{"@type":"ListItem","position":2,"name":"O fakulte","item":"https:\/\/www.upjs.sk\/lekarska-fakulta\/fakulta\/"},{"@type":"ListItem","position":3,"name":"Z\u00e1kladn\u00e9 dokumenty fakulty","item":"https:\/\/www.upjs.sk\/lekarska-fakulta\/fakulta\/zakladne-dokumenty\/"},{"@type":"ListItem","position":4,"name":"Informa\u010dn\u00e9 bro\u017e\u00fary Lek\u00e1rskej fakulty UPJ\u0160 v Ko\u0161iciach"}]},{"@type":"WebSite","@id":"https:\/\/www.upjs.sk\/lekarska-fakulta\/#website","url":"https:\/\/www.upjs.sk\/lekarska-fakulta\/","name":"Lek\u00e1rska fakulta | UPJ\u0160","description":"","publisher":{"@id":"https:\/\/www.upjs.sk\/lekarska-fakulta\/#organization"},"potentialAction":[{"@type":"SearchAction","target":{"@type":"EntryPoint","urlTemplate":"https:\/\/www.upjs.sk\/lekarska-fakulta\/?s={search_term_string}"},"query-input":{"@type":"PropertyValueSpecification","valueRequired":true,"valueName":"search_term_string"}}],"inLanguage":"sk-SK"},{"@type":"Organization","@id":"https:\/\/www.upjs.sk\/lekarska-fakulta\/#organization","name":"Lek\u00e1rska fakulta | UPJ\u0160","url":"https:\/\/www.upjs.sk\/lekarska-fakulta\/","logo":{"@type":"ImageObject","inLanguage":"sk-SK","@id":"https:\/\/www.upjs.sk\/lekarska-fakulta\/#\/schema\/logo\/image\/","url":"https:\/\/www.upjs.sk\/app\/uploads\/sites\/9\/2022\/09\/logo-lekarska-fakulta.png","contentUrl":"https:\/\/www.upjs.sk\/app\/uploads\/sites\/9\/2022\/09\/logo-lekarska-fakulta.png","width":415,"height":87,"caption":"Lek\u00e1rska fakulta | UPJ\u0160"},"image":{"@id":"https:\/\/www.upjs.sk\/lekarska-fakulta\/#\/schema\/logo\/image\/"}}]}},"_links":{"self":[{"href":"https:\/\/www.upjs.sk\/lekarska-fakulta\/wp-json\/wp\/v2\/pages\/75725","targetHints":{"allow":["GET"]}}],"collection":[{"href":"https:\/\/www.upjs.sk\/lekarska-fakulta\/wp-json\/wp\/v2\/pages"}],"about":[{"href":"https:\/\/www.upjs.sk\/lekarska-fakulta\/wp-json\/wp\/v2\/types\/page"}],"author":[{"embeddable":true,"href":"https:\/\/www.upjs.sk\/lekarska-fakulta\/wp-json\/wp\/v2\/users\/31"}],"replies":[{"embeddable":true,"href":"https:\/\/www.upjs.sk\/lekarska-fakulta\/wp-json\/wp\/v2\/comments?post=75725"}],"version-history":[{"count":19,"href":"https:\/\/www.upjs.sk\/lekarska-fakulta\/wp-json\/wp\/v2\/pages\/75725\/revisions"}],"predecessor-version":[{"id":142203,"href":"https:\/\/www.upjs.sk\/lekarska-fakulta\/wp-json\/wp\/v2\/pages\/75725\/revisions\/142203"}],"up":[{"embeddable":true,"href":"https:\/\/www.upjs.sk\/lekarska-fakulta\/wp-json\/wp\/v2\/pages\/13112"}],"wp:attachment":[{"href":"https:\/\/www.upjs.sk\/lekarska-fakulta\/wp-json\/wp\/v2\/media?parent=75725"}],"wp:term":[{"taxonomy":"category","embeddable":true,"href":"https:\/\/www.upjs.sk\/lekarska-fakulta\/wp-json\/wp\/v2\/categories?post=75725"},{"taxonomy":"post_tag","embeddable":true,"href":"https:\/\/www.upjs.sk\/lekarska-fakulta\/wp-json\/wp\/v2\/tags?post=75725"}],"curies":[{"name":"wp","href":"https:\/\/api.w.org\/{rel}","templated":true}]}}