{"id":76231,"date":"2023-02-04T07:30:01","date_gmt":"2023-02-04T06:30:01","guid":{"rendered":"https:\/\/www.upjs.sk\/lekarska-fakulta\/studenti-lf\/dalsie-vzdelavanie\/informacie-o-specializacnom-a-certifikacnom-studiu\/"},"modified":"2023-02-04T08:01:56","modified_gmt":"2023-02-04T07:01:56","slug":"informacie-o-specializacnom-a-certifikacnom-studiu","status":"publish","type":"page","link":"https:\/\/www.upjs.sk\/lekarska-fakulta\/studenti-lf\/dalsie-vzdelavanie\/informacie-o-specializacnom-a-certifikacnom-studiu\/","title":{"rendered":"Inform\u00e1cie o \u0161pecializa\u010dnom a certifika\u010dnom \u0161t\u00fadiu"},"content":{"rendered":"\n<p>V \u00faradnom vestn\u00edku Eur\u00f3pskej \u00fanie zo d\u0148a 17.12.2008 je publikovan\u00e9 ozn\u00e1menie Eur\u00f3pskej komisie &#8211; Ozn\u00e1menie o dokladoch o form\u00e1lnych kvalifik\u00e1ci\u00e1ch &#8211; <strong>Smernica 2005\/36\/ES o\u00a0uzn\u00e1van\u00ed odborn\u00fdch kvalifik\u00e1ci\u00ed <\/strong>&#8211; v ktorom medzi in\u0161tit\u00facie ude\u013euj\u00face \u0161pecializa\u010dn\u00fa kvalifik\u00e1ciu a\u00a0spadaj\u00face do syst\u00e9mu automatick\u00e9ho uzn\u00e1vania udelen\u00fdch kvalifik\u00e1ci\u00ed v EU je zaraden\u00e1 aj UPJ\u0160 LF.<\/p>\n\n\n\n<ul class=\"wp-block-list\">\n<li><a href=\"https:\/\/www.upjs.sk\/lekarska-fakulta\/studenti-lf\/dalsie-vzdelavanie\/informacie-o-specializacnom-a-certifikacnom-studiu\/vseobecne-informacie\/\" class=\"ek-link\">V\u0161eobecn\u00e9 inform\u00e1cie<\/a><\/li>\n\n\n\n<li><a href=\"https:\/\/www.upjs.sk\/lekarska-fakulta\/studenti-lf\/dalsie-vzdelavanie\/informacie-o-specializacnom-a-certifikacnom-studiu\/pravne-predpisy\/\" class=\"ek-link\">Pr\u00e1vne predpisy vz\u0165ahuj\u00face sa na \u0161pecializa\u010dn\u00e9 \u0161t\u00fadium<\/a><\/li>\n\n\n\n<li><a href=\"https:\/\/www.upjs.sk\/lekarska-fakulta\/studenti-lf\/dalsie-vzdelavanie\/informacie-o-specializacnom-a-certifikacnom-studiu\/fotogaleria\/\" class=\"ek-link\">Fotogal\u00e9ria akci\u00ed \u0161pecializa\u010dn\u00e9ho a certifika\u010dn\u00e9ho \u0161t\u00fadia<\/a><\/li>\n<\/ul>\n","protected":false},"excerpt":{"rendered":"<p>V \u00faradnom vestn\u00edku Eur\u00f3pskej \u00fanie zo d\u0148a 17.12.2008 je publikovan\u00e9 ozn\u00e1menie Eur\u00f3pskej komisie &#8211; Ozn\u00e1menie o dokladoch o form\u00e1lnych kvalifik\u00e1ci\u00e1ch &#8211; Smernica 2005\/36\/ES o\u00a0uzn\u00e1van\u00ed odborn\u00fdch kvalifik\u00e1ci\u00ed &#8211; v ktorom medzi in\u0161tit\u00facie ude\u013euj\u00face \u0161pecializa\u010dn\u00fa kvalifik\u00e1ciu a\u00a0spadaj\u00face do syst\u00e9mu automatick\u00e9ho uzn\u00e1vania udelen\u00fdch kvalifik\u00e1ci\u00ed v EU je zaraden\u00e1 aj UPJ\u0160 LF.<\/p>\n","protected":false},"author":31,"featured_media":0,"parent":12955,"menu_order":6,"comment_status":"closed","ping_status":"closed","template":"","meta":{"_acf_changed":false,"_editorskit_title_hidden":false,"_editorskit_reading_time":1,"_editorskit_is_block_options_detached":false,"_editorskit_block_options_position":"{}","footnotes":""},"categories":[],"tags":[],"class_list":["post-76231","page","type-page","status-publish","hentry"],"acf":{"acf_link_na_externy_obsah":""},"yoast_head":"<!-- This site is optimized with the Yoast SEO plugin v27.4 - https:\/\/yoast.com\/product\/yoast-seo-wordpress\/ -->\n<title>Inform\u00e1cie o \u0161pecializa\u010dnom a certifika\u010dnom \u0161t\u00fadiu - Lek\u00e1rska fakulta | UPJ\u0160<\/title>\n<meta name=\"robots\" content=\"index, follow, max-snippet:-1, max-image-preview:large, max-video-preview:-1\" \/>\n<link rel=\"canonical\" href=\"https:\/\/www.upjs.sk\/lekarska-fakulta\/studenti-lf\/dalsie-vzdelavanie\/informacie-o-specializacnom-a-certifikacnom-studiu\/\" \/>\n<meta property=\"og:locale\" content=\"sk_SK\" \/>\n<meta property=\"og:type\" content=\"article\" \/>\n<meta property=\"og:title\" content=\"Inform\u00e1cie o \u0161pecializa\u010dnom a certifika\u010dnom \u0161t\u00fadiu - Lek\u00e1rska fakulta | UPJ\u0160\" \/>\n<meta property=\"og:description\" content=\"V \u00faradnom vestn\u00edku Eur\u00f3pskej \u00fanie zo d\u0148a 17.12.2008 je publikovan\u00e9 ozn\u00e1menie Eur\u00f3pskej komisie &#8211; Ozn\u00e1menie o dokladoch o form\u00e1lnych kvalifik\u00e1ci\u00e1ch &#8211; Smernica 2005\/36\/ES o\u00a0uzn\u00e1van\u00ed odborn\u00fdch kvalifik\u00e1ci\u00ed &#8211; v ktorom medzi in\u0161tit\u00facie ude\u013euj\u00face \u0161pecializa\u010dn\u00fa kvalifik\u00e1ciu a\u00a0spadaj\u00face do syst\u00e9mu automatick\u00e9ho uzn\u00e1vania udelen\u00fdch kvalifik\u00e1ci\u00ed v EU je zaraden\u00e1 aj UPJ\u0160 LF.\" \/>\n<meta property=\"og:url\" content=\"https:\/\/www.upjs.sk\/lekarska-fakulta\/studenti-lf\/dalsie-vzdelavanie\/informacie-o-specializacnom-a-certifikacnom-studiu\/\" \/>\n<meta property=\"og:site_name\" content=\"Lek\u00e1rska fakulta | UPJ\u0160\" \/>\n<meta property=\"article:modified_time\" content=\"2023-02-04T07:01:56+00:00\" \/>\n<meta name=\"twitter:card\" content=\"summary_large_image\" \/>\n<meta name=\"twitter:label1\" content=\"Predpokladan\u00fd \u010das \u010d\u00edtania\" \/>\n\t<meta name=\"twitter:data1\" content=\"1 min\u00fata\" \/>\n<script type=\"application\/ld+json\" class=\"yoast-schema-graph\">{\"@context\":\"https:\\\/\\\/schema.org\",\"@graph\":[{\"@type\":\"WebPage\",\"@id\":\"https:\\\/\\\/www.upjs.sk\\\/lekarska-fakulta\\\/studenti-lf\\\/dalsie-vzdelavanie\\\/informacie-o-specializacnom-a-certifikacnom-studiu\\\/\",\"url\":\"https:\\\/\\\/www.upjs.sk\\\/lekarska-fakulta\\\/studenti-lf\\\/dalsie-vzdelavanie\\\/informacie-o-specializacnom-a-certifikacnom-studiu\\\/\",\"name\":\"Inform\u00e1cie o \u0161pecializa\u010dnom a certifika\u010dnom \u0161t\u00fadiu - Lek\u00e1rska fakulta | UPJ\u0160\",\"isPartOf\":{\"@id\":\"https:\\\/\\\/www.upjs.sk\\\/lekarska-fakulta\\\/#website\"},\"datePublished\":\"2023-02-04T06:30:01+00:00\",\"dateModified\":\"2023-02-04T07:01:56+00:00\",\"breadcrumb\":{\"@id\":\"https:\\\/\\\/www.upjs.sk\\\/lekarska-fakulta\\\/studenti-lf\\\/dalsie-vzdelavanie\\\/informacie-o-specializacnom-a-certifikacnom-studiu\\\/#breadcrumb\"},\"inLanguage\":\"sk-SK\",\"potentialAction\":[{\"@type\":\"ReadAction\",\"target\":[\"https:\\\/\\\/www.upjs.sk\\\/lekarska-fakulta\\\/studenti-lf\\\/dalsie-vzdelavanie\\\/informacie-o-specializacnom-a-certifikacnom-studiu\\\/\"]}]},{\"@type\":\"BreadcrumbList\",\"@id\":\"https:\\\/\\\/www.upjs.sk\\\/lekarska-fakulta\\\/studenti-lf\\\/dalsie-vzdelavanie\\\/informacie-o-specializacnom-a-certifikacnom-studiu\\\/#breadcrumb\",\"itemListElement\":[{\"@type\":\"ListItem\",\"position\":1,\"name\":\"Home\",\"item\":\"https:\\\/\\\/www.upjs.sk\\\/lekarska-fakulta\\\/\"},{\"@type\":\"ListItem\",\"position\":2,\"name\":\"\u0160tudenti\",\"item\":\"https:\\\/\\\/www.upjs.sk\\\/lekarska-fakulta\\\/studenti-lf\\\/\"},{\"@type\":\"ListItem\",\"position\":3,\"name\":\"\u010eal\u0161ie vzdel\u00e1vanie zdravotn\u00edckych pracovn\u00edkov\",\"item\":\"https:\\\/\\\/www.upjs.sk\\\/lekarska-fakulta\\\/studenti-lf\\\/dalsie-vzdelavanie\\\/\"},{\"@type\":\"ListItem\",\"position\":4,\"name\":\"Inform\u00e1cie o \u0161pecializa\u010dnom a certifika\u010dnom \u0161t\u00fadiu\"}]},{\"@type\":\"WebSite\",\"@id\":\"https:\\\/\\\/www.upjs.sk\\\/lekarska-fakulta\\\/#website\",\"url\":\"https:\\\/\\\/www.upjs.sk\\\/lekarska-fakulta\\\/\",\"name\":\"Lek\u00e1rska fakulta | UPJ\u0160\",\"description\":\"\",\"publisher\":{\"@id\":\"https:\\\/\\\/www.upjs.sk\\\/lekarska-fakulta\\\/#organization\"},\"potentialAction\":[{\"@type\":\"SearchAction\",\"target\":{\"@type\":\"EntryPoint\",\"urlTemplate\":\"https:\\\/\\\/www.upjs.sk\\\/lekarska-fakulta\\\/?s={search_term_string}\"},\"query-input\":{\"@type\":\"PropertyValueSpecification\",\"valueRequired\":true,\"valueName\":\"search_term_string\"}}],\"inLanguage\":\"sk-SK\"},{\"@type\":\"Organization\",\"@id\":\"https:\\\/\\\/www.upjs.sk\\\/lekarska-fakulta\\\/#organization\",\"name\":\"Lek\u00e1rska fakulta | UPJ\u0160\",\"url\":\"https:\\\/\\\/www.upjs.sk\\\/lekarska-fakulta\\\/\",\"logo\":{\"@type\":\"ImageObject\",\"inLanguage\":\"sk-SK\",\"@id\":\"https:\\\/\\\/www.upjs.sk\\\/lekarska-fakulta\\\/#\\\/schema\\\/logo\\\/image\\\/\",\"url\":\"https:\\\/\\\/www.upjs.sk\\\/app\\\/uploads\\\/sites\\\/9\\\/2022\\\/09\\\/logo-lekarska-fakulta.png\",\"contentUrl\":\"https:\\\/\\\/www.upjs.sk\\\/app\\\/uploads\\\/sites\\\/9\\\/2022\\\/09\\\/logo-lekarska-fakulta.png\",\"width\":415,\"height\":87,\"caption\":\"Lek\u00e1rska fakulta | UPJ\u0160\"},\"image\":{\"@id\":\"https:\\\/\\\/www.upjs.sk\\\/lekarska-fakulta\\\/#\\\/schema\\\/logo\\\/image\\\/\"}}]}<\/script>\n<!-- \/ Yoast SEO plugin. -->","yoast_head_json":{"title":"Inform\u00e1cie o \u0161pecializa\u010dnom a certifika\u010dnom \u0161t\u00fadiu - Lek\u00e1rska fakulta | UPJ\u0160","robots":{"index":"index","follow":"follow","max-snippet":"max-snippet:-1","max-image-preview":"max-image-preview:large","max-video-preview":"max-video-preview:-1"},"canonical":"https:\/\/www.upjs.sk\/lekarska-fakulta\/studenti-lf\/dalsie-vzdelavanie\/informacie-o-specializacnom-a-certifikacnom-studiu\/","og_locale":"sk_SK","og_type":"article","og_title":"Inform\u00e1cie o \u0161pecializa\u010dnom a certifika\u010dnom \u0161t\u00fadiu - Lek\u00e1rska fakulta | UPJ\u0160","og_description":"V \u00faradnom vestn\u00edku Eur\u00f3pskej \u00fanie zo d\u0148a 17.12.2008 je publikovan\u00e9 ozn\u00e1menie Eur\u00f3pskej komisie &#8211; Ozn\u00e1menie o dokladoch o form\u00e1lnych kvalifik\u00e1ci\u00e1ch &#8211; Smernica 2005\/36\/ES o\u00a0uzn\u00e1van\u00ed odborn\u00fdch kvalifik\u00e1ci\u00ed &#8211; v ktorom medzi in\u0161tit\u00facie ude\u013euj\u00face \u0161pecializa\u010dn\u00fa kvalifik\u00e1ciu a\u00a0spadaj\u00face do syst\u00e9mu automatick\u00e9ho uzn\u00e1vania udelen\u00fdch kvalifik\u00e1ci\u00ed v EU je zaraden\u00e1 aj UPJ\u0160 LF.","og_url":"https:\/\/www.upjs.sk\/lekarska-fakulta\/studenti-lf\/dalsie-vzdelavanie\/informacie-o-specializacnom-a-certifikacnom-studiu\/","og_site_name":"Lek\u00e1rska fakulta | UPJ\u0160","article_modified_time":"2023-02-04T07:01:56+00:00","twitter_card":"summary_large_image","twitter_misc":{"Predpokladan\u00fd \u010das \u010d\u00edtania":"1 min\u00fata"},"schema":{"@context":"https:\/\/schema.org","@graph":[{"@type":"WebPage","@id":"https:\/\/www.upjs.sk\/lekarska-fakulta\/studenti-lf\/dalsie-vzdelavanie\/informacie-o-specializacnom-a-certifikacnom-studiu\/","url":"https:\/\/www.upjs.sk\/lekarska-fakulta\/studenti-lf\/dalsie-vzdelavanie\/informacie-o-specializacnom-a-certifikacnom-studiu\/","name":"Inform\u00e1cie o \u0161pecializa\u010dnom a certifika\u010dnom \u0161t\u00fadiu - Lek\u00e1rska fakulta | UPJ\u0160","isPartOf":{"@id":"https:\/\/www.upjs.sk\/lekarska-fakulta\/#website"},"datePublished":"2023-02-04T06:30:01+00:00","dateModified":"2023-02-04T07:01:56+00:00","breadcrumb":{"@id":"https:\/\/www.upjs.sk\/lekarska-fakulta\/studenti-lf\/dalsie-vzdelavanie\/informacie-o-specializacnom-a-certifikacnom-studiu\/#breadcrumb"},"inLanguage":"sk-SK","potentialAction":[{"@type":"ReadAction","target":["https:\/\/www.upjs.sk\/lekarska-fakulta\/studenti-lf\/dalsie-vzdelavanie\/informacie-o-specializacnom-a-certifikacnom-studiu\/"]}]},{"@type":"BreadcrumbList","@id":"https:\/\/www.upjs.sk\/lekarska-fakulta\/studenti-lf\/dalsie-vzdelavanie\/informacie-o-specializacnom-a-certifikacnom-studiu\/#breadcrumb","itemListElement":[{"@type":"ListItem","position":1,"name":"Home","item":"https:\/\/www.upjs.sk\/lekarska-fakulta\/"},{"@type":"ListItem","position":2,"name":"\u0160tudenti","item":"https:\/\/www.upjs.sk\/lekarska-fakulta\/studenti-lf\/"},{"@type":"ListItem","position":3,"name":"\u010eal\u0161ie vzdel\u00e1vanie zdravotn\u00edckych pracovn\u00edkov","item":"https:\/\/www.upjs.sk\/lekarska-fakulta\/studenti-lf\/dalsie-vzdelavanie\/"},{"@type":"ListItem","position":4,"name":"Inform\u00e1cie o \u0161pecializa\u010dnom a certifika\u010dnom \u0161t\u00fadiu"}]},{"@type":"WebSite","@id":"https:\/\/www.upjs.sk\/lekarska-fakulta\/#website","url":"https:\/\/www.upjs.sk\/lekarska-fakulta\/","name":"Lek\u00e1rska fakulta | UPJ\u0160","description":"","publisher":{"@id":"https:\/\/www.upjs.sk\/lekarska-fakulta\/#organization"},"potentialAction":[{"@type":"SearchAction","target":{"@type":"EntryPoint","urlTemplate":"https:\/\/www.upjs.sk\/lekarska-fakulta\/?s={search_term_string}"},"query-input":{"@type":"PropertyValueSpecification","valueRequired":true,"valueName":"search_term_string"}}],"inLanguage":"sk-SK"},{"@type":"Organization","@id":"https:\/\/www.upjs.sk\/lekarska-fakulta\/#organization","name":"Lek\u00e1rska fakulta | UPJ\u0160","url":"https:\/\/www.upjs.sk\/lekarska-fakulta\/","logo":{"@type":"ImageObject","inLanguage":"sk-SK","@id":"https:\/\/www.upjs.sk\/lekarska-fakulta\/#\/schema\/logo\/image\/","url":"https:\/\/www.upjs.sk\/app\/uploads\/sites\/9\/2022\/09\/logo-lekarska-fakulta.png","contentUrl":"https:\/\/www.upjs.sk\/app\/uploads\/sites\/9\/2022\/09\/logo-lekarska-fakulta.png","width":415,"height":87,"caption":"Lek\u00e1rska fakulta | UPJ\u0160"},"image":{"@id":"https:\/\/www.upjs.sk\/lekarska-fakulta\/#\/schema\/logo\/image\/"}}]}},"_links":{"self":[{"href":"https:\/\/www.upjs.sk\/lekarska-fakulta\/wp-json\/wp\/v2\/pages\/76231","targetHints":{"allow":["GET"]}}],"collection":[{"href":"https:\/\/www.upjs.sk\/lekarska-fakulta\/wp-json\/wp\/v2\/pages"}],"about":[{"href":"https:\/\/www.upjs.sk\/lekarska-fakulta\/wp-json\/wp\/v2\/types\/page"}],"author":[{"embeddable":true,"href":"https:\/\/www.upjs.sk\/lekarska-fakulta\/wp-json\/wp\/v2\/users\/31"}],"replies":[{"embeddable":true,"href":"https:\/\/www.upjs.sk\/lekarska-fakulta\/wp-json\/wp\/v2\/comments?post=76231"}],"version-history":[{"count":13,"href":"https:\/\/www.upjs.sk\/lekarska-fakulta\/wp-json\/wp\/v2\/pages\/76231\/revisions"}],"predecessor-version":[{"id":76259,"href":"https:\/\/www.upjs.sk\/lekarska-fakulta\/wp-json\/wp\/v2\/pages\/76231\/revisions\/76259"}],"up":[{"embeddable":true,"href":"https:\/\/www.upjs.sk\/lekarska-fakulta\/wp-json\/wp\/v2\/pages\/12955"}],"wp:attachment":[{"href":"https:\/\/www.upjs.sk\/lekarska-fakulta\/wp-json\/wp\/v2\/media?parent=76231"}],"wp:term":[{"taxonomy":"category","embeddable":true,"href":"https:\/\/www.upjs.sk\/lekarska-fakulta\/wp-json\/wp\/v2\/categories?post=76231"},{"taxonomy":"post_tag","embeddable":true,"href":"https:\/\/www.upjs.sk\/lekarska-fakulta\/wp-json\/wp\/v2\/tags?post=76231"}],"curies":[{"name":"wp","href":"https:\/\/api.w.org\/{rel}","templated":true}]}}