{"id":76456,"date":"2023-02-05T11:14:41","date_gmt":"2023-02-05T10:14:41","guid":{"rendered":"https:\/\/www.upjs.sk\/lekarska-fakulta\/studenti-lf\/dalsie-vzdelavanie\/rezidentske\/dotaznik-pre-rezidentov\/"},"modified":"2023-02-05T11:21:59","modified_gmt":"2023-02-05T10:21:59","slug":"dotaznik-pre-rezidentov","status":"publish","type":"page","link":"https:\/\/www.upjs.sk\/lekarska-fakulta\/studenti-lf\/dalsie-vzdelavanie\/rezidentske\/dotaznik-pre-rezidentov\/","title":{"rendered":"Dotazn\u00edk pre rezidentov"},"content":{"rendered":"<style>.wp-block-kadence-advancedheading.kt-adv-heading_9bb72e-e1, .wp-block-kadence-advancedheading.kt-adv-heading_9bb72e-e1[data-kb-block=\"kb-adv-heading_9bb72e-e1\"]{font-style:normal;}.wp-block-kadence-advancedheading.kt-adv-heading_9bb72e-e1 mark.kt-highlight, .wp-block-kadence-advancedheading.kt-adv-heading_9bb72e-e1[data-kb-block=\"kb-adv-heading_9bb72e-e1\"] mark.kt-highlight{font-style:normal;color:#f76a0c;-webkit-box-decoration-break:clone;box-decoration-break:clone;padding-top:0px;padding-right:0px;padding-bottom:0px;padding-left:0px;}<\/style>\n<h4 class=\"kt-adv-heading_9bb72e-e1 wp-block-kadence-advancedheading\" data-kb-block=\"kb-adv-heading_9bb72e-e1\"><strong>Dotazn\u00edk pre rezidentov, pre zdravotn\u00edckych pracovn\u00edkov \u0161tuduj\u00facich mimo rezidentsk\u00e9ho \u0161t\u00fadia, pre zamestn\u00e1vate\u013eov rezidentov a pre \u0161kolite\u013eov rezidentov<\/strong><\/h4>\n\n\n\n<p>V\u00e1\u017een\u00e1 pani doktorka,<br>V\u00e1\u017een\u00fd p\u00e1n doktor,<br>dovo\u013ete n\u00e1m, aby sme V\u00e1s touto cestou informovali, \u017ee Najvy\u0161\u0161\u00ed kontroln\u00fd \u00farad Slovenskej republiky sa v\u00a0s\u00fa\u010dasnosti venuje problematike nastavenia syst\u00e9mu rezidentsk\u00e9ho \u0161t\u00fadia a faktorom, ktor\u00e9 ovplyv\u0148ovali a ovplyv\u0148uj\u00fa jeho realiz\u00e1ciu. V tejto s\u00favislosti \u00farad uskuto\u010d\u0148uje kr\u00e1tky dotazn\u00edkov\u00fd prieskum ur\u010den\u00fd pre respondentov, ktor\u00ed:<\/p>\n\n\n\n<ul class=\"wp-block-list\">\n<li>s\u00fa\/boli do syst\u00e9mu rezidentsk\u00e9ho \u0161t\u00fadia zapojen\u00ed a maj\u00fa s n\u00edm osobn\u00fa sk\u00fasenos\u0165;<\/li>\n\n\n\n<li>realizuj\u00fa \u0161pecializa\u010dn\u00e9 \u0161t\u00fadium mimo rezidentsk\u00e9ho \u0161t\u00fadia \u2013 cie\u013eom prieskumu je zisti\u0165, \u010do V\u00e1s odradilo, resp. demotivovalo absolvova\u0165 rezidentsk\u00e9 \u0161t\u00fadium;<\/li>\n\n\n\n<li>zamestn\u00e1vaj\u00fa rezidentov;<\/li>\n\n\n\n<li>\u0161kolia rezidentov v ambulanci\u00e1ch.<\/li>\n<\/ul>\n\n\n\n<p>V\u00fdsledky prieskumu bud\u00fa anonymizovan\u00e9 a pou\u017eit\u00e9 v\u00fdlu\u010dne na doplnenie z\u00e1verov z kontrolnej \u010dinnosti \u00faradu v tejto oblasti.<\/p>\n\n\n\n<p><strong>T\u00fdmto si V\u00e1s dovo\u013eujeme poprosi\u0165 o vyplnenie dotazn\u00edka a dopredu \u010fakujeme za Va\u0161u ochotu a \u010das, ktor\u00fd mu venujete.<\/strong> Dotazn\u00edky bud\u00fa pr\u00edstupn\u00e9 do konca j\u00fala 2021.<\/p>\n\n\n\n<p>Ni\u017e\u0161ie s\u00fa uveden\u00e9 linky na jednotliv\u00e9 typy dotazn\u00edkov, <strong>pros\u00edm vyberte kliknut\u00edm ten, ktor\u00fd sa V\u00e1s t\u00fdka.<\/strong><\/p>\n\n\n\n<p>&#8211; <a href=\"https:\/\/forms.gle\/Fzg5HLDcBFXdX33A6\" target=\"_blank\" aria-label=\" (opens in a new tab)\" rel=\"noreferrer noopener\" class=\"ek-link\">Dotazn\u00edk pre rezidentov (\u0161pec. odbor v\u0161eobecn\u00e9 lek\u00e1rstvo a pediatria)<\/a><br>&#8211; <a href=\"https:\/\/forms.gle\/5U4ndj59xbkwBe9YA\" target=\"_blank\" aria-label=\" (opens in a new tab)\" rel=\"noreferrer noopener\" class=\"ek-link\">Dotazn\u00edk pre zdrav. pracovn\u00edkov \u0161tuduj\u00facich mimo R\u0160 (\u0161pec. odbor v\u0161eobecn\u00e9 lek\u00e1rstvo a pediatria)<\/a><br>&#8211; <a href=\"https:\/\/forms.gle\/oA1R7igoavD4A9yE8\" target=\"_blank\" aria-label=\" (opens in a new tab)\" rel=\"noreferrer noopener\" class=\"ek-link\">Dotazn\u00edk pre zamestn\u00e1vate\u013eov rezidentov (\u0161pec. odbor v\u0161eobecn\u00e9 lek\u00e1rstvo a pediatria)<\/a><br>&#8211; <a href=\"https:\/\/forms.gle\/Aicpe4hzRxWfcs2E7\" target=\"_blank\" aria-label=\" (opens in a new tab)\" rel=\"noreferrer noopener\" class=\"ek-link\">Dotazn\u00edk pre \u0161kolite\u013eov rezidentov (ambulancie v\u0161eobecn\u00e9ho lek\u00e1ra pre dospel\u00fdch a pediatrick\u00e9 ambulancie)<\/a><\/p>\n","protected":false},"excerpt":{"rendered":"<p>Dotazn\u00edk pre rezidentov, pre zdravotn\u00edckych pracovn\u00edkov \u0161tuduj\u00facich mimo rezidentsk\u00e9ho \u0161t\u00fadia, pre zamestn\u00e1vate\u013eov rezidentov a pre \u0161kolite\u013eov rezidentov V\u00e1\u017een\u00e1 pani doktorka,V\u00e1\u017een\u00fd p\u00e1n doktor,dovo\u013ete n\u00e1m, aby sme V\u00e1s touto cestou informovali, \u017ee Najvy\u0161\u0161\u00ed kontroln\u00fd \u00farad Slovenskej republiky sa v\u00a0s\u00fa\u010dasnosti venuje problematike nastavenia syst\u00e9mu rezidentsk\u00e9ho \u0161t\u00fadia a faktorom, ktor\u00e9 ovplyv\u0148ovali a ovplyv\u0148uj\u00fa jeho realiz\u00e1ciu. V tejto s\u00favislosti \u00farad &hellip; <a href=\"https:\/\/www.upjs.sk\/lekarska-fakulta\/studenti-lf\/dalsie-vzdelavanie\/rezidentske\/dotaznik-pre-rezidentov\/\">\u010c\u00edta\u0165 \u010falej<\/a><\/p>\n","protected":false},"author":31,"featured_media":0,"parent":15542,"menu_order":0,"comment_status":"closed","ping_status":"closed","template":"","meta":{"_acf_changed":false,"_editorskit_title_hidden":false,"_editorskit_reading_time":1,"_editorskit_is_block_options_detached":false,"_editorskit_block_options_position":"{}","footnotes":""},"categories":[],"tags":[],"class_list":["post-76456","page","type-page","status-publish","hentry"],"acf":{"acf_link_na_externy_obsah":""},"yoast_head":"<!-- This site is optimized with the Yoast SEO plugin v27.4 - https:\/\/yoast.com\/product\/yoast-seo-wordpress\/ -->\n<title>Dotazn\u00edk pre rezidentov - Lek\u00e1rska fakulta | UPJ\u0160<\/title>\n<meta name=\"robots\" content=\"index, follow, max-snippet:-1, max-image-preview:large, max-video-preview:-1\" \/>\n<link rel=\"canonical\" href=\"https:\/\/www.upjs.sk\/lekarska-fakulta\/studenti-lf\/dalsie-vzdelavanie\/rezidentske\/dotaznik-pre-rezidentov\/\" \/>\n<meta property=\"og:locale\" content=\"sk_SK\" \/>\n<meta property=\"og:type\" content=\"article\" \/>\n<meta property=\"og:title\" content=\"Dotazn\u00edk pre rezidentov - Lek\u00e1rska fakulta | UPJ\u0160\" \/>\n<meta property=\"og:description\" content=\"Dotazn\u00edk pre rezidentov, pre zdravotn\u00edckych pracovn\u00edkov \u0161tuduj\u00facich mimo rezidentsk\u00e9ho \u0161t\u00fadia, pre zamestn\u00e1vate\u013eov rezidentov a pre \u0161kolite\u013eov rezidentov V\u00e1\u017een\u00e1 pani doktorka,V\u00e1\u017een\u00fd p\u00e1n doktor,dovo\u013ete n\u00e1m, aby sme V\u00e1s touto cestou informovali, \u017ee Najvy\u0161\u0161\u00ed kontroln\u00fd \u00farad Slovenskej republiky sa v\u00a0s\u00fa\u010dasnosti venuje problematike nastavenia syst\u00e9mu rezidentsk\u00e9ho \u0161t\u00fadia a faktorom, ktor\u00e9 ovplyv\u0148ovali a ovplyv\u0148uj\u00fa jeho realiz\u00e1ciu. V tejto s\u00favislosti \u00farad &hellip; \u010c\u00edta\u0165 \u010falej\" \/>\n<meta property=\"og:url\" content=\"https:\/\/www.upjs.sk\/lekarska-fakulta\/studenti-lf\/dalsie-vzdelavanie\/rezidentske\/dotaznik-pre-rezidentov\/\" \/>\n<meta property=\"og:site_name\" content=\"Lek\u00e1rska fakulta | UPJ\u0160\" \/>\n<meta property=\"article:modified_time\" content=\"2023-02-05T10:21:59+00:00\" \/>\n<meta name=\"twitter:card\" content=\"summary_large_image\" \/>\n<meta name=\"twitter:label1\" content=\"Predpokladan\u00fd \u010das \u010d\u00edtania\" \/>\n\t<meta name=\"twitter:data1\" content=\"2 min\u00faty\" \/>\n<script type=\"application\/ld+json\" class=\"yoast-schema-graph\">{\"@context\":\"https:\\\/\\\/schema.org\",\"@graph\":[{\"@type\":\"WebPage\",\"@id\":\"https:\\\/\\\/www.upjs.sk\\\/lekarska-fakulta\\\/studenti-lf\\\/dalsie-vzdelavanie\\\/rezidentske\\\/dotaznik-pre-rezidentov\\\/\",\"url\":\"https:\\\/\\\/www.upjs.sk\\\/lekarska-fakulta\\\/studenti-lf\\\/dalsie-vzdelavanie\\\/rezidentske\\\/dotaznik-pre-rezidentov\\\/\",\"name\":\"Dotazn\u00edk pre rezidentov - Lek\u00e1rska fakulta | UPJ\u0160\",\"isPartOf\":{\"@id\":\"https:\\\/\\\/www.upjs.sk\\\/lekarska-fakulta\\\/#website\"},\"datePublished\":\"2023-02-05T10:14:41+00:00\",\"dateModified\":\"2023-02-05T10:21:59+00:00\",\"breadcrumb\":{\"@id\":\"https:\\\/\\\/www.upjs.sk\\\/lekarska-fakulta\\\/studenti-lf\\\/dalsie-vzdelavanie\\\/rezidentske\\\/dotaznik-pre-rezidentov\\\/#breadcrumb\"},\"inLanguage\":\"sk-SK\",\"potentialAction\":[{\"@type\":\"ReadAction\",\"target\":[\"https:\\\/\\\/www.upjs.sk\\\/lekarska-fakulta\\\/studenti-lf\\\/dalsie-vzdelavanie\\\/rezidentske\\\/dotaznik-pre-rezidentov\\\/\"]}]},{\"@type\":\"BreadcrumbList\",\"@id\":\"https:\\\/\\\/www.upjs.sk\\\/lekarska-fakulta\\\/studenti-lf\\\/dalsie-vzdelavanie\\\/rezidentske\\\/dotaznik-pre-rezidentov\\\/#breadcrumb\",\"itemListElement\":[{\"@type\":\"ListItem\",\"position\":1,\"name\":\"Home\",\"item\":\"https:\\\/\\\/www.upjs.sk\\\/lekarska-fakulta\\\/\"},{\"@type\":\"ListItem\",\"position\":2,\"name\":\"\u0160tudenti\",\"item\":\"https:\\\/\\\/www.upjs.sk\\\/lekarska-fakulta\\\/studenti-lf\\\/\"},{\"@type\":\"ListItem\",\"position\":3,\"name\":\"\u010eal\u0161ie vzdel\u00e1vanie zdravotn\u00edckych pracovn\u00edkov\",\"item\":\"https:\\\/\\\/www.upjs.sk\\\/lekarska-fakulta\\\/studenti-lf\\\/dalsie-vzdelavanie\\\/\"},{\"@type\":\"ListItem\",\"position\":4,\"name\":\"Rezidentsk\u00e9 \u0161t\u00fadium\",\"item\":\"https:\\\/\\\/www.upjs.sk\\\/lekarska-fakulta\\\/studenti-lf\\\/dalsie-vzdelavanie\\\/rezidentske\\\/\"},{\"@type\":\"ListItem\",\"position\":5,\"name\":\"Dotazn\u00edk pre rezidentov\"}]},{\"@type\":\"WebSite\",\"@id\":\"https:\\\/\\\/www.upjs.sk\\\/lekarska-fakulta\\\/#website\",\"url\":\"https:\\\/\\\/www.upjs.sk\\\/lekarska-fakulta\\\/\",\"name\":\"Lek\u00e1rska fakulta | UPJ\u0160\",\"description\":\"\",\"publisher\":{\"@id\":\"https:\\\/\\\/www.upjs.sk\\\/lekarska-fakulta\\\/#organization\"},\"potentialAction\":[{\"@type\":\"SearchAction\",\"target\":{\"@type\":\"EntryPoint\",\"urlTemplate\":\"https:\\\/\\\/www.upjs.sk\\\/lekarska-fakulta\\\/?s={search_term_string}\"},\"query-input\":{\"@type\":\"PropertyValueSpecification\",\"valueRequired\":true,\"valueName\":\"search_term_string\"}}],\"inLanguage\":\"sk-SK\"},{\"@type\":\"Organization\",\"@id\":\"https:\\\/\\\/www.upjs.sk\\\/lekarska-fakulta\\\/#organization\",\"name\":\"Lek\u00e1rska fakulta | UPJ\u0160\",\"url\":\"https:\\\/\\\/www.upjs.sk\\\/lekarska-fakulta\\\/\",\"logo\":{\"@type\":\"ImageObject\",\"inLanguage\":\"sk-SK\",\"@id\":\"https:\\\/\\\/www.upjs.sk\\\/lekarska-fakulta\\\/#\\\/schema\\\/logo\\\/image\\\/\",\"url\":\"https:\\\/\\\/www.upjs.sk\\\/app\\\/uploads\\\/sites\\\/9\\\/2022\\\/09\\\/logo-lekarska-fakulta.png\",\"contentUrl\":\"https:\\\/\\\/www.upjs.sk\\\/app\\\/uploads\\\/sites\\\/9\\\/2022\\\/09\\\/logo-lekarska-fakulta.png\",\"width\":415,\"height\":87,\"caption\":\"Lek\u00e1rska fakulta | UPJ\u0160\"},\"image\":{\"@id\":\"https:\\\/\\\/www.upjs.sk\\\/lekarska-fakulta\\\/#\\\/schema\\\/logo\\\/image\\\/\"}}]}<\/script>\n<!-- \/ Yoast SEO plugin. -->","yoast_head_json":{"title":"Dotazn\u00edk pre rezidentov - Lek\u00e1rska fakulta | UPJ\u0160","robots":{"index":"index","follow":"follow","max-snippet":"max-snippet:-1","max-image-preview":"max-image-preview:large","max-video-preview":"max-video-preview:-1"},"canonical":"https:\/\/www.upjs.sk\/lekarska-fakulta\/studenti-lf\/dalsie-vzdelavanie\/rezidentske\/dotaznik-pre-rezidentov\/","og_locale":"sk_SK","og_type":"article","og_title":"Dotazn\u00edk pre rezidentov - Lek\u00e1rska fakulta | UPJ\u0160","og_description":"Dotazn\u00edk pre rezidentov, pre zdravotn\u00edckych pracovn\u00edkov \u0161tuduj\u00facich mimo rezidentsk\u00e9ho \u0161t\u00fadia, pre zamestn\u00e1vate\u013eov rezidentov a pre \u0161kolite\u013eov rezidentov V\u00e1\u017een\u00e1 pani doktorka,V\u00e1\u017een\u00fd p\u00e1n doktor,dovo\u013ete n\u00e1m, aby sme V\u00e1s touto cestou informovali, \u017ee Najvy\u0161\u0161\u00ed kontroln\u00fd \u00farad Slovenskej republiky sa v\u00a0s\u00fa\u010dasnosti venuje problematike nastavenia syst\u00e9mu rezidentsk\u00e9ho \u0161t\u00fadia a faktorom, ktor\u00e9 ovplyv\u0148ovali a ovplyv\u0148uj\u00fa jeho realiz\u00e1ciu. V tejto s\u00favislosti \u00farad &hellip; \u010c\u00edta\u0165 \u010falej","og_url":"https:\/\/www.upjs.sk\/lekarska-fakulta\/studenti-lf\/dalsie-vzdelavanie\/rezidentske\/dotaznik-pre-rezidentov\/","og_site_name":"Lek\u00e1rska fakulta | UPJ\u0160","article_modified_time":"2023-02-05T10:21:59+00:00","twitter_card":"summary_large_image","twitter_misc":{"Predpokladan\u00fd \u010das \u010d\u00edtania":"2 min\u00faty"},"schema":{"@context":"https:\/\/schema.org","@graph":[{"@type":"WebPage","@id":"https:\/\/www.upjs.sk\/lekarska-fakulta\/studenti-lf\/dalsie-vzdelavanie\/rezidentske\/dotaznik-pre-rezidentov\/","url":"https:\/\/www.upjs.sk\/lekarska-fakulta\/studenti-lf\/dalsie-vzdelavanie\/rezidentske\/dotaznik-pre-rezidentov\/","name":"Dotazn\u00edk pre rezidentov - Lek\u00e1rska fakulta | UPJ\u0160","isPartOf":{"@id":"https:\/\/www.upjs.sk\/lekarska-fakulta\/#website"},"datePublished":"2023-02-05T10:14:41+00:00","dateModified":"2023-02-05T10:21:59+00:00","breadcrumb":{"@id":"https:\/\/www.upjs.sk\/lekarska-fakulta\/studenti-lf\/dalsie-vzdelavanie\/rezidentske\/dotaznik-pre-rezidentov\/#breadcrumb"},"inLanguage":"sk-SK","potentialAction":[{"@type":"ReadAction","target":["https:\/\/www.upjs.sk\/lekarska-fakulta\/studenti-lf\/dalsie-vzdelavanie\/rezidentske\/dotaznik-pre-rezidentov\/"]}]},{"@type":"BreadcrumbList","@id":"https:\/\/www.upjs.sk\/lekarska-fakulta\/studenti-lf\/dalsie-vzdelavanie\/rezidentske\/dotaznik-pre-rezidentov\/#breadcrumb","itemListElement":[{"@type":"ListItem","position":1,"name":"Home","item":"https:\/\/www.upjs.sk\/lekarska-fakulta\/"},{"@type":"ListItem","position":2,"name":"\u0160tudenti","item":"https:\/\/www.upjs.sk\/lekarska-fakulta\/studenti-lf\/"},{"@type":"ListItem","position":3,"name":"\u010eal\u0161ie vzdel\u00e1vanie zdravotn\u00edckych pracovn\u00edkov","item":"https:\/\/www.upjs.sk\/lekarska-fakulta\/studenti-lf\/dalsie-vzdelavanie\/"},{"@type":"ListItem","position":4,"name":"Rezidentsk\u00e9 \u0161t\u00fadium","item":"https:\/\/www.upjs.sk\/lekarska-fakulta\/studenti-lf\/dalsie-vzdelavanie\/rezidentske\/"},{"@type":"ListItem","position":5,"name":"Dotazn\u00edk pre rezidentov"}]},{"@type":"WebSite","@id":"https:\/\/www.upjs.sk\/lekarska-fakulta\/#website","url":"https:\/\/www.upjs.sk\/lekarska-fakulta\/","name":"Lek\u00e1rska fakulta | UPJ\u0160","description":"","publisher":{"@id":"https:\/\/www.upjs.sk\/lekarska-fakulta\/#organization"},"potentialAction":[{"@type":"SearchAction","target":{"@type":"EntryPoint","urlTemplate":"https:\/\/www.upjs.sk\/lekarska-fakulta\/?s={search_term_string}"},"query-input":{"@type":"PropertyValueSpecification","valueRequired":true,"valueName":"search_term_string"}}],"inLanguage":"sk-SK"},{"@type":"Organization","@id":"https:\/\/www.upjs.sk\/lekarska-fakulta\/#organization","name":"Lek\u00e1rska fakulta | UPJ\u0160","url":"https:\/\/www.upjs.sk\/lekarska-fakulta\/","logo":{"@type":"ImageObject","inLanguage":"sk-SK","@id":"https:\/\/www.upjs.sk\/lekarska-fakulta\/#\/schema\/logo\/image\/","url":"https:\/\/www.upjs.sk\/app\/uploads\/sites\/9\/2022\/09\/logo-lekarska-fakulta.png","contentUrl":"https:\/\/www.upjs.sk\/app\/uploads\/sites\/9\/2022\/09\/logo-lekarska-fakulta.png","width":415,"height":87,"caption":"Lek\u00e1rska fakulta | UPJ\u0160"},"image":{"@id":"https:\/\/www.upjs.sk\/lekarska-fakulta\/#\/schema\/logo\/image\/"}}]}},"_links":{"self":[{"href":"https:\/\/www.upjs.sk\/lekarska-fakulta\/wp-json\/wp\/v2\/pages\/76456","targetHints":{"allow":["GET"]}}],"collection":[{"href":"https:\/\/www.upjs.sk\/lekarska-fakulta\/wp-json\/wp\/v2\/pages"}],"about":[{"href":"https:\/\/www.upjs.sk\/lekarska-fakulta\/wp-json\/wp\/v2\/types\/page"}],"author":[{"embeddable":true,"href":"https:\/\/www.upjs.sk\/lekarska-fakulta\/wp-json\/wp\/v2\/users\/31"}],"replies":[{"embeddable":true,"href":"https:\/\/www.upjs.sk\/lekarska-fakulta\/wp-json\/wp\/v2\/comments?post=76456"}],"version-history":[{"count":4,"href":"https:\/\/www.upjs.sk\/lekarska-fakulta\/wp-json\/wp\/v2\/pages\/76456\/revisions"}],"predecessor-version":[{"id":76462,"href":"https:\/\/www.upjs.sk\/lekarska-fakulta\/wp-json\/wp\/v2\/pages\/76456\/revisions\/76462"}],"up":[{"embeddable":true,"href":"https:\/\/www.upjs.sk\/lekarska-fakulta\/wp-json\/wp\/v2\/pages\/15542"}],"wp:attachment":[{"href":"https:\/\/www.upjs.sk\/lekarska-fakulta\/wp-json\/wp\/v2\/media?parent=76456"}],"wp:term":[{"taxonomy":"category","embeddable":true,"href":"https:\/\/www.upjs.sk\/lekarska-fakulta\/wp-json\/wp\/v2\/categories?post=76456"},{"taxonomy":"post_tag","embeddable":true,"href":"https:\/\/www.upjs.sk\/lekarska-fakulta\/wp-json\/wp\/v2\/tags?post=76456"}],"curies":[{"name":"wp","href":"https:\/\/api.w.org\/{rel}","templated":true}]}}