{"id":80403,"date":"2023-04-14T15:28:29","date_gmt":"2023-04-14T14:28:29","guid":{"rendered":"https:\/\/www.upjs.sk\/lekarska-fakulta\/vyskum-na-fakulte\/habilitacne-a-inauguracne-konanie\/oznamenia-o-obhajobach-doktorskych-dizertacnych-prac\/"},"modified":"2023-09-29T12:03:36","modified_gmt":"2023-09-29T11:03:36","slug":"oznamenia-o-obhajobach-doktorskych-dizertacnych-prac","status":"publish","type":"page","link":"https:\/\/www.upjs.sk\/lekarska-fakulta\/vyskum-na-fakulte\/habilitacne-a-inauguracne-konanie\/oznamenia-o-obhajobach-doktorskych-dizertacnych-prac\/","title":{"rendered":"DrSc.: ozn\u00e1menia o obhajob\u00e1ch"},"content":{"rendered":"\n<p>24.10.2023 <a href=\"https:\/\/www.upjs.sk\/app\/uploads\/sites\/9\/2023\/09\/Obhajoba-DrSc-Oznamenie-II.-Mitro.pdf\" target=\"_blank\" aria-label=\"prof. MUDr. Peter Mitro, PhD. (opens in a new tab)\" rel=\"noreferrer noopener\" class=\"ek-link\">prof. MUDr. Peter Mitro, PhD.<\/a><\/p>\n\n\n\n<p>29.03.2023 <a href=\"https:\/\/www.upjs.sk\/app\/uploads\/sites\/9\/2023\/02\/Obhajoba-DrSc-II.-Kubala-Havrdova.pdf\" class=\"ek-link\">prof. MUDr. Eva Kubala Havrdov\u00e1, CSc.<\/a><\/p>\n","protected":false},"excerpt":{"rendered":"<p>24.10.2023 prof. MUDr. Peter Mitro, PhD. 29.03.2023 prof. MUDr. Eva Kubala Havrdov\u00e1, CSc.<\/p>\n","protected":false},"author":18,"featured_media":0,"parent":13544,"menu_order":2,"comment_status":"closed","ping_status":"closed","template":"","meta":{"_acf_changed":false,"_editorskit_title_hidden":false,"_editorskit_reading_time":0,"_editorskit_is_block_options_detached":false,"_editorskit_block_options_position":"{}","footnotes":""},"categories":[],"tags":[],"class_list":["post-80403","page","type-page","status-publish","hentry"],"acf":{"acf_link_na_externy_obsah":""},"yoast_head":"<!-- This site is optimized with the Yoast SEO plugin v27.4 - https:\/\/yoast.com\/product\/yoast-seo-wordpress\/ -->\n<title>DrSc.: ozn\u00e1menia o obhajob\u00e1ch - Lek\u00e1rska fakulta | UPJ\u0160<\/title>\n<meta name=\"robots\" content=\"index, follow, max-snippet:-1, max-image-preview:large, max-video-preview:-1\" \/>\n<link rel=\"canonical\" href=\"https:\/\/www.upjs.sk\/lekarska-fakulta\/vyskum-na-fakulte\/habilitacne-a-inauguracne-konanie\/oznamenia-o-obhajobach-doktorskych-dizertacnych-prac\/\" \/>\n<meta property=\"og:locale\" content=\"sk_SK\" \/>\n<meta property=\"og:type\" content=\"article\" \/>\n<meta property=\"og:title\" content=\"DrSc.: ozn\u00e1menia o obhajob\u00e1ch - Lek\u00e1rska fakulta | UPJ\u0160\" \/>\n<meta property=\"og:description\" content=\"24.10.2023 prof. MUDr. Peter Mitro, PhD. 29.03.2023 prof. MUDr. Eva Kubala Havrdov\u00e1, CSc.\" \/>\n<meta property=\"og:url\" content=\"https:\/\/www.upjs.sk\/lekarska-fakulta\/vyskum-na-fakulte\/habilitacne-a-inauguracne-konanie\/oznamenia-o-obhajobach-doktorskych-dizertacnych-prac\/\" \/>\n<meta property=\"og:site_name\" content=\"Lek\u00e1rska fakulta | UPJ\u0160\" \/>\n<meta property=\"article:modified_time\" content=\"2023-09-29T11:03:36+00:00\" \/>\n<meta name=\"twitter:card\" content=\"summary_large_image\" \/>\n<meta name=\"twitter:label1\" content=\"Predpokladan\u00fd \u010das \u010d\u00edtania\" \/>\n\t<meta name=\"twitter:data1\" content=\"1 min\u00fata\" \/>\n<script type=\"application\/ld+json\" class=\"yoast-schema-graph\">{\"@context\":\"https:\\\/\\\/schema.org\",\"@graph\":[{\"@type\":\"WebPage\",\"@id\":\"https:\\\/\\\/www.upjs.sk\\\/lekarska-fakulta\\\/vyskum-na-fakulte\\\/habilitacne-a-inauguracne-konanie\\\/oznamenia-o-obhajobach-doktorskych-dizertacnych-prac\\\/\",\"url\":\"https:\\\/\\\/www.upjs.sk\\\/lekarska-fakulta\\\/vyskum-na-fakulte\\\/habilitacne-a-inauguracne-konanie\\\/oznamenia-o-obhajobach-doktorskych-dizertacnych-prac\\\/\",\"name\":\"DrSc.: ozn\u00e1menia o obhajob\u00e1ch - Lek\u00e1rska fakulta | UPJ\u0160\",\"isPartOf\":{\"@id\":\"https:\\\/\\\/www.upjs.sk\\\/lekarska-fakulta\\\/#website\"},\"datePublished\":\"2023-04-14T14:28:29+00:00\",\"dateModified\":\"2023-09-29T11:03:36+00:00\",\"breadcrumb\":{\"@id\":\"https:\\\/\\\/www.upjs.sk\\\/lekarska-fakulta\\\/vyskum-na-fakulte\\\/habilitacne-a-inauguracne-konanie\\\/oznamenia-o-obhajobach-doktorskych-dizertacnych-prac\\\/#breadcrumb\"},\"inLanguage\":\"sk-SK\",\"potentialAction\":[{\"@type\":\"ReadAction\",\"target\":[\"https:\\\/\\\/www.upjs.sk\\\/lekarska-fakulta\\\/vyskum-na-fakulte\\\/habilitacne-a-inauguracne-konanie\\\/oznamenia-o-obhajobach-doktorskych-dizertacnych-prac\\\/\"]}]},{\"@type\":\"BreadcrumbList\",\"@id\":\"https:\\\/\\\/www.upjs.sk\\\/lekarska-fakulta\\\/vyskum-na-fakulte\\\/habilitacne-a-inauguracne-konanie\\\/oznamenia-o-obhajobach-doktorskych-dizertacnych-prac\\\/#breadcrumb\",\"itemListElement\":[{\"@type\":\"ListItem\",\"position\":1,\"name\":\"Home\",\"item\":\"https:\\\/\\\/www.upjs.sk\\\/lekarska-fakulta\\\/\"},{\"@type\":\"ListItem\",\"position\":2,\"name\":\"Vedeckov\u00fdskumn\u00e1 \u010dinnos\u0165 na fakulte\",\"item\":\"https:\\\/\\\/www.upjs.sk\\\/lekarska-fakulta\\\/vyskum-na-fakulte\\\/\"},{\"@type\":\"ListItem\",\"position\":3,\"name\":\"Inaugur\u00e1cie, habilit\u00e1cie a kvalifika\u010dn\u00e9 postupy\",\"item\":\"https:\\\/\\\/www.upjs.sk\\\/lekarska-fakulta\\\/vyskum-na-fakulte\\\/habilitacne-a-inauguracne-konanie\\\/\"},{\"@type\":\"ListItem\",\"position\":4,\"name\":\"DrSc.: ozn\u00e1menia o obhajob\u00e1ch\"}]},{\"@type\":\"WebSite\",\"@id\":\"https:\\\/\\\/www.upjs.sk\\\/lekarska-fakulta\\\/#website\",\"url\":\"https:\\\/\\\/www.upjs.sk\\\/lekarska-fakulta\\\/\",\"name\":\"Lek\u00e1rska fakulta | UPJ\u0160\",\"description\":\"\",\"publisher\":{\"@id\":\"https:\\\/\\\/www.upjs.sk\\\/lekarska-fakulta\\\/#organization\"},\"potentialAction\":[{\"@type\":\"SearchAction\",\"target\":{\"@type\":\"EntryPoint\",\"urlTemplate\":\"https:\\\/\\\/www.upjs.sk\\\/lekarska-fakulta\\\/?s={search_term_string}\"},\"query-input\":{\"@type\":\"PropertyValueSpecification\",\"valueRequired\":true,\"valueName\":\"search_term_string\"}}],\"inLanguage\":\"sk-SK\"},{\"@type\":\"Organization\",\"@id\":\"https:\\\/\\\/www.upjs.sk\\\/lekarska-fakulta\\\/#organization\",\"name\":\"Lek\u00e1rska fakulta | UPJ\u0160\",\"url\":\"https:\\\/\\\/www.upjs.sk\\\/lekarska-fakulta\\\/\",\"logo\":{\"@type\":\"ImageObject\",\"inLanguage\":\"sk-SK\",\"@id\":\"https:\\\/\\\/www.upjs.sk\\\/lekarska-fakulta\\\/#\\\/schema\\\/logo\\\/image\\\/\",\"url\":\"https:\\\/\\\/www.upjs.sk\\\/app\\\/uploads\\\/sites\\\/9\\\/2022\\\/09\\\/logo-lekarska-fakulta.png\",\"contentUrl\":\"https:\\\/\\\/www.upjs.sk\\\/app\\\/uploads\\\/sites\\\/9\\\/2022\\\/09\\\/logo-lekarska-fakulta.png\",\"width\":415,\"height\":87,\"caption\":\"Lek\u00e1rska fakulta | UPJ\u0160\"},\"image\":{\"@id\":\"https:\\\/\\\/www.upjs.sk\\\/lekarska-fakulta\\\/#\\\/schema\\\/logo\\\/image\\\/\"}}]}<\/script>\n<!-- \/ Yoast SEO plugin. -->","yoast_head_json":{"title":"DrSc.: ozn\u00e1menia o obhajob\u00e1ch - Lek\u00e1rska fakulta | UPJ\u0160","robots":{"index":"index","follow":"follow","max-snippet":"max-snippet:-1","max-image-preview":"max-image-preview:large","max-video-preview":"max-video-preview:-1"},"canonical":"https:\/\/www.upjs.sk\/lekarska-fakulta\/vyskum-na-fakulte\/habilitacne-a-inauguracne-konanie\/oznamenia-o-obhajobach-doktorskych-dizertacnych-prac\/","og_locale":"sk_SK","og_type":"article","og_title":"DrSc.: ozn\u00e1menia o obhajob\u00e1ch - Lek\u00e1rska fakulta | UPJ\u0160","og_description":"24.10.2023 prof. MUDr. Peter Mitro, PhD. 29.03.2023 prof. MUDr. Eva Kubala Havrdov\u00e1, CSc.","og_url":"https:\/\/www.upjs.sk\/lekarska-fakulta\/vyskum-na-fakulte\/habilitacne-a-inauguracne-konanie\/oznamenia-o-obhajobach-doktorskych-dizertacnych-prac\/","og_site_name":"Lek\u00e1rska fakulta | UPJ\u0160","article_modified_time":"2023-09-29T11:03:36+00:00","twitter_card":"summary_large_image","twitter_misc":{"Predpokladan\u00fd \u010das \u010d\u00edtania":"1 min\u00fata"},"schema":{"@context":"https:\/\/schema.org","@graph":[{"@type":"WebPage","@id":"https:\/\/www.upjs.sk\/lekarska-fakulta\/vyskum-na-fakulte\/habilitacne-a-inauguracne-konanie\/oznamenia-o-obhajobach-doktorskych-dizertacnych-prac\/","url":"https:\/\/www.upjs.sk\/lekarska-fakulta\/vyskum-na-fakulte\/habilitacne-a-inauguracne-konanie\/oznamenia-o-obhajobach-doktorskych-dizertacnych-prac\/","name":"DrSc.: ozn\u00e1menia o obhajob\u00e1ch - Lek\u00e1rska fakulta | UPJ\u0160","isPartOf":{"@id":"https:\/\/www.upjs.sk\/lekarska-fakulta\/#website"},"datePublished":"2023-04-14T14:28:29+00:00","dateModified":"2023-09-29T11:03:36+00:00","breadcrumb":{"@id":"https:\/\/www.upjs.sk\/lekarska-fakulta\/vyskum-na-fakulte\/habilitacne-a-inauguracne-konanie\/oznamenia-o-obhajobach-doktorskych-dizertacnych-prac\/#breadcrumb"},"inLanguage":"sk-SK","potentialAction":[{"@type":"ReadAction","target":["https:\/\/www.upjs.sk\/lekarska-fakulta\/vyskum-na-fakulte\/habilitacne-a-inauguracne-konanie\/oznamenia-o-obhajobach-doktorskych-dizertacnych-prac\/"]}]},{"@type":"BreadcrumbList","@id":"https:\/\/www.upjs.sk\/lekarska-fakulta\/vyskum-na-fakulte\/habilitacne-a-inauguracne-konanie\/oznamenia-o-obhajobach-doktorskych-dizertacnych-prac\/#breadcrumb","itemListElement":[{"@type":"ListItem","position":1,"name":"Home","item":"https:\/\/www.upjs.sk\/lekarska-fakulta\/"},{"@type":"ListItem","position":2,"name":"Vedeckov\u00fdskumn\u00e1 \u010dinnos\u0165 na fakulte","item":"https:\/\/www.upjs.sk\/lekarska-fakulta\/vyskum-na-fakulte\/"},{"@type":"ListItem","position":3,"name":"Inaugur\u00e1cie, habilit\u00e1cie a kvalifika\u010dn\u00e9 postupy","item":"https:\/\/www.upjs.sk\/lekarska-fakulta\/vyskum-na-fakulte\/habilitacne-a-inauguracne-konanie\/"},{"@type":"ListItem","position":4,"name":"DrSc.: ozn\u00e1menia o obhajob\u00e1ch"}]},{"@type":"WebSite","@id":"https:\/\/www.upjs.sk\/lekarska-fakulta\/#website","url":"https:\/\/www.upjs.sk\/lekarska-fakulta\/","name":"Lek\u00e1rska fakulta | UPJ\u0160","description":"","publisher":{"@id":"https:\/\/www.upjs.sk\/lekarska-fakulta\/#organization"},"potentialAction":[{"@type":"SearchAction","target":{"@type":"EntryPoint","urlTemplate":"https:\/\/www.upjs.sk\/lekarska-fakulta\/?s={search_term_string}"},"query-input":{"@type":"PropertyValueSpecification","valueRequired":true,"valueName":"search_term_string"}}],"inLanguage":"sk-SK"},{"@type":"Organization","@id":"https:\/\/www.upjs.sk\/lekarska-fakulta\/#organization","name":"Lek\u00e1rska fakulta | UPJ\u0160","url":"https:\/\/www.upjs.sk\/lekarska-fakulta\/","logo":{"@type":"ImageObject","inLanguage":"sk-SK","@id":"https:\/\/www.upjs.sk\/lekarska-fakulta\/#\/schema\/logo\/image\/","url":"https:\/\/www.upjs.sk\/app\/uploads\/sites\/9\/2022\/09\/logo-lekarska-fakulta.png","contentUrl":"https:\/\/www.upjs.sk\/app\/uploads\/sites\/9\/2022\/09\/logo-lekarska-fakulta.png","width":415,"height":87,"caption":"Lek\u00e1rska fakulta | UPJ\u0160"},"image":{"@id":"https:\/\/www.upjs.sk\/lekarska-fakulta\/#\/schema\/logo\/image\/"}}]}},"_links":{"self":[{"href":"https:\/\/www.upjs.sk\/lekarska-fakulta\/wp-json\/wp\/v2\/pages\/80403","targetHints":{"allow":["GET"]}}],"collection":[{"href":"https:\/\/www.upjs.sk\/lekarska-fakulta\/wp-json\/wp\/v2\/pages"}],"about":[{"href":"https:\/\/www.upjs.sk\/lekarska-fakulta\/wp-json\/wp\/v2\/types\/page"}],"author":[{"embeddable":true,"href":"https:\/\/www.upjs.sk\/lekarska-fakulta\/wp-json\/wp\/v2\/users\/18"}],"replies":[{"embeddable":true,"href":"https:\/\/www.upjs.sk\/lekarska-fakulta\/wp-json\/wp\/v2\/comments?post=80403"}],"version-history":[{"count":5,"href":"https:\/\/www.upjs.sk\/lekarska-fakulta\/wp-json\/wp\/v2\/pages\/80403\/revisions"}],"predecessor-version":[{"id":98356,"href":"https:\/\/www.upjs.sk\/lekarska-fakulta\/wp-json\/wp\/v2\/pages\/80403\/revisions\/98356"}],"up":[{"embeddable":true,"href":"https:\/\/www.upjs.sk\/lekarska-fakulta\/wp-json\/wp\/v2\/pages\/13544"}],"wp:attachment":[{"href":"https:\/\/www.upjs.sk\/lekarska-fakulta\/wp-json\/wp\/v2\/media?parent=80403"}],"wp:term":[{"taxonomy":"category","embeddable":true,"href":"https:\/\/www.upjs.sk\/lekarska-fakulta\/wp-json\/wp\/v2\/categories?post=80403"},{"taxonomy":"post_tag","embeddable":true,"href":"https:\/\/www.upjs.sk\/lekarska-fakulta\/wp-json\/wp\/v2\/tags?post=80403"}],"curies":[{"name":"wp","href":"https:\/\/api.w.org\/{rel}","templated":true}]}}