{"id":84994,"date":"2023-04-28T12:51:31","date_gmt":"2023-04-28T11:51:31","guid":{"rendered":"https:\/\/www.upjs.sk\/lekarska-fakulta\/studenti-lf\/pregradualne\/studentska-vedecka-odborna-cinnost\/aktualna-vyzva\/"},"modified":"2026-03-25T09:01:13","modified_gmt":"2026-03-25T08:01:13","slug":"aktualna-vyzva","status":"publish","type":"page","link":"https:\/\/www.upjs.sk\/lekarska-fakulta\/studenti-lf\/pregradualne\/studentska-vedecka-odborna-cinnost\/aktualna-vyzva\/","title":{"rendered":"Aktu\u00e1lna v\u00fdzva"},"content":{"rendered":"<p><strong>Akademick\u00fd rok 2025\/2026<\/strong><\/p>\n\n\n<p><\/p>\n\n\n\n<ul class=\"wp-block-list\">\n<li><a href=\"https:\/\/www.upjs.sk\/app\/uploads\/sites\/9\/2026\/03\/4.-Vzor_1_strany_prace-3.doc\" target=\"_blank\" rel=\"noreferrer noopener\">Vzor 1. strany pr\u00e1ce na \u0160tudentsk\u00fa vedeck\u00fa konferenciu UPJ\u0160 LF<\/a><\/li>\n\n\n\n<li><a href=\"https:\/\/www.upjs.sk\/app\/uploads\/sites\/9\/2026\/03\/5_Prihlaska_na_konferenciu-4.doc\" target=\"_blank\" rel=\"noreferrer noopener\">Prihl\u00e1\u0161ka na \u0160tudentsk\u00fa vedeck\u00fa konferenciu UPJ\u0160 LF<\/a><\/li>\n\n\n\n<li><a href=\"https:\/\/www.upjs.sk\/app\/uploads\/sites\/9\/2026\/03\/3.-Oznam-o-terminoch-SVK.pdf\" target=\"_blank\" rel=\"noreferrer noopener\">Oznam o term\u00ednoch \u0160VK 2026<\/a><\/li>\n\n\n\n<li><a href=\"https:\/\/www.upjs.sk\/app\/uploads\/sites\/9\/2025\/09\/2.-Formular-anotacie-SVOC-2025_2026.docx\">Formul\u00e1r anot\u00e1cie \u0160VO\u010c v akademickom roku 2025\/2026<\/a><\/li>\n\n\n\n<li><a href=\"https:\/\/www.upjs.sk\/app\/uploads\/sites\/9\/2025\/09\/1.-Vyzva-na-SVOC-2025_2026.pdf\" target=\"_blank\" rel=\"noreferrer noopener\">V\u00fdzva \u2013 nahl\u00e1senie t\u00e9m na \u0160VO\u010c v akademickom roku<\/a><\/li>\n\n\n\n<li><a href=\"https:\/\/www.upjs.sk\/app\/uploads\/sites\/9\/2024\/10\/Statut-SVOC_2024_2025_web.pdf\">\u0160tat\u00fat s\u00fa\u0165a\u017ee o najlep\u0161iu pr\u00e1cu \u0160VO\u010c na fakultnej konferencii<\/a><\/li>\n\n\n\n<li><a href=\"https:\/\/www.upjs.sk\/app\/uploads\/sites\/9\/2025\/11\/Zoznam_neobsadenych-tem_25_26_III.pdf\" target=\"_blank\" rel=\"noreferrer noopener\">Zoznam neobsaden\u00fdch t\u00e9m v akademickom roku 2025\/2026<\/a><\/li>\n\n\n\n<li><a href=\"https:\/\/www.upjs.sk\/app\/uploads\/sites\/9\/2026\/03\/Zoznam_obsadenych-tem_25_26_VI.pdf\" target=\"_blank\" rel=\"noreferrer noopener\">Zoznam obsaden\u00fdch t\u00e9m v akademickom roku 2025\/2026<\/a><\/li>\n<\/ul>\n\n\n<style>.wp-block-kadence-advancedheading.kt-adv-heading84994_7c1954-4e, .wp-block-kadence-advancedheading.kt-adv-heading84994_7c1954-4e[data-kb-block=\"kb-adv-heading84994_7c1954-4e\"]{font-style:normal;}.wp-block-kadence-advancedheading.kt-adv-heading84994_7c1954-4e mark.kt-highlight, .wp-block-kadence-advancedheading.kt-adv-heading84994_7c1954-4e[data-kb-block=\"kb-adv-heading84994_7c1954-4e\"] mark.kt-highlight{font-style:normal;color:#f76a0c;-webkit-box-decoration-break:clone;box-decoration-break:clone;padding-top:0px;padding-right:0px;padding-bottom:0px;padding-left:0px;}<\/style>\n<p class=\"kt-adv-heading84994_7c1954-4e wp-block-kadence-advancedheading\" data-kb-block=\"kb-adv-heading84994_7c1954-4e\"><\/p>\n\n\n<style>.wp-block-kadence-advancedheading.kt-adv-heading84994_04811f-ac, .wp-block-kadence-advancedheading.kt-adv-heading84994_04811f-ac[data-kb-block=\"kb-adv-heading84994_04811f-ac\"]{font-style:normal;}.wp-block-kadence-advancedheading.kt-adv-heading84994_04811f-ac mark.kt-highlight, .wp-block-kadence-advancedheading.kt-adv-heading84994_04811f-ac[data-kb-block=\"kb-adv-heading84994_04811f-ac\"] mark.kt-highlight{font-style:normal;color:#f76a0c;-webkit-box-decoration-break:clone;box-decoration-break:clone;padding-top:0px;padding-right:0px;padding-bottom:0px;padding-left:0px;}<\/style>\n<p class=\"kt-adv-heading84994_04811f-ac wp-block-kadence-advancedheading\" data-kb-block=\"kb-adv-heading84994_04811f-ac\"><\/p>\n","protected":false},"excerpt":{"rendered":"<p>Akademick\u00fd rok 2025\/2026<\/p>\n","protected":false},"author":31,"featured_media":0,"parent":18534,"menu_order":1,"comment_status":"closed","ping_status":"closed","template":"","meta":{"_acf_changed":false,"_editorskit_title_hidden":false,"_editorskit_reading_time":1,"_editorskit_is_block_options_detached":false,"_editorskit_block_options_position":"{}","footnotes":""},"categories":[],"tags":[],"class_list":["post-84994","page","type-page","status-publish","hentry"],"acf":{"acf_link_na_externy_obsah":""},"yoast_head":"<!-- This site is optimized with the Yoast SEO plugin v27.4 - https:\/\/yoast.com\/product\/yoast-seo-wordpress\/ -->\n<title>Aktu\u00e1lna v\u00fdzva - Lek\u00e1rska fakulta | UPJ\u0160<\/title>\n<meta name=\"robots\" content=\"index, follow, max-snippet:-1, max-image-preview:large, max-video-preview:-1\" \/>\n<link rel=\"canonical\" href=\"https:\/\/www.upjs.sk\/lekarska-fakulta\/studenti-lf\/pregradualne\/studentska-vedecka-odborna-cinnost\/aktualna-vyzva\/\" \/>\n<meta property=\"og:locale\" content=\"sk_SK\" \/>\n<meta property=\"og:type\" content=\"article\" \/>\n<meta property=\"og:title\" content=\"Aktu\u00e1lna v\u00fdzva - Lek\u00e1rska fakulta | UPJ\u0160\" \/>\n<meta property=\"og:description\" content=\"Akademick\u00fd rok 2025\/2026\" \/>\n<meta property=\"og:url\" content=\"https:\/\/www.upjs.sk\/lekarska-fakulta\/studenti-lf\/pregradualne\/studentska-vedecka-odborna-cinnost\/aktualna-vyzva\/\" \/>\n<meta property=\"og:site_name\" content=\"Lek\u00e1rska fakulta | UPJ\u0160\" \/>\n<meta property=\"article:modified_time\" content=\"2026-03-25T08:01:13+00:00\" \/>\n<meta name=\"twitter:card\" content=\"summary_large_image\" \/>\n<meta name=\"twitter:label1\" content=\"Predpokladan\u00fd \u010das \u010d\u00edtania\" \/>\n\t<meta name=\"twitter:data1\" content=\"1 min\u00fata\" \/>\n<script type=\"application\/ld+json\" class=\"yoast-schema-graph\">{\"@context\":\"https:\\\/\\\/schema.org\",\"@graph\":[{\"@type\":\"WebPage\",\"@id\":\"https:\\\/\\\/www.upjs.sk\\\/lekarska-fakulta\\\/studenti-lf\\\/pregradualne\\\/studentska-vedecka-odborna-cinnost\\\/aktualna-vyzva\\\/\",\"url\":\"https:\\\/\\\/www.upjs.sk\\\/lekarska-fakulta\\\/studenti-lf\\\/pregradualne\\\/studentska-vedecka-odborna-cinnost\\\/aktualna-vyzva\\\/\",\"name\":\"Aktu\u00e1lna v\u00fdzva - Lek\u00e1rska fakulta | UPJ\u0160\",\"isPartOf\":{\"@id\":\"https:\\\/\\\/www.upjs.sk\\\/lekarska-fakulta\\\/#website\"},\"datePublished\":\"2023-04-28T11:51:31+00:00\",\"dateModified\":\"2026-03-25T08:01:13+00:00\",\"breadcrumb\":{\"@id\":\"https:\\\/\\\/www.upjs.sk\\\/lekarska-fakulta\\\/studenti-lf\\\/pregradualne\\\/studentska-vedecka-odborna-cinnost\\\/aktualna-vyzva\\\/#breadcrumb\"},\"inLanguage\":\"sk-SK\",\"potentialAction\":[{\"@type\":\"ReadAction\",\"target\":[\"https:\\\/\\\/www.upjs.sk\\\/lekarska-fakulta\\\/studenti-lf\\\/pregradualne\\\/studentska-vedecka-odborna-cinnost\\\/aktualna-vyzva\\\/\"]}]},{\"@type\":\"BreadcrumbList\",\"@id\":\"https:\\\/\\\/www.upjs.sk\\\/lekarska-fakulta\\\/studenti-lf\\\/pregradualne\\\/studentska-vedecka-odborna-cinnost\\\/aktualna-vyzva\\\/#breadcrumb\",\"itemListElement\":[{\"@type\":\"ListItem\",\"position\":1,\"name\":\"Home\",\"item\":\"https:\\\/\\\/www.upjs.sk\\\/lekarska-fakulta\\\/\"},{\"@type\":\"ListItem\",\"position\":2,\"name\":\"\u0160tudenti\",\"item\":\"https:\\\/\\\/www.upjs.sk\\\/lekarska-fakulta\\\/studenti-lf\\\/\"},{\"@type\":\"ListItem\",\"position\":3,\"name\":\"Bakal\u00e1rske, magistersk\u00e9 a doktorsk\u00e9 \u0161t\u00fadium\",\"item\":\"https:\\\/\\\/www.upjs.sk\\\/lekarska-fakulta\\\/studenti-lf\\\/pregradualne\\\/\"},{\"@type\":\"ListItem\",\"position\":4,\"name\":\"\u0160tudentsk\u00e1 vedeck\u00e1 odborn\u00e1 \u010dinnos\u0165\",\"item\":\"https:\\\/\\\/www.upjs.sk\\\/lekarska-fakulta\\\/studenti-lf\\\/pregradualne\\\/studentska-vedecka-odborna-cinnost\\\/\"},{\"@type\":\"ListItem\",\"position\":5,\"name\":\"Aktu\u00e1lna v\u00fdzva\"}]},{\"@type\":\"WebSite\",\"@id\":\"https:\\\/\\\/www.upjs.sk\\\/lekarska-fakulta\\\/#website\",\"url\":\"https:\\\/\\\/www.upjs.sk\\\/lekarska-fakulta\\\/\",\"name\":\"Lek\u00e1rska fakulta | UPJ\u0160\",\"description\":\"\",\"publisher\":{\"@id\":\"https:\\\/\\\/www.upjs.sk\\\/lekarska-fakulta\\\/#organization\"},\"potentialAction\":[{\"@type\":\"SearchAction\",\"target\":{\"@type\":\"EntryPoint\",\"urlTemplate\":\"https:\\\/\\\/www.upjs.sk\\\/lekarska-fakulta\\\/?s={search_term_string}\"},\"query-input\":{\"@type\":\"PropertyValueSpecification\",\"valueRequired\":true,\"valueName\":\"search_term_string\"}}],\"inLanguage\":\"sk-SK\"},{\"@type\":\"Organization\",\"@id\":\"https:\\\/\\\/www.upjs.sk\\\/lekarska-fakulta\\\/#organization\",\"name\":\"Lek\u00e1rska fakulta | UPJ\u0160\",\"url\":\"https:\\\/\\\/www.upjs.sk\\\/lekarska-fakulta\\\/\",\"logo\":{\"@type\":\"ImageObject\",\"inLanguage\":\"sk-SK\",\"@id\":\"https:\\\/\\\/www.upjs.sk\\\/lekarska-fakulta\\\/#\\\/schema\\\/logo\\\/image\\\/\",\"url\":\"https:\\\/\\\/www.upjs.sk\\\/app\\\/uploads\\\/sites\\\/9\\\/2022\\\/09\\\/logo-lekarska-fakulta.png\",\"contentUrl\":\"https:\\\/\\\/www.upjs.sk\\\/app\\\/uploads\\\/sites\\\/9\\\/2022\\\/09\\\/logo-lekarska-fakulta.png\",\"width\":415,\"height\":87,\"caption\":\"Lek\u00e1rska fakulta | UPJ\u0160\"},\"image\":{\"@id\":\"https:\\\/\\\/www.upjs.sk\\\/lekarska-fakulta\\\/#\\\/schema\\\/logo\\\/image\\\/\"}}]}<\/script>\n<!-- \/ Yoast SEO plugin. -->","yoast_head_json":{"title":"Aktu\u00e1lna v\u00fdzva - Lek\u00e1rska fakulta | UPJ\u0160","robots":{"index":"index","follow":"follow","max-snippet":"max-snippet:-1","max-image-preview":"max-image-preview:large","max-video-preview":"max-video-preview:-1"},"canonical":"https:\/\/www.upjs.sk\/lekarska-fakulta\/studenti-lf\/pregradualne\/studentska-vedecka-odborna-cinnost\/aktualna-vyzva\/","og_locale":"sk_SK","og_type":"article","og_title":"Aktu\u00e1lna v\u00fdzva - Lek\u00e1rska fakulta | UPJ\u0160","og_description":"Akademick\u00fd rok 2025\/2026","og_url":"https:\/\/www.upjs.sk\/lekarska-fakulta\/studenti-lf\/pregradualne\/studentska-vedecka-odborna-cinnost\/aktualna-vyzva\/","og_site_name":"Lek\u00e1rska fakulta | UPJ\u0160","article_modified_time":"2026-03-25T08:01:13+00:00","twitter_card":"summary_large_image","twitter_misc":{"Predpokladan\u00fd \u010das \u010d\u00edtania":"1 min\u00fata"},"schema":{"@context":"https:\/\/schema.org","@graph":[{"@type":"WebPage","@id":"https:\/\/www.upjs.sk\/lekarska-fakulta\/studenti-lf\/pregradualne\/studentska-vedecka-odborna-cinnost\/aktualna-vyzva\/","url":"https:\/\/www.upjs.sk\/lekarska-fakulta\/studenti-lf\/pregradualne\/studentska-vedecka-odborna-cinnost\/aktualna-vyzva\/","name":"Aktu\u00e1lna v\u00fdzva - Lek\u00e1rska fakulta | UPJ\u0160","isPartOf":{"@id":"https:\/\/www.upjs.sk\/lekarska-fakulta\/#website"},"datePublished":"2023-04-28T11:51:31+00:00","dateModified":"2026-03-25T08:01:13+00:00","breadcrumb":{"@id":"https:\/\/www.upjs.sk\/lekarska-fakulta\/studenti-lf\/pregradualne\/studentska-vedecka-odborna-cinnost\/aktualna-vyzva\/#breadcrumb"},"inLanguage":"sk-SK","potentialAction":[{"@type":"ReadAction","target":["https:\/\/www.upjs.sk\/lekarska-fakulta\/studenti-lf\/pregradualne\/studentska-vedecka-odborna-cinnost\/aktualna-vyzva\/"]}]},{"@type":"BreadcrumbList","@id":"https:\/\/www.upjs.sk\/lekarska-fakulta\/studenti-lf\/pregradualne\/studentska-vedecka-odborna-cinnost\/aktualna-vyzva\/#breadcrumb","itemListElement":[{"@type":"ListItem","position":1,"name":"Home","item":"https:\/\/www.upjs.sk\/lekarska-fakulta\/"},{"@type":"ListItem","position":2,"name":"\u0160tudenti","item":"https:\/\/www.upjs.sk\/lekarska-fakulta\/studenti-lf\/"},{"@type":"ListItem","position":3,"name":"Bakal\u00e1rske, magistersk\u00e9 a doktorsk\u00e9 \u0161t\u00fadium","item":"https:\/\/www.upjs.sk\/lekarska-fakulta\/studenti-lf\/pregradualne\/"},{"@type":"ListItem","position":4,"name":"\u0160tudentsk\u00e1 vedeck\u00e1 odborn\u00e1 \u010dinnos\u0165","item":"https:\/\/www.upjs.sk\/lekarska-fakulta\/studenti-lf\/pregradualne\/studentska-vedecka-odborna-cinnost\/"},{"@type":"ListItem","position":5,"name":"Aktu\u00e1lna v\u00fdzva"}]},{"@type":"WebSite","@id":"https:\/\/www.upjs.sk\/lekarska-fakulta\/#website","url":"https:\/\/www.upjs.sk\/lekarska-fakulta\/","name":"Lek\u00e1rska fakulta | UPJ\u0160","description":"","publisher":{"@id":"https:\/\/www.upjs.sk\/lekarska-fakulta\/#organization"},"potentialAction":[{"@type":"SearchAction","target":{"@type":"EntryPoint","urlTemplate":"https:\/\/www.upjs.sk\/lekarska-fakulta\/?s={search_term_string}"},"query-input":{"@type":"PropertyValueSpecification","valueRequired":true,"valueName":"search_term_string"}}],"inLanguage":"sk-SK"},{"@type":"Organization","@id":"https:\/\/www.upjs.sk\/lekarska-fakulta\/#organization","name":"Lek\u00e1rska fakulta | UPJ\u0160","url":"https:\/\/www.upjs.sk\/lekarska-fakulta\/","logo":{"@type":"ImageObject","inLanguage":"sk-SK","@id":"https:\/\/www.upjs.sk\/lekarska-fakulta\/#\/schema\/logo\/image\/","url":"https:\/\/www.upjs.sk\/app\/uploads\/sites\/9\/2022\/09\/logo-lekarska-fakulta.png","contentUrl":"https:\/\/www.upjs.sk\/app\/uploads\/sites\/9\/2022\/09\/logo-lekarska-fakulta.png","width":415,"height":87,"caption":"Lek\u00e1rska fakulta | UPJ\u0160"},"image":{"@id":"https:\/\/www.upjs.sk\/lekarska-fakulta\/#\/schema\/logo\/image\/"}}]}},"_links":{"self":[{"href":"https:\/\/www.upjs.sk\/lekarska-fakulta\/wp-json\/wp\/v2\/pages\/84994","targetHints":{"allow":["GET"]}}],"collection":[{"href":"https:\/\/www.upjs.sk\/lekarska-fakulta\/wp-json\/wp\/v2\/pages"}],"about":[{"href":"https:\/\/www.upjs.sk\/lekarska-fakulta\/wp-json\/wp\/v2\/types\/page"}],"author":[{"embeddable":true,"href":"https:\/\/www.upjs.sk\/lekarska-fakulta\/wp-json\/wp\/v2\/users\/31"}],"replies":[{"embeddable":true,"href":"https:\/\/www.upjs.sk\/lekarska-fakulta\/wp-json\/wp\/v2\/comments?post=84994"}],"version-history":[{"count":20,"href":"https:\/\/www.upjs.sk\/lekarska-fakulta\/wp-json\/wp\/v2\/pages\/84994\/revisions"}],"predecessor-version":[{"id":156752,"href":"https:\/\/www.upjs.sk\/lekarska-fakulta\/wp-json\/wp\/v2\/pages\/84994\/revisions\/156752"}],"up":[{"embeddable":true,"href":"https:\/\/www.upjs.sk\/lekarska-fakulta\/wp-json\/wp\/v2\/pages\/18534"}],"wp:attachment":[{"href":"https:\/\/www.upjs.sk\/lekarska-fakulta\/wp-json\/wp\/v2\/media?parent=84994"}],"wp:term":[{"taxonomy":"category","embeddable":true,"href":"https:\/\/www.upjs.sk\/lekarska-fakulta\/wp-json\/wp\/v2\/categories?post=84994"},{"taxonomy":"post_tag","embeddable":true,"href":"https:\/\/www.upjs.sk\/lekarska-fakulta\/wp-json\/wp\/v2\/tags?post=84994"}],"curies":[{"name":"wp","href":"https:\/\/api.w.org\/{rel}","templated":true}]}}