{"id":19477,"date":"2022-04-28T11:27:17","date_gmt":"2022-04-28T11:27:17","guid":{"rendered":"https:\/\/www.upjs.sk\/pracoviska\/botanicka-zahrada\/we-offer\/events\/"},"modified":"2023-03-04T21:25:12","modified_gmt":"2023-03-04T21:25:12","slug":"events","status":"publish","type":"page","link":"https:\/\/www.upjs.sk\/pracoviska\/botanicka-zahrada\/en\/we-offer\/events\/","title":{"rendered":"Ventures &#038; Events"},"content":{"rendered":"<p>In addition to visiting the Botanic Garden, you may also use the possibility of renting gazebos in the forest part of the area (Pansk\u00e1 L\u00fa\u010dka meadow) for various meetings, teambuildings, trainings, seminars, family celebrations and other social and corporate ventures.<\/p>\n<p>There is an electric network and the following buildings:<\/p>\n<ul>\n<li>Large gazebo and the adjacent area<\/li>\n<li>2 canopies<\/li>\n<li>Pansk\u00e1 L\u00fa\u010dka meadow<\/li>\n<\/ul>\n<p>More information will be provided by Ing. Agnesa Kl\u00edmov\u00e1 on the phone number +421 55 234 1655 or e-mail: <a href=\"mailto:agnesa.klimova@upjs.sk\">agnesa.klimova@upjs.sk<\/a>. It is necessary to make a lease agreement before the activity.<\/p>\n","protected":false},"excerpt":{"rendered":"<p>In addition to visiting the Botanic Garden, you may also use the possibility of renting gazebos in the forest part of the area (Pansk\u00e1 L\u00fa\u010dka meadow) for various meetings, teambuildings, trainings, seminars, family celebrations and other social and corporate ventures. There is an electric network and the following buildings: Large gazebo and the adjacent area &hellip; <a href=\"https:\/\/www.upjs.sk\/pracoviska\/botanicka-zahrada\/en\/we-offer\/events\/\">Continued<\/a><\/p>\n","protected":false},"author":1,"featured_media":20329,"parent":19441,"menu_order":1,"comment_status":"closed","ping_status":"closed","template":"","meta":{"_acf_changed":false,"_editorskit_title_hidden":false,"_editorskit_reading_time":0,"_editorskit_is_block_options_detached":false,"_editorskit_block_options_position":"{}","footnotes":""},"categories":[],"tags":[],"class_list":["post-19477","page","type-page","status-publish","has-post-thumbnail","hentry"],"acf":{"acf_link_na_externy_obsah":""},"yoast_head":"<!-- This site is optimized with the Yoast SEO plugin v27.5 - https:\/\/yoast.com\/product\/yoast-seo-wordpress\/ -->\n<title>Ventures &amp; Events - Botanick\u00e1 z\u00e1hrada<\/title>\n<meta name=\"robots\" content=\"index, follow, max-snippet:-1, max-image-preview:large, max-video-preview:-1\" \/>\n<link rel=\"canonical\" href=\"https:\/\/www.upjs.sk\/pracoviska\/botanicka-zahrada\/en\/we-offer\/events\/\" \/>\n<meta property=\"og:locale\" content=\"en_US\" \/>\n<meta property=\"og:type\" content=\"article\" \/>\n<meta property=\"og:title\" content=\"Ventures &amp; Events - Botanick\u00e1 z\u00e1hrada\" \/>\n<meta property=\"og:description\" content=\"In addition to visiting the Botanic Garden, you may also use the possibility of renting gazebos in the forest part of the area (Pansk\u00e1 L\u00fa\u010dka meadow) for various meetings, teambuildings, trainings, seminars, family celebrations and other social and corporate ventures. There is an electric network and the following buildings: Large gazebo and the adjacent area &hellip; Continued\" \/>\n<meta property=\"og:url\" content=\"https:\/\/www.upjs.sk\/pracoviska\/botanicka-zahrada\/en\/we-offer\/events\/\" \/>\n<meta property=\"og:site_name\" content=\"Botanick\u00e1 z\u00e1hrada\" \/>\n<meta property=\"article:modified_time\" content=\"2023-03-04T21:25:12+00:00\" \/>\n<meta property=\"og:image\" content=\"https:\/\/www.upjs.sk\/app\/uploads\/sites\/15\/2022\/10\/altanyBZ1.jpg\" \/>\n\t<meta property=\"og:image:width\" content=\"800\" \/>\n\t<meta property=\"og:image:height\" content=\"600\" \/>\n\t<meta property=\"og:image:type\" content=\"image\/jpeg\" \/>\n<meta name=\"twitter:card\" content=\"summary_large_image\" \/>\n<meta name=\"twitter:label1\" content=\"Est. reading time\" \/>\n\t<meta name=\"twitter:data1\" content=\"1 minute\" \/>\n<script type=\"application\/ld+json\" class=\"yoast-schema-graph\">{\"@context\":\"https:\\\/\\\/schema.org\",\"@graph\":[{\"@type\":\"WebPage\",\"@id\":\"https:\\\/\\\/www.upjs.sk\\\/pracoviska\\\/botanicka-zahrada\\\/en\\\/we-offer\\\/events\\\/\",\"url\":\"https:\\\/\\\/www.upjs.sk\\\/pracoviska\\\/botanicka-zahrada\\\/en\\\/we-offer\\\/events\\\/\",\"name\":\"Ventures & Events - Botanick\u00e1 z\u00e1hrada\",\"isPartOf\":{\"@id\":\"https:\\\/\\\/www.upjs.sk\\\/pracoviska\\\/botanicka-zahrada\\\/en\\\/#website\"},\"primaryImageOfPage\":{\"@id\":\"https:\\\/\\\/www.upjs.sk\\\/pracoviska\\\/botanicka-zahrada\\\/en\\\/we-offer\\\/events\\\/#primaryimage\"},\"image\":{\"@id\":\"https:\\\/\\\/www.upjs.sk\\\/pracoviska\\\/botanicka-zahrada\\\/en\\\/we-offer\\\/events\\\/#primaryimage\"},\"thumbnailUrl\":\"https:\\\/\\\/www.upjs.sk\\\/app\\\/uploads\\\/sites\\\/15\\\/2022\\\/10\\\/altanyBZ1.jpg\",\"datePublished\":\"2022-04-28T11:27:17+00:00\",\"dateModified\":\"2023-03-04T21:25:12+00:00\",\"breadcrumb\":{\"@id\":\"https:\\\/\\\/www.upjs.sk\\\/pracoviska\\\/botanicka-zahrada\\\/en\\\/we-offer\\\/events\\\/#breadcrumb\"},\"inLanguage\":\"en-US\",\"potentialAction\":[{\"@type\":\"ReadAction\",\"target\":[\"https:\\\/\\\/www.upjs.sk\\\/pracoviska\\\/botanicka-zahrada\\\/en\\\/we-offer\\\/events\\\/\"]}]},{\"@type\":\"ImageObject\",\"inLanguage\":\"en-US\",\"@id\":\"https:\\\/\\\/www.upjs.sk\\\/pracoviska\\\/botanicka-zahrada\\\/en\\\/we-offer\\\/events\\\/#primaryimage\",\"url\":\"https:\\\/\\\/www.upjs.sk\\\/app\\\/uploads\\\/sites\\\/15\\\/2022\\\/10\\\/altanyBZ1.jpg\",\"contentUrl\":\"https:\\\/\\\/www.upjs.sk\\\/app\\\/uploads\\\/sites\\\/15\\\/2022\\\/10\\\/altanyBZ1.jpg\",\"width\":800,\"height\":600},{\"@type\":\"BreadcrumbList\",\"@id\":\"https:\\\/\\\/www.upjs.sk\\\/pracoviska\\\/botanicka-zahrada\\\/en\\\/we-offer\\\/events\\\/#breadcrumb\",\"itemListElement\":[{\"@type\":\"ListItem\",\"position\":1,\"name\":\"Home\",\"item\":\"https:\\\/\\\/www.upjs.sk\\\/pracoviska\\\/botanicka-zahrada\\\/en\\\/\"},{\"@type\":\"ListItem\",\"position\":2,\"name\":\"We offer\",\"item\":\"https:\\\/\\\/www.upjs.sk\\\/pracoviska\\\/botanicka-zahrada\\\/en\\\/we-offer\\\/\"},{\"@type\":\"ListItem\",\"position\":3,\"name\":\"Ventures &#038; Events\"}]},{\"@type\":\"WebSite\",\"@id\":\"https:\\\/\\\/www.upjs.sk\\\/pracoviska\\\/botanicka-zahrada\\\/en\\\/#website\",\"url\":\"https:\\\/\\\/www.upjs.sk\\\/pracoviska\\\/botanicka-zahrada\\\/en\\\/\",\"name\":\"Botanick\u00e1 z\u00e1hrada\",\"description\":\"\",\"publisher\":{\"@id\":\"https:\\\/\\\/www.upjs.sk\\\/pracoviska\\\/botanicka-zahrada\\\/en\\\/#organization\"},\"potentialAction\":[{\"@type\":\"SearchAction\",\"target\":{\"@type\":\"EntryPoint\",\"urlTemplate\":\"https:\\\/\\\/www.upjs.sk\\\/pracoviska\\\/botanicka-zahrada\\\/en\\\/?s={search_term_string}\"},\"query-input\":{\"@type\":\"PropertyValueSpecification\",\"valueRequired\":true,\"valueName\":\"search_term_string\"}}],\"inLanguage\":\"en-US\"},{\"@type\":\"Organization\",\"@id\":\"https:\\\/\\\/www.upjs.sk\\\/pracoviska\\\/botanicka-zahrada\\\/en\\\/#organization\",\"name\":\"Botanick\u00e1 z\u00e1hrada\",\"url\":\"https:\\\/\\\/www.upjs.sk\\\/pracoviska\\\/botanicka-zahrada\\\/en\\\/\",\"logo\":{\"@type\":\"ImageObject\",\"inLanguage\":\"en-US\",\"@id\":\"https:\\\/\\\/www.upjs.sk\\\/pracoviska\\\/botanicka-zahrada\\\/en\\\/#\\\/schema\\\/logo\\\/image\\\/\",\"url\":\"https:\\\/\\\/www.upjs.sk\\\/app\\\/uploads\\\/sites\\\/15\\\/2023\\\/01\\\/BZ_ENG.svg\",\"contentUrl\":\"https:\\\/\\\/www.upjs.sk\\\/app\\\/uploads\\\/sites\\\/15\\\/2023\\\/01\\\/BZ_ENG.svg\",\"width\":500,\"height\":138,\"caption\":\"Botanick\u00e1 z\u00e1hrada\"},\"image\":{\"@id\":\"https:\\\/\\\/www.upjs.sk\\\/pracoviska\\\/botanicka-zahrada\\\/en\\\/#\\\/schema\\\/logo\\\/image\\\/\"}}]}<\/script>\n<!-- \/ Yoast SEO plugin. -->","yoast_head_json":{"title":"Ventures & Events - Botanick\u00e1 z\u00e1hrada","robots":{"index":"index","follow":"follow","max-snippet":"max-snippet:-1","max-image-preview":"max-image-preview:large","max-video-preview":"max-video-preview:-1"},"canonical":"https:\/\/www.upjs.sk\/pracoviska\/botanicka-zahrada\/en\/we-offer\/events\/","og_locale":"en_US","og_type":"article","og_title":"Ventures & Events - Botanick\u00e1 z\u00e1hrada","og_description":"In addition to visiting the Botanic Garden, you may also use the possibility of renting gazebos in the forest part of the area (Pansk\u00e1 L\u00fa\u010dka meadow) for various meetings, teambuildings, trainings, seminars, family celebrations and other social and corporate ventures. There is an electric network and the following buildings: Large gazebo and the adjacent area &hellip; Continued","og_url":"https:\/\/www.upjs.sk\/pracoviska\/botanicka-zahrada\/en\/we-offer\/events\/","og_site_name":"Botanick\u00e1 z\u00e1hrada","article_modified_time":"2023-03-04T21:25:12+00:00","og_image":[{"width":800,"height":600,"url":"https:\/\/www.upjs.sk\/app\/uploads\/sites\/15\/2022\/10\/altanyBZ1.jpg","type":"image\/jpeg"}],"twitter_card":"summary_large_image","twitter_misc":{"Est. reading time":"1 minute"},"schema":{"@context":"https:\/\/schema.org","@graph":[{"@type":"WebPage","@id":"https:\/\/www.upjs.sk\/pracoviska\/botanicka-zahrada\/en\/we-offer\/events\/","url":"https:\/\/www.upjs.sk\/pracoviska\/botanicka-zahrada\/en\/we-offer\/events\/","name":"Ventures & Events - Botanick\u00e1 z\u00e1hrada","isPartOf":{"@id":"https:\/\/www.upjs.sk\/pracoviska\/botanicka-zahrada\/en\/#website"},"primaryImageOfPage":{"@id":"https:\/\/www.upjs.sk\/pracoviska\/botanicka-zahrada\/en\/we-offer\/events\/#primaryimage"},"image":{"@id":"https:\/\/www.upjs.sk\/pracoviska\/botanicka-zahrada\/en\/we-offer\/events\/#primaryimage"},"thumbnailUrl":"https:\/\/www.upjs.sk\/app\/uploads\/sites\/15\/2022\/10\/altanyBZ1.jpg","datePublished":"2022-04-28T11:27:17+00:00","dateModified":"2023-03-04T21:25:12+00:00","breadcrumb":{"@id":"https:\/\/www.upjs.sk\/pracoviska\/botanicka-zahrada\/en\/we-offer\/events\/#breadcrumb"},"inLanguage":"en-US","potentialAction":[{"@type":"ReadAction","target":["https:\/\/www.upjs.sk\/pracoviska\/botanicka-zahrada\/en\/we-offer\/events\/"]}]},{"@type":"ImageObject","inLanguage":"en-US","@id":"https:\/\/www.upjs.sk\/pracoviska\/botanicka-zahrada\/en\/we-offer\/events\/#primaryimage","url":"https:\/\/www.upjs.sk\/app\/uploads\/sites\/15\/2022\/10\/altanyBZ1.jpg","contentUrl":"https:\/\/www.upjs.sk\/app\/uploads\/sites\/15\/2022\/10\/altanyBZ1.jpg","width":800,"height":600},{"@type":"BreadcrumbList","@id":"https:\/\/www.upjs.sk\/pracoviska\/botanicka-zahrada\/en\/we-offer\/events\/#breadcrumb","itemListElement":[{"@type":"ListItem","position":1,"name":"Home","item":"https:\/\/www.upjs.sk\/pracoviska\/botanicka-zahrada\/en\/"},{"@type":"ListItem","position":2,"name":"We offer","item":"https:\/\/www.upjs.sk\/pracoviska\/botanicka-zahrada\/en\/we-offer\/"},{"@type":"ListItem","position":3,"name":"Ventures &#038; Events"}]},{"@type":"WebSite","@id":"https:\/\/www.upjs.sk\/pracoviska\/botanicka-zahrada\/en\/#website","url":"https:\/\/www.upjs.sk\/pracoviska\/botanicka-zahrada\/en\/","name":"Botanick\u00e1 z\u00e1hrada","description":"","publisher":{"@id":"https:\/\/www.upjs.sk\/pracoviska\/botanicka-zahrada\/en\/#organization"},"potentialAction":[{"@type":"SearchAction","target":{"@type":"EntryPoint","urlTemplate":"https:\/\/www.upjs.sk\/pracoviska\/botanicka-zahrada\/en\/?s={search_term_string}"},"query-input":{"@type":"PropertyValueSpecification","valueRequired":true,"valueName":"search_term_string"}}],"inLanguage":"en-US"},{"@type":"Organization","@id":"https:\/\/www.upjs.sk\/pracoviska\/botanicka-zahrada\/en\/#organization","name":"Botanick\u00e1 z\u00e1hrada","url":"https:\/\/www.upjs.sk\/pracoviska\/botanicka-zahrada\/en\/","logo":{"@type":"ImageObject","inLanguage":"en-US","@id":"https:\/\/www.upjs.sk\/pracoviska\/botanicka-zahrada\/en\/#\/schema\/logo\/image\/","url":"https:\/\/www.upjs.sk\/app\/uploads\/sites\/15\/2023\/01\/BZ_ENG.svg","contentUrl":"https:\/\/www.upjs.sk\/app\/uploads\/sites\/15\/2023\/01\/BZ_ENG.svg","width":500,"height":138,"caption":"Botanick\u00e1 z\u00e1hrada"},"image":{"@id":"https:\/\/www.upjs.sk\/pracoviska\/botanicka-zahrada\/en\/#\/schema\/logo\/image\/"}}]}},"_links":{"self":[{"href":"https:\/\/www.upjs.sk\/pracoviska\/botanicka-zahrada\/en\/wp-json\/wp\/v2\/pages\/19477","targetHints":{"allow":["GET"]}}],"collection":[{"href":"https:\/\/www.upjs.sk\/pracoviska\/botanicka-zahrada\/en\/wp-json\/wp\/v2\/pages"}],"about":[{"href":"https:\/\/www.upjs.sk\/pracoviska\/botanicka-zahrada\/en\/wp-json\/wp\/v2\/types\/page"}],"author":[{"embeddable":true,"href":"https:\/\/www.upjs.sk\/pracoviska\/botanicka-zahrada\/en\/wp-json\/wp\/v2\/users\/1"}],"replies":[{"embeddable":true,"href":"https:\/\/www.upjs.sk\/pracoviska\/botanicka-zahrada\/en\/wp-json\/wp\/v2\/comments?post=19477"}],"version-history":[{"count":3,"href":"https:\/\/www.upjs.sk\/pracoviska\/botanicka-zahrada\/en\/wp-json\/wp\/v2\/pages\/19477\/revisions"}],"predecessor-version":[{"id":20327,"href":"https:\/\/www.upjs.sk\/pracoviska\/botanicka-zahrada\/en\/wp-json\/wp\/v2\/pages\/19477\/revisions\/20327"}],"up":[{"embeddable":true,"href":"https:\/\/www.upjs.sk\/pracoviska\/botanicka-zahrada\/en\/wp-json\/wp\/v2\/pages\/19441"}],"wp:featuredmedia":[{"embeddable":true,"href":"https:\/\/www.upjs.sk\/pracoviska\/botanicka-zahrada\/en\/wp-json\/wp\/v2\/media\/20329"}],"wp:attachment":[{"href":"https:\/\/www.upjs.sk\/pracoviska\/botanicka-zahrada\/en\/wp-json\/wp\/v2\/media?parent=19477"}],"wp:term":[{"taxonomy":"category","embeddable":true,"href":"https:\/\/www.upjs.sk\/pracoviska\/botanicka-zahrada\/en\/wp-json\/wp\/v2\/categories?post=19477"},{"taxonomy":"post_tag","embeddable":true,"href":"https:\/\/www.upjs.sk\/pracoviska\/botanicka-zahrada\/en\/wp-json\/wp\/v2\/tags?post=19477"}],"curies":[{"name":"wp","href":"https:\/\/api.w.org\/{rel}","templated":true}]}}