{"id":23388,"date":"2025-03-20T12:26:11","date_gmt":"2025-03-20T12:26:11","guid":{"rendered":"https:\/\/www.upjs.sk\/pracoviska\/botanicka-zahrada\/?page_id=23388"},"modified":"2025-03-24T13:27:58","modified_gmt":"2025-03-24T13:27:58","slug":"conference-invitation","status":"publish","type":"page","link":"https:\/\/www.upjs.sk\/pracoviska\/botanicka-zahrada\/en\/activities\/conference-75-years-bg\/conference-invitation\/","title":{"rendered":"Conference invitation"},"content":{"rendered":"\n<p><\/p>\n\n\n<style>.kb-image23388_c13cb3-98.kb-image-is-ratio-size, .kb-image23388_c13cb3-98 .kb-image-is-ratio-size{max-width:855px;width:100%;}.wp-block-kadence-column > .kt-inside-inner-col > .kb-image23388_c13cb3-98.kb-image-is-ratio-size, .wp-block-kadence-column > .kt-inside-inner-col > .kb-image23388_c13cb3-98 .kb-image-is-ratio-size{align-self:unset;}.kb-image23388_c13cb3-98 figure{max-width:855px;}.kb-image23388_c13cb3-98 .image-is-svg, .kb-image23388_c13cb3-98 .image-is-svg img{width:100%;}.kb-image23388_c13cb3-98 .kb-image-has-overlay:after{opacity:0.3;border-top-left-radius:15px;border-top-right-radius:15px;border-bottom-right-radius:15px;border-bottom-left-radius:15px;}.kb-image23388_c13cb3-98 img.kb-img, .kb-image23388_c13cb3-98 .kb-img img{border-top-left-radius:15px;border-top-right-radius:15px;border-bottom-right-radius:15px;border-bottom-left-radius:15px;}<\/style>\n<div class=\"wp-block-kadence-image kb-image23388_c13cb3-98\"><figure class=\"aligncenter size-full\"><img loading=\"lazy\" decoding=\"async\" width=\"1000\" height=\"308\" src=\"https:\/\/www.upjs.sk\/app\/uploads\/sites\/15\/2025\/03\/baner-AJ_m-1.jpg\" alt=\"\" class=\"kb-img wp-image-23678\" srcset=\"https:\/\/www.upjs.sk\/app\/uploads\/sites\/15\/2025\/03\/baner-AJ_m-1.jpg 1000w, https:\/\/www.upjs.sk\/app\/uploads\/sites\/15\/2025\/03\/baner-AJ_m-1-300x92.jpg 300w, https:\/\/www.upjs.sk\/app\/uploads\/sites\/15\/2025\/03\/baner-AJ_m-1-768x237.jpg 768w\" sizes=\"auto, (max-width: 1000px) 100vw, 1000px\" \/><\/figure><\/div>\n\n\n\n<p>The three-quarter-century of any institution is an incentive to reflect on its history and an opportunity to set out a vision for the coming years and perhaps prospectively for the years up to its centenary. On 5th May 2025 we commemorate the <strong>75th anniversary of the foundation of Botanical Garden in Ko\u0161ice<\/strong>.<\/p>\n\n\n\n<p>In the duration of its existence its position, goals and the development intentions were changing. Nowadays Botanical Garden of P. J. \u0160af\u00e1rik University represents a scientific and The three-quarter-century of any institution is an incentive to reflect on its history and an opportunity to set out a vision for the coming years and perhaps prospectively for the years up to its centenary. On 5th May 2025 we commemorate the <strong>75th anniversary of the foundation of Botanical Garden in Ko\u0161ice<\/strong>. educational department of the University. In a wider sense it is an important educational and cultural institution of the region of east Slovakia with both national and international aspects. The Botanical Garden plays its roles in the education of university students as well as primary and secondary school pupils, but also in the popularization of scientific knowledge from the fields of biology and ecology among wider population. <\/p>\n\n\n\n<p>In the sense of international Convention on Biological Diversity the main contents of the activities of the Botanical Garden are the scientific and the research work aimed at the concentration and the study of the gene pool of both endangered and common species all over the world with special stress to the endangered species of Carpathians and Pannonia. <\/p>\n\n\n\n<p>That is why the main theme of the conference on the occasion of the 75th anniversary of the Botanical Garden of P. J. \u0160af\u00e1rik University in Ko\u0161ice is <strong>Biodiversity of the plant kingdom in the course of climate change with three sections:<\/strong><\/p>\n\n\n\n<p><strong>a)<\/strong> history and present of plant biodiversity, current taxonomic studies, <br><strong>b)<\/strong> conservation of biodiversity and the role of botanical gardens in plant conservation and cultural awareness, <br><strong>c)<\/strong> climate change and its impact on biodiversity. <\/p>\n\n\n\n<p><strong>The conference is held under the auspices of rector of P. J. \u0160af\u00e1rik University, prof. MUDr. Daniel Pella, PhD.<\/strong> and the invited lectures will be presented by important personalities from the field of botany from Slovakia and the Czech Republic. Therefore, as a director of the Botanical Garden I am taking the liberty of inviting you to this conference in order to spend both working and ceremonial moments together and to commemorate the 75th anniversary of this institution in a respectable manner. <\/p>\n\n\n\n<p><em>I look forward to meeting you!<\/em><br><strong><em>prof. RNDr. Pavol M\u00e1rtonfi, PhD.<\/em><\/strong><\/p>\n","protected":false},"excerpt":{"rendered":"<p>The three-quarter-century of any institution is an incentive to reflect on its history and an opportunity to set out a vision for the coming years and perhaps prospectively for the years up to its centenary. On 5th May 2025 we commemorate the 75th anniversary of the foundation of Botanical Garden in Ko\u0161ice. In the duration &hellip; <a href=\"https:\/\/www.upjs.sk\/pracoviska\/botanicka-zahrada\/en\/activities\/conference-75-years-bg\/conference-invitation\/\">Continued<\/a><\/p>\n","protected":false},"author":16,"featured_media":0,"parent":23329,"menu_order":0,"comment_status":"closed","ping_status":"closed","template":"","meta":{"_acf_changed":false,"_editorskit_title_hidden":false,"_editorskit_reading_time":0,"_editorskit_is_block_options_detached":false,"_editorskit_block_options_position":"{}","footnotes":""},"categories":[],"tags":[],"class_list":["post-23388","page","type-page","status-publish","hentry"],"acf":{"acf_link_na_externy_obsah":""},"yoast_head":"<!-- This site is optimized with the Yoast SEO plugin v27.4 - https:\/\/yoast.com\/product\/yoast-seo-wordpress\/ -->\n<title>Conference invitation - Botanick\u00e1 z\u00e1hrada<\/title>\n<meta name=\"robots\" content=\"index, follow, max-snippet:-1, max-image-preview:large, max-video-preview:-1\" \/>\n<link rel=\"canonical\" href=\"https:\/\/www.upjs.sk\/pracoviska\/botanicka-zahrada\/en\/activities\/conference-75-years-bg\/conference-invitation\/\" \/>\n<meta property=\"og:locale\" content=\"en_US\" \/>\n<meta property=\"og:type\" content=\"article\" \/>\n<meta property=\"og:title\" content=\"Conference invitation - Botanick\u00e1 z\u00e1hrada\" \/>\n<meta property=\"og:description\" content=\"The three-quarter-century of any institution is an incentive to reflect on its history and an opportunity to set out a vision for the coming years and perhaps prospectively for the years up to its centenary. On 5th May 2025 we commemorate the 75th anniversary of the foundation of Botanical Garden in Ko\u0161ice. In the duration &hellip; Continued\" \/>\n<meta property=\"og:url\" content=\"https:\/\/www.upjs.sk\/pracoviska\/botanicka-zahrada\/en\/activities\/conference-75-years-bg\/conference-invitation\/\" \/>\n<meta property=\"og:site_name\" content=\"Botanick\u00e1 z\u00e1hrada\" \/>\n<meta property=\"article:modified_time\" content=\"2025-03-24T13:27:58+00:00\" \/>\n<meta property=\"og:image\" content=\"https:\/\/www.upjs.sk\/app\/uploads\/sites\/15\/2025\/03\/baner-AJ_m-1.jpg\" \/>\n<meta name=\"twitter:card\" content=\"summary_large_image\" \/>\n<meta name=\"twitter:label1\" content=\"Est. reading time\" \/>\n\t<meta name=\"twitter:data1\" content=\"3 minutes\" \/>\n<script type=\"application\/ld+json\" class=\"yoast-schema-graph\">{\"@context\":\"https:\\\/\\\/schema.org\",\"@graph\":[{\"@type\":\"WebPage\",\"@id\":\"https:\\\/\\\/www.upjs.sk\\\/pracoviska\\\/botanicka-zahrada\\\/en\\\/activities\\\/conference-75-years-bg\\\/conference-invitation\\\/\",\"url\":\"https:\\\/\\\/www.upjs.sk\\\/pracoviska\\\/botanicka-zahrada\\\/en\\\/activities\\\/conference-75-years-bg\\\/conference-invitation\\\/\",\"name\":\"Conference invitation - Botanick\u00e1 z\u00e1hrada\",\"isPartOf\":{\"@id\":\"https:\\\/\\\/www.upjs.sk\\\/pracoviska\\\/botanicka-zahrada\\\/en\\\/#website\"},\"primaryImageOfPage\":{\"@id\":\"https:\\\/\\\/www.upjs.sk\\\/pracoviska\\\/botanicka-zahrada\\\/en\\\/activities\\\/conference-75-years-bg\\\/conference-invitation\\\/#primaryimage\"},\"image\":{\"@id\":\"https:\\\/\\\/www.upjs.sk\\\/pracoviska\\\/botanicka-zahrada\\\/en\\\/activities\\\/conference-75-years-bg\\\/conference-invitation\\\/#primaryimage\"},\"thumbnailUrl\":\"https:\\\/\\\/www.upjs.sk\\\/app\\\/uploads\\\/sites\\\/15\\\/2025\\\/03\\\/baner-AJ_m-1.jpg\",\"datePublished\":\"2025-03-20T12:26:11+00:00\",\"dateModified\":\"2025-03-24T13:27:58+00:00\",\"breadcrumb\":{\"@id\":\"https:\\\/\\\/www.upjs.sk\\\/pracoviska\\\/botanicka-zahrada\\\/en\\\/activities\\\/conference-75-years-bg\\\/conference-invitation\\\/#breadcrumb\"},\"inLanguage\":\"en-US\",\"potentialAction\":[{\"@type\":\"ReadAction\",\"target\":[\"https:\\\/\\\/www.upjs.sk\\\/pracoviska\\\/botanicka-zahrada\\\/en\\\/activities\\\/conference-75-years-bg\\\/conference-invitation\\\/\"]}]},{\"@type\":\"ImageObject\",\"inLanguage\":\"en-US\",\"@id\":\"https:\\\/\\\/www.upjs.sk\\\/pracoviska\\\/botanicka-zahrada\\\/en\\\/activities\\\/conference-75-years-bg\\\/conference-invitation\\\/#primaryimage\",\"url\":\"https:\\\/\\\/www.upjs.sk\\\/app\\\/uploads\\\/sites\\\/15\\\/2025\\\/03\\\/baner-AJ_m-1.jpg\",\"contentUrl\":\"https:\\\/\\\/www.upjs.sk\\\/app\\\/uploads\\\/sites\\\/15\\\/2025\\\/03\\\/baner-AJ_m-1.jpg\"},{\"@type\":\"BreadcrumbList\",\"@id\":\"https:\\\/\\\/www.upjs.sk\\\/pracoviska\\\/botanicka-zahrada\\\/en\\\/activities\\\/conference-75-years-bg\\\/conference-invitation\\\/#breadcrumb\",\"itemListElement\":[{\"@type\":\"ListItem\",\"position\":1,\"name\":\"Home\",\"item\":\"https:\\\/\\\/www.upjs.sk\\\/pracoviska\\\/botanicka-zahrada\\\/en\\\/\"},{\"@type\":\"ListItem\",\"position\":2,\"name\":\"Professional activities\",\"item\":\"https:\\\/\\\/www.upjs.sk\\\/pracoviska\\\/botanicka-zahrada\\\/en\\\/activities\\\/\"},{\"@type\":\"ListItem\",\"position\":3,\"name\":\"Conference 75 years since the founding of the Botanical Garden in Ko\u0161ice\",\"item\":\"https:\\\/\\\/www.upjs.sk\\\/pracoviska\\\/botanicka-zahrada\\\/en\\\/activities\\\/conference-75-years-bg\\\/\"},{\"@type\":\"ListItem\",\"position\":4,\"name\":\"Conference invitation\"}]},{\"@type\":\"WebSite\",\"@id\":\"https:\\\/\\\/www.upjs.sk\\\/pracoviska\\\/botanicka-zahrada\\\/en\\\/#website\",\"url\":\"https:\\\/\\\/www.upjs.sk\\\/pracoviska\\\/botanicka-zahrada\\\/en\\\/\",\"name\":\"Botanick\u00e1 z\u00e1hrada\",\"description\":\"\",\"publisher\":{\"@id\":\"https:\\\/\\\/www.upjs.sk\\\/pracoviska\\\/botanicka-zahrada\\\/en\\\/#organization\"},\"potentialAction\":[{\"@type\":\"SearchAction\",\"target\":{\"@type\":\"EntryPoint\",\"urlTemplate\":\"https:\\\/\\\/www.upjs.sk\\\/pracoviska\\\/botanicka-zahrada\\\/en\\\/?s={search_term_string}\"},\"query-input\":{\"@type\":\"PropertyValueSpecification\",\"valueRequired\":true,\"valueName\":\"search_term_string\"}}],\"inLanguage\":\"en-US\"},{\"@type\":\"Organization\",\"@id\":\"https:\\\/\\\/www.upjs.sk\\\/pracoviska\\\/botanicka-zahrada\\\/en\\\/#organization\",\"name\":\"Botanick\u00e1 z\u00e1hrada\",\"url\":\"https:\\\/\\\/www.upjs.sk\\\/pracoviska\\\/botanicka-zahrada\\\/en\\\/\",\"logo\":{\"@type\":\"ImageObject\",\"inLanguage\":\"en-US\",\"@id\":\"https:\\\/\\\/www.upjs.sk\\\/pracoviska\\\/botanicka-zahrada\\\/en\\\/#\\\/schema\\\/logo\\\/image\\\/\",\"url\":\"https:\\\/\\\/www.upjs.sk\\\/app\\\/uploads\\\/sites\\\/15\\\/2023\\\/01\\\/BZ_ENG.svg\",\"contentUrl\":\"https:\\\/\\\/www.upjs.sk\\\/app\\\/uploads\\\/sites\\\/15\\\/2023\\\/01\\\/BZ_ENG.svg\",\"width\":500,\"height\":138,\"caption\":\"Botanick\u00e1 z\u00e1hrada\"},\"image\":{\"@id\":\"https:\\\/\\\/www.upjs.sk\\\/pracoviska\\\/botanicka-zahrada\\\/en\\\/#\\\/schema\\\/logo\\\/image\\\/\"}}]}<\/script>\n<!-- \/ Yoast SEO plugin. -->","yoast_head_json":{"title":"Conference invitation - Botanick\u00e1 z\u00e1hrada","robots":{"index":"index","follow":"follow","max-snippet":"max-snippet:-1","max-image-preview":"max-image-preview:large","max-video-preview":"max-video-preview:-1"},"canonical":"https:\/\/www.upjs.sk\/pracoviska\/botanicka-zahrada\/en\/activities\/conference-75-years-bg\/conference-invitation\/","og_locale":"en_US","og_type":"article","og_title":"Conference invitation - Botanick\u00e1 z\u00e1hrada","og_description":"The three-quarter-century of any institution is an incentive to reflect on its history and an opportunity to set out a vision for the coming years and perhaps prospectively for the years up to its centenary. On 5th May 2025 we commemorate the 75th anniversary of the foundation of Botanical Garden in Ko\u0161ice. In the duration &hellip; Continued","og_url":"https:\/\/www.upjs.sk\/pracoviska\/botanicka-zahrada\/en\/activities\/conference-75-years-bg\/conference-invitation\/","og_site_name":"Botanick\u00e1 z\u00e1hrada","article_modified_time":"2025-03-24T13:27:58+00:00","og_image":[{"url":"https:\/\/www.upjs.sk\/app\/uploads\/sites\/15\/2025\/03\/baner-AJ_m-1.jpg","type":"","width":"","height":""}],"twitter_card":"summary_large_image","twitter_misc":{"Est. reading time":"3 minutes"},"schema":{"@context":"https:\/\/schema.org","@graph":[{"@type":"WebPage","@id":"https:\/\/www.upjs.sk\/pracoviska\/botanicka-zahrada\/en\/activities\/conference-75-years-bg\/conference-invitation\/","url":"https:\/\/www.upjs.sk\/pracoviska\/botanicka-zahrada\/en\/activities\/conference-75-years-bg\/conference-invitation\/","name":"Conference invitation - Botanick\u00e1 z\u00e1hrada","isPartOf":{"@id":"https:\/\/www.upjs.sk\/pracoviska\/botanicka-zahrada\/en\/#website"},"primaryImageOfPage":{"@id":"https:\/\/www.upjs.sk\/pracoviska\/botanicka-zahrada\/en\/activities\/conference-75-years-bg\/conference-invitation\/#primaryimage"},"image":{"@id":"https:\/\/www.upjs.sk\/pracoviska\/botanicka-zahrada\/en\/activities\/conference-75-years-bg\/conference-invitation\/#primaryimage"},"thumbnailUrl":"https:\/\/www.upjs.sk\/app\/uploads\/sites\/15\/2025\/03\/baner-AJ_m-1.jpg","datePublished":"2025-03-20T12:26:11+00:00","dateModified":"2025-03-24T13:27:58+00:00","breadcrumb":{"@id":"https:\/\/www.upjs.sk\/pracoviska\/botanicka-zahrada\/en\/activities\/conference-75-years-bg\/conference-invitation\/#breadcrumb"},"inLanguage":"en-US","potentialAction":[{"@type":"ReadAction","target":["https:\/\/www.upjs.sk\/pracoviska\/botanicka-zahrada\/en\/activities\/conference-75-years-bg\/conference-invitation\/"]}]},{"@type":"ImageObject","inLanguage":"en-US","@id":"https:\/\/www.upjs.sk\/pracoviska\/botanicka-zahrada\/en\/activities\/conference-75-years-bg\/conference-invitation\/#primaryimage","url":"https:\/\/www.upjs.sk\/app\/uploads\/sites\/15\/2025\/03\/baner-AJ_m-1.jpg","contentUrl":"https:\/\/www.upjs.sk\/app\/uploads\/sites\/15\/2025\/03\/baner-AJ_m-1.jpg"},{"@type":"BreadcrumbList","@id":"https:\/\/www.upjs.sk\/pracoviska\/botanicka-zahrada\/en\/activities\/conference-75-years-bg\/conference-invitation\/#breadcrumb","itemListElement":[{"@type":"ListItem","position":1,"name":"Home","item":"https:\/\/www.upjs.sk\/pracoviska\/botanicka-zahrada\/en\/"},{"@type":"ListItem","position":2,"name":"Professional activities","item":"https:\/\/www.upjs.sk\/pracoviska\/botanicka-zahrada\/en\/activities\/"},{"@type":"ListItem","position":3,"name":"Conference 75 years since the founding of the Botanical Garden in Ko\u0161ice","item":"https:\/\/www.upjs.sk\/pracoviska\/botanicka-zahrada\/en\/activities\/conference-75-years-bg\/"},{"@type":"ListItem","position":4,"name":"Conference invitation"}]},{"@type":"WebSite","@id":"https:\/\/www.upjs.sk\/pracoviska\/botanicka-zahrada\/en\/#website","url":"https:\/\/www.upjs.sk\/pracoviska\/botanicka-zahrada\/en\/","name":"Botanick\u00e1 z\u00e1hrada","description":"","publisher":{"@id":"https:\/\/www.upjs.sk\/pracoviska\/botanicka-zahrada\/en\/#organization"},"potentialAction":[{"@type":"SearchAction","target":{"@type":"EntryPoint","urlTemplate":"https:\/\/www.upjs.sk\/pracoviska\/botanicka-zahrada\/en\/?s={search_term_string}"},"query-input":{"@type":"PropertyValueSpecification","valueRequired":true,"valueName":"search_term_string"}}],"inLanguage":"en-US"},{"@type":"Organization","@id":"https:\/\/www.upjs.sk\/pracoviska\/botanicka-zahrada\/en\/#organization","name":"Botanick\u00e1 z\u00e1hrada","url":"https:\/\/www.upjs.sk\/pracoviska\/botanicka-zahrada\/en\/","logo":{"@type":"ImageObject","inLanguage":"en-US","@id":"https:\/\/www.upjs.sk\/pracoviska\/botanicka-zahrada\/en\/#\/schema\/logo\/image\/","url":"https:\/\/www.upjs.sk\/app\/uploads\/sites\/15\/2023\/01\/BZ_ENG.svg","contentUrl":"https:\/\/www.upjs.sk\/app\/uploads\/sites\/15\/2023\/01\/BZ_ENG.svg","width":500,"height":138,"caption":"Botanick\u00e1 z\u00e1hrada"},"image":{"@id":"https:\/\/www.upjs.sk\/pracoviska\/botanicka-zahrada\/en\/#\/schema\/logo\/image\/"}}]}},"_links":{"self":[{"href":"https:\/\/www.upjs.sk\/pracoviska\/botanicka-zahrada\/en\/wp-json\/wp\/v2\/pages\/23388","targetHints":{"allow":["GET"]}}],"collection":[{"href":"https:\/\/www.upjs.sk\/pracoviska\/botanicka-zahrada\/en\/wp-json\/wp\/v2\/pages"}],"about":[{"href":"https:\/\/www.upjs.sk\/pracoviska\/botanicka-zahrada\/en\/wp-json\/wp\/v2\/types\/page"}],"author":[{"embeddable":true,"href":"https:\/\/www.upjs.sk\/pracoviska\/botanicka-zahrada\/en\/wp-json\/wp\/v2\/users\/16"}],"replies":[{"embeddable":true,"href":"https:\/\/www.upjs.sk\/pracoviska\/botanicka-zahrada\/en\/wp-json\/wp\/v2\/comments?post=23388"}],"version-history":[{"count":16,"href":"https:\/\/www.upjs.sk\/pracoviska\/botanicka-zahrada\/en\/wp-json\/wp\/v2\/pages\/23388\/revisions"}],"predecessor-version":[{"id":23681,"href":"https:\/\/www.upjs.sk\/pracoviska\/botanicka-zahrada\/en\/wp-json\/wp\/v2\/pages\/23388\/revisions\/23681"}],"up":[{"embeddable":true,"href":"https:\/\/www.upjs.sk\/pracoviska\/botanicka-zahrada\/en\/wp-json\/wp\/v2\/pages\/23329"}],"wp:attachment":[{"href":"https:\/\/www.upjs.sk\/pracoviska\/botanicka-zahrada\/en\/wp-json\/wp\/v2\/media?parent=23388"}],"wp:term":[{"taxonomy":"category","embeddable":true,"href":"https:\/\/www.upjs.sk\/pracoviska\/botanicka-zahrada\/en\/wp-json\/wp\/v2\/categories?post=23388"},{"taxonomy":"post_tag","embeddable":true,"href":"https:\/\/www.upjs.sk\/pracoviska\/botanicka-zahrada\/en\/wp-json\/wp\/v2\/tags?post=23388"}],"curies":[{"name":"wp","href":"https:\/\/api.w.org\/{rel}","templated":true}]}}