{"id":23418,"date":"2025-03-20T12:05:30","date_gmt":"2025-03-20T12:05:30","guid":{"rendered":"https:\/\/www.upjs.sk\/pracoviska\/botanicka-zahrada\/?page_id=23418"},"modified":"2025-03-27T09:29:00","modified_gmt":"2025-03-27T09:29:00","slug":"venue","status":"publish","type":"page","link":"https:\/\/www.upjs.sk\/pracoviska\/botanicka-zahrada\/en\/activities\/conference-75-years-bg\/venue\/","title":{"rendered":"Venue"},"content":{"rendered":"<style>.kb-image23418_63b297-43.kb-image-is-ratio-size, .kb-image23418_63b297-43 .kb-image-is-ratio-size{max-width:855px;width:100%;}.wp-block-kadence-column > .kt-inside-inner-col > .kb-image23418_63b297-43.kb-image-is-ratio-size, .wp-block-kadence-column > .kt-inside-inner-col > .kb-image23418_63b297-43 .kb-image-is-ratio-size{align-self:unset;}.kb-image23418_63b297-43 figure{max-width:855px;}.kb-image23418_63b297-43 .image-is-svg, .kb-image23418_63b297-43 .image-is-svg img{width:100%;}.kb-image23418_63b297-43 .kb-image-has-overlay:after{opacity:0.3;border-top-left-radius:15px;border-top-right-radius:15px;border-bottom-right-radius:15px;border-bottom-left-radius:15px;}.kb-image23418_63b297-43 img.kb-img, .kb-image23418_63b297-43 .kb-img img{border-top-left-radius:15px;border-top-right-radius:15px;border-bottom-right-radius:15px;border-bottom-left-radius:15px;}<\/style>\n<div class=\"wp-block-kadence-image kb-image23418_63b297-43\"><figure class=\"aligncenter size-full\"><img loading=\"lazy\" decoding=\"async\" width=\"1000\" height=\"308\" src=\"https:\/\/www.upjs.sk\/app\/uploads\/sites\/15\/2025\/03\/baner-AJ_m-1.jpg\" alt=\"\" class=\"kb-img wp-image-23678\" srcset=\"https:\/\/www.upjs.sk\/app\/uploads\/sites\/15\/2025\/03\/baner-AJ_m-1.jpg 1000w, https:\/\/www.upjs.sk\/app\/uploads\/sites\/15\/2025\/03\/baner-AJ_m-1-300x92.jpg 300w, https:\/\/www.upjs.sk\/app\/uploads\/sites\/15\/2025\/03\/baner-AJ_m-1-768x237.jpg 768w\" sizes=\"auto, (max-width: 1000px) 100vw, 1000px\" \/><\/figure><\/div>\n\n\n\n<p><\/p>\n\n\n\n<p><strong>Welcome to Ko\u0161ice, the metropolis of Eastern Slovakia!<\/strong><\/p>\n\n\n\n<p>Ko\u0161ice is a town with a rich history. It is first mentioned in the 13th century. The historic centre is the largest protected heritage area with the largest church in the country \u2013 the St. Elizabeth Cathedral. There was a&nbsp;great building boom in the communist era, when several concrete housing estates grew around the centre. Today Ko\u0161ice is the second largest town in Slovakia and thanks to its prestigious titles it is known also in the world: In 2013 the European Capital of Culture, in 2016 the European City of Sport and in 2019 the European Volunteering Capital. The city enjoys a rich cultural, social and sporting life all the year. Major events such as the Art Film Fest and the oldest marathon in Europe \u2013 the International Peace Marathon are very popular. We wish you a pleasant stay.<\/p>\n\n\n\n<p><strong><strong>Useful links:<\/strong><br><\/strong><a href=\"https:\/\/www.visitkosice.org\/\" target=\"_blank\" rel=\"noreferrer noopener\">https:\/\/www.visitkosice.org<\/a><br><a href=\"https:\/\/www.kosiceregion.com\/\/en\/\" target=\"_blank\" rel=\"noreferrer noopener\">https:\/\/www.kosiceregion.com<\/a><br><a href=\"http:\/\/www.mickosice.sk\/\" target=\"_blank\" rel=\"noreferrer noopener\">http:\/\/www.mickosice.sk<\/a><br><a href=\"https:\/\/www.kosiceregion.com\/\" target=\"_blank\" rel=\"noreferrer noopener\">https:\/\/slovakia.travel\/kosice<\/a><\/p>\n\n\n\n<figure class=\"wp-block-image aligncenter size-full is-resized\"><img loading=\"lazy\" decoding=\"async\" width=\"800\" height=\"608\" src=\"https:\/\/www.upjs.sk\/app\/uploads\/sites\/15\/2025\/03\/Obrazok1.jpg\" alt=\"\" class=\"wp-image-23366\" style=\"width:600px\" srcset=\"https:\/\/www.upjs.sk\/app\/uploads\/sites\/15\/2025\/03\/Obrazok1.jpg 800w, https:\/\/www.upjs.sk\/app\/uploads\/sites\/15\/2025\/03\/Obrazok1-300x228.jpg 300w, https:\/\/www.upjs.sk\/app\/uploads\/sites\/15\/2025\/03\/Obrazok1-768x584.jpg 768w\" sizes=\"auto, (max-width: 800px) 100vw, 800px\" \/><\/figure>\n\n\n<style>.wp-block-kadence-spacer.kt-block-spacer-23418_54723a-43 .kt-block-spacer{height:60px;}.wp-block-kadence-spacer.kt-block-spacer-23418_54723a-43 .kt-divider{border-top-width:1px;height:1px;border-top-color:#eee;width:100%;border-top-style:solid;}<\/style>\n<div class=\"wp-block-kadence-spacer aligncenter kt-block-spacer-23418_54723a-43\"><div class=\"kt-block-spacer kt-block-spacer-halign-center\"><hr class=\"kt-divider\"\/><\/div><\/div>\n\n\n\n<p><br><strong><strong>P. J. \u0160af\u00e1rik University in&nbsp;Ko\u0161ice<\/strong><\/strong><\/p>\n\n\n\n<p>An important educational institution with more than 65 years history. It offers complex university education in the field of medicine, natural history, humane, juridical and behavioural sciences in all three degrees: bachelor, master and doctoral. The University is formed by five faculties (Faculty of Medicine, Faculty of Science, Faculty of Law, Faculty of Public Administration and Faculty of Arts) and several departments. The University offers 96 study programmes in bachelor degree, 64 in master degree and several certified interdisciplinary blocks. It builds important scientific parks and research centres and there are several excellent scientific teams in its land.<\/p>\n\n\n\n<p><strong><strong><strong>Useful links:<\/strong><\/strong><\/strong><br><a href=\"http:\/\/www.upjs.sk\/\">https:\/\/www.upjs.sk\/en\/<\/a><\/p>\n\n\n\n<figure class=\"wp-block-image aligncenter size-full is-resized\"><img loading=\"lazy\" decoding=\"async\" width=\"800\" height=\"600\" src=\"https:\/\/www.upjs.sk\/app\/uploads\/sites\/15\/2025\/03\/Rektorat.jpg\" alt=\"\" class=\"wp-image-23370\" style=\"width:600px\" srcset=\"https:\/\/www.upjs.sk\/app\/uploads\/sites\/15\/2025\/03\/Rektorat.jpg 800w, https:\/\/www.upjs.sk\/app\/uploads\/sites\/15\/2025\/03\/Rektorat-300x225.jpg 300w, https:\/\/www.upjs.sk\/app\/uploads\/sites\/15\/2025\/03\/Rektorat-768x576.jpg 768w\" sizes=\"auto, (max-width: 800px) 100vw, 800px\" \/><\/figure>\n\n\n<style>.wp-block-kadence-spacer.kt-block-spacer-23418_116136-8c .kt-block-spacer{height:60px;}.wp-block-kadence-spacer.kt-block-spacer-23418_116136-8c .kt-divider{border-top-width:1px;height:1px;border-top-color:#eee;width:100%;border-top-style:solid;}<\/style>\n<div class=\"wp-block-kadence-spacer aligncenter kt-block-spacer-23418_116136-8c\"><div class=\"kt-block-spacer kt-block-spacer-halign-center\"><hr class=\"kt-divider\"\/><\/div><\/div>\n\n\n\n<p><br><strong><strong>Botanical Garden of P. J. \u0160af\u00e1rik University in&nbsp;Ko\u0161ice<\/strong><\/strong><\/p>\n\n\n\n<p>The conference is held at the occasion of 75<sup>th<\/sup> anniversary of the foundation of the Botanical Garden. The Botanical Garden is a&nbsp;research and educational department of the University. Its area is about 30 ha and it is the largest botanical garden in Slovakia. In the greenhouses with the area 3200m<sup>2<\/sup>&nbsp;there are the expositions of tropical and subtropical flora. In the outer part there are expositions of decorative, utility and water plants and also the exposition of wild domestic flora at the area about 4 ha. The rest of the area of the Botanical Garden belongs to arboretum with both indigenous and exotic woody plants of mild climatic zones. Botanical Garden prepares several thematic exhibitions each year. About 40&nbsp;000 of visitors comes to the Botanical Garden per year.<\/p>\n\n\n\n<p><strong><strong><strong>Useful links:<\/strong><br><\/strong><\/strong><a href=\"https:\/\/www.upjs.sk\/pracoviska\/botanicka-zahrada\/en\">https:\/\/www.upjs.sk\/pracoviska\/botanicka-zahrada\/en<\/a><\/p>\n\n\n\n<figure class=\"wp-block-image aligncenter size-full is-resized\"><img loading=\"lazy\" decoding=\"async\" width=\"800\" height=\"451\" src=\"https:\/\/www.upjs.sk\/app\/uploads\/sites\/15\/2025\/03\/BZ.jpg\" alt=\"\" class=\"wp-image-23375\" style=\"width:600px\" srcset=\"https:\/\/www.upjs.sk\/app\/uploads\/sites\/15\/2025\/03\/BZ.jpg 800w, https:\/\/www.upjs.sk\/app\/uploads\/sites\/15\/2025\/03\/BZ-300x169.jpg 300w, https:\/\/www.upjs.sk\/app\/uploads\/sites\/15\/2025\/03\/BZ-768x433.jpg 768w\" sizes=\"auto, (max-width: 800px) 100vw, 800px\" \/><\/figure>\n\n\n<style>.wp-block-kadence-spacer.kt-block-spacer-23418_cdaa79-e8 .kt-block-spacer{height:60px;}.wp-block-kadence-spacer.kt-block-spacer-23418_cdaa79-e8 .kt-divider{border-top-width:1px;height:1px;border-top-color:#eee;width:100%;border-top-style:solid;}<\/style>\n<div class=\"wp-block-kadence-spacer aligncenter kt-block-spacer-23418_cdaa79-e8\"><div class=\"kt-block-spacer kt-block-spacer-halign-center\"><hr class=\"kt-divider\"\/><\/div><\/div>\n\n\n\n<p><br><strong><strong>The East Slovak Gallery<\/strong><\/strong><\/p>\n\n\n\n<p>The East Slovak Gallery, established in 1951 as the first Slovak regional gallery, is housed in the historic County House building from the 18th century at Hlavn\u00e1 27. It manages an extensive collection of over 7,000 artworks from the 15th century to the present, with emphasis on 19th and 20th century art.<\/p>\n\n\n\n<p>The gallery&#8217;s mission is to systematically collect, protect, professionally evaluate and publicly present fine art of both domestic and foreign origin, with special focus on the Eastern Slovak region. Its collecting, research and exhibition activities cover a wide range of artistic genres and map the developmental periods of art in the region.<\/p>\n\n\n\n<p>The current gallery team, composed of a new generation of curators, gallery educators and professional staff, continues the tradition while bringing innovative approaches. The gallery offers diverse exhibition projects including both old and contemporary art, organizes rich programming for professional and general audiences of all age categories. It collaborates with renowned institutions, artists and scientists from the humanities and natural sciences. U\u017eito\u010dn\u00e9 odkazy\/ Useful links:<br><\/p>\n\n\n\n<p><strong>Useful links:<\/strong><\/p>\n\n\n\n<figure class=\"wp-block-embed is-type-wp-embed is-provider-v-chodoslovensk-gal-ria wp-block-embed-v-chodoslovensk-gal-ria\"><div class=\"wp-block-embed__wrapper\">\n<blockquote class=\"wp-embedded-content\" data-secret=\"4r7js4T0GV\"><a href=\"https:\/\/vsg.sk\/en\/home\/\">Home<\/a><\/blockquote><iframe loading=\"lazy\" class=\"wp-embedded-content\" sandbox=\"allow-scripts\" security=\"restricted\" style=\"position: absolute; visibility: hidden;\" title=\"&#8220;Home&#8221; &#8212; V\u00fdchodoslovensk\u00e1 gal\u00e9ria\" src=\"https:\/\/vsg.sk\/en\/home\/embed\/#?secret=S2ZLQ87y09#?secret=4r7js4T0GV\" data-secret=\"4r7js4T0GV\" width=\"500\" height=\"282\" frameborder=\"0\" marginwidth=\"0\" marginheight=\"0\" scrolling=\"no\"><\/iframe>\n<\/div><\/figure>\n\n\n\n<p><\/p>\n","protected":false},"excerpt":{"rendered":"<p>Welcome to Ko\u0161ice, the metropolis of Eastern Slovakia! Ko\u0161ice is a town with a rich history. It is first mentioned in the 13th century. The historic centre is the largest protected heritage area with the largest church in the country \u2013 the St. Elizabeth Cathedral. There was a&nbsp;great building boom in the communist era, when &hellip; <a href=\"https:\/\/www.upjs.sk\/pracoviska\/botanicka-zahrada\/en\/activities\/conference-75-years-bg\/venue\/\">Continued<\/a><\/p>\n","protected":false},"author":16,"featured_media":0,"parent":23329,"menu_order":6,"comment_status":"closed","ping_status":"closed","template":"","meta":{"_acf_changed":false,"_editorskit_title_hidden":false,"_editorskit_reading_time":0,"_editorskit_is_block_options_detached":false,"_editorskit_block_options_position":"{}","footnotes":""},"categories":[],"tags":[],"class_list":["post-23418","page","type-page","status-publish","hentry"],"acf":{"acf_link_na_externy_obsah":""},"yoast_head":"<!-- This site is optimized with the Yoast SEO plugin v27.2 - https:\/\/yoast.com\/product\/yoast-seo-wordpress\/ -->\n<title>Venue - Botanick\u00e1 z\u00e1hrada<\/title>\n<meta name=\"robots\" content=\"index, follow, max-snippet:-1, max-image-preview:large, max-video-preview:-1\" \/>\n<link rel=\"canonical\" href=\"https:\/\/www.upjs.sk\/pracoviska\/botanicka-zahrada\/en\/activities\/conference-75-years-bg\/venue\/\" \/>\n<meta property=\"og:locale\" content=\"en_US\" \/>\n<meta property=\"og:type\" content=\"article\" \/>\n<meta property=\"og:title\" content=\"Venue - Botanick\u00e1 z\u00e1hrada\" \/>\n<meta property=\"og:description\" content=\"Welcome to Ko\u0161ice, the metropolis of Eastern Slovakia! Ko\u0161ice is a town with a rich history. It is first mentioned in the 13th century. The historic centre is the largest protected heritage area with the largest church in the country \u2013 the St. Elizabeth Cathedral. There was a&nbsp;great building boom in the communist era, when &hellip; Continued\" \/>\n<meta property=\"og:url\" content=\"https:\/\/www.upjs.sk\/pracoviska\/botanicka-zahrada\/en\/activities\/conference-75-years-bg\/venue\/\" \/>\n<meta property=\"og:site_name\" content=\"Botanick\u00e1 z\u00e1hrada\" \/>\n<meta property=\"article:modified_time\" content=\"2025-03-27T09:29:00+00:00\" \/>\n<meta property=\"og:image\" content=\"https:\/\/www.upjs.sk\/app\/uploads\/sites\/15\/2025\/03\/baner-AJ_m-1.jpg\" \/>\n<meta name=\"twitter:card\" content=\"summary_large_image\" \/>\n<meta name=\"twitter:label1\" content=\"Est. reading time\" \/>\n\t<meta name=\"twitter:data1\" content=\"4 minutes\" \/>\n<script type=\"application\/ld+json\" class=\"yoast-schema-graph\">{\"@context\":\"https:\/\/schema.org\",\"@graph\":[{\"@type\":\"WebPage\",\"@id\":\"https:\/\/www.upjs.sk\/pracoviska\/botanicka-zahrada\/en\/activities\/conference-75-years-bg\/venue\/\",\"url\":\"https:\/\/www.upjs.sk\/pracoviska\/botanicka-zahrada\/en\/activities\/conference-75-years-bg\/venue\/\",\"name\":\"Venue - Botanick\u00e1 z\u00e1hrada\",\"isPartOf\":{\"@id\":\"https:\/\/www.upjs.sk\/pracoviska\/botanicka-zahrada\/en\/#website\"},\"primaryImageOfPage\":{\"@id\":\"https:\/\/www.upjs.sk\/pracoviska\/botanicka-zahrada\/en\/activities\/conference-75-years-bg\/venue\/#primaryimage\"},\"image\":{\"@id\":\"https:\/\/www.upjs.sk\/pracoviska\/botanicka-zahrada\/en\/activities\/conference-75-years-bg\/venue\/#primaryimage\"},\"thumbnailUrl\":\"https:\/\/www.upjs.sk\/app\/uploads\/sites\/15\/2025\/03\/baner-AJ_m-1.jpg\",\"datePublished\":\"2025-03-20T12:05:30+00:00\",\"dateModified\":\"2025-03-27T09:29:00+00:00\",\"breadcrumb\":{\"@id\":\"https:\/\/www.upjs.sk\/pracoviska\/botanicka-zahrada\/en\/activities\/conference-75-years-bg\/venue\/#breadcrumb\"},\"inLanguage\":\"en-US\",\"potentialAction\":[{\"@type\":\"ReadAction\",\"target\":[\"https:\/\/www.upjs.sk\/pracoviska\/botanicka-zahrada\/en\/activities\/conference-75-years-bg\/venue\/\"]}]},{\"@type\":\"ImageObject\",\"inLanguage\":\"en-US\",\"@id\":\"https:\/\/www.upjs.sk\/pracoviska\/botanicka-zahrada\/en\/activities\/conference-75-years-bg\/venue\/#primaryimage\",\"url\":\"https:\/\/www.upjs.sk\/app\/uploads\/sites\/15\/2025\/03\/baner-AJ_m-1.jpg\",\"contentUrl\":\"https:\/\/www.upjs.sk\/app\/uploads\/sites\/15\/2025\/03\/baner-AJ_m-1.jpg\"},{\"@type\":\"BreadcrumbList\",\"@id\":\"https:\/\/www.upjs.sk\/pracoviska\/botanicka-zahrada\/en\/activities\/conference-75-years-bg\/venue\/#breadcrumb\",\"itemListElement\":[{\"@type\":\"ListItem\",\"position\":1,\"name\":\"Home\",\"item\":\"https:\/\/www.upjs.sk\/pracoviska\/botanicka-zahrada\/en\/\"},{\"@type\":\"ListItem\",\"position\":2,\"name\":\"Professional activities\",\"item\":\"https:\/\/www.upjs.sk\/pracoviska\/botanicka-zahrada\/en\/activities\/\"},{\"@type\":\"ListItem\",\"position\":3,\"name\":\"Conference 75 years since the founding of the Botanical Garden in Ko\u0161ice\",\"item\":\"https:\/\/www.upjs.sk\/pracoviska\/botanicka-zahrada\/en\/activities\/conference-75-years-bg\/\"},{\"@type\":\"ListItem\",\"position\":4,\"name\":\"Venue\"}]},{\"@type\":\"WebSite\",\"@id\":\"https:\/\/www.upjs.sk\/pracoviska\/botanicka-zahrada\/en\/#website\",\"url\":\"https:\/\/www.upjs.sk\/pracoviska\/botanicka-zahrada\/en\/\",\"name\":\"Botanick\u00e1 z\u00e1hrada\",\"description\":\"\",\"publisher\":{\"@id\":\"https:\/\/www.upjs.sk\/pracoviska\/botanicka-zahrada\/en\/#organization\"},\"potentialAction\":[{\"@type\":\"SearchAction\",\"target\":{\"@type\":\"EntryPoint\",\"urlTemplate\":\"https:\/\/www.upjs.sk\/pracoviska\/botanicka-zahrada\/en\/?s={search_term_string}\"},\"query-input\":{\"@type\":\"PropertyValueSpecification\",\"valueRequired\":true,\"valueName\":\"search_term_string\"}}],\"inLanguage\":\"en-US\"},{\"@type\":\"Organization\",\"@id\":\"https:\/\/www.upjs.sk\/pracoviska\/botanicka-zahrada\/en\/#organization\",\"name\":\"Botanick\u00e1 z\u00e1hrada\",\"url\":\"https:\/\/www.upjs.sk\/pracoviska\/botanicka-zahrada\/en\/\",\"logo\":{\"@type\":\"ImageObject\",\"inLanguage\":\"en-US\",\"@id\":\"https:\/\/www.upjs.sk\/pracoviska\/botanicka-zahrada\/en\/#\/schema\/logo\/image\/\",\"url\":\"https:\/\/www.upjs.sk\/app\/uploads\/sites\/15\/2023\/01\/BZ_ENG.svg\",\"contentUrl\":\"https:\/\/www.upjs.sk\/app\/uploads\/sites\/15\/2023\/01\/BZ_ENG.svg\",\"width\":500,\"height\":138,\"caption\":\"Botanick\u00e1 z\u00e1hrada\"},\"image\":{\"@id\":\"https:\/\/www.upjs.sk\/pracoviska\/botanicka-zahrada\/en\/#\/schema\/logo\/image\/\"}}]}<\/script>\n<!-- \/ Yoast SEO plugin. -->","yoast_head_json":{"title":"Venue - Botanick\u00e1 z\u00e1hrada","robots":{"index":"index","follow":"follow","max-snippet":"max-snippet:-1","max-image-preview":"max-image-preview:large","max-video-preview":"max-video-preview:-1"},"canonical":"https:\/\/www.upjs.sk\/pracoviska\/botanicka-zahrada\/en\/activities\/conference-75-years-bg\/venue\/","og_locale":"en_US","og_type":"article","og_title":"Venue - Botanick\u00e1 z\u00e1hrada","og_description":"Welcome to Ko\u0161ice, the metropolis of Eastern Slovakia! Ko\u0161ice is a town with a rich history. It is first mentioned in the 13th century. The historic centre is the largest protected heritage area with the largest church in the country \u2013 the St. Elizabeth Cathedral. There was a&nbsp;great building boom in the communist era, when &hellip; Continued","og_url":"https:\/\/www.upjs.sk\/pracoviska\/botanicka-zahrada\/en\/activities\/conference-75-years-bg\/venue\/","og_site_name":"Botanick\u00e1 z\u00e1hrada","article_modified_time":"2025-03-27T09:29:00+00:00","og_image":[{"url":"https:\/\/www.upjs.sk\/app\/uploads\/sites\/15\/2025\/03\/baner-AJ_m-1.jpg","type":"","width":"","height":""}],"twitter_card":"summary_large_image","twitter_misc":{"Est. reading time":"4 minutes"},"schema":{"@context":"https:\/\/schema.org","@graph":[{"@type":"WebPage","@id":"https:\/\/www.upjs.sk\/pracoviska\/botanicka-zahrada\/en\/activities\/conference-75-years-bg\/venue\/","url":"https:\/\/www.upjs.sk\/pracoviska\/botanicka-zahrada\/en\/activities\/conference-75-years-bg\/venue\/","name":"Venue - Botanick\u00e1 z\u00e1hrada","isPartOf":{"@id":"https:\/\/www.upjs.sk\/pracoviska\/botanicka-zahrada\/en\/#website"},"primaryImageOfPage":{"@id":"https:\/\/www.upjs.sk\/pracoviska\/botanicka-zahrada\/en\/activities\/conference-75-years-bg\/venue\/#primaryimage"},"image":{"@id":"https:\/\/www.upjs.sk\/pracoviska\/botanicka-zahrada\/en\/activities\/conference-75-years-bg\/venue\/#primaryimage"},"thumbnailUrl":"https:\/\/www.upjs.sk\/app\/uploads\/sites\/15\/2025\/03\/baner-AJ_m-1.jpg","datePublished":"2025-03-20T12:05:30+00:00","dateModified":"2025-03-27T09:29:00+00:00","breadcrumb":{"@id":"https:\/\/www.upjs.sk\/pracoviska\/botanicka-zahrada\/en\/activities\/conference-75-years-bg\/venue\/#breadcrumb"},"inLanguage":"en-US","potentialAction":[{"@type":"ReadAction","target":["https:\/\/www.upjs.sk\/pracoviska\/botanicka-zahrada\/en\/activities\/conference-75-years-bg\/venue\/"]}]},{"@type":"ImageObject","inLanguage":"en-US","@id":"https:\/\/www.upjs.sk\/pracoviska\/botanicka-zahrada\/en\/activities\/conference-75-years-bg\/venue\/#primaryimage","url":"https:\/\/www.upjs.sk\/app\/uploads\/sites\/15\/2025\/03\/baner-AJ_m-1.jpg","contentUrl":"https:\/\/www.upjs.sk\/app\/uploads\/sites\/15\/2025\/03\/baner-AJ_m-1.jpg"},{"@type":"BreadcrumbList","@id":"https:\/\/www.upjs.sk\/pracoviska\/botanicka-zahrada\/en\/activities\/conference-75-years-bg\/venue\/#breadcrumb","itemListElement":[{"@type":"ListItem","position":1,"name":"Home","item":"https:\/\/www.upjs.sk\/pracoviska\/botanicka-zahrada\/en\/"},{"@type":"ListItem","position":2,"name":"Professional activities","item":"https:\/\/www.upjs.sk\/pracoviska\/botanicka-zahrada\/en\/activities\/"},{"@type":"ListItem","position":3,"name":"Conference 75 years since the founding of the Botanical Garden in Ko\u0161ice","item":"https:\/\/www.upjs.sk\/pracoviska\/botanicka-zahrada\/en\/activities\/conference-75-years-bg\/"},{"@type":"ListItem","position":4,"name":"Venue"}]},{"@type":"WebSite","@id":"https:\/\/www.upjs.sk\/pracoviska\/botanicka-zahrada\/en\/#website","url":"https:\/\/www.upjs.sk\/pracoviska\/botanicka-zahrada\/en\/","name":"Botanick\u00e1 z\u00e1hrada","description":"","publisher":{"@id":"https:\/\/www.upjs.sk\/pracoviska\/botanicka-zahrada\/en\/#organization"},"potentialAction":[{"@type":"SearchAction","target":{"@type":"EntryPoint","urlTemplate":"https:\/\/www.upjs.sk\/pracoviska\/botanicka-zahrada\/en\/?s={search_term_string}"},"query-input":{"@type":"PropertyValueSpecification","valueRequired":true,"valueName":"search_term_string"}}],"inLanguage":"en-US"},{"@type":"Organization","@id":"https:\/\/www.upjs.sk\/pracoviska\/botanicka-zahrada\/en\/#organization","name":"Botanick\u00e1 z\u00e1hrada","url":"https:\/\/www.upjs.sk\/pracoviska\/botanicka-zahrada\/en\/","logo":{"@type":"ImageObject","inLanguage":"en-US","@id":"https:\/\/www.upjs.sk\/pracoviska\/botanicka-zahrada\/en\/#\/schema\/logo\/image\/","url":"https:\/\/www.upjs.sk\/app\/uploads\/sites\/15\/2023\/01\/BZ_ENG.svg","contentUrl":"https:\/\/www.upjs.sk\/app\/uploads\/sites\/15\/2023\/01\/BZ_ENG.svg","width":500,"height":138,"caption":"Botanick\u00e1 z\u00e1hrada"},"image":{"@id":"https:\/\/www.upjs.sk\/pracoviska\/botanicka-zahrada\/en\/#\/schema\/logo\/image\/"}}]}},"_links":{"self":[{"href":"https:\/\/www.upjs.sk\/pracoviska\/botanicka-zahrada\/en\/wp-json\/wp\/v2\/pages\/23418","targetHints":{"allow":["GET"]}}],"collection":[{"href":"https:\/\/www.upjs.sk\/pracoviska\/botanicka-zahrada\/en\/wp-json\/wp\/v2\/pages"}],"about":[{"href":"https:\/\/www.upjs.sk\/pracoviska\/botanicka-zahrada\/en\/wp-json\/wp\/v2\/types\/page"}],"author":[{"embeddable":true,"href":"https:\/\/www.upjs.sk\/pracoviska\/botanicka-zahrada\/en\/wp-json\/wp\/v2\/users\/16"}],"replies":[{"embeddable":true,"href":"https:\/\/www.upjs.sk\/pracoviska\/botanicka-zahrada\/en\/wp-json\/wp\/v2\/comments?post=23418"}],"version-history":[{"count":11,"href":"https:\/\/www.upjs.sk\/pracoviska\/botanicka-zahrada\/en\/wp-json\/wp\/v2\/pages\/23418\/revisions"}],"predecessor-version":[{"id":23784,"href":"https:\/\/www.upjs.sk\/pracoviska\/botanicka-zahrada\/en\/wp-json\/wp\/v2\/pages\/23418\/revisions\/23784"}],"up":[{"embeddable":true,"href":"https:\/\/www.upjs.sk\/pracoviska\/botanicka-zahrada\/en\/wp-json\/wp\/v2\/pages\/23329"}],"wp:attachment":[{"href":"https:\/\/www.upjs.sk\/pracoviska\/botanicka-zahrada\/en\/wp-json\/wp\/v2\/media?parent=23418"}],"wp:term":[{"taxonomy":"category","embeddable":true,"href":"https:\/\/www.upjs.sk\/pracoviska\/botanicka-zahrada\/en\/wp-json\/wp\/v2\/categories?post=23418"},{"taxonomy":"post_tag","embeddable":true,"href":"https:\/\/www.upjs.sk\/pracoviska\/botanicka-zahrada\/en\/wp-json\/wp\/v2\/tags?post=23418"}],"curies":[{"name":"wp","href":"https:\/\/api.w.org\/{rel}","templated":true}]}}