{"id":23449,"date":"2025-03-20T10:51:08","date_gmt":"2025-03-20T10:51:08","guid":{"rendered":"https:\/\/www.upjs.sk\/pracoviska\/botanicka-zahrada\/?page_id=23449"},"modified":"2025-03-31T08:12:53","modified_gmt":"2025-03-31T08:12:53","slug":"abstracts","status":"publish","type":"page","link":"https:\/\/www.upjs.sk\/pracoviska\/botanicka-zahrada\/en\/activities\/conference-75-years-bg\/abstracts\/","title":{"rendered":"Abstracts"},"content":{"rendered":"<style>.kb-image23449_2f4467-31.kb-image-is-ratio-size, .kb-image23449_2f4467-31 .kb-image-is-ratio-size{max-width:855px;width:100%;}.wp-block-kadence-column > .kt-inside-inner-col > .kb-image23449_2f4467-31.kb-image-is-ratio-size, .wp-block-kadence-column > .kt-inside-inner-col > .kb-image23449_2f4467-31 .kb-image-is-ratio-size{align-self:unset;}.kb-image23449_2f4467-31 figure{max-width:855px;}.kb-image23449_2f4467-31 .image-is-svg, .kb-image23449_2f4467-31 .image-is-svg img{width:100%;}.kb-image23449_2f4467-31 .kb-image-has-overlay:after{opacity:0.3;border-top-left-radius:15px;border-top-right-radius:15px;border-bottom-right-radius:15px;border-bottom-left-radius:15px;}.kb-image23449_2f4467-31 img.kb-img, .kb-image23449_2f4467-31 .kb-img img{border-top-left-radius:15px;border-top-right-radius:15px;border-bottom-right-radius:15px;border-bottom-left-radius:15px;}<\/style>\n<div class=\"wp-block-kadence-image kb-image23449_2f4467-31\"><figure class=\"aligncenter size-full\"><img loading=\"lazy\" decoding=\"async\" width=\"1000\" height=\"308\" src=\"https:\/\/www.upjs.sk\/app\/uploads\/sites\/15\/2025\/03\/baner-AJ_m-1.jpg\" alt=\"\" class=\"kb-img wp-image-23678\" srcset=\"https:\/\/www.upjs.sk\/app\/uploads\/sites\/15\/2025\/03\/baner-AJ_m-1.jpg 1000w, https:\/\/www.upjs.sk\/app\/uploads\/sites\/15\/2025\/03\/baner-AJ_m-1-300x92.jpg 300w, https:\/\/www.upjs.sk\/app\/uploads\/sites\/15\/2025\/03\/baner-AJ_m-1-768x237.jpg 768w\" sizes=\"auto, (max-width: 1000px) 100vw, 1000px\" \/><\/figure><\/div>\n\n\n\n<p>&nbsp;<\/p>\n\n\n\n<p><strong><a href=\"https:\/\/www.upjs.sk\/app\/uploads\/sites\/15\/2025\/03\/Abstract-template.docx\" target=\"_blank\" rel=\"noreferrer noopener\">Abstract template<\/a><\/strong><\/p>\n\n\n\n<p>Abstracts should be formatted according to the attached template in the format Word: docx or doc.<br>Abstracts should be in English and sent by&nbsp;<strong>July 18, 2025<\/strong>, email:&nbsp;<a href=\"mailto:conferenceBG@upjs.sk.\">conferenceBG@upjs.sk.<\/a><\/p>\n\n\n\n<p>The abstracts will be reviewed by the Scientific Committee and it has the right to reject the abstract for publication.<\/p>\n\n\n\n<p><strong><mark style=\"background-color:rgba(0, 0, 0, 0)\" class=\"has-inline-color has-prirodovedecka-f-color\">Contributions<\/mark><\/strong><\/p>\n\n\n\n<p>In case of interest, whole contributions from the conference will be published in the journal of Botanical Garden of P. J. \u0160af\u00e1rik University in Ko\u0161ice,&nbsp;<br><a href=\"https:\/\/www.upjs.sk\/pracoviska\/botanicka-zahrada\/odborne-aktivity\/thaiszia\/\">Thaiszia \u2013 Journal of Botany<\/a>,&nbsp; indexed in the databases WOS\/Biological abstracts, SCOPUS and others.<\/p>\n\n\n\n<p>The contributions should be sent by e-mail to the address of the Editorial Office:&nbsp;<a href=\"mailto:thaiszia@upjs.sk\">thaiszia@upjs.sk<\/a>, no later than <strong>30 November 2025<\/strong>. <br>The contributions should follow the&nbsp;<a href=\"https:\/\/www.upjs.sk\/pracoviska\/botanicka-zahrada\/odborne-aktivity\/guide-to-authors\/\">guide to authors<\/a>&nbsp;and will undergo the standard review process.<br><\/p>\n","protected":false},"excerpt":{"rendered":"<p>&nbsp; Abstract template Abstracts should be formatted according to the attached template in the format Word: docx or doc.Abstracts should be in English and sent by&nbsp;July 18, 2025, email:&nbsp;conferenceBG@upjs.sk. The abstracts will be reviewed by the Scientific Committee and it has the right to reject the abstract for publication. Contributions In case of interest, whole &hellip; <a href=\"https:\/\/www.upjs.sk\/pracoviska\/botanicka-zahrada\/en\/activities\/conference-75-years-bg\/abstracts\/\">Continued<\/a><\/p>\n","protected":false},"author":16,"featured_media":0,"parent":23329,"menu_order":4,"comment_status":"closed","ping_status":"closed","template":"","meta":{"_acf_changed":false,"_editorskit_title_hidden":false,"_editorskit_reading_time":0,"_editorskit_is_block_options_detached":false,"_editorskit_block_options_position":"{}","footnotes":""},"categories":[],"tags":[],"class_list":["post-23449","page","type-page","status-publish","hentry"],"acf":{"acf_link_na_externy_obsah":""},"yoast_head":"<!-- This site is optimized with the Yoast SEO plugin v27.2 - https:\/\/yoast.com\/product\/yoast-seo-wordpress\/ -->\n<title>Abstracts - Botanick\u00e1 z\u00e1hrada<\/title>\n<meta name=\"robots\" content=\"index, follow, max-snippet:-1, max-image-preview:large, max-video-preview:-1\" \/>\n<link rel=\"canonical\" href=\"https:\/\/www.upjs.sk\/pracoviska\/botanicka-zahrada\/en\/activities\/conference-75-years-bg\/abstracts\/\" \/>\n<meta property=\"og:locale\" content=\"en_US\" \/>\n<meta property=\"og:type\" content=\"article\" \/>\n<meta property=\"og:title\" content=\"Abstracts - Botanick\u00e1 z\u00e1hrada\" \/>\n<meta property=\"og:description\" content=\"&nbsp; Abstract template Abstracts should be formatted according to the attached template in the format Word: docx or doc.Abstracts should be in English and sent by&nbsp;July 18, 2025, email:&nbsp;conferenceBG@upjs.sk. The abstracts will be reviewed by the Scientific Committee and it has the right to reject the abstract for publication. Contributions In case of interest, whole &hellip; Continued\" \/>\n<meta property=\"og:url\" content=\"https:\/\/www.upjs.sk\/pracoviska\/botanicka-zahrada\/en\/activities\/conference-75-years-bg\/abstracts\/\" \/>\n<meta property=\"og:site_name\" content=\"Botanick\u00e1 z\u00e1hrada\" \/>\n<meta property=\"article:modified_time\" content=\"2025-03-31T08:12:53+00:00\" \/>\n<meta property=\"og:image\" content=\"https:\/\/www.upjs.sk\/app\/uploads\/sites\/15\/2025\/03\/baner-AJ_m-1.jpg\" \/>\n<meta name=\"twitter:card\" content=\"summary_large_image\" \/>\n<meta name=\"twitter:label1\" content=\"Est. reading time\" \/>\n\t<meta name=\"twitter:data1\" content=\"1 minute\" \/>\n<script type=\"application\/ld+json\" class=\"yoast-schema-graph\">{\"@context\":\"https:\/\/schema.org\",\"@graph\":[{\"@type\":\"WebPage\",\"@id\":\"https:\/\/www.upjs.sk\/pracoviska\/botanicka-zahrada\/en\/activities\/conference-75-years-bg\/abstracts\/\",\"url\":\"https:\/\/www.upjs.sk\/pracoviska\/botanicka-zahrada\/en\/activities\/conference-75-years-bg\/abstracts\/\",\"name\":\"Abstracts - Botanick\u00e1 z\u00e1hrada\",\"isPartOf\":{\"@id\":\"https:\/\/www.upjs.sk\/pracoviska\/botanicka-zahrada\/en\/#website\"},\"primaryImageOfPage\":{\"@id\":\"https:\/\/www.upjs.sk\/pracoviska\/botanicka-zahrada\/en\/activities\/conference-75-years-bg\/abstracts\/#primaryimage\"},\"image\":{\"@id\":\"https:\/\/www.upjs.sk\/pracoviska\/botanicka-zahrada\/en\/activities\/conference-75-years-bg\/abstracts\/#primaryimage\"},\"thumbnailUrl\":\"https:\/\/www.upjs.sk\/app\/uploads\/sites\/15\/2025\/03\/baner-AJ_m-1.jpg\",\"datePublished\":\"2025-03-20T10:51:08+00:00\",\"dateModified\":\"2025-03-31T08:12:53+00:00\",\"breadcrumb\":{\"@id\":\"https:\/\/www.upjs.sk\/pracoviska\/botanicka-zahrada\/en\/activities\/conference-75-years-bg\/abstracts\/#breadcrumb\"},\"inLanguage\":\"en-US\",\"potentialAction\":[{\"@type\":\"ReadAction\",\"target\":[\"https:\/\/www.upjs.sk\/pracoviska\/botanicka-zahrada\/en\/activities\/conference-75-years-bg\/abstracts\/\"]}]},{\"@type\":\"ImageObject\",\"inLanguage\":\"en-US\",\"@id\":\"https:\/\/www.upjs.sk\/pracoviska\/botanicka-zahrada\/en\/activities\/conference-75-years-bg\/abstracts\/#primaryimage\",\"url\":\"https:\/\/www.upjs.sk\/app\/uploads\/sites\/15\/2025\/03\/baner-AJ_m-1.jpg\",\"contentUrl\":\"https:\/\/www.upjs.sk\/app\/uploads\/sites\/15\/2025\/03\/baner-AJ_m-1.jpg\"},{\"@type\":\"BreadcrumbList\",\"@id\":\"https:\/\/www.upjs.sk\/pracoviska\/botanicka-zahrada\/en\/activities\/conference-75-years-bg\/abstracts\/#breadcrumb\",\"itemListElement\":[{\"@type\":\"ListItem\",\"position\":1,\"name\":\"Home\",\"item\":\"https:\/\/www.upjs.sk\/pracoviska\/botanicka-zahrada\/en\/\"},{\"@type\":\"ListItem\",\"position\":2,\"name\":\"Professional activities\",\"item\":\"https:\/\/www.upjs.sk\/pracoviska\/botanicka-zahrada\/en\/activities\/\"},{\"@type\":\"ListItem\",\"position\":3,\"name\":\"Conference 75 years since the founding of the Botanical Garden in Ko\u0161ice\",\"item\":\"https:\/\/www.upjs.sk\/pracoviska\/botanicka-zahrada\/en\/activities\/conference-75-years-bg\/\"},{\"@type\":\"ListItem\",\"position\":4,\"name\":\"Abstracts\"}]},{\"@type\":\"WebSite\",\"@id\":\"https:\/\/www.upjs.sk\/pracoviska\/botanicka-zahrada\/en\/#website\",\"url\":\"https:\/\/www.upjs.sk\/pracoviska\/botanicka-zahrada\/en\/\",\"name\":\"Botanick\u00e1 z\u00e1hrada\",\"description\":\"\",\"publisher\":{\"@id\":\"https:\/\/www.upjs.sk\/pracoviska\/botanicka-zahrada\/en\/#organization\"},\"potentialAction\":[{\"@type\":\"SearchAction\",\"target\":{\"@type\":\"EntryPoint\",\"urlTemplate\":\"https:\/\/www.upjs.sk\/pracoviska\/botanicka-zahrada\/en\/?s={search_term_string}\"},\"query-input\":{\"@type\":\"PropertyValueSpecification\",\"valueRequired\":true,\"valueName\":\"search_term_string\"}}],\"inLanguage\":\"en-US\"},{\"@type\":\"Organization\",\"@id\":\"https:\/\/www.upjs.sk\/pracoviska\/botanicka-zahrada\/en\/#organization\",\"name\":\"Botanick\u00e1 z\u00e1hrada\",\"url\":\"https:\/\/www.upjs.sk\/pracoviska\/botanicka-zahrada\/en\/\",\"logo\":{\"@type\":\"ImageObject\",\"inLanguage\":\"en-US\",\"@id\":\"https:\/\/www.upjs.sk\/pracoviska\/botanicka-zahrada\/en\/#\/schema\/logo\/image\/\",\"url\":\"https:\/\/www.upjs.sk\/app\/uploads\/sites\/15\/2023\/01\/BZ_ENG.svg\",\"contentUrl\":\"https:\/\/www.upjs.sk\/app\/uploads\/sites\/15\/2023\/01\/BZ_ENG.svg\",\"width\":500,\"height\":138,\"caption\":\"Botanick\u00e1 z\u00e1hrada\"},\"image\":{\"@id\":\"https:\/\/www.upjs.sk\/pracoviska\/botanicka-zahrada\/en\/#\/schema\/logo\/image\/\"}}]}<\/script>\n<!-- \/ Yoast SEO plugin. -->","yoast_head_json":{"title":"Abstracts - Botanick\u00e1 z\u00e1hrada","robots":{"index":"index","follow":"follow","max-snippet":"max-snippet:-1","max-image-preview":"max-image-preview:large","max-video-preview":"max-video-preview:-1"},"canonical":"https:\/\/www.upjs.sk\/pracoviska\/botanicka-zahrada\/en\/activities\/conference-75-years-bg\/abstracts\/","og_locale":"en_US","og_type":"article","og_title":"Abstracts - Botanick\u00e1 z\u00e1hrada","og_description":"&nbsp; Abstract template Abstracts should be formatted according to the attached template in the format Word: docx or doc.Abstracts should be in English and sent by&nbsp;July 18, 2025, email:&nbsp;conferenceBG@upjs.sk. The abstracts will be reviewed by the Scientific Committee and it has the right to reject the abstract for publication. Contributions In case of interest, whole &hellip; Continued","og_url":"https:\/\/www.upjs.sk\/pracoviska\/botanicka-zahrada\/en\/activities\/conference-75-years-bg\/abstracts\/","og_site_name":"Botanick\u00e1 z\u00e1hrada","article_modified_time":"2025-03-31T08:12:53+00:00","og_image":[{"url":"https:\/\/www.upjs.sk\/app\/uploads\/sites\/15\/2025\/03\/baner-AJ_m-1.jpg","type":"","width":"","height":""}],"twitter_card":"summary_large_image","twitter_misc":{"Est. reading time":"1 minute"},"schema":{"@context":"https:\/\/schema.org","@graph":[{"@type":"WebPage","@id":"https:\/\/www.upjs.sk\/pracoviska\/botanicka-zahrada\/en\/activities\/conference-75-years-bg\/abstracts\/","url":"https:\/\/www.upjs.sk\/pracoviska\/botanicka-zahrada\/en\/activities\/conference-75-years-bg\/abstracts\/","name":"Abstracts - Botanick\u00e1 z\u00e1hrada","isPartOf":{"@id":"https:\/\/www.upjs.sk\/pracoviska\/botanicka-zahrada\/en\/#website"},"primaryImageOfPage":{"@id":"https:\/\/www.upjs.sk\/pracoviska\/botanicka-zahrada\/en\/activities\/conference-75-years-bg\/abstracts\/#primaryimage"},"image":{"@id":"https:\/\/www.upjs.sk\/pracoviska\/botanicka-zahrada\/en\/activities\/conference-75-years-bg\/abstracts\/#primaryimage"},"thumbnailUrl":"https:\/\/www.upjs.sk\/app\/uploads\/sites\/15\/2025\/03\/baner-AJ_m-1.jpg","datePublished":"2025-03-20T10:51:08+00:00","dateModified":"2025-03-31T08:12:53+00:00","breadcrumb":{"@id":"https:\/\/www.upjs.sk\/pracoviska\/botanicka-zahrada\/en\/activities\/conference-75-years-bg\/abstracts\/#breadcrumb"},"inLanguage":"en-US","potentialAction":[{"@type":"ReadAction","target":["https:\/\/www.upjs.sk\/pracoviska\/botanicka-zahrada\/en\/activities\/conference-75-years-bg\/abstracts\/"]}]},{"@type":"ImageObject","inLanguage":"en-US","@id":"https:\/\/www.upjs.sk\/pracoviska\/botanicka-zahrada\/en\/activities\/conference-75-years-bg\/abstracts\/#primaryimage","url":"https:\/\/www.upjs.sk\/app\/uploads\/sites\/15\/2025\/03\/baner-AJ_m-1.jpg","contentUrl":"https:\/\/www.upjs.sk\/app\/uploads\/sites\/15\/2025\/03\/baner-AJ_m-1.jpg"},{"@type":"BreadcrumbList","@id":"https:\/\/www.upjs.sk\/pracoviska\/botanicka-zahrada\/en\/activities\/conference-75-years-bg\/abstracts\/#breadcrumb","itemListElement":[{"@type":"ListItem","position":1,"name":"Home","item":"https:\/\/www.upjs.sk\/pracoviska\/botanicka-zahrada\/en\/"},{"@type":"ListItem","position":2,"name":"Professional activities","item":"https:\/\/www.upjs.sk\/pracoviska\/botanicka-zahrada\/en\/activities\/"},{"@type":"ListItem","position":3,"name":"Conference 75 years since the founding of the Botanical Garden in Ko\u0161ice","item":"https:\/\/www.upjs.sk\/pracoviska\/botanicka-zahrada\/en\/activities\/conference-75-years-bg\/"},{"@type":"ListItem","position":4,"name":"Abstracts"}]},{"@type":"WebSite","@id":"https:\/\/www.upjs.sk\/pracoviska\/botanicka-zahrada\/en\/#website","url":"https:\/\/www.upjs.sk\/pracoviska\/botanicka-zahrada\/en\/","name":"Botanick\u00e1 z\u00e1hrada","description":"","publisher":{"@id":"https:\/\/www.upjs.sk\/pracoviska\/botanicka-zahrada\/en\/#organization"},"potentialAction":[{"@type":"SearchAction","target":{"@type":"EntryPoint","urlTemplate":"https:\/\/www.upjs.sk\/pracoviska\/botanicka-zahrada\/en\/?s={search_term_string}"},"query-input":{"@type":"PropertyValueSpecification","valueRequired":true,"valueName":"search_term_string"}}],"inLanguage":"en-US"},{"@type":"Organization","@id":"https:\/\/www.upjs.sk\/pracoviska\/botanicka-zahrada\/en\/#organization","name":"Botanick\u00e1 z\u00e1hrada","url":"https:\/\/www.upjs.sk\/pracoviska\/botanicka-zahrada\/en\/","logo":{"@type":"ImageObject","inLanguage":"en-US","@id":"https:\/\/www.upjs.sk\/pracoviska\/botanicka-zahrada\/en\/#\/schema\/logo\/image\/","url":"https:\/\/www.upjs.sk\/app\/uploads\/sites\/15\/2023\/01\/BZ_ENG.svg","contentUrl":"https:\/\/www.upjs.sk\/app\/uploads\/sites\/15\/2023\/01\/BZ_ENG.svg","width":500,"height":138,"caption":"Botanick\u00e1 z\u00e1hrada"},"image":{"@id":"https:\/\/www.upjs.sk\/pracoviska\/botanicka-zahrada\/en\/#\/schema\/logo\/image\/"}}]}},"_links":{"self":[{"href":"https:\/\/www.upjs.sk\/pracoviska\/botanicka-zahrada\/en\/wp-json\/wp\/v2\/pages\/23449","targetHints":{"allow":["GET"]}}],"collection":[{"href":"https:\/\/www.upjs.sk\/pracoviska\/botanicka-zahrada\/en\/wp-json\/wp\/v2\/pages"}],"about":[{"href":"https:\/\/www.upjs.sk\/pracoviska\/botanicka-zahrada\/en\/wp-json\/wp\/v2\/types\/page"}],"author":[{"embeddable":true,"href":"https:\/\/www.upjs.sk\/pracoviska\/botanicka-zahrada\/en\/wp-json\/wp\/v2\/users\/16"}],"replies":[{"embeddable":true,"href":"https:\/\/www.upjs.sk\/pracoviska\/botanicka-zahrada\/en\/wp-json\/wp\/v2\/comments?post=23449"}],"version-history":[{"count":17,"href":"https:\/\/www.upjs.sk\/pracoviska\/botanicka-zahrada\/en\/wp-json\/wp\/v2\/pages\/23449\/revisions"}],"predecessor-version":[{"id":23788,"href":"https:\/\/www.upjs.sk\/pracoviska\/botanicka-zahrada\/en\/wp-json\/wp\/v2\/pages\/23449\/revisions\/23788"}],"up":[{"embeddable":true,"href":"https:\/\/www.upjs.sk\/pracoviska\/botanicka-zahrada\/en\/wp-json\/wp\/v2\/pages\/23329"}],"wp:attachment":[{"href":"https:\/\/www.upjs.sk\/pracoviska\/botanicka-zahrada\/en\/wp-json\/wp\/v2\/media?parent=23449"}],"wp:term":[{"taxonomy":"category","embeddable":true,"href":"https:\/\/www.upjs.sk\/pracoviska\/botanicka-zahrada\/en\/wp-json\/wp\/v2\/categories?post=23449"},{"taxonomy":"post_tag","embeddable":true,"href":"https:\/\/www.upjs.sk\/pracoviska\/botanicka-zahrada\/en\/wp-json\/wp\/v2\/tags?post=23449"}],"curies":[{"name":"wp","href":"https:\/\/api.w.org\/{rel}","templated":true}]}}