{"id":12837,"date":"2022-09-02T13:45:11","date_gmt":"2022-09-02T13:45:11","guid":{"rendered":"https:\/\/www.upjs.sk\/pracoviska\/botanicka-zahrada\/root\/navstivte-nas\/ako-k-nam\/"},"modified":"2025-09-25T09:48:50","modified_gmt":"2025-09-25T09:48:50","slug":"ako-k-nam","status":"publish","type":"page","link":"https:\/\/www.upjs.sk\/pracoviska\/botanicka-zahrada\/navstivte-nas\/ako-k-nam\/","title":{"rendered":"Ako ku n\u00e1m"},"content":{"rendered":"\n<p><strong><mark style=\"background-color:rgba(0, 0, 0, 0)\" class=\"has-inline-color has-zakladna-modra-color\">Mapa<\/mark><\/strong><\/p>\n\n\n<style>.kb-row-layout-wrap.wp-block-kadence-rowlayout.kb-row-layout-id12837_82eddf-de{margin-top:0px;margin-bottom:0px;}.kb-row-layout-id12837_82eddf-de > .kt-row-column-wrap{align-content:start;}:where(.kb-row-layout-id12837_82eddf-de > .kt-row-column-wrap) > .wp-block-kadence-column{justify-content:start;}.kb-row-layout-id12837_82eddf-de > .kt-row-column-wrap{column-gap:var(--global-kb-gap-md, 2rem);row-gap:var(--global-kb-gap-md, 2rem);padding-top:10px;padding-bottom:0px;grid-template-columns:repeat(2, minmax(0, 1fr));}.kb-row-layout-id12837_82eddf-de > .kt-row-layout-overlay{opacity:0.30;}@media all and (max-width: 1024px){.kb-row-layout-id12837_82eddf-de > .kt-row-column-wrap{grid-template-columns:repeat(2, minmax(0, 1fr));}}@media all and (max-width: 767px){.kb-row-layout-id12837_82eddf-de > .kt-row-column-wrap{grid-template-columns:minmax(0, 1fr);}}<\/style><div class=\"kb-row-layout-wrap kb-row-layout-id12837_82eddf-de alignnone wp-block-kadence-rowlayout\"><div class=\"kt-row-column-wrap kt-has-2-columns kt-row-layout-equal kt-tab-layout-inherit kt-mobile-layout-row kt-row-valign-top\">\n<style>.kadence-column12837_aac819-76 > .kt-inside-inner-col{display:flex;}.kadence-column12837_aac819-76 > .kt-inside-inner-col,.kadence-column12837_aac819-76 > .kt-inside-inner-col:before{border-top-left-radius:0px;border-top-right-radius:0px;border-bottom-right-radius:0px;border-bottom-left-radius:0px;}.kadence-column12837_aac819-76 > .kt-inside-inner-col{column-gap:var(--global-kb-gap-sm, 1rem);}.kadence-column12837_aac819-76 > .kt-inside-inner-col{flex-direction:column;justify-content:center;align-items:center;}.kadence-column12837_aac819-76 > .kt-inside-inner-col > .kb-image-is-ratio-size{align-self:stretch;}.kadence-column12837_aac819-76 > .kt-inside-inner-col > .wp-block-kadence-advancedgallery{align-self:stretch;}.kadence-column12837_aac819-76 > .kt-inside-inner-col > .aligncenter{width:100%;}.kt-row-column-wrap > .kadence-column12837_aac819-76{align-self:center;}.kt-inner-column-height-full:not(.kt-has-1-columns) > .wp-block-kadence-column.kadence-column12837_aac819-76{align-self:auto;}.kt-inner-column-height-full:not(.kt-has-1-columns) > .wp-block-kadence-column.kadence-column12837_aac819-76 > .kt-inside-inner-col{flex-direction:column;justify-content:center;}.kadence-column12837_aac819-76 > .kt-inside-inner-col:before{opacity:0.3;}.kadence-column12837_aac819-76{position:relative;}@media all and (max-width: 1024px){.kt-row-column-wrap > .kadence-column12837_aac819-76{align-self:center;}}@media all and (max-width: 1024px){.kt-inner-column-height-full:not(.kt-has-1-columns) > .wp-block-kadence-column.kadence-column12837_aac819-76{align-self:auto;}}@media all and (max-width: 1024px){.kt-inner-column-height-full:not(.kt-has-1-columns) > .wp-block-kadence-column.kadence-column12837_aac819-76 > .kt-inside-inner-col{flex-direction:column;justify-content:center;}}@media all and (max-width: 1024px){.kadence-column12837_aac819-76 > .kt-inside-inner-col{flex-direction:column;justify-content:center;align-items:center;}}@media all and (max-width: 767px){.kt-row-column-wrap > .kadence-column12837_aac819-76{align-self:center;}.kt-inner-column-height-full:not(.kt-has-1-columns) > .wp-block-kadence-column.kadence-column12837_aac819-76{align-self:auto;}.kt-inner-column-height-full:not(.kt-has-1-columns) > .wp-block-kadence-column.kadence-column12837_aac819-76 > .kt-inside-inner-col{flex-direction:column;justify-content:center;}.kadence-column12837_aac819-76 > .kt-inside-inner-col{flex-direction:column;justify-content:center;align-items:center;}}<\/style>\n<div class=\"wp-block-kadence-column kadence-column12837_aac819-76 inner-column-1\"><div class=\"kt-inside-inner-col\">\n<p><iframe loading=\"lazy\" style=\"border: 0;\" tabindex=\"0\" src=\"https:\/\/www.google.com\/maps\/embed?pb=!1m18!1m12!1m3!1d1904.1894077577792!2d21.23731042560981!3d48.7356003743689!2m3!1f0!2f0!3f0!3m2!1i1024!2i768!4f13.1!3m3!1m2!1s0x473ee0f8691f2355%3A0xba1435e858b3a358!2zQm90YW5pY2vDoSB6w6FocmFkYSBVUErFoCB2IEtvxaFpY2lhY2g!5e0!3m2!1ssk!2ssk!4v1608119505653!5m2!1ssk!2ssk\" allowfullscreen=\"allowfullscreen\" aria-hidden=\"false\" width=\"350\" height=\"250\" frameborder=\"0\"><\/iframe><\/p>\n<\/div><\/div>\n\n\n<style>.kadence-column12837_cadd25-27 > .kt-inside-inner-col{display:flex;}.kadence-column12837_cadd25-27 > .kt-inside-inner-col,.kadence-column12837_cadd25-27 > .kt-inside-inner-col:before{border-top-left-radius:0px;border-top-right-radius:0px;border-bottom-right-radius:0px;border-bottom-left-radius:0px;}.kadence-column12837_cadd25-27 > .kt-inside-inner-col{column-gap:var(--global-kb-gap-sm, 1rem);}.kadence-column12837_cadd25-27 > .kt-inside-inner-col{flex-direction:column;justify-content:center;align-items:center;}.kadence-column12837_cadd25-27 > .kt-inside-inner-col > .kb-image-is-ratio-size{align-self:stretch;}.kadence-column12837_cadd25-27 > .kt-inside-inner-col > .wp-block-kadence-advancedgallery{align-self:stretch;}.kadence-column12837_cadd25-27 > .kt-inside-inner-col > .aligncenter{width:100%;}.kt-row-column-wrap > .kadence-column12837_cadd25-27{align-self:center;}.kt-inner-column-height-full:not(.kt-has-1-columns) > .wp-block-kadence-column.kadence-column12837_cadd25-27{align-self:auto;}.kt-inner-column-height-full:not(.kt-has-1-columns) > .wp-block-kadence-column.kadence-column12837_cadd25-27 > .kt-inside-inner-col{flex-direction:column;justify-content:center;}.kadence-column12837_cadd25-27 > .kt-inside-inner-col:before{opacity:0.3;}.kadence-column12837_cadd25-27{position:relative;}@media all and (max-width: 1024px){.kt-row-column-wrap > .kadence-column12837_cadd25-27{align-self:center;}}@media all and (max-width: 1024px){.kt-inner-column-height-full:not(.kt-has-1-columns) > .wp-block-kadence-column.kadence-column12837_cadd25-27{align-self:auto;}}@media all and (max-width: 1024px){.kt-inner-column-height-full:not(.kt-has-1-columns) > .wp-block-kadence-column.kadence-column12837_cadd25-27 > .kt-inside-inner-col{flex-direction:column;justify-content:center;}}@media all and (max-width: 1024px){.kadence-column12837_cadd25-27 > .kt-inside-inner-col{flex-direction:column;justify-content:center;align-items:center;}}@media all and (max-width: 767px){.kt-row-column-wrap > .kadence-column12837_cadd25-27{align-self:center;}.kt-inner-column-height-full:not(.kt-has-1-columns) > .wp-block-kadence-column.kadence-column12837_cadd25-27{align-self:auto;}.kt-inner-column-height-full:not(.kt-has-1-columns) > .wp-block-kadence-column.kadence-column12837_cadd25-27 > .kt-inside-inner-col{flex-direction:column;justify-content:center;}.kadence-column12837_cadd25-27 > .kt-inside-inner-col{flex-direction:column;justify-content:center;align-items:center;}}<\/style>\n<div class=\"wp-block-kadence-column kadence-column12837_cadd25-27 inner-column-2\"><div class=\"kt-inside-inner-col\">\n<figure class=\"wp-block-image size-large is-resized is-style-editorskit-rounded\"><a href=\"https:\/\/upjs-kosice.tematickemapy.sk\/prezentacia\/index.html\" target=\"_blank\" rel=\"noreferrer noopener\"><img decoding=\"async\" src=\"https:\/\/www.upjs.sk\/app\/uploads\/2022\/07\/VirtualnaPrehliadka.jpg\" alt=\"\" style=\"width:390px;height:auto\"\/><\/a><\/figure>\n<\/div><\/div>\n\n<\/div><\/div>\n\n\n<p><strong><mark style=\"background-color:rgba(0, 0, 0, 0)\" class=\"has-inline-color has-zakladna-modra-color\">Verejn\u00e1 doprava<\/mark><br>\u21d2<\/strong>&nbsp;autobusov\u00e1 zast\u00e1vka <strong>Botanick\u00e1 z\u00e1hrada<\/strong>, linky 12, 18, 19 a 55<br><strong>\u21d2 <\/strong>elektri\u010dkov\u00e1 zast\u00e1vka <strong>Botanick\u00e1 z\u00e1hrada<\/strong>, linky 7 a&nbsp;R4<br><a href=\"https:\/\/imhd.sk\/ke\/cestovne-poriadky\" target=\"_blank\" rel=\"noopener\">https:\/\/imhd.sk\/ke\/cestovne-poriadky<\/a><\/p>\n\n\n\n<p><strong><mark style=\"background-color:rgba(0, 0, 0, 0)\" class=\"has-inline-color has-zakladna-modra-color\">Autom<\/mark><\/strong><br>Pred budovou botanickej z\u00e1hrady je bezplatn\u00e9 parkovisko s&nbsp;limitovan\u00fdm po\u010dtom parkovac\u00edch miest.<\/p>\n\n\n\n<p><strong><mark style=\"background-color:rgba(0, 0, 0, 0)\" class=\"has-inline-color has-zakladna-modra-color\">Bicyklom<\/mark><\/strong><br>Pri vstupe je k&nbsp;dispoz\u00edcii stojan na bicykle.<br><a href=\"https:\/\/www.verejnybicykel.sk\/sk\/\" target=\"_blank\" rel=\"noopener\">https:\/\/www.verejnybicykel.sk\/sk\/<\/a><\/p>\n\n\n\n<p><strong><mark style=\"background-color:rgba(0, 0, 0, 0)\" class=\"has-inline-color has-zakladna-modra-color\">Z\u00e1jazdov\u00fdm autobusom<\/mark><\/strong><br>Vzh\u013eadom na obmedzen\u00e9 priestory pred budovou BZ odpor\u00fa\u010dame po\u010das n\u00e1v\u0161tevy odparkova\u0165 autobus na z\u00e1chytnom parkovisku pred Amfite\u00e1trom (900 m) alebo pri supermarkete Tesco (2 300 m).<\/p>\n","protected":false},"excerpt":{"rendered":"<p>Mapa Verejn\u00e1 doprava\u21d2&nbsp;autobusov\u00e1 zast\u00e1vka Botanick\u00e1 z\u00e1hrada, linky 12, 18, 19 a 55\u21d2 elektri\u010dkov\u00e1 zast\u00e1vka Botanick\u00e1 z\u00e1hrada, linky 7 a&nbsp;R4https:\/\/imhd.sk\/ke\/cestovne-poriadky AutomPred budovou botanickej z\u00e1hrady je bezplatn\u00e9 parkovisko s&nbsp;limitovan\u00fdm po\u010dtom parkovac\u00edch miest. BicyklomPri vstupe je k&nbsp;dispoz\u00edcii stojan na bicykle.https:\/\/www.verejnybicykel.sk\/sk\/ Z\u00e1jazdov\u00fdm autobusomVzh\u013eadom na obmedzen\u00e9 priestory pred budovou BZ odpor\u00fa\u010dame po\u010das n\u00e1v\u0161tevy odparkova\u0165 autobus na z\u00e1chytnom parkovisku pred Amfite\u00e1trom &hellip; <a href=\"https:\/\/www.upjs.sk\/pracoviska\/botanicka-zahrada\/navstivte-nas\/ako-k-nam\/\">\u010c\u00edta\u0165 \u010falej<\/a><\/p>\n","protected":false},"author":1,"featured_media":0,"parent":12810,"menu_order":2,"comment_status":"closed","ping_status":"closed","template":"","meta":{"_acf_changed":false,"_editorskit_title_hidden":false,"_editorskit_reading_time":0,"_editorskit_is_block_options_detached":false,"_editorskit_block_options_position":"{}","footnotes":""},"categories":[],"tags":[],"class_list":["post-12837","page","type-page","status-publish","hentry"],"acf":{"acf_link_na_externy_obsah":""},"yoast_head":"<!-- This site is optimized with the Yoast SEO plugin v27.2 - https:\/\/yoast.com\/product\/yoast-seo-wordpress\/ -->\n<title>Ako ku n\u00e1m - Botanick\u00e1 z\u00e1hrada<\/title>\n<meta name=\"robots\" content=\"index, follow, max-snippet:-1, max-image-preview:large, max-video-preview:-1\" \/>\n<link rel=\"canonical\" href=\"https:\/\/www.upjs.sk\/pracoviska\/botanicka-zahrada\/navstivte-nas\/ako-k-nam\/\" \/>\n<meta property=\"og:locale\" content=\"sk_SK\" \/>\n<meta property=\"og:type\" content=\"article\" \/>\n<meta property=\"og:title\" content=\"Ako ku n\u00e1m - Botanick\u00e1 z\u00e1hrada\" \/>\n<meta property=\"og:description\" content=\"Mapa Verejn\u00e1 doprava\u21d2&nbsp;autobusov\u00e1 zast\u00e1vka Botanick\u00e1 z\u00e1hrada, linky 12, 18, 19 a 55\u21d2 elektri\u010dkov\u00e1 zast\u00e1vka Botanick\u00e1 z\u00e1hrada, linky 7 a&nbsp;R4https:\/\/imhd.sk\/ke\/cestovne-poriadky AutomPred budovou botanickej z\u00e1hrady je bezplatn\u00e9 parkovisko s&nbsp;limitovan\u00fdm po\u010dtom parkovac\u00edch miest. BicyklomPri vstupe je k&nbsp;dispoz\u00edcii stojan na bicykle.https:\/\/www.verejnybicykel.sk\/sk\/ Z\u00e1jazdov\u00fdm autobusomVzh\u013eadom na obmedzen\u00e9 priestory pred budovou BZ odpor\u00fa\u010dame po\u010das n\u00e1v\u0161tevy odparkova\u0165 autobus na z\u00e1chytnom parkovisku pred Amfite\u00e1trom &hellip; \u010c\u00edta\u0165 \u010falej\" \/>\n<meta property=\"og:url\" content=\"https:\/\/www.upjs.sk\/pracoviska\/botanicka-zahrada\/navstivte-nas\/ako-k-nam\/\" \/>\n<meta property=\"og:site_name\" content=\"Botanick\u00e1 z\u00e1hrada\" \/>\n<meta property=\"article:modified_time\" content=\"2025-09-25T09:48:50+00:00\" \/>\n<meta property=\"og:image\" content=\"https:\/\/www.upjs.sk\/app\/uploads\/2022\/07\/VirtualnaPrehliadka.jpg\" \/>\n<meta name=\"twitter:card\" content=\"summary_large_image\" \/>\n<meta name=\"twitter:label1\" content=\"Predpokladan\u00fd \u010das \u010d\u00edtania\" \/>\n\t<meta name=\"twitter:data1\" content=\"1 min\u00fata\" \/>\n<script type=\"application\/ld+json\" class=\"yoast-schema-graph\">{\"@context\":\"https:\/\/schema.org\",\"@graph\":[{\"@type\":\"WebPage\",\"@id\":\"https:\/\/www.upjs.sk\/pracoviska\/botanicka-zahrada\/navstivte-nas\/ako-k-nam\/\",\"url\":\"https:\/\/www.upjs.sk\/pracoviska\/botanicka-zahrada\/navstivte-nas\/ako-k-nam\/\",\"name\":\"Ako ku n\u00e1m - Botanick\u00e1 z\u00e1hrada\",\"isPartOf\":{\"@id\":\"https:\/\/www.upjs.sk\/pracoviska\/botanicka-zahrada\/#website\"},\"primaryImageOfPage\":{\"@id\":\"https:\/\/www.upjs.sk\/pracoviska\/botanicka-zahrada\/navstivte-nas\/ako-k-nam\/#primaryimage\"},\"image\":{\"@id\":\"https:\/\/www.upjs.sk\/pracoviska\/botanicka-zahrada\/navstivte-nas\/ako-k-nam\/#primaryimage\"},\"thumbnailUrl\":\"https:\/\/www.upjs.sk\/app\/uploads\/2022\/07\/VirtualnaPrehliadka.jpg\",\"datePublished\":\"2022-09-02T13:45:11+00:00\",\"dateModified\":\"2025-09-25T09:48:50+00:00\",\"breadcrumb\":{\"@id\":\"https:\/\/www.upjs.sk\/pracoviska\/botanicka-zahrada\/navstivte-nas\/ako-k-nam\/#breadcrumb\"},\"inLanguage\":\"sk-SK\",\"potentialAction\":[{\"@type\":\"ReadAction\",\"target\":[\"https:\/\/www.upjs.sk\/pracoviska\/botanicka-zahrada\/navstivte-nas\/ako-k-nam\/\"]}]},{\"@type\":\"ImageObject\",\"inLanguage\":\"sk-SK\",\"@id\":\"https:\/\/www.upjs.sk\/pracoviska\/botanicka-zahrada\/navstivte-nas\/ako-k-nam\/#primaryimage\",\"url\":\"https:\/\/www.upjs.sk\/app\/uploads\/2022\/07\/VirtualnaPrehliadka.jpg\",\"contentUrl\":\"https:\/\/www.upjs.sk\/app\/uploads\/2022\/07\/VirtualnaPrehliadka.jpg\"},{\"@type\":\"BreadcrumbList\",\"@id\":\"https:\/\/www.upjs.sk\/pracoviska\/botanicka-zahrada\/navstivte-nas\/ako-k-nam\/#breadcrumb\",\"itemListElement\":[{\"@type\":\"ListItem\",\"position\":1,\"name\":\"Home\",\"item\":\"https:\/\/www.upjs.sk\/pracoviska\/botanicka-zahrada\/\"},{\"@type\":\"ListItem\",\"position\":2,\"name\":\"Nav\u0161t\u00edvte n\u00e1s\",\"item\":\"https:\/\/www.upjs.sk\/pracoviska\/botanicka-zahrada\/navstivte-nas\/\"},{\"@type\":\"ListItem\",\"position\":3,\"name\":\"Ako ku n\u00e1m\"}]},{\"@type\":\"WebSite\",\"@id\":\"https:\/\/www.upjs.sk\/pracoviska\/botanicka-zahrada\/#website\",\"url\":\"https:\/\/www.upjs.sk\/pracoviska\/botanicka-zahrada\/\",\"name\":\"Botanick\u00e1 z\u00e1hrada\",\"description\":\"\",\"publisher\":{\"@id\":\"https:\/\/www.upjs.sk\/pracoviska\/botanicka-zahrada\/#organization\"},\"potentialAction\":[{\"@type\":\"SearchAction\",\"target\":{\"@type\":\"EntryPoint\",\"urlTemplate\":\"https:\/\/www.upjs.sk\/pracoviska\/botanicka-zahrada\/?s={search_term_string}\"},\"query-input\":{\"@type\":\"PropertyValueSpecification\",\"valueRequired\":true,\"valueName\":\"search_term_string\"}}],\"inLanguage\":\"sk-SK\"},{\"@type\":\"Organization\",\"@id\":\"https:\/\/www.upjs.sk\/pracoviska\/botanicka-zahrada\/#organization\",\"name\":\"Botanick\u00e1 z\u00e1hrada\",\"url\":\"https:\/\/www.upjs.sk\/pracoviska\/botanicka-zahrada\/\",\"logo\":{\"@type\":\"ImageObject\",\"inLanguage\":\"sk-SK\",\"@id\":\"https:\/\/www.upjs.sk\/pracoviska\/botanicka-zahrada\/#\/schema\/logo\/image\/\",\"url\":\"https:\/\/www.upjs.sk\/app\/uploads\/sites\/15\/2023\/01\/BZ-2.svg\",\"contentUrl\":\"https:\/\/www.upjs.sk\/app\/uploads\/sites\/15\/2023\/01\/BZ-2.svg\",\"width\":500,\"height\":138,\"caption\":\"Botanick\u00e1 z\u00e1hrada\"},\"image\":{\"@id\":\"https:\/\/www.upjs.sk\/pracoviska\/botanicka-zahrada\/#\/schema\/logo\/image\/\"}}]}<\/script>\n<!-- \/ Yoast SEO plugin. -->","yoast_head_json":{"title":"Ako ku n\u00e1m - Botanick\u00e1 z\u00e1hrada","robots":{"index":"index","follow":"follow","max-snippet":"max-snippet:-1","max-image-preview":"max-image-preview:large","max-video-preview":"max-video-preview:-1"},"canonical":"https:\/\/www.upjs.sk\/pracoviska\/botanicka-zahrada\/navstivte-nas\/ako-k-nam\/","og_locale":"sk_SK","og_type":"article","og_title":"Ako ku n\u00e1m - Botanick\u00e1 z\u00e1hrada","og_description":"Mapa Verejn\u00e1 doprava\u21d2&nbsp;autobusov\u00e1 zast\u00e1vka Botanick\u00e1 z\u00e1hrada, linky 12, 18, 19 a 55\u21d2 elektri\u010dkov\u00e1 zast\u00e1vka Botanick\u00e1 z\u00e1hrada, linky 7 a&nbsp;R4https:\/\/imhd.sk\/ke\/cestovne-poriadky AutomPred budovou botanickej z\u00e1hrady je bezplatn\u00e9 parkovisko s&nbsp;limitovan\u00fdm po\u010dtom parkovac\u00edch miest. BicyklomPri vstupe je k&nbsp;dispoz\u00edcii stojan na bicykle.https:\/\/www.verejnybicykel.sk\/sk\/ Z\u00e1jazdov\u00fdm autobusomVzh\u013eadom na obmedzen\u00e9 priestory pred budovou BZ odpor\u00fa\u010dame po\u010das n\u00e1v\u0161tevy odparkova\u0165 autobus na z\u00e1chytnom parkovisku pred Amfite\u00e1trom &hellip; \u010c\u00edta\u0165 \u010falej","og_url":"https:\/\/www.upjs.sk\/pracoviska\/botanicka-zahrada\/navstivte-nas\/ako-k-nam\/","og_site_name":"Botanick\u00e1 z\u00e1hrada","article_modified_time":"2025-09-25T09:48:50+00:00","og_image":[{"url":"https:\/\/www.upjs.sk\/app\/uploads\/2022\/07\/VirtualnaPrehliadka.jpg","type":"","width":"","height":""}],"twitter_card":"summary_large_image","twitter_misc":{"Predpokladan\u00fd \u010das \u010d\u00edtania":"1 min\u00fata"},"schema":{"@context":"https:\/\/schema.org","@graph":[{"@type":"WebPage","@id":"https:\/\/www.upjs.sk\/pracoviska\/botanicka-zahrada\/navstivte-nas\/ako-k-nam\/","url":"https:\/\/www.upjs.sk\/pracoviska\/botanicka-zahrada\/navstivte-nas\/ako-k-nam\/","name":"Ako ku n\u00e1m - Botanick\u00e1 z\u00e1hrada","isPartOf":{"@id":"https:\/\/www.upjs.sk\/pracoviska\/botanicka-zahrada\/#website"},"primaryImageOfPage":{"@id":"https:\/\/www.upjs.sk\/pracoviska\/botanicka-zahrada\/navstivte-nas\/ako-k-nam\/#primaryimage"},"image":{"@id":"https:\/\/www.upjs.sk\/pracoviska\/botanicka-zahrada\/navstivte-nas\/ako-k-nam\/#primaryimage"},"thumbnailUrl":"https:\/\/www.upjs.sk\/app\/uploads\/2022\/07\/VirtualnaPrehliadka.jpg","datePublished":"2022-09-02T13:45:11+00:00","dateModified":"2025-09-25T09:48:50+00:00","breadcrumb":{"@id":"https:\/\/www.upjs.sk\/pracoviska\/botanicka-zahrada\/navstivte-nas\/ako-k-nam\/#breadcrumb"},"inLanguage":"sk-SK","potentialAction":[{"@type":"ReadAction","target":["https:\/\/www.upjs.sk\/pracoviska\/botanicka-zahrada\/navstivte-nas\/ako-k-nam\/"]}]},{"@type":"ImageObject","inLanguage":"sk-SK","@id":"https:\/\/www.upjs.sk\/pracoviska\/botanicka-zahrada\/navstivte-nas\/ako-k-nam\/#primaryimage","url":"https:\/\/www.upjs.sk\/app\/uploads\/2022\/07\/VirtualnaPrehliadka.jpg","contentUrl":"https:\/\/www.upjs.sk\/app\/uploads\/2022\/07\/VirtualnaPrehliadka.jpg"},{"@type":"BreadcrumbList","@id":"https:\/\/www.upjs.sk\/pracoviska\/botanicka-zahrada\/navstivte-nas\/ako-k-nam\/#breadcrumb","itemListElement":[{"@type":"ListItem","position":1,"name":"Home","item":"https:\/\/www.upjs.sk\/pracoviska\/botanicka-zahrada\/"},{"@type":"ListItem","position":2,"name":"Nav\u0161t\u00edvte n\u00e1s","item":"https:\/\/www.upjs.sk\/pracoviska\/botanicka-zahrada\/navstivte-nas\/"},{"@type":"ListItem","position":3,"name":"Ako ku n\u00e1m"}]},{"@type":"WebSite","@id":"https:\/\/www.upjs.sk\/pracoviska\/botanicka-zahrada\/#website","url":"https:\/\/www.upjs.sk\/pracoviska\/botanicka-zahrada\/","name":"Botanick\u00e1 z\u00e1hrada","description":"","publisher":{"@id":"https:\/\/www.upjs.sk\/pracoviska\/botanicka-zahrada\/#organization"},"potentialAction":[{"@type":"SearchAction","target":{"@type":"EntryPoint","urlTemplate":"https:\/\/www.upjs.sk\/pracoviska\/botanicka-zahrada\/?s={search_term_string}"},"query-input":{"@type":"PropertyValueSpecification","valueRequired":true,"valueName":"search_term_string"}}],"inLanguage":"sk-SK"},{"@type":"Organization","@id":"https:\/\/www.upjs.sk\/pracoviska\/botanicka-zahrada\/#organization","name":"Botanick\u00e1 z\u00e1hrada","url":"https:\/\/www.upjs.sk\/pracoviska\/botanicka-zahrada\/","logo":{"@type":"ImageObject","inLanguage":"sk-SK","@id":"https:\/\/www.upjs.sk\/pracoviska\/botanicka-zahrada\/#\/schema\/logo\/image\/","url":"https:\/\/www.upjs.sk\/app\/uploads\/sites\/15\/2023\/01\/BZ-2.svg","contentUrl":"https:\/\/www.upjs.sk\/app\/uploads\/sites\/15\/2023\/01\/BZ-2.svg","width":500,"height":138,"caption":"Botanick\u00e1 z\u00e1hrada"},"image":{"@id":"https:\/\/www.upjs.sk\/pracoviska\/botanicka-zahrada\/#\/schema\/logo\/image\/"}}]}},"_links":{"self":[{"href":"https:\/\/www.upjs.sk\/pracoviska\/botanicka-zahrada\/wp-json\/wp\/v2\/pages\/12837","targetHints":{"allow":["GET"]}}],"collection":[{"href":"https:\/\/www.upjs.sk\/pracoviska\/botanicka-zahrada\/wp-json\/wp\/v2\/pages"}],"about":[{"href":"https:\/\/www.upjs.sk\/pracoviska\/botanicka-zahrada\/wp-json\/wp\/v2\/types\/page"}],"author":[{"embeddable":true,"href":"https:\/\/www.upjs.sk\/pracoviska\/botanicka-zahrada\/wp-json\/wp\/v2\/users\/1"}],"replies":[{"embeddable":true,"href":"https:\/\/www.upjs.sk\/pracoviska\/botanicka-zahrada\/wp-json\/wp\/v2\/comments?post=12837"}],"version-history":[{"count":5,"href":"https:\/\/www.upjs.sk\/pracoviska\/botanicka-zahrada\/wp-json\/wp\/v2\/pages\/12837\/revisions"}],"predecessor-version":[{"id":24073,"href":"https:\/\/www.upjs.sk\/pracoviska\/botanicka-zahrada\/wp-json\/wp\/v2\/pages\/12837\/revisions\/24073"}],"up":[{"embeddable":true,"href":"https:\/\/www.upjs.sk\/pracoviska\/botanicka-zahrada\/wp-json\/wp\/v2\/pages\/12810"}],"wp:attachment":[{"href":"https:\/\/www.upjs.sk\/pracoviska\/botanicka-zahrada\/wp-json\/wp\/v2\/media?parent=12837"}],"wp:term":[{"taxonomy":"category","embeddable":true,"href":"https:\/\/www.upjs.sk\/pracoviska\/botanicka-zahrada\/wp-json\/wp\/v2\/categories?post=12837"},{"taxonomy":"post_tag","embeddable":true,"href":"https:\/\/www.upjs.sk\/pracoviska\/botanicka-zahrada\/wp-json\/wp\/v2\/tags?post=12837"}],"curies":[{"name":"wp","href":"https:\/\/api.w.org\/{rel}","templated":true}]}}