{"id":14395,"date":"2022-08-24T09:15:00","date_gmt":"2022-08-24T09:15:00","guid":{"rendered":"https:\/\/www.upjs.sk\/pracoviska\/botanicka-zahrada\/root\/ponukame\/pre-skoly\/"},"modified":"2026-02-10T12:53:56","modified_gmt":"2026-02-10T12:53:56","slug":"pre-skoly","status":"publish","type":"page","link":"https:\/\/www.upjs.sk\/pracoviska\/botanicka-zahrada\/ponukame\/pre-skoly\/","title":{"rendered":"Pre \u0161koly"},"content":{"rendered":"\n<p><mark style=\"background-color:rgba(0, 0, 0, 0)\" class=\"has-inline-color has-prirodovedecka-f-color\">\u2618<\/mark> <strong><a href=\"https:\/\/www.upjs.sk\/pracoviska\/botanicka-zahrada\/ponukame\/botanikiada-2026\/\">Botaniki\u00e1da 2026<\/a> <\/strong><\/p>\n\n\n\n<p>\u2666 <strong><a href=\"https:\/\/www.upjs.sk\/pracoviska\/botanicka-zahrada\/ponukame\/botanikiada-archiv\/\">Arch\u00edv<\/a><\/strong><\/p>\n\n\n<style>.wp-block-kadence-spacer.kt-block-spacer-14395_a26565-b3 .kt-block-spacer{height:6px;}.wp-block-kadence-spacer.kt-block-spacer-14395_a26565-b3 .kt-divider{border-top-width:2px;border-top-color:#C19152;width:100%;border-top-style:solid;}<\/style>\n<div class=\"wp-block-kadence-spacer aligncenter kt-block-spacer-14395_a26565-b3\"><div class=\"kt-block-spacer kt-block-spacer-halign-center\"><hr class=\"kt-divider\"\/><\/div><\/div>\n\n\n\n<p><strong>\u2666 Pracovn\u00e9 listy<\/strong><br>Poskytnutie pracovn\u00fdch listov pre \u017eiakov k v\u010del\u00e1rskemu n\u00e1u\u010dn\u00e9mu chodn\u00edku<br>Je potrebn\u00e9 objedna\u0165 sa na vr\u00e1tnici (055\/234 1667) a v pr\u00edpade z\u00e1ujmu o prehliadku s pracovn\u00fdmi listami kontaktujte RNDr. Andreu Fridmanov\u00fa, PhD. aspo\u0148 3 pracovn\u00e9 dni vopred (<a href=\"mailto:andrea.fridmanova@upjs.sk\">andrea.fridmanova@upjs.sk<\/a>, 0917 137 463).<br>Je potrebn\u00e9 uhradi\u0165 riadne vstupn\u00e9 pre dospel\u00e9ho alebo die\u0165a. K dispoz\u00edcii je aj sprievodcovsk\u00e1 slu\u017eba. Cena za jednu skupinu do 25 \u00fa\u010dastn\u00edkov je 10 \u20ac.<\/p>\n\n\n\n<p><strong>\u2666 Sprev\u00e1dzanie<\/strong><br>V\u0161eobecn\u00e9 inform\u00e1cie o&nbsp;sprev\u00e1dzan\u00ed v&nbsp;sklen\u00edkoch a&nbsp;vo vonkaj\u0161om are\u00e1li n\u00e1jdete <a href=\"\/pracoviska\/botanicka-zahrada\/ponukame\/skleniky\/\"><strong>tu<\/strong><\/a>.<\/p>\n\n\n\n<p><mark style=\"background-color:rgba(0, 0, 0, 0)\" class=\"has-inline-color has-zakladna-zlata-color\"><strong>Tematick\u00e9 prehliadky v sklen\u00edkoch:<\/strong><\/mark><\/p>\n\n\n\n<p><strong><em>Letom svetom<\/em><\/strong><br>Program ur\u010den\u00fd pre Z\u0160 aj S\u0160 \u2013 n\u00e1ro\u010dnos\u0165 je upraven\u00e1 pod\u013ea vekovej kateg\u00f3rie n\u00e1v\u0161tevn\u00edkov. Venuje sa zauj\u00edmav\u00fdm druhom z&nbsp;r\u00f4znych oblast\u00ed tropick\u00e9ho sveta, predstav\u00ed zn\u00e1me \u00fa\u017eitkov\u00e9 rastliny, ale aj naj rastliny z&nbsp;r\u00f4znych oblast\u00ed.<\/p>\n\n\n\n<p><em><strong>Vyroben\u00e9 z&nbsp;rastl\u00edn<\/strong><\/em><br>Program sa venuje napr\u00edklad zn\u00e1mym textiln\u00fdm druhom (<em>Agave sisalana<\/em>, bambusy, <em>Chorisia speciosa<\/em>, <em>Gossypium<\/em>), tropick\u00fdm rastlin\u00e1m, ktor\u00e9 pozn\u00e1me vo forme n\u00e1pojov \u010di potrav\u00edn (<em>Coffea arabica, Theobroma cacao, Oryza sativa, Saccharum officinale<\/em>) a pou\u017e\u00edvame ich ako koreniny (<em>Piper nigrum, Vanilla planifolia, Laurus nobilis<\/em>).<\/p>\n\n\n\n<p><strong><em>Exotika na tanieri<\/em><\/strong><br>Program zoznamuje s&nbsp;mnoh\u00fdmi tropick\u00fdmi rastlinami, ktor\u00fdch plody m\u00f4\u017eeme v&nbsp;s\u00fa\u010dasnosti be\u017ene k\u00fapi\u0165 v&nbsp;obchodn\u00fdch re\u0165azcoch alebo ochutna\u0165 na exotickej dovolenke (<em>Persea americana, Musa<\/em> x<em> paradisiaca, Mangifera indica, Carica papaya, Eryobotria japonica, Artrocarpus heterophylus, Averhoa carambola, &#8230;<\/em>)<\/p>\n\n\n\n<p><strong><em>Subtropick\u00e9 \u00fa\u017eitkov\u00e9 rastliny<\/em> <\/strong><br>Program zoznamuje s be\u017ene, \u010di menej be\u017ene zn\u00e1mymi subtropick\u00fdmi plodmi, ako s\u00fa citrusy a&nbsp;\u010fal\u0161ie subtropick\u00e9 \u00fa\u017eitkov\u00e9 druhy (<em>Ficus carica, Oliva europaea, Ceratonia siliqua,<\/em> <em>Diospyros kaki, Feijoa sellowiana, Ficus carica,&#8230; <\/em>)<\/p>\n\n\n\n<p><em><strong>Naj v&nbsp;r\u00ed\u0161i rastl\u00edn<\/strong><\/em><br>Prostredn\u00edctvom programu sa dozviete viac o&nbsp;zauj\u00edmavostiach a&nbsp;tajomstv\u00e1ch v&nbsp;rastlinnej r\u00ed\u0161i, \u010di u\u017e o&nbsp;sp\u00f4sobe \u017eivota sukulentn\u00fdch rastl\u00edn, o&nbsp;tom, \u017ee aj rastliny sa h\u00fdbu (<em>Mimosa), <\/em>o&nbsp;najr\u00fdchlej\u0161ie rast\u00facich rastlin\u00e1ch (bambusy), o rastlinn\u00fdch dinosauroch <em>(Araucaria heterophylla<\/em>,<em> Wolemia nobilis<\/em>)<em>, <\/em>o tom, \u017ee rastliny vedia pl\u00e1va\u0165 pomocou plav\u00e1\u010dikov<em> (Eichhornia<\/em>) alebo \u017ei\u0165 prichyten\u00e9 na k\u00f4re in\u00fdch rastl\u00edn (epifyty) a&nbsp;mnoh\u00fdch \u010fal\u0161\u00edch.<\/p>\n\n\n\n<p><mark style=\"background-color:rgba(0, 0, 0, 0)\" class=\"has-inline-color has-zakladna-zlata-color\"><strong>Tematick\u00e9 prehliadky vo vonkaj\u0161om are\u00e1li:<\/strong><\/mark><\/p>\n\n\n\n<p><em><strong>V\u010del\u00e1rsky n\u00e1u\u010dn\u00fd chodn\u00edk<\/strong><\/em><br>Pozost\u00e1va z&nbsp;13 informa\u010dn\u00fdch tab\u00fa\u013e, z&nbsp;ktor\u00fdch sa dozviete viac napr. o&nbsp;medonosn\u00fdch rastlin\u00e1ch, \u017eivote v\u010diel a&nbsp;ich pr\u00ednose pre \u013eud\u00ed, ale aj o&nbsp;hist\u00f3rii v\u010del\u00e1rstva. S\u00fa\u010das\u0165ou n\u00e1u\u010dn\u00e9ho chodn\u00edka je aj hmyz\u00ed hotel. Po\u010das prehliadky je mo\u017en\u00e9 zabezpe\u010di\u0165 pracovn\u00e9 listy pre \u017eiakov (je potrebn\u00e9 riadne sa objedna\u0165 na vr\u00e1tnici a&nbsp;pri vstupe uhradi\u0165 poplatok za&nbsp;sprievodcovsk\u00fa slu\u017ebu v&nbsp;SJ). V&nbsp;pr\u00edpade z\u00e1ujmu o&nbsp;prehliadku s pracovn\u00fdmi listami kontaktujte RNDr. Andreu Fridmanov\u00fa, PhD. aspo\u0148 3 pracovn\u00e9 dni vopred (<a href=\"mailto:andrea.fridmanova@upjs.sk\">andrea.fridmanova@upjs.sk<\/a>, 0917 137 463).<\/p>\n\n\n\n<p><strong><em><a href=\"https:\/\/www.upjs.sk\/pracoviska\/botanicka-zahrada\/ponukame\/skleniky\" class=\"ek-link\">Dendrologick\u00fd n\u00e1u\u010dn\u00fd chodn\u00edk a Z\u00e1\u017eitkov\u00e9 sprev\u00e1dzanie<\/a><\/em><\/strong><\/p>\n","protected":false},"excerpt":{"rendered":"<p>\u2618 Botaniki\u00e1da 2026 \u2666 Arch\u00edv \u2666 Pracovn\u00e9 listyPoskytnutie pracovn\u00fdch listov pre \u017eiakov k v\u010del\u00e1rskemu n\u00e1u\u010dn\u00e9mu chodn\u00edkuJe potrebn\u00e9 objedna\u0165 sa na vr\u00e1tnici (055\/234 1667) a v pr\u00edpade z\u00e1ujmu o prehliadku s pracovn\u00fdmi listami kontaktujte RNDr. Andreu Fridmanov\u00fa, PhD. aspo\u0148 3 pracovn\u00e9 dni vopred (andrea.fridmanova@upjs.sk, 0917 137 463).Je potrebn\u00e9 uhradi\u0165 riadne vstupn\u00e9 pre dospel\u00e9ho alebo die\u0165a. K &hellip; <a href=\"https:\/\/www.upjs.sk\/pracoviska\/botanicka-zahrada\/ponukame\/pre-skoly\/\">\u010c\u00edta\u0165 \u010falej<\/a><\/p>\n","protected":false},"author":1,"featured_media":0,"parent":14263,"menu_order":1,"comment_status":"closed","ping_status":"closed","template":"","meta":{"_acf_changed":false,"_editorskit_title_hidden":false,"_editorskit_reading_time":1,"_editorskit_is_block_options_detached":false,"_editorskit_block_options_position":"{}","footnotes":""},"categories":[],"tags":[],"class_list":["post-14395","page","type-page","status-publish","hentry"],"acf":{"acf_link_na_externy_obsah":""},"yoast_head":"<!-- This site is optimized with the Yoast SEO plugin v27.4 - https:\/\/yoast.com\/product\/yoast-seo-wordpress\/ -->\n<title>Pre \u0161koly - Botanick\u00e1 z\u00e1hrada<\/title>\n<meta name=\"robots\" content=\"index, follow, max-snippet:-1, max-image-preview:large, max-video-preview:-1\" \/>\n<link rel=\"canonical\" href=\"https:\/\/www.upjs.sk\/pracoviska\/botanicka-zahrada\/ponukame\/pre-skoly\/\" \/>\n<meta property=\"og:locale\" content=\"sk_SK\" \/>\n<meta property=\"og:type\" content=\"article\" \/>\n<meta property=\"og:title\" content=\"Pre \u0161koly - Botanick\u00e1 z\u00e1hrada\" \/>\n<meta property=\"og:description\" content=\"\u2618 Botaniki\u00e1da 2026 \u2666 Arch\u00edv \u2666 Pracovn\u00e9 listyPoskytnutie pracovn\u00fdch listov pre \u017eiakov k v\u010del\u00e1rskemu n\u00e1u\u010dn\u00e9mu chodn\u00edkuJe potrebn\u00e9 objedna\u0165 sa na vr\u00e1tnici (055\/234 1667) a v pr\u00edpade z\u00e1ujmu o prehliadku s pracovn\u00fdmi listami kontaktujte RNDr. Andreu Fridmanov\u00fa, PhD. aspo\u0148 3 pracovn\u00e9 dni vopred (andrea.fridmanova@upjs.sk, 0917 137 463).Je potrebn\u00e9 uhradi\u0165 riadne vstupn\u00e9 pre dospel\u00e9ho alebo die\u0165a. K &hellip; \u010c\u00edta\u0165 \u010falej\" \/>\n<meta property=\"og:url\" content=\"https:\/\/www.upjs.sk\/pracoviska\/botanicka-zahrada\/ponukame\/pre-skoly\/\" \/>\n<meta property=\"og:site_name\" content=\"Botanick\u00e1 z\u00e1hrada\" \/>\n<meta property=\"article:modified_time\" content=\"2026-02-10T12:53:56+00:00\" \/>\n<meta name=\"twitter:card\" content=\"summary_large_image\" \/>\n<meta name=\"twitter:label1\" content=\"Predpokladan\u00fd \u010das \u010d\u00edtania\" \/>\n\t<meta name=\"twitter:data1\" content=\"3 min\u00faty\" \/>\n<script type=\"application\/ld+json\" class=\"yoast-schema-graph\">{\"@context\":\"https:\\\/\\\/schema.org\",\"@graph\":[{\"@type\":\"WebPage\",\"@id\":\"https:\\\/\\\/www.upjs.sk\\\/pracoviska\\\/botanicka-zahrada\\\/ponukame\\\/pre-skoly\\\/\",\"url\":\"https:\\\/\\\/www.upjs.sk\\\/pracoviska\\\/botanicka-zahrada\\\/ponukame\\\/pre-skoly\\\/\",\"name\":\"Pre \u0161koly - Botanick\u00e1 z\u00e1hrada\",\"isPartOf\":{\"@id\":\"https:\\\/\\\/www.upjs.sk\\\/pracoviska\\\/botanicka-zahrada\\\/#website\"},\"datePublished\":\"2022-08-24T09:15:00+00:00\",\"dateModified\":\"2026-02-10T12:53:56+00:00\",\"breadcrumb\":{\"@id\":\"https:\\\/\\\/www.upjs.sk\\\/pracoviska\\\/botanicka-zahrada\\\/ponukame\\\/pre-skoly\\\/#breadcrumb\"},\"inLanguage\":\"sk-SK\",\"potentialAction\":[{\"@type\":\"ReadAction\",\"target\":[\"https:\\\/\\\/www.upjs.sk\\\/pracoviska\\\/botanicka-zahrada\\\/ponukame\\\/pre-skoly\\\/\"]}]},{\"@type\":\"BreadcrumbList\",\"@id\":\"https:\\\/\\\/www.upjs.sk\\\/pracoviska\\\/botanicka-zahrada\\\/ponukame\\\/pre-skoly\\\/#breadcrumb\",\"itemListElement\":[{\"@type\":\"ListItem\",\"position\":1,\"name\":\"Home\",\"item\":\"https:\\\/\\\/www.upjs.sk\\\/pracoviska\\\/botanicka-zahrada\\\/\"},{\"@type\":\"ListItem\",\"position\":2,\"name\":\"\u010co pon\u00fakame\",\"item\":\"https:\\\/\\\/www.upjs.sk\\\/pracoviska\\\/botanicka-zahrada\\\/ponukame\\\/\"},{\"@type\":\"ListItem\",\"position\":3,\"name\":\"Pre \u0161koly\"}]},{\"@type\":\"WebSite\",\"@id\":\"https:\\\/\\\/www.upjs.sk\\\/pracoviska\\\/botanicka-zahrada\\\/#website\",\"url\":\"https:\\\/\\\/www.upjs.sk\\\/pracoviska\\\/botanicka-zahrada\\\/\",\"name\":\"Botanick\u00e1 z\u00e1hrada\",\"description\":\"\",\"publisher\":{\"@id\":\"https:\\\/\\\/www.upjs.sk\\\/pracoviska\\\/botanicka-zahrada\\\/#organization\"},\"potentialAction\":[{\"@type\":\"SearchAction\",\"target\":{\"@type\":\"EntryPoint\",\"urlTemplate\":\"https:\\\/\\\/www.upjs.sk\\\/pracoviska\\\/botanicka-zahrada\\\/?s={search_term_string}\"},\"query-input\":{\"@type\":\"PropertyValueSpecification\",\"valueRequired\":true,\"valueName\":\"search_term_string\"}}],\"inLanguage\":\"sk-SK\"},{\"@type\":\"Organization\",\"@id\":\"https:\\\/\\\/www.upjs.sk\\\/pracoviska\\\/botanicka-zahrada\\\/#organization\",\"name\":\"Botanick\u00e1 z\u00e1hrada\",\"url\":\"https:\\\/\\\/www.upjs.sk\\\/pracoviska\\\/botanicka-zahrada\\\/\",\"logo\":{\"@type\":\"ImageObject\",\"inLanguage\":\"sk-SK\",\"@id\":\"https:\\\/\\\/www.upjs.sk\\\/pracoviska\\\/botanicka-zahrada\\\/#\\\/schema\\\/logo\\\/image\\\/\",\"url\":\"https:\\\/\\\/www.upjs.sk\\\/app\\\/uploads\\\/sites\\\/15\\\/2023\\\/01\\\/BZ-2.svg\",\"contentUrl\":\"https:\\\/\\\/www.upjs.sk\\\/app\\\/uploads\\\/sites\\\/15\\\/2023\\\/01\\\/BZ-2.svg\",\"width\":500,\"height\":138,\"caption\":\"Botanick\u00e1 z\u00e1hrada\"},\"image\":{\"@id\":\"https:\\\/\\\/www.upjs.sk\\\/pracoviska\\\/botanicka-zahrada\\\/#\\\/schema\\\/logo\\\/image\\\/\"}}]}<\/script>\n<!-- \/ Yoast SEO plugin. -->","yoast_head_json":{"title":"Pre \u0161koly - Botanick\u00e1 z\u00e1hrada","robots":{"index":"index","follow":"follow","max-snippet":"max-snippet:-1","max-image-preview":"max-image-preview:large","max-video-preview":"max-video-preview:-1"},"canonical":"https:\/\/www.upjs.sk\/pracoviska\/botanicka-zahrada\/ponukame\/pre-skoly\/","og_locale":"sk_SK","og_type":"article","og_title":"Pre \u0161koly - Botanick\u00e1 z\u00e1hrada","og_description":"\u2618 Botaniki\u00e1da 2026 \u2666 Arch\u00edv \u2666 Pracovn\u00e9 listyPoskytnutie pracovn\u00fdch listov pre \u017eiakov k v\u010del\u00e1rskemu n\u00e1u\u010dn\u00e9mu chodn\u00edkuJe potrebn\u00e9 objedna\u0165 sa na vr\u00e1tnici (055\/234 1667) a v pr\u00edpade z\u00e1ujmu o prehliadku s pracovn\u00fdmi listami kontaktujte RNDr. Andreu Fridmanov\u00fa, PhD. aspo\u0148 3 pracovn\u00e9 dni vopred (andrea.fridmanova@upjs.sk, 0917 137 463).Je potrebn\u00e9 uhradi\u0165 riadne vstupn\u00e9 pre dospel\u00e9ho alebo die\u0165a. K &hellip; \u010c\u00edta\u0165 \u010falej","og_url":"https:\/\/www.upjs.sk\/pracoviska\/botanicka-zahrada\/ponukame\/pre-skoly\/","og_site_name":"Botanick\u00e1 z\u00e1hrada","article_modified_time":"2026-02-10T12:53:56+00:00","twitter_card":"summary_large_image","twitter_misc":{"Predpokladan\u00fd \u010das \u010d\u00edtania":"3 min\u00faty"},"schema":{"@context":"https:\/\/schema.org","@graph":[{"@type":"WebPage","@id":"https:\/\/www.upjs.sk\/pracoviska\/botanicka-zahrada\/ponukame\/pre-skoly\/","url":"https:\/\/www.upjs.sk\/pracoviska\/botanicka-zahrada\/ponukame\/pre-skoly\/","name":"Pre \u0161koly - Botanick\u00e1 z\u00e1hrada","isPartOf":{"@id":"https:\/\/www.upjs.sk\/pracoviska\/botanicka-zahrada\/#website"},"datePublished":"2022-08-24T09:15:00+00:00","dateModified":"2026-02-10T12:53:56+00:00","breadcrumb":{"@id":"https:\/\/www.upjs.sk\/pracoviska\/botanicka-zahrada\/ponukame\/pre-skoly\/#breadcrumb"},"inLanguage":"sk-SK","potentialAction":[{"@type":"ReadAction","target":["https:\/\/www.upjs.sk\/pracoviska\/botanicka-zahrada\/ponukame\/pre-skoly\/"]}]},{"@type":"BreadcrumbList","@id":"https:\/\/www.upjs.sk\/pracoviska\/botanicka-zahrada\/ponukame\/pre-skoly\/#breadcrumb","itemListElement":[{"@type":"ListItem","position":1,"name":"Home","item":"https:\/\/www.upjs.sk\/pracoviska\/botanicka-zahrada\/"},{"@type":"ListItem","position":2,"name":"\u010co pon\u00fakame","item":"https:\/\/www.upjs.sk\/pracoviska\/botanicka-zahrada\/ponukame\/"},{"@type":"ListItem","position":3,"name":"Pre \u0161koly"}]},{"@type":"WebSite","@id":"https:\/\/www.upjs.sk\/pracoviska\/botanicka-zahrada\/#website","url":"https:\/\/www.upjs.sk\/pracoviska\/botanicka-zahrada\/","name":"Botanick\u00e1 z\u00e1hrada","description":"","publisher":{"@id":"https:\/\/www.upjs.sk\/pracoviska\/botanicka-zahrada\/#organization"},"potentialAction":[{"@type":"SearchAction","target":{"@type":"EntryPoint","urlTemplate":"https:\/\/www.upjs.sk\/pracoviska\/botanicka-zahrada\/?s={search_term_string}"},"query-input":{"@type":"PropertyValueSpecification","valueRequired":true,"valueName":"search_term_string"}}],"inLanguage":"sk-SK"},{"@type":"Organization","@id":"https:\/\/www.upjs.sk\/pracoviska\/botanicka-zahrada\/#organization","name":"Botanick\u00e1 z\u00e1hrada","url":"https:\/\/www.upjs.sk\/pracoviska\/botanicka-zahrada\/","logo":{"@type":"ImageObject","inLanguage":"sk-SK","@id":"https:\/\/www.upjs.sk\/pracoviska\/botanicka-zahrada\/#\/schema\/logo\/image\/","url":"https:\/\/www.upjs.sk\/app\/uploads\/sites\/15\/2023\/01\/BZ-2.svg","contentUrl":"https:\/\/www.upjs.sk\/app\/uploads\/sites\/15\/2023\/01\/BZ-2.svg","width":500,"height":138,"caption":"Botanick\u00e1 z\u00e1hrada"},"image":{"@id":"https:\/\/www.upjs.sk\/pracoviska\/botanicka-zahrada\/#\/schema\/logo\/image\/"}}]}},"_links":{"self":[{"href":"https:\/\/www.upjs.sk\/pracoviska\/botanicka-zahrada\/wp-json\/wp\/v2\/pages\/14395","targetHints":{"allow":["GET"]}}],"collection":[{"href":"https:\/\/www.upjs.sk\/pracoviska\/botanicka-zahrada\/wp-json\/wp\/v2\/pages"}],"about":[{"href":"https:\/\/www.upjs.sk\/pracoviska\/botanicka-zahrada\/wp-json\/wp\/v2\/types\/page"}],"author":[{"embeddable":true,"href":"https:\/\/www.upjs.sk\/pracoviska\/botanicka-zahrada\/wp-json\/wp\/v2\/users\/1"}],"replies":[{"embeddable":true,"href":"https:\/\/www.upjs.sk\/pracoviska\/botanicka-zahrada\/wp-json\/wp\/v2\/comments?post=14395"}],"version-history":[{"count":17,"href":"https:\/\/www.upjs.sk\/pracoviska\/botanicka-zahrada\/wp-json\/wp\/v2\/pages\/14395\/revisions"}],"predecessor-version":[{"id":24764,"href":"https:\/\/www.upjs.sk\/pracoviska\/botanicka-zahrada\/wp-json\/wp\/v2\/pages\/14395\/revisions\/24764"}],"up":[{"embeddable":true,"href":"https:\/\/www.upjs.sk\/pracoviska\/botanicka-zahrada\/wp-json\/wp\/v2\/pages\/14263"}],"wp:attachment":[{"href":"https:\/\/www.upjs.sk\/pracoviska\/botanicka-zahrada\/wp-json\/wp\/v2\/media?parent=14395"}],"wp:term":[{"taxonomy":"category","embeddable":true,"href":"https:\/\/www.upjs.sk\/pracoviska\/botanicka-zahrada\/wp-json\/wp\/v2\/categories?post=14395"},{"taxonomy":"post_tag","embeddable":true,"href":"https:\/\/www.upjs.sk\/pracoviska\/botanicka-zahrada\/wp-json\/wp\/v2\/tags?post=14395"}],"curies":[{"name":"wp","href":"https:\/\/api.w.org\/{rel}","templated":true}]}}