{"id":14472,"date":"2022-08-24T09:07:13","date_gmt":"2022-08-24T09:07:13","guid":{"rendered":"https:\/\/www.upjs.sk\/pracoviska\/botanicka-zahrada\/root\/ponukame\/botanikiada-2019-vyhodnotenie\/"},"modified":"2023-06-28T08:27:47","modified_gmt":"2023-06-28T08:27:47","slug":"botanikiada-2019-vyhodnotenie","status":"publish","type":"page","link":"https:\/\/www.upjs.sk\/pracoviska\/botanicka-zahrada\/ponukame\/botanikiada-2019-vyhodnotenie\/","title":{"rendered":"Botaniki\u00e1da 2019"},"content":{"rendered":"\n<p>V\u00e1\u017een\u00ed u\u010ditelia, mil\u00ed \u017eiaci, v\u0161etci priaznivci projektu, <br>v&nbsp;roku 2019 osl\u00e1vila<strong> <mark style=\"background-color:rgba(0, 0, 0, 0)\" class=\"has-inline-color has-prirodovedecka-f-color\">BOTANIKI\u00c1DA<\/mark><\/strong> svoje desiate v\u00fdro\u010die. Tento projekt je ur\u010den\u00fd \u017eiakom piateho ro\u010dn\u00edka z\u00e1kladn\u00fdch \u0161k\u00f4l Ko\u0161ick\u00e9ho a&nbsp;Pre\u0161ovsk\u00e9ho samospr\u00e1vneho kraja a&nbsp;ich pedag\u00f3gom. Hlavn\u00fdm cie\u013eom projektu je vzbudi\u0165 z\u00e1ujem talentovan\u00fdch \u017eiakov o&nbsp;oblas\u0165 botaniky prostredn\u00edctvom hravej formy s\u00fa\u0165a\u017ee a&nbsp;nen\u00fatenou formou ich informova\u0165 o&nbsp;v\u00fdzname rastl\u00edn,&nbsp;ochrane a&nbsp;tvorbe \u017eivotn\u00e9ho prostredia a&nbsp;z\u00e1rove\u0148 motivova\u0165 pedag\u00f3gov pr\u00edrodopisu k&nbsp;v\u00e4\u010d\u0161ej kreativite pri v\u00fdu\u010dbe.<\/p>\n\n\n\n<p>&nbsp;&nbsp;&nbsp;&nbsp;Zo strany \u0161k\u00f4l je o&nbsp;projekt aj po desiatich rokoch ve\u013ek\u00fd z\u00e1ujem, o&nbsp;\u010dom sved\u010dia aj \u010d\u00edsla, za desa\u0165 rokov realiz\u00e1cie projektu sa do on-line testovania zapojilo <strong>27 637 \u017eiakov<\/strong> a&nbsp;na region\u00e1lnom kole v&nbsp;botanickej z\u00e1hrade sa osobne z\u00fa\u010dastnilo <strong>2 130 \u017eiakov<\/strong> so svojimi pedag\u00f3gmi.<\/p>\n\n\n\n<p>&nbsp;&nbsp;&nbsp;&nbsp;Tento ro\u010dn\u00edk Botaniki\u00e1dy niesol podtitul <strong>\u201e<mark style=\"background-color:rgba(0, 0, 0, 0)\" class=\"has-inline-color has-zakladna-zlata-color\">Vyroben\u00e9 z&nbsp;rastl\u00edn<\/mark>\u201c<\/strong>. Na region\u00e1lnom kole v&nbsp;botanickej z\u00e1hrade sa v&nbsp;troch turnusoch po\u010das m\u00e1jov\u00fdch stried 15., 22. a&nbsp;29. m\u00e1ja 2019 streto 202 \u017eiakov a&nbsp;103 pedag\u00f3gov. Na \u017eiakov \u010dakali probl\u00e9mov\u00e9 \u00falohy na \u0161iestich stanovi\u0161tiach. Pedag\u00f3govia sa mohli prostredn\u00edctvom \u010cajovne \u010cavango dozvedie\u0165 mnoho o&nbsp;\u010dajovn\u00edku, \u010dajovom obrade a&nbsp;ochutna\u0165 \u0161peci\u00e1lne \u010daje. Z\u00e1rove\u0148 sa dozvedeli viac o&nbsp;klimatick\u00fdch zmen\u00e1ch v&nbsp;pr\u00edrodnom prostred\u00ed a boli zozn\u00e1men\u00ed s&nbsp;rastlinami, ktor\u00e9 ka\u017ed\u00fd u\u010dite\u013e dostal na \u010fal\u0161ie pestovanie v&nbsp;\u0161kole. Pre \u0161kolu z\u00edskal ka\u017ed\u00fd pedag\u00f3g 50 %-tn\u00fa z\u013eavu na vstupnom pre \u017eiakov danej Z\u0160 do konca kalend\u00e1rneho roka 2019.<\/p>\n\n\n\n<p>&nbsp;&nbsp;&nbsp;&nbsp;Naj\u00faspe\u0161nej\u0161\u00ed rie\u0161itelia region\u00e1lneho kola po\u010das jednotliv\u00fdch turnusov Botaniki\u00e1dy 2019 boli odmenen\u00ed mal\u00fdmi darmi a&nbsp;tento rok nimi boli:<\/p>\n\n\n\n<p>&nbsp;&nbsp;&nbsp;&nbsp;<strong>Veronika Varechov\u00e1<\/strong>, CZ\u0160 Volgogradsk\u00e1 2 Michalovce, <strong>Jon\u00e1\u0161 Ba\u010d\u00edk<\/strong>, Z\u0160 s&nbsp;M\u0160 Hlavn\u00e1 320\/79 Slanec, <strong>Michaela Szabaldov\u00e1<\/strong>, Z\u0160 s&nbsp;M\u0160 Hlavn\u00e1 320\/79 Slanec,<\/p>\n\n\n\n<p>&nbsp;&nbsp;&nbsp;&nbsp;<strong>David Vojta\u0161ko<\/strong>, Z\u0160 Bernol\u00e1kova 16 Ko\u0161ice, <strong>\u0160imon \u0160ima<\/strong>, Z\u0160 Bernol\u00e1kova 16 Ko\u0161ice, <strong>Ema Kvoka\u010dkov\u00e1<\/strong>, Dnepersk\u00e1 1 Ko\u0161ice,<\/p>\n\n\n\n<p>&nbsp;&nbsp;&nbsp;&nbsp;<strong>Benjam\u00edn \u0160vikruha<\/strong>, Z\u0160 s&nbsp;M\u0160 Spi\u0161sk\u00e9 Hanu\u0161ovce, <strong>Matej Drienovsk\u00fd<\/strong>, Z\u0160 s&nbsp;M\u0160 Spi\u0161sk\u00e9 Hanu\u0161ovce, <strong>Timea Payerov\u00e1<\/strong>, Z\u0160 U\u017ehorodsk\u00e1 39 Ko\u0161ice, <strong>Krist\u00edna Zimmermannov\u00e1<\/strong>, Z\u0160 Zemansk\u00e1 2 Krompachy, <strong>Adriana Hritzov\u00e1<\/strong>, Z\u0160 Zemansk\u00e1 2 Krompachy.<\/p>\n\n\n\n<p>&nbsp;&nbsp;&nbsp;&nbsp;Rovnako ako v ostatn\u00fdch rokoch, bol aj tentoraz projekt&nbsp; Botaniki\u00e1da zabezpe\u010den\u00fd zo zdrojov Botanickej z\u00e1hrady UPJ\u0160 a&nbsp;bol realizovan\u00fd sa aj v\u010faka podpore partnerov. Na\u0161a ve\u013ek\u00e1 v\u010faka pri realiz\u00e1cii desiateho ro\u010dn\u00edka Botaniki\u00e1dy patr\u00ed spolo\u010dnosti Zeocem Bystr\u00e9, &nbsp;spolo\u010dnosti Laba\u0161, s.r.o., Slovenskej botanickej spolo\u010dnosti SAV a&nbsp;\u010cajovni \u010cavango.<\/p>\n\n\n\n<p class=\"has-text-align-center\"><span style=\"color: #b22222;\"><strong><mark style=\"background-color:rgba(0, 0, 0, 0)\" class=\"has-inline-color has-zakladna-modra-color\">F O T O G A L \u00c9 R I A<\/mark><\/strong><\/span><\/p>\n\n\n\n<figure class=\"wp-block-table aligncenter\"><table><tbody><tr><td class=\"has-text-align-center\" data-align=\"center\"><img decoding=\"async\" class=\"aligncenter\" style=\"height: 120px; width: 160px;\" src=\"http:\/\/www.upjs.sk\/\/app\/uploads\/sites\/15\/2022\/10\/150519Botani18-1.jpg\" alt=\"\"><\/td><td class=\"has-text-align-center\" data-align=\"center\"><img decoding=\"async\" class=\"aligncenter\" style=\"height: 120px; width: 160px;\" src=\"http:\/\/www.upjs.sk\/\/app\/uploads\/sites\/15\/2022\/10\/220519Botani2-1.jpg\" alt=\"\"><\/td><td class=\"has-text-align-center\" data-align=\"center\"><img decoding=\"async\" class=\"aligncenter\" style=\"height: 120px; width: 160px;\" src=\"http:\/\/www.upjs.sk\/\/app\/uploads\/sites\/15\/2022\/10\/290519Botani2-1.jpg\" alt=\"\"><\/td><\/tr><tr><td class=\"has-text-align-center\" data-align=\"center\"><a href=\"\/pracoviska\/botanicka-zahrada\/ponukame\/fotogaleria-150519\/\"><strong>15. 5. 2019<\/strong><\/a><\/td><td class=\"has-text-align-center\" data-align=\"center\"><a href=\"\/pracoviska\/botanicka-zahrada\/ponukame\/fotogaleria-220519\/\"><strong>22. 5. 2019<\/strong><\/a><\/td><td class=\"has-text-align-center\" data-align=\"center\"><a href=\"\/pracoviska\/botanicka-zahrada\/ponukame\/fotogaleria-290519\/\"><strong>29. 5. 2019<\/strong><\/a><\/td><\/tr><\/tbody><\/table><\/figure>\n\n\n<style>.wp-block-kadence-spacer.kt-block-spacer-_9681de-9f .kt-block-spacer{height:20px;}.wp-block-kadence-spacer.kt-block-spacer-_9681de-9f .kt-divider{border-top-width:1px;height:1px;border-top-color:#eee;width:80%;border-top-style:solid;}<\/style>\n<div class=\"wp-block-kadence-spacer aligncenter kt-block-spacer-_9681de-9f\"><div class=\"kt-block-spacer kt-block-spacer-halign-center\"><hr class=\"kt-divider\"\/><\/div><\/div>\n\n\n\n<p class=\"has-text-align-center\"><strong><mark style=\"background-color:rgba(0, 0, 0, 0)\" class=\"has-inline-color has-zakladna-modra-color\">Projekt Botaniki\u00e1da 2019 podporili:<\/mark><\/strong><\/p>\n\n\n\n<figure class=\"wp-block-table aligncenter\"><table><tbody><tr><td><img decoding=\"async\" style=\"height: 71px; width: 200px;\" src=\"http:\/\/www.upjs.sk\/\/app\/uploads\/sites\/15\/2022\/10\/logo-freshplus-ke.jpg\" alt=\"\"><\/td><td><a href=\"http:\/\/sbs.sav.sk\/\" target=\"_blank\" rel=\"noopener\"><img decoding=\"async\" style=\"height: 101px; width: 100px;\" src=\"http:\/\/www.upjs.sk\/\/app\/uploads\/sites\/15\/2022\/10\/logo-sbs-sav.jpg\" alt=\"\"><\/a><\/td><td><a href=\"https:\/\/www.cavango.sk\/\" target=\"_blank\" rel=\"noopener\"><img decoding=\"async\" style=\"height: 90px; width: 100px;\" src=\"http:\/\/www.upjs.sk\/\/app\/uploads\/sites\/15\/2022\/10\/cajovna.jpg\" alt=\"\"><\/a><\/td><td><a href=\"http:\/\/www.zeocem.sk\/\" target=\"_blank\" rel=\"noopener\"><img decoding=\"async\" style=\"border-style: solid; border-width: 0px; height: 38px; width: 220px;\" src=\"http:\/\/www.upjs.sk\/\/app\/uploads\/sites\/15\/2022\/10\/logo-zeocem.jpg\" alt=\"\"><\/a><\/td><\/tr><\/tbody><\/table><\/figure>\n\n\n\n<p class=\"has-text-align-center\">\u010eakujeme!<\/p>\n\n\n\n<p>&nbsp;<\/p>\n\n\n\n<p>\u2666 <strong><a href=\"\/pracoviska\/botanicka-zahrada\/ponukame\/botanikiada-archiv\/\">Arch\u00edv<\/a><\/strong><\/p>\n","protected":false},"excerpt":{"rendered":"<p>V\u00e1\u017een\u00ed u\u010ditelia, mil\u00ed \u017eiaci, v\u0161etci priaznivci projektu, v&nbsp;roku 2019 osl\u00e1vila BOTANIKI\u00c1DA svoje desiate v\u00fdro\u010die. Tento projekt je ur\u010den\u00fd \u017eiakom piateho ro\u010dn\u00edka z\u00e1kladn\u00fdch \u0161k\u00f4l Ko\u0161ick\u00e9ho a&nbsp;Pre\u0161ovsk\u00e9ho samospr\u00e1vneho kraja a&nbsp;ich pedag\u00f3gom. Hlavn\u00fdm cie\u013eom projektu je vzbudi\u0165 z\u00e1ujem talentovan\u00fdch \u017eiakov o&nbsp;oblas\u0165 botaniky prostredn\u00edctvom hravej formy s\u00fa\u0165a\u017ee a&nbsp;nen\u00fatenou formou ich informova\u0165 o&nbsp;v\u00fdzname rastl\u00edn,&nbsp;ochrane a&nbsp;tvorbe \u017eivotn\u00e9ho prostredia a&nbsp;z\u00e1rove\u0148 motivova\u0165 pedag\u00f3gov &hellip; <a href=\"https:\/\/www.upjs.sk\/pracoviska\/botanicka-zahrada\/ponukame\/botanikiada-2019-vyhodnotenie\/\">\u010c\u00edta\u0165 \u010falej<\/a><\/p>\n","protected":false},"author":1,"featured_media":14477,"parent":14263,"menu_order":31,"comment_status":"closed","ping_status":"closed","template":"","meta":{"_acf_changed":false,"_editorskit_title_hidden":false,"_editorskit_reading_time":0,"_editorskit_is_block_options_detached":false,"_editorskit_block_options_position":"{}","footnotes":""},"categories":[],"tags":[],"class_list":["post-14472","page","type-page","status-publish","has-post-thumbnail","hentry"],"acf":{"acf_link_na_externy_obsah":""},"yoast_head":"<!-- This site is optimized with the Yoast SEO plugin v27.2 - https:\/\/yoast.com\/product\/yoast-seo-wordpress\/ -->\n<title>Botaniki\u00e1da 2019 - Botanick\u00e1 z\u00e1hrada<\/title>\n<meta name=\"robots\" content=\"index, follow, max-snippet:-1, max-image-preview:large, max-video-preview:-1\" \/>\n<link rel=\"canonical\" href=\"https:\/\/www.upjs.sk\/pracoviska\/botanicka-zahrada\/ponukame\/botanikiada-2019-vyhodnotenie\/\" \/>\n<meta property=\"og:locale\" content=\"sk_SK\" \/>\n<meta property=\"og:type\" content=\"article\" \/>\n<meta property=\"og:title\" content=\"Botaniki\u00e1da 2019 - Botanick\u00e1 z\u00e1hrada\" \/>\n<meta property=\"og:description\" content=\"V\u00e1\u017een\u00ed u\u010ditelia, mil\u00ed \u017eiaci, v\u0161etci priaznivci projektu, v&nbsp;roku 2019 osl\u00e1vila BOTANIKI\u00c1DA svoje desiate v\u00fdro\u010die. Tento projekt je ur\u010den\u00fd \u017eiakom piateho ro\u010dn\u00edka z\u00e1kladn\u00fdch \u0161k\u00f4l Ko\u0161ick\u00e9ho a&nbsp;Pre\u0161ovsk\u00e9ho samospr\u00e1vneho kraja a&nbsp;ich pedag\u00f3gom. Hlavn\u00fdm cie\u013eom projektu je vzbudi\u0165 z\u00e1ujem talentovan\u00fdch \u017eiakov o&nbsp;oblas\u0165 botaniky prostredn\u00edctvom hravej formy s\u00fa\u0165a\u017ee a&nbsp;nen\u00fatenou formou ich informova\u0165 o&nbsp;v\u00fdzname rastl\u00edn,&nbsp;ochrane a&nbsp;tvorbe \u017eivotn\u00e9ho prostredia a&nbsp;z\u00e1rove\u0148 motivova\u0165 pedag\u00f3gov &hellip; \u010c\u00edta\u0165 \u010falej\" \/>\n<meta property=\"og:url\" content=\"https:\/\/www.upjs.sk\/pracoviska\/botanicka-zahrada\/ponukame\/botanikiada-2019-vyhodnotenie\/\" \/>\n<meta property=\"og:site_name\" content=\"Botanick\u00e1 z\u00e1hrada\" \/>\n<meta property=\"article:modified_time\" content=\"2023-06-28T08:27:47+00:00\" \/>\n<meta property=\"og:image\" content=\"https:\/\/www.upjs.sk\/app\/uploads\/sites\/15\/2022\/10\/cajovna.jpg\" \/>\n\t<meta property=\"og:image:width\" content=\"249\" \/>\n\t<meta property=\"og:image:height\" content=\"203\" \/>\n\t<meta property=\"og:image:type\" content=\"image\/jpeg\" \/>\n<meta name=\"twitter:card\" content=\"summary_large_image\" \/>\n<meta name=\"twitter:label1\" content=\"Predpokladan\u00fd \u010das \u010d\u00edtania\" \/>\n\t<meta name=\"twitter:data1\" content=\"4 min\u00faty\" \/>\n<script type=\"application\/ld+json\" class=\"yoast-schema-graph\">{\"@context\":\"https:\/\/schema.org\",\"@graph\":[{\"@type\":\"WebPage\",\"@id\":\"https:\/\/www.upjs.sk\/pracoviska\/botanicka-zahrada\/ponukame\/botanikiada-2019-vyhodnotenie\/\",\"url\":\"https:\/\/www.upjs.sk\/pracoviska\/botanicka-zahrada\/ponukame\/botanikiada-2019-vyhodnotenie\/\",\"name\":\"Botaniki\u00e1da 2019 - Botanick\u00e1 z\u00e1hrada\",\"isPartOf\":{\"@id\":\"https:\/\/www.upjs.sk\/pracoviska\/botanicka-zahrada\/#website\"},\"primaryImageOfPage\":{\"@id\":\"https:\/\/www.upjs.sk\/pracoviska\/botanicka-zahrada\/ponukame\/botanikiada-2019-vyhodnotenie\/#primaryimage\"},\"image\":{\"@id\":\"https:\/\/www.upjs.sk\/pracoviska\/botanicka-zahrada\/ponukame\/botanikiada-2019-vyhodnotenie\/#primaryimage\"},\"thumbnailUrl\":\"https:\/\/www.upjs.sk\/app\/uploads\/sites\/15\/2022\/10\/cajovna.jpg\",\"datePublished\":\"2022-08-24T09:07:13+00:00\",\"dateModified\":\"2023-06-28T08:27:47+00:00\",\"breadcrumb\":{\"@id\":\"https:\/\/www.upjs.sk\/pracoviska\/botanicka-zahrada\/ponukame\/botanikiada-2019-vyhodnotenie\/#breadcrumb\"},\"inLanguage\":\"sk-SK\",\"potentialAction\":[{\"@type\":\"ReadAction\",\"target\":[\"https:\/\/www.upjs.sk\/pracoviska\/botanicka-zahrada\/ponukame\/botanikiada-2019-vyhodnotenie\/\"]}]},{\"@type\":\"ImageObject\",\"inLanguage\":\"sk-SK\",\"@id\":\"https:\/\/www.upjs.sk\/pracoviska\/botanicka-zahrada\/ponukame\/botanikiada-2019-vyhodnotenie\/#primaryimage\",\"url\":\"https:\/\/www.upjs.sk\/app\/uploads\/sites\/15\/2022\/10\/cajovna.jpg\",\"contentUrl\":\"https:\/\/www.upjs.sk\/app\/uploads\/sites\/15\/2022\/10\/cajovna.jpg\",\"width\":249,\"height\":203,\"caption\":\"botanikiada-2019-vyhodnotenie\"},{\"@type\":\"BreadcrumbList\",\"@id\":\"https:\/\/www.upjs.sk\/pracoviska\/botanicka-zahrada\/ponukame\/botanikiada-2019-vyhodnotenie\/#breadcrumb\",\"itemListElement\":[{\"@type\":\"ListItem\",\"position\":1,\"name\":\"Home\",\"item\":\"https:\/\/www.upjs.sk\/pracoviska\/botanicka-zahrada\/\"},{\"@type\":\"ListItem\",\"position\":2,\"name\":\"\u010co pon\u00fakame\",\"item\":\"https:\/\/www.upjs.sk\/pracoviska\/botanicka-zahrada\/ponukame\/\"},{\"@type\":\"ListItem\",\"position\":3,\"name\":\"Botaniki\u00e1da 2019\"}]},{\"@type\":\"WebSite\",\"@id\":\"https:\/\/www.upjs.sk\/pracoviska\/botanicka-zahrada\/#website\",\"url\":\"https:\/\/www.upjs.sk\/pracoviska\/botanicka-zahrada\/\",\"name\":\"Botanick\u00e1 z\u00e1hrada\",\"description\":\"\",\"publisher\":{\"@id\":\"https:\/\/www.upjs.sk\/pracoviska\/botanicka-zahrada\/#organization\"},\"potentialAction\":[{\"@type\":\"SearchAction\",\"target\":{\"@type\":\"EntryPoint\",\"urlTemplate\":\"https:\/\/www.upjs.sk\/pracoviska\/botanicka-zahrada\/?s={search_term_string}\"},\"query-input\":{\"@type\":\"PropertyValueSpecification\",\"valueRequired\":true,\"valueName\":\"search_term_string\"}}],\"inLanguage\":\"sk-SK\"},{\"@type\":\"Organization\",\"@id\":\"https:\/\/www.upjs.sk\/pracoviska\/botanicka-zahrada\/#organization\",\"name\":\"Botanick\u00e1 z\u00e1hrada\",\"url\":\"https:\/\/www.upjs.sk\/pracoviska\/botanicka-zahrada\/\",\"logo\":{\"@type\":\"ImageObject\",\"inLanguage\":\"sk-SK\",\"@id\":\"https:\/\/www.upjs.sk\/pracoviska\/botanicka-zahrada\/#\/schema\/logo\/image\/\",\"url\":\"https:\/\/www.upjs.sk\/app\/uploads\/sites\/15\/2023\/01\/BZ-2.svg\",\"contentUrl\":\"https:\/\/www.upjs.sk\/app\/uploads\/sites\/15\/2023\/01\/BZ-2.svg\",\"width\":500,\"height\":138,\"caption\":\"Botanick\u00e1 z\u00e1hrada\"},\"image\":{\"@id\":\"https:\/\/www.upjs.sk\/pracoviska\/botanicka-zahrada\/#\/schema\/logo\/image\/\"}}]}<\/script>\n<!-- \/ Yoast SEO plugin. -->","yoast_head_json":{"title":"Botaniki\u00e1da 2019 - Botanick\u00e1 z\u00e1hrada","robots":{"index":"index","follow":"follow","max-snippet":"max-snippet:-1","max-image-preview":"max-image-preview:large","max-video-preview":"max-video-preview:-1"},"canonical":"https:\/\/www.upjs.sk\/pracoviska\/botanicka-zahrada\/ponukame\/botanikiada-2019-vyhodnotenie\/","og_locale":"sk_SK","og_type":"article","og_title":"Botaniki\u00e1da 2019 - Botanick\u00e1 z\u00e1hrada","og_description":"V\u00e1\u017een\u00ed u\u010ditelia, mil\u00ed \u017eiaci, v\u0161etci priaznivci projektu, v&nbsp;roku 2019 osl\u00e1vila BOTANIKI\u00c1DA svoje desiate v\u00fdro\u010die. Tento projekt je ur\u010den\u00fd \u017eiakom piateho ro\u010dn\u00edka z\u00e1kladn\u00fdch \u0161k\u00f4l Ko\u0161ick\u00e9ho a&nbsp;Pre\u0161ovsk\u00e9ho samospr\u00e1vneho kraja a&nbsp;ich pedag\u00f3gom. Hlavn\u00fdm cie\u013eom projektu je vzbudi\u0165 z\u00e1ujem talentovan\u00fdch \u017eiakov o&nbsp;oblas\u0165 botaniky prostredn\u00edctvom hravej formy s\u00fa\u0165a\u017ee a&nbsp;nen\u00fatenou formou ich informova\u0165 o&nbsp;v\u00fdzname rastl\u00edn,&nbsp;ochrane a&nbsp;tvorbe \u017eivotn\u00e9ho prostredia a&nbsp;z\u00e1rove\u0148 motivova\u0165 pedag\u00f3gov &hellip; \u010c\u00edta\u0165 \u010falej","og_url":"https:\/\/www.upjs.sk\/pracoviska\/botanicka-zahrada\/ponukame\/botanikiada-2019-vyhodnotenie\/","og_site_name":"Botanick\u00e1 z\u00e1hrada","article_modified_time":"2023-06-28T08:27:47+00:00","og_image":[{"width":249,"height":203,"url":"https:\/\/www.upjs.sk\/app\/uploads\/sites\/15\/2022\/10\/cajovna.jpg","type":"image\/jpeg"}],"twitter_card":"summary_large_image","twitter_misc":{"Predpokladan\u00fd \u010das \u010d\u00edtania":"4 min\u00faty"},"schema":{"@context":"https:\/\/schema.org","@graph":[{"@type":"WebPage","@id":"https:\/\/www.upjs.sk\/pracoviska\/botanicka-zahrada\/ponukame\/botanikiada-2019-vyhodnotenie\/","url":"https:\/\/www.upjs.sk\/pracoviska\/botanicka-zahrada\/ponukame\/botanikiada-2019-vyhodnotenie\/","name":"Botaniki\u00e1da 2019 - Botanick\u00e1 z\u00e1hrada","isPartOf":{"@id":"https:\/\/www.upjs.sk\/pracoviska\/botanicka-zahrada\/#website"},"primaryImageOfPage":{"@id":"https:\/\/www.upjs.sk\/pracoviska\/botanicka-zahrada\/ponukame\/botanikiada-2019-vyhodnotenie\/#primaryimage"},"image":{"@id":"https:\/\/www.upjs.sk\/pracoviska\/botanicka-zahrada\/ponukame\/botanikiada-2019-vyhodnotenie\/#primaryimage"},"thumbnailUrl":"https:\/\/www.upjs.sk\/app\/uploads\/sites\/15\/2022\/10\/cajovna.jpg","datePublished":"2022-08-24T09:07:13+00:00","dateModified":"2023-06-28T08:27:47+00:00","breadcrumb":{"@id":"https:\/\/www.upjs.sk\/pracoviska\/botanicka-zahrada\/ponukame\/botanikiada-2019-vyhodnotenie\/#breadcrumb"},"inLanguage":"sk-SK","potentialAction":[{"@type":"ReadAction","target":["https:\/\/www.upjs.sk\/pracoviska\/botanicka-zahrada\/ponukame\/botanikiada-2019-vyhodnotenie\/"]}]},{"@type":"ImageObject","inLanguage":"sk-SK","@id":"https:\/\/www.upjs.sk\/pracoviska\/botanicka-zahrada\/ponukame\/botanikiada-2019-vyhodnotenie\/#primaryimage","url":"https:\/\/www.upjs.sk\/app\/uploads\/sites\/15\/2022\/10\/cajovna.jpg","contentUrl":"https:\/\/www.upjs.sk\/app\/uploads\/sites\/15\/2022\/10\/cajovna.jpg","width":249,"height":203,"caption":"botanikiada-2019-vyhodnotenie"},{"@type":"BreadcrumbList","@id":"https:\/\/www.upjs.sk\/pracoviska\/botanicka-zahrada\/ponukame\/botanikiada-2019-vyhodnotenie\/#breadcrumb","itemListElement":[{"@type":"ListItem","position":1,"name":"Home","item":"https:\/\/www.upjs.sk\/pracoviska\/botanicka-zahrada\/"},{"@type":"ListItem","position":2,"name":"\u010co pon\u00fakame","item":"https:\/\/www.upjs.sk\/pracoviska\/botanicka-zahrada\/ponukame\/"},{"@type":"ListItem","position":3,"name":"Botaniki\u00e1da 2019"}]},{"@type":"WebSite","@id":"https:\/\/www.upjs.sk\/pracoviska\/botanicka-zahrada\/#website","url":"https:\/\/www.upjs.sk\/pracoviska\/botanicka-zahrada\/","name":"Botanick\u00e1 z\u00e1hrada","description":"","publisher":{"@id":"https:\/\/www.upjs.sk\/pracoviska\/botanicka-zahrada\/#organization"},"potentialAction":[{"@type":"SearchAction","target":{"@type":"EntryPoint","urlTemplate":"https:\/\/www.upjs.sk\/pracoviska\/botanicka-zahrada\/?s={search_term_string}"},"query-input":{"@type":"PropertyValueSpecification","valueRequired":true,"valueName":"search_term_string"}}],"inLanguage":"sk-SK"},{"@type":"Organization","@id":"https:\/\/www.upjs.sk\/pracoviska\/botanicka-zahrada\/#organization","name":"Botanick\u00e1 z\u00e1hrada","url":"https:\/\/www.upjs.sk\/pracoviska\/botanicka-zahrada\/","logo":{"@type":"ImageObject","inLanguage":"sk-SK","@id":"https:\/\/www.upjs.sk\/pracoviska\/botanicka-zahrada\/#\/schema\/logo\/image\/","url":"https:\/\/www.upjs.sk\/app\/uploads\/sites\/15\/2023\/01\/BZ-2.svg","contentUrl":"https:\/\/www.upjs.sk\/app\/uploads\/sites\/15\/2023\/01\/BZ-2.svg","width":500,"height":138,"caption":"Botanick\u00e1 z\u00e1hrada"},"image":{"@id":"https:\/\/www.upjs.sk\/pracoviska\/botanicka-zahrada\/#\/schema\/logo\/image\/"}}]}},"_links":{"self":[{"href":"https:\/\/www.upjs.sk\/pracoviska\/botanicka-zahrada\/wp-json\/wp\/v2\/pages\/14472","targetHints":{"allow":["GET"]}}],"collection":[{"href":"https:\/\/www.upjs.sk\/pracoviska\/botanicka-zahrada\/wp-json\/wp\/v2\/pages"}],"about":[{"href":"https:\/\/www.upjs.sk\/pracoviska\/botanicka-zahrada\/wp-json\/wp\/v2\/types\/page"}],"author":[{"embeddable":true,"href":"https:\/\/www.upjs.sk\/pracoviska\/botanicka-zahrada\/wp-json\/wp\/v2\/users\/1"}],"replies":[{"embeddable":true,"href":"https:\/\/www.upjs.sk\/pracoviska\/botanicka-zahrada\/wp-json\/wp\/v2\/comments?post=14472"}],"version-history":[{"count":4,"href":"https:\/\/www.upjs.sk\/pracoviska\/botanicka-zahrada\/wp-json\/wp\/v2\/pages\/14472\/revisions"}],"predecessor-version":[{"id":21201,"href":"https:\/\/www.upjs.sk\/pracoviska\/botanicka-zahrada\/wp-json\/wp\/v2\/pages\/14472\/revisions\/21201"}],"up":[{"embeddable":true,"href":"https:\/\/www.upjs.sk\/pracoviska\/botanicka-zahrada\/wp-json\/wp\/v2\/pages\/14263"}],"wp:featuredmedia":[{"embeddable":true,"href":"https:\/\/www.upjs.sk\/pracoviska\/botanicka-zahrada\/wp-json\/wp\/v2\/media\/14477"}],"wp:attachment":[{"href":"https:\/\/www.upjs.sk\/pracoviska\/botanicka-zahrada\/wp-json\/wp\/v2\/media?parent=14472"}],"wp:term":[{"taxonomy":"category","embeddable":true,"href":"https:\/\/www.upjs.sk\/pracoviska\/botanicka-zahrada\/wp-json\/wp\/v2\/categories?post=14472"},{"taxonomy":"post_tag","embeddable":true,"href":"https:\/\/www.upjs.sk\/pracoviska\/botanicka-zahrada\/wp-json\/wp\/v2\/tags?post=14472"}],"curies":[{"name":"wp","href":"https:\/\/api.w.org\/{rel}","templated":true}]}}