{"id":14548,"date":"2022-08-24T09:07:13","date_gmt":"2022-08-24T09:07:13","guid":{"rendered":"https:\/\/www.upjs.sk\/pracoviska\/botanicka-zahrada\/root\/ponukame\/botanikiada-2017-vyhodnotenie\/"},"modified":"2023-06-28T07:29:46","modified_gmt":"2023-06-28T07:29:46","slug":"botanikiada-2017-vyhodnotenie","status":"publish","type":"page","link":"https:\/\/www.upjs.sk\/pracoviska\/botanicka-zahrada\/ponukame\/botanikiada-2017-vyhodnotenie\/","title":{"rendered":"Botaniki\u00e1da 2017"},"content":{"rendered":"\n<p>Mil\u00ed \u017eiaci, u\u010ditelia, v\u0161etci Botaniki\u00e1dnici,<\/p>\n\n\n\n<p>sme radi, \u017ee sa n\u00e1\u0161 klub fan\u00fa\u0161ikov pr\u00edrodovedn\u00fdch vedomost\u00ed rozrast\u00e1. M\u00e1me za\u00a0 sebou \u00f4smy ro\u010dn\u00edk projektu <strong><mark style=\"background-color:rgba(0, 0, 0, 0)\" class=\"has-inline-color has-prirodovedecka-f-color\">BOTANIKI\u00c1DA<\/mark><\/strong>\u00a0s\u00a0podtitulom \u201e<strong><mark style=\"background-color:rgba(0, 0, 0, 0)\" class=\"has-inline-color has-zakladna-zlata-color\">Rastlinn\u00ed privandrovalci<\/mark><\/strong>\u201c , v\u00a0r\u00e1mci ktor\u00e9ho sa do \u0161kolsk\u00e9ho kola zapojilo 2764 \u017eiakov. Najviac spr\u00e1vnych odpoved\u00ed sme pri hodnoten\u00ed on-line testu zaznamenali v\u00a0odpovediach na ot\u00e1zku:<\/p>\n\n\n\n<p>Kde rastie lekno biele?<\/p>\n\n\n\n<ol class=\"wp-block-list\">\n<li>v&nbsp;horsk\u00fdch ples\u00e1ch<\/li>\n\n\n\n<li>v&nbsp;\u010dist\u00fdch stojat\u00fdch a&nbsp;pomaly te\u010d\u00facich vod\u00e1ch<\/li>\n\n\n\n<li>v moriach<\/li>\n<\/ol>\n\n\n\n<p>Spr\u00e1vne na \u0148u odpovedalo 85,9 % \u017eiakov zapojen\u00fdch do projektu (spr\u00e1vna odpove\u010f &#8211; b).<\/p>\n\n\n\n<p>Naopak, najmenej spr\u00e1vnych odpoved\u00ed sa vyskytlo v ot\u00e1zke:<\/p>\n\n\n\n<p>Vie\u0161, ktor\u00e9 z&nbsp;uveden\u00fdch tvrden\u00ed je pravdiv\u00e9?<\/p>\n\n\n\n<ol class=\"wp-block-list\">\n<li>Osamel\u00e9 stromy, stromoradia, medze a&nbsp;riedke les\u00edky poskytuj\u00fa priestor na hniezdenie vt\u00e1kov a&nbsp;\u00fakryt pre hmyz a&nbsp;drobn\u00e9 cicavce.<\/li>\n\n\n\n<li>Na l\u00fakach kvitn\u00fa rastliny preva\u017ene na jar.<\/li>\n\n\n\n<li>Pasienky predstavuj\u00fa monokult\u00faru, ktor\u00fa sp\u00e1saj\u00fa hospod\u00e1rske zvierat\u00e1.<\/li>\n<\/ol>\n\n\n\n<p>Na t\u00fato ot\u00e1zku odpovedalo 29,3 % \u017eiakov (spr\u00e1vna odpove\u010f &#8211; a).<\/p>\n\n\n\n<p>&nbsp;&nbsp;&nbsp;&nbsp;Po vyhodnoten\u00ed \u0161kolsk\u00fdch k\u00f4l bolo v&nbsp;kompetencii ka\u017edej \u0161koly vybra\u0165 \u00fa\u010dastn\u00edkov na region\u00e1lne kolo, ktor\u00e9 sa uskuto\u010dnilo v&nbsp;Botanickej z\u00e1hrade UPJ\u0160 v&nbsp;Ko\u0161iciach v&nbsp;troch turnusoch 17., 24. a&nbsp;31. m\u00e1ja 2017. Z\u00fa\u010dastnilo sa na \u0148om&nbsp;<strong>106 pedag\u00f3gov <\/strong>a<strong>&nbsp;211<\/strong>&nbsp;<strong>\u017e<\/strong><strong>iakov<\/strong>.<\/p>\n\n\n\n<p>&nbsp;&nbsp;&nbsp;&nbsp;Pre u\u010dite\u013eov bol pripraven\u00fd program, po\u010das ktor\u00e9ho sa dozvedeli o&nbsp;t\u00e9me tohto ro\u010dn\u00edka prostredn\u00edctvom prezent\u00e1ci\u00ed. Ka\u017ed\u00fd u\u010dite\u013e dostal kolekciu rastl\u00edn na \u010fal\u0161ie pestovanie v&nbsp;\u0161kole a&nbsp;pre \u0161kolu z\u00edskal 50 %-tn\u00fa z\u013eavu na vstupnom pre \u017eiakov danej Z\u0160 do konca kalend\u00e1rneho roka 2017.<\/p>\n\n\n\n<p>&nbsp;&nbsp;&nbsp;&nbsp;\u017diaci boli po\u010das turnusov rozdelen\u00ed do skup\u00edn, v ktor\u00fdch sa pres\u00favali po \u0161iestich stanovi\u0161tiach a plnili probl\u00e9mov\u00e9 \u00falohy. \u00dalohy na jednotliv\u00fdch stanovi\u0161tiach boli r\u00f4znorod\u00e9, venovali sa vodn\u00fdm rastlin\u00e1m, drevin\u00e1m, \u010di l\u00fa\u010dnym rastlin\u00e1m a mnoh\u00e9 z t\u00fdchto zadan\u00ed tento rok viedli k takzvan\u00fdm rastlinn\u00fdm privandrovalcom, teda rastlin\u00e1m, ktor\u00e9 nepoch\u00e1dzaj\u00fa z n\u00e1\u0161ho \u00fazemia, ale po\u010das mnoh\u00fdch rokov sa tu udom\u00e1cnili. Patria sem rastliny, ktor\u00e9 naz\u00fdvame kult\u00farne a&nbsp;tie m\u00f4\u017eu by\u0165 ozdobn\u00e9 alebo \u00fa\u017eitkov\u00e9. Ale privandrovalcami m\u00f4\u017eu by\u0165 aj rastliny, ktor\u00e9 vol\u00e1me inv\u00e1zne. S\u00fa to tak\u00e9, ktor\u00e9 sa ve\u013emi dobre a r\u00fdchlo rozmno\u017euj\u00fa, vedia pre\u017e\u00edva\u0165 aj v nepriazniv\u00fdch podmienkach a nemaj\u00fa prirodzen\u00fdch nepriate\u013eov. Preto\u017ee vytl\u00e1\u010daj\u00fa p\u00f4vodn\u00e9 rastliny z ich ekosyst\u00e9mov, st\u00e1vaj\u00fa sa nebezpe\u010dn\u00fdmi a je potrebn\u00e9 obmedzova\u0165 ich roz\u0161irovanie. Aj ke\u010f ide o pomerne rozsiahlu a komplikovan\u00fa problematiku, sna\u017eili sme sa ju spracova\u0165 jednoduch\u00fdm a pre cie\u013eov\u00fa skupinu projektu pochopite\u013en\u00fdm sp\u00f4sobom.<\/p>\n\n\n\n<p>&nbsp;&nbsp;&nbsp;&nbsp;Naj\u00faspe\u0161nej\u0161\u00ed rie\u0161itelia region\u00e1lneho kola po\u010das jednotliv\u00fdch turnusov Botaniki\u00e1dy 2017 boli odmenen\u00ed mal\u00fdmi darmi a v\u0161etci \u017eiaci, okrem in\u00e9ho, dostali pexeso pripraven\u00e9 na t\u00e9mu rastlinn\u00fdch privandrovalcov. D\u00fafame, \u017ee okrem toho si \u00fa\u010dastn\u00edci projektu z&nbsp;Botanickej z\u00e1hrady UPJ\u0160 v Ko\u0161iciach odniesli aj nov\u00e9 vedomosti, rados\u0165 a&nbsp;dobr\u00fd pocit z&nbsp;u\u017eito\u010dne a pr\u00edjemne pre\u017eit\u00e9ho d\u0148a.<\/p>\n\n\n\n<p>&nbsp;&nbsp;&nbsp;&nbsp;&nbsp;&nbsp;&nbsp;&nbsp;Realiza\u010dn\u00fd t\u00edm Botaniki\u00e1dy<\/p>\n\n\n\n<p class=\"has-text-align-center\"><span style=\"color: #b22222;\"><strong><mark style=\"background-color:rgba(0, 0, 0, 0)\" class=\"has-inline-color has-zakladna-modra-color\">F O T O G A L \u00c9 R I A<\/mark><\/strong><\/span><\/p>\n\n\n\n<figure class=\"wp-block-table aligncenter\"><table><tbody><tr><td class=\"has-text-align-center\" data-align=\"center\"><a href=\"\/pracoviska\/botanicka-zahrada\/ponukame\/fotogaleria-170517\/\"><img decoding=\"async\" class=\"aligncenter\" style=\"height: 100px; width: 150px;\" src=\"http:\/\/www.upjs.sk\/\/app\/uploads\/sites\/15\/2022\/10\/botanikiada1705174.jpg\" alt=\"\"><\/a><\/td><td class=\"has-text-align-center\" data-align=\"center\"><a href=\"\/pracoviska\/botanicka-zahrada\/ponukame\/fotogaleria-240517\/\" class=\"ek-link\"><img decoding=\"async\" class=\"aligncenter\" style=\"height: 100px; width: 150px;\" src=\"http:\/\/www.upjs.sk\/\/app\/uploads\/sites\/15\/2022\/10\/botanikiada2405175.jpg\" alt=\"\"><\/a><\/td><td class=\"has-text-align-center\" data-align=\"center\"><a href=\"\/pracoviska\/botanicka-zahrada\/ponukame\/fotogaleria-310517\/\"><img decoding=\"async\" class=\"aligncenter\" style=\"height: 100px; width: 150px;\" src=\"http:\/\/www.upjs.sk\/\/app\/uploads\/sites\/15\/2022\/10\/botanikiada3105176.jpg\" alt=\"\"><\/a><\/td><\/tr><tr><td class=\"has-text-align-center\" data-align=\"center\"><a href=\"\/pracoviska\/botanicka-zahrada\/ponukame\/fotogaleria-170517\/\"><strong>17. 5. 2017<\/strong><\/a><\/td><td class=\"has-text-align-center\" data-align=\"center\"><a href=\"\/pracoviska\/botanicka-zahrada\/ponukame\/fotogaleria-240517\/\"><strong>24. 5. 2017<\/strong><\/a><\/td><td class=\"has-text-align-center\" data-align=\"center\"><a href=\"\/pracoviska\/botanicka-zahrada\/ponukame\/fotogaleria-310517\/\"><strong>31. 5. 2017<\/strong><\/a><\/td><\/tr><\/tbody><\/table><\/figure>\n\n\n\n<p class=\"has-text-align-center\"><mark style=\"background-color:rgba(0, 0, 0, 0)\" class=\"has-inline-color has-zakladna-modra-color\"><strong>Projekt Botaniki\u00e1da 2017 podporili:<\/strong><\/mark><\/p>\n\n\n\n<figure class=\"wp-block-table aligncenter\"><table><tbody><tr><td><a href=\"http:\/\/sbs.sav.sk\/\" target=\"_blank\" rel=\"noopener\"><img decoding=\"async\" style=\"height: 101px; width: 100px;\" src=\"http:\/\/www.upjs.sk\/\/app\/uploads\/sites\/15\/2022\/10\/logo-sbs-sav.jpg\" alt=\"\"><\/a><\/td><td><img decoding=\"async\" style=\"height: 71px; width: 200px;\" src=\"http:\/\/www.upjs.sk\/\/app\/uploads\/sites\/15\/2022\/10\/logo-freshplus-ke.jpg\" alt=\"\"><\/td><td><a href=\"http:\/\/www.smsz.sk\/\" target=\"_blank\" rel=\"noopener\"><img decoding=\"async\" style=\"height: 119px; width: 150px;\" src=\"http:\/\/www.upjs.sk\/\/app\/uploads\/sites\/15\/2022\/10\/logo-smz-ke.jpg\" alt=\"\"><\/a><\/td><\/tr><\/tbody><\/table><\/figure>\n\n\n\n<figure class=\"wp-block-table aligncenter\"><table><tbody><tr><td><a href=\"http:\/\/www.zeocem.sk\/\" target=\"_blank\" rel=\"noopener\" class=\"ek-link\"><img decoding=\"async\" style=\"border-style: solid; border-width: 0px; height: 38px; width: 220px;\" src=\"http:\/\/www.upjs.sk\/\/app\/uploads\/sites\/15\/2022\/10\/logo-zeocem.jpg\" alt=\"\"><\/a><\/td><\/tr><\/tbody><\/table><\/figure>\n\n\n\n<p class=\"has-text-align-center\">\u010eakujeme!<\/p>\n\n\n\n<p>\u2666 <strong><a href=\"\/pracoviska\/botanicka-zahrada\/ponukame\/botanikiada-archiv\/\">Arch\u00edv<\/a><\/strong><\/p>\n","protected":false},"excerpt":{"rendered":"<p>Mil\u00ed \u017eiaci, u\u010ditelia, v\u0161etci Botaniki\u00e1dnici, sme radi, \u017ee sa n\u00e1\u0161 klub fan\u00fa\u0161ikov pr\u00edrodovedn\u00fdch vedomost\u00ed rozrast\u00e1. M\u00e1me za\u00a0 sebou \u00f4smy ro\u010dn\u00edk projektu BOTANIKI\u00c1DA\u00a0s\u00a0podtitulom \u201eRastlinn\u00ed privandrovalci\u201c , v\u00a0r\u00e1mci ktor\u00e9ho sa do \u0161kolsk\u00e9ho kola zapojilo 2764 \u017eiakov. Najviac spr\u00e1vnych odpoved\u00ed sme pri hodnoten\u00ed on-line testu zaznamenali v\u00a0odpovediach na ot\u00e1zku: Kde rastie lekno biele? Spr\u00e1vne na \u0148u odpovedalo 85,9 &hellip; <a href=\"https:\/\/www.upjs.sk\/pracoviska\/botanicka-zahrada\/ponukame\/botanikiada-2017-vyhodnotenie\/\">\u010c\u00edta\u0165 \u010falej<\/a><\/p>\n","protected":false},"author":1,"featured_media":14476,"parent":14263,"menu_order":42,"comment_status":"closed","ping_status":"closed","template":"","meta":{"_acf_changed":false,"_editorskit_title_hidden":false,"_editorskit_reading_time":2,"_editorskit_is_block_options_detached":false,"_editorskit_block_options_position":"{}","footnotes":""},"categories":[],"tags":[],"class_list":["post-14548","page","type-page","status-publish","has-post-thumbnail","hentry"],"acf":{"acf_link_na_externy_obsah":""},"yoast_head":"<!-- This site is optimized with the Yoast SEO plugin v27.4 - https:\/\/yoast.com\/product\/yoast-seo-wordpress\/ -->\n<title>Botaniki\u00e1da 2017 - Botanick\u00e1 z\u00e1hrada<\/title>\n<meta name=\"robots\" content=\"index, follow, max-snippet:-1, max-image-preview:large, max-video-preview:-1\" \/>\n<link rel=\"canonical\" href=\"https:\/\/www.upjs.sk\/pracoviska\/botanicka-zahrada\/ponukame\/botanikiada-2017-vyhodnotenie\/\" \/>\n<meta property=\"og:locale\" content=\"sk_SK\" \/>\n<meta property=\"og:type\" content=\"article\" \/>\n<meta property=\"og:title\" content=\"Botaniki\u00e1da 2017 - Botanick\u00e1 z\u00e1hrada\" \/>\n<meta property=\"og:description\" content=\"Mil\u00ed \u017eiaci, u\u010ditelia, v\u0161etci Botaniki\u00e1dnici, sme radi, \u017ee sa n\u00e1\u0161 klub fan\u00fa\u0161ikov pr\u00edrodovedn\u00fdch vedomost\u00ed rozrast\u00e1. M\u00e1me za\u00a0 sebou \u00f4smy ro\u010dn\u00edk projektu BOTANIKI\u00c1DA\u00a0s\u00a0podtitulom \u201eRastlinn\u00ed privandrovalci\u201c , v\u00a0r\u00e1mci ktor\u00e9ho sa do \u0161kolsk\u00e9ho kola zapojilo 2764 \u017eiakov. Najviac spr\u00e1vnych odpoved\u00ed sme pri hodnoten\u00ed on-line testu zaznamenali v\u00a0odpovediach na ot\u00e1zku: Kde rastie lekno biele? Spr\u00e1vne na \u0148u odpovedalo 85,9 &hellip; \u010c\u00edta\u0165 \u010falej\" \/>\n<meta property=\"og:url\" content=\"https:\/\/www.upjs.sk\/pracoviska\/botanicka-zahrada\/ponukame\/botanikiada-2017-vyhodnotenie\/\" \/>\n<meta property=\"og:site_name\" content=\"Botanick\u00e1 z\u00e1hrada\" \/>\n<meta property=\"article:modified_time\" content=\"2023-06-28T07:29:46+00:00\" \/>\n<meta property=\"og:image\" content=\"https:\/\/www.upjs.sk\/app\/uploads\/sites\/15\/2022\/10\/logo-freshplus-ke.jpg\" \/>\n\t<meta property=\"og:image:width\" content=\"240\" \/>\n\t<meta property=\"og:image:height\" content=\"85\" \/>\n\t<meta property=\"og:image:type\" content=\"image\/jpeg\" \/>\n<meta name=\"twitter:card\" content=\"summary_large_image\" \/>\n<meta name=\"twitter:label1\" content=\"Predpokladan\u00fd \u010das \u010d\u00edtania\" \/>\n\t<meta name=\"twitter:data1\" content=\"4 min\u00faty\" \/>\n<script type=\"application\/ld+json\" class=\"yoast-schema-graph\">{\"@context\":\"https:\\\/\\\/schema.org\",\"@graph\":[{\"@type\":\"WebPage\",\"@id\":\"https:\\\/\\\/www.upjs.sk\\\/pracoviska\\\/botanicka-zahrada\\\/ponukame\\\/botanikiada-2017-vyhodnotenie\\\/\",\"url\":\"https:\\\/\\\/www.upjs.sk\\\/pracoviska\\\/botanicka-zahrada\\\/ponukame\\\/botanikiada-2017-vyhodnotenie\\\/\",\"name\":\"Botaniki\u00e1da 2017 - Botanick\u00e1 z\u00e1hrada\",\"isPartOf\":{\"@id\":\"https:\\\/\\\/www.upjs.sk\\\/pracoviska\\\/botanicka-zahrada\\\/#website\"},\"primaryImageOfPage\":{\"@id\":\"https:\\\/\\\/www.upjs.sk\\\/pracoviska\\\/botanicka-zahrada\\\/ponukame\\\/botanikiada-2017-vyhodnotenie\\\/#primaryimage\"},\"image\":{\"@id\":\"https:\\\/\\\/www.upjs.sk\\\/pracoviska\\\/botanicka-zahrada\\\/ponukame\\\/botanikiada-2017-vyhodnotenie\\\/#primaryimage\"},\"thumbnailUrl\":\"https:\\\/\\\/www.upjs.sk\\\/app\\\/uploads\\\/sites\\\/15\\\/2022\\\/10\\\/logo-freshplus-ke.jpg\",\"datePublished\":\"2022-08-24T09:07:13+00:00\",\"dateModified\":\"2023-06-28T07:29:46+00:00\",\"breadcrumb\":{\"@id\":\"https:\\\/\\\/www.upjs.sk\\\/pracoviska\\\/botanicka-zahrada\\\/ponukame\\\/botanikiada-2017-vyhodnotenie\\\/#breadcrumb\"},\"inLanguage\":\"sk-SK\",\"potentialAction\":[{\"@type\":\"ReadAction\",\"target\":[\"https:\\\/\\\/www.upjs.sk\\\/pracoviska\\\/botanicka-zahrada\\\/ponukame\\\/botanikiada-2017-vyhodnotenie\\\/\"]}]},{\"@type\":\"ImageObject\",\"inLanguage\":\"sk-SK\",\"@id\":\"https:\\\/\\\/www.upjs.sk\\\/pracoviska\\\/botanicka-zahrada\\\/ponukame\\\/botanikiada-2017-vyhodnotenie\\\/#primaryimage\",\"url\":\"https:\\\/\\\/www.upjs.sk\\\/app\\\/uploads\\\/sites\\\/15\\\/2022\\\/10\\\/logo-freshplus-ke.jpg\",\"contentUrl\":\"https:\\\/\\\/www.upjs.sk\\\/app\\\/uploads\\\/sites\\\/15\\\/2022\\\/10\\\/logo-freshplus-ke.jpg\",\"width\":240,\"height\":85,\"caption\":\"botanikiada-2017-vyhodnotenie\"},{\"@type\":\"BreadcrumbList\",\"@id\":\"https:\\\/\\\/www.upjs.sk\\\/pracoviska\\\/botanicka-zahrada\\\/ponukame\\\/botanikiada-2017-vyhodnotenie\\\/#breadcrumb\",\"itemListElement\":[{\"@type\":\"ListItem\",\"position\":1,\"name\":\"Home\",\"item\":\"https:\\\/\\\/www.upjs.sk\\\/pracoviska\\\/botanicka-zahrada\\\/\"},{\"@type\":\"ListItem\",\"position\":2,\"name\":\"\u010co pon\u00fakame\",\"item\":\"https:\\\/\\\/www.upjs.sk\\\/pracoviska\\\/botanicka-zahrada\\\/ponukame\\\/\"},{\"@type\":\"ListItem\",\"position\":3,\"name\":\"Botaniki\u00e1da 2017\"}]},{\"@type\":\"WebSite\",\"@id\":\"https:\\\/\\\/www.upjs.sk\\\/pracoviska\\\/botanicka-zahrada\\\/#website\",\"url\":\"https:\\\/\\\/www.upjs.sk\\\/pracoviska\\\/botanicka-zahrada\\\/\",\"name\":\"Botanick\u00e1 z\u00e1hrada\",\"description\":\"\",\"publisher\":{\"@id\":\"https:\\\/\\\/www.upjs.sk\\\/pracoviska\\\/botanicka-zahrada\\\/#organization\"},\"potentialAction\":[{\"@type\":\"SearchAction\",\"target\":{\"@type\":\"EntryPoint\",\"urlTemplate\":\"https:\\\/\\\/www.upjs.sk\\\/pracoviska\\\/botanicka-zahrada\\\/?s={search_term_string}\"},\"query-input\":{\"@type\":\"PropertyValueSpecification\",\"valueRequired\":true,\"valueName\":\"search_term_string\"}}],\"inLanguage\":\"sk-SK\"},{\"@type\":\"Organization\",\"@id\":\"https:\\\/\\\/www.upjs.sk\\\/pracoviska\\\/botanicka-zahrada\\\/#organization\",\"name\":\"Botanick\u00e1 z\u00e1hrada\",\"url\":\"https:\\\/\\\/www.upjs.sk\\\/pracoviska\\\/botanicka-zahrada\\\/\",\"logo\":{\"@type\":\"ImageObject\",\"inLanguage\":\"sk-SK\",\"@id\":\"https:\\\/\\\/www.upjs.sk\\\/pracoviska\\\/botanicka-zahrada\\\/#\\\/schema\\\/logo\\\/image\\\/\",\"url\":\"https:\\\/\\\/www.upjs.sk\\\/app\\\/uploads\\\/sites\\\/15\\\/2023\\\/01\\\/BZ-2.svg\",\"contentUrl\":\"https:\\\/\\\/www.upjs.sk\\\/app\\\/uploads\\\/sites\\\/15\\\/2023\\\/01\\\/BZ-2.svg\",\"width\":500,\"height\":138,\"caption\":\"Botanick\u00e1 z\u00e1hrada\"},\"image\":{\"@id\":\"https:\\\/\\\/www.upjs.sk\\\/pracoviska\\\/botanicka-zahrada\\\/#\\\/schema\\\/logo\\\/image\\\/\"}}]}<\/script>\n<!-- \/ Yoast SEO plugin. -->","yoast_head_json":{"title":"Botaniki\u00e1da 2017 - Botanick\u00e1 z\u00e1hrada","robots":{"index":"index","follow":"follow","max-snippet":"max-snippet:-1","max-image-preview":"max-image-preview:large","max-video-preview":"max-video-preview:-1"},"canonical":"https:\/\/www.upjs.sk\/pracoviska\/botanicka-zahrada\/ponukame\/botanikiada-2017-vyhodnotenie\/","og_locale":"sk_SK","og_type":"article","og_title":"Botaniki\u00e1da 2017 - Botanick\u00e1 z\u00e1hrada","og_description":"Mil\u00ed \u017eiaci, u\u010ditelia, v\u0161etci Botaniki\u00e1dnici, sme radi, \u017ee sa n\u00e1\u0161 klub fan\u00fa\u0161ikov pr\u00edrodovedn\u00fdch vedomost\u00ed rozrast\u00e1. M\u00e1me za\u00a0 sebou \u00f4smy ro\u010dn\u00edk projektu BOTANIKI\u00c1DA\u00a0s\u00a0podtitulom \u201eRastlinn\u00ed privandrovalci\u201c , v\u00a0r\u00e1mci ktor\u00e9ho sa do \u0161kolsk\u00e9ho kola zapojilo 2764 \u017eiakov. Najviac spr\u00e1vnych odpoved\u00ed sme pri hodnoten\u00ed on-line testu zaznamenali v\u00a0odpovediach na ot\u00e1zku: Kde rastie lekno biele? Spr\u00e1vne na \u0148u odpovedalo 85,9 &hellip; \u010c\u00edta\u0165 \u010falej","og_url":"https:\/\/www.upjs.sk\/pracoviska\/botanicka-zahrada\/ponukame\/botanikiada-2017-vyhodnotenie\/","og_site_name":"Botanick\u00e1 z\u00e1hrada","article_modified_time":"2023-06-28T07:29:46+00:00","og_image":[{"width":240,"height":85,"url":"https:\/\/www.upjs.sk\/app\/uploads\/sites\/15\/2022\/10\/logo-freshplus-ke.jpg","type":"image\/jpeg"}],"twitter_card":"summary_large_image","twitter_misc":{"Predpokladan\u00fd \u010das \u010d\u00edtania":"4 min\u00faty"},"schema":{"@context":"https:\/\/schema.org","@graph":[{"@type":"WebPage","@id":"https:\/\/www.upjs.sk\/pracoviska\/botanicka-zahrada\/ponukame\/botanikiada-2017-vyhodnotenie\/","url":"https:\/\/www.upjs.sk\/pracoviska\/botanicka-zahrada\/ponukame\/botanikiada-2017-vyhodnotenie\/","name":"Botaniki\u00e1da 2017 - Botanick\u00e1 z\u00e1hrada","isPartOf":{"@id":"https:\/\/www.upjs.sk\/pracoviska\/botanicka-zahrada\/#website"},"primaryImageOfPage":{"@id":"https:\/\/www.upjs.sk\/pracoviska\/botanicka-zahrada\/ponukame\/botanikiada-2017-vyhodnotenie\/#primaryimage"},"image":{"@id":"https:\/\/www.upjs.sk\/pracoviska\/botanicka-zahrada\/ponukame\/botanikiada-2017-vyhodnotenie\/#primaryimage"},"thumbnailUrl":"https:\/\/www.upjs.sk\/app\/uploads\/sites\/15\/2022\/10\/logo-freshplus-ke.jpg","datePublished":"2022-08-24T09:07:13+00:00","dateModified":"2023-06-28T07:29:46+00:00","breadcrumb":{"@id":"https:\/\/www.upjs.sk\/pracoviska\/botanicka-zahrada\/ponukame\/botanikiada-2017-vyhodnotenie\/#breadcrumb"},"inLanguage":"sk-SK","potentialAction":[{"@type":"ReadAction","target":["https:\/\/www.upjs.sk\/pracoviska\/botanicka-zahrada\/ponukame\/botanikiada-2017-vyhodnotenie\/"]}]},{"@type":"ImageObject","inLanguage":"sk-SK","@id":"https:\/\/www.upjs.sk\/pracoviska\/botanicka-zahrada\/ponukame\/botanikiada-2017-vyhodnotenie\/#primaryimage","url":"https:\/\/www.upjs.sk\/app\/uploads\/sites\/15\/2022\/10\/logo-freshplus-ke.jpg","contentUrl":"https:\/\/www.upjs.sk\/app\/uploads\/sites\/15\/2022\/10\/logo-freshplus-ke.jpg","width":240,"height":85,"caption":"botanikiada-2017-vyhodnotenie"},{"@type":"BreadcrumbList","@id":"https:\/\/www.upjs.sk\/pracoviska\/botanicka-zahrada\/ponukame\/botanikiada-2017-vyhodnotenie\/#breadcrumb","itemListElement":[{"@type":"ListItem","position":1,"name":"Home","item":"https:\/\/www.upjs.sk\/pracoviska\/botanicka-zahrada\/"},{"@type":"ListItem","position":2,"name":"\u010co pon\u00fakame","item":"https:\/\/www.upjs.sk\/pracoviska\/botanicka-zahrada\/ponukame\/"},{"@type":"ListItem","position":3,"name":"Botaniki\u00e1da 2017"}]},{"@type":"WebSite","@id":"https:\/\/www.upjs.sk\/pracoviska\/botanicka-zahrada\/#website","url":"https:\/\/www.upjs.sk\/pracoviska\/botanicka-zahrada\/","name":"Botanick\u00e1 z\u00e1hrada","description":"","publisher":{"@id":"https:\/\/www.upjs.sk\/pracoviska\/botanicka-zahrada\/#organization"},"potentialAction":[{"@type":"SearchAction","target":{"@type":"EntryPoint","urlTemplate":"https:\/\/www.upjs.sk\/pracoviska\/botanicka-zahrada\/?s={search_term_string}"},"query-input":{"@type":"PropertyValueSpecification","valueRequired":true,"valueName":"search_term_string"}}],"inLanguage":"sk-SK"},{"@type":"Organization","@id":"https:\/\/www.upjs.sk\/pracoviska\/botanicka-zahrada\/#organization","name":"Botanick\u00e1 z\u00e1hrada","url":"https:\/\/www.upjs.sk\/pracoviska\/botanicka-zahrada\/","logo":{"@type":"ImageObject","inLanguage":"sk-SK","@id":"https:\/\/www.upjs.sk\/pracoviska\/botanicka-zahrada\/#\/schema\/logo\/image\/","url":"https:\/\/www.upjs.sk\/app\/uploads\/sites\/15\/2023\/01\/BZ-2.svg","contentUrl":"https:\/\/www.upjs.sk\/app\/uploads\/sites\/15\/2023\/01\/BZ-2.svg","width":500,"height":138,"caption":"Botanick\u00e1 z\u00e1hrada"},"image":{"@id":"https:\/\/www.upjs.sk\/pracoviska\/botanicka-zahrada\/#\/schema\/logo\/image\/"}}]}},"_links":{"self":[{"href":"https:\/\/www.upjs.sk\/pracoviska\/botanicka-zahrada\/wp-json\/wp\/v2\/pages\/14548","targetHints":{"allow":["GET"]}}],"collection":[{"href":"https:\/\/www.upjs.sk\/pracoviska\/botanicka-zahrada\/wp-json\/wp\/v2\/pages"}],"about":[{"href":"https:\/\/www.upjs.sk\/pracoviska\/botanicka-zahrada\/wp-json\/wp\/v2\/types\/page"}],"author":[{"embeddable":true,"href":"https:\/\/www.upjs.sk\/pracoviska\/botanicka-zahrada\/wp-json\/wp\/v2\/users\/1"}],"replies":[{"embeddable":true,"href":"https:\/\/www.upjs.sk\/pracoviska\/botanicka-zahrada\/wp-json\/wp\/v2\/comments?post=14548"}],"version-history":[{"count":5,"href":"https:\/\/www.upjs.sk\/pracoviska\/botanicka-zahrada\/wp-json\/wp\/v2\/pages\/14548\/revisions"}],"predecessor-version":[{"id":21179,"href":"https:\/\/www.upjs.sk\/pracoviska\/botanicka-zahrada\/wp-json\/wp\/v2\/pages\/14548\/revisions\/21179"}],"up":[{"embeddable":true,"href":"https:\/\/www.upjs.sk\/pracoviska\/botanicka-zahrada\/wp-json\/wp\/v2\/pages\/14263"}],"wp:featuredmedia":[{"embeddable":true,"href":"https:\/\/www.upjs.sk\/pracoviska\/botanicka-zahrada\/wp-json\/wp\/v2\/media\/14476"}],"wp:attachment":[{"href":"https:\/\/www.upjs.sk\/pracoviska\/botanicka-zahrada\/wp-json\/wp\/v2\/media?parent=14548"}],"wp:term":[{"taxonomy":"category","embeddable":true,"href":"https:\/\/www.upjs.sk\/pracoviska\/botanicka-zahrada\/wp-json\/wp\/v2\/categories?post=14548"},{"taxonomy":"post_tag","embeddable":true,"href":"https:\/\/www.upjs.sk\/pracoviska\/botanicka-zahrada\/wp-json\/wp\/v2\/tags?post=14548"}],"curies":[{"name":"wp","href":"https:\/\/api.w.org\/{rel}","templated":true}]}}