{"id":15017,"date":"2021-03-15T11:39:22","date_gmt":"2021-03-15T11:39:22","guid":{"rendered":"https:\/\/www.upjs.sk\/pracoviska\/botanicka-zahrada\/root\/kto-sme\/historia-2\/"},"modified":"2023-07-27T13:36:56","modified_gmt":"2023-07-27T13:36:56","slug":"historia-2","status":"publish","type":"page","link":"https:\/\/www.upjs.sk\/pracoviska\/botanicka-zahrada\/kto-sme\/historia-2\/","title":{"rendered":"Hist\u00f3ria a s\u00fa\u010dasnos\u0165"},"content":{"rendered":"\n<p><strong>Z\u00e1kladn\u00e9 fakty a&nbsp;poslanie<\/strong><\/p>\n\n\n\n<ul class=\"wp-block-list\">\n<li>Botanick\u00e1 z\u00e1hrada (BZ) je vedecko-pedagogick\u00fdm pracoviskom Univerzity Pavla Jozefa \u0160af\u00e1rika v&nbsp;Ko\u0161iciach, v&nbsp;\u0161ir\u0161om zmysle vzdel\u00e1vacia a&nbsp;kult\u00farna ustanovize\u0148 regi\u00f3nu v\u00fdchodn\u00e9ho Slovenska s&nbsp;n\u00e1rodn\u00fdm a&nbsp;medzin\u00e1rodn\u00fdm v\u00fdznamom<\/li>\n\n\n\n<li>rozlohou 30 hekt\u00e1rov,&nbsp;sklen\u00edkmi na ploche 3500 m<sup>2<\/sup> a&nbsp;zbierkov\u00fdm fondom vy\u0161e 4000 druhov, poddruhov a&nbsp;kultivarov rastl\u00edn je najv\u00e4\u010d\u0161ou botanickou z\u00e1hradou na Slovensku; rastlinn\u00e9 spolo\u010denstv\u00e1 v&nbsp;are\u00e1li botanickej z\u00e1hrady dop\u013a\u0148aj\u00fa vz\u00e1cne a&nbsp;ohrozen\u00e9 druhy \u017eivo\u010d\u00edchov, ktor\u00e9 tu na\u0161li svoj domov<\/li>\n\n\n\n<li>nach\u00e1dza sa tu najv\u00e4\u010d\u0161ia zbierka kaktusov a&nbsp;cykasov na Slovensku; ve\u013emi vz\u00e1cne exempl\u00e1re r\u00f4znych tropick\u00fdch a&nbsp;subtropick\u00fdch rastl\u00edn, napr\u00edklad unik\u00e1tne orchidey, ako aj \u201e\u017eiv\u00e9 skameneliny\u201c, napr\u00edklad wol\u00e9mia, ginko \u010di sekvojovec<\/li>\n\n\n\n<li>v&nbsp;zmysle medzin\u00e1rodnej Konvencie o&nbsp;biologickej diverzite (CBD \u2013 Convention on biological diversity) je hlavnou n\u00e1pl\u0148ou \u010dinnosti BZ vedeckov\u00fdskumn\u00e1 \u010dinnos\u0165 zameran\u00e1 na s\u00fastre\u010fovanie a \u0161t\u00fadium genofondu ohrozen\u00fdch a&nbsp;be\u017en\u00fdch druhov cel\u00e9ho sveta so \u0161peci\u00e1lnym zameran\u00edm na ohrozen\u00e9 druhy karpatsko-pan\u00f3nskeho regi\u00f3nu<\/li>\n\n\n\n<li>v synergii s&nbsp;Pr\u00edrodovedeckou fakultou sa BZ podie\u013ea na vysoko\u0161kolskom vzdel\u00e1van\u00ed v&nbsp;regi\u00f3ne prostredn\u00edctvom v\u00fdu\u010dby odborn\u00edkmi z BZ a poskytuje z\u00e1zemie na realiz\u00e1ciu v\u00fdu\u010dby botanick\u00fdch aj \u010fal\u0161\u00edch biologick\u00fdch discipl\u00edn<\/li>\n\n\n\n<li>hlavn\u00e9 poslanie botanickej z\u00e1hrady v&nbsp;oblasti vzdel\u00e1vacej a&nbsp;populariza\u010dnej \u010dinnosti je zameran\u00e9 na podporu v\u00fdchovy a&nbsp;vzdel\u00e1vania na z\u00e1kladn\u00fdch a&nbsp;stredn\u00fdch \u0161kol\u00e1ch prostredn\u00edctvom st\u00e1lych expoz\u00edci\u00ed a&nbsp;v\u00fdstav, ako aj&nbsp;s\u00fa\u0165a\u017e\u00ed pre z\u00e1kladn\u00e9 \u0161koly; tieto aktivity sa v\u00fdznamnou mierou podie\u013eaj\u00fa aj na vzdel\u00e1van\u00ed a&nbsp;rozvoji kult\u00farneho povedomia dospelej popul\u00e1cie<\/li>\n<\/ul>\n\n\n\n<div style=\"height:40px\" aria-hidden=\"true\" class=\"wp-block-spacer\"><\/div>\n\n\n\n<p><strong>S\u00eddlo botanickej z\u00e1hrady<\/strong><br>M\u00e1nesova ulica \u010d. 23, 043 52, Ko\u0161ice a&nbsp;pri\u013eahl\u00fd are\u00e1l, mestsk\u00e1 \u010das\u0165 Ko\u0161ice \u2013 Sever<br><a href=\"https:\/\/www.upjs.sk\/pracoviska\/botanicka-zahrada\/navstivte-nas\/ako-k-nam\">Ako sa dosta\u0165 ku n\u00e1m?<\/a><\/p>\n\n\n\n<p><strong>V\u00fdznamn\u00e9 medzn\u00edky v&nbsp;hist\u00f3rii Botanickej z\u00e1hrady UPJ\u0160 v&nbsp;Ko\u0161iciach<\/strong><\/p>\n\n\n\n<ul class=\"wp-block-list\">\n<li>5. m\u00e1j 1950&nbsp;\u2013 zalo\u017eenie botanickej z\u00e1hrady (BZ) ako Botanick\u00e9ho \u00fastavu Vysokej \u0161koly po\u013enohospod\u00e1rskeho a&nbsp;lesn\u00edckeho in\u017einierstva, do\u010dasn\u00fdm riadite\u013eom sa st\u00e1va Dr. Jozef R\u00e1cz<\/li>\n\n\n\n<li>jar 1951&nbsp;\u2013 za\u010diatok v\u00fdstavby sklen\u00edkov pod\u013ea projektu firmy Hontsch z D\u011b\u010d\u00edna, najvy\u0161\u0161\u00ed sklen\u00edk bude ma\u0165 v\u00fd\u0161ku 12 m<\/li>\n\n\n\n<li>1. janu\u00e1r 1953&nbsp;\u2013 prechod BZ pod pripravovan\u00fa Slovensk\u00fa akad\u00e9miu vied<\/li>\n\n\n\n<li>1953&nbsp;\u2013 vybudovan\u00e1 najstar\u0161ia stavba v BZ Rozh\u013ead\u0148a (naz\u00fdvan\u00e1 aj Str\u00e1\u017ena ve\u017ea alebo Str\u00e1\u017eny dom\u010dek) s&nbsp;v\u00fd\u0161kou 6 m a&nbsp;s&nbsp;n\u00e1dhern\u00fdm v\u00fdh\u013eadom na Ko\u0161ick\u00fa kotlinu s&nbsp;riekou Horn\u00e1d<\/li>\n\n\n\n<li>12. december 1954&nbsp;\u2013 botanick\u00e1 z\u00e1hrada sa zap\u00e1ja do medzin\u00e1rodnej v\u00fdmeny semien a&nbsp;vyd\u00e1va svoj prv\u00fd v\u00fdmenn\u00fd zoznam semien Index Seminum<\/li>\n\n\n\n<li>1955 \u2013 Botanick\u00e1 z\u00e1hrada SAV v&nbsp;Ko\u0161iciach je jedin\u00e1 v&nbsp;\u010ceskoslovensku, ktor\u00e1 m\u00e1 vlastn\u00e9 biochemick\u00e9 oddelenie<\/li>\n\n\n\n<li>1956 \u2013 Botanick\u00e1 z\u00e1hrada m\u00e1 aktu\u00e1lne rozlohu 56 ha<\/li>\n\n\n\n<li>1957 a nesk\u00f4r \u2013 v\u00fdskum muta\u010dn\u00e9ho \u0161\u013eachtenia sa realizuje pomocou vlastn\u00e9ho gama po\u013ea<\/li>\n\n\n\n<li>1958 \u2013 oklie\u0161tenie pozemkov BZ v\u00fdstavbou V\u00fdskumn\u00e9ho \u00fastavu ban\u00edckeho a&nbsp;hutn\u00edckeho SAV<\/li>\n\n\n\n<li>14. okt\u00f3ber 1958&nbsp;\u2013 sl\u00e1vnostn\u00e9 otvorenie sklen\u00edkov botanickej z\u00e1hrady (tri ve\u013ek\u00e9 a sedem pripojen\u00fdch men\u0161\u00edch)<\/li>\n\n\n\n<li>31. december 1959&nbsp;\u2013 delimit\u00e1cia BZ na vznikaj\u00faci Pedagogick\u00fd in\u0161tit\u00fat v&nbsp;Ko\u0161iciach<\/li>\n\n\n\n<li>1960 \u2013 n\u00e1v\u0161tevnos\u0165 BZ dosiahla&nbsp; 8700 n\u00e1v\u0161tevn\u00edkov z&nbsp;\u010ceskoslovenska a&nbsp;okolit\u00fdch kraj\u00edn<\/li>\n\n\n\n<li>1. janu\u00e1r 1964&nbsp;\u2013&nbsp;BZ pri\u010dlenen\u00e1 k&nbsp;Univerzite Pavla Jozefa \u0160af\u00e1rika v&nbsp;Ko\u0161iciach<\/li>\n\n\n\n<li>1964 \u2013 vybudovan\u00e9 definit\u00edvne bet\u00f3nov\u00e9 parenisk\u00e1 a&nbsp;gener\u00e1lna oprava z\u00e1chytnej studne<\/li>\n\n\n\n<li>1965 \u2013 v\u00edno z&nbsp;Botanickej z\u00e1hrady \u201eKamenoru\u017eiak \u010derven\u00fd\u201c z\u00edskava 3. cenu a&nbsp;\u010destn\u00e9 uznanie na oblastnej v\u00fdstave v\u00edn v&nbsp;Sobranciach<\/li>\n\n\n\n<li>1965 \u2013 BZ UPJ\u0160 sa prv\u00fdkr\u00e1t z\u00fa\u010dast\u0148uje celo\u0161t\u00e1tnej v\u00fdstavy okrasn\u00e9ho z\u00e1hradn\u00edctva v&nbsp;Olomouci<\/li>\n\n\n\n<li>febru\u00e1r 1969 \u2013 komplexn\u00e9 dokon\u010denie administrat\u00edvnej budovy BZ, \u010das\u0165 priestorov s&nbsp;posluch\u00e1r\u0148ami, laborat\u00f3riami a&nbsp;pracov\u0148ami patr\u00ed Pr\u00edrodovedeckej fakulte UPJ\u0160<\/li>\n\n\n\n<li>1971 \u2013 vy\u0161\u013eachtenie odrody <em>Trifolium pratense <\/em>\u02bcDargov\u02bc pracovn\u00edkmi BZ UPJ\u0160<\/li>\n\n\n\n<li>1982 \u2013 vych\u00e1dza prv\u00e9 Enumeratio Plantarum, zoznam zbierkov\u00fdch fondov BZ UPJ\u0160, neskor\u0161ie pod n\u00e1zvom Catalogue of Plant Collections<\/li>\n\n\n\n<li>1989 \u2013 vydan\u00fd&nbsp; katal\u00f3g zbierkov\u00e9ho fondu, Catalogue of Plant Collections no. 2<\/li>\n\n\n\n<li>1990 \u2013 prestavba vstupnej haly BZ<\/li>\n\n\n\n<li>1990-1991&nbsp;\u2013 vznesen\u00e9 po\u017eiadavky re\u0161tituentov na pozemky are\u00e1lu BZ (rie\u0161en\u00e9 pren\u00e1jmom pozemkov od re\u0161tituentov)<\/li>\n\n\n\n<li>1991 \u2013 ukon\u010denie \u00faprav miestnost\u00ed pre uskladnenie a&nbsp;pr\u00e1cu s herb\u00e1rom<\/li>\n\n\n\n<li>1991&nbsp;\u2013 za\u010diatok vyd\u00e1vania medzin\u00e1rodn\u00e9ho botanick\u00e9ho \u010dasopisu Thaiszia \u2013 Journal of Botany (v r. 2020 vy\u0161iel 30. ro\u010dn\u00edk \u010dasopisu)<\/li>\n\n\n\n<li>1991 \u2013 1992&nbsp;\u2013 v\u00fdstavba \u00f4smych pestovate\u013esk\u00fdch sklen\u00edkov, z&nbsp;toho \u0161tyroch vykurovan\u00fdch<\/li>\n\n\n\n<li>1992 \u2013 1993 \u2013 uskuto\u010dnen\u00e1 rozsiahla rekon\u0161trukcia v&nbsp;expozi\u010dn\u00fdch sklen\u00edkoch<\/li>\n\n\n\n<li>2000 \u2013&nbsp;zrealizovan\u00fd projekt Ekologickej n\u00e1u\u010dnej plochy pod\u013ea n\u00e1vrhu prof. Ivara Otrubu<\/li>\n\n\n\n<li>21. marec 2002 \u2013&nbsp;BZ je vyhl\u00e1sen\u00e1 za z\u00e1konom chr\u00e1nen\u00fd are\u00e1l<\/li>\n\n\n\n<li>apr\u00edl 2006&nbsp;\u2013 spustenie programu biologickej ochrany rastl\u00edn v&nbsp;expozi\u010dn\u00fdch sklen\u00edkoch<\/li>\n\n\n\n<li>2007 \u2013&nbsp;BZ UPJ\u0160 bola zaregistrovan\u00e1 v&nbsp;medzin\u00e1rodnom syst\u00e9me International Agenda Botanic Gardens Conservation International<\/li>\n\n\n\n<li>m\u00e1j \u2013 j\u00fan 2008 \u2013&nbsp;prv\u00fd ro\u010dn\u00edk v\u00fdstavy (show) tropick\u00fdch mot\u00fd\u013eov v&nbsp;sklen\u00edku Vikt\u00f3ria, v&nbsp;\u010fal\u0161\u00edch rokoch jednej z&nbsp;naj\u00faspe\u0161nej\u0161\u00edch tematick\u00fdch v\u00fdstav<\/li>\n\n\n\n<li>2009 \u2013&nbsp;prv\u00fd ro\u010dn\u00edk v\u00fdstavy orchide\u00ed, v&nbsp;danom aj v \u010fal\u0161\u00edch rokoch tie\u017e ve\u013emi \u00faspe\u0161n\u00fdch v\u00fdstav<\/li>\n\n\n\n<li>m\u00e1j 2010&nbsp;\u2013 prv\u00fd ro\u010dn\u00edk mimoriadne \u00faspe\u0161nej s\u00e9rie s\u00fa\u0165a\u017e\u00ed pre deti z\u00e1kladn\u00fdch \u0161k\u00f4l Botaniki\u00e1da<\/li>\n\n\n\n<li>j\u00fan 2012 a&nbsp;2013&nbsp;\u2013 ko\u0161ick\u00e9 podujatie Gurm\u00e1nFest sa uskuto\u010d\u0148uje v&nbsp;priestoroch BZ<\/li>\n\n\n\n<li>17. \u2013 19. m\u00e1j 2013 \u2013 11. n\u00e1rodn\u00e1 v\u00fdstava bonsajov a&nbsp;suiseki sa uskuto\u010dnila v&nbsp;BZ UPJ\u0160<\/li>\n\n\n\n<li>2013&nbsp;\u2013 BZ sa podie\u013ea na sprievodn\u00fdch podujatiach Eur\u00f3pskeho hlavn\u00e9ho mesta kult\u00fary<\/li>\n\n\n\n<li>2013-2014&nbsp;\u2013 realiz\u00e1cia V\u010del\u00e1rskeho n\u00e1u\u010dn\u00e9ho chodn\u00edka s&nbsp;13 tabu\u013eami v&nbsp;are\u00e1li BZ<\/li>\n\n\n\n<li>apr\u00edl 2014&nbsp;\u2013 po dlhotrvaj\u00facich vy\u010derp\u00e1vaj\u00facich jednaniach vysporiadanie pozemkov\u00fdch vz\u0165ahov v&nbsp;are\u00e1li BZ (odk\u00fapenie \u0161iestich hekt\u00e1rov od Dominik\u00e1nskeho konventu, ktor\u00fd odmietal pred\u013a\u017ei\u0165 n\u00e1jomn\u00fa zmluvu)<\/li>\n\n\n\n<li>24. okt\u00f3ber 2014&nbsp;\u2013 BZ ocenen\u00e1 Cenou Ko\u0161ick\u00e9ho samospr\u00e1vneho kraja za vynikaj\u00face v\u00fdsledky transferu zhroma\u017eden\u00fdch poznatkov z&nbsp;r\u00ed\u0161e rastl\u00edn medzi \u0161irokou verejnos\u0165ou s&nbsp;cie\u013eom upev\u0148ovania trvalej udr\u017eate\u013enosti priazniv\u00e9ho \u017eivotn\u00e9ho prostredia<\/li>\n\n\n\n<li>2014-2015&nbsp;\u2013 rekon\u0161trukcia a&nbsp;moderniz\u00e1cia opl\u00e1\u0161tenia hlavn\u00fdch sklen\u00edkov BZ<\/li>\n\n\n\n<li>2016-2017&nbsp;\u2013 rekon\u0161trukcia a&nbsp;automatiz\u00e1cia vykurovania v&nbsp;s\u00fastave sklen\u00edkov BZ<\/li>\n\n\n\n<li>leto 2017 \u2013 rekon\u0161trukcia pestovate\u013esk\u00e9ho sklen\u00edka \u201ebutik\u201c<\/li>\n\n\n\n<li>2018&nbsp;\u2013 spusten\u00e1 prv\u00e1 mobiln\u00e1 aplik\u00e1cia pre n\u00e1v\u0161tevn\u00edkov BZ na Slovensku<\/li>\n\n\n\n<li>leto 2018 \u2013 moderniz\u00e1cia tzv. ant\u00fariov\u00e9ho sklen\u00edka<\/li>\n\n\n\n<li>august 2018&nbsp;\u2013 vydanie suven\u00edrovej 0,-\u20ac bankovky s&nbsp;n\u00e1metom sklen\u00edkov BZ UPJ\u0160 pri pr\u00edle\u017eitosti 60. v\u00fdro\u010dia spustenia sklen\u00edkov do prev\u00e1dzky<\/li>\n\n\n\n<li>19. \u2013 28. okt\u00f3ber 2018 \u2013 v&nbsp;spolupr\u00e1ci s&nbsp;firmou flAVATAR sa uskuto\u010dnila prv\u00fdkr\u00e1t v\u00fdstava svetielkuj\u00facich rastl\u00edn<\/li>\n\n\n\n<li>j\u00fal&nbsp;\u2013&nbsp;okt\u00f3ber&nbsp;2019&nbsp;\u2013 rekon\u0161trukcia rozvodov elektriny a&nbsp;po\u010d\u00edta\u010dov\u00fdch siet\u00ed, ako aj interi\u00e9ru budovy, pestovate\u013esk\u00e9ho sklen\u00edka a&nbsp;jazierka v&nbsp;dolnej \u010dasti are\u00e1lu<\/li>\n\n\n\n<li>okt\u00f3ber 2019&nbsp;\u2013 zalo\u017eenie ob\u010dianskeho zdru\u017eenia BotaniKE, ktor\u00e9ho cie\u013eom je pom\u00e1ha\u0165 Botanickej z\u00e1hrade UPJ\u0160 a&nbsp;podporova\u0165 ju<\/li>\n\n\n\n<li>17. 6. 2020 \u2013 Slovensk\u00e1 po\u0161ta vyd\u00e1va h\u00e1r\u010dek s&nbsp;nomin\u00e1lnou hodnotou 2,80 \u20ac v&nbsp;cykle Ochrana pr\u00edrody: \u201eBotanick\u00e1 z\u00e1hrada UPJ\u0160 v&nbsp;Ko\u0161iciach \u2013 magn\u00f3lia ve\u013ekokvet\u00e1\u201c s&nbsp;vyobrazen\u00edm magn\u00f3lie na zn\u00e1mke a&nbsp;sklen\u00edkov BZ na h\u00e1r\u010deku<\/li>\n\n\n\n<li>august 2020 \u2013 prv\u00fdkr\u00e1t sa uskuto\u010dnili 3 letn\u00e9 koncerty v&nbsp;Botanickej z\u00e1hrade, na prvom koncerte zahralo zdru\u017eenie Musica Iuvenalis<\/li>\n\n\n\n<li>september 2020 \u2013 vydan\u00fd katal\u00f3g zbierkov\u00e9ho fondu Catalogue of Plant Collections no. 7<\/li>\n\n\n\n<li>3. &#8211; 4. september 2020 \u2013 Botanick\u00e1 z\u00e1hrada uskuto\u010dnila vedeck\u00fa konferenciu \u201eHist\u00f3ria a&nbsp;s\u00fa\u010dasnos\u0165 botanick\u00e9ho v\u00fdskumu a&nbsp;ochrany pr\u00edrody\u201c pri pr\u00edle\u017eitosti 70. v\u00fdro\u010dia BZ UPJ\u0160<\/li>\n\n\n\n<li>11. september 2020 \u2013 Botanickej z\u00e1hrade UPJ\u0160 bola udelen\u00e1 Cena rektora v kateg\u00f3rii V\u00fdznamn\u00fd medi\u00e1lny \u010din: za \u0161\u00edrenie dobr\u00e9ho mena UPJ\u0160 v&nbsp;Ko\u0161iciach v&nbsp;r\u00e1mci organizovania podujat\u00ed Botanickej z\u00e1hrady pri pr\u00edle\u017eitosti 70. v\u00fdro\u010dia jej zalo\u017eenia a&nbsp;za v\u00fdznamn\u00fd medi\u00e1lny ohlas na sl\u00e1vnostn\u00fa inaugur\u00e1ciu v\u00fdro\u010dnej po\u0161tovej zn\u00e1mky s&nbsp;botanick\u00fdm mot\u00edvom<\/li>\n\n\n\n<li>2021 &#8211; 2022 &#8211; rekon\u0161trukcia budovy botanickej z\u00e1hrady zahr\u0148uj\u00faca zateplenie fas\u00e1dy, v\u00fdmenu okien, dver\u00ed, osvetlenia a bleskozvodov, renov\u00e1ciu dvora, vybudovanie bezbari\u00e9rov\u00e9ho pr\u00edstupu, vybudovanie n\u00e1v\u0161tevn\u00edckeho centra a kaviarne v celkovej hodnote 1,6 mili\u00f3na eur.<\/li>\n\n\n\n<li>jese\u0148 2022 &#8211; obnova prvkov z\u00e1hradnej architekt\u00fary prostredn\u00edctvom ob\u010dianskeho zdru\u017eenia BotaniKE, ktor\u00e1 zah\u0155\u0148ala vybudovanie bylinkovej z\u00e1hrady prisp\u00f4sobenej imobiln\u00fdm a zrakovo postihnut\u00fdm; vybudovanie novej oce\u013eovej pergoly; vybudovanie nov\u00e9ho posedenia v dolnej \u010dasti are\u00e1lu a oprava 60 metrov dlh\u00e9ho oporn\u00e9ho m\u00farika.<\/li>\n\n\n\n<li>zima 2022\/2023 &#8211; spustenie novej slu\u017eby Noc v d\u017eungli, ktor\u00e1 predstavuje komentovan\u00fa prehliadku v sklen\u00edkoch po zotmen\u00ed. Slu\u017eba vznikla v\u010faka sponzorsk\u00e9mu daru od spolo\u010dnosti VSE Holding, a.s., prostredn\u00edctvom ktor\u00e9ho sa po\u010das jesene 2021 in\u0161taloval audio-vizu\u00e1lny syst\u00e9m do expozi\u010dn\u00fdch sklen\u00edkov<\/li>\n<\/ul>\n\n\n\n<div style=\"height:35px\" aria-hidden=\"true\" class=\"wp-block-spacer\"><\/div>\n\n\n\n<p><a href=\"https:\/\/www.upjs.sk\/app\/uploads\/sites\/15\/2022\/10\/Riaditelia-BZ-UPJS.pdf\" target=\"_blank\" rel=\"noopener\"><strong>Riaditelia Botanickej z\u00e1hrady UPJ\u0160 v Ko\u0161iciach<\/strong><\/a><\/p>\n","protected":false},"excerpt":{"rendered":"<p>Z\u00e1kladn\u00e9 fakty a&nbsp;poslanie S\u00eddlo botanickej z\u00e1hradyM\u00e1nesova ulica \u010d. 23, 043 52, Ko\u0161ice a&nbsp;pri\u013eahl\u00fd are\u00e1l, mestsk\u00e1 \u010das\u0165 Ko\u0161ice \u2013 SeverAko sa dosta\u0165 ku n\u00e1m? V\u00fdznamn\u00e9 medzn\u00edky v&nbsp;hist\u00f3rii Botanickej z\u00e1hrady UPJ\u0160 v&nbsp;Ko\u0161iciach Riaditelia Botanickej z\u00e1hrady UPJ\u0160 v Ko\u0161iciach<\/p>\n","protected":false},"author":1,"featured_media":0,"parent":15010,"menu_order":1,"comment_status":"closed","ping_status":"closed","template":"","meta":{"_acf_changed":false,"_editorskit_title_hidden":false,"_editorskit_reading_time":4,"_editorskit_is_block_options_detached":false,"_editorskit_block_options_position":"{}","footnotes":""},"categories":[],"tags":[],"class_list":["post-15017","page","type-page","status-publish","hentry"],"acf":{"acf_link_na_externy_obsah":""},"yoast_head":"<!-- This site is optimized with the Yoast SEO plugin v27.5 - https:\/\/yoast.com\/product\/yoast-seo-wordpress\/ -->\n<title>Hist\u00f3ria a s\u00fa\u010dasnos\u0165 - Botanick\u00e1 z\u00e1hrada<\/title>\n<meta name=\"robots\" content=\"index, follow, max-snippet:-1, max-image-preview:large, max-video-preview:-1\" \/>\n<link rel=\"canonical\" href=\"https:\/\/www.upjs.sk\/pracoviska\/botanicka-zahrada\/kto-sme\/historia-2\/\" \/>\n<meta property=\"og:locale\" content=\"sk_SK\" \/>\n<meta property=\"og:type\" content=\"article\" \/>\n<meta property=\"og:title\" content=\"Hist\u00f3ria a s\u00fa\u010dasnos\u0165 - Botanick\u00e1 z\u00e1hrada\" \/>\n<meta property=\"og:description\" content=\"Z\u00e1kladn\u00e9 fakty a&nbsp;poslanie S\u00eddlo botanickej z\u00e1hradyM\u00e1nesova ulica \u010d. 23, 043 52, Ko\u0161ice a&nbsp;pri\u013eahl\u00fd are\u00e1l, mestsk\u00e1 \u010das\u0165 Ko\u0161ice \u2013 SeverAko sa dosta\u0165 ku n\u00e1m? V\u00fdznamn\u00e9 medzn\u00edky v&nbsp;hist\u00f3rii Botanickej z\u00e1hrady UPJ\u0160 v&nbsp;Ko\u0161iciach Riaditelia Botanickej z\u00e1hrady UPJ\u0160 v Ko\u0161iciach\" \/>\n<meta property=\"og:url\" content=\"https:\/\/www.upjs.sk\/pracoviska\/botanicka-zahrada\/kto-sme\/historia-2\/\" \/>\n<meta property=\"og:site_name\" content=\"Botanick\u00e1 z\u00e1hrada\" \/>\n<meta property=\"article:modified_time\" content=\"2023-07-27T13:36:56+00:00\" \/>\n<meta name=\"twitter:card\" content=\"summary_large_image\" \/>\n<script type=\"application\/ld+json\" class=\"yoast-schema-graph\">{\"@context\":\"https:\\\/\\\/schema.org\",\"@graph\":[{\"@type\":\"WebPage\",\"@id\":\"https:\\\/\\\/www.upjs.sk\\\/pracoviska\\\/botanicka-zahrada\\\/kto-sme\\\/historia-2\\\/\",\"url\":\"https:\\\/\\\/www.upjs.sk\\\/pracoviska\\\/botanicka-zahrada\\\/kto-sme\\\/historia-2\\\/\",\"name\":\"Hist\u00f3ria a s\u00fa\u010dasnos\u0165 - Botanick\u00e1 z\u00e1hrada\",\"isPartOf\":{\"@id\":\"https:\\\/\\\/www.upjs.sk\\\/pracoviska\\\/botanicka-zahrada\\\/#website\"},\"datePublished\":\"2021-03-15T11:39:22+00:00\",\"dateModified\":\"2023-07-27T13:36:56+00:00\",\"breadcrumb\":{\"@id\":\"https:\\\/\\\/www.upjs.sk\\\/pracoviska\\\/botanicka-zahrada\\\/kto-sme\\\/historia-2\\\/#breadcrumb\"},\"inLanguage\":\"sk-SK\",\"potentialAction\":[{\"@type\":\"ReadAction\",\"target\":[\"https:\\\/\\\/www.upjs.sk\\\/pracoviska\\\/botanicka-zahrada\\\/kto-sme\\\/historia-2\\\/\"]}]},{\"@type\":\"BreadcrumbList\",\"@id\":\"https:\\\/\\\/www.upjs.sk\\\/pracoviska\\\/botanicka-zahrada\\\/kto-sme\\\/historia-2\\\/#breadcrumb\",\"itemListElement\":[{\"@type\":\"ListItem\",\"position\":1,\"name\":\"Home\",\"item\":\"https:\\\/\\\/www.upjs.sk\\\/pracoviska\\\/botanicka-zahrada\\\/\"},{\"@type\":\"ListItem\",\"position\":2,\"name\":\"Kto sme\",\"item\":\"https:\\\/\\\/www.upjs.sk\\\/pracoviska\\\/botanicka-zahrada\\\/kto-sme\\\/\"},{\"@type\":\"ListItem\",\"position\":3,\"name\":\"Hist\u00f3ria a s\u00fa\u010dasnos\u0165\"}]},{\"@type\":\"WebSite\",\"@id\":\"https:\\\/\\\/www.upjs.sk\\\/pracoviska\\\/botanicka-zahrada\\\/#website\",\"url\":\"https:\\\/\\\/www.upjs.sk\\\/pracoviska\\\/botanicka-zahrada\\\/\",\"name\":\"Botanick\u00e1 z\u00e1hrada\",\"description\":\"\",\"publisher\":{\"@id\":\"https:\\\/\\\/www.upjs.sk\\\/pracoviska\\\/botanicka-zahrada\\\/#organization\"},\"potentialAction\":[{\"@type\":\"SearchAction\",\"target\":{\"@type\":\"EntryPoint\",\"urlTemplate\":\"https:\\\/\\\/www.upjs.sk\\\/pracoviska\\\/botanicka-zahrada\\\/?s={search_term_string}\"},\"query-input\":{\"@type\":\"PropertyValueSpecification\",\"valueRequired\":true,\"valueName\":\"search_term_string\"}}],\"inLanguage\":\"sk-SK\"},{\"@type\":\"Organization\",\"@id\":\"https:\\\/\\\/www.upjs.sk\\\/pracoviska\\\/botanicka-zahrada\\\/#organization\",\"name\":\"Botanick\u00e1 z\u00e1hrada\",\"url\":\"https:\\\/\\\/www.upjs.sk\\\/pracoviska\\\/botanicka-zahrada\\\/\",\"logo\":{\"@type\":\"ImageObject\",\"inLanguage\":\"sk-SK\",\"@id\":\"https:\\\/\\\/www.upjs.sk\\\/pracoviska\\\/botanicka-zahrada\\\/#\\\/schema\\\/logo\\\/image\\\/\",\"url\":\"https:\\\/\\\/www.upjs.sk\\\/app\\\/uploads\\\/sites\\\/15\\\/2023\\\/01\\\/BZ-2.svg\",\"contentUrl\":\"https:\\\/\\\/www.upjs.sk\\\/app\\\/uploads\\\/sites\\\/15\\\/2023\\\/01\\\/BZ-2.svg\",\"width\":500,\"height\":138,\"caption\":\"Botanick\u00e1 z\u00e1hrada\"},\"image\":{\"@id\":\"https:\\\/\\\/www.upjs.sk\\\/pracoviska\\\/botanicka-zahrada\\\/#\\\/schema\\\/logo\\\/image\\\/\"}}]}<\/script>\n<!-- \/ Yoast SEO plugin. -->","yoast_head_json":{"title":"Hist\u00f3ria a s\u00fa\u010dasnos\u0165 - Botanick\u00e1 z\u00e1hrada","robots":{"index":"index","follow":"follow","max-snippet":"max-snippet:-1","max-image-preview":"max-image-preview:large","max-video-preview":"max-video-preview:-1"},"canonical":"https:\/\/www.upjs.sk\/pracoviska\/botanicka-zahrada\/kto-sme\/historia-2\/","og_locale":"sk_SK","og_type":"article","og_title":"Hist\u00f3ria a s\u00fa\u010dasnos\u0165 - Botanick\u00e1 z\u00e1hrada","og_description":"Z\u00e1kladn\u00e9 fakty a&nbsp;poslanie S\u00eddlo botanickej z\u00e1hradyM\u00e1nesova ulica \u010d. 23, 043 52, Ko\u0161ice a&nbsp;pri\u013eahl\u00fd are\u00e1l, mestsk\u00e1 \u010das\u0165 Ko\u0161ice \u2013 SeverAko sa dosta\u0165 ku n\u00e1m? V\u00fdznamn\u00e9 medzn\u00edky v&nbsp;hist\u00f3rii Botanickej z\u00e1hrady UPJ\u0160 v&nbsp;Ko\u0161iciach Riaditelia Botanickej z\u00e1hrady UPJ\u0160 v Ko\u0161iciach","og_url":"https:\/\/www.upjs.sk\/pracoviska\/botanicka-zahrada\/kto-sme\/historia-2\/","og_site_name":"Botanick\u00e1 z\u00e1hrada","article_modified_time":"2023-07-27T13:36:56+00:00","twitter_card":"summary_large_image","schema":{"@context":"https:\/\/schema.org","@graph":[{"@type":"WebPage","@id":"https:\/\/www.upjs.sk\/pracoviska\/botanicka-zahrada\/kto-sme\/historia-2\/","url":"https:\/\/www.upjs.sk\/pracoviska\/botanicka-zahrada\/kto-sme\/historia-2\/","name":"Hist\u00f3ria a s\u00fa\u010dasnos\u0165 - Botanick\u00e1 z\u00e1hrada","isPartOf":{"@id":"https:\/\/www.upjs.sk\/pracoviska\/botanicka-zahrada\/#website"},"datePublished":"2021-03-15T11:39:22+00:00","dateModified":"2023-07-27T13:36:56+00:00","breadcrumb":{"@id":"https:\/\/www.upjs.sk\/pracoviska\/botanicka-zahrada\/kto-sme\/historia-2\/#breadcrumb"},"inLanguage":"sk-SK","potentialAction":[{"@type":"ReadAction","target":["https:\/\/www.upjs.sk\/pracoviska\/botanicka-zahrada\/kto-sme\/historia-2\/"]}]},{"@type":"BreadcrumbList","@id":"https:\/\/www.upjs.sk\/pracoviska\/botanicka-zahrada\/kto-sme\/historia-2\/#breadcrumb","itemListElement":[{"@type":"ListItem","position":1,"name":"Home","item":"https:\/\/www.upjs.sk\/pracoviska\/botanicka-zahrada\/"},{"@type":"ListItem","position":2,"name":"Kto sme","item":"https:\/\/www.upjs.sk\/pracoviska\/botanicka-zahrada\/kto-sme\/"},{"@type":"ListItem","position":3,"name":"Hist\u00f3ria a s\u00fa\u010dasnos\u0165"}]},{"@type":"WebSite","@id":"https:\/\/www.upjs.sk\/pracoviska\/botanicka-zahrada\/#website","url":"https:\/\/www.upjs.sk\/pracoviska\/botanicka-zahrada\/","name":"Botanick\u00e1 z\u00e1hrada","description":"","publisher":{"@id":"https:\/\/www.upjs.sk\/pracoviska\/botanicka-zahrada\/#organization"},"potentialAction":[{"@type":"SearchAction","target":{"@type":"EntryPoint","urlTemplate":"https:\/\/www.upjs.sk\/pracoviska\/botanicka-zahrada\/?s={search_term_string}"},"query-input":{"@type":"PropertyValueSpecification","valueRequired":true,"valueName":"search_term_string"}}],"inLanguage":"sk-SK"},{"@type":"Organization","@id":"https:\/\/www.upjs.sk\/pracoviska\/botanicka-zahrada\/#organization","name":"Botanick\u00e1 z\u00e1hrada","url":"https:\/\/www.upjs.sk\/pracoviska\/botanicka-zahrada\/","logo":{"@type":"ImageObject","inLanguage":"sk-SK","@id":"https:\/\/www.upjs.sk\/pracoviska\/botanicka-zahrada\/#\/schema\/logo\/image\/","url":"https:\/\/www.upjs.sk\/app\/uploads\/sites\/15\/2023\/01\/BZ-2.svg","contentUrl":"https:\/\/www.upjs.sk\/app\/uploads\/sites\/15\/2023\/01\/BZ-2.svg","width":500,"height":138,"caption":"Botanick\u00e1 z\u00e1hrada"},"image":{"@id":"https:\/\/www.upjs.sk\/pracoviska\/botanicka-zahrada\/#\/schema\/logo\/image\/"}}]}},"_links":{"self":[{"href":"https:\/\/www.upjs.sk\/pracoviska\/botanicka-zahrada\/wp-json\/wp\/v2\/pages\/15017","targetHints":{"allow":["GET"]}}],"collection":[{"href":"https:\/\/www.upjs.sk\/pracoviska\/botanicka-zahrada\/wp-json\/wp\/v2\/pages"}],"about":[{"href":"https:\/\/www.upjs.sk\/pracoviska\/botanicka-zahrada\/wp-json\/wp\/v2\/types\/page"}],"author":[{"embeddable":true,"href":"https:\/\/www.upjs.sk\/pracoviska\/botanicka-zahrada\/wp-json\/wp\/v2\/users\/1"}],"replies":[{"embeddable":true,"href":"https:\/\/www.upjs.sk\/pracoviska\/botanicka-zahrada\/wp-json\/wp\/v2\/comments?post=15017"}],"version-history":[{"count":12,"href":"https:\/\/www.upjs.sk\/pracoviska\/botanicka-zahrada\/wp-json\/wp\/v2\/pages\/15017\/revisions"}],"predecessor-version":[{"id":21224,"href":"https:\/\/www.upjs.sk\/pracoviska\/botanicka-zahrada\/wp-json\/wp\/v2\/pages\/15017\/revisions\/21224"}],"up":[{"embeddable":true,"href":"https:\/\/www.upjs.sk\/pracoviska\/botanicka-zahrada\/wp-json\/wp\/v2\/pages\/15010"}],"wp:attachment":[{"href":"https:\/\/www.upjs.sk\/pracoviska\/botanicka-zahrada\/wp-json\/wp\/v2\/media?parent=15017"}],"wp:term":[{"taxonomy":"category","embeddable":true,"href":"https:\/\/www.upjs.sk\/pracoviska\/botanicka-zahrada\/wp-json\/wp\/v2\/categories?post=15017"},{"taxonomy":"post_tag","embeddable":true,"href":"https:\/\/www.upjs.sk\/pracoviska\/botanicka-zahrada\/wp-json\/wp\/v2\/tags?post=15017"}],"curies":[{"name":"wp","href":"https:\/\/api.w.org\/{rel}","templated":true}]}}