{"id":15038,"date":"2022-06-22T14:15:29","date_gmt":"2022-06-22T14:15:29","guid":{"rendered":"https:\/\/www.upjs.sk\/pracoviska\/botanicka-zahrada\/root\/odborne-aktivity\/volume-32-2022-contents\/"},"modified":"2023-12-15T09:26:57","modified_gmt":"2023-12-15T09:26:57","slug":"volume-32-2022-contents","status":"publish","type":"page","link":"https:\/\/www.upjs.sk\/pracoviska\/botanicka-zahrada\/odborne-aktivity\/thaiszia-2\/volume-32-2022-contents\/","title":{"rendered":"THAISZIA &#8211; JOURNAL OF BOTANY, Volume 32, 2022 \u2013 contents"},"content":{"rendered":"\n<p><strong>THAISZIA &#8211; JOURNAL OF BOTANY, Volume 32, 2022 \u2013 contents<br>vol. 32\/1<br>vol. 32\/2<br><\/strong><\/p>\n\n\n\n<p><strong>Eli\u00e1\u0161 P. Jr. (2022):<\/strong> <em>Ventenata dubia<\/em> (Leers) Coss. (Poaceae) in Slovakia: Distribution, habitat affinities and threats. \u2013 Thaiszia \u2013 J. Bot. 32 (1): 001-015. &#8211; <a href=\"https:\/\/doi.org\/10.33542\/TJB2022-1-01\" target=\"_blank\" rel=\"noopener\">https:\/\/doi.org\/10.33542\/TJB2022-1-01<\/a><br><a href=\"\/public\/media\/27389\/1_Elias_final_001-015.pdf\" target=\"_blank\" rel=\"noopener\">Full text<\/a><\/p>\n\n\n\n<p><strong>Erd\u0151s L., Kevey B., T\u00f6r\u00f6k P., T\u00f6lgyesi Cs., Bauer N. &amp; B\u00e1tori Z. (2022):<\/strong> The distribution of <em>Ranunculus psilostachys<\/em> Griseb. in Hungary and the question of its indigenousness. \u2013 Thaiszia \u2013 J. Bot. 32 (1): 017-027. &#8211; <a href=\"https:\/\/doi.org\/10.33542\/TJB2022-1-02\" target=\"_blank\" rel=\"noopener\">https:\/\/doi.org\/10.33542\/TJB2022-1-02<\/a><br><a href=\"\/public\/media\/27389\/2_Erdos-et-al_final_017-027.pdf\" target=\"_blank\" rel=\"noopener\">Full text<\/a><\/p>\n\n\n\n<p><strong>Bezsmertna O., Hleb R., \u041erlov O., Vasheniak I., Podpriatov O., Kvakovska I., Danylyk I., Kamleitner K., Ragulina M., Babytskiy A., Rubanovska N. &amp; Lysenko T. (2022):<\/strong> The genus <em>Woodsia<\/em> R. Br. in Ukraine (Woodsiaceae). \u2013 Thaiszia \u2013 J. Bot. 32 (1): 029-054. &#8211; <a href=\"https:\/\/doi.org\/10.33542\/TJB2022-1-03\" target=\"_blank\" rel=\"noopener\">https:\/\/doi.org\/10.33542\/TJB2022-1-03<\/a><br><a href=\"\/public\/media\/27389\/3_Bezsmertna-et-al_final_029-054.pdf\" target=\"_blank\" rel=\"noopener\">Full text<\/a><\/p>\n\n\n\n<p><strong>Olejkov\u00e1 D., Ko\u0161\u0165\u00e1l J., \u010euri\u0161ov\u00e1 \u013d. &amp; Eli\u00e1\u0161 P. Jr. (2022):<\/strong> Yellow vetchling (<em>Lathyrus aphaca<\/em> L.) and round-seeded vetchling (<em>Lathyrus sphaericus<\/em> Retz.) \u2013 two species rediscovered for the flora of Slovakia. \u2013 Thaiszia \u2013 J. Bot. 32 (1): 055-065. &#8211; <a href=\"https:\/\/doi.org\/10.33542\/TJB2022-1-04\" target=\"_blank\" rel=\"noopener\">https:\/\/doi.org\/10.33542\/TJB2022-1-04<\/a><br><a href=\"\/public\/media\/27389\/4_Olejkova-et-al-final_055-065.pdf\" target=\"_blank\" rel=\"noopener\">Full text<\/a><\/p>\n\n\n\n<p><strong>Naydenova G., Radkova M. &amp; Iantcheva A. (2022):<\/strong> Legumes in natural post-fire successions of forest meadows and pastures in Northern Bulgaria. \u2013 Thaiszia \u2013 J. Bot. 32 (1): 067-079. &#8211; <a href=\"https:\/\/doi.org\/10.33542\/TJB2022-1-05\" target=\"_blank\" rel=\"noopener\">https:\/\/doi.org\/10.33542\/TJB2022-1-05<\/a><br><a href=\"\/public\/media\/27389\/5_Naydenova-et-al_final_067-079.pdf\" target=\"_blank\" rel=\"noopener\">Full text<\/a><\/p>\n\n\n\n<p><strong>Dud\u00e1\u0161 M. (ed.), Kir\u00e1ly G., Kobiv Y. Pliszko A. (2022):<\/strong> New floristic records from Central Europe 9 (reports 122-133). \u2013 Thaiszia \u2013 J. Bot. 32 (1): 081-090. &#8211; <a href=\"https:\/\/doi.org\/10.33542\/TJB2022-1-06\" target=\"_blank\" rel=\"noopener\">https:\/\/doi.org\/10.33542\/TJB2022-1-06<\/a><br><a href=\"\/public\/media\/27389\/6_Dudas-et-al_final_081-090.pdf\" target=\"_blank\" rel=\"noopener\">Full text<\/a><\/p>\n\n\n<style>.wp-block-kadence-spacer.kt-block-spacer-15038_b3058b-8a .kt-block-spacer{height:20px;}.wp-block-kadence-spacer.kt-block-spacer-15038_b3058b-8a .kt-divider{border-top-width:2px;border-top-color:#eee;width:100%;border-top-style:solid;}<\/style>\n<div class=\"wp-block-kadence-spacer aligncenter kt-block-spacer-15038_b3058b-8a\"><div class=\"kt-block-spacer kt-block-spacer-halign-center\"><hr class=\"kt-divider\"\/><\/div><\/div>\n\n\n\n<div style=\"height:20px\" aria-hidden=\"true\" class=\"wp-block-spacer\"><\/div>\n\n\n\n<p><strong>Marcin\u010dinov\u00e1 M. &amp; Tuptov\u00e1 V. (2022):<\/strong> Epiphytic lichen diversity in the urban area of Ko\u0161ice (E Slovakia) with some notes on its air quality. \u2013 Thaiszia \u2013 J. Bot. 32 (2): 091-108. &#8211; <a href=\"https:\/\/doi.org\/10.33542\/TJB2022-2-01\" target=\"_blank\" rel=\"noopener\" data-cke-saved-href=\"https:\/\/doi.org\/10.33542\/TJB2022-2-01\">https:\/\/doi.org\/10.33542\/TJB2022-2-01<\/a><br><a href=\"https:\/\/www.upjs.sk\/app\/uploads\/sites\/15\/2023\/01\/01_Marcincinova_Tuptova_fin.pdf\" target=\"_blank\" rel=\"noopener\" data-cke-saved-href=\"\/public\/media\/27389\/01_Marcincinova_Tuptova_fin.pdf\">Full text<\/a><\/p>\n\n\n\n<p><strong>Motti R., Ricciardi M. &amp; Giulierini P. (2022):<\/strong> Human-nature relationships in the collections of the National Archaeological Museum of Naples: a botanical perspective. \u2013 Thaiszia \u2013 J. Bot. 32 (2): 109-128. &#8211; <a href=\"https:\/\/doi.org\/10.33542\/TJB2022-2-02\" target=\"_blank\" rel=\"noopener\" data-cke-saved-href=\"https:\/\/doi.org\/10.33542\/TJB2022-2-02\">https:\/\/doi.org\/10.33542\/TJB2022-2-02<\/a><br><a href=\"https:\/\/www.upjs.sk\/app\/uploads\/sites\/15\/2023\/01\/02_Motti_etal_fin.pdf\" target=\"_blank\" rel=\"noopener\" data-cke-saved-href=\"\/public\/media\/27389\/02_Motti_etal_fin.pdf\">Full text<\/a><\/p>\n\n\n\n<p><strong>\u0160irka P., Marcin\u010dinov\u00e1 M., Dud\u00e1\u0161 M. &amp; Kube\u0161ov\u00e1 S. (2022):<\/strong> Bryophyte flora of the Ko\u0161ice Zoo (E Slovakia). \u2013 Thaiszia \u2013 J. Bot. 32 (2): 129-149. &#8211; <a href=\"https:\/\/doi.org\/10.33542\/TJB2022-2-03\" target=\"_blank\" rel=\"noopener\" data-cke-saved-href=\"https:\/\/doi.org\/10.33542\/TJB2022-2-03\">https:\/\/doi.org\/10.33542\/TJB2022-2-03<\/a><br><a href=\"https:\/\/www.upjs.sk\/app\/uploads\/sites\/15\/2023\/01\/03_Sirka-etal_fin.pdf\" target=\"_blank\" rel=\"noopener\" data-cke-saved-href=\"\/public\/media\/27389\/03_Sirka-etal_fin.pdf\">Full text<\/a><\/p>\n\n\n\n<p><strong>Shevchyk V. L., Solomakha I. V., Tymochko I. Ya., Dvirna T. S., Borsukevych L. M., Iemelianova S. M., Solomakha V. A. &amp; Shevera M. V. (2022):<\/strong> Impatiens glandulifera (Balsaminaceae) in Ukraine: history of distribution, ecological and coenotic peculiarities, and invasiveness. \u2013 Thaiszia \u2013 J. Bot. 32 (2): 151-178. &#8211; <a href=\"https:\/\/doi.org\/10.33542\/TJB2022-2-04\" target=\"_blank\" rel=\"noopener\" data-cke-saved-href=\"https:\/\/doi.org\/10.33542\/TJB2022-2-04\">https:\/\/doi.org\/10.33542\/TJB2022-2-04<\/a><br><a href=\"https:\/\/www.upjs.sk\/app\/uploads\/sites\/15\/2023\/01\/04_Shevchyk-etal_fin.pdf\" target=\"_blank\" rel=\"noopener\" data-cke-saved-href=\"\/public\/media\/27389\/04_Shevchyk-etal_fin.pdf\">Full text<\/a><\/p>\n\n\n\n<p><strong>Dud\u00e1\u0161 M. (ed.), \u010euri\u0161ov\u00e1 \u013d., Eli\u00e1\u0161 P. Jr., Eli\u00e1\u0161ov\u00e1 M., Kobiv Y., K\u0161i\u0148an S., Malovcov\u00e1-Stan\u00edkov\u00e1 M., Pliszko A. &amp; Tara\u0161ka V. (2022):<\/strong> New floristic records from Central Europe 10 (reports 134-148). \u2013 Thaiszia \u2013 J. Bot. 32 (2): 179-192. &#8211; <a href=\"https:\/\/doi.org\/10.33542\/TJB2022-2-05\" target=\"_blank\" rel=\"noopener\" data-cke-saved-href=\"https:\/\/doi.org\/10.33542\/TJB2022-2-05\">https:\/\/doi.org\/10.33542\/TJB2022-2-05<\/a><br><a href=\"https:\/\/www.upjs.sk\/app\/uploads\/sites\/15\/2023\/01\/05_Dudas-etal_fin.pdf\" target=\"_blank\" rel=\"noopener\">Full text<\/a><\/p>\n","protected":false},"excerpt":{"rendered":"<p>THAISZIA &#8211; JOURNAL OF BOTANY, Volume 32, 2022 \u2013 contentsvol. 32\/1vol. 32\/2 Eli\u00e1\u0161 P. Jr. (2022): Ventenata dubia (Leers) Coss. (Poaceae) in Slovakia: Distribution, habitat affinities and threats. \u2013 Thaiszia \u2013 J. Bot. 32 (1): 001-015. &#8211; https:\/\/doi.org\/10.33542\/TJB2022-1-01Full text Erd\u0151s L., Kevey B., T\u00f6r\u00f6k P., T\u00f6lgyesi Cs., Bauer N. &amp; B\u00e1tori Z. (2022): The distribution &hellip; <a href=\"https:\/\/www.upjs.sk\/pracoviska\/botanicka-zahrada\/odborne-aktivity\/thaiszia-2\/volume-32-2022-contents\/\">\u010c\u00edta\u0165 \u010falej<\/a><\/p>\n","protected":false},"author":1,"featured_media":0,"parent":15189,"menu_order":12,"comment_status":"closed","ping_status":"closed","template":"","meta":{"_acf_changed":false,"_editorskit_title_hidden":false,"_editorskit_reading_time":1,"_editorskit_is_block_options_detached":false,"_editorskit_block_options_position":"{}","footnotes":""},"categories":[],"tags":[],"class_list":["post-15038","page","type-page","status-publish","hentry"],"acf":{"acf_link_na_externy_obsah":""},"yoast_head":"<!-- This site is optimized with the Yoast SEO plugin v27.2 - https:\/\/yoast.com\/product\/yoast-seo-wordpress\/ -->\n<title>THAISZIA - JOURNAL OF BOTANY, Volume 32, 2022 \u2013 contents - Botanick\u00e1 z\u00e1hrada<\/title>\n<meta name=\"robots\" content=\"index, follow, max-snippet:-1, max-image-preview:large, max-video-preview:-1\" \/>\n<link rel=\"canonical\" href=\"https:\/\/www.upjs.sk\/pracoviska\/botanicka-zahrada\/odborne-aktivity\/thaiszia-2\/volume-32-2022-contents\/\" \/>\n<meta property=\"og:locale\" content=\"sk_SK\" \/>\n<meta property=\"og:type\" content=\"article\" \/>\n<meta property=\"og:title\" content=\"THAISZIA - JOURNAL OF BOTANY, Volume 32, 2022 \u2013 contents - Botanick\u00e1 z\u00e1hrada\" \/>\n<meta property=\"og:description\" content=\"THAISZIA &#8211; JOURNAL OF BOTANY, Volume 32, 2022 \u2013 contentsvol. 32\/1vol. 32\/2 Eli\u00e1\u0161 P. Jr. (2022): Ventenata dubia (Leers) Coss. (Poaceae) in Slovakia: Distribution, habitat affinities and threats. \u2013 Thaiszia \u2013 J. Bot. 32 (1): 001-015. &#8211; https:\/\/doi.org\/10.33542\/TJB2022-1-01Full text Erd\u0151s L., Kevey B., T\u00f6r\u00f6k P., T\u00f6lgyesi Cs., Bauer N. &amp; B\u00e1tori Z. (2022): The distribution &hellip; \u010c\u00edta\u0165 \u010falej\" \/>\n<meta property=\"og:url\" content=\"https:\/\/www.upjs.sk\/pracoviska\/botanicka-zahrada\/odborne-aktivity\/thaiszia-2\/volume-32-2022-contents\/\" \/>\n<meta property=\"og:site_name\" content=\"Botanick\u00e1 z\u00e1hrada\" \/>\n<meta property=\"article:modified_time\" content=\"2023-12-15T09:26:57+00:00\" \/>\n<meta name=\"twitter:card\" content=\"summary_large_image\" \/>\n<meta name=\"twitter:label1\" content=\"Predpokladan\u00fd \u010das \u010d\u00edtania\" \/>\n\t<meta name=\"twitter:data1\" content=\"3 min\u00faty\" \/>\n<script type=\"application\/ld+json\" class=\"yoast-schema-graph\">{\"@context\":\"https:\/\/schema.org\",\"@graph\":[{\"@type\":\"WebPage\",\"@id\":\"https:\/\/www.upjs.sk\/pracoviska\/botanicka-zahrada\/odborne-aktivity\/thaiszia-2\/volume-32-2022-contents\/\",\"url\":\"https:\/\/www.upjs.sk\/pracoviska\/botanicka-zahrada\/odborne-aktivity\/thaiszia-2\/volume-32-2022-contents\/\",\"name\":\"THAISZIA - JOURNAL OF BOTANY, Volume 32, 2022 \u2013 contents - Botanick\u00e1 z\u00e1hrada\",\"isPartOf\":{\"@id\":\"https:\/\/www.upjs.sk\/pracoviska\/botanicka-zahrada\/#website\"},\"datePublished\":\"2022-06-22T14:15:29+00:00\",\"dateModified\":\"2023-12-15T09:26:57+00:00\",\"breadcrumb\":{\"@id\":\"https:\/\/www.upjs.sk\/pracoviska\/botanicka-zahrada\/odborne-aktivity\/thaiszia-2\/volume-32-2022-contents\/#breadcrumb\"},\"inLanguage\":\"sk-SK\",\"potentialAction\":[{\"@type\":\"ReadAction\",\"target\":[\"https:\/\/www.upjs.sk\/pracoviska\/botanicka-zahrada\/odborne-aktivity\/thaiszia-2\/volume-32-2022-contents\/\"]}]},{\"@type\":\"BreadcrumbList\",\"@id\":\"https:\/\/www.upjs.sk\/pracoviska\/botanicka-zahrada\/odborne-aktivity\/thaiszia-2\/volume-32-2022-contents\/#breadcrumb\",\"itemListElement\":[{\"@type\":\"ListItem\",\"position\":1,\"name\":\"Home\",\"item\":\"https:\/\/www.upjs.sk\/pracoviska\/botanicka-zahrada\/\"},{\"@type\":\"ListItem\",\"position\":2,\"name\":\"Odborn\u00e9 aktivity\",\"item\":\"https:\/\/www.upjs.sk\/pracoviska\/botanicka-zahrada\/odborne-aktivity\/\"},{\"@type\":\"ListItem\",\"position\":3,\"name\":\"Thaiszia \u2013 Journal of Botany\",\"item\":\"https:\/\/www.upjs.sk\/pracoviska\/botanicka-zahrada\/odborne-aktivity\/thaiszia-2\/\"},{\"@type\":\"ListItem\",\"position\":4,\"name\":\"THAISZIA &#8211; JOURNAL OF BOTANY, Volume 32, 2022 \u2013 contents\"}]},{\"@type\":\"WebSite\",\"@id\":\"https:\/\/www.upjs.sk\/pracoviska\/botanicka-zahrada\/#website\",\"url\":\"https:\/\/www.upjs.sk\/pracoviska\/botanicka-zahrada\/\",\"name\":\"Botanick\u00e1 z\u00e1hrada\",\"description\":\"\",\"publisher\":{\"@id\":\"https:\/\/www.upjs.sk\/pracoviska\/botanicka-zahrada\/#organization\"},\"potentialAction\":[{\"@type\":\"SearchAction\",\"target\":{\"@type\":\"EntryPoint\",\"urlTemplate\":\"https:\/\/www.upjs.sk\/pracoviska\/botanicka-zahrada\/?s={search_term_string}\"},\"query-input\":{\"@type\":\"PropertyValueSpecification\",\"valueRequired\":true,\"valueName\":\"search_term_string\"}}],\"inLanguage\":\"sk-SK\"},{\"@type\":\"Organization\",\"@id\":\"https:\/\/www.upjs.sk\/pracoviska\/botanicka-zahrada\/#organization\",\"name\":\"Botanick\u00e1 z\u00e1hrada\",\"url\":\"https:\/\/www.upjs.sk\/pracoviska\/botanicka-zahrada\/\",\"logo\":{\"@type\":\"ImageObject\",\"inLanguage\":\"sk-SK\",\"@id\":\"https:\/\/www.upjs.sk\/pracoviska\/botanicka-zahrada\/#\/schema\/logo\/image\/\",\"url\":\"https:\/\/www.upjs.sk\/app\/uploads\/sites\/15\/2023\/01\/BZ-2.svg\",\"contentUrl\":\"https:\/\/www.upjs.sk\/app\/uploads\/sites\/15\/2023\/01\/BZ-2.svg\",\"width\":500,\"height\":138,\"caption\":\"Botanick\u00e1 z\u00e1hrada\"},\"image\":{\"@id\":\"https:\/\/www.upjs.sk\/pracoviska\/botanicka-zahrada\/#\/schema\/logo\/image\/\"}}]}<\/script>\n<!-- \/ Yoast SEO plugin. -->","yoast_head_json":{"title":"THAISZIA - JOURNAL OF BOTANY, Volume 32, 2022 \u2013 contents - Botanick\u00e1 z\u00e1hrada","robots":{"index":"index","follow":"follow","max-snippet":"max-snippet:-1","max-image-preview":"max-image-preview:large","max-video-preview":"max-video-preview:-1"},"canonical":"https:\/\/www.upjs.sk\/pracoviska\/botanicka-zahrada\/odborne-aktivity\/thaiszia-2\/volume-32-2022-contents\/","og_locale":"sk_SK","og_type":"article","og_title":"THAISZIA - JOURNAL OF BOTANY, Volume 32, 2022 \u2013 contents - Botanick\u00e1 z\u00e1hrada","og_description":"THAISZIA &#8211; JOURNAL OF BOTANY, Volume 32, 2022 \u2013 contentsvol. 32\/1vol. 32\/2 Eli\u00e1\u0161 P. Jr. (2022): Ventenata dubia (Leers) Coss. (Poaceae) in Slovakia: Distribution, habitat affinities and threats. \u2013 Thaiszia \u2013 J. Bot. 32 (1): 001-015. &#8211; https:\/\/doi.org\/10.33542\/TJB2022-1-01Full text Erd\u0151s L., Kevey B., T\u00f6r\u00f6k P., T\u00f6lgyesi Cs., Bauer N. &amp; B\u00e1tori Z. (2022): The distribution &hellip; \u010c\u00edta\u0165 \u010falej","og_url":"https:\/\/www.upjs.sk\/pracoviska\/botanicka-zahrada\/odborne-aktivity\/thaiszia-2\/volume-32-2022-contents\/","og_site_name":"Botanick\u00e1 z\u00e1hrada","article_modified_time":"2023-12-15T09:26:57+00:00","twitter_card":"summary_large_image","twitter_misc":{"Predpokladan\u00fd \u010das \u010d\u00edtania":"3 min\u00faty"},"schema":{"@context":"https:\/\/schema.org","@graph":[{"@type":"WebPage","@id":"https:\/\/www.upjs.sk\/pracoviska\/botanicka-zahrada\/odborne-aktivity\/thaiszia-2\/volume-32-2022-contents\/","url":"https:\/\/www.upjs.sk\/pracoviska\/botanicka-zahrada\/odborne-aktivity\/thaiszia-2\/volume-32-2022-contents\/","name":"THAISZIA - JOURNAL OF BOTANY, Volume 32, 2022 \u2013 contents - Botanick\u00e1 z\u00e1hrada","isPartOf":{"@id":"https:\/\/www.upjs.sk\/pracoviska\/botanicka-zahrada\/#website"},"datePublished":"2022-06-22T14:15:29+00:00","dateModified":"2023-12-15T09:26:57+00:00","breadcrumb":{"@id":"https:\/\/www.upjs.sk\/pracoviska\/botanicka-zahrada\/odborne-aktivity\/thaiszia-2\/volume-32-2022-contents\/#breadcrumb"},"inLanguage":"sk-SK","potentialAction":[{"@type":"ReadAction","target":["https:\/\/www.upjs.sk\/pracoviska\/botanicka-zahrada\/odborne-aktivity\/thaiszia-2\/volume-32-2022-contents\/"]}]},{"@type":"BreadcrumbList","@id":"https:\/\/www.upjs.sk\/pracoviska\/botanicka-zahrada\/odborne-aktivity\/thaiszia-2\/volume-32-2022-contents\/#breadcrumb","itemListElement":[{"@type":"ListItem","position":1,"name":"Home","item":"https:\/\/www.upjs.sk\/pracoviska\/botanicka-zahrada\/"},{"@type":"ListItem","position":2,"name":"Odborn\u00e9 aktivity","item":"https:\/\/www.upjs.sk\/pracoviska\/botanicka-zahrada\/odborne-aktivity\/"},{"@type":"ListItem","position":3,"name":"Thaiszia \u2013 Journal of Botany","item":"https:\/\/www.upjs.sk\/pracoviska\/botanicka-zahrada\/odborne-aktivity\/thaiszia-2\/"},{"@type":"ListItem","position":4,"name":"THAISZIA &#8211; JOURNAL OF BOTANY, Volume 32, 2022 \u2013 contents"}]},{"@type":"WebSite","@id":"https:\/\/www.upjs.sk\/pracoviska\/botanicka-zahrada\/#website","url":"https:\/\/www.upjs.sk\/pracoviska\/botanicka-zahrada\/","name":"Botanick\u00e1 z\u00e1hrada","description":"","publisher":{"@id":"https:\/\/www.upjs.sk\/pracoviska\/botanicka-zahrada\/#organization"},"potentialAction":[{"@type":"SearchAction","target":{"@type":"EntryPoint","urlTemplate":"https:\/\/www.upjs.sk\/pracoviska\/botanicka-zahrada\/?s={search_term_string}"},"query-input":{"@type":"PropertyValueSpecification","valueRequired":true,"valueName":"search_term_string"}}],"inLanguage":"sk-SK"},{"@type":"Organization","@id":"https:\/\/www.upjs.sk\/pracoviska\/botanicka-zahrada\/#organization","name":"Botanick\u00e1 z\u00e1hrada","url":"https:\/\/www.upjs.sk\/pracoviska\/botanicka-zahrada\/","logo":{"@type":"ImageObject","inLanguage":"sk-SK","@id":"https:\/\/www.upjs.sk\/pracoviska\/botanicka-zahrada\/#\/schema\/logo\/image\/","url":"https:\/\/www.upjs.sk\/app\/uploads\/sites\/15\/2023\/01\/BZ-2.svg","contentUrl":"https:\/\/www.upjs.sk\/app\/uploads\/sites\/15\/2023\/01\/BZ-2.svg","width":500,"height":138,"caption":"Botanick\u00e1 z\u00e1hrada"},"image":{"@id":"https:\/\/www.upjs.sk\/pracoviska\/botanicka-zahrada\/#\/schema\/logo\/image\/"}}]}},"_links":{"self":[{"href":"https:\/\/www.upjs.sk\/pracoviska\/botanicka-zahrada\/wp-json\/wp\/v2\/pages\/15038","targetHints":{"allow":["GET"]}}],"collection":[{"href":"https:\/\/www.upjs.sk\/pracoviska\/botanicka-zahrada\/wp-json\/wp\/v2\/pages"}],"about":[{"href":"https:\/\/www.upjs.sk\/pracoviska\/botanicka-zahrada\/wp-json\/wp\/v2\/types\/page"}],"author":[{"embeddable":true,"href":"https:\/\/www.upjs.sk\/pracoviska\/botanicka-zahrada\/wp-json\/wp\/v2\/users\/1"}],"replies":[{"embeddable":true,"href":"https:\/\/www.upjs.sk\/pracoviska\/botanicka-zahrada\/wp-json\/wp\/v2\/comments?post=15038"}],"version-history":[{"count":5,"href":"https:\/\/www.upjs.sk\/pracoviska\/botanicka-zahrada\/wp-json\/wp\/v2\/pages\/15038\/revisions"}],"predecessor-version":[{"id":21666,"href":"https:\/\/www.upjs.sk\/pracoviska\/botanicka-zahrada\/wp-json\/wp\/v2\/pages\/15038\/revisions\/21666"}],"up":[{"embeddable":true,"href":"https:\/\/www.upjs.sk\/pracoviska\/botanicka-zahrada\/wp-json\/wp\/v2\/pages\/15189"}],"wp:attachment":[{"href":"https:\/\/www.upjs.sk\/pracoviska\/botanicka-zahrada\/wp-json\/wp\/v2\/media?parent=15038"}],"wp:term":[{"taxonomy":"category","embeddable":true,"href":"https:\/\/www.upjs.sk\/pracoviska\/botanicka-zahrada\/wp-json\/wp\/v2\/categories?post=15038"},{"taxonomy":"post_tag","embeddable":true,"href":"https:\/\/www.upjs.sk\/pracoviska\/botanicka-zahrada\/wp-json\/wp\/v2\/tags?post=15038"}],"curies":[{"name":"wp","href":"https:\/\/api.w.org\/{rel}","templated":true}]}}