{"id":15062,"date":"2022-06-22T14:03:08","date_gmt":"2022-06-22T14:03:08","guid":{"rendered":"https:\/\/www.upjs.sk\/pracoviska\/botanicka-zahrada\/root\/odborne-aktivity\/ochrana-prirody\/"},"modified":"2023-08-02T09:25:51","modified_gmt":"2023-08-02T09:25:51","slug":"ochrana-prirody","status":"publish","type":"page","link":"https:\/\/www.upjs.sk\/pracoviska\/botanicka-zahrada\/odborne-aktivity\/ochrana-prirody\/","title":{"rendered":"BZ a ochrana pr\u00edrody"},"content":{"rendered":"\n<p>Aj ke\u010f je vymieranie a&nbsp;vznik druhov je prirodzenou s\u00fa\u010das\u0165ou evol\u00facie, v s\u00fa\u010dasnosti zaznamen\u00e1vame zr\u00fdchlen\u00e9 vymieranie druhov, ku ktor\u00e9mu doch\u00e1dza v&nbsp;d\u00f4sledku \u013eudskej \u010dinnosti. Rastliny s\u00fa ohrozen\u00e9 z&nbsp;viacer\u00fdch d\u00f4vodov. K&nbsp;najd\u00f4le\u017eitej\u0161\u00edm patr\u00ed:<\/p>\n\n\n\n<ul class=\"wp-block-list\">\n<li>zmena podmienok prostredia a&nbsp;zmen\u0161ovanie are\u00e1lov, kde s\u00fa tieto rastliny schopn\u00e9 r\u00e1s\u0165 a&nbsp;prosperova\u0165<\/li>\n\n\n\n<li>rastliny dekorat\u00edvneho vzh\u013eadu, rastliny lie\u010div\u00e9 a&nbsp;\u00fa\u017eitkov\u00e9 m\u00f4\u017eu by\u0165 ohrozen\u00e9 aj nadmern\u00fdm zberom na lokalit\u00e1ch ich prirodzen\u00e9ho v\u00fdskytu.<\/li>\n<\/ul>\n\n\n\n<div style=\"height:23px\" aria-hidden=\"true\" class=\"wp-block-spacer\"><\/div>\n\n\n\n<p>Rastlinn\u00e9 druhy, ktor\u00e9 s\u00fa ohrozen\u00e9 alebo zranite\u013en\u00e9, s\u00fa chr\u00e1nen\u00e9 pod\u013ea platnej legislat\u00edvy, predov\u0161etk\u00fdm pod\u013ea z\u00e1kona NR SR \u010d. 543\/2002 Z.z o ochrane pr\u00edrody a&nbsp;krajiny v&nbsp;znen\u00ed neskor\u0161\u00edch predpisov. Regul\u00e1ciu komer\u010dn\u00fdch aktiv\u00edt s&nbsp;vo\u013ene rast\u00facimi rastlinami upravuj\u00fa medzin\u00e1rodn\u00e9 dohovory CITES o ochrane druhov vo\u013ene \u017eij\u00facich \u017eivo\u010d\u00edchov a rastl\u00edn regul\u00e1ciou obchodu s&nbsp;nimi,&nbsp; u&nbsp;n\u00e1s pretransformovan\u00e9 do z\u00e1kona NR SR \u010d. 15\/2005 v&nbsp;znen\u00ed neskor\u0161\u00edch predpisov.<\/p>\n\n\n\n<p>V&nbsp;zbierkach Botanickej z\u00e1hrady sa vyskytuj\u00fa rastliny chr\u00e1nen\u00e9 oboma t\u00fdmito z\u00e1konmi. Pod\u013ea z\u00e1kona NR SR \u010d. 543\/2002 Z.z s\u00fa chr\u00e1nen\u00e9 predov\u0161etk\u00fdm rastliny s&nbsp;p\u00f4vodn\u00fdm v\u00fdskytom na Slovensku, v&nbsp;na\u0161ich zbierkach n\u00e1jdete napr. poniklec slovensk\u00fd &#8211;<em> Pulsatilla slavica<\/em> Reuss, perovn\u00edk p\u0161tros\u00ed<em> &#8211; Matteuccia struthiopteris<\/em> (L.) Tod., &nbsp;\u017eltohlav oby\u010dajn\u00fd &#8211;<em> Trollius altissimus<\/em> Crantz, lekno biele \u2013 <em>Nymphaea alba<\/em> L., at\u010f.&nbsp; Pod\u013ea z\u00e1kona NR SR \u010d. 15\/2005 s\u00fa chr\u00e1nen\u00e9 predov\u0161etk\u00fdm rastliny ohrozen\u00e9 komer\u010dn\u00fdmi aktivitami, v&nbsp;na\u0161ich zbierkach s\u00fa to predov\u0161etk\u00fdm exotick\u00e9 rastliny, napr. cel\u00e1 rozsiahla zbierka kaktusov (<em>Cactaceae<\/em>).<\/p>\n\n\n\n<figure class=\"wp-block-table aligncenter is-style-stripes\"><table><tbody><tr><td><a href=\"\/public\/media\/24326\/Pulsatilla-slavica.jpg\" target=\"_blank\" rel=\"noopener\"><img decoding=\"async\" class=\"aligncenter\" style=\"height: 112px; width: 150px;\" src=\"http:\/\/www.upjs.sk\/\/app\/uploads\/sites\/15\/2022\/10\/Pulsatilla-slavica.jpg\" alt=\"\"><\/a><\/td><td><a href=\"\/public\/media\/24326\/Matteuccia-struthiopteris.jpg\" target=\"_blank\" rel=\"noopener\"><img decoding=\"async\" class=\"aligncenter\" style=\"height: 113px; width: 150px;\" src=\"http:\/\/www.upjs.sk\/\/app\/uploads\/sites\/15\/2022\/10\/Matteuccia-struthiopteris.jpg\" alt=\"\"><\/a><\/td><td><a href=\"\/public\/media\/24326\/Trollius-altissimus.jpg\" target=\"_blank\" rel=\"noopener\"><img decoding=\"async\" class=\"aligncenter\" style=\"height: 115px; width: 150px;\" src=\"http:\/\/www.upjs.sk\/\/app\/uploads\/sites\/15\/2022\/10\/Trollius-altissimus.jpg\" alt=\"\"><\/a><\/td><\/tr><tr><td><em>Pulsatilla slavica<\/em><\/td><td><em>Matteuccia struthiopteris<\/em><\/td><td><em>Trollius altissimus<\/em><\/td><\/tr><\/tbody><\/table><\/figure>\n","protected":false},"excerpt":{"rendered":"<p>Aj ke\u010f je vymieranie a&nbsp;vznik druhov je prirodzenou s\u00fa\u010das\u0165ou evol\u00facie, v s\u00fa\u010dasnosti zaznamen\u00e1vame zr\u00fdchlen\u00e9 vymieranie druhov, ku ktor\u00e9mu doch\u00e1dza v&nbsp;d\u00f4sledku \u013eudskej \u010dinnosti. Rastliny s\u00fa ohrozen\u00e9 z&nbsp;viacer\u00fdch d\u00f4vodov. K&nbsp;najd\u00f4le\u017eitej\u0161\u00edm patr\u00ed: Rastlinn\u00e9 druhy, ktor\u00e9 s\u00fa ohrozen\u00e9 alebo zranite\u013en\u00e9, s\u00fa chr\u00e1nen\u00e9 pod\u013ea platnej legislat\u00edvy, predov\u0161etk\u00fdm pod\u013ea z\u00e1kona NR SR \u010d. 543\/2002 Z.z o ochrane pr\u00edrody a&nbsp;krajiny v&nbsp;znen\u00ed neskor\u0161\u00edch &hellip; <a href=\"https:\/\/www.upjs.sk\/pracoviska\/botanicka-zahrada\/odborne-aktivity\/ochrana-prirody\/\">\u010c\u00edta\u0165 \u010falej<\/a><\/p>\n","protected":false},"author":1,"featured_media":15064,"parent":15020,"menu_order":1,"comment_status":"closed","ping_status":"closed","template":"","meta":{"_acf_changed":false,"_editorskit_title_hidden":false,"_editorskit_reading_time":1,"_editorskit_is_block_options_detached":false,"_editorskit_block_options_position":"{}","footnotes":""},"categories":[],"tags":[],"class_list":["post-15062","page","type-page","status-publish","has-post-thumbnail","hentry"],"acf":{"acf_link_na_externy_obsah":""},"yoast_head":"<!-- This site is optimized with the Yoast SEO plugin v27.4 - https:\/\/yoast.com\/product\/yoast-seo-wordpress\/ -->\n<title>BZ a ochrana pr\u00edrody - Botanick\u00e1 z\u00e1hrada<\/title>\n<meta name=\"robots\" content=\"index, follow, max-snippet:-1, max-image-preview:large, max-video-preview:-1\" \/>\n<link rel=\"canonical\" href=\"https:\/\/www.upjs.sk\/pracoviska\/botanicka-zahrada\/odborne-aktivity\/ochrana-prirody\/\" \/>\n<meta property=\"og:locale\" content=\"sk_SK\" \/>\n<meta property=\"og:type\" content=\"article\" \/>\n<meta property=\"og:title\" content=\"BZ a ochrana pr\u00edrody - Botanick\u00e1 z\u00e1hrada\" \/>\n<meta property=\"og:description\" content=\"Aj ke\u010f je vymieranie a&nbsp;vznik druhov je prirodzenou s\u00fa\u010das\u0165ou evol\u00facie, v s\u00fa\u010dasnosti zaznamen\u00e1vame zr\u00fdchlen\u00e9 vymieranie druhov, ku ktor\u00e9mu doch\u00e1dza v&nbsp;d\u00f4sledku \u013eudskej \u010dinnosti. Rastliny s\u00fa ohrozen\u00e9 z&nbsp;viacer\u00fdch d\u00f4vodov. K&nbsp;najd\u00f4le\u017eitej\u0161\u00edm patr\u00ed: Rastlinn\u00e9 druhy, ktor\u00e9 s\u00fa ohrozen\u00e9 alebo zranite\u013en\u00e9, s\u00fa chr\u00e1nen\u00e9 pod\u013ea platnej legislat\u00edvy, predov\u0161etk\u00fdm pod\u013ea z\u00e1kona NR SR \u010d. 543\/2002 Z.z o ochrane pr\u00edrody a&nbsp;krajiny v&nbsp;znen\u00ed neskor\u0161\u00edch &hellip; \u010c\u00edta\u0165 \u010falej\" \/>\n<meta property=\"og:url\" content=\"https:\/\/www.upjs.sk\/pracoviska\/botanicka-zahrada\/odborne-aktivity\/ochrana-prirody\/\" \/>\n<meta property=\"og:site_name\" content=\"Botanick\u00e1 z\u00e1hrada\" \/>\n<meta property=\"article:modified_time\" content=\"2023-08-02T09:25:51+00:00\" \/>\n<meta property=\"og:image\" content=\"https:\/\/www.upjs.sk\/app\/uploads\/sites\/15\/2022\/10\/Matteuccia-struthiopteris.jpg\" \/>\n\t<meta property=\"og:image:width\" content=\"640\" \/>\n\t<meta property=\"og:image:height\" content=\"480\" \/>\n\t<meta property=\"og:image:type\" content=\"image\/jpeg\" \/>\n<meta name=\"twitter:card\" content=\"summary_large_image\" \/>\n<meta name=\"twitter:label1\" content=\"Predpokladan\u00fd \u010das \u010d\u00edtania\" \/>\n\t<meta name=\"twitter:data1\" content=\"2 min\u00faty\" \/>\n<script type=\"application\/ld+json\" class=\"yoast-schema-graph\">{\"@context\":\"https:\\\/\\\/schema.org\",\"@graph\":[{\"@type\":\"WebPage\",\"@id\":\"https:\\\/\\\/www.upjs.sk\\\/pracoviska\\\/botanicka-zahrada\\\/odborne-aktivity\\\/ochrana-prirody\\\/\",\"url\":\"https:\\\/\\\/www.upjs.sk\\\/pracoviska\\\/botanicka-zahrada\\\/odborne-aktivity\\\/ochrana-prirody\\\/\",\"name\":\"BZ a ochrana pr\u00edrody - Botanick\u00e1 z\u00e1hrada\",\"isPartOf\":{\"@id\":\"https:\\\/\\\/www.upjs.sk\\\/pracoviska\\\/botanicka-zahrada\\\/#website\"},\"primaryImageOfPage\":{\"@id\":\"https:\\\/\\\/www.upjs.sk\\\/pracoviska\\\/botanicka-zahrada\\\/odborne-aktivity\\\/ochrana-prirody\\\/#primaryimage\"},\"image\":{\"@id\":\"https:\\\/\\\/www.upjs.sk\\\/pracoviska\\\/botanicka-zahrada\\\/odborne-aktivity\\\/ochrana-prirody\\\/#primaryimage\"},\"thumbnailUrl\":\"https:\\\/\\\/www.upjs.sk\\\/app\\\/uploads\\\/sites\\\/15\\\/2022\\\/10\\\/Matteuccia-struthiopteris.jpg\",\"datePublished\":\"2022-06-22T14:03:08+00:00\",\"dateModified\":\"2023-08-02T09:25:51+00:00\",\"breadcrumb\":{\"@id\":\"https:\\\/\\\/www.upjs.sk\\\/pracoviska\\\/botanicka-zahrada\\\/odborne-aktivity\\\/ochrana-prirody\\\/#breadcrumb\"},\"inLanguage\":\"sk-SK\",\"potentialAction\":[{\"@type\":\"ReadAction\",\"target\":[\"https:\\\/\\\/www.upjs.sk\\\/pracoviska\\\/botanicka-zahrada\\\/odborne-aktivity\\\/ochrana-prirody\\\/\"]}]},{\"@type\":\"ImageObject\",\"inLanguage\":\"sk-SK\",\"@id\":\"https:\\\/\\\/www.upjs.sk\\\/pracoviska\\\/botanicka-zahrada\\\/odborne-aktivity\\\/ochrana-prirody\\\/#primaryimage\",\"url\":\"https:\\\/\\\/www.upjs.sk\\\/app\\\/uploads\\\/sites\\\/15\\\/2022\\\/10\\\/Matteuccia-struthiopteris.jpg\",\"contentUrl\":\"https:\\\/\\\/www.upjs.sk\\\/app\\\/uploads\\\/sites\\\/15\\\/2022\\\/10\\\/Matteuccia-struthiopteris.jpg\",\"width\":640,\"height\":480,\"caption\":\"ochrana-prirody\"},{\"@type\":\"BreadcrumbList\",\"@id\":\"https:\\\/\\\/www.upjs.sk\\\/pracoviska\\\/botanicka-zahrada\\\/odborne-aktivity\\\/ochrana-prirody\\\/#breadcrumb\",\"itemListElement\":[{\"@type\":\"ListItem\",\"position\":1,\"name\":\"Home\",\"item\":\"https:\\\/\\\/www.upjs.sk\\\/pracoviska\\\/botanicka-zahrada\\\/\"},{\"@type\":\"ListItem\",\"position\":2,\"name\":\"Odborn\u00e9 aktivity\",\"item\":\"https:\\\/\\\/www.upjs.sk\\\/pracoviska\\\/botanicka-zahrada\\\/odborne-aktivity\\\/\"},{\"@type\":\"ListItem\",\"position\":3,\"name\":\"BZ a ochrana pr\u00edrody\"}]},{\"@type\":\"WebSite\",\"@id\":\"https:\\\/\\\/www.upjs.sk\\\/pracoviska\\\/botanicka-zahrada\\\/#website\",\"url\":\"https:\\\/\\\/www.upjs.sk\\\/pracoviska\\\/botanicka-zahrada\\\/\",\"name\":\"Botanick\u00e1 z\u00e1hrada\",\"description\":\"\",\"publisher\":{\"@id\":\"https:\\\/\\\/www.upjs.sk\\\/pracoviska\\\/botanicka-zahrada\\\/#organization\"},\"potentialAction\":[{\"@type\":\"SearchAction\",\"target\":{\"@type\":\"EntryPoint\",\"urlTemplate\":\"https:\\\/\\\/www.upjs.sk\\\/pracoviska\\\/botanicka-zahrada\\\/?s={search_term_string}\"},\"query-input\":{\"@type\":\"PropertyValueSpecification\",\"valueRequired\":true,\"valueName\":\"search_term_string\"}}],\"inLanguage\":\"sk-SK\"},{\"@type\":\"Organization\",\"@id\":\"https:\\\/\\\/www.upjs.sk\\\/pracoviska\\\/botanicka-zahrada\\\/#organization\",\"name\":\"Botanick\u00e1 z\u00e1hrada\",\"url\":\"https:\\\/\\\/www.upjs.sk\\\/pracoviska\\\/botanicka-zahrada\\\/\",\"logo\":{\"@type\":\"ImageObject\",\"inLanguage\":\"sk-SK\",\"@id\":\"https:\\\/\\\/www.upjs.sk\\\/pracoviska\\\/botanicka-zahrada\\\/#\\\/schema\\\/logo\\\/image\\\/\",\"url\":\"https:\\\/\\\/www.upjs.sk\\\/app\\\/uploads\\\/sites\\\/15\\\/2023\\\/01\\\/BZ-2.svg\",\"contentUrl\":\"https:\\\/\\\/www.upjs.sk\\\/app\\\/uploads\\\/sites\\\/15\\\/2023\\\/01\\\/BZ-2.svg\",\"width\":500,\"height\":138,\"caption\":\"Botanick\u00e1 z\u00e1hrada\"},\"image\":{\"@id\":\"https:\\\/\\\/www.upjs.sk\\\/pracoviska\\\/botanicka-zahrada\\\/#\\\/schema\\\/logo\\\/image\\\/\"}}]}<\/script>\n<!-- \/ Yoast SEO plugin. -->","yoast_head_json":{"title":"BZ a ochrana pr\u00edrody - Botanick\u00e1 z\u00e1hrada","robots":{"index":"index","follow":"follow","max-snippet":"max-snippet:-1","max-image-preview":"max-image-preview:large","max-video-preview":"max-video-preview:-1"},"canonical":"https:\/\/www.upjs.sk\/pracoviska\/botanicka-zahrada\/odborne-aktivity\/ochrana-prirody\/","og_locale":"sk_SK","og_type":"article","og_title":"BZ a ochrana pr\u00edrody - Botanick\u00e1 z\u00e1hrada","og_description":"Aj ke\u010f je vymieranie a&nbsp;vznik druhov je prirodzenou s\u00fa\u010das\u0165ou evol\u00facie, v s\u00fa\u010dasnosti zaznamen\u00e1vame zr\u00fdchlen\u00e9 vymieranie druhov, ku ktor\u00e9mu doch\u00e1dza v&nbsp;d\u00f4sledku \u013eudskej \u010dinnosti. Rastliny s\u00fa ohrozen\u00e9 z&nbsp;viacer\u00fdch d\u00f4vodov. K&nbsp;najd\u00f4le\u017eitej\u0161\u00edm patr\u00ed: Rastlinn\u00e9 druhy, ktor\u00e9 s\u00fa ohrozen\u00e9 alebo zranite\u013en\u00e9, s\u00fa chr\u00e1nen\u00e9 pod\u013ea platnej legislat\u00edvy, predov\u0161etk\u00fdm pod\u013ea z\u00e1kona NR SR \u010d. 543\/2002 Z.z o ochrane pr\u00edrody a&nbsp;krajiny v&nbsp;znen\u00ed neskor\u0161\u00edch &hellip; \u010c\u00edta\u0165 \u010falej","og_url":"https:\/\/www.upjs.sk\/pracoviska\/botanicka-zahrada\/odborne-aktivity\/ochrana-prirody\/","og_site_name":"Botanick\u00e1 z\u00e1hrada","article_modified_time":"2023-08-02T09:25:51+00:00","og_image":[{"width":640,"height":480,"url":"https:\/\/www.upjs.sk\/app\/uploads\/sites\/15\/2022\/10\/Matteuccia-struthiopteris.jpg","type":"image\/jpeg"}],"twitter_card":"summary_large_image","twitter_misc":{"Predpokladan\u00fd \u010das \u010d\u00edtania":"2 min\u00faty"},"schema":{"@context":"https:\/\/schema.org","@graph":[{"@type":"WebPage","@id":"https:\/\/www.upjs.sk\/pracoviska\/botanicka-zahrada\/odborne-aktivity\/ochrana-prirody\/","url":"https:\/\/www.upjs.sk\/pracoviska\/botanicka-zahrada\/odborne-aktivity\/ochrana-prirody\/","name":"BZ a ochrana pr\u00edrody - Botanick\u00e1 z\u00e1hrada","isPartOf":{"@id":"https:\/\/www.upjs.sk\/pracoviska\/botanicka-zahrada\/#website"},"primaryImageOfPage":{"@id":"https:\/\/www.upjs.sk\/pracoviska\/botanicka-zahrada\/odborne-aktivity\/ochrana-prirody\/#primaryimage"},"image":{"@id":"https:\/\/www.upjs.sk\/pracoviska\/botanicka-zahrada\/odborne-aktivity\/ochrana-prirody\/#primaryimage"},"thumbnailUrl":"https:\/\/www.upjs.sk\/app\/uploads\/sites\/15\/2022\/10\/Matteuccia-struthiopteris.jpg","datePublished":"2022-06-22T14:03:08+00:00","dateModified":"2023-08-02T09:25:51+00:00","breadcrumb":{"@id":"https:\/\/www.upjs.sk\/pracoviska\/botanicka-zahrada\/odborne-aktivity\/ochrana-prirody\/#breadcrumb"},"inLanguage":"sk-SK","potentialAction":[{"@type":"ReadAction","target":["https:\/\/www.upjs.sk\/pracoviska\/botanicka-zahrada\/odborne-aktivity\/ochrana-prirody\/"]}]},{"@type":"ImageObject","inLanguage":"sk-SK","@id":"https:\/\/www.upjs.sk\/pracoviska\/botanicka-zahrada\/odborne-aktivity\/ochrana-prirody\/#primaryimage","url":"https:\/\/www.upjs.sk\/app\/uploads\/sites\/15\/2022\/10\/Matteuccia-struthiopteris.jpg","contentUrl":"https:\/\/www.upjs.sk\/app\/uploads\/sites\/15\/2022\/10\/Matteuccia-struthiopteris.jpg","width":640,"height":480,"caption":"ochrana-prirody"},{"@type":"BreadcrumbList","@id":"https:\/\/www.upjs.sk\/pracoviska\/botanicka-zahrada\/odborne-aktivity\/ochrana-prirody\/#breadcrumb","itemListElement":[{"@type":"ListItem","position":1,"name":"Home","item":"https:\/\/www.upjs.sk\/pracoviska\/botanicka-zahrada\/"},{"@type":"ListItem","position":2,"name":"Odborn\u00e9 aktivity","item":"https:\/\/www.upjs.sk\/pracoviska\/botanicka-zahrada\/odborne-aktivity\/"},{"@type":"ListItem","position":3,"name":"BZ a ochrana pr\u00edrody"}]},{"@type":"WebSite","@id":"https:\/\/www.upjs.sk\/pracoviska\/botanicka-zahrada\/#website","url":"https:\/\/www.upjs.sk\/pracoviska\/botanicka-zahrada\/","name":"Botanick\u00e1 z\u00e1hrada","description":"","publisher":{"@id":"https:\/\/www.upjs.sk\/pracoviska\/botanicka-zahrada\/#organization"},"potentialAction":[{"@type":"SearchAction","target":{"@type":"EntryPoint","urlTemplate":"https:\/\/www.upjs.sk\/pracoviska\/botanicka-zahrada\/?s={search_term_string}"},"query-input":{"@type":"PropertyValueSpecification","valueRequired":true,"valueName":"search_term_string"}}],"inLanguage":"sk-SK"},{"@type":"Organization","@id":"https:\/\/www.upjs.sk\/pracoviska\/botanicka-zahrada\/#organization","name":"Botanick\u00e1 z\u00e1hrada","url":"https:\/\/www.upjs.sk\/pracoviska\/botanicka-zahrada\/","logo":{"@type":"ImageObject","inLanguage":"sk-SK","@id":"https:\/\/www.upjs.sk\/pracoviska\/botanicka-zahrada\/#\/schema\/logo\/image\/","url":"https:\/\/www.upjs.sk\/app\/uploads\/sites\/15\/2023\/01\/BZ-2.svg","contentUrl":"https:\/\/www.upjs.sk\/app\/uploads\/sites\/15\/2023\/01\/BZ-2.svg","width":500,"height":138,"caption":"Botanick\u00e1 z\u00e1hrada"},"image":{"@id":"https:\/\/www.upjs.sk\/pracoviska\/botanicka-zahrada\/#\/schema\/logo\/image\/"}}]}},"_links":{"self":[{"href":"https:\/\/www.upjs.sk\/pracoviska\/botanicka-zahrada\/wp-json\/wp\/v2\/pages\/15062","targetHints":{"allow":["GET"]}}],"collection":[{"href":"https:\/\/www.upjs.sk\/pracoviska\/botanicka-zahrada\/wp-json\/wp\/v2\/pages"}],"about":[{"href":"https:\/\/www.upjs.sk\/pracoviska\/botanicka-zahrada\/wp-json\/wp\/v2\/types\/page"}],"author":[{"embeddable":true,"href":"https:\/\/www.upjs.sk\/pracoviska\/botanicka-zahrada\/wp-json\/wp\/v2\/users\/1"}],"replies":[{"embeddable":true,"href":"https:\/\/www.upjs.sk\/pracoviska\/botanicka-zahrada\/wp-json\/wp\/v2\/comments?post=15062"}],"version-history":[{"count":4,"href":"https:\/\/www.upjs.sk\/pracoviska\/botanicka-zahrada\/wp-json\/wp\/v2\/pages\/15062\/revisions"}],"predecessor-version":[{"id":21270,"href":"https:\/\/www.upjs.sk\/pracoviska\/botanicka-zahrada\/wp-json\/wp\/v2\/pages\/15062\/revisions\/21270"}],"up":[{"embeddable":true,"href":"https:\/\/www.upjs.sk\/pracoviska\/botanicka-zahrada\/wp-json\/wp\/v2\/pages\/15020"}],"wp:featuredmedia":[{"embeddable":true,"href":"https:\/\/www.upjs.sk\/pracoviska\/botanicka-zahrada\/wp-json\/wp\/v2\/media\/15064"}],"wp:attachment":[{"href":"https:\/\/www.upjs.sk\/pracoviska\/botanicka-zahrada\/wp-json\/wp\/v2\/media?parent=15062"}],"wp:term":[{"taxonomy":"category","embeddable":true,"href":"https:\/\/www.upjs.sk\/pracoviska\/botanicka-zahrada\/wp-json\/wp\/v2\/categories?post=15062"},{"taxonomy":"post_tag","embeddable":true,"href":"https:\/\/www.upjs.sk\/pracoviska\/botanicka-zahrada\/wp-json\/wp\/v2\/tags?post=15062"}],"curies":[{"name":"wp","href":"https:\/\/api.w.org\/{rel}","templated":true}]}}