{"id":15185,"date":"2022-06-22T14:03:08","date_gmt":"2022-06-22T14:03:08","guid":{"rendered":"https:\/\/www.upjs.sk\/pracoviska\/botanicka-zahrada\/root\/odborne-aktivity\/kaktus\/"},"modified":"2022-10-05T09:04:52","modified_gmt":"2022-10-05T09:04:52","slug":"kaktus","status":"publish","type":"page","link":"https:\/\/www.upjs.sk\/pracoviska\/botanicka-zahrada\/odborne-aktivity\/kaktus\/","title":{"rendered":"KAKTUS klub"},"content":{"rendered":"<table align=\"center\" border=\"0\" cellpadding=\"1\" cellspacing=\"1\" style=\"width:97%\">\n<tbody>\n<tr>\n<td style=\"vertical-align: top; text-align: center;\" width=\"20%\">\n<p><img decoding=\"async\" alt=\"\" border=\"0\" src=\"\/images\/4376d2c719d24880b0d9ceb390a342e0\" style=\"float:left; height:144px; width:180px\" \/><\/p>\n<p> \t\t\t<strong><a href=\"http:\/\/kaktusy-ke.rastislav.net\/\" target=\"_blank\" rel=\"noopener\">Viac&#8230;<\/a><\/strong><\/td>\n<td style=\"text-align: justify\" width=\"77%\"><u>Predseda:<\/u> Old\u0159ich Nov\u00e1k<br \/> \t\t\tMeteorov\u00e1 5\/61, 04012 Ko\u0161ice, \u010d.t. 0905372257 &#8211; 055\/6747539\u00a0<br \/> \t\t\te-mail: <a href=\"mailto:oldanovak@seznam.cz\">oldanovak@seznam.cz<\/a> \t\t\t<\/p>\n<p><u>Hospod\u00e1r:<\/u> J\u00e1n Rohrer<br \/> \t\t\tRu\u017e\u00ednska 9, 04001 Ko\u0161ice, \u010d.t. 0907540898 &#8211;\u00a0055\/6428885<\/p>\n<p><u>Tajomn\u00edk:<\/u> Milan Matejovsk\u00fd<br \/> \t\t\t\u017di\u017ekova 29, 04001 Ko\u0161ice, \u010d.t. 0904298625 &#8211; 055\/6784044<\/p>\n<\/td>\n<\/tr>\n<\/tbody>\n<\/table>\n<p> <!-- Text -->  <\/p>\n<p style=\"text-align: justify\">\u00a0\u00a0<br \/> \u00a0\u00a0 Klub je dobrovo\u013en\u00e1 neziskov\u00e1 spolo\u010densk\u00e1 organiz\u00e1cia zdru\u017euj\u00faca z\u00e1ujemcov o pestovanie kaktusov a sukulentov z Ko\u0161\u00edc a okolia. Po\u010diatky organizovan\u00e9ho kaktus\u00e1renia v Ko\u0161iciach sa datuj\u00fa do r.1965, kedy sa okolo pracovn\u00edka BZ p. Jozefa He\u010dka s\u00fastredila skupina nad\u0161encov, ktor\u00e1 st\u00e1la nesk\u00f4r pri zrode Klubu na jednej strane, ale na druhej strane sa zasl\u00fa\u017eila v\u00fdznamne aj o budovanie dnes u\u017e najv\u00e4\u010d\u0161ej a najkraj\u0161ej kaktus\u00e1rskej expoz\u00edcie na Slovensku.\u00a0<\/p>\n<p style=\"text-align: justify\">\u00a0\u00a0\u00a0\u00a0Nesk\u00f4r sa kr\u00fa\u017eok stal s\u00fa\u010das\u0165ou v\u00fdznamn\u00e9ho brnensk\u00e9ho Klubu Astrophytum. Na roky 1967-1989 pre\u0161iel Klub pod Zv\u00e4z z\u00e1hradk\u00e1rov a ovocin\u00e1rov. V r.1990 z\u00edskal Klub nov\u00e9ho patr\u00f3na &#8211; Dom pionierov a ml\u00e1de\u017ee, ale po n\u00e1vrate p. He\u010dka do slu\u017eieb BZ sa aj Klub vr\u00e1til na svoje zakladaj\u00face p\u00f4sobisko.<br \/> \u00a0\u00a0\u00a0\u00a0 Klub kaktus\u00e1rov m\u00e1 dnes po 40 rokoch r\u00f4znych foriem svojej \u010dinnosti 35-40 \u010dlenov. Pracovn\u00e9 stretnutia sa konaj\u00fa ka\u017ed\u00fd prv\u00fd utorok v mesiaci o 17,30 hod. v posluch\u00e1rni BZ. S\u00fa\u010das\u0165ou stretnut\u00ed s\u00fa v\u00fdmeny sk\u00fasenost\u00ed aj prebytkov vlastn\u00fdch v\u00fdpestkov, pravideln\u00e9 dra\u017eby a tomboly. Ve\u013ek\u00fd \u00faspech maj\u00fa predn\u00e1\u0161ky slovensk\u00fdch aj \u010desk\u00fdch v\u00fdznamn\u00fdch pestovate\u013eov &#8211; \u00fa\u010dastn\u00edkov exped\u00edci\u00ed do cel\u00e9ho sveta, spojen\u00e9 s diaprojekciami. Vyvrcholen\u00edm klubovej \u010dinnosti s\u00fa pravideln\u00e9 jarn\u00e9 a jesenn\u00e9 v\u00fdstavy spojen\u00e9 s poradenstvom a predajom prebytkov, konan\u00e9 dnes u\u017e tradi\u010dne v Rotunde na Zbrojni\u010dnej ulici v Ko\u0161iciach. V\u00fdstavy sa stali u\u017e pl\u00e1novan\u00fdm doplnkom vyu\u010dovania botaniky na mnoh\u00fdch z\u00e1kladn\u00fdch \u0161kol\u00e1ch.<br \/> \u00a0\u00a0\u00a0 Pre utu\u017eovanie kolekt\u00edvu Klubu a rodinn\u00fdch pr\u00edslu\u0161n\u00edkov uskuto\u010d\u0148ujeme 1-2 kr\u00e1t ro\u010dne Kaktus\u00e1rske gul\u00e1\u0161 &#8211; p\u00e1rty na z\u00e1hrade pri sklen\u00edkoch na\u0161ich \u010dlenov.\u00a0Pre z\u00e1ujemcov o n\u00e1v\u0161tevy s\u00fa k dispoz\u00edcii po telefonickom dohovore sklen\u00edky p. Dusku, Bokoteja, Rohrera a \u0160ebeja.<\/p>\n","protected":false},"excerpt":{"rendered":"<p>Viac&#8230; Predseda: Old\u0159ich Nov\u00e1k Meteorov\u00e1 5\/61, 04012 Ko\u0161ice, \u010d.t. 0905372257 &#8211; 055\/6747539\u00a0 e-mail: oldanovak@seznam.cz Hospod\u00e1r: J\u00e1n Rohrer Ru\u017e\u00ednska 9, 04001 Ko\u0161ice, \u010d.t. 0907540898 &#8211;\u00a0055\/6428885 Tajomn\u00edk: Milan Matejovsk\u00fd \u017di\u017ekova 29, 04001 Ko\u0161ice, \u010d.t. 0904298625 &#8211; 055\/6784044 \u00a0\u00a0 \u00a0\u00a0 Klub je dobrovo\u013en\u00e1 neziskov\u00e1 spolo\u010densk\u00e1 organiz\u00e1cia zdru\u017euj\u00faca z\u00e1ujemcov o pestovanie kaktusov a sukulentov z Ko\u0161\u00edc a okolia. Po\u010diatky &hellip; <a href=\"https:\/\/www.upjs.sk\/pracoviska\/botanicka-zahrada\/odborne-aktivity\/kaktus\/\">\u010c\u00edta\u0165 \u010falej<\/a><\/p>\n","protected":false},"author":1,"featured_media":0,"parent":15020,"menu_order":11,"comment_status":"closed","ping_status":"closed","template":"","meta":{"_acf_changed":false,"_editorskit_title_hidden":false,"_editorskit_reading_time":0,"_editorskit_is_block_options_detached":false,"_editorskit_block_options_position":"{}","footnotes":""},"categories":[],"tags":[],"class_list":["post-15185","page","type-page","status-publish","hentry"],"acf":{"acf_link_na_externy_obsah":""},"yoast_head":"<!-- This site is optimized with the Yoast SEO plugin v27.4 - https:\/\/yoast.com\/product\/yoast-seo-wordpress\/ -->\n<title>KAKTUS klub - Botanick\u00e1 z\u00e1hrada<\/title>\n<meta name=\"robots\" content=\"index, follow, max-snippet:-1, max-image-preview:large, max-video-preview:-1\" \/>\n<link rel=\"canonical\" href=\"https:\/\/www.upjs.sk\/pracoviska\/botanicka-zahrada\/odborne-aktivity\/kaktus\/\" \/>\n<meta property=\"og:locale\" content=\"sk_SK\" \/>\n<meta property=\"og:type\" content=\"article\" \/>\n<meta property=\"og:title\" content=\"KAKTUS klub - Botanick\u00e1 z\u00e1hrada\" \/>\n<meta property=\"og:description\" content=\"Viac&#8230; Predseda: Old\u0159ich Nov\u00e1k Meteorov\u00e1 5\/61, 04012 Ko\u0161ice, \u010d.t. 0905372257 &#8211; 055\/6747539\u00a0 e-mail: oldanovak@seznam.cz Hospod\u00e1r: J\u00e1n Rohrer Ru\u017e\u00ednska 9, 04001 Ko\u0161ice, \u010d.t. 0907540898 &#8211;\u00a0055\/6428885 Tajomn\u00edk: Milan Matejovsk\u00fd \u017di\u017ekova 29, 04001 Ko\u0161ice, \u010d.t. 0904298625 &#8211; 055\/6784044 \u00a0\u00a0 \u00a0\u00a0 Klub je dobrovo\u013en\u00e1 neziskov\u00e1 spolo\u010densk\u00e1 organiz\u00e1cia zdru\u017euj\u00faca z\u00e1ujemcov o pestovanie kaktusov a sukulentov z Ko\u0161\u00edc a okolia. Po\u010diatky &hellip; \u010c\u00edta\u0165 \u010falej\" \/>\n<meta property=\"og:url\" content=\"https:\/\/www.upjs.sk\/pracoviska\/botanicka-zahrada\/odborne-aktivity\/kaktus\/\" \/>\n<meta property=\"og:site_name\" content=\"Botanick\u00e1 z\u00e1hrada\" \/>\n<meta property=\"article:modified_time\" content=\"2022-10-05T09:04:52+00:00\" \/>\n<meta name=\"twitter:card\" content=\"summary_large_image\" \/>\n<meta name=\"twitter:label1\" content=\"Predpokladan\u00fd \u010das \u010d\u00edtania\" \/>\n\t<meta name=\"twitter:data1\" content=\"2 min\u00faty\" \/>\n<script type=\"application\/ld+json\" class=\"yoast-schema-graph\">{\"@context\":\"https:\\\/\\\/schema.org\",\"@graph\":[{\"@type\":\"WebPage\",\"@id\":\"https:\\\/\\\/www.upjs.sk\\\/pracoviska\\\/botanicka-zahrada\\\/odborne-aktivity\\\/kaktus\\\/\",\"url\":\"https:\\\/\\\/www.upjs.sk\\\/pracoviska\\\/botanicka-zahrada\\\/odborne-aktivity\\\/kaktus\\\/\",\"name\":\"KAKTUS klub - Botanick\u00e1 z\u00e1hrada\",\"isPartOf\":{\"@id\":\"https:\\\/\\\/www.upjs.sk\\\/pracoviska\\\/botanicka-zahrada\\\/#website\"},\"datePublished\":\"2022-06-22T14:03:08+00:00\",\"dateModified\":\"2022-10-05T09:04:52+00:00\",\"breadcrumb\":{\"@id\":\"https:\\\/\\\/www.upjs.sk\\\/pracoviska\\\/botanicka-zahrada\\\/odborne-aktivity\\\/kaktus\\\/#breadcrumb\"},\"inLanguage\":\"sk-SK\",\"potentialAction\":[{\"@type\":\"ReadAction\",\"target\":[\"https:\\\/\\\/www.upjs.sk\\\/pracoviska\\\/botanicka-zahrada\\\/odborne-aktivity\\\/kaktus\\\/\"]}]},{\"@type\":\"BreadcrumbList\",\"@id\":\"https:\\\/\\\/www.upjs.sk\\\/pracoviska\\\/botanicka-zahrada\\\/odborne-aktivity\\\/kaktus\\\/#breadcrumb\",\"itemListElement\":[{\"@type\":\"ListItem\",\"position\":1,\"name\":\"Home\",\"item\":\"https:\\\/\\\/www.upjs.sk\\\/pracoviska\\\/botanicka-zahrada\\\/\"},{\"@type\":\"ListItem\",\"position\":2,\"name\":\"Odborn\u00e9 aktivity\",\"item\":\"https:\\\/\\\/www.upjs.sk\\\/pracoviska\\\/botanicka-zahrada\\\/odborne-aktivity\\\/\"},{\"@type\":\"ListItem\",\"position\":3,\"name\":\"KAKTUS klub\"}]},{\"@type\":\"WebSite\",\"@id\":\"https:\\\/\\\/www.upjs.sk\\\/pracoviska\\\/botanicka-zahrada\\\/#website\",\"url\":\"https:\\\/\\\/www.upjs.sk\\\/pracoviska\\\/botanicka-zahrada\\\/\",\"name\":\"Botanick\u00e1 z\u00e1hrada\",\"description\":\"\",\"publisher\":{\"@id\":\"https:\\\/\\\/www.upjs.sk\\\/pracoviska\\\/botanicka-zahrada\\\/#organization\"},\"potentialAction\":[{\"@type\":\"SearchAction\",\"target\":{\"@type\":\"EntryPoint\",\"urlTemplate\":\"https:\\\/\\\/www.upjs.sk\\\/pracoviska\\\/botanicka-zahrada\\\/?s={search_term_string}\"},\"query-input\":{\"@type\":\"PropertyValueSpecification\",\"valueRequired\":true,\"valueName\":\"search_term_string\"}}],\"inLanguage\":\"sk-SK\"},{\"@type\":\"Organization\",\"@id\":\"https:\\\/\\\/www.upjs.sk\\\/pracoviska\\\/botanicka-zahrada\\\/#organization\",\"name\":\"Botanick\u00e1 z\u00e1hrada\",\"url\":\"https:\\\/\\\/www.upjs.sk\\\/pracoviska\\\/botanicka-zahrada\\\/\",\"logo\":{\"@type\":\"ImageObject\",\"inLanguage\":\"sk-SK\",\"@id\":\"https:\\\/\\\/www.upjs.sk\\\/pracoviska\\\/botanicka-zahrada\\\/#\\\/schema\\\/logo\\\/image\\\/\",\"url\":\"https:\\\/\\\/www.upjs.sk\\\/app\\\/uploads\\\/sites\\\/15\\\/2023\\\/01\\\/BZ-2.svg\",\"contentUrl\":\"https:\\\/\\\/www.upjs.sk\\\/app\\\/uploads\\\/sites\\\/15\\\/2023\\\/01\\\/BZ-2.svg\",\"width\":500,\"height\":138,\"caption\":\"Botanick\u00e1 z\u00e1hrada\"},\"image\":{\"@id\":\"https:\\\/\\\/www.upjs.sk\\\/pracoviska\\\/botanicka-zahrada\\\/#\\\/schema\\\/logo\\\/image\\\/\"}}]}<\/script>\n<!-- \/ Yoast SEO plugin. -->","yoast_head_json":{"title":"KAKTUS klub - Botanick\u00e1 z\u00e1hrada","robots":{"index":"index","follow":"follow","max-snippet":"max-snippet:-1","max-image-preview":"max-image-preview:large","max-video-preview":"max-video-preview:-1"},"canonical":"https:\/\/www.upjs.sk\/pracoviska\/botanicka-zahrada\/odborne-aktivity\/kaktus\/","og_locale":"sk_SK","og_type":"article","og_title":"KAKTUS klub - Botanick\u00e1 z\u00e1hrada","og_description":"Viac&#8230; Predseda: Old\u0159ich Nov\u00e1k Meteorov\u00e1 5\/61, 04012 Ko\u0161ice, \u010d.t. 0905372257 &#8211; 055\/6747539\u00a0 e-mail: oldanovak@seznam.cz Hospod\u00e1r: J\u00e1n Rohrer Ru\u017e\u00ednska 9, 04001 Ko\u0161ice, \u010d.t. 0907540898 &#8211;\u00a0055\/6428885 Tajomn\u00edk: Milan Matejovsk\u00fd \u017di\u017ekova 29, 04001 Ko\u0161ice, \u010d.t. 0904298625 &#8211; 055\/6784044 \u00a0\u00a0 \u00a0\u00a0 Klub je dobrovo\u013en\u00e1 neziskov\u00e1 spolo\u010densk\u00e1 organiz\u00e1cia zdru\u017euj\u00faca z\u00e1ujemcov o pestovanie kaktusov a sukulentov z Ko\u0161\u00edc a okolia. Po\u010diatky &hellip; \u010c\u00edta\u0165 \u010falej","og_url":"https:\/\/www.upjs.sk\/pracoviska\/botanicka-zahrada\/odborne-aktivity\/kaktus\/","og_site_name":"Botanick\u00e1 z\u00e1hrada","article_modified_time":"2022-10-05T09:04:52+00:00","twitter_card":"summary_large_image","twitter_misc":{"Predpokladan\u00fd \u010das \u010d\u00edtania":"2 min\u00faty"},"schema":{"@context":"https:\/\/schema.org","@graph":[{"@type":"WebPage","@id":"https:\/\/www.upjs.sk\/pracoviska\/botanicka-zahrada\/odborne-aktivity\/kaktus\/","url":"https:\/\/www.upjs.sk\/pracoviska\/botanicka-zahrada\/odborne-aktivity\/kaktus\/","name":"KAKTUS klub - Botanick\u00e1 z\u00e1hrada","isPartOf":{"@id":"https:\/\/www.upjs.sk\/pracoviska\/botanicka-zahrada\/#website"},"datePublished":"2022-06-22T14:03:08+00:00","dateModified":"2022-10-05T09:04:52+00:00","breadcrumb":{"@id":"https:\/\/www.upjs.sk\/pracoviska\/botanicka-zahrada\/odborne-aktivity\/kaktus\/#breadcrumb"},"inLanguage":"sk-SK","potentialAction":[{"@type":"ReadAction","target":["https:\/\/www.upjs.sk\/pracoviska\/botanicka-zahrada\/odborne-aktivity\/kaktus\/"]}]},{"@type":"BreadcrumbList","@id":"https:\/\/www.upjs.sk\/pracoviska\/botanicka-zahrada\/odborne-aktivity\/kaktus\/#breadcrumb","itemListElement":[{"@type":"ListItem","position":1,"name":"Home","item":"https:\/\/www.upjs.sk\/pracoviska\/botanicka-zahrada\/"},{"@type":"ListItem","position":2,"name":"Odborn\u00e9 aktivity","item":"https:\/\/www.upjs.sk\/pracoviska\/botanicka-zahrada\/odborne-aktivity\/"},{"@type":"ListItem","position":3,"name":"KAKTUS klub"}]},{"@type":"WebSite","@id":"https:\/\/www.upjs.sk\/pracoviska\/botanicka-zahrada\/#website","url":"https:\/\/www.upjs.sk\/pracoviska\/botanicka-zahrada\/","name":"Botanick\u00e1 z\u00e1hrada","description":"","publisher":{"@id":"https:\/\/www.upjs.sk\/pracoviska\/botanicka-zahrada\/#organization"},"potentialAction":[{"@type":"SearchAction","target":{"@type":"EntryPoint","urlTemplate":"https:\/\/www.upjs.sk\/pracoviska\/botanicka-zahrada\/?s={search_term_string}"},"query-input":{"@type":"PropertyValueSpecification","valueRequired":true,"valueName":"search_term_string"}}],"inLanguage":"sk-SK"},{"@type":"Organization","@id":"https:\/\/www.upjs.sk\/pracoviska\/botanicka-zahrada\/#organization","name":"Botanick\u00e1 z\u00e1hrada","url":"https:\/\/www.upjs.sk\/pracoviska\/botanicka-zahrada\/","logo":{"@type":"ImageObject","inLanguage":"sk-SK","@id":"https:\/\/www.upjs.sk\/pracoviska\/botanicka-zahrada\/#\/schema\/logo\/image\/","url":"https:\/\/www.upjs.sk\/app\/uploads\/sites\/15\/2023\/01\/BZ-2.svg","contentUrl":"https:\/\/www.upjs.sk\/app\/uploads\/sites\/15\/2023\/01\/BZ-2.svg","width":500,"height":138,"caption":"Botanick\u00e1 z\u00e1hrada"},"image":{"@id":"https:\/\/www.upjs.sk\/pracoviska\/botanicka-zahrada\/#\/schema\/logo\/image\/"}}]}},"_links":{"self":[{"href":"https:\/\/www.upjs.sk\/pracoviska\/botanicka-zahrada\/wp-json\/wp\/v2\/pages\/15185","targetHints":{"allow":["GET"]}}],"collection":[{"href":"https:\/\/www.upjs.sk\/pracoviska\/botanicka-zahrada\/wp-json\/wp\/v2\/pages"}],"about":[{"href":"https:\/\/www.upjs.sk\/pracoviska\/botanicka-zahrada\/wp-json\/wp\/v2\/types\/page"}],"author":[{"embeddable":true,"href":"https:\/\/www.upjs.sk\/pracoviska\/botanicka-zahrada\/wp-json\/wp\/v2\/users\/1"}],"replies":[{"embeddable":true,"href":"https:\/\/www.upjs.sk\/pracoviska\/botanicka-zahrada\/wp-json\/wp\/v2\/comments?post=15185"}],"version-history":[{"count":1,"href":"https:\/\/www.upjs.sk\/pracoviska\/botanicka-zahrada\/wp-json\/wp\/v2\/pages\/15185\/revisions"}],"predecessor-version":[{"id":15186,"href":"https:\/\/www.upjs.sk\/pracoviska\/botanicka-zahrada\/wp-json\/wp\/v2\/pages\/15185\/revisions\/15186"}],"up":[{"embeddable":true,"href":"https:\/\/www.upjs.sk\/pracoviska\/botanicka-zahrada\/wp-json\/wp\/v2\/pages\/15020"}],"wp:attachment":[{"href":"https:\/\/www.upjs.sk\/pracoviska\/botanicka-zahrada\/wp-json\/wp\/v2\/media?parent=15185"}],"wp:term":[{"taxonomy":"category","embeddable":true,"href":"https:\/\/www.upjs.sk\/pracoviska\/botanicka-zahrada\/wp-json\/wp\/v2\/categories?post=15185"},{"taxonomy":"post_tag","embeddable":true,"href":"https:\/\/www.upjs.sk\/pracoviska\/botanicka-zahrada\/wp-json\/wp\/v2\/tags?post=15185"}],"curies":[{"name":"wp","href":"https:\/\/api.w.org\/{rel}","templated":true}]}}