{"id":15189,"date":"2022-06-22T14:37:33","date_gmt":"2022-06-22T14:37:33","guid":{"rendered":"https:\/\/www.upjs.sk\/pracoviska\/botanicka-zahrada\/root\/odborne-aktivity\/thaiszia-2\/"},"modified":"2025-06-25T12:44:55","modified_gmt":"2025-06-25T12:44:55","slug":"thaiszia-2","status":"publish","type":"page","link":"https:\/\/www.upjs.sk\/pracoviska\/botanicka-zahrada\/odborne-aktivity\/thaiszia-2\/","title":{"rendered":"Thaiszia \u2013 Journal of Botany"},"content":{"rendered":"<table style=\"width: 97%;\" border=\"0\" cellspacing=\"0\" cellpadding=\"0\" align=\"center\">\n<tbody>\n<tr>\n<td width=\"30%\"><a href=\"https:\/\/www.upjs.sk\/app\/uploads\/sites\/15\/2022\/10\/Thaiszia-casopis-BZ.jpg\" target=\"_blank\" rel=\"noopener\"><img loading=\"lazy\" decoding=\"async\" class=\"alignnone\" style=\"border-style: solid; border-width: 0px; width: 100%;\" src=\"http:\/\/www.upjs.sk\/\/app\/uploads\/sites\/15\/2022\/10\/Thaiszia-casopis-BZ.jpg\" alt=\"\" width=\"500\" height=\"728\" \/><\/a><\/td>\n<td width=\"67%\">\n<p style=\"margin-left: 40px;\">Botanical Garden P. J. \u0160af\u00e1rik University<br \/>\nM\u00e1nesova 23, 043 52 Ko\u0161ice<br \/>\nSLOVAKIA<br \/>\nPhone: +421 55 633 73 53<br \/>\nFax: +421 55 633 73 53<br \/>\nE-mail: <a href=\"mailto:thaiszia@upjs.sk\">thaiszia@upjs.sk<\/a><\/p>\n<ul>\n<li><a href=\"\/pracoviska\/botanicka-zahrada\/odborne-aktivity\/scope-of-thaiszia\">Scope of Thaiszia \u2013 Journal of Botany<\/a><\/li>\n<li><a href=\"\/pracoviska\/botanicka-zahrada\/odborne-aktivity\/editorial-board\">Editorial Board<\/a><\/li>\n<li>Contents, abstracts\u00a0and\u00a0full text &#8211;\u00a0<a href=\"\/pracoviska\/botanicka-zahrada\/odborne-aktivity\/contents-abstracts\/\">vol. 1 &#8211; 35<\/a><\/li>\n<li><a href=\"\/pracoviska\/botanicka-zahrada\/odborne-aktivity\/guide-to-authors\/\">Guide to authors<\/a><\/li>\n<li><a href=\"\/pracoviska\/botanicka-zahrada\/odborne-aktivity\/subscription\/\">Subscription<\/a>, prices and publication exchange<\/li>\n<li><a href=\"\/pracoviska\/botanicka-zahrada\/odborne-aktivity\/lajos-thaisz\/\">Lajos Thaisz<\/a> \u2013 the founder of botany in Ko\u0161ice<\/li>\n<\/ul>\n<\/td>\n<\/tr>\n<\/tbody>\n<\/table>\n","protected":false},"excerpt":{"rendered":"<p>Botanical Garden P. J. \u0160af\u00e1rik University M\u00e1nesova 23, 043 52 Ko\u0161ice SLOVAKIA Phone: +421 55 633 73 53 Fax: +421 55 633 73 53 E-mail: thaiszia@upjs.sk Scope of Thaiszia \u2013 Journal of Botany Editorial Board Contents, abstracts\u00a0and\u00a0full text &#8211;\u00a0vol. 1 &#8211; 35 Guide to authors Subscription, prices and publication exchange Lajos Thaisz \u2013 the founder &hellip; <a href=\"https:\/\/www.upjs.sk\/pracoviska\/botanicka-zahrada\/odborne-aktivity\/thaiszia-2\/\">\u010c\u00edta\u0165 \u010falej<\/a><\/p>\n","protected":false},"author":1,"featured_media":15190,"parent":15020,"menu_order":5,"comment_status":"closed","ping_status":"closed","template":"","meta":{"_acf_changed":false,"_editorskit_title_hidden":false,"_editorskit_reading_time":1,"_editorskit_is_block_options_detached":false,"_editorskit_block_options_position":"{}","footnotes":""},"categories":[],"tags":[],"class_list":["post-15189","page","type-page","status-publish","has-post-thumbnail","hentry"],"acf":{"acf_link_na_externy_obsah":""},"yoast_head":"<!-- This site is optimized with the Yoast SEO plugin v27.4 - https:\/\/yoast.com\/product\/yoast-seo-wordpress\/ -->\n<title>Thaiszia \u2013 Journal of Botany - Botanick\u00e1 z\u00e1hrada<\/title>\n<meta name=\"robots\" content=\"index, follow, max-snippet:-1, max-image-preview:large, max-video-preview:-1\" \/>\n<link rel=\"canonical\" href=\"https:\/\/www.upjs.sk\/pracoviska\/botanicka-zahrada\/odborne-aktivity\/thaiszia-2\/\" \/>\n<meta property=\"og:locale\" content=\"sk_SK\" \/>\n<meta property=\"og:type\" content=\"article\" \/>\n<meta property=\"og:title\" content=\"Thaiszia \u2013 Journal of Botany - Botanick\u00e1 z\u00e1hrada\" \/>\n<meta property=\"og:description\" content=\"Botanical Garden P. J. \u0160af\u00e1rik University M\u00e1nesova 23, 043 52 Ko\u0161ice SLOVAKIA Phone: +421 55 633 73 53 Fax: +421 55 633 73 53 E-mail: thaiszia@upjs.sk Scope of Thaiszia \u2013 Journal of Botany Editorial Board Contents, abstracts\u00a0and\u00a0full text &#8211;\u00a0vol. 1 &#8211; 35 Guide to authors Subscription, prices and publication exchange Lajos Thaisz \u2013 the founder &hellip; \u010c\u00edta\u0165 \u010falej\" \/>\n<meta property=\"og:url\" content=\"https:\/\/www.upjs.sk\/pracoviska\/botanicka-zahrada\/odborne-aktivity\/thaiszia-2\/\" \/>\n<meta property=\"og:site_name\" content=\"Botanick\u00e1 z\u00e1hrada\" \/>\n<meta property=\"article:modified_time\" content=\"2025-06-25T12:44:55+00:00\" \/>\n<meta property=\"og:image\" content=\"https:\/\/www.upjs.sk\/app\/uploads\/sites\/15\/2022\/10\/Thaiszia-casopis-BZ.jpg\" \/>\n\t<meta property=\"og:image:width\" content=\"500\" \/>\n\t<meta property=\"og:image:height\" content=\"728\" \/>\n\t<meta property=\"og:image:type\" content=\"image\/jpeg\" \/>\n<meta name=\"twitter:card\" content=\"summary_large_image\" \/>\n<meta name=\"twitter:label1\" content=\"Predpokladan\u00fd \u010das \u010d\u00edtania\" \/>\n\t<meta name=\"twitter:data1\" content=\"1 min\u00fata\" \/>\n<script type=\"application\/ld+json\" class=\"yoast-schema-graph\">{\"@context\":\"https:\\\/\\\/schema.org\",\"@graph\":[{\"@type\":\"WebPage\",\"@id\":\"https:\\\/\\\/www.upjs.sk\\\/pracoviska\\\/botanicka-zahrada\\\/odborne-aktivity\\\/thaiszia-2\\\/\",\"url\":\"https:\\\/\\\/www.upjs.sk\\\/pracoviska\\\/botanicka-zahrada\\\/odborne-aktivity\\\/thaiszia-2\\\/\",\"name\":\"Thaiszia \u2013 Journal of Botany - Botanick\u00e1 z\u00e1hrada\",\"isPartOf\":{\"@id\":\"https:\\\/\\\/www.upjs.sk\\\/pracoviska\\\/botanicka-zahrada\\\/#website\"},\"primaryImageOfPage\":{\"@id\":\"https:\\\/\\\/www.upjs.sk\\\/pracoviska\\\/botanicka-zahrada\\\/odborne-aktivity\\\/thaiszia-2\\\/#primaryimage\"},\"image\":{\"@id\":\"https:\\\/\\\/www.upjs.sk\\\/pracoviska\\\/botanicka-zahrada\\\/odborne-aktivity\\\/thaiszia-2\\\/#primaryimage\"},\"thumbnailUrl\":\"https:\\\/\\\/www.upjs.sk\\\/app\\\/uploads\\\/sites\\\/15\\\/2022\\\/10\\\/Thaiszia-casopis-BZ.jpg\",\"datePublished\":\"2022-06-22T14:37:33+00:00\",\"dateModified\":\"2025-06-25T12:44:55+00:00\",\"breadcrumb\":{\"@id\":\"https:\\\/\\\/www.upjs.sk\\\/pracoviska\\\/botanicka-zahrada\\\/odborne-aktivity\\\/thaiszia-2\\\/#breadcrumb\"},\"inLanguage\":\"sk-SK\",\"potentialAction\":[{\"@type\":\"ReadAction\",\"target\":[\"https:\\\/\\\/www.upjs.sk\\\/pracoviska\\\/botanicka-zahrada\\\/odborne-aktivity\\\/thaiszia-2\\\/\"]}]},{\"@type\":\"ImageObject\",\"inLanguage\":\"sk-SK\",\"@id\":\"https:\\\/\\\/www.upjs.sk\\\/pracoviska\\\/botanicka-zahrada\\\/odborne-aktivity\\\/thaiszia-2\\\/#primaryimage\",\"url\":\"https:\\\/\\\/www.upjs.sk\\\/app\\\/uploads\\\/sites\\\/15\\\/2022\\\/10\\\/Thaiszia-casopis-BZ.jpg\",\"contentUrl\":\"https:\\\/\\\/www.upjs.sk\\\/app\\\/uploads\\\/sites\\\/15\\\/2022\\\/10\\\/Thaiszia-casopis-BZ.jpg\",\"width\":500,\"height\":728,\"caption\":\"thaiszia\"},{\"@type\":\"BreadcrumbList\",\"@id\":\"https:\\\/\\\/www.upjs.sk\\\/pracoviska\\\/botanicka-zahrada\\\/odborne-aktivity\\\/thaiszia-2\\\/#breadcrumb\",\"itemListElement\":[{\"@type\":\"ListItem\",\"position\":1,\"name\":\"Home\",\"item\":\"https:\\\/\\\/www.upjs.sk\\\/pracoviska\\\/botanicka-zahrada\\\/\"},{\"@type\":\"ListItem\",\"position\":2,\"name\":\"Odborn\u00e9 aktivity\",\"item\":\"https:\\\/\\\/www.upjs.sk\\\/pracoviska\\\/botanicka-zahrada\\\/odborne-aktivity\\\/\"},{\"@type\":\"ListItem\",\"position\":3,\"name\":\"Thaiszia \u2013 Journal of Botany\"}]},{\"@type\":\"WebSite\",\"@id\":\"https:\\\/\\\/www.upjs.sk\\\/pracoviska\\\/botanicka-zahrada\\\/#website\",\"url\":\"https:\\\/\\\/www.upjs.sk\\\/pracoviska\\\/botanicka-zahrada\\\/\",\"name\":\"Botanick\u00e1 z\u00e1hrada\",\"description\":\"\",\"publisher\":{\"@id\":\"https:\\\/\\\/www.upjs.sk\\\/pracoviska\\\/botanicka-zahrada\\\/#organization\"},\"potentialAction\":[{\"@type\":\"SearchAction\",\"target\":{\"@type\":\"EntryPoint\",\"urlTemplate\":\"https:\\\/\\\/www.upjs.sk\\\/pracoviska\\\/botanicka-zahrada\\\/?s={search_term_string}\"},\"query-input\":{\"@type\":\"PropertyValueSpecification\",\"valueRequired\":true,\"valueName\":\"search_term_string\"}}],\"inLanguage\":\"sk-SK\"},{\"@type\":\"Organization\",\"@id\":\"https:\\\/\\\/www.upjs.sk\\\/pracoviska\\\/botanicka-zahrada\\\/#organization\",\"name\":\"Botanick\u00e1 z\u00e1hrada\",\"url\":\"https:\\\/\\\/www.upjs.sk\\\/pracoviska\\\/botanicka-zahrada\\\/\",\"logo\":{\"@type\":\"ImageObject\",\"inLanguage\":\"sk-SK\",\"@id\":\"https:\\\/\\\/www.upjs.sk\\\/pracoviska\\\/botanicka-zahrada\\\/#\\\/schema\\\/logo\\\/image\\\/\",\"url\":\"https:\\\/\\\/www.upjs.sk\\\/app\\\/uploads\\\/sites\\\/15\\\/2023\\\/01\\\/BZ-2.svg\",\"contentUrl\":\"https:\\\/\\\/www.upjs.sk\\\/app\\\/uploads\\\/sites\\\/15\\\/2023\\\/01\\\/BZ-2.svg\",\"width\":500,\"height\":138,\"caption\":\"Botanick\u00e1 z\u00e1hrada\"},\"image\":{\"@id\":\"https:\\\/\\\/www.upjs.sk\\\/pracoviska\\\/botanicka-zahrada\\\/#\\\/schema\\\/logo\\\/image\\\/\"}}]}<\/script>\n<!-- \/ Yoast SEO plugin. -->","yoast_head_json":{"title":"Thaiszia \u2013 Journal of Botany - Botanick\u00e1 z\u00e1hrada","robots":{"index":"index","follow":"follow","max-snippet":"max-snippet:-1","max-image-preview":"max-image-preview:large","max-video-preview":"max-video-preview:-1"},"canonical":"https:\/\/www.upjs.sk\/pracoviska\/botanicka-zahrada\/odborne-aktivity\/thaiszia-2\/","og_locale":"sk_SK","og_type":"article","og_title":"Thaiszia \u2013 Journal of Botany - Botanick\u00e1 z\u00e1hrada","og_description":"Botanical Garden P. J. \u0160af\u00e1rik University M\u00e1nesova 23, 043 52 Ko\u0161ice SLOVAKIA Phone: +421 55 633 73 53 Fax: +421 55 633 73 53 E-mail: thaiszia@upjs.sk Scope of Thaiszia \u2013 Journal of Botany Editorial Board Contents, abstracts\u00a0and\u00a0full text &#8211;\u00a0vol. 1 &#8211; 35 Guide to authors Subscription, prices and publication exchange Lajos Thaisz \u2013 the founder &hellip; \u010c\u00edta\u0165 \u010falej","og_url":"https:\/\/www.upjs.sk\/pracoviska\/botanicka-zahrada\/odborne-aktivity\/thaiszia-2\/","og_site_name":"Botanick\u00e1 z\u00e1hrada","article_modified_time":"2025-06-25T12:44:55+00:00","og_image":[{"width":500,"height":728,"url":"https:\/\/www.upjs.sk\/app\/uploads\/sites\/15\/2022\/10\/Thaiszia-casopis-BZ.jpg","type":"image\/jpeg"}],"twitter_card":"summary_large_image","twitter_misc":{"Predpokladan\u00fd \u010das \u010d\u00edtania":"1 min\u00fata"},"schema":{"@context":"https:\/\/schema.org","@graph":[{"@type":"WebPage","@id":"https:\/\/www.upjs.sk\/pracoviska\/botanicka-zahrada\/odborne-aktivity\/thaiszia-2\/","url":"https:\/\/www.upjs.sk\/pracoviska\/botanicka-zahrada\/odborne-aktivity\/thaiszia-2\/","name":"Thaiszia \u2013 Journal of Botany - Botanick\u00e1 z\u00e1hrada","isPartOf":{"@id":"https:\/\/www.upjs.sk\/pracoviska\/botanicka-zahrada\/#website"},"primaryImageOfPage":{"@id":"https:\/\/www.upjs.sk\/pracoviska\/botanicka-zahrada\/odborne-aktivity\/thaiszia-2\/#primaryimage"},"image":{"@id":"https:\/\/www.upjs.sk\/pracoviska\/botanicka-zahrada\/odborne-aktivity\/thaiszia-2\/#primaryimage"},"thumbnailUrl":"https:\/\/www.upjs.sk\/app\/uploads\/sites\/15\/2022\/10\/Thaiszia-casopis-BZ.jpg","datePublished":"2022-06-22T14:37:33+00:00","dateModified":"2025-06-25T12:44:55+00:00","breadcrumb":{"@id":"https:\/\/www.upjs.sk\/pracoviska\/botanicka-zahrada\/odborne-aktivity\/thaiszia-2\/#breadcrumb"},"inLanguage":"sk-SK","potentialAction":[{"@type":"ReadAction","target":["https:\/\/www.upjs.sk\/pracoviska\/botanicka-zahrada\/odborne-aktivity\/thaiszia-2\/"]}]},{"@type":"ImageObject","inLanguage":"sk-SK","@id":"https:\/\/www.upjs.sk\/pracoviska\/botanicka-zahrada\/odborne-aktivity\/thaiszia-2\/#primaryimage","url":"https:\/\/www.upjs.sk\/app\/uploads\/sites\/15\/2022\/10\/Thaiszia-casopis-BZ.jpg","contentUrl":"https:\/\/www.upjs.sk\/app\/uploads\/sites\/15\/2022\/10\/Thaiszia-casopis-BZ.jpg","width":500,"height":728,"caption":"thaiszia"},{"@type":"BreadcrumbList","@id":"https:\/\/www.upjs.sk\/pracoviska\/botanicka-zahrada\/odborne-aktivity\/thaiszia-2\/#breadcrumb","itemListElement":[{"@type":"ListItem","position":1,"name":"Home","item":"https:\/\/www.upjs.sk\/pracoviska\/botanicka-zahrada\/"},{"@type":"ListItem","position":2,"name":"Odborn\u00e9 aktivity","item":"https:\/\/www.upjs.sk\/pracoviska\/botanicka-zahrada\/odborne-aktivity\/"},{"@type":"ListItem","position":3,"name":"Thaiszia \u2013 Journal of Botany"}]},{"@type":"WebSite","@id":"https:\/\/www.upjs.sk\/pracoviska\/botanicka-zahrada\/#website","url":"https:\/\/www.upjs.sk\/pracoviska\/botanicka-zahrada\/","name":"Botanick\u00e1 z\u00e1hrada","description":"","publisher":{"@id":"https:\/\/www.upjs.sk\/pracoviska\/botanicka-zahrada\/#organization"},"potentialAction":[{"@type":"SearchAction","target":{"@type":"EntryPoint","urlTemplate":"https:\/\/www.upjs.sk\/pracoviska\/botanicka-zahrada\/?s={search_term_string}"},"query-input":{"@type":"PropertyValueSpecification","valueRequired":true,"valueName":"search_term_string"}}],"inLanguage":"sk-SK"},{"@type":"Organization","@id":"https:\/\/www.upjs.sk\/pracoviska\/botanicka-zahrada\/#organization","name":"Botanick\u00e1 z\u00e1hrada","url":"https:\/\/www.upjs.sk\/pracoviska\/botanicka-zahrada\/","logo":{"@type":"ImageObject","inLanguage":"sk-SK","@id":"https:\/\/www.upjs.sk\/pracoviska\/botanicka-zahrada\/#\/schema\/logo\/image\/","url":"https:\/\/www.upjs.sk\/app\/uploads\/sites\/15\/2023\/01\/BZ-2.svg","contentUrl":"https:\/\/www.upjs.sk\/app\/uploads\/sites\/15\/2023\/01\/BZ-2.svg","width":500,"height":138,"caption":"Botanick\u00e1 z\u00e1hrada"},"image":{"@id":"https:\/\/www.upjs.sk\/pracoviska\/botanicka-zahrada\/#\/schema\/logo\/image\/"}}]}},"_links":{"self":[{"href":"https:\/\/www.upjs.sk\/pracoviska\/botanicka-zahrada\/wp-json\/wp\/v2\/pages\/15189","targetHints":{"allow":["GET"]}}],"collection":[{"href":"https:\/\/www.upjs.sk\/pracoviska\/botanicka-zahrada\/wp-json\/wp\/v2\/pages"}],"about":[{"href":"https:\/\/www.upjs.sk\/pracoviska\/botanicka-zahrada\/wp-json\/wp\/v2\/types\/page"}],"author":[{"embeddable":true,"href":"https:\/\/www.upjs.sk\/pracoviska\/botanicka-zahrada\/wp-json\/wp\/v2\/users\/1"}],"replies":[{"embeddable":true,"href":"https:\/\/www.upjs.sk\/pracoviska\/botanicka-zahrada\/wp-json\/wp\/v2\/comments?post=15189"}],"version-history":[{"count":6,"href":"https:\/\/www.upjs.sk\/pracoviska\/botanicka-zahrada\/wp-json\/wp\/v2\/pages\/15189\/revisions"}],"predecessor-version":[{"id":23892,"href":"https:\/\/www.upjs.sk\/pracoviska\/botanicka-zahrada\/wp-json\/wp\/v2\/pages\/15189\/revisions\/23892"}],"up":[{"embeddable":true,"href":"https:\/\/www.upjs.sk\/pracoviska\/botanicka-zahrada\/wp-json\/wp\/v2\/pages\/15020"}],"wp:featuredmedia":[{"embeddable":true,"href":"https:\/\/www.upjs.sk\/pracoviska\/botanicka-zahrada\/wp-json\/wp\/v2\/media\/15190"}],"wp:attachment":[{"href":"https:\/\/www.upjs.sk\/pracoviska\/botanicka-zahrada\/wp-json\/wp\/v2\/media?parent=15189"}],"wp:term":[{"taxonomy":"category","embeddable":true,"href":"https:\/\/www.upjs.sk\/pracoviska\/botanicka-zahrada\/wp-json\/wp\/v2\/categories?post=15189"},{"taxonomy":"post_tag","embeddable":true,"href":"https:\/\/www.upjs.sk\/pracoviska\/botanicka-zahrada\/wp-json\/wp\/v2\/tags?post=15189"}],"curies":[{"name":"wp","href":"https:\/\/api.w.org\/{rel}","templated":true}]}}