{"id":15199,"date":"2022-06-22T14:03:08","date_gmt":"2022-06-22T14:03:08","guid":{"rendered":"https:\/\/www.upjs.sk\/pracoviska\/botanicka-zahrada\/root\/odborne-aktivity\/platna-legislativa\/"},"modified":"2022-10-05T09:04:52","modified_gmt":"2022-10-05T09:04:52","slug":"platna-legislativa","status":"publish","type":"page","link":"https:\/\/www.upjs.sk\/pracoviska\/botanicka-zahrada\/odborne-aktivity\/platna-legislativa\/","title":{"rendered":"Platn\u00e1 legislat\u00edva"},"content":{"rendered":"<p><!-- Text --> <\/p>\n<p>Platn\u00e1 legislat\u00edva:<\/p>\n<ul>\n<li><strong><a href=\"http:\/\/www.cites.sk\/subory\/zakon_237.pdf\" target=\"_blank\" rel=\"noopener\">Z\u00e1kon \u010d. 237\/2002 Z. z.<\/a><\/strong> o obchode s ohrozen\u00fdmi druhmi. vo\u013ene \u017eij\u00facich \u017eivo\u010d\u00edchov a vo\u013ene rast\u00facich rastl\u00edn a o zmene. a doplnen\u00ed niektor\u00fdch z\u00e1konov.<\/li>\n<li><strong><a href=\"http:\/\/www.zbierka.sk\/zz\/predpisy\/default.aspx?PredpisID=16747&#038;FileName=02-z543&#038;Rocnik=2002\" target=\"_blank\" rel=\"noopener\">Z\u00e1kon \u010d. 543\/2002 Z. z.<\/a><\/strong> o ochrane pr\u00edrody a krajiny<\/li>\n<li><a href=\"http:\/\/www.cites.sk\/subory\/zakon_15_2005.pdf\" target=\"_blank\" rel=\"noopener\"><strong>Z\u00e1kon NR SR \u010d. 15\/2005 Z.z<\/strong>.<\/a> o ochrane druhov vo\u013ene \u017eij\u00facich \u017eivo\u010d\u00edchov a vo\u013ene rast\u00facich rastl\u00edn regul\u00e1ciou obchodu s nimi a o zmene a doplnen\u00ed niektor\u00fdch z\u00e1konov, platn\u00fd od 1.4.2005.<\/li>\n<li><a href=\"http:\/\/www.cites.sk\/subory\/vyhlaska_110_2005.pdf\" target=\"_blank\" rel=\"noopener\"><strong>Vyhl\u00e1\u0161ka M\u017dP SR \u010d. 110\/2005 Z.z.<\/strong><\/a> ktorou sa vykon\u00e1vaj\u00fa niektor\u00e9 ustanovenia z\u00e1kona o ochrane druhov vo\u013ene \u017eij\u00facich \u017eivo\u010d\u00edchov a vo\u013ene rast\u00facich rastl\u00edn regul\u00e1ciou obchodu s nimi a o zmene a doplnen\u00ed niektor\u00fdch z\u00e1konov, platn\u00e1 od 1.4.2005.<\/li>\n<li><strong><a href=\"http:\/\/www.cites.sk\/subory\/338_97_SK.doc\" target=\"_blank\" rel=\"noopener\">Nariadenia Rady (ES) \u010d. 338\/97<\/a><\/strong> o ochrane druhov vo\u013ene \u017eij\u00facich \u017eivo\u010d\u00edchov a rastl\u00edn regul\u00e1ciou obchodu s nimi, na \u00fazem\u00ed SR platn\u00e9 od 1.5.2004.<br \/> \t<a href=\"http:\/\/www.cites.sk\/subory\/338_97_EN.pdf\">http:\/\/www.cites.sk\/subory\/338_97_EN.pdf<\/a><\/li>\n<li><strong><a href=\"http:\/\/www.cites.sk\/subory\/865_2006_novela1808_SK.pdf\" target=\"_blank\" rel=\"noopener\">Nariadenie Komisie (ES) \u010d. 865\/2006<\/a><\/strong> zo 4. m\u00e1ja 2006, ktor\u00fdm sa ustanovuj\u00fa podrobn\u00e9 pravidl\u00e1 t\u00fdkaj\u00face sa vykon\u00e1vania nariadenia Rady (ES) \u010d. 338\/97 o ochrane druhov vo\u013ene \u017eij\u00facich \u017eivo\u010d\u00edchov a rastl\u00edn regul\u00e1ciou obchodu s nimi.<\/li>\n<li><strong><a href=\"http:\/\/www.cites.sk\/subory\/1332_2005_SK.pdf\" target=\"_blank\" rel=\"noopener\">Nariadenie Komisie (ES) \u010d. 1332\/2005<\/a><\/strong> z 9. augusta 2005, ktor\u00fdm sa men\u00ed a dop\u013a\u0148a nariadenie Rady (ES) \u010d. 338\/97 o ochrane druhov vo\u013ene \u017eij\u00facich \u017eivo\u010d\u00edchov a rastl\u00edn regul\u00e1ciou obchodu s nimi.<br \/> \t<a href=\"http:\/\/www.cites.sk\/subory\/1332_2005_EN.pdf\">http:\/\/www.cites.sk\/subory\/1332_2005_EN.pdf<\/a><\/li>\n<li><strong><a href=\"http:\/\/www.cites.sk\/subory\/1332_2005_korigendum.pdf\" target=\"_blank\" rel=\"noopener\">Korigendum k nariadeniu Komisie (ES) \u010d. 1332\/2005<\/a><\/strong> z 9. augusta 2005, ktor\u00fdm sa men\u00ed a dop\u013a\u0148a nariadenie Rady (ES) \u010d. 338\/97 o ochrane druhov vo\u013ene \u017eij\u00facich \u017eivo\u010d\u00edchov a rastl\u00edn regul\u00e1ciou obchodu s nimi.<\/li>\n<li><strong><a href=\"http:\/\/eur-lex.europa.eu\/LexUriServ\/LexUriServ.do?uri=OJ:L:2006:107:0003:01:SK:HTML\" target=\"_blank\" rel=\"noopener\">Nariadenie Komisie (ES) \u010d. 605\/2006<\/a><\/strong> zo 19. apr\u00edla 2006, ktor\u00fdm sa men\u00ed a dop\u013a\u0148a nariadenie (ES) \u010d. 349\/2003, ktor\u00fdm sa pozastavuje dovoz exempl\u00e1rov ur\u010dit\u00fdch druhov vo\u013ene \u017eij\u00facich \u017eivo\u010d\u00edchov a rastl\u00edn do Spolo\u010denstva.<\/li>\n<li>29.6.2006 &#8211;<a href=\"http:\/\/eur-lex.europa.eu\/LexUriServ\/site\/sk\/oj\/2006\/l_166\/l_16620060619sk00010069.pdf\" target=\"_blank\" rel=\"noopener\"><strong>Nariadenie Komisie (ES) \u010d. 865\/2006<\/strong><\/a> zo 4. m\u00e1ja 2006, ktor\u00fdm sa ustanovuj\u00fa podrobn\u00e9 pravidl\u00e1 t\u00fdkaj\u00face sa vykon\u00e1vania nariadenia Rady (ES) \u010d. 338\/97 o ochrane druhov vo\u013ene \u017eij\u00facich \u017eivo\u010d\u00edchov a rastl\u00edn regul\u00e1ciou obchodu s nimi.<\/li>\n<li><a href=\"http:\/\/www.zbierka.sk\/zz\/predpisy\/default.aspx?PredpisID=19628&#038;FileName=06-z492&#038;Rocnik=2006\" target=\"_blank\" rel=\"noopener\">Vyhl\u00e1\u0161ka Ministerstva \u017eivotn\u00e9ho prostredia Slovenskej republiky z 28. j\u00fala 2006, ktorou sa men\u00ed a dop\u013a\u0148a vyhl\u00e1\u0161ka Ministerstva \u017eivotn\u00e9ho prostredia Slovenskej republiky \u010d. 24\/2003 Z. z., ktorou sa vykon\u00e1va z\u00e1kon \u010d. 543\/2002 Z. z. o ochrane pr\u00edrody a krajiny<\/a><\/li>\n<\/ul>\n","protected":false},"excerpt":{"rendered":"<p>Platn\u00e1 legislat\u00edva: Z\u00e1kon \u010d. 237\/2002 Z. z. o obchode s ohrozen\u00fdmi druhmi. vo\u013ene \u017eij\u00facich \u017eivo\u010d\u00edchov a vo\u013ene rast\u00facich rastl\u00edn a o zmene. a doplnen\u00ed niektor\u00fdch z\u00e1konov. Z\u00e1kon \u010d. 543\/2002 Z. z. o ochrane pr\u00edrody a krajiny Z\u00e1kon NR SR \u010d. 15\/2005 Z.z. o ochrane druhov vo\u013ene \u017eij\u00facich \u017eivo\u010d\u00edchov a vo\u013ene rast\u00facich rastl\u00edn regul\u00e1ciou obchodu s &hellip; <a href=\"https:\/\/www.upjs.sk\/pracoviska\/botanicka-zahrada\/odborne-aktivity\/platna-legislativa\/\">\u010c\u00edta\u0165 \u010falej<\/a><\/p>\n","protected":false},"author":1,"featured_media":0,"parent":15020,"menu_order":15,"comment_status":"closed","ping_status":"closed","template":"","meta":{"_acf_changed":false,"_editorskit_title_hidden":false,"_editorskit_reading_time":0,"_editorskit_is_block_options_detached":false,"_editorskit_block_options_position":"{}","footnotes":""},"categories":[],"tags":[],"class_list":["post-15199","page","type-page","status-publish","hentry"],"acf":{"acf_link_na_externy_obsah":""},"yoast_head":"<!-- This site is optimized with the Yoast SEO plugin v27.2 - https:\/\/yoast.com\/product\/yoast-seo-wordpress\/ -->\n<title>Platn\u00e1 legislat\u00edva - Botanick\u00e1 z\u00e1hrada<\/title>\n<meta name=\"robots\" content=\"index, follow, max-snippet:-1, max-image-preview:large, max-video-preview:-1\" \/>\n<link rel=\"canonical\" href=\"https:\/\/www.upjs.sk\/pracoviska\/botanicka-zahrada\/odborne-aktivity\/platna-legislativa\/\" \/>\n<meta property=\"og:locale\" content=\"sk_SK\" \/>\n<meta property=\"og:type\" content=\"article\" \/>\n<meta property=\"og:title\" content=\"Platn\u00e1 legislat\u00edva - Botanick\u00e1 z\u00e1hrada\" \/>\n<meta property=\"og:description\" content=\"Platn\u00e1 legislat\u00edva: Z\u00e1kon \u010d. 237\/2002 Z. z. o obchode s ohrozen\u00fdmi druhmi. vo\u013ene \u017eij\u00facich \u017eivo\u010d\u00edchov a vo\u013ene rast\u00facich rastl\u00edn a o zmene. a doplnen\u00ed niektor\u00fdch z\u00e1konov. Z\u00e1kon \u010d. 543\/2002 Z. z. o ochrane pr\u00edrody a krajiny Z\u00e1kon NR SR \u010d. 15\/2005 Z.z. o ochrane druhov vo\u013ene \u017eij\u00facich \u017eivo\u010d\u00edchov a vo\u013ene rast\u00facich rastl\u00edn regul\u00e1ciou obchodu s &hellip; \u010c\u00edta\u0165 \u010falej\" \/>\n<meta property=\"og:url\" content=\"https:\/\/www.upjs.sk\/pracoviska\/botanicka-zahrada\/odborne-aktivity\/platna-legislativa\/\" \/>\n<meta property=\"og:site_name\" content=\"Botanick\u00e1 z\u00e1hrada\" \/>\n<meta property=\"article:modified_time\" content=\"2022-10-05T09:04:52+00:00\" \/>\n<meta name=\"twitter:card\" content=\"summary_large_image\" \/>\n<meta name=\"twitter:label1\" content=\"Predpokladan\u00fd \u010das \u010d\u00edtania\" \/>\n\t<meta name=\"twitter:data1\" content=\"2 min\u00faty\" \/>\n<script type=\"application\/ld+json\" class=\"yoast-schema-graph\">{\"@context\":\"https:\/\/schema.org\",\"@graph\":[{\"@type\":\"WebPage\",\"@id\":\"https:\/\/www.upjs.sk\/pracoviska\/botanicka-zahrada\/odborne-aktivity\/platna-legislativa\/\",\"url\":\"https:\/\/www.upjs.sk\/pracoviska\/botanicka-zahrada\/odborne-aktivity\/platna-legislativa\/\",\"name\":\"Platn\u00e1 legislat\u00edva - Botanick\u00e1 z\u00e1hrada\",\"isPartOf\":{\"@id\":\"https:\/\/www.upjs.sk\/pracoviska\/botanicka-zahrada\/#website\"},\"datePublished\":\"2022-06-22T14:03:08+00:00\",\"dateModified\":\"2022-10-05T09:04:52+00:00\",\"breadcrumb\":{\"@id\":\"https:\/\/www.upjs.sk\/pracoviska\/botanicka-zahrada\/odborne-aktivity\/platna-legislativa\/#breadcrumb\"},\"inLanguage\":\"sk-SK\",\"potentialAction\":[{\"@type\":\"ReadAction\",\"target\":[\"https:\/\/www.upjs.sk\/pracoviska\/botanicka-zahrada\/odborne-aktivity\/platna-legislativa\/\"]}]},{\"@type\":\"BreadcrumbList\",\"@id\":\"https:\/\/www.upjs.sk\/pracoviska\/botanicka-zahrada\/odborne-aktivity\/platna-legislativa\/#breadcrumb\",\"itemListElement\":[{\"@type\":\"ListItem\",\"position\":1,\"name\":\"Home\",\"item\":\"https:\/\/www.upjs.sk\/pracoviska\/botanicka-zahrada\/\"},{\"@type\":\"ListItem\",\"position\":2,\"name\":\"Odborn\u00e9 aktivity\",\"item\":\"https:\/\/www.upjs.sk\/pracoviska\/botanicka-zahrada\/odborne-aktivity\/\"},{\"@type\":\"ListItem\",\"position\":3,\"name\":\"Platn\u00e1 legislat\u00edva\"}]},{\"@type\":\"WebSite\",\"@id\":\"https:\/\/www.upjs.sk\/pracoviska\/botanicka-zahrada\/#website\",\"url\":\"https:\/\/www.upjs.sk\/pracoviska\/botanicka-zahrada\/\",\"name\":\"Botanick\u00e1 z\u00e1hrada\",\"description\":\"\",\"publisher\":{\"@id\":\"https:\/\/www.upjs.sk\/pracoviska\/botanicka-zahrada\/#organization\"},\"potentialAction\":[{\"@type\":\"SearchAction\",\"target\":{\"@type\":\"EntryPoint\",\"urlTemplate\":\"https:\/\/www.upjs.sk\/pracoviska\/botanicka-zahrada\/?s={search_term_string}\"},\"query-input\":{\"@type\":\"PropertyValueSpecification\",\"valueRequired\":true,\"valueName\":\"search_term_string\"}}],\"inLanguage\":\"sk-SK\"},{\"@type\":\"Organization\",\"@id\":\"https:\/\/www.upjs.sk\/pracoviska\/botanicka-zahrada\/#organization\",\"name\":\"Botanick\u00e1 z\u00e1hrada\",\"url\":\"https:\/\/www.upjs.sk\/pracoviska\/botanicka-zahrada\/\",\"logo\":{\"@type\":\"ImageObject\",\"inLanguage\":\"sk-SK\",\"@id\":\"https:\/\/www.upjs.sk\/pracoviska\/botanicka-zahrada\/#\/schema\/logo\/image\/\",\"url\":\"https:\/\/www.upjs.sk\/app\/uploads\/sites\/15\/2023\/01\/BZ-2.svg\",\"contentUrl\":\"https:\/\/www.upjs.sk\/app\/uploads\/sites\/15\/2023\/01\/BZ-2.svg\",\"width\":500,\"height\":138,\"caption\":\"Botanick\u00e1 z\u00e1hrada\"},\"image\":{\"@id\":\"https:\/\/www.upjs.sk\/pracoviska\/botanicka-zahrada\/#\/schema\/logo\/image\/\"}}]}<\/script>\n<!-- \/ Yoast SEO plugin. -->","yoast_head_json":{"title":"Platn\u00e1 legislat\u00edva - Botanick\u00e1 z\u00e1hrada","robots":{"index":"index","follow":"follow","max-snippet":"max-snippet:-1","max-image-preview":"max-image-preview:large","max-video-preview":"max-video-preview:-1"},"canonical":"https:\/\/www.upjs.sk\/pracoviska\/botanicka-zahrada\/odborne-aktivity\/platna-legislativa\/","og_locale":"sk_SK","og_type":"article","og_title":"Platn\u00e1 legislat\u00edva - Botanick\u00e1 z\u00e1hrada","og_description":"Platn\u00e1 legislat\u00edva: Z\u00e1kon \u010d. 237\/2002 Z. z. o obchode s ohrozen\u00fdmi druhmi. vo\u013ene \u017eij\u00facich \u017eivo\u010d\u00edchov a vo\u013ene rast\u00facich rastl\u00edn a o zmene. a doplnen\u00ed niektor\u00fdch z\u00e1konov. Z\u00e1kon \u010d. 543\/2002 Z. z. o ochrane pr\u00edrody a krajiny Z\u00e1kon NR SR \u010d. 15\/2005 Z.z. o ochrane druhov vo\u013ene \u017eij\u00facich \u017eivo\u010d\u00edchov a vo\u013ene rast\u00facich rastl\u00edn regul\u00e1ciou obchodu s &hellip; \u010c\u00edta\u0165 \u010falej","og_url":"https:\/\/www.upjs.sk\/pracoviska\/botanicka-zahrada\/odborne-aktivity\/platna-legislativa\/","og_site_name":"Botanick\u00e1 z\u00e1hrada","article_modified_time":"2022-10-05T09:04:52+00:00","twitter_card":"summary_large_image","twitter_misc":{"Predpokladan\u00fd \u010das \u010d\u00edtania":"2 min\u00faty"},"schema":{"@context":"https:\/\/schema.org","@graph":[{"@type":"WebPage","@id":"https:\/\/www.upjs.sk\/pracoviska\/botanicka-zahrada\/odborne-aktivity\/platna-legislativa\/","url":"https:\/\/www.upjs.sk\/pracoviska\/botanicka-zahrada\/odborne-aktivity\/platna-legislativa\/","name":"Platn\u00e1 legislat\u00edva - Botanick\u00e1 z\u00e1hrada","isPartOf":{"@id":"https:\/\/www.upjs.sk\/pracoviska\/botanicka-zahrada\/#website"},"datePublished":"2022-06-22T14:03:08+00:00","dateModified":"2022-10-05T09:04:52+00:00","breadcrumb":{"@id":"https:\/\/www.upjs.sk\/pracoviska\/botanicka-zahrada\/odborne-aktivity\/platna-legislativa\/#breadcrumb"},"inLanguage":"sk-SK","potentialAction":[{"@type":"ReadAction","target":["https:\/\/www.upjs.sk\/pracoviska\/botanicka-zahrada\/odborne-aktivity\/platna-legislativa\/"]}]},{"@type":"BreadcrumbList","@id":"https:\/\/www.upjs.sk\/pracoviska\/botanicka-zahrada\/odborne-aktivity\/platna-legislativa\/#breadcrumb","itemListElement":[{"@type":"ListItem","position":1,"name":"Home","item":"https:\/\/www.upjs.sk\/pracoviska\/botanicka-zahrada\/"},{"@type":"ListItem","position":2,"name":"Odborn\u00e9 aktivity","item":"https:\/\/www.upjs.sk\/pracoviska\/botanicka-zahrada\/odborne-aktivity\/"},{"@type":"ListItem","position":3,"name":"Platn\u00e1 legislat\u00edva"}]},{"@type":"WebSite","@id":"https:\/\/www.upjs.sk\/pracoviska\/botanicka-zahrada\/#website","url":"https:\/\/www.upjs.sk\/pracoviska\/botanicka-zahrada\/","name":"Botanick\u00e1 z\u00e1hrada","description":"","publisher":{"@id":"https:\/\/www.upjs.sk\/pracoviska\/botanicka-zahrada\/#organization"},"potentialAction":[{"@type":"SearchAction","target":{"@type":"EntryPoint","urlTemplate":"https:\/\/www.upjs.sk\/pracoviska\/botanicka-zahrada\/?s={search_term_string}"},"query-input":{"@type":"PropertyValueSpecification","valueRequired":true,"valueName":"search_term_string"}}],"inLanguage":"sk-SK"},{"@type":"Organization","@id":"https:\/\/www.upjs.sk\/pracoviska\/botanicka-zahrada\/#organization","name":"Botanick\u00e1 z\u00e1hrada","url":"https:\/\/www.upjs.sk\/pracoviska\/botanicka-zahrada\/","logo":{"@type":"ImageObject","inLanguage":"sk-SK","@id":"https:\/\/www.upjs.sk\/pracoviska\/botanicka-zahrada\/#\/schema\/logo\/image\/","url":"https:\/\/www.upjs.sk\/app\/uploads\/sites\/15\/2023\/01\/BZ-2.svg","contentUrl":"https:\/\/www.upjs.sk\/app\/uploads\/sites\/15\/2023\/01\/BZ-2.svg","width":500,"height":138,"caption":"Botanick\u00e1 z\u00e1hrada"},"image":{"@id":"https:\/\/www.upjs.sk\/pracoviska\/botanicka-zahrada\/#\/schema\/logo\/image\/"}}]}},"_links":{"self":[{"href":"https:\/\/www.upjs.sk\/pracoviska\/botanicka-zahrada\/wp-json\/wp\/v2\/pages\/15199","targetHints":{"allow":["GET"]}}],"collection":[{"href":"https:\/\/www.upjs.sk\/pracoviska\/botanicka-zahrada\/wp-json\/wp\/v2\/pages"}],"about":[{"href":"https:\/\/www.upjs.sk\/pracoviska\/botanicka-zahrada\/wp-json\/wp\/v2\/types\/page"}],"author":[{"embeddable":true,"href":"https:\/\/www.upjs.sk\/pracoviska\/botanicka-zahrada\/wp-json\/wp\/v2\/users\/1"}],"replies":[{"embeddable":true,"href":"https:\/\/www.upjs.sk\/pracoviska\/botanicka-zahrada\/wp-json\/wp\/v2\/comments?post=15199"}],"version-history":[{"count":1,"href":"https:\/\/www.upjs.sk\/pracoviska\/botanicka-zahrada\/wp-json\/wp\/v2\/pages\/15199\/revisions"}],"predecessor-version":[{"id":15967,"href":"https:\/\/www.upjs.sk\/pracoviska\/botanicka-zahrada\/wp-json\/wp\/v2\/pages\/15199\/revisions\/15967"}],"up":[{"embeddable":true,"href":"https:\/\/www.upjs.sk\/pracoviska\/botanicka-zahrada\/wp-json\/wp\/v2\/pages\/15020"}],"wp:attachment":[{"href":"https:\/\/www.upjs.sk\/pracoviska\/botanicka-zahrada\/wp-json\/wp\/v2\/media?parent=15199"}],"wp:term":[{"taxonomy":"category","embeddable":true,"href":"https:\/\/www.upjs.sk\/pracoviska\/botanicka-zahrada\/wp-json\/wp\/v2\/categories?post=15199"},{"taxonomy":"post_tag","embeddable":true,"href":"https:\/\/www.upjs.sk\/pracoviska\/botanicka-zahrada\/wp-json\/wp\/v2\/tags?post=15199"}],"curies":[{"name":"wp","href":"https:\/\/api.w.org\/{rel}","templated":true}]}}