{"id":15207,"date":"2022-06-22T14:03:08","date_gmt":"2022-06-22T14:03:08","guid":{"rendered":"https:\/\/www.upjs.sk\/pracoviska\/botanicka-zahrada\/root\/odborne-aktivity\/volume-25-2015-contents\/"},"modified":"2022-10-05T09:04:53","modified_gmt":"2022-10-05T09:04:53","slug":"volume-25-2015-contents","status":"publish","type":"page","link":"https:\/\/www.upjs.sk\/pracoviska\/botanicka-zahrada\/odborne-aktivity\/thaiszia-2\/volume-25-2015-contents\/","title":{"rendered":"THAISZIA &#8211; JOURNAL OF BOTANY, Volume 25, 2015 \u2013 contents"},"content":{"rendered":"<p><strong>THAISZIA &#8211; JOURNAL OF BOTANY, Volume 25, 2015 \u2013 contents<\/strong><\/p>\n<p><strong>vol. 25\/1<br \/> vol. 25\/2<\/strong><\/p>\n<p><strong>Toma\u0161kin J., Toma\u0161kinov\u00e1 J. &#038; Kizekov\u00e1 M. (2015):<\/strong> Ornamental grasses as part of public green, their ecosystem services and use in vegetative arrangements in urban environment. \u2013 Thaiszia \u2013 J. Bot. 25 (1): 1-13. \u2013 ISSN 1210-0420.<br \/> <a href=\"https:\/\/www.upjs.sk\/public\/media\/11851\/001-013_Tomaskin_et_al-upr.pdf\" target=\"_blank\" rel=\"noopener\">full text<\/a><\/p>\n<p><strong>Yarova O.A. &#038; Fedoronchuk M.M. (2015):<\/strong> The geographic analysis of the flora of Biloozersky National Nature Park (Ukraine). \u2013 Thaiszia \u2013 J. Bot. 25 (1): 15-20. \u2013 ISSN 1210-0420.<br \/> <a href=\"https:\/\/www.upjs.sk\/public\/media\/11851\/015-020_Yarova_Fedoronchuk-upr.pdf\" target=\"_blank\" rel=\"noopener\">full text<\/a><\/p>\n<p><strong>Mikol\u00e1\u0161 V. (2015):<\/strong> <em>Sorbus hornadensis <\/em>Mikol\u00e1\u0161 (Rosaceae, Pyreae), a new hybridogenous species from eastern Slovakia. \u2013 Thaiszia \u2013 J. Bot. 25 (1): 21-27. \u2013 ISSN 1210-0420.<br \/> <a href=\"https:\/\/www.upjs.sk\/public\/media\/11851\/021-027_Mikolas-upr.pdf\" target=\"_blank\" rel=\"noopener\">full text<\/a><\/p>\n<p><strong>Alkurdi M., Hassan K. &#038; Supuka J. (2015): <\/strong>Influence of planting date on growth, stem number formation and flower appearance of <em>Matthiola incana <\/em>L.. \u2013 Thaiszia \u2013 J. Bot. 25 (1): 29-x. \u2013 ISSN 1210-0420.<br \/> <a href=\"https:\/\/www.upjs.sk\/public\/media\/11851\/029-039_Alkurdi_et_al-upr.pdf\" target=\"_blank\" rel=\"noopener\">full text<\/a><\/p>\n<p><strong>T\u00e1borsk\u00e1 J., Vojtk\u00f3 A., Dulai S. &#038; Schmotzer A. (2015):<\/strong> Distribution of <em>Aegilops cylindrica <\/em>Host in Hungary. \u2013 Thaiszia \u2013 J. Bot. 25 (1): 41-72. \u2013 ISSN 1210-0420.<br \/> <a href=\"https:\/\/www.upjs.sk\/public\/media\/11851\/041-072_Taborska_et_al-upr.pdf\" target=\"_blank\" rel=\"noopener\">full text<\/a><\/p>\n<p><strong>Aykurt C, Deniz \u0130. G., Ba\u015faran M. A. &#038; Gen\u00e7 G. E. (2015): <\/strong>Taxonomic and GIS-Based Ecologic Studies on Critically Endangered Crocus wattiorum B.Mathew (Olympos Saffron). \u2013 Thaiszia \u2013 J. Bot. 25 (1): 73-84. \u2013 ISSN 1210-0420.<br \/> <a href=\"https:\/\/www.upjs.sk\/public\/media\/11851\/073-084_Aykurt_et_al-upr.pdf\" target=\"_blank\" rel=\"noopener\">full text<\/a><\/p>\n<p><strong>Eli\u00e1\u0161 jun. P., D\u00edt\u011b D. &#038; Elia\u0161ov\u00e1 M. (2015): <\/strong>Distribution and ecology of the genus <em>Bassia <\/em>in Slovakia 1: <em>Bassia prostrata <\/em>(L.) Beck. \u2013 Thaiszia \u2013 J. Bot. 25 (1): 85-95. \u2013 ISSN 1210-0420.<br \/> <a href=\"https:\/\/www.upjs.sk\/public\/media\/11851\/085-095_Elias_et_al-upr.pdf\" target=\"_blank\" rel=\"noopener\">full text<\/a><\/p>\n<p style=\"text-align: justify;\"> <strong>\u0160olt\u00e9s R. &#038; Zuba\u013eov\u00e1 I. (2015):<\/strong> Bryophytes of the Special Areas of Conservation &#8211; Humensk\u00fd Sokol and Brekovsk\u00fd hradn\u00fd vrch (the Eastern Carpathians, Slovakia). \u2013 Thaiszia \u2013 J. Bot. 25 (2): 97-110. \u2013 ISSN 1210-0420.<br \/> <a href=\"\/public\/media\/11852\/097-110_Soltes-Zubalova-upr.pdf\" target=\"_blank\" rel=\"noopener\">full text<\/a><\/p>\n<p style=\"text-align: justify;\"><strong>Kliment J. (2015):<\/strong> The syntaxonomical classification of the matgrass swards on the crystalline bedrock in Ve\u013ek\u00e1 Fatra Mts. \u2013 Thaiszia \u2013 J. Bot. 25 (2): 111-120. \u2013 ISSN 1210-0420.<br \/> <a href=\"\/public\/media\/11852\/111-120_Kliment-upr.pdf\" target=\"_blank\" rel=\"noopener\">full text<\/a><\/p>\n<p style=\"text-align: justify;\"><strong>Mih\u00e1l I., Blan\u00e1r D. &#038; Glejdura S. (2015):<\/strong> Enhancing knowledge of mycoflora (Myxomycota, Zygomycota, Ascomycota, Basidiomycota) in oak-hornbeam forests in the vicinity of the magnesite plants at Luben\u00edk and Jel\u0161ava (central Slovakia). \u2013 Thaiszia \u2013 J. Bot. 25 (2): 121-142. \u2013 ISSN 1210-0420.<br \/> <a href=\"\/public\/media\/11852\/121-142_Mihal_et_al-upr.pdf\" target=\"_blank\" rel=\"noopener\">full text<\/a><\/p>\n<p style=\"text-align: justify;\"><strong>\u017dabka M., \u010euri\u0161ov\u00e1 \u013d. &#038; Eli\u00e1\u0161 P. jun. (2015):<\/strong> Spreading of alien species in disturbed area: a case study from Opatovce nad Nitrou (SW Slovakia). \u2013 Thaiszia \u2013 J. Bot. 25 (2): 143-151. \u2013 ISSN 1210- 0420.<br \/> <a href=\"\/public\/media\/11852\/143-151_Zabka_et_al-upr.pdf\" target=\"_blank\" rel=\"noopener\">full text<\/a><\/p>\n<p style=\"text-align: justify;\"><strong>Kricsfalusy V.V. (2015):<\/strong> Taxonomy and phylogeny of <em>Anemone patens <\/em>L. sensu lato (Ranunculaceae): A critical review. \u2013 Thaiszia \u2013 J. Bot. 25 (2): 153-164. \u2013 ISSN 1210-0420.<br \/> <a href=\"\/public\/media\/11852\/153-164_Kricsfalusy-upr.pdf\" target=\"_blank\" rel=\"noopener\">full text<\/a><\/p>\n<p style=\"text-align: justify;\"><strong>Kliment J. &#038; Slez\u00e1k M. (2015):<\/strong> Floristic structure and temporal changes of the association <em>Helictotricho planiculmis-Nardetum strictae <\/em>in the Ve\u013ek\u00e1 Fatra Mts (central Slovakia). \u2013 Thaiszia \u2013 J. Bot. 25 (2): 165-178. \u2013 ISSN 1210-0420.<br \/> <a href=\"\/public\/media\/11852\/165-178_Kliment-Slezak-upr.pdf\" target=\"_blank\" rel=\"noopener\">full text<\/a><\/p>\n","protected":false},"excerpt":{"rendered":"<p>THAISZIA &#8211; JOURNAL OF BOTANY, Volume 25, 2015 \u2013 contents vol. 25\/1 vol. 25\/2 Toma\u0161kin J., Toma\u0161kinov\u00e1 J. &#038; Kizekov\u00e1 M. (2015): Ornamental grasses as part of public green, their ecosystem services and use in vegetative arrangements in urban environment. \u2013 Thaiszia \u2013 J. Bot. 25 (1): 1-13. \u2013 ISSN 1210-0420. full text Yarova O.A. &hellip; <a href=\"https:\/\/www.upjs.sk\/pracoviska\/botanicka-zahrada\/odborne-aktivity\/thaiszia-2\/volume-25-2015-contents\/\">\u010c\u00edta\u0165 \u010falej<\/a><\/p>\n","protected":false},"author":1,"featured_media":0,"parent":15189,"menu_order":28,"comment_status":"closed","ping_status":"closed","template":"","meta":{"_acf_changed":false,"_editorskit_title_hidden":false,"_editorskit_reading_time":0,"_editorskit_is_block_options_detached":false,"_editorskit_block_options_position":"{}","footnotes":""},"categories":[],"tags":[],"class_list":["post-15207","page","type-page","status-publish","hentry"],"acf":{"acf_link_na_externy_obsah":""},"yoast_head":"<!-- This site is optimized with the Yoast SEO plugin v27.4 - https:\/\/yoast.com\/product\/yoast-seo-wordpress\/ -->\n<title>THAISZIA - JOURNAL OF BOTANY, Volume 25, 2015 \u2013 contents - Botanick\u00e1 z\u00e1hrada<\/title>\n<meta name=\"robots\" content=\"index, follow, max-snippet:-1, max-image-preview:large, max-video-preview:-1\" \/>\n<link rel=\"canonical\" href=\"https:\/\/www.upjs.sk\/pracoviska\/botanicka-zahrada\/odborne-aktivity\/thaiszia-2\/volume-25-2015-contents\/\" \/>\n<meta property=\"og:locale\" content=\"sk_SK\" \/>\n<meta property=\"og:type\" content=\"article\" \/>\n<meta property=\"og:title\" content=\"THAISZIA - JOURNAL OF BOTANY, Volume 25, 2015 \u2013 contents - Botanick\u00e1 z\u00e1hrada\" \/>\n<meta property=\"og:description\" content=\"THAISZIA &#8211; JOURNAL OF BOTANY, Volume 25, 2015 \u2013 contents vol. 25\/1 vol. 25\/2 Toma\u0161kin J., Toma\u0161kinov\u00e1 J. &#038; Kizekov\u00e1 M. (2015): Ornamental grasses as part of public green, their ecosystem services and use in vegetative arrangements in urban environment. \u2013 Thaiszia \u2013 J. Bot. 25 (1): 1-13. \u2013 ISSN 1210-0420. full text Yarova O.A. &hellip; \u010c\u00edta\u0165 \u010falej\" \/>\n<meta property=\"og:url\" content=\"https:\/\/www.upjs.sk\/pracoviska\/botanicka-zahrada\/odborne-aktivity\/thaiszia-2\/volume-25-2015-contents\/\" \/>\n<meta property=\"og:site_name\" content=\"Botanick\u00e1 z\u00e1hrada\" \/>\n<meta property=\"article:modified_time\" content=\"2022-10-05T09:04:53+00:00\" \/>\n<meta name=\"twitter:card\" content=\"summary_large_image\" \/>\n<meta name=\"twitter:label1\" content=\"Predpokladan\u00fd \u010das \u010d\u00edtania\" \/>\n\t<meta name=\"twitter:data1\" content=\"2 min\u00faty\" \/>\n<script type=\"application\/ld+json\" class=\"yoast-schema-graph\">{\"@context\":\"https:\\\/\\\/schema.org\",\"@graph\":[{\"@type\":\"WebPage\",\"@id\":\"https:\\\/\\\/www.upjs.sk\\\/pracoviska\\\/botanicka-zahrada\\\/odborne-aktivity\\\/thaiszia-2\\\/volume-25-2015-contents\\\/\",\"url\":\"https:\\\/\\\/www.upjs.sk\\\/pracoviska\\\/botanicka-zahrada\\\/odborne-aktivity\\\/thaiszia-2\\\/volume-25-2015-contents\\\/\",\"name\":\"THAISZIA - JOURNAL OF BOTANY, Volume 25, 2015 \u2013 contents - Botanick\u00e1 z\u00e1hrada\",\"isPartOf\":{\"@id\":\"https:\\\/\\\/www.upjs.sk\\\/pracoviska\\\/botanicka-zahrada\\\/#website\"},\"datePublished\":\"2022-06-22T14:03:08+00:00\",\"dateModified\":\"2022-10-05T09:04:53+00:00\",\"breadcrumb\":{\"@id\":\"https:\\\/\\\/www.upjs.sk\\\/pracoviska\\\/botanicka-zahrada\\\/odborne-aktivity\\\/thaiszia-2\\\/volume-25-2015-contents\\\/#breadcrumb\"},\"inLanguage\":\"sk-SK\",\"potentialAction\":[{\"@type\":\"ReadAction\",\"target\":[\"https:\\\/\\\/www.upjs.sk\\\/pracoviska\\\/botanicka-zahrada\\\/odborne-aktivity\\\/thaiszia-2\\\/volume-25-2015-contents\\\/\"]}]},{\"@type\":\"BreadcrumbList\",\"@id\":\"https:\\\/\\\/www.upjs.sk\\\/pracoviska\\\/botanicka-zahrada\\\/odborne-aktivity\\\/thaiszia-2\\\/volume-25-2015-contents\\\/#breadcrumb\",\"itemListElement\":[{\"@type\":\"ListItem\",\"position\":1,\"name\":\"Home\",\"item\":\"https:\\\/\\\/www.upjs.sk\\\/pracoviska\\\/botanicka-zahrada\\\/\"},{\"@type\":\"ListItem\",\"position\":2,\"name\":\"Odborn\u00e9 aktivity\",\"item\":\"https:\\\/\\\/www.upjs.sk\\\/pracoviska\\\/botanicka-zahrada\\\/odborne-aktivity\\\/\"},{\"@type\":\"ListItem\",\"position\":3,\"name\":\"Thaiszia \u2013 Journal of Botany\",\"item\":\"https:\\\/\\\/www.upjs.sk\\\/pracoviska\\\/botanicka-zahrada\\\/odborne-aktivity\\\/thaiszia-2\\\/\"},{\"@type\":\"ListItem\",\"position\":4,\"name\":\"THAISZIA &#8211; JOURNAL OF BOTANY, Volume 25, 2015 \u2013 contents\"}]},{\"@type\":\"WebSite\",\"@id\":\"https:\\\/\\\/www.upjs.sk\\\/pracoviska\\\/botanicka-zahrada\\\/#website\",\"url\":\"https:\\\/\\\/www.upjs.sk\\\/pracoviska\\\/botanicka-zahrada\\\/\",\"name\":\"Botanick\u00e1 z\u00e1hrada\",\"description\":\"\",\"publisher\":{\"@id\":\"https:\\\/\\\/www.upjs.sk\\\/pracoviska\\\/botanicka-zahrada\\\/#organization\"},\"potentialAction\":[{\"@type\":\"SearchAction\",\"target\":{\"@type\":\"EntryPoint\",\"urlTemplate\":\"https:\\\/\\\/www.upjs.sk\\\/pracoviska\\\/botanicka-zahrada\\\/?s={search_term_string}\"},\"query-input\":{\"@type\":\"PropertyValueSpecification\",\"valueRequired\":true,\"valueName\":\"search_term_string\"}}],\"inLanguage\":\"sk-SK\"},{\"@type\":\"Organization\",\"@id\":\"https:\\\/\\\/www.upjs.sk\\\/pracoviska\\\/botanicka-zahrada\\\/#organization\",\"name\":\"Botanick\u00e1 z\u00e1hrada\",\"url\":\"https:\\\/\\\/www.upjs.sk\\\/pracoviska\\\/botanicka-zahrada\\\/\",\"logo\":{\"@type\":\"ImageObject\",\"inLanguage\":\"sk-SK\",\"@id\":\"https:\\\/\\\/www.upjs.sk\\\/pracoviska\\\/botanicka-zahrada\\\/#\\\/schema\\\/logo\\\/image\\\/\",\"url\":\"https:\\\/\\\/www.upjs.sk\\\/app\\\/uploads\\\/sites\\\/15\\\/2023\\\/01\\\/BZ-2.svg\",\"contentUrl\":\"https:\\\/\\\/www.upjs.sk\\\/app\\\/uploads\\\/sites\\\/15\\\/2023\\\/01\\\/BZ-2.svg\",\"width\":500,\"height\":138,\"caption\":\"Botanick\u00e1 z\u00e1hrada\"},\"image\":{\"@id\":\"https:\\\/\\\/www.upjs.sk\\\/pracoviska\\\/botanicka-zahrada\\\/#\\\/schema\\\/logo\\\/image\\\/\"}}]}<\/script>\n<!-- \/ Yoast SEO plugin. -->","yoast_head_json":{"title":"THAISZIA - JOURNAL OF BOTANY, Volume 25, 2015 \u2013 contents - Botanick\u00e1 z\u00e1hrada","robots":{"index":"index","follow":"follow","max-snippet":"max-snippet:-1","max-image-preview":"max-image-preview:large","max-video-preview":"max-video-preview:-1"},"canonical":"https:\/\/www.upjs.sk\/pracoviska\/botanicka-zahrada\/odborne-aktivity\/thaiszia-2\/volume-25-2015-contents\/","og_locale":"sk_SK","og_type":"article","og_title":"THAISZIA - JOURNAL OF BOTANY, Volume 25, 2015 \u2013 contents - Botanick\u00e1 z\u00e1hrada","og_description":"THAISZIA &#8211; JOURNAL OF BOTANY, Volume 25, 2015 \u2013 contents vol. 25\/1 vol. 25\/2 Toma\u0161kin J., Toma\u0161kinov\u00e1 J. &#038; Kizekov\u00e1 M. (2015): Ornamental grasses as part of public green, their ecosystem services and use in vegetative arrangements in urban environment. \u2013 Thaiszia \u2013 J. Bot. 25 (1): 1-13. \u2013 ISSN 1210-0420. full text Yarova O.A. &hellip; \u010c\u00edta\u0165 \u010falej","og_url":"https:\/\/www.upjs.sk\/pracoviska\/botanicka-zahrada\/odborne-aktivity\/thaiszia-2\/volume-25-2015-contents\/","og_site_name":"Botanick\u00e1 z\u00e1hrada","article_modified_time":"2022-10-05T09:04:53+00:00","twitter_card":"summary_large_image","twitter_misc":{"Predpokladan\u00fd \u010das \u010d\u00edtania":"2 min\u00faty"},"schema":{"@context":"https:\/\/schema.org","@graph":[{"@type":"WebPage","@id":"https:\/\/www.upjs.sk\/pracoviska\/botanicka-zahrada\/odborne-aktivity\/thaiszia-2\/volume-25-2015-contents\/","url":"https:\/\/www.upjs.sk\/pracoviska\/botanicka-zahrada\/odborne-aktivity\/thaiszia-2\/volume-25-2015-contents\/","name":"THAISZIA - JOURNAL OF BOTANY, Volume 25, 2015 \u2013 contents - Botanick\u00e1 z\u00e1hrada","isPartOf":{"@id":"https:\/\/www.upjs.sk\/pracoviska\/botanicka-zahrada\/#website"},"datePublished":"2022-06-22T14:03:08+00:00","dateModified":"2022-10-05T09:04:53+00:00","breadcrumb":{"@id":"https:\/\/www.upjs.sk\/pracoviska\/botanicka-zahrada\/odborne-aktivity\/thaiszia-2\/volume-25-2015-contents\/#breadcrumb"},"inLanguage":"sk-SK","potentialAction":[{"@type":"ReadAction","target":["https:\/\/www.upjs.sk\/pracoviska\/botanicka-zahrada\/odborne-aktivity\/thaiszia-2\/volume-25-2015-contents\/"]}]},{"@type":"BreadcrumbList","@id":"https:\/\/www.upjs.sk\/pracoviska\/botanicka-zahrada\/odborne-aktivity\/thaiszia-2\/volume-25-2015-contents\/#breadcrumb","itemListElement":[{"@type":"ListItem","position":1,"name":"Home","item":"https:\/\/www.upjs.sk\/pracoviska\/botanicka-zahrada\/"},{"@type":"ListItem","position":2,"name":"Odborn\u00e9 aktivity","item":"https:\/\/www.upjs.sk\/pracoviska\/botanicka-zahrada\/odborne-aktivity\/"},{"@type":"ListItem","position":3,"name":"Thaiszia \u2013 Journal of Botany","item":"https:\/\/www.upjs.sk\/pracoviska\/botanicka-zahrada\/odborne-aktivity\/thaiszia-2\/"},{"@type":"ListItem","position":4,"name":"THAISZIA &#8211; JOURNAL OF BOTANY, Volume 25, 2015 \u2013 contents"}]},{"@type":"WebSite","@id":"https:\/\/www.upjs.sk\/pracoviska\/botanicka-zahrada\/#website","url":"https:\/\/www.upjs.sk\/pracoviska\/botanicka-zahrada\/","name":"Botanick\u00e1 z\u00e1hrada","description":"","publisher":{"@id":"https:\/\/www.upjs.sk\/pracoviska\/botanicka-zahrada\/#organization"},"potentialAction":[{"@type":"SearchAction","target":{"@type":"EntryPoint","urlTemplate":"https:\/\/www.upjs.sk\/pracoviska\/botanicka-zahrada\/?s={search_term_string}"},"query-input":{"@type":"PropertyValueSpecification","valueRequired":true,"valueName":"search_term_string"}}],"inLanguage":"sk-SK"},{"@type":"Organization","@id":"https:\/\/www.upjs.sk\/pracoviska\/botanicka-zahrada\/#organization","name":"Botanick\u00e1 z\u00e1hrada","url":"https:\/\/www.upjs.sk\/pracoviska\/botanicka-zahrada\/","logo":{"@type":"ImageObject","inLanguage":"sk-SK","@id":"https:\/\/www.upjs.sk\/pracoviska\/botanicka-zahrada\/#\/schema\/logo\/image\/","url":"https:\/\/www.upjs.sk\/app\/uploads\/sites\/15\/2023\/01\/BZ-2.svg","contentUrl":"https:\/\/www.upjs.sk\/app\/uploads\/sites\/15\/2023\/01\/BZ-2.svg","width":500,"height":138,"caption":"Botanick\u00e1 z\u00e1hrada"},"image":{"@id":"https:\/\/www.upjs.sk\/pracoviska\/botanicka-zahrada\/#\/schema\/logo\/image\/"}}]}},"_links":{"self":[{"href":"https:\/\/www.upjs.sk\/pracoviska\/botanicka-zahrada\/wp-json\/wp\/v2\/pages\/15207","targetHints":{"allow":["GET"]}}],"collection":[{"href":"https:\/\/www.upjs.sk\/pracoviska\/botanicka-zahrada\/wp-json\/wp\/v2\/pages"}],"about":[{"href":"https:\/\/www.upjs.sk\/pracoviska\/botanicka-zahrada\/wp-json\/wp\/v2\/types\/page"}],"author":[{"embeddable":true,"href":"https:\/\/www.upjs.sk\/pracoviska\/botanicka-zahrada\/wp-json\/wp\/v2\/users\/1"}],"replies":[{"embeddable":true,"href":"https:\/\/www.upjs.sk\/pracoviska\/botanicka-zahrada\/wp-json\/wp\/v2\/comments?post=15207"}],"version-history":[{"count":1,"href":"https:\/\/www.upjs.sk\/pracoviska\/botanicka-zahrada\/wp-json\/wp\/v2\/pages\/15207\/revisions"}],"predecessor-version":[{"id":15972,"href":"https:\/\/www.upjs.sk\/pracoviska\/botanicka-zahrada\/wp-json\/wp\/v2\/pages\/15207\/revisions\/15972"}],"up":[{"embeddable":true,"href":"https:\/\/www.upjs.sk\/pracoviska\/botanicka-zahrada\/wp-json\/wp\/v2\/pages\/15189"}],"wp:attachment":[{"href":"https:\/\/www.upjs.sk\/pracoviska\/botanicka-zahrada\/wp-json\/wp\/v2\/media?parent=15207"}],"wp:term":[{"taxonomy":"category","embeddable":true,"href":"https:\/\/www.upjs.sk\/pracoviska\/botanicka-zahrada\/wp-json\/wp\/v2\/categories?post=15207"},{"taxonomy":"post_tag","embeddable":true,"href":"https:\/\/www.upjs.sk\/pracoviska\/botanicka-zahrada\/wp-json\/wp\/v2\/tags?post=15207"}],"curies":[{"name":"wp","href":"https:\/\/api.w.org\/{rel}","templated":true}]}}