{"id":15216,"date":"2022-06-22T14:03:08","date_gmt":"2022-06-22T14:03:08","guid":{"rendered":"https:\/\/www.upjs.sk\/pracoviska\/botanicka-zahrada\/root\/odborne-aktivity\/volume-21-2011-contents\/"},"modified":"2022-10-05T09:04:54","modified_gmt":"2022-10-05T09:04:54","slug":"volume-21-2011-contents","status":"publish","type":"page","link":"https:\/\/www.upjs.sk\/pracoviska\/botanicka-zahrada\/odborne-aktivity\/thaiszia-2\/volume-21-2011-contents\/","title":{"rendered":"THAISZIA &#8211; JOURNAL OF BOTANY, Volume 21, 2011 &#8211; contents"},"content":{"rendered":"<p style=\"text-align: justify\">THAISZIA &#8211; JOURNAL OF BOTANY, Volume 21, 2011 &#8211; contents<br \/> vol. 21\/1<br \/> vol. 21\/2<\/p>\n<p style=\"text-align: justify\"> <strong>\u00d6ZDEMIR C., AL\u00c7ITEPE E. &#038; SEPET H. (2011):<\/strong> Morphological, anatomical and ecological studies of Gynandriris sisyrinchium (L.) Parl. in Turkey. \u2013 Thaiszia \u2013 J. Bot. 21: 1-9. \u2013 ISSN 1210-0420.\u00a0<br \/> <a href=\"\/public\/media\/6567\/001-009-ozdemir-et-al-upr.pdf\" target=\"_blank\" rel=\"noopener\">full text<\/a><\/p>\n<p style=\"text-align: justify\"><strong>D\u00cdT\u011a D., ELI\u00c1\u0160 P. jun., \u0160UVADA R., PETR\u00c1\u0160OV\u00c1 A. &#038; P\u00ed\u0161 V. (2011):<\/strong> The present distribution and state of halophytic communities with Hordeum geniculatum in Slovakia. \u2013 Thaiszia \u2013 J. Bot. 21: 11-20. \u2013 ISSN 1210-0420.\u00a0\u00a0<br \/> <a href=\"\/public\/media\/6567\/011-020-dite-et-al-upr.pdf\" target=\"_blank\" rel=\"noopener\">full text<\/a><\/p>\n<p style=\"text-align: justify\"><strong>ELIA\u0160 jun. P. (2011):<\/strong> Geranium purpureum Vill. \u2013 new alien species to the Slovak flora. \u2013 Thaiszia \u2013 J. Bot. 21: 21-28. \u2013 ISSN 1210-0420.<br \/> <a href=\"\/public\/media\/6567\/021-028-elias-jun-upr.pdf\" target=\"_blank\" rel=\"noopener\">full text<\/a><\/p>\n<p style=\"text-align: justify\"><strong>HRAD\u00cdLEK Z., CHLACHULA J. &#038; NESTEROVA S.G. (2011):<\/strong> New bryophyte records from Kazakhstan. \u2013 Thaiszia \u2013 J. Bot. 21: 29-36. \u2013 ISSN 1210-0420.\u00a0\u00a0<br \/> <a href=\"\/public\/media\/6567\/029-036-hradilek-et-al-upr.pdf\" target=\"_blank\" rel=\"noopener\">full text<\/a><\/p>\n<p style=\"text-align: justify\"><strong>STUDNI\u010cKA M. (2011):<\/strong> Surprising phenomena in the life strategy of Utricularia cornigera in Brazil. \u2013 Thaiszia \u2013 J. Bot. 21: 37-43. \u2013 ISSN 1210-0420\u00a0\u00a0\u00a0<br \/> <a href=\"\/public\/media\/6567\/037-043-studnicka-upr.pdf\" target=\"_blank\" rel=\"noopener\">full text<\/a><\/p>\n<p style=\"text-align: justify\"><strong>KLIMENT J., \u0160IBIKOVA I. &#038; \u0160IBIK J. (2011):<\/strong> On the occurrence of the arctic-alpine and endemic species in the high-altitude vegetation of the Western Carpathians. \u2013 Thaiszia \u2013 J. Bot. 21: 45-61. \u2013 ISSN 1210-0420\u00a0<br \/> <a href=\"\/public\/media\/6567\/045-060-kliment-et-al-upr.pdf\" target=\"_blank\" rel=\"noopener\">full text<\/a><\/p>\n<p style=\"text-align: justify\"><strong>\u00d6ZDEMIR C., BOZDA\u011e B., AKYOL Y., \u015eEN U., SEPET H. &#038; YETI\u015eEN K. (2011):<\/strong> Morphological and anatomical investigations of Romulea bulbocodium var. bulbocodium and Romulea bulbocodium var. leichtliniana (Iridaceae). \u2013 Thaiszia \u2013 J. Bot. 21: 65-72. \u2013 ISSN 1210-0420.\u00a0<br \/> <a href=\"\/public\/media\/6567\/065-072-ozdemir-et-al-upr.pdf\" target=\"_blank\" rel=\"noopener\">full text<\/a><\/p>\n<p style=\"text-align: justify\"><strong>KADIRI A. B., OBOH B. &#038; OHA C. (2011):<\/strong> Systematic value of foliar epidermal morphology in some taxa of the tribes: Urticeae and Parietariae of the West African Urticaceae. \u2013 Thaiszia \u2013 J. Bot. 21: 73-83. \u2013 ISSN 1210-0420.\u00a0<br \/> <a href=\"\/public\/media\/6567\/073-083-kadiri-et-al-upr.pdf\" target=\"_blank\" rel=\"noopener\">full text<\/a><\/p>\n<p style=\"text-align: justify\"><strong>KU\u010cERA P. &#038; KLIMENT J. (2011):<\/strong> On the nomenclature and syntaxonomy of the phytosociological survey \u201cDie W\u00e4lder und Geb\u00fcsche \u00d6sterreichs\u201d: examples of the class Piceetea excelsae Klika 1948. \u2013 Thaiszia \u2013 J. Bot. 21: 85-92. \u2013 ISSN 1210-0420.\u00a0<br \/> <a href=\"\/public\/media\/6567\/085-092-kucera-kliment-upr.pdf\" target=\"_blank\" rel=\"noopener\">full text<\/a><\/p>\n<p style=\"text-align: justify\"><strong>BUDNIKOV G. (2011):<\/strong> Morphological variation of specimens and populations of Galanthus nivalis L. in western regions of Ukraine. \u2013 Thaiszia \u2013 J. Bot. 21: 95-109. \u2013 ISSN 1210-0420.\u00a0\u00a0\u00a0<br \/> <a href=\"\/public\/media\/6567\/095-109-budnikov-upr.pdf\" target=\"_blank\" rel=\"noopener\">full text<\/a><\/p>\n<p style=\"text-align: justify\"><strong>GERULOV\u00c1 K. (2011):<\/strong> Revitalization of Ex-botanical garden in Trnava. \u2013 Thaiszia \u2013 J. Bot. 21: 111-121. \u2013 ISSN 1210-0420.\u00a0<br \/> <a href=\"\/public\/media\/6567\/111-121-gerulova-upr.pdf\" target=\"_blank\" rel=\"noopener\">full text<\/a><\/p>\n<p style=\"text-align: justify\"><strong>GREGOREK R. (2011):<\/strong> Influence of intensive fertilization on growth performance of decorative cultivars of Nymphaea sp. in Botanical Garden of P.J.\u0160af\u00e1rik University in Ko\u0161ice, Slovakia. \u2013 Thaiszia \u2013 J. Bot. 21: 123-130. \u2013 ISSN 1210-0420.\u00a0<br \/> <a href=\"\/public\/media\/6567\/123-130-gregorek-upr.pdf\" target=\"_blank\" rel=\"noopener\">full text<\/a><\/p>\n<p style=\"text-align: justify\"><strong>HO\u0164KA P. (2011):<\/strong> Taxonomic composition of the genus Philadelphus sp. in the Mly\u0148any Arboretum SAS and its presentation. \u2013 Thaiszia \u2013 J. Bot. 21: 131-139. \u2013 ISSN 1210-0420.\u00a0\u00a0<br \/> <a href=\"\/public\/media\/6567\/131-139-hotka-upr.pdf\" target=\"_blank\" rel=\"noopener\">full text<\/a><\/p>\n<p style=\"text-align: justify\"><strong>KELBEL P. &#038; ADAM\u010c\u00cdKOV\u00c1 Z. (2011):<\/strong> Selected invasive and expansive tree species in conditions of the Botanical garden of P.J. \u0160af\u00e1rik University in Ko\u0161ice. \u2013 Thaiszia \u2013 J. Bot. 21: 141-152. \u2013 ISSN 1210-0420.\u00a0<br \/> <a href=\"\/public\/media\/6567\/141-152-kelbel-adamcikova-upr.pdf\" target=\"_blank\" rel=\"noopener\">full text<\/a><\/p>\n<p style=\"text-align: justify\"><strong>KELBEL P. &#038; KO\u0160\u0164\u00c1LIK J. (2011):<\/strong> Geological and geomorphological characteristics of the area of Botanical Garden of PJ\u0160U in Ko\u0161ice and the use of these data in botanical practice. \u2013 Thaiszia \u2013 J. Bot. 21: 153-159. \u2013 ISSN 1210-0420.\u00a0<br \/> <a href=\"\/public\/media\/6567\/153-159-kelbel-kostalik-upr.pdf\" target=\"_blank\" rel=\"noopener\">full text<\/a><\/p>\n<p style=\"text-align: justify\"><strong>KORMU\u0164\u00c1K A., VOOKOV\u00c1 B., Bran\u00e1 M., Ma\u0148ka P. &#038; G\u00f6m\u00f6ry D. (2011):<\/strong> Cone size in putative hybrid swarm populations of Pinus sylvestris L. and Pinus mugo Turra in northern Slovakia. \u2013 Thaiszia \u2013 J. Bot. 21: 161-165. \u2013 ISSN 1210-0420.\u00a0<br \/> <a href=\"\/public\/media\/6567\/161-165-kormutak-et-al-upr.pdf\" target=\"_blank\" rel=\"noopener\">full text<\/a><\/p>\n<p style=\"text-align: justify\"><strong>MA\u0147KA P., KORMU\u0164\u00c1K A. &#038; G\u00d6M\u00d6RY D. (2011):<\/strong> Deviations from the Hardy-Weinberg equilibrium in selected Slovak populations of Pinus mugo Turra, Pinus sylvestris L. and their putative hybrid swarms. \u2013 Thaiszia \u2013 J. Bot. 21: 167-175. \u2013 ISSN 1210-0420.\u00a0\u00a0\u00a0<br \/> <a href=\"\/public\/media\/6567\/167-175-manka-et-al-upr.pdf\" target=\"_blank\" rel=\"noopener\">full text<\/a><\/p>\n<p style=\"text-align: justify\"><strong>M\u00c1RTONFIOV\u00c1 L. (2011):<\/strong> Comparison of breeding behaviour of Taraxacum sect. Ruderalia and Taraxacum sect. Erythrosperma (Asteraceae). \u2013 Thaiszia \u2013 J. Bot. 21: 177-184. \u2013 ISSN 1210-0420.\u00a0<br \/> <a href=\"\/public\/media\/6567\/177-184-martonfiova-upr.pdf\" target=\"_blank\" rel=\"noopener\">full text<\/a><\/p>\n<p style=\"text-align: justify\"><strong>SUV\u00c1K M. (2011):<\/strong> Predatory and parasitic insects in greenhouses of Botanical Garden of P.J.\u0160af\u00e1rik University in Ko\u0161ice, Slovakia. \u2013 Thaiszia \u2013 J. Bot. 21: 185-205. \u2013 ISSN 1210-0420.\u00a0\u00a0<br \/> <a href=\"\/public\/media\/6567\/185-205-suvak-upr-mod.pdf\" target=\"_blank\" rel=\"noopener\">full text<\/a><\/p>\n<p style=\"text-align: justify\"><strong>URBISZ An., URBISZ Al. &#038; B\u0141A\u017bYCA B. (2011):<\/strong> Rock vascular plant species of the Krak\u00f3w-Cz\u0119stochowa Uplands. \u2013 Thaiszia \u2013 J. Bot. 21: 207-214. \u2013 ISSN 1210-0420.\u00a0<br \/> <a href=\"\/public\/media\/6567\/207-214-urbisz-et-al-upr.pdf\" target=\"_blank\" rel=\"noopener\">full text<\/a><\/p>\n","protected":false},"excerpt":{"rendered":"<p>THAISZIA &#8211; JOURNAL OF BOTANY, Volume 21, 2011 &#8211; contents vol. 21\/1 vol. 21\/2 \u00d6ZDEMIR C., AL\u00c7ITEPE E. &#038; SEPET H. (2011): Morphological, anatomical and ecological studies of Gynandriris sisyrinchium (L.) Parl. in Turkey. \u2013 Thaiszia \u2013 J. Bot. 21: 1-9. \u2013 ISSN 1210-0420.\u00a0 full text D\u00cdT\u011a D., ELI\u00c1\u0160 P. jun., \u0160UVADA R., PETR\u00c1\u0160OV\u00c1 A. &hellip; <a href=\"https:\/\/www.upjs.sk\/pracoviska\/botanicka-zahrada\/odborne-aktivity\/thaiszia-2\/volume-21-2011-contents\/\">\u010c\u00edta\u0165 \u010falej<\/a><\/p>\n","protected":false},"author":1,"featured_media":0,"parent":15189,"menu_order":36,"comment_status":"closed","ping_status":"closed","template":"","meta":{"_acf_changed":false,"_editorskit_title_hidden":false,"_editorskit_reading_time":0,"_editorskit_is_block_options_detached":false,"_editorskit_block_options_position":"{}","footnotes":""},"categories":[],"tags":[],"class_list":["post-15216","page","type-page","status-publish","hentry"],"acf":{"acf_link_na_externy_obsah":""},"yoast_head":"<!-- This site is optimized with the Yoast SEO plugin v27.4 - https:\/\/yoast.com\/product\/yoast-seo-wordpress\/ -->\n<title>THAISZIA - JOURNAL OF BOTANY, Volume 21, 2011 - contents - Botanick\u00e1 z\u00e1hrada<\/title>\n<meta name=\"robots\" content=\"index, follow, max-snippet:-1, max-image-preview:large, max-video-preview:-1\" \/>\n<link rel=\"canonical\" href=\"https:\/\/www.upjs.sk\/pracoviska\/botanicka-zahrada\/odborne-aktivity\/thaiszia-2\/volume-21-2011-contents\/\" \/>\n<meta property=\"og:locale\" content=\"sk_SK\" \/>\n<meta property=\"og:type\" content=\"article\" \/>\n<meta property=\"og:title\" content=\"THAISZIA - JOURNAL OF BOTANY, Volume 21, 2011 - contents - Botanick\u00e1 z\u00e1hrada\" \/>\n<meta property=\"og:description\" content=\"THAISZIA &#8211; JOURNAL OF BOTANY, Volume 21, 2011 &#8211; contents vol. 21\/1 vol. 21\/2 \u00d6ZDEMIR C., AL\u00c7ITEPE E. &#038; SEPET H. (2011): Morphological, anatomical and ecological studies of Gynandriris sisyrinchium (L.) Parl. in Turkey. \u2013 Thaiszia \u2013 J. Bot. 21: 1-9. \u2013 ISSN 1210-0420.\u00a0 full text D\u00cdT\u011a D., ELI\u00c1\u0160 P. jun., \u0160UVADA R., PETR\u00c1\u0160OV\u00c1 A. &hellip; \u010c\u00edta\u0165 \u010falej\" \/>\n<meta property=\"og:url\" content=\"https:\/\/www.upjs.sk\/pracoviska\/botanicka-zahrada\/odborne-aktivity\/thaiszia-2\/volume-21-2011-contents\/\" \/>\n<meta property=\"og:site_name\" content=\"Botanick\u00e1 z\u00e1hrada\" \/>\n<meta property=\"article:modified_time\" content=\"2022-10-05T09:04:54+00:00\" \/>\n<meta name=\"twitter:card\" content=\"summary_large_image\" \/>\n<meta name=\"twitter:label1\" content=\"Predpokladan\u00fd \u010das \u010d\u00edtania\" \/>\n\t<meta name=\"twitter:data1\" content=\"3 min\u00faty\" \/>\n<script type=\"application\/ld+json\" class=\"yoast-schema-graph\">{\"@context\":\"https:\\\/\\\/schema.org\",\"@graph\":[{\"@type\":\"WebPage\",\"@id\":\"https:\\\/\\\/www.upjs.sk\\\/pracoviska\\\/botanicka-zahrada\\\/odborne-aktivity\\\/thaiszia-2\\\/volume-21-2011-contents\\\/\",\"url\":\"https:\\\/\\\/www.upjs.sk\\\/pracoviska\\\/botanicka-zahrada\\\/odborne-aktivity\\\/thaiszia-2\\\/volume-21-2011-contents\\\/\",\"name\":\"THAISZIA - JOURNAL OF BOTANY, Volume 21, 2011 - contents - Botanick\u00e1 z\u00e1hrada\",\"isPartOf\":{\"@id\":\"https:\\\/\\\/www.upjs.sk\\\/pracoviska\\\/botanicka-zahrada\\\/#website\"},\"datePublished\":\"2022-06-22T14:03:08+00:00\",\"dateModified\":\"2022-10-05T09:04:54+00:00\",\"breadcrumb\":{\"@id\":\"https:\\\/\\\/www.upjs.sk\\\/pracoviska\\\/botanicka-zahrada\\\/odborne-aktivity\\\/thaiszia-2\\\/volume-21-2011-contents\\\/#breadcrumb\"},\"inLanguage\":\"sk-SK\",\"potentialAction\":[{\"@type\":\"ReadAction\",\"target\":[\"https:\\\/\\\/www.upjs.sk\\\/pracoviska\\\/botanicka-zahrada\\\/odborne-aktivity\\\/thaiszia-2\\\/volume-21-2011-contents\\\/\"]}]},{\"@type\":\"BreadcrumbList\",\"@id\":\"https:\\\/\\\/www.upjs.sk\\\/pracoviska\\\/botanicka-zahrada\\\/odborne-aktivity\\\/thaiszia-2\\\/volume-21-2011-contents\\\/#breadcrumb\",\"itemListElement\":[{\"@type\":\"ListItem\",\"position\":1,\"name\":\"Home\",\"item\":\"https:\\\/\\\/www.upjs.sk\\\/pracoviska\\\/botanicka-zahrada\\\/\"},{\"@type\":\"ListItem\",\"position\":2,\"name\":\"Odborn\u00e9 aktivity\",\"item\":\"https:\\\/\\\/www.upjs.sk\\\/pracoviska\\\/botanicka-zahrada\\\/odborne-aktivity\\\/\"},{\"@type\":\"ListItem\",\"position\":3,\"name\":\"Thaiszia \u2013 Journal of Botany\",\"item\":\"https:\\\/\\\/www.upjs.sk\\\/pracoviska\\\/botanicka-zahrada\\\/odborne-aktivity\\\/thaiszia-2\\\/\"},{\"@type\":\"ListItem\",\"position\":4,\"name\":\"THAISZIA &#8211; JOURNAL OF BOTANY, Volume 21, 2011 &#8211; contents\"}]},{\"@type\":\"WebSite\",\"@id\":\"https:\\\/\\\/www.upjs.sk\\\/pracoviska\\\/botanicka-zahrada\\\/#website\",\"url\":\"https:\\\/\\\/www.upjs.sk\\\/pracoviska\\\/botanicka-zahrada\\\/\",\"name\":\"Botanick\u00e1 z\u00e1hrada\",\"description\":\"\",\"publisher\":{\"@id\":\"https:\\\/\\\/www.upjs.sk\\\/pracoviska\\\/botanicka-zahrada\\\/#organization\"},\"potentialAction\":[{\"@type\":\"SearchAction\",\"target\":{\"@type\":\"EntryPoint\",\"urlTemplate\":\"https:\\\/\\\/www.upjs.sk\\\/pracoviska\\\/botanicka-zahrada\\\/?s={search_term_string}\"},\"query-input\":{\"@type\":\"PropertyValueSpecification\",\"valueRequired\":true,\"valueName\":\"search_term_string\"}}],\"inLanguage\":\"sk-SK\"},{\"@type\":\"Organization\",\"@id\":\"https:\\\/\\\/www.upjs.sk\\\/pracoviska\\\/botanicka-zahrada\\\/#organization\",\"name\":\"Botanick\u00e1 z\u00e1hrada\",\"url\":\"https:\\\/\\\/www.upjs.sk\\\/pracoviska\\\/botanicka-zahrada\\\/\",\"logo\":{\"@type\":\"ImageObject\",\"inLanguage\":\"sk-SK\",\"@id\":\"https:\\\/\\\/www.upjs.sk\\\/pracoviska\\\/botanicka-zahrada\\\/#\\\/schema\\\/logo\\\/image\\\/\",\"url\":\"https:\\\/\\\/www.upjs.sk\\\/app\\\/uploads\\\/sites\\\/15\\\/2023\\\/01\\\/BZ-2.svg\",\"contentUrl\":\"https:\\\/\\\/www.upjs.sk\\\/app\\\/uploads\\\/sites\\\/15\\\/2023\\\/01\\\/BZ-2.svg\",\"width\":500,\"height\":138,\"caption\":\"Botanick\u00e1 z\u00e1hrada\"},\"image\":{\"@id\":\"https:\\\/\\\/www.upjs.sk\\\/pracoviska\\\/botanicka-zahrada\\\/#\\\/schema\\\/logo\\\/image\\\/\"}}]}<\/script>\n<!-- \/ Yoast SEO plugin. -->","yoast_head_json":{"title":"THAISZIA - JOURNAL OF BOTANY, Volume 21, 2011 - contents - Botanick\u00e1 z\u00e1hrada","robots":{"index":"index","follow":"follow","max-snippet":"max-snippet:-1","max-image-preview":"max-image-preview:large","max-video-preview":"max-video-preview:-1"},"canonical":"https:\/\/www.upjs.sk\/pracoviska\/botanicka-zahrada\/odborne-aktivity\/thaiszia-2\/volume-21-2011-contents\/","og_locale":"sk_SK","og_type":"article","og_title":"THAISZIA - JOURNAL OF BOTANY, Volume 21, 2011 - contents - Botanick\u00e1 z\u00e1hrada","og_description":"THAISZIA &#8211; JOURNAL OF BOTANY, Volume 21, 2011 &#8211; contents vol. 21\/1 vol. 21\/2 \u00d6ZDEMIR C., AL\u00c7ITEPE E. &#038; SEPET H. (2011): Morphological, anatomical and ecological studies of Gynandriris sisyrinchium (L.) Parl. in Turkey. \u2013 Thaiszia \u2013 J. Bot. 21: 1-9. \u2013 ISSN 1210-0420.\u00a0 full text D\u00cdT\u011a D., ELI\u00c1\u0160 P. jun., \u0160UVADA R., PETR\u00c1\u0160OV\u00c1 A. &hellip; \u010c\u00edta\u0165 \u010falej","og_url":"https:\/\/www.upjs.sk\/pracoviska\/botanicka-zahrada\/odborne-aktivity\/thaiszia-2\/volume-21-2011-contents\/","og_site_name":"Botanick\u00e1 z\u00e1hrada","article_modified_time":"2022-10-05T09:04:54+00:00","twitter_card":"summary_large_image","twitter_misc":{"Predpokladan\u00fd \u010das \u010d\u00edtania":"3 min\u00faty"},"schema":{"@context":"https:\/\/schema.org","@graph":[{"@type":"WebPage","@id":"https:\/\/www.upjs.sk\/pracoviska\/botanicka-zahrada\/odborne-aktivity\/thaiszia-2\/volume-21-2011-contents\/","url":"https:\/\/www.upjs.sk\/pracoviska\/botanicka-zahrada\/odborne-aktivity\/thaiszia-2\/volume-21-2011-contents\/","name":"THAISZIA - JOURNAL OF BOTANY, Volume 21, 2011 - contents - Botanick\u00e1 z\u00e1hrada","isPartOf":{"@id":"https:\/\/www.upjs.sk\/pracoviska\/botanicka-zahrada\/#website"},"datePublished":"2022-06-22T14:03:08+00:00","dateModified":"2022-10-05T09:04:54+00:00","breadcrumb":{"@id":"https:\/\/www.upjs.sk\/pracoviska\/botanicka-zahrada\/odborne-aktivity\/thaiszia-2\/volume-21-2011-contents\/#breadcrumb"},"inLanguage":"sk-SK","potentialAction":[{"@type":"ReadAction","target":["https:\/\/www.upjs.sk\/pracoviska\/botanicka-zahrada\/odborne-aktivity\/thaiszia-2\/volume-21-2011-contents\/"]}]},{"@type":"BreadcrumbList","@id":"https:\/\/www.upjs.sk\/pracoviska\/botanicka-zahrada\/odborne-aktivity\/thaiszia-2\/volume-21-2011-contents\/#breadcrumb","itemListElement":[{"@type":"ListItem","position":1,"name":"Home","item":"https:\/\/www.upjs.sk\/pracoviska\/botanicka-zahrada\/"},{"@type":"ListItem","position":2,"name":"Odborn\u00e9 aktivity","item":"https:\/\/www.upjs.sk\/pracoviska\/botanicka-zahrada\/odborne-aktivity\/"},{"@type":"ListItem","position":3,"name":"Thaiszia \u2013 Journal of Botany","item":"https:\/\/www.upjs.sk\/pracoviska\/botanicka-zahrada\/odborne-aktivity\/thaiszia-2\/"},{"@type":"ListItem","position":4,"name":"THAISZIA &#8211; JOURNAL OF BOTANY, Volume 21, 2011 &#8211; contents"}]},{"@type":"WebSite","@id":"https:\/\/www.upjs.sk\/pracoviska\/botanicka-zahrada\/#website","url":"https:\/\/www.upjs.sk\/pracoviska\/botanicka-zahrada\/","name":"Botanick\u00e1 z\u00e1hrada","description":"","publisher":{"@id":"https:\/\/www.upjs.sk\/pracoviska\/botanicka-zahrada\/#organization"},"potentialAction":[{"@type":"SearchAction","target":{"@type":"EntryPoint","urlTemplate":"https:\/\/www.upjs.sk\/pracoviska\/botanicka-zahrada\/?s={search_term_string}"},"query-input":{"@type":"PropertyValueSpecification","valueRequired":true,"valueName":"search_term_string"}}],"inLanguage":"sk-SK"},{"@type":"Organization","@id":"https:\/\/www.upjs.sk\/pracoviska\/botanicka-zahrada\/#organization","name":"Botanick\u00e1 z\u00e1hrada","url":"https:\/\/www.upjs.sk\/pracoviska\/botanicka-zahrada\/","logo":{"@type":"ImageObject","inLanguage":"sk-SK","@id":"https:\/\/www.upjs.sk\/pracoviska\/botanicka-zahrada\/#\/schema\/logo\/image\/","url":"https:\/\/www.upjs.sk\/app\/uploads\/sites\/15\/2023\/01\/BZ-2.svg","contentUrl":"https:\/\/www.upjs.sk\/app\/uploads\/sites\/15\/2023\/01\/BZ-2.svg","width":500,"height":138,"caption":"Botanick\u00e1 z\u00e1hrada"},"image":{"@id":"https:\/\/www.upjs.sk\/pracoviska\/botanicka-zahrada\/#\/schema\/logo\/image\/"}}]}},"_links":{"self":[{"href":"https:\/\/www.upjs.sk\/pracoviska\/botanicka-zahrada\/wp-json\/wp\/v2\/pages\/15216","targetHints":{"allow":["GET"]}}],"collection":[{"href":"https:\/\/www.upjs.sk\/pracoviska\/botanicka-zahrada\/wp-json\/wp\/v2\/pages"}],"about":[{"href":"https:\/\/www.upjs.sk\/pracoviska\/botanicka-zahrada\/wp-json\/wp\/v2\/types\/page"}],"author":[{"embeddable":true,"href":"https:\/\/www.upjs.sk\/pracoviska\/botanicka-zahrada\/wp-json\/wp\/v2\/users\/1"}],"replies":[{"embeddable":true,"href":"https:\/\/www.upjs.sk\/pracoviska\/botanicka-zahrada\/wp-json\/wp\/v2\/comments?post=15216"}],"version-history":[{"count":1,"href":"https:\/\/www.upjs.sk\/pracoviska\/botanicka-zahrada\/wp-json\/wp\/v2\/pages\/15216\/revisions"}],"predecessor-version":[{"id":15979,"href":"https:\/\/www.upjs.sk\/pracoviska\/botanicka-zahrada\/wp-json\/wp\/v2\/pages\/15216\/revisions\/15979"}],"up":[{"embeddable":true,"href":"https:\/\/www.upjs.sk\/pracoviska\/botanicka-zahrada\/wp-json\/wp\/v2\/pages\/15189"}],"wp:attachment":[{"href":"https:\/\/www.upjs.sk\/pracoviska\/botanicka-zahrada\/wp-json\/wp\/v2\/media?parent=15216"}],"wp:term":[{"taxonomy":"category","embeddable":true,"href":"https:\/\/www.upjs.sk\/pracoviska\/botanicka-zahrada\/wp-json\/wp\/v2\/categories?post=15216"},{"taxonomy":"post_tag","embeddable":true,"href":"https:\/\/www.upjs.sk\/pracoviska\/botanicka-zahrada\/wp-json\/wp\/v2\/tags?post=15216"}],"curies":[{"name":"wp","href":"https:\/\/api.w.org\/{rel}","templated":true}]}}