{"id":15270,"date":"2022-06-22T14:03:08","date_gmt":"2022-06-22T14:03:08","guid":{"rendered":"https:\/\/www.upjs.sk\/pracoviska\/botanicka-zahrada\/root\/odborne-aktivity\/volume-12-contents\/"},"modified":"2024-08-05T17:53:12","modified_gmt":"2024-08-05T17:53:12","slug":"volume-12-contents","status":"publish","type":"page","link":"https:\/\/www.upjs.sk\/pracoviska\/botanicka-zahrada\/odborne-aktivity\/thaiszia-2\/volume-12-contents\/","title":{"rendered":"THAISZIA &#8211; JOURNAL OF BOTANY, Volume 12, 2002 &#8211; contents"},"content":{"rendered":"\n<p><strong>THAISZIA \u2013 JOURNAL OF BOTANY<\/strong><\/p>\n\n\n\n<p><strong>vol. 12, 2002 \u2013 Contents<br>vol. 12\/1 editum 27 August 2002<br>vol. 12\/2 editum 10 December 2002<\/strong><\/p>\n\n\n\n<p><strong><a aria-label=\"cover page 12\/1 (opens in a new tab)\" href=\"https:\/\/www.upjs.sk\/app\/uploads\/sites\/15\/2024\/07\/Cover-page-12_1_2002_full.pdf\" target=\"_blank\" rel=\"noreferrer noopener\" class=\"ek-link\"><mark style=\"background-color:rgba(0, 0, 0, 0)\" class=\"has-inline-color has-zakladna-zlata-color\">Cover page 12\/1<\/mark><\/a><mark style=\"background-color:rgba(0, 0, 0, 0)\" class=\"has-inline-color has-zakladna-zlata-color\"><br><\/mark><a aria-label=\"cover page 12\/2 (opens in a new tab)\" href=\"https:\/\/www.upjs.sk\/app\/uploads\/sites\/15\/2024\/07\/Cover-page-12_2_2002.pdf\" target=\"_blank\" rel=\"noreferrer noopener\" class=\"ek-link\"><mark style=\"background-color:rgba(0, 0, 0, 0)\" class=\"has-inline-color has-zakladna-zlata-color\">Cover page 12\/2<\/mark><\/a><\/strong><\/p>\n\n\n\n<div style=\"text-align: justify;\"><strong>H\u00e1jek M. &amp; H\u00e1jkov\u00e1 P. (2002): <\/strong>Vegetation composition, main gradient and subatlantic elements in spring fens of the northwestern Carpathian borders. \u2013 Thaiszia &#8211; J. Bot. 12: 1-24. \u2013 ISSN 1210-0420.<\/div>\n\n\n\n<div style=\"text-align: justify;\"><a href=\"\/public\/media\/5745\/thaiszia-12-001-024-2002-hajek.pdf\" target=\"_blank\" rel=\"noopener\">full text<\/a><\/div>\n\n\n\n<div style=\"text-align: justify;\"><strong>Hrivn\u00e1k R. (2002): <\/strong>Aquatic plant communities in the catchment area of the Ipe\u013e river in Slovakia and Hungary. Part I. Classes <em>Lemnetea<\/em> and <em>Charetea fragilis<\/em> . \u2013 Thaiszia &#8211; J. Bot. 12: 25-50. \u2013 ISSN 1210-0420.<\/div>\n\n\n\n<div style=\"text-align: justify;\"><a href=\"\/public\/media\/5745\/thaiszia-12-025-050-2002-hrivnak.pdf\" target=\"_blank\" rel=\"noopener\">full text<\/a><\/div>\n\n\n\n<div style=\"text-align: justify;\"><strong>Huang Y. P., Pu Y. H., Li W. &amp; Wang Ch. (2002): <\/strong>A study on communities with <em>Potamogeton malaianus<\/em> MIQ. in Poyang Lake Nature Reserve of People&#8217;s Republic of China. &#8211; Thaiszia &#8211; J. Bot. 12: 51-60. \u2013 ISSN 1210-0420.<\/div>\n\n\n\n<div style=\"text-align: justify;\"><a href=\"\/public\/media\/5745\/thaiszia-12-051-060-2002-huang.pdf\" target=\"_blank\" rel=\"noopener\">full text<\/a><\/div>\n\n\n\n<div style=\"text-align: justify;\"><strong>Lo\u017eiene K. (2002): <\/strong>Infraspecific taxa of <em>Thymus serpyllum<\/em> (Lamiaceae) growing in Lithuania. \u2013 Thaiszia &#8211; J. Bot. 12: 61-74. \u2013 ISSN 1210-0420.<\/div>\n\n\n\n<div style=\"text-align: justify;\"><a href=\"\/public\/media\/5745\/thaiszia-12-061-074-2002-loziene.pdf\" target=\"_blank\" rel=\"noopener\">full text<\/a><\/div>\n\n\n\n<div style=\"text-align: justify;\"><strong>Kovanda M. (2002): <\/strong>Observations on <em>Carlina biebersteinii<\/em>. \u2013 Thaiszia &#8211; J. Bot. 12: 75-82. \u2013 ISSN 1210-0420.<\/div>\n\n\n\n<div style=\"text-align: justify;\"><a href=\"\/public\/media\/5745\/thaiszia-12-075-082-2002-kovanda.pdf\" target=\"_blank\" rel=\"noopener\">full text<\/a><\/div>\n\n\n\n<div style=\"text-align: justify;\"><strong>Kovanda M. (2002): <\/strong>A note on <em>Aster amellus<\/em>. \u2013 Thaiszia &#8211; J. Bot. 12: 83-87. \u2013 ISSN 1210-0420.<\/div>\n\n\n\n<div style=\"text-align: justify;\"><a href=\"\/public\/media\/5745\/thaiszia-12-083-087-2002-kovanda.pdf\" target=\"_blank\" rel=\"noopener\">full text<\/a><\/div>\n\n\n\n<div style=\"text-align: justify;\"><strong>Ture C. &amp; Misirdali H. (2002): <\/strong>A new genus record for the flora of Turkey. \u2013 Thaiszia &#8211; J. Bot. 12: 89-92. \u2013 ISSN 1210-0420.<\/div>\n\n\n\n<div style=\"text-align: justify;\"><a href=\"\/public\/media\/5745\/thaiszia-12-089-092-2002-ture.pdf\" target=\"_blank\" rel=\"noopener\">full text<\/a><\/div>\n\n\n\n<div style=\"text-align: justify;\"><strong>Po\u017egaj J., Po\u017egaj R. &amp; U\u017e\u00e1k D. (2002): <\/strong><em>Quercus frainetto<\/em> TEN. on the eastern margin of the Slovensk\u00fd kras Mts. (Slovakia). \u2013 Thaiszia &#8211; J. Bot. 12: 93-100. \u2013 ISSN 1210-0420.<\/div>\n\n\n\n<div style=\"text-align: justify;\"><a href=\"\/public\/media\/5745\/thaiszia-12-093-100-2002-pozgaj.pdf\" target=\"_blank\" rel=\"noopener\">full text<\/a><\/div>\n\n\n\n<div style=\"text-align: justify;\"><strong>Ba\u010dkor M. &amp; Mochnack\u00fd S. (2002): <\/strong>Collections of lichens at the Herbarium of the Botanical Garden in Ko\u0161ice (KO). \u2013 Thaiszia &#8211; J. Bot. 12: 101-104. \u2013 ISSN 1210-0420.<\/div>\n\n\n\n<div style=\"text-align: justify;\"><a href=\"\/public\/media\/5745\/thaiszia-12-101-104-2002-backor.pdf\" target=\"_blank\" rel=\"noopener\">full text<\/a>&nbsp;<\/div>\n\n\n\n<div><strong>Mr\u00e1z P. (2002): <\/strong>Contribution to the knowledge of the <em>Hieracium rohacsense \u2013 ISSN 1210-0420.<\/em> group in the Carpathians. &#8211; Thaiszia &#8211; J. Bot. 12: 109-135.<\/div>\n\n\n\n<div><a href=\"\/public\/media\/5745\/thaiszia-12-109-135-2002-mraz.pdf\" target=\"_blank\" rel=\"noopener\">full text<\/a><\/div>\n\n\n\n<div><strong>Hrivn\u00e1k R. (2002): <\/strong>Aquatic plant communities in the catchment area of the Ipe\u013e river in Slovakia and Hungary. Part II. Class Potametea. &#8211; Thaiszia &#8211; J. Bot. 12: 137-160. \u2013 ISSN 1210-0420.<\/div>\n\n\n\n<div><a href=\"\/public\/media\/5745\/thaiszia-12-137-160-2002-hrivnak.pdf\" target=\"_blank\" rel=\"noopener\">full text<\/a><\/div>\n\n\n\n<div><strong>Adam\u010d\u00edkov\u00e1 K. &amp; Juh\u00e1sov\u00e1 G. (2002): <\/strong>Reproductive structures of <em>Cryphonectria parasitica \u2013 ISSN 1210-0420.<\/em>. &#8211; Thaiszia &#8211; J. Bot. 12: 161-165.<\/div>\n\n\n\n<div><a href=\"\/public\/media\/5745\/thaiszia-12-161-165-2002-adamcikova.pdf\" target=\"_blank\" rel=\"noopener\">full text<\/a><\/div>\n\n\n\n<div><strong>\u0160olt\u00e9s R, D\u00edt\u011b D.&amp; Pukajov\u00e1 D. (2002): <\/strong>A new locality of glacial relic moss species <em>Pseudobrym cinclidioides \u2013 ISSN 1210-0420.<\/em> in the Tatra Mts., Slovakia. &#8211; Thaiszia &#8211; J. Bot. 12: 167-171.<\/div>\n\n\n\n<div><a href=\"\/public\/media\/5745\/thaiszia-12-167-171-2002-soltes.pdf\" target=\"_blank\" rel=\"noopener\">full text<\/a><\/div>\n\n\n\n<div><strong>Ba\u010dkor M. &amp; Bodn\u00e1rov\u00e1 M. (2002): <\/strong>Additions to lichen flora of Slovak Republic I. \u2013 Thaiszia &#8211; J. Bot. 12: 173-178. \u2013 ISSN 1210-0420.<\/div>\n\n\n\n<div><a href=\"\/public\/media\/5745\/thaiszia-12-173-178-2002-backor.pdf\" target=\"_blank\" rel=\"noopener\">full text<\/a><\/div>\n\n\n\n<div><strong>Kovanda M. (2002): <\/strong>A range extension for <em>Campanula moravica \u2013 ISSN 1210-0420.<\/em>. \u2013 Thaiszia &#8211; J. Bot. 12: 179-183.<\/div>\n\n\n\n<div><a href=\"\/public\/media\/5745\/thaiszia-12-179-183-2002-kovanda.pdf\" target=\"_blank\" rel=\"noopener\">full text<\/a><\/div>\n\n\n\n<div><strong>Mr\u00e1z P. (2002): <\/strong><em>Carex vaginata<\/em> Tausch a wrongly reported species from Slovakia. &#8211; Thaiszia &#8211; J. Bot. 12: 185-189. \u2013 ISSN 1210-0420.<\/div>\n\n\n\n<p><a href=\"\/public\/media\/5745\/thaiszia-12-185-189-2002-mraz.pdf\" target=\"_blank\" rel=\"noopener\">full text<\/a><\/p>\n\n\n<style>.wp-block-kadence-spacer.kt-block-spacer-15270_e0795f-20 .kt-block-spacer{height:20px;}.wp-block-kadence-spacer.kt-block-spacer-15270_e0795f-20 .kt-divider{border-top-width:1px;height:1px;border-top-color:#eee;width:100%;border-top-style:solid;}<\/style>\n<div class=\"wp-block-kadence-spacer aligncenter kt-block-spacer-15270_e0795f-20\"><div class=\"kt-block-spacer kt-block-spacer-halign-center\"><hr class=\"kt-divider\"\/><\/div><\/div>\n\n\n\n<p><strong><a href=\"https:\/\/www.upjs.sk\/app\/uploads\/sites\/15\/2024\/07\/12-2002-Books-review_1.pdf\" target=\"_blank\" aria-label=\"Book reviews 1 (opens in a new tab)\" rel=\"noreferrer noopener\" class=\"ek-link\"><mark style=\"background-color:rgba(0, 0, 0, 0)\" class=\"has-inline-color has-zakladna-zlata-color\">Book reviews 1<\/mark><\/a><br><a href=\"https:\/\/intranet.upjs.sk\/op\/op.Public.php?documentid=9444\" target=\"_blank\" aria-label=\"Book reviews 2 (opens in a new tab)\" rel=\"noreferrer noopener\" class=\"ek-link\"><mark style=\"background-color:rgba(0, 0, 0, 0)\" class=\"has-inline-color has-zakladna-zlata-color\">Book reviews 2<\/mark><\/a><\/strong><\/p>\n","protected":false},"excerpt":{"rendered":"<p>THAISZIA \u2013 JOURNAL OF BOTANY vol. 12, 2002 \u2013 Contentsvol. 12\/1 editum 27 August 2002vol. 12\/2 editum 10 December 2002 Cover page 12\/1Cover page 12\/2 H\u00e1jek M. &amp; H\u00e1jkov\u00e1 P. (2002): Vegetation composition, main gradient and subatlantic elements in spring fens of the northwestern Carpathian borders. \u2013 Thaiszia &#8211; J. Bot. 12: 1-24. \u2013 ISSN &hellip; <a href=\"https:\/\/www.upjs.sk\/pracoviska\/botanicka-zahrada\/odborne-aktivity\/thaiszia-2\/volume-12-contents\/\">\u010c\u00edta\u0165 \u010falej<\/a><\/p>\n","protected":false},"author":1,"featured_media":0,"parent":15189,"menu_order":55,"comment_status":"closed","ping_status":"closed","template":"","meta":{"_acf_changed":false,"_editorskit_title_hidden":false,"_editorskit_reading_time":0,"_editorskit_is_block_options_detached":false,"_editorskit_block_options_position":"{}","footnotes":""},"categories":[],"tags":[],"class_list":["post-15270","page","type-page","status-publish","hentry"],"acf":{"acf_link_na_externy_obsah":""},"yoast_head":"<!-- This site is optimized with the Yoast SEO plugin v27.4 - https:\/\/yoast.com\/product\/yoast-seo-wordpress\/ -->\n<title>THAISZIA - JOURNAL OF BOTANY, Volume 12, 2002 - contents - Botanick\u00e1 z\u00e1hrada<\/title>\n<meta name=\"robots\" content=\"index, follow, max-snippet:-1, max-image-preview:large, max-video-preview:-1\" \/>\n<link rel=\"canonical\" href=\"https:\/\/www.upjs.sk\/pracoviska\/botanicka-zahrada\/odborne-aktivity\/thaiszia-2\/volume-12-contents\/\" \/>\n<meta property=\"og:locale\" content=\"sk_SK\" \/>\n<meta property=\"og:type\" content=\"article\" \/>\n<meta property=\"og:title\" content=\"THAISZIA - JOURNAL OF BOTANY, Volume 12, 2002 - contents - Botanick\u00e1 z\u00e1hrada\" \/>\n<meta property=\"og:description\" content=\"THAISZIA \u2013 JOURNAL OF BOTANY vol. 12, 2002 \u2013 Contentsvol. 12\/1 editum 27 August 2002vol. 12\/2 editum 10 December 2002 Cover page 12\/1Cover page 12\/2 H\u00e1jek M. &amp; H\u00e1jkov\u00e1 P. (2002): Vegetation composition, main gradient and subatlantic elements in spring fens of the northwestern Carpathian borders. \u2013 Thaiszia &#8211; J. Bot. 12: 1-24. \u2013 ISSN &hellip; \u010c\u00edta\u0165 \u010falej\" \/>\n<meta property=\"og:url\" content=\"https:\/\/www.upjs.sk\/pracoviska\/botanicka-zahrada\/odborne-aktivity\/thaiszia-2\/volume-12-contents\/\" \/>\n<meta property=\"og:site_name\" content=\"Botanick\u00e1 z\u00e1hrada\" \/>\n<meta property=\"article:modified_time\" content=\"2024-08-05T17:53:12+00:00\" \/>\n<meta name=\"twitter:card\" content=\"summary_large_image\" \/>\n<meta name=\"twitter:label1\" content=\"Predpokladan\u00fd \u010das \u010d\u00edtania\" \/>\n\t<meta name=\"twitter:data1\" content=\"3 min\u00faty\" \/>\n<script type=\"application\/ld+json\" class=\"yoast-schema-graph\">{\"@context\":\"https:\\\/\\\/schema.org\",\"@graph\":[{\"@type\":\"WebPage\",\"@id\":\"https:\\\/\\\/www.upjs.sk\\\/pracoviska\\\/botanicka-zahrada\\\/odborne-aktivity\\\/thaiszia-2\\\/volume-12-contents\\\/\",\"url\":\"https:\\\/\\\/www.upjs.sk\\\/pracoviska\\\/botanicka-zahrada\\\/odborne-aktivity\\\/thaiszia-2\\\/volume-12-contents\\\/\",\"name\":\"THAISZIA - JOURNAL OF BOTANY, Volume 12, 2002 - contents - Botanick\u00e1 z\u00e1hrada\",\"isPartOf\":{\"@id\":\"https:\\\/\\\/www.upjs.sk\\\/pracoviska\\\/botanicka-zahrada\\\/#website\"},\"datePublished\":\"2022-06-22T14:03:08+00:00\",\"dateModified\":\"2024-08-05T17:53:12+00:00\",\"breadcrumb\":{\"@id\":\"https:\\\/\\\/www.upjs.sk\\\/pracoviska\\\/botanicka-zahrada\\\/odborne-aktivity\\\/thaiszia-2\\\/volume-12-contents\\\/#breadcrumb\"},\"inLanguage\":\"sk-SK\",\"potentialAction\":[{\"@type\":\"ReadAction\",\"target\":[\"https:\\\/\\\/www.upjs.sk\\\/pracoviska\\\/botanicka-zahrada\\\/odborne-aktivity\\\/thaiszia-2\\\/volume-12-contents\\\/\"]}]},{\"@type\":\"BreadcrumbList\",\"@id\":\"https:\\\/\\\/www.upjs.sk\\\/pracoviska\\\/botanicka-zahrada\\\/odborne-aktivity\\\/thaiszia-2\\\/volume-12-contents\\\/#breadcrumb\",\"itemListElement\":[{\"@type\":\"ListItem\",\"position\":1,\"name\":\"Home\",\"item\":\"https:\\\/\\\/www.upjs.sk\\\/pracoviska\\\/botanicka-zahrada\\\/\"},{\"@type\":\"ListItem\",\"position\":2,\"name\":\"Odborn\u00e9 aktivity\",\"item\":\"https:\\\/\\\/www.upjs.sk\\\/pracoviska\\\/botanicka-zahrada\\\/odborne-aktivity\\\/\"},{\"@type\":\"ListItem\",\"position\":3,\"name\":\"Thaiszia \u2013 Journal of Botany\",\"item\":\"https:\\\/\\\/www.upjs.sk\\\/pracoviska\\\/botanicka-zahrada\\\/odborne-aktivity\\\/thaiszia-2\\\/\"},{\"@type\":\"ListItem\",\"position\":4,\"name\":\"THAISZIA &#8211; JOURNAL OF BOTANY, Volume 12, 2002 &#8211; contents\"}]},{\"@type\":\"WebSite\",\"@id\":\"https:\\\/\\\/www.upjs.sk\\\/pracoviska\\\/botanicka-zahrada\\\/#website\",\"url\":\"https:\\\/\\\/www.upjs.sk\\\/pracoviska\\\/botanicka-zahrada\\\/\",\"name\":\"Botanick\u00e1 z\u00e1hrada\",\"description\":\"\",\"publisher\":{\"@id\":\"https:\\\/\\\/www.upjs.sk\\\/pracoviska\\\/botanicka-zahrada\\\/#organization\"},\"potentialAction\":[{\"@type\":\"SearchAction\",\"target\":{\"@type\":\"EntryPoint\",\"urlTemplate\":\"https:\\\/\\\/www.upjs.sk\\\/pracoviska\\\/botanicka-zahrada\\\/?s={search_term_string}\"},\"query-input\":{\"@type\":\"PropertyValueSpecification\",\"valueRequired\":true,\"valueName\":\"search_term_string\"}}],\"inLanguage\":\"sk-SK\"},{\"@type\":\"Organization\",\"@id\":\"https:\\\/\\\/www.upjs.sk\\\/pracoviska\\\/botanicka-zahrada\\\/#organization\",\"name\":\"Botanick\u00e1 z\u00e1hrada\",\"url\":\"https:\\\/\\\/www.upjs.sk\\\/pracoviska\\\/botanicka-zahrada\\\/\",\"logo\":{\"@type\":\"ImageObject\",\"inLanguage\":\"sk-SK\",\"@id\":\"https:\\\/\\\/www.upjs.sk\\\/pracoviska\\\/botanicka-zahrada\\\/#\\\/schema\\\/logo\\\/image\\\/\",\"url\":\"https:\\\/\\\/www.upjs.sk\\\/app\\\/uploads\\\/sites\\\/15\\\/2023\\\/01\\\/BZ-2.svg\",\"contentUrl\":\"https:\\\/\\\/www.upjs.sk\\\/app\\\/uploads\\\/sites\\\/15\\\/2023\\\/01\\\/BZ-2.svg\",\"width\":500,\"height\":138,\"caption\":\"Botanick\u00e1 z\u00e1hrada\"},\"image\":{\"@id\":\"https:\\\/\\\/www.upjs.sk\\\/pracoviska\\\/botanicka-zahrada\\\/#\\\/schema\\\/logo\\\/image\\\/\"}}]}<\/script>\n<!-- \/ Yoast SEO plugin. -->","yoast_head_json":{"title":"THAISZIA - JOURNAL OF BOTANY, Volume 12, 2002 - contents - Botanick\u00e1 z\u00e1hrada","robots":{"index":"index","follow":"follow","max-snippet":"max-snippet:-1","max-image-preview":"max-image-preview:large","max-video-preview":"max-video-preview:-1"},"canonical":"https:\/\/www.upjs.sk\/pracoviska\/botanicka-zahrada\/odborne-aktivity\/thaiszia-2\/volume-12-contents\/","og_locale":"sk_SK","og_type":"article","og_title":"THAISZIA - JOURNAL OF BOTANY, Volume 12, 2002 - contents - Botanick\u00e1 z\u00e1hrada","og_description":"THAISZIA \u2013 JOURNAL OF BOTANY vol. 12, 2002 \u2013 Contentsvol. 12\/1 editum 27 August 2002vol. 12\/2 editum 10 December 2002 Cover page 12\/1Cover page 12\/2 H\u00e1jek M. &amp; H\u00e1jkov\u00e1 P. (2002): Vegetation composition, main gradient and subatlantic elements in spring fens of the northwestern Carpathian borders. \u2013 Thaiszia &#8211; J. Bot. 12: 1-24. \u2013 ISSN &hellip; \u010c\u00edta\u0165 \u010falej","og_url":"https:\/\/www.upjs.sk\/pracoviska\/botanicka-zahrada\/odborne-aktivity\/thaiszia-2\/volume-12-contents\/","og_site_name":"Botanick\u00e1 z\u00e1hrada","article_modified_time":"2024-08-05T17:53:12+00:00","twitter_card":"summary_large_image","twitter_misc":{"Predpokladan\u00fd \u010das \u010d\u00edtania":"3 min\u00faty"},"schema":{"@context":"https:\/\/schema.org","@graph":[{"@type":"WebPage","@id":"https:\/\/www.upjs.sk\/pracoviska\/botanicka-zahrada\/odborne-aktivity\/thaiszia-2\/volume-12-contents\/","url":"https:\/\/www.upjs.sk\/pracoviska\/botanicka-zahrada\/odborne-aktivity\/thaiszia-2\/volume-12-contents\/","name":"THAISZIA - JOURNAL OF BOTANY, Volume 12, 2002 - contents - Botanick\u00e1 z\u00e1hrada","isPartOf":{"@id":"https:\/\/www.upjs.sk\/pracoviska\/botanicka-zahrada\/#website"},"datePublished":"2022-06-22T14:03:08+00:00","dateModified":"2024-08-05T17:53:12+00:00","breadcrumb":{"@id":"https:\/\/www.upjs.sk\/pracoviska\/botanicka-zahrada\/odborne-aktivity\/thaiszia-2\/volume-12-contents\/#breadcrumb"},"inLanguage":"sk-SK","potentialAction":[{"@type":"ReadAction","target":["https:\/\/www.upjs.sk\/pracoviska\/botanicka-zahrada\/odborne-aktivity\/thaiszia-2\/volume-12-contents\/"]}]},{"@type":"BreadcrumbList","@id":"https:\/\/www.upjs.sk\/pracoviska\/botanicka-zahrada\/odborne-aktivity\/thaiszia-2\/volume-12-contents\/#breadcrumb","itemListElement":[{"@type":"ListItem","position":1,"name":"Home","item":"https:\/\/www.upjs.sk\/pracoviska\/botanicka-zahrada\/"},{"@type":"ListItem","position":2,"name":"Odborn\u00e9 aktivity","item":"https:\/\/www.upjs.sk\/pracoviska\/botanicka-zahrada\/odborne-aktivity\/"},{"@type":"ListItem","position":3,"name":"Thaiszia \u2013 Journal of Botany","item":"https:\/\/www.upjs.sk\/pracoviska\/botanicka-zahrada\/odborne-aktivity\/thaiszia-2\/"},{"@type":"ListItem","position":4,"name":"THAISZIA &#8211; JOURNAL OF BOTANY, Volume 12, 2002 &#8211; contents"}]},{"@type":"WebSite","@id":"https:\/\/www.upjs.sk\/pracoviska\/botanicka-zahrada\/#website","url":"https:\/\/www.upjs.sk\/pracoviska\/botanicka-zahrada\/","name":"Botanick\u00e1 z\u00e1hrada","description":"","publisher":{"@id":"https:\/\/www.upjs.sk\/pracoviska\/botanicka-zahrada\/#organization"},"potentialAction":[{"@type":"SearchAction","target":{"@type":"EntryPoint","urlTemplate":"https:\/\/www.upjs.sk\/pracoviska\/botanicka-zahrada\/?s={search_term_string}"},"query-input":{"@type":"PropertyValueSpecification","valueRequired":true,"valueName":"search_term_string"}}],"inLanguage":"sk-SK"},{"@type":"Organization","@id":"https:\/\/www.upjs.sk\/pracoviska\/botanicka-zahrada\/#organization","name":"Botanick\u00e1 z\u00e1hrada","url":"https:\/\/www.upjs.sk\/pracoviska\/botanicka-zahrada\/","logo":{"@type":"ImageObject","inLanguage":"sk-SK","@id":"https:\/\/www.upjs.sk\/pracoviska\/botanicka-zahrada\/#\/schema\/logo\/image\/","url":"https:\/\/www.upjs.sk\/app\/uploads\/sites\/15\/2023\/01\/BZ-2.svg","contentUrl":"https:\/\/www.upjs.sk\/app\/uploads\/sites\/15\/2023\/01\/BZ-2.svg","width":500,"height":138,"caption":"Botanick\u00e1 z\u00e1hrada"},"image":{"@id":"https:\/\/www.upjs.sk\/pracoviska\/botanicka-zahrada\/#\/schema\/logo\/image\/"}}]}},"_links":{"self":[{"href":"https:\/\/www.upjs.sk\/pracoviska\/botanicka-zahrada\/wp-json\/wp\/v2\/pages\/15270","targetHints":{"allow":["GET"]}}],"collection":[{"href":"https:\/\/www.upjs.sk\/pracoviska\/botanicka-zahrada\/wp-json\/wp\/v2\/pages"}],"about":[{"href":"https:\/\/www.upjs.sk\/pracoviska\/botanicka-zahrada\/wp-json\/wp\/v2\/types\/page"}],"author":[{"embeddable":true,"href":"https:\/\/www.upjs.sk\/pracoviska\/botanicka-zahrada\/wp-json\/wp\/v2\/users\/1"}],"replies":[{"embeddable":true,"href":"https:\/\/www.upjs.sk\/pracoviska\/botanicka-zahrada\/wp-json\/wp\/v2\/comments?post=15270"}],"version-history":[{"count":5,"href":"https:\/\/www.upjs.sk\/pracoviska\/botanicka-zahrada\/wp-json\/wp\/v2\/pages\/15270\/revisions"}],"predecessor-version":[{"id":22529,"href":"https:\/\/www.upjs.sk\/pracoviska\/botanicka-zahrada\/wp-json\/wp\/v2\/pages\/15270\/revisions\/22529"}],"up":[{"embeddable":true,"href":"https:\/\/www.upjs.sk\/pracoviska\/botanicka-zahrada\/wp-json\/wp\/v2\/pages\/15189"}],"wp:attachment":[{"href":"https:\/\/www.upjs.sk\/pracoviska\/botanicka-zahrada\/wp-json\/wp\/v2\/media?parent=15270"}],"wp:term":[{"taxonomy":"category","embeddable":true,"href":"https:\/\/www.upjs.sk\/pracoviska\/botanicka-zahrada\/wp-json\/wp\/v2\/categories?post=15270"},{"taxonomy":"post_tag","embeddable":true,"href":"https:\/\/www.upjs.sk\/pracoviska\/botanicka-zahrada\/wp-json\/wp\/v2\/tags?post=15270"}],"curies":[{"name":"wp","href":"https:\/\/api.w.org\/{rel}","templated":true}]}}