{"id":15276,"date":"2022-06-22T14:03:08","date_gmt":"2022-06-22T14:03:08","guid":{"rendered":"https:\/\/www.upjs.sk\/pracoviska\/botanicka-zahrada\/root\/odborne-aktivity\/volume-9-contents\/"},"modified":"2024-03-25T14:28:35","modified_gmt":"2024-03-25T14:28:35","slug":"volume-9-contents","status":"publish","type":"page","link":"https:\/\/www.upjs.sk\/pracoviska\/botanicka-zahrada\/odborne-aktivity\/thaiszia-2\/volume-9-contents\/","title":{"rendered":"THAISZIA &#8211; JOURNAL OF BOTANY, Volume 9, 1999 &#8211; contents"},"content":{"rendered":"\n<p><strong>THAISZIA \u2013 JOURNAL OF BOTANY<\/strong><\/p>\n\n\n\n<div style=\"text-align: justify;\"><strong>vol. 9, 1999 \u2013 Contents<\/strong><\/div>\n\n\n\n<div style=\"text-align: justify;\"><strong>vol. 9\/1<\/strong><strong> editum 30 November 1999<\/strong><\/div>\n\n\n\n<div style=\"text-align: justify;\"><strong>vol. 9\/2<\/strong><strong> editum 3 February 2000<\/strong><\/div>\n\n\n\n<div style=\"height:15px\" aria-hidden=\"true\" class=\"wp-block-spacer\"><\/div>\n\n\n\n<p><strong><a href=\"https:\/\/www.upjs.sk\/app\/uploads\/sites\/15\/2024\/03\/Cover-page-9_1_1999_full.pdf\" target=\"_blank\" aria-label=\"Cover page 9\/1 (opens in a new tab)\" rel=\"noreferrer noopener\" class=\"ek-link\"><mark style=\"background-color:rgba(0, 0, 0, 0)\" class=\"has-inline-color has-zakladna-zlata-color\">Cover page 9\/1<\/mark><\/a><\/strong><br><strong><a href=\"https:\/\/www.upjs.sk\/app\/uploads\/sites\/15\/2024\/03\/Cover-page-9_2_1999_full.pdf\" target=\"_blank\" aria-label=\"Cover page 9\/2 (opens in a new tab)\" rel=\"noreferrer noopener\" class=\"ek-link\"><mark style=\"background-color:rgba(0, 0, 0, 0)\" class=\"has-inline-color has-zakladna-zlata-color\">Cover page 9\/2<\/mark><\/a><\/strong><\/p>\n\n\n\n<div style=\"text-align: justify;\"><strong>Jan\u010dovi\u010dov\u00e1 S. &amp; Glejdura S. (1999<\/strong>): Ascomycetes from Danube islands in Bratislava (Slovakia). \u2013 Thaiszia &#8211; J. Bot. 9: 1-10. \u2013 ISSN 1210-0420.<\/div>\n\n\n\n<div style=\"text-align: justify;\"><a href=\"\/public\/media\/5738\/thaiszia-9-001-010-1999-jancovicova.pdf\" target=\"_blank\" rel=\"noopener\">full text<\/a><\/div>\n\n\n\n<div style=\"text-align: justify;\"><strong>\u0160olt\u00e9s R. &amp; Nov\u00e1k A. (1999): <\/strong><em>Calliergon trifarium<\/em> (Bryophyta) in the National Nature Reserve Belianske l\u00faky (Poprad Basin, Slovakia) confirmed. \u2013 Thaiszia &#8211; J. Bot. 9: 11-14. \u2013 ISSN 1210-0420.<\/div>\n\n\n\n<div style=\"text-align: justify;\"><a href=\"\/public\/media\/5738\/thaiszia-9-011-014-1999-soltes.pdf\" target=\"_blank\" rel=\"noopener\">full text<\/a><\/div>\n\n\n\n<div style=\"text-align: justify;\"><strong>Kovanda M. (1999): <\/strong><em>Campanula \u00b4 iserana<\/em> (<em>C. rhomboidalis <\/em>L.<em> \u00b4 C. rotundifolia<\/em> L.), a new hybrid in <em>Campanula<\/em>. &#8211; Thaiszia &#8211; J. Bot. 9: 15-18. \u2013 ISSN 1210-0420.<\/div>\n\n\n\n<div style=\"text-align: justify;\"><a href=\"\/public\/media\/5738\/thaiszia-9-015-018-1999-kovanda.pdf\" target=\"_blank\" rel=\"noopener\">full text<\/a><\/div>\n\n\n\n<div style=\"text-align: justify;\"><strong>Delipavlov D. (1999): <\/strong>Genus <em>Avena<\/em> L. (Oats) in the flora of Bulgaria. \u2013 Thaiszia &#8211; J. Bot. 9: 19-26. \u2013 ISSN 1210-0420.<\/div>\n\n\n\n<div style=\"text-align: justify;\"><a href=\"\/public\/media\/5738\/thaiszia-9-019-026-1999-delipavlov.pdf\" target=\"_blank\" rel=\"noopener\">full text<\/a><\/div>\n\n\n\n<div style=\"text-align: justify;\"><strong>Mr\u00e1z P. (1999):<\/strong><em>Hieracium<\/em> <em>alpinum<\/em> subsp. <em>augusti<\/em>&#8211;<em>bayeri <\/em>Zlatn\u00edk in the Mun\u0163ii Rodnei Mts. \u2013 an interesting taxon in the flora of Romania. \u2013 Thaiszia &#8211; J. Bot. 9: 27-30. \u2013 ISSN 1210-0420.<\/div>\n\n\n\n<div style=\"text-align: justify;\"><a href=\"\/public\/media\/5738\/thaiszia-9-027-030-1999-mraz.pdf\" target=\"_blank\" rel=\"noopener\">full text<\/a><\/div>\n\n\n\n<div style=\"text-align: justify;\"><strong>Mur\u00edn A., Svobodov\u00e1 Z., M\u00e1jovsk\u00fd J. &amp; Fer\u00e1kov\u00e1 V. (1999): <\/strong>Chromosome numbers of some species of the Slovak flora. \u2013 Thaiszia &#8211; J. Bot. 9: 31-40. \u2013 ISSN 1210-0420.<\/div>\n\n\n\n<div style=\"text-align: justify;\"><a href=\"\/public\/media\/5738\/thaiszia-9-031-040-1999-murin.pdf\" target=\"_blank\" rel=\"noopener\">full text<\/a><\/div>\n\n\n\n<div style=\"text-align: justify;\"><strong>Terp\u00f3 A., Zaj\u0105c M. &amp; Zaj\u0105c A. (1999): <\/strong>Provisional list of Hungarian archeophytes. \u2013 Thaiszia &#8211; J. Bot. 9: 41-47. \u2013 ISSN 1210-0420.<\/div>\n\n\n\n<div style=\"text-align: justify;\"><a href=\"\/public\/media\/5738\/thaiszia-9-041-047-1999-terpo.pdf\" target=\"_blank\" rel=\"noopener\">full text<\/a><\/div>\n\n\n\n<div style=\"text-align: justify;\"><strong>Valachovi\u010d M. &amp; Janovicov\u00e1 K. (1999): <\/strong>Altitudinal differentiation of oligotrophic water-spring vegetation in Slovakia. \u2013 Thaiszia &#8211; J. Bot. 9: 49-62. \u2013 ISSN 1210-0420.<\/div>\n\n\n\n<div style=\"text-align: justify;\"><a href=\"\/public\/media\/5738\/thaiszia-9-049-062-1999-valachovic.pdf\" target=\"_blank\" rel=\"noopener\">full text<\/a><\/div>\n\n\n\n<div style=\"text-align: justify;\"><strong>Warcholi\u0144ska U. (1999): <\/strong>Differentiation of <em>Vicietum tetraspermae<\/em> (Krusem. &amp; Vlieg. 1939) Korna\u015b 1950 in Poland. \u2013 Thaiszia &#8211; J. Bot. 9: 63-72. \u2013 ISSN 1210-0420.<\/div>\n\n\n\n<div style=\"text-align: justify;\"><a href=\"\/public\/media\/5738\/thaiszia-9-063-072-1999-warcholinska.pdf\" target=\"_blank\" rel=\"noopener\">full text<\/a><\/div>\n\n\n\n<div style=\"text-align: justify;\"><strong>Kakes P. &amp; Hakvoort H. W. J. (1999): <\/strong>Aglycon specificity of the cyanogenic \u03b2-glucosidases of leaves of <em>Trifolium<\/em> species and Cassava (<em>Manihot<\/em> <em>esculenta<\/em>). \u2013 Thaiszia \u2013 J. Bot. 9: 73-80. \u2013 ISSN 1210-0420.<\/div>\n\n\n\n<div style=\"text-align: justify;\"><a href=\"\/public\/media\/5738\/thaiszia-9-073-080-1999-kakes.pdf\" target=\"_blank\" rel=\"noopener\">full text<\/a><\/div>\n\n\n\n<div style=\"text-align: justify;\"><strong>Zeidler M. (1999): <\/strong>Genetic variability among populations of <em>Allium carinatum<\/em> subsp. <em>carinatum<\/em>. \u2013 Thaiszia &#8211; J. Bot. 9: 81-90. \u2013 ISSN 1210-0420.<\/div>\n\n\n\n<div style=\"text-align: justify;\"><a href=\"\/public\/media\/5738\/thaiszia-9-081-090-1999-zeidler.pdf\" target=\"_blank\" rel=\"noopener\">full text<\/a><\/div>\n\n\n\n<div style=\"text-align: justify;\"><strong>Xifreda C. C., Argim\u00f3n S. &amp; Wulff A. F. (2000): <\/strong>Infraspecific characterization and chromosome numbers in <em>Anredera cordifolia<\/em> (Basellaceae). \u2013 Thaiszia \u2013 J. Bot.: 9(1999): 99-108<strong>.<\/strong> \u2013 ISSN 1210-0420.<\/div>\n\n\n\n<div style=\"text-align: justify;\"><a href=\"\/public\/media\/5738\/thaiszia-9-099-108-1999-xifreda.pdf\" target=\"_blank\" rel=\"noopener\">full text<\/a><\/div>\n\n\n\n<div style=\"text-align: justify;\"><strong>Marhold K. &amp; Kit Tan (2000): <\/strong>The distribution of <em>Cardamine matthioli<\/em> (Brassicaceae) in Greece. \u2013 Thaiszia \u2013 J. Bot. 9(1999): 109-112. \u2013 ISSN 1210-0420.<\/div>\n\n\n\n<div style=\"text-align: justify;\"><a href=\"\/public\/media\/5738\/thaiszia-9-109-112-1999-marhold.pdf\" target=\"_blank\" rel=\"noopener\">full text<\/a><\/div>\n\n\n\n<div style=\"text-align: justify;\"><strong>Oganesian M. (2000): <\/strong>Systematics of <em>Campanula<\/em> L. subgenus <em>Scapiflorae<\/em> (Boiss.) Ogan. and its ecogeographical differentiation in the mountains of Eurasia. \u2013 Thaiszia \u2013 J. Bot. 9(1999): 113-130. \u2013 ISSN 1210-0420.<\/div>\n\n\n\n<div style=\"text-align: justify;\"><a href=\"\/public\/media\/5738\/thaiszia-9-113-130-2000-oganesian.pdf\" target=\"_blank\" rel=\"noopener\">full text<\/a><\/div>\n\n\n\n<div style=\"text-align: justify;\"><strong>Danilov R. A. &amp; Ekelund N. G. A. (2000): <\/strong>Summer phytoplankton successions close to the shore in three brackish water bays on the East coast of Sweden (Gulf of Bothnia). \u2013 Thaiszia \u2013 J. Bot. 9(1999): 131-142. \u2013 ISSN 1210-0420.<\/div>\n\n\n\n<div style=\"text-align: justify;\"><a href=\"\/public\/media\/5738\/thaiszia-9-131-142-1999-danilov.pdf\" target=\"_blank\" rel=\"noopener\">full text<\/a><\/div>\n\n\n\n<div style=\"text-align: justify;\"><strong>Ma J., Sun H. &amp; Cao W. (2000): <\/strong>The Notes on the Collectors and Authors as well as location names related to the Dawn Redwood, <em>Metasequoia glyptostroboides<\/em>, after it&#8217;s been discovered almost sixty years from Central China (1941-2000). \u2013 Thaiszia \u2013 J. Bot. 9(1999): 143-147. \u2013 ISSN 1210-0420.<\/div>\n\n\n\n<div style=\"text-align: justify;\"><a href=\"\/public\/media\/5738\/thaiszia-9-143-147-2000-ma.pdf\" target=\"_blank\" rel=\"noopener\">full text<\/a><\/div>\n\n\n\n<div style=\"text-align: justify;\"><strong>Mochnack\u00fd S. (2000): <\/strong>Syntaxonomy of segetal communities of Slovakia. \u2013 Thaiszia &#8211; J. Bot. 9(1999): 149-204. \u2013 ISSN 1210-0420.<\/div>\n\n\n\n<div style=\"text-align: justify;\"><a href=\"\/public\/media\/5738\/thaiszia-9-149-204-2000-mochnacky.pdf\" target=\"_blank\" rel=\"noopener\">full text<\/a><\/div>\n\n\n<style>.wp-block-kadence-spacer.kt-block-spacer-15276_460fe6-54 .kt-block-spacer{height:6px;}.wp-block-kadence-spacer.kt-block-spacer-15276_460fe6-54 .kt-divider{border-top-width:1px;height:1px;border-top-color:#eee;width:100%;border-top-style:solid;}<\/style>\n<div class=\"wp-block-kadence-spacer aligncenter kt-block-spacer-15276_460fe6-54\"><div class=\"kt-block-spacer kt-block-spacer-halign-center\"><hr class=\"kt-divider\"\/><\/div><\/div>\n\n\n\n<p><strong><a href=\"https:\/\/www.upjs.sk\/app\/uploads\/sites\/15\/2024\/03\/9_1_1999-75birthday-of-Anton-Jurko.pdf\" target=\"_blank\" aria-label=\"To unlived 75. birthday of Doc. RNDr. Anton Jurko, DrSc. (opens in a new tab)\" rel=\"noreferrer noopener\" class=\"ek-link\"><mark style=\"background-color:rgba(0, 0, 0, 0)\" class=\"has-inline-color has-zakladna-zlata-color\">To unlived 75. birthday of Doc. RNDr. Anton Jurko, DrSc.<\/mark><\/a><\/strong><\/p>\n\n\n\n<p><strong><a aria-label=\"Book reviews 1 (opens in a new tab)\" href=\"https:\/\/www.upjs.sk\/app\/uploads\/sites\/15\/2024\/03\/9_1_1999-Book-review_1.pdf\" target=\"_blank\" rel=\"noreferrer noopener\" class=\"ek-link\"><mark style=\"background-color:rgba(0, 0, 0, 0)\" class=\"has-inline-color has-zakladna-zlata-color\">Book reviews 1<\/mark><\/a><\/strong><br><strong><a href=\"https:\/\/www.upjs.sk\/app\/uploads\/sites\/15\/2024\/03\/9_1_1999-Books-review_2.pdf\" target=\"_blank\" aria-label=\"Book reviews 2 (opens in a new tab)\" rel=\"noreferrer noopener\" class=\"ek-link\"><mark style=\"background-color:rgba(0, 0, 0, 0)\" class=\"has-inline-color has-zakladna-zlata-color\">Book reviews 2<\/mark><\/a><\/strong><\/p>\n\n\n\n<p><strong><a href=\"https:\/\/www.upjs.sk\/app\/uploads\/sites\/15\/2024\/03\/9_1_1999-Index-of-new-plant-names.pdf\" target=\"_blank\" aria-label=\"Index of new plant names and combinations published in this issue (opens in a new tab)\" rel=\"noreferrer noopener\" class=\"ek-link\"><mark style=\"background-color:rgba(0, 0, 0, 0)\" class=\"has-inline-color has-zakladna-zlata-color\">Index of new plant names and combinations published in this issue<\/mark><\/a><\/strong><\/p>\n","protected":false},"excerpt":{"rendered":"<p>THAISZIA \u2013 JOURNAL OF BOTANY vol. 9, 1999 \u2013 Contents vol. 9\/1 editum 30 November 1999 vol. 9\/2 editum 3 February 2000 Cover page 9\/1Cover page 9\/2 Jan\u010dovi\u010dov\u00e1 S. &amp; Glejdura S. (1999): Ascomycetes from Danube islands in Bratislava (Slovakia). \u2013 Thaiszia &#8211; J. Bot. 9: 1-10. \u2013 ISSN 1210-0420. full text \u0160olt\u00e9s R. &amp; &hellip; <a href=\"https:\/\/www.upjs.sk\/pracoviska\/botanicka-zahrada\/odborne-aktivity\/thaiszia-2\/volume-9-contents\/\">\u010c\u00edta\u0165 \u010falej<\/a><\/p>\n","protected":false},"author":1,"featured_media":0,"parent":15189,"menu_order":61,"comment_status":"closed","ping_status":"closed","template":"","meta":{"_acf_changed":false,"_editorskit_title_hidden":false,"_editorskit_reading_time":0,"_editorskit_is_block_options_detached":false,"_editorskit_block_options_position":"{}","footnotes":""},"categories":[],"tags":[],"class_list":["post-15276","page","type-page","status-publish","hentry"],"acf":{"acf_link_na_externy_obsah":""},"yoast_head":"<!-- This site is optimized with the Yoast SEO plugin v27.5 - https:\/\/yoast.com\/product\/yoast-seo-wordpress\/ -->\n<title>THAISZIA - JOURNAL OF BOTANY, Volume 9, 1999 - contents - Botanick\u00e1 z\u00e1hrada<\/title>\n<meta name=\"robots\" content=\"index, follow, max-snippet:-1, max-image-preview:large, max-video-preview:-1\" \/>\n<link rel=\"canonical\" href=\"https:\/\/www.upjs.sk\/pracoviska\/botanicka-zahrada\/odborne-aktivity\/thaiszia-2\/volume-9-contents\/\" \/>\n<meta property=\"og:locale\" content=\"sk_SK\" \/>\n<meta property=\"og:type\" content=\"article\" \/>\n<meta property=\"og:title\" content=\"THAISZIA - JOURNAL OF BOTANY, Volume 9, 1999 - contents - Botanick\u00e1 z\u00e1hrada\" \/>\n<meta property=\"og:description\" content=\"THAISZIA \u2013 JOURNAL OF BOTANY vol. 9, 1999 \u2013 Contents vol. 9\/1 editum 30 November 1999 vol. 9\/2 editum 3 February 2000 Cover page 9\/1Cover page 9\/2 Jan\u010dovi\u010dov\u00e1 S. &amp; Glejdura S. (1999): Ascomycetes from Danube islands in Bratislava (Slovakia). \u2013 Thaiszia &#8211; J. Bot. 9: 1-10. \u2013 ISSN 1210-0420. full text \u0160olt\u00e9s R. &amp; &hellip; \u010c\u00edta\u0165 \u010falej\" \/>\n<meta property=\"og:url\" content=\"https:\/\/www.upjs.sk\/pracoviska\/botanicka-zahrada\/odborne-aktivity\/thaiszia-2\/volume-9-contents\/\" \/>\n<meta property=\"og:site_name\" content=\"Botanick\u00e1 z\u00e1hrada\" \/>\n<meta property=\"article:modified_time\" content=\"2024-03-25T14:28:35+00:00\" \/>\n<meta name=\"twitter:card\" content=\"summary_large_image\" \/>\n<meta name=\"twitter:label1\" content=\"Predpokladan\u00fd \u010das \u010d\u00edtania\" \/>\n\t<meta name=\"twitter:data1\" content=\"3 min\u00faty\" \/>\n<script type=\"application\/ld+json\" class=\"yoast-schema-graph\">{\"@context\":\"https:\\\/\\\/schema.org\",\"@graph\":[{\"@type\":\"WebPage\",\"@id\":\"https:\\\/\\\/www.upjs.sk\\\/pracoviska\\\/botanicka-zahrada\\\/odborne-aktivity\\\/thaiszia-2\\\/volume-9-contents\\\/\",\"url\":\"https:\\\/\\\/www.upjs.sk\\\/pracoviska\\\/botanicka-zahrada\\\/odborne-aktivity\\\/thaiszia-2\\\/volume-9-contents\\\/\",\"name\":\"THAISZIA - JOURNAL OF BOTANY, Volume 9, 1999 - contents - Botanick\u00e1 z\u00e1hrada\",\"isPartOf\":{\"@id\":\"https:\\\/\\\/www.upjs.sk\\\/pracoviska\\\/botanicka-zahrada\\\/#website\"},\"datePublished\":\"2022-06-22T14:03:08+00:00\",\"dateModified\":\"2024-03-25T14:28:35+00:00\",\"breadcrumb\":{\"@id\":\"https:\\\/\\\/www.upjs.sk\\\/pracoviska\\\/botanicka-zahrada\\\/odborne-aktivity\\\/thaiszia-2\\\/volume-9-contents\\\/#breadcrumb\"},\"inLanguage\":\"sk-SK\",\"potentialAction\":[{\"@type\":\"ReadAction\",\"target\":[\"https:\\\/\\\/www.upjs.sk\\\/pracoviska\\\/botanicka-zahrada\\\/odborne-aktivity\\\/thaiszia-2\\\/volume-9-contents\\\/\"]}]},{\"@type\":\"BreadcrumbList\",\"@id\":\"https:\\\/\\\/www.upjs.sk\\\/pracoviska\\\/botanicka-zahrada\\\/odborne-aktivity\\\/thaiszia-2\\\/volume-9-contents\\\/#breadcrumb\",\"itemListElement\":[{\"@type\":\"ListItem\",\"position\":1,\"name\":\"Home\",\"item\":\"https:\\\/\\\/www.upjs.sk\\\/pracoviska\\\/botanicka-zahrada\\\/\"},{\"@type\":\"ListItem\",\"position\":2,\"name\":\"Odborn\u00e9 aktivity\",\"item\":\"https:\\\/\\\/www.upjs.sk\\\/pracoviska\\\/botanicka-zahrada\\\/odborne-aktivity\\\/\"},{\"@type\":\"ListItem\",\"position\":3,\"name\":\"Thaiszia \u2013 Journal of Botany\",\"item\":\"https:\\\/\\\/www.upjs.sk\\\/pracoviska\\\/botanicka-zahrada\\\/odborne-aktivity\\\/thaiszia-2\\\/\"},{\"@type\":\"ListItem\",\"position\":4,\"name\":\"THAISZIA &#8211; JOURNAL OF BOTANY, Volume 9, 1999 &#8211; contents\"}]},{\"@type\":\"WebSite\",\"@id\":\"https:\\\/\\\/www.upjs.sk\\\/pracoviska\\\/botanicka-zahrada\\\/#website\",\"url\":\"https:\\\/\\\/www.upjs.sk\\\/pracoviska\\\/botanicka-zahrada\\\/\",\"name\":\"Botanick\u00e1 z\u00e1hrada\",\"description\":\"\",\"publisher\":{\"@id\":\"https:\\\/\\\/www.upjs.sk\\\/pracoviska\\\/botanicka-zahrada\\\/#organization\"},\"potentialAction\":[{\"@type\":\"SearchAction\",\"target\":{\"@type\":\"EntryPoint\",\"urlTemplate\":\"https:\\\/\\\/www.upjs.sk\\\/pracoviska\\\/botanicka-zahrada\\\/?s={search_term_string}\"},\"query-input\":{\"@type\":\"PropertyValueSpecification\",\"valueRequired\":true,\"valueName\":\"search_term_string\"}}],\"inLanguage\":\"sk-SK\"},{\"@type\":\"Organization\",\"@id\":\"https:\\\/\\\/www.upjs.sk\\\/pracoviska\\\/botanicka-zahrada\\\/#organization\",\"name\":\"Botanick\u00e1 z\u00e1hrada\",\"url\":\"https:\\\/\\\/www.upjs.sk\\\/pracoviska\\\/botanicka-zahrada\\\/\",\"logo\":{\"@type\":\"ImageObject\",\"inLanguage\":\"sk-SK\",\"@id\":\"https:\\\/\\\/www.upjs.sk\\\/pracoviska\\\/botanicka-zahrada\\\/#\\\/schema\\\/logo\\\/image\\\/\",\"url\":\"https:\\\/\\\/www.upjs.sk\\\/app\\\/uploads\\\/sites\\\/15\\\/2023\\\/01\\\/BZ-2.svg\",\"contentUrl\":\"https:\\\/\\\/www.upjs.sk\\\/app\\\/uploads\\\/sites\\\/15\\\/2023\\\/01\\\/BZ-2.svg\",\"width\":500,\"height\":138,\"caption\":\"Botanick\u00e1 z\u00e1hrada\"},\"image\":{\"@id\":\"https:\\\/\\\/www.upjs.sk\\\/pracoviska\\\/botanicka-zahrada\\\/#\\\/schema\\\/logo\\\/image\\\/\"}}]}<\/script>\n<!-- \/ Yoast SEO plugin. -->","yoast_head_json":{"title":"THAISZIA - JOURNAL OF BOTANY, Volume 9, 1999 - contents - Botanick\u00e1 z\u00e1hrada","robots":{"index":"index","follow":"follow","max-snippet":"max-snippet:-1","max-image-preview":"max-image-preview:large","max-video-preview":"max-video-preview:-1"},"canonical":"https:\/\/www.upjs.sk\/pracoviska\/botanicka-zahrada\/odborne-aktivity\/thaiszia-2\/volume-9-contents\/","og_locale":"sk_SK","og_type":"article","og_title":"THAISZIA - JOURNAL OF BOTANY, Volume 9, 1999 - contents - Botanick\u00e1 z\u00e1hrada","og_description":"THAISZIA \u2013 JOURNAL OF BOTANY vol. 9, 1999 \u2013 Contents vol. 9\/1 editum 30 November 1999 vol. 9\/2 editum 3 February 2000 Cover page 9\/1Cover page 9\/2 Jan\u010dovi\u010dov\u00e1 S. &amp; Glejdura S. (1999): Ascomycetes from Danube islands in Bratislava (Slovakia). \u2013 Thaiszia &#8211; J. Bot. 9: 1-10. \u2013 ISSN 1210-0420. full text \u0160olt\u00e9s R. &amp; &hellip; \u010c\u00edta\u0165 \u010falej","og_url":"https:\/\/www.upjs.sk\/pracoviska\/botanicka-zahrada\/odborne-aktivity\/thaiszia-2\/volume-9-contents\/","og_site_name":"Botanick\u00e1 z\u00e1hrada","article_modified_time":"2024-03-25T14:28:35+00:00","twitter_card":"summary_large_image","twitter_misc":{"Predpokladan\u00fd \u010das \u010d\u00edtania":"3 min\u00faty"},"schema":{"@context":"https:\/\/schema.org","@graph":[{"@type":"WebPage","@id":"https:\/\/www.upjs.sk\/pracoviska\/botanicka-zahrada\/odborne-aktivity\/thaiszia-2\/volume-9-contents\/","url":"https:\/\/www.upjs.sk\/pracoviska\/botanicka-zahrada\/odborne-aktivity\/thaiszia-2\/volume-9-contents\/","name":"THAISZIA - JOURNAL OF BOTANY, Volume 9, 1999 - contents - Botanick\u00e1 z\u00e1hrada","isPartOf":{"@id":"https:\/\/www.upjs.sk\/pracoviska\/botanicka-zahrada\/#website"},"datePublished":"2022-06-22T14:03:08+00:00","dateModified":"2024-03-25T14:28:35+00:00","breadcrumb":{"@id":"https:\/\/www.upjs.sk\/pracoviska\/botanicka-zahrada\/odborne-aktivity\/thaiszia-2\/volume-9-contents\/#breadcrumb"},"inLanguage":"sk-SK","potentialAction":[{"@type":"ReadAction","target":["https:\/\/www.upjs.sk\/pracoviska\/botanicka-zahrada\/odborne-aktivity\/thaiszia-2\/volume-9-contents\/"]}]},{"@type":"BreadcrumbList","@id":"https:\/\/www.upjs.sk\/pracoviska\/botanicka-zahrada\/odborne-aktivity\/thaiszia-2\/volume-9-contents\/#breadcrumb","itemListElement":[{"@type":"ListItem","position":1,"name":"Home","item":"https:\/\/www.upjs.sk\/pracoviska\/botanicka-zahrada\/"},{"@type":"ListItem","position":2,"name":"Odborn\u00e9 aktivity","item":"https:\/\/www.upjs.sk\/pracoviska\/botanicka-zahrada\/odborne-aktivity\/"},{"@type":"ListItem","position":3,"name":"Thaiszia \u2013 Journal of Botany","item":"https:\/\/www.upjs.sk\/pracoviska\/botanicka-zahrada\/odborne-aktivity\/thaiszia-2\/"},{"@type":"ListItem","position":4,"name":"THAISZIA &#8211; JOURNAL OF BOTANY, Volume 9, 1999 &#8211; contents"}]},{"@type":"WebSite","@id":"https:\/\/www.upjs.sk\/pracoviska\/botanicka-zahrada\/#website","url":"https:\/\/www.upjs.sk\/pracoviska\/botanicka-zahrada\/","name":"Botanick\u00e1 z\u00e1hrada","description":"","publisher":{"@id":"https:\/\/www.upjs.sk\/pracoviska\/botanicka-zahrada\/#organization"},"potentialAction":[{"@type":"SearchAction","target":{"@type":"EntryPoint","urlTemplate":"https:\/\/www.upjs.sk\/pracoviska\/botanicka-zahrada\/?s={search_term_string}"},"query-input":{"@type":"PropertyValueSpecification","valueRequired":true,"valueName":"search_term_string"}}],"inLanguage":"sk-SK"},{"@type":"Organization","@id":"https:\/\/www.upjs.sk\/pracoviska\/botanicka-zahrada\/#organization","name":"Botanick\u00e1 z\u00e1hrada","url":"https:\/\/www.upjs.sk\/pracoviska\/botanicka-zahrada\/","logo":{"@type":"ImageObject","inLanguage":"sk-SK","@id":"https:\/\/www.upjs.sk\/pracoviska\/botanicka-zahrada\/#\/schema\/logo\/image\/","url":"https:\/\/www.upjs.sk\/app\/uploads\/sites\/15\/2023\/01\/BZ-2.svg","contentUrl":"https:\/\/www.upjs.sk\/app\/uploads\/sites\/15\/2023\/01\/BZ-2.svg","width":500,"height":138,"caption":"Botanick\u00e1 z\u00e1hrada"},"image":{"@id":"https:\/\/www.upjs.sk\/pracoviska\/botanicka-zahrada\/#\/schema\/logo\/image\/"}}]}},"_links":{"self":[{"href":"https:\/\/www.upjs.sk\/pracoviska\/botanicka-zahrada\/wp-json\/wp\/v2\/pages\/15276","targetHints":{"allow":["GET"]}}],"collection":[{"href":"https:\/\/www.upjs.sk\/pracoviska\/botanicka-zahrada\/wp-json\/wp\/v2\/pages"}],"about":[{"href":"https:\/\/www.upjs.sk\/pracoviska\/botanicka-zahrada\/wp-json\/wp\/v2\/types\/page"}],"author":[{"embeddable":true,"href":"https:\/\/www.upjs.sk\/pracoviska\/botanicka-zahrada\/wp-json\/wp\/v2\/users\/1"}],"replies":[{"embeddable":true,"href":"https:\/\/www.upjs.sk\/pracoviska\/botanicka-zahrada\/wp-json\/wp\/v2\/comments?post=15276"}],"version-history":[{"count":7,"href":"https:\/\/www.upjs.sk\/pracoviska\/botanicka-zahrada\/wp-json\/wp\/v2\/pages\/15276\/revisions"}],"predecessor-version":[{"id":21966,"href":"https:\/\/www.upjs.sk\/pracoviska\/botanicka-zahrada\/wp-json\/wp\/v2\/pages\/15276\/revisions\/21966"}],"up":[{"embeddable":true,"href":"https:\/\/www.upjs.sk\/pracoviska\/botanicka-zahrada\/wp-json\/wp\/v2\/pages\/15189"}],"wp:attachment":[{"href":"https:\/\/www.upjs.sk\/pracoviska\/botanicka-zahrada\/wp-json\/wp\/v2\/media?parent=15276"}],"wp:term":[{"taxonomy":"category","embeddable":true,"href":"https:\/\/www.upjs.sk\/pracoviska\/botanicka-zahrada\/wp-json\/wp\/v2\/categories?post=15276"},{"taxonomy":"post_tag","embeddable":true,"href":"https:\/\/www.upjs.sk\/pracoviska\/botanicka-zahrada\/wp-json\/wp\/v2\/tags?post=15276"}],"curies":[{"name":"wp","href":"https:\/\/api.w.org\/{rel}","templated":true}]}}