{"id":15280,"date":"2022-06-22T14:03:08","date_gmt":"2022-06-22T14:03:08","guid":{"rendered":"https:\/\/www.upjs.sk\/pracoviska\/botanicka-zahrada\/root\/odborne-aktivity\/volume-8-contents\/"},"modified":"2024-03-19T14:32:39","modified_gmt":"2024-03-19T14:32:39","slug":"volume-8-contents","status":"publish","type":"page","link":"https:\/\/www.upjs.sk\/pracoviska\/botanicka-zahrada\/odborne-aktivity\/thaiszia-2\/volume-8-contents\/","title":{"rendered":"THAISZIA &#8211; JOURNAL OF BOTANY, Volume 8, 1998 &#8211; contents"},"content":{"rendered":"\n<p><strong>THAISZIA \u2013 JOURNAL OF BOTANY<\/strong><\/p>\n\n\n\n<p><strong>vol. 8, 1998 \u2013 Contents<\/strong><\/p>\n\n\n\n<p><strong><a href=\"https:\/\/www.upjs.sk\/app\/uploads\/sites\/15\/2024\/03\/Cover-page-8_1_1998_full.pdf\" target=\"_blank\" aria-label=\"Cover page 8\/1 (opens in a new tab)\" rel=\"noreferrer noopener\" class=\"ek-link\"><mark style=\"background-color:rgba(0, 0, 0, 0)\" class=\"has-inline-color has-zakladna-zlata-color\">Cover page 8\/1<\/mark><\/a><\/strong><br><strong><a href=\"https:\/\/www.upjs.sk\/app\/uploads\/sites\/15\/2024\/03\/Cover-page-8_2_1998_full.pdf\" target=\"_blank\" aria-label=\"Cover page 8\/2 (opens in a new tab)\" rel=\"noreferrer noopener\" class=\"ek-link\"><mark style=\"background-color:rgba(0, 0, 0, 0)\" class=\"has-inline-color has-zakladna-zlata-color\">Cover page 8\/2<\/mark><\/a><\/strong><\/p>\n\n\n\n<div style=\"text-align: justify;\"><strong>vol. 8\/1<\/strong><strong> editum 7 October 1998<\/strong><\/div>\n\n\n\n<div style=\"text-align: justify;\"><strong>vol. 8\/2<\/strong><strong> editum 11 December 1998<\/strong><\/div>\n\n\n\n<div style=\"text-align: justify;\"><strong>BA\u010cKOR M., HUD\u00c1K J., ZIEGLER W., BA\u010cKOROV\u00c1 M. (1998): <\/strong>Methods for isolationa and cultivation of the eukaryotic lichen photobionts \u2013 looking for a&nbsp;universal method. A&nbsp;review. \u2013 Thaiszia \u2013 J. Bot. 8: 1-6. \u2013 ISSN 1210-0420<\/div>\n\n\n\n<div style=\"text-align: justify;\"><a href=\"\/public\/media\/5591\/thaiszia-8-001-006-1998-backor.pdf\" target=\"_blank\" rel=\"noopener\">full text<\/a><\/div>\n\n\n\n<div style=\"text-align: justify;\"><strong>AYTA\u00c7 Z. (1998): <\/strong>A&nbsp;new species of <em>Silene<\/em> (Caryophyllaceae) from Anatolia (Turkey). \u2013 Thaiszia \u2013 J. Bot. 8: 7-11. \u2013 ISSN 1210-0420<\/div>\n\n\n\n<div style=\"text-align: justify;\"><a href=\"\/public\/media\/5591\/thaiszia-8-007-011-1998-aytac.pdf\" target=\"_blank\" rel=\"noopener\"><span style=\"color: #d0700b;\">full text<\/span><\/a><\/div>\n\n\n\n<div style=\"text-align: justify;\"><strong>LETZ R. (1998): <\/strong>Subspecies of <em>Jovibarba<\/em> <em>globifera<\/em> (L.) J. Parn. (Crassulaceae). \u2013 Thaiszia &#8211; J. Bot. 8: 13-16. \u2013 ISSN 1210-0420<\/div>\n\n\n\n<div style=\"text-align: justify;\"><a href=\"\/public\/media\/5591\/thaiszia-8-013-016-1998-letz.pdf\" target=\"_blank\" rel=\"noopener\"><span style=\"color: #d0700b;\">full text<\/span><\/a><\/div>\n\n\n\n<div style=\"text-align: justify;\"><strong>M\u00c1RTONFI P. &amp; MARHOLD K. (1998): <\/strong>To the legitimity of the name <em>Thymus pulcherrimus <\/em>subsp. <em>sudeticus <\/em>(Lyka) P. A. Schmidt. \u2013 Thaiszia &#8211; J. Bot. 8: 17-18. \u2013 ISSN 1210-0420<\/div>\n\n\n\n<div style=\"text-align: justify;\"><a href=\"\/public\/media\/5591\/thaiszia-8-017-018-1998-martonfi.pdf\" target=\"_blank\" rel=\"noopener\"><span style=\"color: #d0700b;\">full text<\/span><\/a><\/div>\n\n\n\n<div style=\"text-align: justify;\"><strong>MARHOLD K. (1998): <\/strong>Morphometric comparison of diploid populations of <em>Cardamine amara<\/em> (Brassicaceae) from Central Europe and the Balkan Peninsula. \u2013 Thaiszia \u2013 J. Bot. 8: 19-32. \u2013 ISSN 1210-0420<\/div>\n\n\n\n<div style=\"text-align: justify;\"><a href=\"\/public\/media\/5591\/thaiszia-8-019-032-1998-marhold.pdf\" target=\"_blank\" rel=\"noopener\"><span style=\"color: #d0700b;\">full text<\/span><\/a><\/div>\n\n\n\n<div style=\"text-align: justify;\"><strong>PROTOPOPOVA V, SHEVERA M. (1998): <\/strong>Expansion of alien plants in settlements of the Tisa river basin (Transcarpathia, Ukraine). \u2013 Thaiszia \u2013 J. Bot. 33-42. \u2013 ISSN 1210-0420<\/div>\n\n\n\n<div style=\"text-align: justify;\"><a href=\"\/public\/media\/5591\/thaiszia-8-033-042-1998-protopopova.pdf\" target=\"_blank\" rel=\"noopener\"><span style=\"color: #d0700b;\">full text<\/span><\/a><\/div>\n\n\n\n<div style=\"text-align: justify;\"><strong>ZLATKOVI\u0106 B., ANA\u010cKOV G., BO\u017dA P. &amp; ADAMOVI\u0106 D. (1998): <\/strong>Distribution of species of the genus <em>Oenothera<\/em> L. (Myrtales, Oenotheraceae) in Serbia. \u2013 Thaiszia \u2013 J. Bot. 8: 43-51. \u2013 ISSN 1210-0420<\/div>\n\n\n\n<div style=\"text-align: justify;\"><a href=\"\/public\/media\/5591\/thaiszia-8-043-051-1998-zlatkovic.pdf\" target=\"_blank\" rel=\"noopener\"><span style=\"color: #d0700b;\">full text<\/span><\/a><\/div>\n\n\n\n<div style=\"text-align: justify;\"><strong>VAROL \u00d6, \u0130L\u00c7\u0130M A. &amp; TATLI A. (1998): <\/strong>New observation on two poorly known Turkish species. \u2013 Thaiszia &#8211; J. Bot. 8: 53-56. \u2013 ISSN 1210-0420<\/div>\n\n\n\n<div style=\"text-align: justify;\"><a href=\"\/public\/media\/5591\/thaiszia-8-053-056-1998-varol.pdf\" target=\"_blank\" rel=\"noopener\"><span style=\"color: #d0700b;\">full text<\/span><\/a><\/div>\n\n\n\n<div style=\"text-align: justify;\"><strong>ZIMAN S., EHRENDORFER F., KEENER C. S., DUTTON B. E., TRIFONOVA V., TSARENKO O., MOLDOVANOVA E. &amp; TERENTJEVA N. (1998): <\/strong>The <em>Anemone biflora<\/em> complex (Ranunculaceae) in Central and South-West Asia: its differentiation and affinities. \u2013 Thaiszia \u2013 J. Bot. 8: 57-85. \u2013 ISSN 1210-0420<\/div>\n\n\n\n<div style=\"text-align: justify;\"><a href=\"\/public\/media\/5591\/thaiszia-8-057-085-1998-ziman.pdf\" target=\"_blank\" rel=\"noopener\"><span style=\"color: #d0700b;\">full text<\/span><\/a><\/div>\n\n\n\n<div style=\"text-align: justify;\"><strong>HROUDOV\u00c1 Z., MORAVCOV\u00c1 L., Z\u00c1KRAVSK\u00dd P. (1998): <\/strong>Differentiation of the Central European <em>Bolboschoenus <\/em>taxa based on fruit shape and anatomy. \u2013 Thaiszia \u2013 J. Bot. 8: 91-109. \u2013 ISSN 1210-0420<\/div>\n\n\n\n<div style=\"text-align: justify;\"><a href=\"\/public\/media\/5591\/thaiszia-8-091-109-1998-hroudova.pdf\" target=\"_blank\" rel=\"noopener\"><span style=\"color: #d0700b;\">full text<\/span><\/a><\/div>\n\n\n\n<div style=\"text-align: justify;\"><strong>MABBERLEY D. J. (1998): <\/strong>Wilhelm Petermann and the Oriental Spruce. \u2013 Thaiszia \u2013 J. Bot. 8: 111-114. \u2013 ISSN 1210-0420<\/div>\n\n\n\n<div style=\"text-align: justify;\"><a href=\"\/public\/media\/5591\/thaiszia-8-111-114-1998-mabberley.pdf\" target=\"_blank\" rel=\"noopener\"><span style=\"color: #d0700b;\">full text<\/span><\/a><\/div>\n\n\n\n<div style=\"text-align: justify;\"><strong>\u0160OLT\u00c9S R., NI\u017d\u0147ANSK\u00c1 M. &amp; CHROM\u00dd P. (1998): <\/strong>Finds of rare glacial relic moss species in the Volovsk\u00e9 vrchy Hills (Slovakia). \u2013 Thaiszia \u2013 J. Bot. 8: 115-120. \u2013 ISSN 1210-0420<\/div>\n\n\n\n<div style=\"text-align: justify;\"><a href=\"\/public\/media\/5591\/thaiszia-8-115-120-1998-soltes.pdf\" target=\"_blank\" rel=\"noopener\"><span style=\"color: #d0700b;\">full text<\/span><\/a><\/div>\n\n\n\n<div style=\"text-align: justify;\"><strong>DELIPAVLOV D. (1998): <\/strong>New taxa and chorological data for the flora of Bulgaria. \u2013 Thaiszia \u2013 J. Bot. 8: 121-128. \u2013 ISSN 1210-0420<\/div>\n\n\n\n<div style=\"text-align: justify;\"><a href=\"\/public\/media\/5591\/thaiszia-8-121-128-1998-delipavlov.pdf\" target=\"_blank\" rel=\"noopener\"><span style=\"color: #d0700b;\">full text<\/span><\/a><\/div>\n\n\n\n<div style=\"text-align: justify;\"><strong>KOVANDA M. (1998): <\/strong><em>Phyteuma<\/em> <em>orbiculare<\/em> in the High Sudeten Mts.: past and present. \u2013 Thaiszia &#8211; J. Bot. 8: 129-136. \u2013 ISSN 1210-0420<\/div>\n\n\n\n<div style=\"text-align: justify;\">Abstract: The history of the discovery of <em>Phyteuma<\/em> <em>orbiculare<\/em> L. in the <em>Sudeten<\/em> Mts. is outlined and<\/div>\n\n\n\n<div style=\"text-align: justify;\"><a href=\"\/public\/media\/5591\/thaiszia-8-129-136-1998-kovanda.pdf\" target=\"_blank\" rel=\"noopener\"><span style=\"color: #d0700b;\">full text<\/span><\/a><\/div>\n\n\n\n<div style=\"text-align: justify;\"><strong>KOVANDA M. (1998): <\/strong><em>Sorbus sudetica <\/em>in the Karkonosze Mts. (Poland). \u2013 Thaiszia &#8211; J. Bot. 8: 137-140. \u2013 ISSN 1210-0420<\/div>\n\n\n\n<div style=\"text-align: justify;\"><a href=\"\/public\/media\/5591\/thaiszia-8-137-140-1998-kovanda.pdf\" target=\"_blank\" rel=\"noopener\"><span style=\"color: #d0700b;\">full text<\/span><\/a><\/div>\n\n\n\n<div style=\"text-align: justify;\"><strong>KOV\u00c1\u0158 P. &amp; KOV\u00c1\u0158OV\u00c1 M. (1998): <\/strong>Ant herbivory &#8211; a significant factor in population dynamics of <em>Veronica<\/em> and other temperate plant species? \u2013 Thaiszia \u2013 J. Bot. 8: 141-146. \u2013 ISSN 1210-0420<\/div>\n\n\n\n<div style=\"text-align: justify;\"><a href=\"\/public\/media\/5591\/thaiszia-8-141-146-1998-kovar.pdf\" target=\"_blank\" rel=\"noopener\"><span style=\"color: #d0700b;\">full text<\/span><\/a><\/div>\n\n\n\n<div style=\"text-align: justify;\"><strong>MARHOLD K. &amp; VALACHOVI\u010c M. (1998): <\/strong>Coenotic differentiation of the infraspecific taxa of <em>Cardamine amara<\/em> (Brassicaceae) in Central Europe and the Balkan Peninsula. \u2013 Thaiszia \u2013 J. Bot. 8: 147-161. \u2013 ISSN 1210-0420<\/div>\n\n\n\n<div style=\"text-align: justify;\"><a href=\"\/public\/media\/5591\/thaiszia-8-147-161-1998-marhold.pdf\" target=\"_blank\" rel=\"noopener\"><span style=\"color: #d0700b;\">full text<\/span><\/a><\/div>\n\n\n\n<div style=\"text-align: justify;\"><strong>TURCS\u00c1NYI G. &amp; ZAHEDI POUR H. (1998): <\/strong>Diversities of three differently used pastures in the Cserh\u00e1t Mountains, Hungary. \u2013 Thaiszia \u2013 J. Bot. 8: 163-176. \u2013 ISSN 1210-0420<\/div>\n\n\n\n<div style=\"text-align: justify;\"><a href=\"\/public\/media\/5591\/thaiszia-8-163-176-1998-turcsanyi.pdf\" target=\"_blank\" rel=\"noopener\"><span style=\"color: #d0700b;\">full text<\/span><\/a><\/div>\n\n\n<style>.wp-block-kadence-spacer.kt-block-spacer-15280_d96229-ac .kt-block-spacer{height:6px;}.wp-block-kadence-spacer.kt-block-spacer-15280_d96229-ac .kt-divider{border-top-width:1px;height:1px;border-top-color:#eee;width:100%;border-top-style:solid;}<\/style>\n<div class=\"wp-block-kadence-spacer aligncenter kt-block-spacer-15280_d96229-ac\"><div class=\"kt-block-spacer kt-block-spacer-halign-center\"><hr class=\"kt-divider\"\/><\/div><\/div>\n\n\n\n<p><strong><a href=\"https:\/\/intranet.upjs.sk\/op\/op.Public.php?documentid=9241\" target=\"_blank\" aria-label=\"Doc. RNDr. Viera Fer\u00e1kov\u00e1, CSc. - 60 years (opens in a new tab)\" rel=\"noreferrer noopener\" class=\"ek-link\"><mark style=\"background-color:rgba(0, 0, 0, 0)\" class=\"has-inline-color has-zakladna-zlata-color\">Doc. RNDr. Viera Fer\u00e1kov\u00e1, CSc. &#8211; 60 years<\/mark><\/a><\/strong><\/p>\n\n\n\n<p><strong><a href=\"https:\/\/www.upjs.sk\/app\/uploads\/sites\/15\/2024\/03\/8_2_1998-Books-review_1.pdf\" target=\"_blank\" aria-label=\"Book reviews 1 (opens in a new tab)\" rel=\"noreferrer noopener\" class=\"ek-link\"><mark style=\"background-color:rgba(0, 0, 0, 0)\" class=\"has-inline-color has-zakladna-zlata-color\">Book reviews 1<\/mark><\/a><\/strong><br><strong><a href=\"https:\/\/intranet.upjs.sk\/op\/op.Public.php?documentid=9242\" target=\"_blank\" aria-label=\"Book reviews 2 (opens in a new tab)\" rel=\"noreferrer noopener\" class=\"ek-link\"><mark style=\"background-color:rgba(0, 0, 0, 0)\" class=\"has-inline-color has-zakladna-zlata-color\">Book reviews 2<\/mark><\/a><\/strong><\/p>\n\n\n\n<p><strong><a href=\"https:\/\/www.upjs.sk\/app\/uploads\/sites\/15\/2024\/03\/8-1998-Borgen-Announcing-a-test-and-trial-phase.pdf\" target=\"_blank\" aria-label=\"Announcing a test and trial phase for the registration of new plant names (opens in a new tab)\" rel=\"noreferrer noopener\" class=\"ek-link\"><mark style=\"background-color:rgba(0, 0, 0, 0)\" class=\"has-inline-color has-zakladna-zlata-color\">Announcing a test and trial phase for the registration of new plant names<\/mark><\/a><\/strong><\/p>\n\n\n\n<p><strong><a href=\"https:\/\/www.upjs.sk\/app\/uploads\/sites\/15\/2024\/03\/8_2_1998-Index-of-new-plant-names.pdf\" target=\"_blank\" aria-label=\"Index of new plant names and combinations published in this issue (opens in a new tab)\" rel=\"noreferrer noopener\" class=\"ek-link\"><mark style=\"background-color:rgba(0, 0, 0, 0)\" class=\"has-inline-color has-zakladna-zlata-color\">Index of new plant names and combinations published in this issue<\/mark><\/a><\/strong><\/p>\n","protected":false},"excerpt":{"rendered":"<p>THAISZIA \u2013 JOURNAL OF BOTANY vol. 8, 1998 \u2013 Contents Cover page 8\/1Cover page 8\/2 vol. 8\/1 editum 7 October 1998 vol. 8\/2 editum 11 December 1998 BA\u010cKOR M., HUD\u00c1K J., ZIEGLER W., BA\u010cKOROV\u00c1 M. (1998): Methods for isolationa and cultivation of the eukaryotic lichen photobionts \u2013 looking for a&nbsp;universal method. A&nbsp;review. \u2013 Thaiszia \u2013 &hellip; <a href=\"https:\/\/www.upjs.sk\/pracoviska\/botanicka-zahrada\/odborne-aktivity\/thaiszia-2\/volume-8-contents\/\">\u010c\u00edta\u0165 \u010falej<\/a><\/p>\n","protected":false},"author":1,"featured_media":0,"parent":15189,"menu_order":63,"comment_status":"closed","ping_status":"closed","template":"","meta":{"_acf_changed":false,"_editorskit_title_hidden":false,"_editorskit_reading_time":0,"_editorskit_is_block_options_detached":false,"_editorskit_block_options_position":"{}","footnotes":""},"categories":[],"tags":[],"class_list":["post-15280","page","type-page","status-publish","hentry"],"acf":{"acf_link_na_externy_obsah":""},"yoast_head":"<!-- This site is optimized with the Yoast SEO plugin v27.5 - https:\/\/yoast.com\/product\/yoast-seo-wordpress\/ -->\n<title>THAISZIA - JOURNAL OF BOTANY, Volume 8, 1998 - contents - Botanick\u00e1 z\u00e1hrada<\/title>\n<meta name=\"robots\" content=\"index, follow, max-snippet:-1, max-image-preview:large, max-video-preview:-1\" \/>\n<link rel=\"canonical\" href=\"https:\/\/www.upjs.sk\/pracoviska\/botanicka-zahrada\/odborne-aktivity\/thaiszia-2\/volume-8-contents\/\" \/>\n<meta property=\"og:locale\" content=\"sk_SK\" \/>\n<meta property=\"og:type\" content=\"article\" \/>\n<meta property=\"og:title\" content=\"THAISZIA - JOURNAL OF BOTANY, Volume 8, 1998 - contents - Botanick\u00e1 z\u00e1hrada\" \/>\n<meta property=\"og:description\" content=\"THAISZIA \u2013 JOURNAL OF BOTANY vol. 8, 1998 \u2013 Contents Cover page 8\/1Cover page 8\/2 vol. 8\/1 editum 7 October 1998 vol. 8\/2 editum 11 December 1998 BA\u010cKOR M., HUD\u00c1K J., ZIEGLER W., BA\u010cKOROV\u00c1 M. (1998): Methods for isolationa and cultivation of the eukaryotic lichen photobionts \u2013 looking for a&nbsp;universal method. A&nbsp;review. \u2013 Thaiszia \u2013 &hellip; \u010c\u00edta\u0165 \u010falej\" \/>\n<meta property=\"og:url\" content=\"https:\/\/www.upjs.sk\/pracoviska\/botanicka-zahrada\/odborne-aktivity\/thaiszia-2\/volume-8-contents\/\" \/>\n<meta property=\"og:site_name\" content=\"Botanick\u00e1 z\u00e1hrada\" \/>\n<meta property=\"article:modified_time\" content=\"2024-03-19T14:32:39+00:00\" \/>\n<meta name=\"twitter:card\" content=\"summary_large_image\" \/>\n<meta name=\"twitter:label1\" content=\"Predpokladan\u00fd \u010das \u010d\u00edtania\" \/>\n\t<meta name=\"twitter:data1\" content=\"4 min\u00faty\" \/>\n<script type=\"application\/ld+json\" class=\"yoast-schema-graph\">{\"@context\":\"https:\\\/\\\/schema.org\",\"@graph\":[{\"@type\":\"WebPage\",\"@id\":\"https:\\\/\\\/www.upjs.sk\\\/pracoviska\\\/botanicka-zahrada\\\/odborne-aktivity\\\/thaiszia-2\\\/volume-8-contents\\\/\",\"url\":\"https:\\\/\\\/www.upjs.sk\\\/pracoviska\\\/botanicka-zahrada\\\/odborne-aktivity\\\/thaiszia-2\\\/volume-8-contents\\\/\",\"name\":\"THAISZIA - JOURNAL OF BOTANY, Volume 8, 1998 - contents - Botanick\u00e1 z\u00e1hrada\",\"isPartOf\":{\"@id\":\"https:\\\/\\\/www.upjs.sk\\\/pracoviska\\\/botanicka-zahrada\\\/#website\"},\"datePublished\":\"2022-06-22T14:03:08+00:00\",\"dateModified\":\"2024-03-19T14:32:39+00:00\",\"breadcrumb\":{\"@id\":\"https:\\\/\\\/www.upjs.sk\\\/pracoviska\\\/botanicka-zahrada\\\/odborne-aktivity\\\/thaiszia-2\\\/volume-8-contents\\\/#breadcrumb\"},\"inLanguage\":\"sk-SK\",\"potentialAction\":[{\"@type\":\"ReadAction\",\"target\":[\"https:\\\/\\\/www.upjs.sk\\\/pracoviska\\\/botanicka-zahrada\\\/odborne-aktivity\\\/thaiszia-2\\\/volume-8-contents\\\/\"]}]},{\"@type\":\"BreadcrumbList\",\"@id\":\"https:\\\/\\\/www.upjs.sk\\\/pracoviska\\\/botanicka-zahrada\\\/odborne-aktivity\\\/thaiszia-2\\\/volume-8-contents\\\/#breadcrumb\",\"itemListElement\":[{\"@type\":\"ListItem\",\"position\":1,\"name\":\"Home\",\"item\":\"https:\\\/\\\/www.upjs.sk\\\/pracoviska\\\/botanicka-zahrada\\\/\"},{\"@type\":\"ListItem\",\"position\":2,\"name\":\"Odborn\u00e9 aktivity\",\"item\":\"https:\\\/\\\/www.upjs.sk\\\/pracoviska\\\/botanicka-zahrada\\\/odborne-aktivity\\\/\"},{\"@type\":\"ListItem\",\"position\":3,\"name\":\"Thaiszia \u2013 Journal of Botany\",\"item\":\"https:\\\/\\\/www.upjs.sk\\\/pracoviska\\\/botanicka-zahrada\\\/odborne-aktivity\\\/thaiszia-2\\\/\"},{\"@type\":\"ListItem\",\"position\":4,\"name\":\"THAISZIA &#8211; JOURNAL OF BOTANY, Volume 8, 1998 &#8211; contents\"}]},{\"@type\":\"WebSite\",\"@id\":\"https:\\\/\\\/www.upjs.sk\\\/pracoviska\\\/botanicka-zahrada\\\/#website\",\"url\":\"https:\\\/\\\/www.upjs.sk\\\/pracoviska\\\/botanicka-zahrada\\\/\",\"name\":\"Botanick\u00e1 z\u00e1hrada\",\"description\":\"\",\"publisher\":{\"@id\":\"https:\\\/\\\/www.upjs.sk\\\/pracoviska\\\/botanicka-zahrada\\\/#organization\"},\"potentialAction\":[{\"@type\":\"SearchAction\",\"target\":{\"@type\":\"EntryPoint\",\"urlTemplate\":\"https:\\\/\\\/www.upjs.sk\\\/pracoviska\\\/botanicka-zahrada\\\/?s={search_term_string}\"},\"query-input\":{\"@type\":\"PropertyValueSpecification\",\"valueRequired\":true,\"valueName\":\"search_term_string\"}}],\"inLanguage\":\"sk-SK\"},{\"@type\":\"Organization\",\"@id\":\"https:\\\/\\\/www.upjs.sk\\\/pracoviska\\\/botanicka-zahrada\\\/#organization\",\"name\":\"Botanick\u00e1 z\u00e1hrada\",\"url\":\"https:\\\/\\\/www.upjs.sk\\\/pracoviska\\\/botanicka-zahrada\\\/\",\"logo\":{\"@type\":\"ImageObject\",\"inLanguage\":\"sk-SK\",\"@id\":\"https:\\\/\\\/www.upjs.sk\\\/pracoviska\\\/botanicka-zahrada\\\/#\\\/schema\\\/logo\\\/image\\\/\",\"url\":\"https:\\\/\\\/www.upjs.sk\\\/app\\\/uploads\\\/sites\\\/15\\\/2023\\\/01\\\/BZ-2.svg\",\"contentUrl\":\"https:\\\/\\\/www.upjs.sk\\\/app\\\/uploads\\\/sites\\\/15\\\/2023\\\/01\\\/BZ-2.svg\",\"width\":500,\"height\":138,\"caption\":\"Botanick\u00e1 z\u00e1hrada\"},\"image\":{\"@id\":\"https:\\\/\\\/www.upjs.sk\\\/pracoviska\\\/botanicka-zahrada\\\/#\\\/schema\\\/logo\\\/image\\\/\"}}]}<\/script>\n<!-- \/ Yoast SEO plugin. -->","yoast_head_json":{"title":"THAISZIA - JOURNAL OF BOTANY, Volume 8, 1998 - contents - Botanick\u00e1 z\u00e1hrada","robots":{"index":"index","follow":"follow","max-snippet":"max-snippet:-1","max-image-preview":"max-image-preview:large","max-video-preview":"max-video-preview:-1"},"canonical":"https:\/\/www.upjs.sk\/pracoviska\/botanicka-zahrada\/odborne-aktivity\/thaiszia-2\/volume-8-contents\/","og_locale":"sk_SK","og_type":"article","og_title":"THAISZIA - JOURNAL OF BOTANY, Volume 8, 1998 - contents - Botanick\u00e1 z\u00e1hrada","og_description":"THAISZIA \u2013 JOURNAL OF BOTANY vol. 8, 1998 \u2013 Contents Cover page 8\/1Cover page 8\/2 vol. 8\/1 editum 7 October 1998 vol. 8\/2 editum 11 December 1998 BA\u010cKOR M., HUD\u00c1K J., ZIEGLER W., BA\u010cKOROV\u00c1 M. (1998): Methods for isolationa and cultivation of the eukaryotic lichen photobionts \u2013 looking for a&nbsp;universal method. A&nbsp;review. \u2013 Thaiszia \u2013 &hellip; \u010c\u00edta\u0165 \u010falej","og_url":"https:\/\/www.upjs.sk\/pracoviska\/botanicka-zahrada\/odborne-aktivity\/thaiszia-2\/volume-8-contents\/","og_site_name":"Botanick\u00e1 z\u00e1hrada","article_modified_time":"2024-03-19T14:32:39+00:00","twitter_card":"summary_large_image","twitter_misc":{"Predpokladan\u00fd \u010das \u010d\u00edtania":"4 min\u00faty"},"schema":{"@context":"https:\/\/schema.org","@graph":[{"@type":"WebPage","@id":"https:\/\/www.upjs.sk\/pracoviska\/botanicka-zahrada\/odborne-aktivity\/thaiszia-2\/volume-8-contents\/","url":"https:\/\/www.upjs.sk\/pracoviska\/botanicka-zahrada\/odborne-aktivity\/thaiszia-2\/volume-8-contents\/","name":"THAISZIA - JOURNAL OF BOTANY, Volume 8, 1998 - contents - Botanick\u00e1 z\u00e1hrada","isPartOf":{"@id":"https:\/\/www.upjs.sk\/pracoviska\/botanicka-zahrada\/#website"},"datePublished":"2022-06-22T14:03:08+00:00","dateModified":"2024-03-19T14:32:39+00:00","breadcrumb":{"@id":"https:\/\/www.upjs.sk\/pracoviska\/botanicka-zahrada\/odborne-aktivity\/thaiszia-2\/volume-8-contents\/#breadcrumb"},"inLanguage":"sk-SK","potentialAction":[{"@type":"ReadAction","target":["https:\/\/www.upjs.sk\/pracoviska\/botanicka-zahrada\/odborne-aktivity\/thaiszia-2\/volume-8-contents\/"]}]},{"@type":"BreadcrumbList","@id":"https:\/\/www.upjs.sk\/pracoviska\/botanicka-zahrada\/odborne-aktivity\/thaiszia-2\/volume-8-contents\/#breadcrumb","itemListElement":[{"@type":"ListItem","position":1,"name":"Home","item":"https:\/\/www.upjs.sk\/pracoviska\/botanicka-zahrada\/"},{"@type":"ListItem","position":2,"name":"Odborn\u00e9 aktivity","item":"https:\/\/www.upjs.sk\/pracoviska\/botanicka-zahrada\/odborne-aktivity\/"},{"@type":"ListItem","position":3,"name":"Thaiszia \u2013 Journal of Botany","item":"https:\/\/www.upjs.sk\/pracoviska\/botanicka-zahrada\/odborne-aktivity\/thaiszia-2\/"},{"@type":"ListItem","position":4,"name":"THAISZIA &#8211; JOURNAL OF BOTANY, Volume 8, 1998 &#8211; contents"}]},{"@type":"WebSite","@id":"https:\/\/www.upjs.sk\/pracoviska\/botanicka-zahrada\/#website","url":"https:\/\/www.upjs.sk\/pracoviska\/botanicka-zahrada\/","name":"Botanick\u00e1 z\u00e1hrada","description":"","publisher":{"@id":"https:\/\/www.upjs.sk\/pracoviska\/botanicka-zahrada\/#organization"},"potentialAction":[{"@type":"SearchAction","target":{"@type":"EntryPoint","urlTemplate":"https:\/\/www.upjs.sk\/pracoviska\/botanicka-zahrada\/?s={search_term_string}"},"query-input":{"@type":"PropertyValueSpecification","valueRequired":true,"valueName":"search_term_string"}}],"inLanguage":"sk-SK"},{"@type":"Organization","@id":"https:\/\/www.upjs.sk\/pracoviska\/botanicka-zahrada\/#organization","name":"Botanick\u00e1 z\u00e1hrada","url":"https:\/\/www.upjs.sk\/pracoviska\/botanicka-zahrada\/","logo":{"@type":"ImageObject","inLanguage":"sk-SK","@id":"https:\/\/www.upjs.sk\/pracoviska\/botanicka-zahrada\/#\/schema\/logo\/image\/","url":"https:\/\/www.upjs.sk\/app\/uploads\/sites\/15\/2023\/01\/BZ-2.svg","contentUrl":"https:\/\/www.upjs.sk\/app\/uploads\/sites\/15\/2023\/01\/BZ-2.svg","width":500,"height":138,"caption":"Botanick\u00e1 z\u00e1hrada"},"image":{"@id":"https:\/\/www.upjs.sk\/pracoviska\/botanicka-zahrada\/#\/schema\/logo\/image\/"}}]}},"_links":{"self":[{"href":"https:\/\/www.upjs.sk\/pracoviska\/botanicka-zahrada\/wp-json\/wp\/v2\/pages\/15280","targetHints":{"allow":["GET"]}}],"collection":[{"href":"https:\/\/www.upjs.sk\/pracoviska\/botanicka-zahrada\/wp-json\/wp\/v2\/pages"}],"about":[{"href":"https:\/\/www.upjs.sk\/pracoviska\/botanicka-zahrada\/wp-json\/wp\/v2\/types\/page"}],"author":[{"embeddable":true,"href":"https:\/\/www.upjs.sk\/pracoviska\/botanicka-zahrada\/wp-json\/wp\/v2\/users\/1"}],"replies":[{"embeddable":true,"href":"https:\/\/www.upjs.sk\/pracoviska\/botanicka-zahrada\/wp-json\/wp\/v2\/comments?post=15280"}],"version-history":[{"count":6,"href":"https:\/\/www.upjs.sk\/pracoviska\/botanicka-zahrada\/wp-json\/wp\/v2\/pages\/15280\/revisions"}],"predecessor-version":[{"id":21929,"href":"https:\/\/www.upjs.sk\/pracoviska\/botanicka-zahrada\/wp-json\/wp\/v2\/pages\/15280\/revisions\/21929"}],"up":[{"embeddable":true,"href":"https:\/\/www.upjs.sk\/pracoviska\/botanicka-zahrada\/wp-json\/wp\/v2\/pages\/15189"}],"wp:attachment":[{"href":"https:\/\/www.upjs.sk\/pracoviska\/botanicka-zahrada\/wp-json\/wp\/v2\/media?parent=15280"}],"wp:term":[{"taxonomy":"category","embeddable":true,"href":"https:\/\/www.upjs.sk\/pracoviska\/botanicka-zahrada\/wp-json\/wp\/v2\/categories?post=15280"},{"taxonomy":"post_tag","embeddable":true,"href":"https:\/\/www.upjs.sk\/pracoviska\/botanicka-zahrada\/wp-json\/wp\/v2\/tags?post=15280"}],"curies":[{"name":"wp","href":"https:\/\/api.w.org\/{rel}","templated":true}]}}