{"id":15283,"date":"2022-06-22T14:03:08","date_gmt":"2022-06-22T14:03:08","guid":{"rendered":"https:\/\/www.upjs.sk\/pracoviska\/botanicka-zahrada\/root\/odborne-aktivity\/volume-6-contents\/"},"modified":"2024-02-28T10:42:18","modified_gmt":"2024-02-28T10:42:18","slug":"volume-6-contents","status":"publish","type":"page","link":"https:\/\/www.upjs.sk\/pracoviska\/botanicka-zahrada\/odborne-aktivity\/thaiszia-2\/volume-6-contents\/","title":{"rendered":"THAISZIA &#8211; JOURNAL OF BOTANY, Volume 6, 1996 &#8211; contents"},"content":{"rendered":"\n<p><strong>THAISZIA \u2013 JOURNAL OF BOTANY<br>vol. 6, 1996 \u2013 Contents<br>vol. 6\/1-2 editum 22 January 1997<\/strong><\/p>\n\n\n\n<p><strong><a href=\"https:\/\/www.upjs.sk\/app\/uploads\/sites\/15\/2024\/02\/Cover-page-6_1996_full-with-errata.pdf\" target=\"_blank\" aria-label=\"Cover page with errata (opens in a new tab)\" rel=\"noreferrer noopener\" class=\"ek-link\"><mark style=\"background-color:rgba(0, 0, 0, 0)\" class=\"has-inline-color has-zakladna-zlata-color\">Cover page with errata<\/mark><\/a><\/strong><\/p>\n\n\n\n<p><strong>MIKOL\u00c1\u0160 V.(1996):<\/strong> Sorbus dolomiticola MIKOL\u00c1S, a new hybridogenous species of the genus Sorbus s. l. from eastern Slovakia. &#8211; Thaiszia &#8211; J. Bot., Ko\u0161ice, 6: 1-12. \u2013 ISSN 1210-0420.<br><a href=\"\/public\/media\/5554\/thaiszia-6-01-12-1996-mikolas.pdf\" target=\"_blank\" rel=\"noopener\">full text<\/a><br><strong>KOVANDA M. (1996):<\/strong> Endangered names in Sorbus. &#8211; Thaiszia &#8211; J. Bot., Ko\u0161ice, 6: 13-14. \u2013 ISSN 1210-0420.<br><a href=\"\/public\/media\/5554\/thaiszia-6-13-14-1996-kovanda.pdf\" target=\"_blank\" rel=\"noopener\">full text<\/a><br><strong>KOVANDA M. (1996):<\/strong> Sorbus sudetica, a nomenclatural note. &#8211; Thaiszia &#8211; J. Bot., Ko\u0161ice, 6: 15-16. \u2013 ISSN 1210-0420.<br><a href=\"\/public\/media\/5554\/thaiszia-6-15-16-1996-kovanda.pdf\" target=\"_blank\" rel=\"noopener\">full text<\/a><br><strong>MERCEL F. (1996):<\/strong> Imperfection and variation in sexually dimorphic Rhamnus. &#8211; Thaiszia &#8211; J. Bot., Ko\u0161ice, 6: 17-23. \u2013 ISSN 1210-0420.<br><a href=\"\/public\/media\/5554\/thaiszia-6-17-23-1996-mercel.pdf\" target=\"_blank\" rel=\"noopener\">full text<\/a><br><strong>M\u00c1RTONFI P. &amp; M\u00c1RTONFIOV\u00c1 L. (1996):<\/strong> Thymus chromosome numbers from Carpathians and Pannonia. &#8211; Thaiszia &#8211; J. Bot., Ko\u0161ice,\u00a0 6: 25-38, 1996. \u2013 ISSN 1210-0420.<br><a href=\"\/public\/media\/5554\/thaiszia-6-25-38-1996-martonfi.pdf\" target=\"_blank\" rel=\"noopener\">full text<\/a><br><strong>M\u00c1RTONFI P., GREJTOVSK\u00dd A. &amp; REP\u010c\u00c1K M. (1996):<\/strong> Soil chemistry of Thymus species stands in Carpathians and Pannonia. &#8211; Thaiszia &#8211; J. Bot., Ko\u0161ice, 6: 39-48. \u2013 ISSN 1210-0420.<br><a href=\"\/public\/media\/5554\/thaiszia-6-39-48-1996-martonfi.pdf\" target=\"_blank\" rel=\"noopener\">full text<\/a><br><strong>MELNIK V. (1996):<\/strong> Distribution and plant communities of Daphne cneorum and Daphne sophia in Ukraine. &#8211; Thaiszia &#8211; J. Bot., Ko\u0161ice, 6: 49-66. \u2013 ISSN 1210-0420.<br><a href=\"\/public\/media\/5554\/thaiszia-6-49-66-1996-melnik.pdf\" target=\"_blank\" rel=\"noopener\">full text<\/a><br><strong>KOLBEK J. et VALACHOVI\u010c M. (1996):<\/strong> Plant communities on walls in North Korea: a preliminary report. &#8211; Thaiszia &#8211; J. Bot., Ko\u0161ice, 6: 67-75. \u2013 ISSN 1210-0420.<br><a href=\"\/public\/media\/5554\/thaiszia-6-67-75-1996-kolbek.pdf\" target=\"_blank\" rel=\"noopener\">full text<\/a><br><strong>NAGY M. &amp; PAPP M. (1996):<\/strong> Studies on vegetation in Csereh\u00e1t (North Hungary). &#8211; Thaiszia &#8211; J. Bot., Ko\u0161ice, 6: 77-87. \u2013 ISSN 1210-0420.<br><a href=\"\/public\/media\/5554\/thaiszia-6-77-87-1996-nagy.pdf\" target=\"_blank\" rel=\"noopener\">full text<\/a><\/p>\n\n\n<style>.wp-block-kadence-spacer.kt-block-spacer-15283_86e6e7-3c .kt-block-spacer{height:6px;}.wp-block-kadence-spacer.kt-block-spacer-15283_86e6e7-3c .kt-divider{border-top-width:1px;height:1px;border-top-color:#eee;width:100%;border-top-style:solid;}<\/style>\n<div class=\"wp-block-kadence-spacer aligncenter kt-block-spacer-15283_86e6e7-3c\"><div class=\"kt-block-spacer kt-block-spacer-halign-center\"><hr class=\"kt-divider\"\/><\/div><\/div>\n\n\n\n<p><strong><a href=\"https:\/\/intranet.upjs.sk\/op\/op.Public.php?documentid=9193\" target=\"_blank\" aria-label=\"Book reviews and books received (opens in a new tab)\" rel=\"noreferrer noopener\" class=\"ek-link\"><mark style=\"background-color:rgba(0, 0, 0, 0)\" class=\"has-inline-color has-zakladna-zlata-color\">Book reviews and books received<\/mark><\/a><\/strong><\/p>\n","protected":false},"excerpt":{"rendered":"<p>THAISZIA \u2013 JOURNAL OF BOTANYvol. 6, 1996 \u2013 Contentsvol. 6\/1-2 editum 22 January 1997 Cover page with errata MIKOL\u00c1\u0160 V.(1996): Sorbus dolomiticola MIKOL\u00c1S, a new hybridogenous species of the genus Sorbus s. l. from eastern Slovakia. &#8211; Thaiszia &#8211; J. Bot., Ko\u0161ice, 6: 1-12. \u2013 ISSN 1210-0420.full textKOVANDA M. (1996): Endangered names in Sorbus. &#8211; &hellip; <a href=\"https:\/\/www.upjs.sk\/pracoviska\/botanicka-zahrada\/odborne-aktivity\/thaiszia-2\/volume-6-contents\/\">\u010c\u00edta\u0165 \u010falej<\/a><\/p>\n","protected":false},"author":1,"featured_media":0,"parent":15189,"menu_order":68,"comment_status":"closed","ping_status":"closed","template":"","meta":{"_acf_changed":false,"_editorskit_title_hidden":false,"_editorskit_reading_time":0,"_editorskit_is_block_options_detached":false,"_editorskit_block_options_position":"{}","footnotes":""},"categories":[],"tags":[],"class_list":["post-15283","page","type-page","status-publish","hentry"],"acf":{"acf_link_na_externy_obsah":""},"yoast_head":"<!-- This site is optimized with the Yoast SEO plugin v27.2 - https:\/\/yoast.com\/product\/yoast-seo-wordpress\/ -->\n<title>THAISZIA - JOURNAL OF BOTANY, Volume 6, 1996 - contents - Botanick\u00e1 z\u00e1hrada<\/title>\n<meta name=\"robots\" content=\"index, follow, max-snippet:-1, max-image-preview:large, max-video-preview:-1\" \/>\n<link rel=\"canonical\" href=\"https:\/\/www.upjs.sk\/pracoviska\/botanicka-zahrada\/odborne-aktivity\/thaiszia-2\/volume-6-contents\/\" \/>\n<meta property=\"og:locale\" content=\"sk_SK\" \/>\n<meta property=\"og:type\" content=\"article\" \/>\n<meta property=\"og:title\" content=\"THAISZIA - JOURNAL OF BOTANY, Volume 6, 1996 - contents - Botanick\u00e1 z\u00e1hrada\" \/>\n<meta property=\"og:description\" content=\"THAISZIA \u2013 JOURNAL OF BOTANYvol. 6, 1996 \u2013 Contentsvol. 6\/1-2 editum 22 January 1997 Cover page with errata MIKOL\u00c1\u0160 V.(1996): Sorbus dolomiticola MIKOL\u00c1S, a new hybridogenous species of the genus Sorbus s. l. from eastern Slovakia. &#8211; Thaiszia &#8211; J. Bot., Ko\u0161ice, 6: 1-12. \u2013 ISSN 1210-0420.full textKOVANDA M. (1996): Endangered names in Sorbus. &#8211; &hellip; \u010c\u00edta\u0165 \u010falej\" \/>\n<meta property=\"og:url\" content=\"https:\/\/www.upjs.sk\/pracoviska\/botanicka-zahrada\/odborne-aktivity\/thaiszia-2\/volume-6-contents\/\" \/>\n<meta property=\"og:site_name\" content=\"Botanick\u00e1 z\u00e1hrada\" \/>\n<meta property=\"article:modified_time\" content=\"2024-02-28T10:42:18+00:00\" \/>\n<meta name=\"twitter:card\" content=\"summary_large_image\" \/>\n<meta name=\"twitter:label1\" content=\"Predpokladan\u00fd \u010das \u010d\u00edtania\" \/>\n\t<meta name=\"twitter:data1\" content=\"2 min\u00faty\" \/>\n<script type=\"application\/ld+json\" class=\"yoast-schema-graph\">{\"@context\":\"https:\/\/schema.org\",\"@graph\":[{\"@type\":\"WebPage\",\"@id\":\"https:\/\/www.upjs.sk\/pracoviska\/botanicka-zahrada\/odborne-aktivity\/thaiszia-2\/volume-6-contents\/\",\"url\":\"https:\/\/www.upjs.sk\/pracoviska\/botanicka-zahrada\/odborne-aktivity\/thaiszia-2\/volume-6-contents\/\",\"name\":\"THAISZIA - JOURNAL OF BOTANY, Volume 6, 1996 - contents - Botanick\u00e1 z\u00e1hrada\",\"isPartOf\":{\"@id\":\"https:\/\/www.upjs.sk\/pracoviska\/botanicka-zahrada\/#website\"},\"datePublished\":\"2022-06-22T14:03:08+00:00\",\"dateModified\":\"2024-02-28T10:42:18+00:00\",\"breadcrumb\":{\"@id\":\"https:\/\/www.upjs.sk\/pracoviska\/botanicka-zahrada\/odborne-aktivity\/thaiszia-2\/volume-6-contents\/#breadcrumb\"},\"inLanguage\":\"sk-SK\",\"potentialAction\":[{\"@type\":\"ReadAction\",\"target\":[\"https:\/\/www.upjs.sk\/pracoviska\/botanicka-zahrada\/odborne-aktivity\/thaiszia-2\/volume-6-contents\/\"]}]},{\"@type\":\"BreadcrumbList\",\"@id\":\"https:\/\/www.upjs.sk\/pracoviska\/botanicka-zahrada\/odborne-aktivity\/thaiszia-2\/volume-6-contents\/#breadcrumb\",\"itemListElement\":[{\"@type\":\"ListItem\",\"position\":1,\"name\":\"Home\",\"item\":\"https:\/\/www.upjs.sk\/pracoviska\/botanicka-zahrada\/\"},{\"@type\":\"ListItem\",\"position\":2,\"name\":\"Odborn\u00e9 aktivity\",\"item\":\"https:\/\/www.upjs.sk\/pracoviska\/botanicka-zahrada\/odborne-aktivity\/\"},{\"@type\":\"ListItem\",\"position\":3,\"name\":\"Thaiszia \u2013 Journal of Botany\",\"item\":\"https:\/\/www.upjs.sk\/pracoviska\/botanicka-zahrada\/odborne-aktivity\/thaiszia-2\/\"},{\"@type\":\"ListItem\",\"position\":4,\"name\":\"THAISZIA &#8211; JOURNAL OF BOTANY, Volume 6, 1996 &#8211; contents\"}]},{\"@type\":\"WebSite\",\"@id\":\"https:\/\/www.upjs.sk\/pracoviska\/botanicka-zahrada\/#website\",\"url\":\"https:\/\/www.upjs.sk\/pracoviska\/botanicka-zahrada\/\",\"name\":\"Botanick\u00e1 z\u00e1hrada\",\"description\":\"\",\"publisher\":{\"@id\":\"https:\/\/www.upjs.sk\/pracoviska\/botanicka-zahrada\/#organization\"},\"potentialAction\":[{\"@type\":\"SearchAction\",\"target\":{\"@type\":\"EntryPoint\",\"urlTemplate\":\"https:\/\/www.upjs.sk\/pracoviska\/botanicka-zahrada\/?s={search_term_string}\"},\"query-input\":{\"@type\":\"PropertyValueSpecification\",\"valueRequired\":true,\"valueName\":\"search_term_string\"}}],\"inLanguage\":\"sk-SK\"},{\"@type\":\"Organization\",\"@id\":\"https:\/\/www.upjs.sk\/pracoviska\/botanicka-zahrada\/#organization\",\"name\":\"Botanick\u00e1 z\u00e1hrada\",\"url\":\"https:\/\/www.upjs.sk\/pracoviska\/botanicka-zahrada\/\",\"logo\":{\"@type\":\"ImageObject\",\"inLanguage\":\"sk-SK\",\"@id\":\"https:\/\/www.upjs.sk\/pracoviska\/botanicka-zahrada\/#\/schema\/logo\/image\/\",\"url\":\"https:\/\/www.upjs.sk\/app\/uploads\/sites\/15\/2023\/01\/BZ-2.svg\",\"contentUrl\":\"https:\/\/www.upjs.sk\/app\/uploads\/sites\/15\/2023\/01\/BZ-2.svg\",\"width\":500,\"height\":138,\"caption\":\"Botanick\u00e1 z\u00e1hrada\"},\"image\":{\"@id\":\"https:\/\/www.upjs.sk\/pracoviska\/botanicka-zahrada\/#\/schema\/logo\/image\/\"}}]}<\/script>\n<!-- \/ Yoast SEO plugin. -->","yoast_head_json":{"title":"THAISZIA - JOURNAL OF BOTANY, Volume 6, 1996 - contents - Botanick\u00e1 z\u00e1hrada","robots":{"index":"index","follow":"follow","max-snippet":"max-snippet:-1","max-image-preview":"max-image-preview:large","max-video-preview":"max-video-preview:-1"},"canonical":"https:\/\/www.upjs.sk\/pracoviska\/botanicka-zahrada\/odborne-aktivity\/thaiszia-2\/volume-6-contents\/","og_locale":"sk_SK","og_type":"article","og_title":"THAISZIA - JOURNAL OF BOTANY, Volume 6, 1996 - contents - Botanick\u00e1 z\u00e1hrada","og_description":"THAISZIA \u2013 JOURNAL OF BOTANYvol. 6, 1996 \u2013 Contentsvol. 6\/1-2 editum 22 January 1997 Cover page with errata MIKOL\u00c1\u0160 V.(1996): Sorbus dolomiticola MIKOL\u00c1S, a new hybridogenous species of the genus Sorbus s. l. from eastern Slovakia. &#8211; Thaiszia &#8211; J. Bot., Ko\u0161ice, 6: 1-12. \u2013 ISSN 1210-0420.full textKOVANDA M. (1996): Endangered names in Sorbus. &#8211; &hellip; \u010c\u00edta\u0165 \u010falej","og_url":"https:\/\/www.upjs.sk\/pracoviska\/botanicka-zahrada\/odborne-aktivity\/thaiszia-2\/volume-6-contents\/","og_site_name":"Botanick\u00e1 z\u00e1hrada","article_modified_time":"2024-02-28T10:42:18+00:00","twitter_card":"summary_large_image","twitter_misc":{"Predpokladan\u00fd \u010das \u010d\u00edtania":"2 min\u00faty"},"schema":{"@context":"https:\/\/schema.org","@graph":[{"@type":"WebPage","@id":"https:\/\/www.upjs.sk\/pracoviska\/botanicka-zahrada\/odborne-aktivity\/thaiszia-2\/volume-6-contents\/","url":"https:\/\/www.upjs.sk\/pracoviska\/botanicka-zahrada\/odborne-aktivity\/thaiszia-2\/volume-6-contents\/","name":"THAISZIA - JOURNAL OF BOTANY, Volume 6, 1996 - contents - Botanick\u00e1 z\u00e1hrada","isPartOf":{"@id":"https:\/\/www.upjs.sk\/pracoviska\/botanicka-zahrada\/#website"},"datePublished":"2022-06-22T14:03:08+00:00","dateModified":"2024-02-28T10:42:18+00:00","breadcrumb":{"@id":"https:\/\/www.upjs.sk\/pracoviska\/botanicka-zahrada\/odborne-aktivity\/thaiszia-2\/volume-6-contents\/#breadcrumb"},"inLanguage":"sk-SK","potentialAction":[{"@type":"ReadAction","target":["https:\/\/www.upjs.sk\/pracoviska\/botanicka-zahrada\/odborne-aktivity\/thaiszia-2\/volume-6-contents\/"]}]},{"@type":"BreadcrumbList","@id":"https:\/\/www.upjs.sk\/pracoviska\/botanicka-zahrada\/odborne-aktivity\/thaiszia-2\/volume-6-contents\/#breadcrumb","itemListElement":[{"@type":"ListItem","position":1,"name":"Home","item":"https:\/\/www.upjs.sk\/pracoviska\/botanicka-zahrada\/"},{"@type":"ListItem","position":2,"name":"Odborn\u00e9 aktivity","item":"https:\/\/www.upjs.sk\/pracoviska\/botanicka-zahrada\/odborne-aktivity\/"},{"@type":"ListItem","position":3,"name":"Thaiszia \u2013 Journal of Botany","item":"https:\/\/www.upjs.sk\/pracoviska\/botanicka-zahrada\/odborne-aktivity\/thaiszia-2\/"},{"@type":"ListItem","position":4,"name":"THAISZIA &#8211; JOURNAL OF BOTANY, Volume 6, 1996 &#8211; contents"}]},{"@type":"WebSite","@id":"https:\/\/www.upjs.sk\/pracoviska\/botanicka-zahrada\/#website","url":"https:\/\/www.upjs.sk\/pracoviska\/botanicka-zahrada\/","name":"Botanick\u00e1 z\u00e1hrada","description":"","publisher":{"@id":"https:\/\/www.upjs.sk\/pracoviska\/botanicka-zahrada\/#organization"},"potentialAction":[{"@type":"SearchAction","target":{"@type":"EntryPoint","urlTemplate":"https:\/\/www.upjs.sk\/pracoviska\/botanicka-zahrada\/?s={search_term_string}"},"query-input":{"@type":"PropertyValueSpecification","valueRequired":true,"valueName":"search_term_string"}}],"inLanguage":"sk-SK"},{"@type":"Organization","@id":"https:\/\/www.upjs.sk\/pracoviska\/botanicka-zahrada\/#organization","name":"Botanick\u00e1 z\u00e1hrada","url":"https:\/\/www.upjs.sk\/pracoviska\/botanicka-zahrada\/","logo":{"@type":"ImageObject","inLanguage":"sk-SK","@id":"https:\/\/www.upjs.sk\/pracoviska\/botanicka-zahrada\/#\/schema\/logo\/image\/","url":"https:\/\/www.upjs.sk\/app\/uploads\/sites\/15\/2023\/01\/BZ-2.svg","contentUrl":"https:\/\/www.upjs.sk\/app\/uploads\/sites\/15\/2023\/01\/BZ-2.svg","width":500,"height":138,"caption":"Botanick\u00e1 z\u00e1hrada"},"image":{"@id":"https:\/\/www.upjs.sk\/pracoviska\/botanicka-zahrada\/#\/schema\/logo\/image\/"}}]}},"_links":{"self":[{"href":"https:\/\/www.upjs.sk\/pracoviska\/botanicka-zahrada\/wp-json\/wp\/v2\/pages\/15283","targetHints":{"allow":["GET"]}}],"collection":[{"href":"https:\/\/www.upjs.sk\/pracoviska\/botanicka-zahrada\/wp-json\/wp\/v2\/pages"}],"about":[{"href":"https:\/\/www.upjs.sk\/pracoviska\/botanicka-zahrada\/wp-json\/wp\/v2\/types\/page"}],"author":[{"embeddable":true,"href":"https:\/\/www.upjs.sk\/pracoviska\/botanicka-zahrada\/wp-json\/wp\/v2\/users\/1"}],"replies":[{"embeddable":true,"href":"https:\/\/www.upjs.sk\/pracoviska\/botanicka-zahrada\/wp-json\/wp\/v2\/comments?post=15283"}],"version-history":[{"count":3,"href":"https:\/\/www.upjs.sk\/pracoviska\/botanicka-zahrada\/wp-json\/wp\/v2\/pages\/15283\/revisions"}],"predecessor-version":[{"id":21889,"href":"https:\/\/www.upjs.sk\/pracoviska\/botanicka-zahrada\/wp-json\/wp\/v2\/pages\/15283\/revisions\/21889"}],"up":[{"embeddable":true,"href":"https:\/\/www.upjs.sk\/pracoviska\/botanicka-zahrada\/wp-json\/wp\/v2\/pages\/15189"}],"wp:attachment":[{"href":"https:\/\/www.upjs.sk\/pracoviska\/botanicka-zahrada\/wp-json\/wp\/v2\/media?parent=15283"}],"wp:term":[{"taxonomy":"category","embeddable":true,"href":"https:\/\/www.upjs.sk\/pracoviska\/botanicka-zahrada\/wp-json\/wp\/v2\/categories?post=15283"},{"taxonomy":"post_tag","embeddable":true,"href":"https:\/\/www.upjs.sk\/pracoviska\/botanicka-zahrada\/wp-json\/wp\/v2\/tags?post=15283"}],"curies":[{"name":"wp","href":"https:\/\/api.w.org\/{rel}","templated":true}]}}